{"id":519,"date":"2021-03-24T20:48:22","date_gmt":"2021-03-24T19:48:22","guid":{"rendered":"https:\/\/innovexalgerie.com\/machines2\/?post_type=product&#038;p=519"},"modified":"2022-05-19T11:49:15","modified_gmt":"2022-05-19T10:49:15","slug":"convoyeur-a-bande-motorisee-tc2m-vr","status":"publish","type":"product","link":"https:\/\/innovexalgerie.com\/machines\/produit\/convoyeur-a-bande-motorisee-tc2m-vr\/","title":{"rendered":"Convoyeur \u00e0 bande motoris\u00e9e TC2M-VR"},"content":{"rendered":"<p>Convoyeur \u00e0 bande <strong>TC2M-VR<\/strong> droit motoris\u00e9 \u00e0 vitesse variable il est r\u00e9glable avec des guides lat\u00e9raux, et est utilis\u00e9 pour r\u00e9pondre \u00e0 votre besoin de transport de charges dans une ligne de production ou d&#8217;emballage, con\u00e7u pour le d\u00e9placement d&rsquo;objets et charges unitaires ou group\u00e9es. L\u2019encombrement a \u00e9t\u00e9 diminu\u00e9 gr\u00e2ce \u00e0 un entra\u00eenement par un rouleau motoris\u00e9 en extr\u00e9mit\u00e9.<\/p>\n<ul>\n<li>Convoyeur motoris\u00e9 de vitesse variable et r\u00e9glable par un variateur de marque Schneider.<\/li>\n<li>Deux guides lat\u00e9raux pour une largeur r\u00e9glable.<\/li>\n<li>Table r\u00e9glable en hauteur.<\/li>\n<li>Convoyeur silencieux dot\u00e9 de ch\u00e2ssis lisse sans bords tranchants.<\/li>\n<li>Bouton arr\u00eat d\u2019urgence.<\/li>\n<\/ul>\n<p><strong>Options:<\/strong><\/p>\n<ul>\n<li>Adaptation intelligente avec une cha\u00eene de production.<\/li>\n<li>D\u00e9tecteur de m\u00e9taux.<\/li>\n<\/ul>\n","protected":false},"excerpt":{"rendered":"<p>Convoyeur \u00e0 bande droit motoris\u00e9 \u00e0 vitesse variable, il est r\u00e9glable avec des guides lat\u00e9raux il est utilis\u00e9 pour r\u00e9pondre \u00e0 votre besoin de transport de charges dans une ligne de production ou d&#8217;emballage, sa longueur varie de 2 m\u00e8tres.<img loading=\"lazy\" decoding=\"async\" class=\"alignnone size-full wp-image-30426\" src=\"https:\/\/innovexalgerie.com\/machines\/wp-content\/uploads\/2021\/03\/icon-convoyeur-a-bande-tc2m-vr-innovex-machine.jpg\" alt=\"icon-convoyeur-a-bande-tc2m-vr-innovex-machine\" width=\"894\" height=\"196\" srcset=\"https:\/\/innovexalgerie.com\/machines\/wp-content\/uploads\/2021\/03\/icon-convoyeur-a-bande-tc2m-vr-innovex-machine.jpg 894w, https:\/\/innovexalgerie.com\/machines\/wp-content\/uploads\/2021\/03\/icon-convoyeur-a-bande-tc2m-vr-innovex-machine-300x66.jpg 300w, https:\/\/innovexalgerie.com\/machines\/wp-content\/uploads\/2021\/03\/icon-convoyeur-a-bande-tc2m-vr-innovex-machine-768x168.jpg 768w, https:\/\/innovexalgerie.com\/machines\/wp-content\/uploads\/2021\/03\/icon-convoyeur-a-bande-tc2m-vr-innovex-machine-600x132.jpg 600w\" sizes=\"auto, (max-width: 894px) 100vw, 894px\" \/><\/p>\n","protected":false},"featured_media":609,"template":"","meta":{"_monsterinsights_skip_tracking":false,"_monsterinsights_sitenote_active":false,"_monsterinsights_sitenote_note":"","_monsterinsights_sitenote_category":0},"product_cat":[162],"product_tag":[163,171,164,165,166,173],"class_list":["post-519","product","type-product","status-publish","has-post-thumbnail","hentry","product_cat-convoyeurs","product_tag-convoyeur","product_tag-convoyeur-a-bande","product_tag-convoyor","product_tag-transporter","product_tag-trasporteur","product_tag-vitesse-variable"],"yoast_head":"<!-- This site is optimized with the Yoast SEO Premium plugin v16.2 (Yoast SEO v16.7) - https:\/\/yoast.com\/wordpress\/plugins\/seo\/ -->\n<title>Convoyeur \u00e0 bande motoris\u00e9e TC2M-VR - Innovex Machines | Innovex Algerie<\/title>\n<meta name=\"description\" content=\"Convoyeur \u00e0 bande droit motoris\u00e9 \u00e0 vitesse variable, il est r\u00e9glable avec des guides lat\u00e9raux sa longueur varie de 2 m\u00e8tres.\" \/>\n<meta name=\"robots\" content=\"index, follow, max-snippet:-1, max-image-preview:large, max-video-preview:-1\" \/>\n<link rel=\"canonical\" href=\"https:\/\/innovexalgerie.com\/machines\/produit\/convoyeur-a-bande-motorisee-tc2m-vr\/\" \/>\n<meta property=\"og:locale\" content=\"fr_FR\" \/>\n<meta property=\"og:type\" content=\"article\" \/>\n<meta property=\"og:title\" content=\"Convoyeur \u00e0 bande motoris\u00e9e TC2M-VR - Innovex Machines | Innovex Algerie\" \/>\n<meta property=\"og:description\" content=\"Convoyeur \u00e0 bande droit motoris\u00e9 \u00e0 vitesse variable, il est r\u00e9glable avec des guides lat\u00e9raux sa longueur varie de 2 m\u00e8tres.\" \/>\n<meta property=\"og:url\" content=\"https:\/\/innovexalgerie.com\/machines\/produit\/convoyeur-a-bande-motorisee-tc2m-vr\/\" \/>\n<meta property=\"og:site_name\" content=\"Innovex Machines | Innovex Algerie\" \/>\n<meta property=\"article:publisher\" content=\"https:\/\/www.facebook.com\/innovexmachine1\" \/>\n<meta property=\"article:modified_time\" content=\"2022-05-19T10:49:15+00:00\" \/>\n<meta property=\"og:image\" content=\"https:\/\/innovexalgerie.com\/machines\/wp-content\/uploads\/2021\/03\/tc2m-vr.jpg\" \/>\n\t<meta property=\"og:image:width\" content=\"1000\" \/>\n\t<meta property=\"og:image:height\" content=\"1000\" \/>\n<meta name=\"twitter:card\" content=\"summary_large_image\" \/>\n<meta name=\"twitter:label1\" content=\"Dur\u00e9e de lecture est.\" \/>\n\t<meta name=\"twitter:data1\" content=\"1 minute\" \/>\n<script type=\"application\/ld+json\" class=\"yoast-schema-graph\">{\"@context\":\"https:\/\/schema.org\",\"@graph\":[{\"@type\":\"WebSite\",\"@id\":\"https:\/\/innovexalgerie.com\/machines\/#website\",\"url\":\"https:\/\/innovexalgerie.com\/machines\/\",\"name\":\"Innovex Machines | Innovex Algerie\",\"description\":\"Fournisseur de machines d&#039;emballage et d&#039;imprimerie\",\"potentialAction\":[{\"@type\":\"SearchAction\",\"target\":{\"@type\":\"EntryPoint\",\"urlTemplate\":\"https:\/\/innovexalgerie.com\/machines\/?s={search_term_string}\"},\"query-input\":\"required name=search_term_string\"}],\"inLanguage\":\"fr-FR\"},{\"@type\":\"ImageObject\",\"@id\":\"https:\/\/innovexalgerie.com\/machines\/produit\/convoyeur-a-bande-motorisee-tc2m-vr\/#primaryimage\",\"inLanguage\":\"fr-FR\",\"url\":\"https:\/\/innovexalgerie.com\/machines\/wp-content\/uploads\/2021\/03\/tc2m-vr.jpg\",\"contentUrl\":\"https:\/\/innovexalgerie.com\/machines\/wp-content\/uploads\/2021\/03\/tc2m-vr.jpg\",\"width\":1000,\"height\":1000},{\"@type\":\"WebPage\",\"@id\":\"https:\/\/innovexalgerie.com\/machines\/produit\/convoyeur-a-bande-motorisee-tc2m-vr\/#webpage\",\"url\":\"https:\/\/innovexalgerie.com\/machines\/produit\/convoyeur-a-bande-motorisee-tc2m-vr\/\",\"name\":\"Convoyeur \\u00e0 bande motoris\\u00e9e TC2M-VR - Innovex Machines | Innovex Algerie\",\"isPartOf\":{\"@id\":\"https:\/\/innovexalgerie.com\/machines\/#website\"},\"primaryImageOfPage\":{\"@id\":\"https:\/\/innovexalgerie.com\/machines\/produit\/convoyeur-a-bande-motorisee-tc2m-vr\/#primaryimage\"},\"datePublished\":\"2021-03-24T19:48:22+00:00\",\"dateModified\":\"2022-05-19T10:49:15+00:00\",\"description\":\"Convoyeur \\u00e0 bande droit motoris\\u00e9 \\u00e0 vitesse variable, il est r\\u00e9glable avec des guides lat\\u00e9raux sa longueur varie de 2 m\\u00e8tres.\",\"breadcrumb\":{\"@id\":\"https:\/\/innovexalgerie.com\/machines\/produit\/convoyeur-a-bande-motorisee-tc2m-vr\/#breadcrumb\"},\"inLanguage\":\"fr-FR\",\"potentialAction\":[{\"@type\":\"ReadAction\",\"target\":[\"https:\/\/innovexalgerie.com\/machines\/produit\/convoyeur-a-bande-motorisee-tc2m-vr\/\"]}]},{\"@type\":\"BreadcrumbList\",\"@id\":\"https:\/\/innovexalgerie.com\/machines\/produit\/convoyeur-a-bande-motorisee-tc2m-vr\/#breadcrumb\",\"itemListElement\":[{\"@type\":\"ListItem\",\"position\":1,\"name\":\"Accueil\",\"item\":\"https:\/\/innovexalgerie.com\/machines\/\"},{\"@type\":\"ListItem\",\"position\":2,\"name\":\"Produits\",\"item\":\"https:\/\/innovexalgerie.com\/machines\/boutique\/\"},{\"@type\":\"ListItem\",\"position\":3,\"name\":\"Convoyeur \\u00e0 bande motoris\\u00e9e TC2M-VR\"}]}]}<\/script>\n<!-- \/ Yoast SEO Premium plugin. -->","yoast_head_json":{"title":"Convoyeur \u00e0 bande motoris\u00e9e TC2M-VR - Innovex Machines | Innovex Algerie","description":"Convoyeur \u00e0 bande droit motoris\u00e9 \u00e0 vitesse variable, il est r\u00e9glable avec des guides lat\u00e9raux sa longueur varie de 2 m\u00e8tres.","robots":{"index":"index","follow":"follow","max-snippet":"max-snippet:-1","max-image-preview":"max-image-preview:large","max-video-preview":"max-video-preview:-1"},"canonical":"https:\/\/innovexalgerie.com\/machines\/produit\/convoyeur-a-bande-motorisee-tc2m-vr\/","og_locale":"fr_FR","og_type":"article","og_title":"Convoyeur \u00e0 bande motoris\u00e9e TC2M-VR - Innovex Machines | Innovex Algerie","og_description":"Convoyeur \u00e0 bande droit motoris\u00e9 \u00e0 vitesse variable, il est r\u00e9glable avec des guides lat\u00e9raux sa longueur varie de 2 m\u00e8tres.","og_url":"https:\/\/innovexalgerie.com\/machines\/produit\/convoyeur-a-bande-motorisee-tc2m-vr\/","og_site_name":"Innovex Machines | Innovex Algerie","article_publisher":"https:\/\/www.facebook.com\/innovexmachine1","article_modified_time":"2022-05-19T10:49:15+00:00","og_image":[{"width":1000,"height":1000,"url":"https:\/\/innovexalgerie.com\/machines\/wp-content\/uploads\/2021\/03\/tc2m-vr.jpg","path":"\/home\/inovex\/public_html\/machines\/wp-content\/uploads\/2021\/03\/tc2m-vr.jpg","size":"full","id":609,"alt":"","pixels":1000000,"type":"image\/jpeg"}],"twitter_card":"summary_large_image","twitter_misc":{"Dur\u00e9e de lecture est.":"1 minute"},"schema":{"@context":"https:\/\/schema.org","@graph":[{"@type":"WebSite","@id":"https:\/\/innovexalgerie.com\/machines\/#website","url":"https:\/\/innovexalgerie.com\/machines\/","name":"Innovex Machines | Innovex Algerie","description":"Fournisseur de machines d&#039;emballage et d&#039;imprimerie","potentialAction":[{"@type":"SearchAction","target":{"@type":"EntryPoint","urlTemplate":"https:\/\/innovexalgerie.com\/machines\/?s={search_term_string}"},"query-input":"required name=search_term_string"}],"inLanguage":"fr-FR"},{"@type":"ImageObject","@id":"https:\/\/innovexalgerie.com\/machines\/produit\/convoyeur-a-bande-motorisee-tc2m-vr\/#primaryimage","inLanguage":"fr-FR","url":"https:\/\/innovexalgerie.com\/machines\/wp-content\/uploads\/2021\/03\/tc2m-vr.jpg","contentUrl":"https:\/\/innovexalgerie.com\/machines\/wp-content\/uploads\/2021\/03\/tc2m-vr.jpg","width":1000,"height":1000},{"@type":"WebPage","@id":"https:\/\/innovexalgerie.com\/machines\/produit\/convoyeur-a-bande-motorisee-tc2m-vr\/#webpage","url":"https:\/\/innovexalgerie.com\/machines\/produit\/convoyeur-a-bande-motorisee-tc2m-vr\/","name":"Convoyeur \u00e0 bande motoris\u00e9e TC2M-VR - Innovex Machines | Innovex Algerie","isPartOf":{"@id":"https:\/\/innovexalgerie.com\/machines\/#website"},"primaryImageOfPage":{"@id":"https:\/\/innovexalgerie.com\/machines\/produit\/convoyeur-a-bande-motorisee-tc2m-vr\/#primaryimage"},"datePublished":"2021-03-24T19:48:22+00:00","dateModified":"2022-05-19T10:49:15+00:00","description":"Convoyeur \u00e0 bande droit motoris\u00e9 \u00e0 vitesse variable, il est r\u00e9glable avec des guides lat\u00e9raux sa longueur varie de 2 m\u00e8tres.","breadcrumb":{"@id":"https:\/\/innovexalgerie.com\/machines\/produit\/convoyeur-a-bande-motorisee-tc2m-vr\/#breadcrumb"},"inLanguage":"fr-FR","potentialAction":[{"@type":"ReadAction","target":["https:\/\/innovexalgerie.com\/machines\/produit\/convoyeur-a-bande-motorisee-tc2m-vr\/"]}]},{"@type":"BreadcrumbList","@id":"https:\/\/innovexalgerie.com\/machines\/produit\/convoyeur-a-bande-motorisee-tc2m-vr\/#breadcrumb","itemListElement":[{"@type":"ListItem","position":1,"name":"Accueil","item":"https:\/\/innovexalgerie.com\/machines\/"},{"@type":"ListItem","position":2,"name":"Produits","item":"https:\/\/innovexalgerie.com\/machines\/boutique\/"},{"@type":"ListItem","position":3,"name":"Convoyeur \u00e0 bande motoris\u00e9e TC2M-VR"}]}]}},"_links":{"self":[{"href":"https:\/\/innovexalgerie.com\/machines\/wp-json\/wp\/v2\/product\/519","targetHints":{"allow":["GET"]}}],"collection":[{"href":"https:\/\/innovexalgerie.com\/machines\/wp-json\/wp\/v2\/product"}],"about":[{"href":"https:\/\/innovexalgerie.com\/machines\/wp-json\/wp\/v2\/types\/product"}],"version-history":[{"count":4,"href":"https:\/\/innovexalgerie.com\/machines\/wp-json\/wp\/v2\/product\/519\/revisions"}],"predecessor-version":[{"id":30425,"href":"https:\/\/innovexalgerie.com\/machines\/wp-json\/wp\/v2\/product\/519\/revisions\/30425"}],"wp:featuredmedia":[{"embeddable":true,"href":"https:\/\/innovexalgerie.com\/machines\/wp-json\/wp\/v2\/media\/609"}],"wp:attachment":[{"href":"https:\/\/innovexalgerie.com\/machines\/wp-json\/wp\/v2\/media?parent=519"}],"wp:term":[{"taxonomy":"product_cat","embeddable":true,"href":"https:\/\/innovexalgerie.com\/machines\/wp-json\/wp\/v2\/product_cat?post=519"},{"taxonomy":"product_tag","embeddable":true,"href":"https:\/\/innovexalgerie.com\/machines\/wp-json\/wp\/v2\/product_tag?post=519"}],"curies":[{"name":"wp","href":"https:\/\/api.w.org\/{rel}","templated":true}]}}