{"id":520,"date":"2021-03-24T20:48:22","date_gmt":"2021-03-24T19:48:22","guid":{"rendered":"https:\/\/innovexalgerie.com\/machines2\/?post_type=product&#038;p=520"},"modified":"2022-05-21T10:37:19","modified_gmt":"2022-05-21T09:37:19","slug":"convoyeur-a-rouleaux-avec-verin-et-detection-cau2m-tq","status":"publish","type":"product","link":"https:\/\/innovexalgerie.com\/machines\/produit\/convoyeur-a-rouleaux-avec-verin-et-detection-cau2m-tq\/","title":{"rendered":"Convoyeur \u00e0 rouleaux avec v\u00e9rin et d\u00e9tection CAU2M-TQ"},"content":{"rendered":"<p>Convoyeur \u00e0 rouleaux <strong>CAU2M-TQ<\/strong> entrain\u00e9s par une cha\u00eene motoris\u00e9e, et roule avec une vitesse constante dot\u00e9 d\u2019une taqueuse reli\u00e9e \u00e0 un v\u00e9rin pneumatique, et un automate de marque SIEMENS qui r\u00e8gle les fonctions de la machine. ce convoyeur est utilis\u00e9 pour toutes sortes de marchandises comme des cartons, containers, bacs ou autres et est construit pour \u00eatre reli\u00e9 \u00e0 une chaine de production.<\/p>\n<ul>\n<li>Convoyeur motoris\u00e9 de vitesse constante.<\/li>\n<li>Taqueuse avec v\u00e9rin pneumatique.<\/li>\n<li>D\u00e9tecteur de produit pour lancer la taqueuse.<\/li>\n<li>Automate de marque SIEMENS.<\/li>\n<li>Table r\u00e9glable en hauteur.<\/li>\n<li>Convoyeur silencieux, dot\u00e9 de ch\u00e2ssis lisse sans bords tranchants.<\/li>\n<\/ul>\n<p><strong>Options:<\/strong><\/p>\n<ul>\n<li>Variateur de vitesse.<\/li>\n<li>Adaptation intelligente avec une cha\u00eene de production.<\/li>\n<li>D\u00e9tecteur de m\u00e9taux.<\/li>\n<\/ul>\n","protected":false},"excerpt":{"rendered":"<p>Convoyeur \u00e0 rouleaux entrain\u00e9s par une cha\u00eene motoris\u00e9e et roule avec une vitesse constante, dot\u00e9 d\u2019une taqueuse reli\u00e9e \u00e0 un v\u00e9rin pneumatique, sa longueur varie de 2 m\u00e8tres et diam\u00e8tre du rouleau 50mm. <img loading=\"lazy\" decoding=\"async\" class=\"alignnone size-full wp-image-30438\" src=\"https:\/\/innovexalgerie.com\/machines\/wp-content\/uploads\/2021\/03\/icon-convoyeur-cau2m-tq.jpg\" alt=\"icon-convoyeur-cau2m-tq innovex machine\" width=\"894\" height=\"196\" srcset=\"https:\/\/innovexalgerie.com\/machines\/wp-content\/uploads\/2021\/03\/icon-convoyeur-cau2m-tq.jpg 894w, https:\/\/innovexalgerie.com\/machines\/wp-content\/uploads\/2021\/03\/icon-convoyeur-cau2m-tq-300x66.jpg 300w, https:\/\/innovexalgerie.com\/machines\/wp-content\/uploads\/2021\/03\/icon-convoyeur-cau2m-tq-768x168.jpg 768w, https:\/\/innovexalgerie.com\/machines\/wp-content\/uploads\/2021\/03\/icon-convoyeur-cau2m-tq-600x132.jpg 600w\" sizes=\"auto, (max-width: 894px) 100vw, 894px\" \/><\/p>\n","protected":false},"featured_media":611,"template":"","meta":{"_monsterinsights_skip_tracking":false,"_monsterinsights_sitenote_active":false,"_monsterinsights_sitenote_note":"","_monsterinsights_sitenote_category":0},"product_cat":[162],"product_tag":[167,163,168,174,164,165,166],"class_list":["post-520","product","type-product","status-publish","has-post-thumbnail","hentry","product_cat-convoyeurs","product_tag-chaine","product_tag-convoyeur","product_tag-convoyeur-motorise","product_tag-convoyeur-taqeuse","product_tag-convoyor","product_tag-transporter","product_tag-trasporteur"],"yoast_head":"<!-- This site is optimized with the Yoast SEO Premium plugin v16.2 (Yoast SEO v16.7) - https:\/\/yoast.com\/wordpress\/plugins\/seo\/ -->\n<title>Convoyeur \u00e0 rouleaux avec v\u00e9rin et d\u00e9tection CAU2M-TQ - Innovex Machines | Innovex Algerie<\/title>\n<meta name=\"description\" content=\"Convoyeur \u00e0 rouleaux entrain\u00e9s par une cha\u00eene motoris\u00e9e et roule avec une vitesse constante. innovex machine.\" \/>\n<meta name=\"robots\" content=\"index, follow, max-snippet:-1, max-image-preview:large, max-video-preview:-1\" \/>\n<link rel=\"canonical\" href=\"https:\/\/innovexalgerie.com\/machines\/produit\/convoyeur-a-rouleaux-avec-verin-et-detection-cau2m-tq\/\" \/>\n<meta property=\"og:locale\" content=\"fr_FR\" \/>\n<meta property=\"og:type\" content=\"article\" \/>\n<meta property=\"og:title\" content=\"Convoyeur \u00e0 rouleaux avec v\u00e9rin et d\u00e9tection CAU2M-TQ - Innovex Machines | Innovex Algerie\" \/>\n<meta property=\"og:description\" content=\"Convoyeur \u00e0 rouleaux entrain\u00e9s par une cha\u00eene motoris\u00e9e et roule avec une vitesse constante. innovex machine.\" \/>\n<meta property=\"og:url\" content=\"https:\/\/innovexalgerie.com\/machines\/produit\/convoyeur-a-rouleaux-avec-verin-et-detection-cau2m-tq\/\" \/>\n<meta property=\"og:site_name\" content=\"Innovex Machines | Innovex Algerie\" \/>\n<meta property=\"article:publisher\" content=\"https:\/\/www.facebook.com\/innovexmachine1\" \/>\n<meta property=\"article:modified_time\" content=\"2022-05-21T09:37:19+00:00\" \/>\n<meta property=\"og:image\" content=\"https:\/\/innovexalgerie.com\/machines\/wp-content\/uploads\/2021\/03\/cau2m-tq.jpg\" \/>\n\t<meta property=\"og:image:width\" content=\"1000\" \/>\n\t<meta property=\"og:image:height\" content=\"1000\" \/>\n<meta name=\"twitter:card\" content=\"summary_large_image\" \/>\n<meta name=\"twitter:label1\" content=\"Dur\u00e9e de lecture est.\" \/>\n\t<meta name=\"twitter:data1\" content=\"1 minute\" \/>\n<script type=\"application\/ld+json\" class=\"yoast-schema-graph\">{\"@context\":\"https:\/\/schema.org\",\"@graph\":[{\"@type\":\"WebSite\",\"@id\":\"https:\/\/innovexalgerie.com\/machines\/#website\",\"url\":\"https:\/\/innovexalgerie.com\/machines\/\",\"name\":\"Innovex Machines | Innovex Algerie\",\"description\":\"Fournisseur de machines d&#039;emballage et d&#039;imprimerie\",\"potentialAction\":[{\"@type\":\"SearchAction\",\"target\":{\"@type\":\"EntryPoint\",\"urlTemplate\":\"https:\/\/innovexalgerie.com\/machines\/?s={search_term_string}\"},\"query-input\":\"required name=search_term_string\"}],\"inLanguage\":\"fr-FR\"},{\"@type\":\"ImageObject\",\"@id\":\"https:\/\/innovexalgerie.com\/machines\/produit\/convoyeur-a-rouleaux-avec-verin-et-detection-cau2m-tq\/#primaryimage\",\"inLanguage\":\"fr-FR\",\"url\":\"https:\/\/innovexalgerie.com\/machines\/wp-content\/uploads\/2021\/03\/cau2m-tq.jpg\",\"contentUrl\":\"https:\/\/innovexalgerie.com\/machines\/wp-content\/uploads\/2021\/03\/cau2m-tq.jpg\",\"width\":1000,\"height\":1000},{\"@type\":\"WebPage\",\"@id\":\"https:\/\/innovexalgerie.com\/machines\/produit\/convoyeur-a-rouleaux-avec-verin-et-detection-cau2m-tq\/#webpage\",\"url\":\"https:\/\/innovexalgerie.com\/machines\/produit\/convoyeur-a-rouleaux-avec-verin-et-detection-cau2m-tq\/\",\"name\":\"Convoyeur \\u00e0 rouleaux avec v\\u00e9rin et d\\u00e9tection CAU2M-TQ - Innovex Machines | Innovex Algerie\",\"isPartOf\":{\"@id\":\"https:\/\/innovexalgerie.com\/machines\/#website\"},\"primaryImageOfPage\":{\"@id\":\"https:\/\/innovexalgerie.com\/machines\/produit\/convoyeur-a-rouleaux-avec-verin-et-detection-cau2m-tq\/#primaryimage\"},\"datePublished\":\"2021-03-24T19:48:22+00:00\",\"dateModified\":\"2022-05-21T09:37:19+00:00\",\"description\":\"Convoyeur \\u00e0 rouleaux entrain\\u00e9s par une cha\\u00eene motoris\\u00e9e et roule avec une vitesse constante. innovex machine.\",\"breadcrumb\":{\"@id\":\"https:\/\/innovexalgerie.com\/machines\/produit\/convoyeur-a-rouleaux-avec-verin-et-detection-cau2m-tq\/#breadcrumb\"},\"inLanguage\":\"fr-FR\",\"potentialAction\":[{\"@type\":\"ReadAction\",\"target\":[\"https:\/\/innovexalgerie.com\/machines\/produit\/convoyeur-a-rouleaux-avec-verin-et-detection-cau2m-tq\/\"]}]},{\"@type\":\"BreadcrumbList\",\"@id\":\"https:\/\/innovexalgerie.com\/machines\/produit\/convoyeur-a-rouleaux-avec-verin-et-detection-cau2m-tq\/#breadcrumb\",\"itemListElement\":[{\"@type\":\"ListItem\",\"position\":1,\"name\":\"Accueil\",\"item\":\"https:\/\/innovexalgerie.com\/machines\/\"},{\"@type\":\"ListItem\",\"position\":2,\"name\":\"Produits\",\"item\":\"https:\/\/innovexalgerie.com\/machines\/boutique\/\"},{\"@type\":\"ListItem\",\"position\":3,\"name\":\"Convoyeur \\u00e0 rouleaux avec v\\u00e9rin et d\\u00e9tection CAU2M-TQ\"}]}]}<\/script>\n<!-- \/ Yoast SEO Premium plugin. -->","yoast_head_json":{"title":"Convoyeur \u00e0 rouleaux avec v\u00e9rin et d\u00e9tection CAU2M-TQ - Innovex Machines | Innovex Algerie","description":"Convoyeur \u00e0 rouleaux entrain\u00e9s par une cha\u00eene motoris\u00e9e et roule avec une vitesse constante. innovex machine.","robots":{"index":"index","follow":"follow","max-snippet":"max-snippet:-1","max-image-preview":"max-image-preview:large","max-video-preview":"max-video-preview:-1"},"canonical":"https:\/\/innovexalgerie.com\/machines\/produit\/convoyeur-a-rouleaux-avec-verin-et-detection-cau2m-tq\/","og_locale":"fr_FR","og_type":"article","og_title":"Convoyeur \u00e0 rouleaux avec v\u00e9rin et d\u00e9tection CAU2M-TQ - Innovex Machines | Innovex Algerie","og_description":"Convoyeur \u00e0 rouleaux entrain\u00e9s par une cha\u00eene motoris\u00e9e et roule avec une vitesse constante. innovex machine.","og_url":"https:\/\/innovexalgerie.com\/machines\/produit\/convoyeur-a-rouleaux-avec-verin-et-detection-cau2m-tq\/","og_site_name":"Innovex Machines | Innovex Algerie","article_publisher":"https:\/\/www.facebook.com\/innovexmachine1","article_modified_time":"2022-05-21T09:37:19+00:00","og_image":[{"width":1000,"height":1000,"url":"https:\/\/innovexalgerie.com\/machines\/wp-content\/uploads\/2021\/03\/cau2m-tq.jpg","path":"\/home\/inovex\/public_html\/machines\/wp-content\/uploads\/2021\/03\/cau2m-tq.jpg","size":"full","id":611,"alt":"","pixels":1000000,"type":"image\/jpeg"}],"twitter_card":"summary_large_image","twitter_misc":{"Dur\u00e9e de lecture est.":"1 minute"},"schema":{"@context":"https:\/\/schema.org","@graph":[{"@type":"WebSite","@id":"https:\/\/innovexalgerie.com\/machines\/#website","url":"https:\/\/innovexalgerie.com\/machines\/","name":"Innovex Machines | Innovex Algerie","description":"Fournisseur de machines d&#039;emballage et d&#039;imprimerie","potentialAction":[{"@type":"SearchAction","target":{"@type":"EntryPoint","urlTemplate":"https:\/\/innovexalgerie.com\/machines\/?s={search_term_string}"},"query-input":"required name=search_term_string"}],"inLanguage":"fr-FR"},{"@type":"ImageObject","@id":"https:\/\/innovexalgerie.com\/machines\/produit\/convoyeur-a-rouleaux-avec-verin-et-detection-cau2m-tq\/#primaryimage","inLanguage":"fr-FR","url":"https:\/\/innovexalgerie.com\/machines\/wp-content\/uploads\/2021\/03\/cau2m-tq.jpg","contentUrl":"https:\/\/innovexalgerie.com\/machines\/wp-content\/uploads\/2021\/03\/cau2m-tq.jpg","width":1000,"height":1000},{"@type":"WebPage","@id":"https:\/\/innovexalgerie.com\/machines\/produit\/convoyeur-a-rouleaux-avec-verin-et-detection-cau2m-tq\/#webpage","url":"https:\/\/innovexalgerie.com\/machines\/produit\/convoyeur-a-rouleaux-avec-verin-et-detection-cau2m-tq\/","name":"Convoyeur \u00e0 rouleaux avec v\u00e9rin et d\u00e9tection CAU2M-TQ - Innovex Machines | Innovex Algerie","isPartOf":{"@id":"https:\/\/innovexalgerie.com\/machines\/#website"},"primaryImageOfPage":{"@id":"https:\/\/innovexalgerie.com\/machines\/produit\/convoyeur-a-rouleaux-avec-verin-et-detection-cau2m-tq\/#primaryimage"},"datePublished":"2021-03-24T19:48:22+00:00","dateModified":"2022-05-21T09:37:19+00:00","description":"Convoyeur \u00e0 rouleaux entrain\u00e9s par une cha\u00eene motoris\u00e9e et roule avec une vitesse constante. innovex machine.","breadcrumb":{"@id":"https:\/\/innovexalgerie.com\/machines\/produit\/convoyeur-a-rouleaux-avec-verin-et-detection-cau2m-tq\/#breadcrumb"},"inLanguage":"fr-FR","potentialAction":[{"@type":"ReadAction","target":["https:\/\/innovexalgerie.com\/machines\/produit\/convoyeur-a-rouleaux-avec-verin-et-detection-cau2m-tq\/"]}]},{"@type":"BreadcrumbList","@id":"https:\/\/innovexalgerie.com\/machines\/produit\/convoyeur-a-rouleaux-avec-verin-et-detection-cau2m-tq\/#breadcrumb","itemListElement":[{"@type":"ListItem","position":1,"name":"Accueil","item":"https:\/\/innovexalgerie.com\/machines\/"},{"@type":"ListItem","position":2,"name":"Produits","item":"https:\/\/innovexalgerie.com\/machines\/boutique\/"},{"@type":"ListItem","position":3,"name":"Convoyeur \u00e0 rouleaux avec v\u00e9rin et d\u00e9tection CAU2M-TQ"}]}]}},"_links":{"self":[{"href":"https:\/\/innovexalgerie.com\/machines\/wp-json\/wp\/v2\/product\/520","targetHints":{"allow":["GET"]}}],"collection":[{"href":"https:\/\/innovexalgerie.com\/machines\/wp-json\/wp\/v2\/product"}],"about":[{"href":"https:\/\/innovexalgerie.com\/machines\/wp-json\/wp\/v2\/types\/product"}],"version-history":[{"count":6,"href":"https:\/\/innovexalgerie.com\/machines\/wp-json\/wp\/v2\/product\/520\/revisions"}],"predecessor-version":[{"id":30440,"href":"https:\/\/innovexalgerie.com\/machines\/wp-json\/wp\/v2\/product\/520\/revisions\/30440"}],"wp:featuredmedia":[{"embeddable":true,"href":"https:\/\/innovexalgerie.com\/machines\/wp-json\/wp\/v2\/media\/611"}],"wp:attachment":[{"href":"https:\/\/innovexalgerie.com\/machines\/wp-json\/wp\/v2\/media?parent=520"}],"wp:term":[{"taxonomy":"product_cat","embeddable":true,"href":"https:\/\/innovexalgerie.com\/machines\/wp-json\/wp\/v2\/product_cat?post=520"},{"taxonomy":"product_tag","embeddable":true,"href":"https:\/\/innovexalgerie.com\/machines\/wp-json\/wp\/v2\/product_tag?post=520"}],"curies":[{"name":"wp","href":"https:\/\/api.w.org\/{rel}","templated":true}]}}