{"id":521,"date":"2021-03-24T20:48:22","date_gmt":"2021-03-24T19:48:22","guid":{"rendered":"https:\/\/innovexalgerie.com\/machines2\/?post_type=product&#038;p=521"},"modified":"2022-05-18T09:15:19","modified_gmt":"2022-05-18T08:15:19","slug":"convoyeur-extensible-a-galets-erc5m","status":"publish","type":"product","link":"https:\/\/innovexalgerie.com\/machines\/produit\/convoyeur-extensible-a-galets-erc5m\/","title":{"rendered":"Convoyeur extensible \u00e0 galets ERC5M"},"content":{"rendered":"<p>Convoyeur extensible<strong> ERC5M<\/strong>, flexible et mobile \u00e0 galets, con\u00e7u afin de r\u00e9pondre aux exigences des centres de distribution, des lignes d&#8217;emballage, des centres logistiques\u2026 avec galets libres . Il peut supporter jusqu\u2019\u00e0 de 80 kg au m\/l, sa longueur varie de 1.2m\u00a0 jusqu\u2019\u00e0 5 m\u00e8tres.<\/p>\n<ul>\n<li>Roues pivotantes avec freins.<\/li>\n<li>Arr\u00eat fixe \u00e0 la fin du convoyeur.<\/li>\n<li>08 pieds r\u00e9glables en hauteur.<\/li>\n<li>Galets sur roulements \u00e0 billes.<\/li>\n<li>Peut prendre plusieurs formes selon les besoins.<\/li>\n<\/ul>\n","protected":false},"excerpt":{"rendered":"<p>Convoyeur extensible, flexible et mobile \u00e0 galets, con\u00e7u pour r\u00e9pondre aux exigences des centres de distribution, Il peut supporter une charge admissible de 80 kg au m\/l, sa longueur varie de 1.2m jusqu\u2019\u00e0 5 m\u00e8tres.<\/p>\n<p><img loading=\"lazy\" decoding=\"async\" class=\"alignnone size-full wp-image-30376\" src=\"https:\/\/innovexalgerie.com\/machines\/wp-content\/uploads\/2021\/03\/icon-convoyeur-erc5m-innovex.jpg\" alt=\"icon-convoyeur-erc5m-innovex\" width=\"874\" height=\"196\" srcset=\"https:\/\/innovexalgerie.com\/machines\/wp-content\/uploads\/2021\/03\/icon-convoyeur-erc5m-innovex.jpg 874w, https:\/\/innovexalgerie.com\/machines\/wp-content\/uploads\/2021\/03\/icon-convoyeur-erc5m-innovex-300x67.jpg 300w, https:\/\/innovexalgerie.com\/machines\/wp-content\/uploads\/2021\/03\/icon-convoyeur-erc5m-innovex-768x172.jpg 768w, https:\/\/innovexalgerie.com\/machines\/wp-content\/uploads\/2021\/03\/icon-convoyeur-erc5m-innovex-600x135.jpg 600w\" sizes=\"auto, (max-width: 874px) 100vw, 874px\" \/><\/p>\n","protected":false},"featured_media":612,"template":"","meta":{"_monsterinsights_skip_tracking":false,"_monsterinsights_sitenote_active":false,"_monsterinsights_sitenote_note":"","_monsterinsights_sitenote_category":0},"product_cat":[162],"product_tag":[163,175,164,165,166],"class_list":["post-521","product","type-product","status-publish","has-post-thumbnail","hentry","product_cat-convoyeurs","product_tag-convoyeur","product_tag-convoyeur-extensible","product_tag-convoyor","product_tag-transporter","product_tag-trasporteur"],"yoast_head":"<!-- This site is optimized with the Yoast SEO Premium plugin v16.2 (Yoast SEO v16.7) - https:\/\/yoast.com\/wordpress\/plugins\/seo\/ -->\n<title>Convoyeur extensible \u00e0 galets ERC5M - Innovex Machines | Innovex Algerie<\/title>\n<meta name=\"description\" content=\"Convoyeur extensible, flexible et mobile \u00e0 galets, con\u00e7u pour r\u00e9pondre aux exigences des centres de distribution.innovex machine\" \/>\n<meta name=\"robots\" content=\"index, follow, max-snippet:-1, max-image-preview:large, max-video-preview:-1\" \/>\n<link rel=\"canonical\" href=\"https:\/\/innovexalgerie.com\/machines\/produit\/convoyeur-extensible-a-galets-erc5m\/\" \/>\n<meta property=\"og:locale\" content=\"fr_FR\" \/>\n<meta property=\"og:type\" content=\"article\" \/>\n<meta property=\"og:title\" content=\"Convoyeur extensible \u00e0 galets ERC5M - Innovex Machines | Innovex Algerie\" \/>\n<meta property=\"og:description\" content=\"Convoyeur extensible, flexible et mobile \u00e0 galets, con\u00e7u pour r\u00e9pondre aux exigences des centres de distribution.innovex machine\" \/>\n<meta property=\"og:url\" content=\"https:\/\/innovexalgerie.com\/machines\/produit\/convoyeur-extensible-a-galets-erc5m\/\" \/>\n<meta property=\"og:site_name\" content=\"Innovex Machines | Innovex Algerie\" \/>\n<meta property=\"article:publisher\" content=\"https:\/\/www.facebook.com\/innovexmachine1\" \/>\n<meta property=\"article:modified_time\" content=\"2022-05-18T08:15:19+00:00\" \/>\n<meta property=\"og:image\" content=\"https:\/\/innovexalgerie.com\/machines\/wp-content\/uploads\/2021\/03\/erc5m.jpg\" \/>\n\t<meta property=\"og:image:width\" content=\"1000\" \/>\n\t<meta property=\"og:image:height\" content=\"1000\" \/>\n<meta name=\"twitter:card\" content=\"summary_large_image\" \/>\n<meta name=\"twitter:label1\" content=\"Dur\u00e9e de lecture est.\" \/>\n\t<meta name=\"twitter:data1\" content=\"1 minute\" \/>\n<script type=\"application\/ld+json\" class=\"yoast-schema-graph\">{\"@context\":\"https:\/\/schema.org\",\"@graph\":[{\"@type\":\"WebSite\",\"@id\":\"https:\/\/innovexalgerie.com\/machines\/#website\",\"url\":\"https:\/\/innovexalgerie.com\/machines\/\",\"name\":\"Innovex Machines | Innovex Algerie\",\"description\":\"Fournisseur de machines d&#039;emballage et d&#039;imprimerie\",\"potentialAction\":[{\"@type\":\"SearchAction\",\"target\":{\"@type\":\"EntryPoint\",\"urlTemplate\":\"https:\/\/innovexalgerie.com\/machines\/?s={search_term_string}\"},\"query-input\":\"required name=search_term_string\"}],\"inLanguage\":\"fr-FR\"},{\"@type\":\"ImageObject\",\"@id\":\"https:\/\/innovexalgerie.com\/machines\/produit\/convoyeur-extensible-a-galets-erc5m\/#primaryimage\",\"inLanguage\":\"fr-FR\",\"url\":\"https:\/\/innovexalgerie.com\/machines\/wp-content\/uploads\/2021\/03\/erc5m.jpg\",\"contentUrl\":\"https:\/\/innovexalgerie.com\/machines\/wp-content\/uploads\/2021\/03\/erc5m.jpg\",\"width\":1000,\"height\":1000},{\"@type\":\"WebPage\",\"@id\":\"https:\/\/innovexalgerie.com\/machines\/produit\/convoyeur-extensible-a-galets-erc5m\/#webpage\",\"url\":\"https:\/\/innovexalgerie.com\/machines\/produit\/convoyeur-extensible-a-galets-erc5m\/\",\"name\":\"Convoyeur extensible \\u00e0 galets ERC5M - Innovex Machines | Innovex Algerie\",\"isPartOf\":{\"@id\":\"https:\/\/innovexalgerie.com\/machines\/#website\"},\"primaryImageOfPage\":{\"@id\":\"https:\/\/innovexalgerie.com\/machines\/produit\/convoyeur-extensible-a-galets-erc5m\/#primaryimage\"},\"datePublished\":\"2021-03-24T19:48:22+00:00\",\"dateModified\":\"2022-05-18T08:15:19+00:00\",\"description\":\"Convoyeur extensible, flexible et mobile \\u00e0 galets, con\\u00e7u pour r\\u00e9pondre aux exigences des centres de distribution.innovex machine\",\"breadcrumb\":{\"@id\":\"https:\/\/innovexalgerie.com\/machines\/produit\/convoyeur-extensible-a-galets-erc5m\/#breadcrumb\"},\"inLanguage\":\"fr-FR\",\"potentialAction\":[{\"@type\":\"ReadAction\",\"target\":[\"https:\/\/innovexalgerie.com\/machines\/produit\/convoyeur-extensible-a-galets-erc5m\/\"]}]},{\"@type\":\"BreadcrumbList\",\"@id\":\"https:\/\/innovexalgerie.com\/machines\/produit\/convoyeur-extensible-a-galets-erc5m\/#breadcrumb\",\"itemListElement\":[{\"@type\":\"ListItem\",\"position\":1,\"name\":\"Accueil\",\"item\":\"https:\/\/innovexalgerie.com\/machines\/\"},{\"@type\":\"ListItem\",\"position\":2,\"name\":\"Produits\",\"item\":\"https:\/\/innovexalgerie.com\/machines\/boutique\/\"},{\"@type\":\"ListItem\",\"position\":3,\"name\":\"Convoyeur extensible \\u00e0 galets ERC5M\"}]}]}<\/script>\n<!-- \/ Yoast SEO Premium plugin. -->","yoast_head_json":{"title":"Convoyeur extensible \u00e0 galets ERC5M - Innovex Machines | Innovex Algerie","description":"Convoyeur extensible, flexible et mobile \u00e0 galets, con\u00e7u pour r\u00e9pondre aux exigences des centres de distribution.innovex machine","robots":{"index":"index","follow":"follow","max-snippet":"max-snippet:-1","max-image-preview":"max-image-preview:large","max-video-preview":"max-video-preview:-1"},"canonical":"https:\/\/innovexalgerie.com\/machines\/produit\/convoyeur-extensible-a-galets-erc5m\/","og_locale":"fr_FR","og_type":"article","og_title":"Convoyeur extensible \u00e0 galets ERC5M - Innovex Machines | Innovex Algerie","og_description":"Convoyeur extensible, flexible et mobile \u00e0 galets, con\u00e7u pour r\u00e9pondre aux exigences des centres de distribution.innovex machine","og_url":"https:\/\/innovexalgerie.com\/machines\/produit\/convoyeur-extensible-a-galets-erc5m\/","og_site_name":"Innovex Machines | Innovex Algerie","article_publisher":"https:\/\/www.facebook.com\/innovexmachine1","article_modified_time":"2022-05-18T08:15:19+00:00","og_image":[{"width":1000,"height":1000,"url":"https:\/\/innovexalgerie.com\/machines\/wp-content\/uploads\/2021\/03\/erc5m.jpg","path":"\/home\/inovex\/public_html\/machines\/wp-content\/uploads\/2021\/03\/erc5m.jpg","size":"full","id":612,"alt":"","pixels":1000000,"type":"image\/jpeg"}],"twitter_card":"summary_large_image","twitter_misc":{"Dur\u00e9e de lecture est.":"1 minute"},"schema":{"@context":"https:\/\/schema.org","@graph":[{"@type":"WebSite","@id":"https:\/\/innovexalgerie.com\/machines\/#website","url":"https:\/\/innovexalgerie.com\/machines\/","name":"Innovex Machines | Innovex Algerie","description":"Fournisseur de machines d&#039;emballage et d&#039;imprimerie","potentialAction":[{"@type":"SearchAction","target":{"@type":"EntryPoint","urlTemplate":"https:\/\/innovexalgerie.com\/machines\/?s={search_term_string}"},"query-input":"required name=search_term_string"}],"inLanguage":"fr-FR"},{"@type":"ImageObject","@id":"https:\/\/innovexalgerie.com\/machines\/produit\/convoyeur-extensible-a-galets-erc5m\/#primaryimage","inLanguage":"fr-FR","url":"https:\/\/innovexalgerie.com\/machines\/wp-content\/uploads\/2021\/03\/erc5m.jpg","contentUrl":"https:\/\/innovexalgerie.com\/machines\/wp-content\/uploads\/2021\/03\/erc5m.jpg","width":1000,"height":1000},{"@type":"WebPage","@id":"https:\/\/innovexalgerie.com\/machines\/produit\/convoyeur-extensible-a-galets-erc5m\/#webpage","url":"https:\/\/innovexalgerie.com\/machines\/produit\/convoyeur-extensible-a-galets-erc5m\/","name":"Convoyeur extensible \u00e0 galets ERC5M - Innovex Machines | Innovex Algerie","isPartOf":{"@id":"https:\/\/innovexalgerie.com\/machines\/#website"},"primaryImageOfPage":{"@id":"https:\/\/innovexalgerie.com\/machines\/produit\/convoyeur-extensible-a-galets-erc5m\/#primaryimage"},"datePublished":"2021-03-24T19:48:22+00:00","dateModified":"2022-05-18T08:15:19+00:00","description":"Convoyeur extensible, flexible et mobile \u00e0 galets, con\u00e7u pour r\u00e9pondre aux exigences des centres de distribution.innovex machine","breadcrumb":{"@id":"https:\/\/innovexalgerie.com\/machines\/produit\/convoyeur-extensible-a-galets-erc5m\/#breadcrumb"},"inLanguage":"fr-FR","potentialAction":[{"@type":"ReadAction","target":["https:\/\/innovexalgerie.com\/machines\/produit\/convoyeur-extensible-a-galets-erc5m\/"]}]},{"@type":"BreadcrumbList","@id":"https:\/\/innovexalgerie.com\/machines\/produit\/convoyeur-extensible-a-galets-erc5m\/#breadcrumb","itemListElement":[{"@type":"ListItem","position":1,"name":"Accueil","item":"https:\/\/innovexalgerie.com\/machines\/"},{"@type":"ListItem","position":2,"name":"Produits","item":"https:\/\/innovexalgerie.com\/machines\/boutique\/"},{"@type":"ListItem","position":3,"name":"Convoyeur extensible \u00e0 galets ERC5M"}]}]}},"_links":{"self":[{"href":"https:\/\/innovexalgerie.com\/machines\/wp-json\/wp\/v2\/product\/521","targetHints":{"allow":["GET"]}}],"collection":[{"href":"https:\/\/innovexalgerie.com\/machines\/wp-json\/wp\/v2\/product"}],"about":[{"href":"https:\/\/innovexalgerie.com\/machines\/wp-json\/wp\/v2\/types\/product"}],"version-history":[{"count":7,"href":"https:\/\/innovexalgerie.com\/machines\/wp-json\/wp\/v2\/product\/521\/revisions"}],"predecessor-version":[{"id":30368,"href":"https:\/\/innovexalgerie.com\/machines\/wp-json\/wp\/v2\/product\/521\/revisions\/30368"}],"wp:featuredmedia":[{"embeddable":true,"href":"https:\/\/innovexalgerie.com\/machines\/wp-json\/wp\/v2\/media\/612"}],"wp:attachment":[{"href":"https:\/\/innovexalgerie.com\/machines\/wp-json\/wp\/v2\/media?parent=521"}],"wp:term":[{"taxonomy":"product_cat","embeddable":true,"href":"https:\/\/innovexalgerie.com\/machines\/wp-json\/wp\/v2\/product_cat?post=521"},{"taxonomy":"product_tag","embeddable":true,"href":"https:\/\/innovexalgerie.com\/machines\/wp-json\/wp\/v2\/product_tag?post=521"}],"curies":[{"name":"wp","href":"https:\/\/api.w.org\/{rel}","templated":true}]}}