{"id":549,"date":"2021-03-24T20:48:49","date_gmt":"2021-03-24T19:48:49","guid":{"rendered":"https:\/\/innovexalgerie.com\/machines2\/?post_type=product&#038;p=549"},"modified":"2022-06-14T13:28:43","modified_gmt":"2022-06-14T12:28:43","slug":"tunnel-de-retraction-sm-4535","status":"publish","type":"product","link":"https:\/\/innovexalgerie.com\/machines\/produit\/tunnel-de-retraction-sm-4535\/","title":{"rendered":"Tunnel de r\u00e9traction SM-4535"},"content":{"rendered":"<p>Le tunnel de r\u00e9traction <strong>SM-4535<\/strong> avec dimensions de 45 x 35 cm, peut \u00eatre combin\u00e9 aux soudeuses, ce qui permet de constituer une ligne de conditionnement par le film thermo-r\u00e9tractable. Gr\u00e2ce une application pr\u00e9cise et pilotable de la chaleur, le four produit des emballages fiables et m\u00e9nageant tout particuli\u00e8rement les produits.<\/p>\n<ul>\n<li>Flux d\u2019air \u00e0 360 \u00b0 avec un ventilateur pour am\u00e9liorer le r\u00e9tr\u00e9cissement du film.<\/li>\n<li>Contr\u00f4le de temp\u00e9rature num\u00e9rique r\u00e9glable pour une vari\u00e9t\u00e9 de films.<\/li>\n<li>Ventilateur puissant pour la recirculation de l\u2019air dans le tunnel, en maintenant une r\u00e9partition uniforme de la chaleur et en augmentant l\u2019efficacit\u00e9.<\/li>\n<li>Tunnel enti\u00e8rement isol\u00e9 pour \u00e9viter les fuites de chaleur \u00e0 l\u2019ext\u00e9rieur.<\/li>\n<li>Vitesse de tapis transporteur r\u00e9glable.<\/li>\n<li>Pieds et roulettes pour mobilit\u00e9, stabilit\u00e9 et s\u00e9curit\u00e9 de la machine.<\/li>\n<li>Interrupteur d\u2019arr\u00eat d\u2019urgence en cas d\u2019urgence en cours d\u2019op\u00e9ration.<\/li>\n<li>Tapis transporteur \u00e0 rouleaux acier caoutchout\u00e9s.<\/li>\n<li>Disponible en option avec un tapis en t\u00e9flon treilis (PTFE).<\/li>\n<li>Un produit bien film\u00e9 est forc\u00e9ment un produit parfaitement r\u00e9tract\u00e9.<\/li>\n<li>Notre gamme de tunnel de r\u00e9traction vous permettra sans difficult\u00e9 de trouver celui qui vous conviendra.<\/li>\n<li>Nos tunnels s\u2019adaptent derri\u00e8re toute la gamme de nos soudeuses, mais bien \u00e9videmment des soudeuses de marques diff\u00e9rentes, quel que soit le film que vous utilisez la technologie de nos tunnels vous permettra de r\u00e9tracter vos colis sans difficult\u00e9.<\/li>\n<li>Machine conforme aux normes CE.<\/li>\n<\/ul>\n<div id=\"category-description\" class=\"description\">\n<div class=\"wp-video\"><\/div>\n<\/div>\n<div style=\"width: 640px;\" class=\"wp-video\"><video class=\"wp-video-shortcode\" id=\"video-549-1\" width=\"640\" height=\"360\" preload=\"metadata\" controls=\"controls\"><source type=\"video\/mp4\" src=\"https:\/\/innovexalgerie.com\/machines\/wp-content\/uploads\/2021\/03\/videoplayback-3.mp4?_=1\" \/><a href=\"https:\/\/innovexalgerie.com\/machines\/wp-content\/uploads\/2021\/03\/videoplayback-3.mp4\">https:\/\/innovexalgerie.com\/machines\/wp-content\/uploads\/2021\/03\/videoplayback-3.mp4<\/a><\/video><\/div>\n","protected":false},"excerpt":{"rendered":"<p>Tunnel de r\u00e9traction dot\u00e9 d\u2019un syst\u00e8me de refroidissement peut \u00eatre combin\u00e9 aux soudeuses, qui permet de traiter efficacement des produits parfaitement r\u00e9tract\u00e9 avec dimensions de 45 x 35 cm sous film thermo-r\u00e9tractable.<img loading=\"lazy\" decoding=\"async\" class=\"alignnone size-full wp-image-30647\" src=\"https:\/\/innovexalgerie.com\/machines\/wp-content\/uploads\/2021\/10\/icon-tunnel-de-retraction-rs-5-innovex-machine.jpg\" alt=\"icon-tunnel-de-retraction-rs-5-innovex-machine\" width=\"891\" height=\"217\" srcset=\"https:\/\/innovexalgerie.com\/machines\/wp-content\/uploads\/2021\/10\/icon-tunnel-de-retraction-rs-5-innovex-machine.jpg 891w, https:\/\/innovexalgerie.com\/machines\/wp-content\/uploads\/2021\/10\/icon-tunnel-de-retraction-rs-5-innovex-machine-300x73.jpg 300w, https:\/\/innovexalgerie.com\/machines\/wp-content\/uploads\/2021\/10\/icon-tunnel-de-retraction-rs-5-innovex-machine-768x187.jpg 768w, https:\/\/innovexalgerie.com\/machines\/wp-content\/uploads\/2021\/10\/icon-tunnel-de-retraction-rs-5-innovex-machine-600x146.jpg 600w\" sizes=\"auto, (max-width: 891px) 100vw, 891px\" \/><\/p>\n","protected":false},"featured_media":620,"template":"","meta":{"_monsterinsights_skip_tracking":false,"_monsterinsights_sitenote_active":false,"_monsterinsights_sitenote_note":"","_monsterinsights_sitenote_category":0},"product_cat":[35,213],"product_tag":[160,65],"class_list":["post-549","product","type-product","status-publish","has-post-thumbnail","hentry","product_cat-fardeleuse-et-cellophaneuse","product_cat-tunnel-de-retraction","product_tag-sleeve-shrink","product_tag-tunnel-de-retraction"],"yoast_head":"<!-- This site is optimized with the Yoast SEO Premium plugin v16.2 (Yoast SEO v16.7) - https:\/\/yoast.com\/wordpress\/plugins\/seo\/ -->\n<title>Tunnel de r\u00e9traction SM-4535 - Innovex Machines | Innovex Algerie<\/title>\n<meta name=\"description\" content=\"Gr\u00e2ce \u00e0 la bonne r\u00e9partition de chaleur le tunnel SM4535 de r\u00e9traction avec refroidisseur permet de traiter efficacement les produits.innovex\" \/>\n<meta name=\"robots\" content=\"index, follow, max-snippet:-1, max-image-preview:large, max-video-preview:-1\" \/>\n<link rel=\"canonical\" href=\"https:\/\/innovexalgerie.com\/machines\/produit\/tunnel-de-retraction-sm-4535\/\" \/>\n<meta property=\"og:locale\" content=\"fr_FR\" \/>\n<meta property=\"og:type\" content=\"article\" \/>\n<meta property=\"og:title\" content=\"Tunnel de r\u00e9traction SM-4535 - Innovex Machines | Innovex Algerie\" \/>\n<meta property=\"og:description\" content=\"Gr\u00e2ce \u00e0 la bonne r\u00e9partition de chaleur le tunnel SM4535 de r\u00e9traction avec refroidisseur permet de traiter efficacement les produits.innovex\" \/>\n<meta property=\"og:url\" content=\"https:\/\/innovexalgerie.com\/machines\/produit\/tunnel-de-retraction-sm-4535\/\" \/>\n<meta property=\"og:site_name\" content=\"Innovex Machines | Innovex Algerie\" \/>\n<meta property=\"article:publisher\" content=\"https:\/\/www.facebook.com\/innovexmachine1\" \/>\n<meta property=\"article:modified_time\" content=\"2022-06-14T12:28:43+00:00\" \/>\n<meta property=\"og:image\" content=\"https:\/\/innovexalgerie.com\/machines\/wp-content\/uploads\/2021\/03\/tunnel-4535-1.jpg\" \/>\n\t<meta property=\"og:image:width\" content=\"1000\" \/>\n\t<meta property=\"og:image:height\" content=\"1000\" \/>\n<meta name=\"twitter:card\" content=\"summary_large_image\" \/>\n<meta name=\"twitter:label1\" content=\"Dur\u00e9e de lecture est.\" \/>\n\t<meta name=\"twitter:data1\" content=\"1 minute\" \/>\n<script type=\"application\/ld+json\" class=\"yoast-schema-graph\">{\"@context\":\"https:\/\/schema.org\",\"@graph\":[{\"@type\":\"WebSite\",\"@id\":\"https:\/\/innovexalgerie.com\/machines\/#website\",\"url\":\"https:\/\/innovexalgerie.com\/machines\/\",\"name\":\"Innovex Machines | Innovex Algerie\",\"description\":\"Fournisseur de machines d&#039;emballage et d&#039;imprimerie\",\"potentialAction\":[{\"@type\":\"SearchAction\",\"target\":{\"@type\":\"EntryPoint\",\"urlTemplate\":\"https:\/\/innovexalgerie.com\/machines\/?s={search_term_string}\"},\"query-input\":\"required name=search_term_string\"}],\"inLanguage\":\"fr-FR\"},{\"@type\":\"ImageObject\",\"@id\":\"https:\/\/innovexalgerie.com\/machines\/produit\/tunnel-de-retraction-sm-4535\/#primaryimage\",\"inLanguage\":\"fr-FR\",\"url\":\"https:\/\/innovexalgerie.com\/machines\/wp-content\/uploads\/2021\/03\/tunnel-4535-1.jpg\",\"contentUrl\":\"https:\/\/innovexalgerie.com\/machines\/wp-content\/uploads\/2021\/03\/tunnel-4535-1.jpg\",\"width\":1000,\"height\":1000},{\"@type\":\"WebPage\",\"@id\":\"https:\/\/innovexalgerie.com\/machines\/produit\/tunnel-de-retraction-sm-4535\/#webpage\",\"url\":\"https:\/\/innovexalgerie.com\/machines\/produit\/tunnel-de-retraction-sm-4535\/\",\"name\":\"Tunnel de r\\u00e9traction SM-4535 - Innovex Machines | Innovex Algerie\",\"isPartOf\":{\"@id\":\"https:\/\/innovexalgerie.com\/machines\/#website\"},\"primaryImageOfPage\":{\"@id\":\"https:\/\/innovexalgerie.com\/machines\/produit\/tunnel-de-retraction-sm-4535\/#primaryimage\"},\"datePublished\":\"2021-03-24T19:48:49+00:00\",\"dateModified\":\"2022-06-14T12:28:43+00:00\",\"description\":\"Gr\\u00e2ce \\u00e0 la bonne r\\u00e9partition de chaleur le tunnel SM4535 de r\\u00e9traction avec refroidisseur permet de traiter efficacement les produits.innovex\",\"breadcrumb\":{\"@id\":\"https:\/\/innovexalgerie.com\/machines\/produit\/tunnel-de-retraction-sm-4535\/#breadcrumb\"},\"inLanguage\":\"fr-FR\",\"potentialAction\":[{\"@type\":\"ReadAction\",\"target\":[\"https:\/\/innovexalgerie.com\/machines\/produit\/tunnel-de-retraction-sm-4535\/\"]}]},{\"@type\":\"BreadcrumbList\",\"@id\":\"https:\/\/innovexalgerie.com\/machines\/produit\/tunnel-de-retraction-sm-4535\/#breadcrumb\",\"itemListElement\":[{\"@type\":\"ListItem\",\"position\":1,\"name\":\"Accueil\",\"item\":\"https:\/\/innovexalgerie.com\/machines\/\"},{\"@type\":\"ListItem\",\"position\":2,\"name\":\"Produits\",\"item\":\"https:\/\/innovexalgerie.com\/machines\/boutique\/\"},{\"@type\":\"ListItem\",\"position\":3,\"name\":\"Tunnel de r\\u00e9traction SM-4535\"}]}]}<\/script>\n<!-- \/ Yoast SEO Premium plugin. -->","yoast_head_json":{"title":"Tunnel de r\u00e9traction SM-4535 - Innovex Machines | Innovex Algerie","description":"Gr\u00e2ce \u00e0 la bonne r\u00e9partition de chaleur le tunnel SM4535 de r\u00e9traction avec refroidisseur permet de traiter efficacement les produits.innovex","robots":{"index":"index","follow":"follow","max-snippet":"max-snippet:-1","max-image-preview":"max-image-preview:large","max-video-preview":"max-video-preview:-1"},"canonical":"https:\/\/innovexalgerie.com\/machines\/produit\/tunnel-de-retraction-sm-4535\/","og_locale":"fr_FR","og_type":"article","og_title":"Tunnel de r\u00e9traction SM-4535 - Innovex Machines | Innovex Algerie","og_description":"Gr\u00e2ce \u00e0 la bonne r\u00e9partition de chaleur le tunnel SM4535 de r\u00e9traction avec refroidisseur permet de traiter efficacement les produits.innovex","og_url":"https:\/\/innovexalgerie.com\/machines\/produit\/tunnel-de-retraction-sm-4535\/","og_site_name":"Innovex Machines | Innovex Algerie","article_publisher":"https:\/\/www.facebook.com\/innovexmachine1","article_modified_time":"2022-06-14T12:28:43+00:00","og_image":[{"width":1000,"height":1000,"url":"https:\/\/innovexalgerie.com\/machines\/wp-content\/uploads\/2021\/03\/tunnel-4535-1.jpg","path":"\/home\/inovex\/public_html\/machines\/wp-content\/uploads\/2021\/03\/tunnel-4535-1.jpg","size":"full","id":620,"alt":"","pixels":1000000,"type":"image\/jpeg"}],"twitter_card":"summary_large_image","twitter_misc":{"Dur\u00e9e de lecture est.":"1 minute"},"schema":{"@context":"https:\/\/schema.org","@graph":[{"@type":"WebSite","@id":"https:\/\/innovexalgerie.com\/machines\/#website","url":"https:\/\/innovexalgerie.com\/machines\/","name":"Innovex Machines | Innovex Algerie","description":"Fournisseur de machines d&#039;emballage et d&#039;imprimerie","potentialAction":[{"@type":"SearchAction","target":{"@type":"EntryPoint","urlTemplate":"https:\/\/innovexalgerie.com\/machines\/?s={search_term_string}"},"query-input":"required name=search_term_string"}],"inLanguage":"fr-FR"},{"@type":"ImageObject","@id":"https:\/\/innovexalgerie.com\/machines\/produit\/tunnel-de-retraction-sm-4535\/#primaryimage","inLanguage":"fr-FR","url":"https:\/\/innovexalgerie.com\/machines\/wp-content\/uploads\/2021\/03\/tunnel-4535-1.jpg","contentUrl":"https:\/\/innovexalgerie.com\/machines\/wp-content\/uploads\/2021\/03\/tunnel-4535-1.jpg","width":1000,"height":1000},{"@type":"WebPage","@id":"https:\/\/innovexalgerie.com\/machines\/produit\/tunnel-de-retraction-sm-4535\/#webpage","url":"https:\/\/innovexalgerie.com\/machines\/produit\/tunnel-de-retraction-sm-4535\/","name":"Tunnel de r\u00e9traction SM-4535 - Innovex Machines | Innovex Algerie","isPartOf":{"@id":"https:\/\/innovexalgerie.com\/machines\/#website"},"primaryImageOfPage":{"@id":"https:\/\/innovexalgerie.com\/machines\/produit\/tunnel-de-retraction-sm-4535\/#primaryimage"},"datePublished":"2021-03-24T19:48:49+00:00","dateModified":"2022-06-14T12:28:43+00:00","description":"Gr\u00e2ce \u00e0 la bonne r\u00e9partition de chaleur le tunnel SM4535 de r\u00e9traction avec refroidisseur permet de traiter efficacement les produits.innovex","breadcrumb":{"@id":"https:\/\/innovexalgerie.com\/machines\/produit\/tunnel-de-retraction-sm-4535\/#breadcrumb"},"inLanguage":"fr-FR","potentialAction":[{"@type":"ReadAction","target":["https:\/\/innovexalgerie.com\/machines\/produit\/tunnel-de-retraction-sm-4535\/"]}]},{"@type":"BreadcrumbList","@id":"https:\/\/innovexalgerie.com\/machines\/produit\/tunnel-de-retraction-sm-4535\/#breadcrumb","itemListElement":[{"@type":"ListItem","position":1,"name":"Accueil","item":"https:\/\/innovexalgerie.com\/machines\/"},{"@type":"ListItem","position":2,"name":"Produits","item":"https:\/\/innovexalgerie.com\/machines\/boutique\/"},{"@type":"ListItem","position":3,"name":"Tunnel de r\u00e9traction SM-4535"}]}]}},"_links":{"self":[{"href":"https:\/\/innovexalgerie.com\/machines\/wp-json\/wp\/v2\/product\/549","targetHints":{"allow":["GET"]}}],"collection":[{"href":"https:\/\/innovexalgerie.com\/machines\/wp-json\/wp\/v2\/product"}],"about":[{"href":"https:\/\/innovexalgerie.com\/machines\/wp-json\/wp\/v2\/types\/product"}],"version-history":[{"count":6,"href":"https:\/\/innovexalgerie.com\/machines\/wp-json\/wp\/v2\/product\/549\/revisions"}],"predecessor-version":[{"id":30662,"href":"https:\/\/innovexalgerie.com\/machines\/wp-json\/wp\/v2\/product\/549\/revisions\/30662"}],"wp:featuredmedia":[{"embeddable":true,"href":"https:\/\/innovexalgerie.com\/machines\/wp-json\/wp\/v2\/media\/620"}],"wp:attachment":[{"href":"https:\/\/innovexalgerie.com\/machines\/wp-json\/wp\/v2\/media?parent=549"}],"wp:term":[{"taxonomy":"product_cat","embeddable":true,"href":"https:\/\/innovexalgerie.com\/machines\/wp-json\/wp\/v2\/product_cat?post=549"},{"taxonomy":"product_tag","embeddable":true,"href":"https:\/\/innovexalgerie.com\/machines\/wp-json\/wp\/v2\/product_tag?post=549"}],"curies":[{"name":"wp","href":"https:\/\/api.w.org\/{rel}","templated":true}]}}