{"id":551,"date":"2021-03-24T20:48:49","date_gmt":"2021-03-24T19:48:49","guid":{"rendered":"https:\/\/innovexalgerie.com\/machines2\/?post_type=product&#038;p=551"},"modified":"2022-06-28T11:48:03","modified_gmt":"2022-06-28T10:48:03","slug":"machine-sous-vide-double-cloche-dzp-600-2sb","status":"publish","type":"product","link":"https:\/\/innovexalgerie.com\/machines\/produit\/machine-sous-vide-double-cloche-dzp-600-2sb\/","title":{"rendered":"Machine sous-vide double cloche DZP-600-2SB"},"content":{"rendered":"<p>La machine d\u2019emballage sous vide\u00a0<strong>DZP-600-2SB<\/strong> double cloches permet d\u2019obtenir d\u2019importantes cadences de travail avec deux chambres. Cette machine assure l\u2019aspiration de l\u2019air et la soudure en m\u00eame temps des sacs, elle est id\u00e9ale pour la conservation des produits agro alimentaires. Elle est r\u00e9alis\u00e9e enti\u00e8rement en acier INOX. Les deux chambres \u00e0 vide sont \u00e9t\u00e9 con\u00e7ues avec une attention particuli\u00e8re au c\u00f4t\u00e9 hygi\u00e9nique pour assurer un conditionnement perfectionn\u00e9. La machine est \u00e9quip\u00e9e de 4 barres de soudure.<\/p>\n<ul>\n<li>Table plane en inox avec contre-barres amovibles.<\/li>\n<li>Cloche basculante avec poign\u00e9e int\u00e9grale tout inox.<\/li>\n<li>Elle est r\u00e9alis\u00e9e enti\u00e8rement en acier inoxydable soit pour sa structure int\u00e9rieure que pour la carrosserie et la chambre \u00e0 vide.<\/li>\n<li>La chambre \u00e0 vide a \u00e9t\u00e9 con\u00e7ue avec une attention particuli\u00e8re du c\u00f4t\u00e9 hygi\u00e9nique: les angles int\u00e9rieurs sont arrondis et la barre de soudure extractible permettent un nettoyage s\u00fbr et rapide.<\/li>\n<li>Machine conforme aux normes CE.\n<div class=\"elementor-element elementor-element-c41704d elementor-widget elementor-widget-woocommerce-product-data-tabs\" data-id=\"c41704d\" data-element_type=\"widget\" data-widget_type=\"woocommerce-product-data-tabs.default\">\n<div class=\"elementor-widget-container\">\n<div class=\"woocommerce-tabs wc-tabs-wrapper\">\n<div id=\"tab-description\" class=\"woocommerce-Tabs-panel woocommerce-Tabs-panel--description panel entry-content wc-tab\" role=\"tabpanel\" aria-labelledby=\"tab-title-description\"><\/div>\n<\/div>\n<\/div>\n<\/div>\n<\/li>\n<\/ul>\n","protected":false},"excerpt":{"rendered":"<p>Machine d\u2019emballage sous vide double cloches, \u00e9quip\u00e9e de 4 barres de soudure et d&rsquo;une pompe \u00e0 vide de 40 m\u00b3\/h pour atteindre des capacit\u00e9s de production \u00e9lev\u00e9es.<\/p>\n<p><img loading=\"lazy\" decoding=\"async\" class=\"alignnone size-medium wp-image-29867\" src=\"https:\/\/innovexalgerie.com\/machines\/wp-content\/uploads\/2021\/10\/icon-sous-vide-300x84.jpg\" alt=\"icon machine sous-vide innovex\" width=\"300\" height=\"84\" srcset=\"https:\/\/innovexalgerie.com\/machines\/wp-content\/uploads\/2021\/10\/icon-sous-vide-300x84.jpg 300w, https:\/\/innovexalgerie.com\/machines\/wp-content\/uploads\/2021\/10\/icon-sous-vide-600x167.jpg 600w, https:\/\/innovexalgerie.com\/machines\/wp-content\/uploads\/2021\/10\/icon-sous-vide.jpg 700w\" sizes=\"auto, (max-width: 300px) 100vw, 300px\" \/><\/p>\n","protected":false},"featured_media":622,"template":"","meta":{"_monsterinsights_skip_tracking":false,"_monsterinsights_sitenote_active":false,"_monsterinsights_sitenote_note":"","_monsterinsights_sitenote_category":0},"product_cat":[23,206],"product_tag":[24,26,25],"class_list":["post-551","product","type-product","status-publish","has-post-thumbnail","hentry","product_cat-sous-vides","product_cat-sous-vide-double-cloches","product_tag-emballage","product_tag-sacs-sous-vide","product_tag-sous-vide"],"yoast_head":"<!-- This site is optimized with the Yoast SEO Premium plugin v16.2 (Yoast SEO v16.7) - https:\/\/yoast.com\/wordpress\/plugins\/seo\/ -->\n<title>Machine sous-vide double cloche DZP-600-2SB - Innovex Machines | Innovex Algerie<\/title>\n<meta name=\"description\" content=\"Machine d\u2019emballage sous vide double cloches, \u00e9quip\u00e9e de 4 barres de soudure et d&#039;une pompe \u00e0 vide de 40 m\u00b3\/h.innovex mchine\" \/>\n<meta name=\"robots\" content=\"index, follow, max-snippet:-1, max-image-preview:large, max-video-preview:-1\" \/>\n<link rel=\"canonical\" href=\"https:\/\/innovexalgerie.com\/machines\/produit\/machine-sous-vide-double-cloche-dzp-600-2sb\/\" \/>\n<meta property=\"og:locale\" content=\"fr_FR\" \/>\n<meta property=\"og:type\" content=\"article\" \/>\n<meta property=\"og:title\" content=\"Machine sous-vide double cloche DZP-600-2SB - Innovex Machines | Innovex Algerie\" \/>\n<meta property=\"og:description\" content=\"Machine d\u2019emballage sous vide double cloches, \u00e9quip\u00e9e de 4 barres de soudure et d&#039;une pompe \u00e0 vide de 40 m\u00b3\/h.innovex mchine\" \/>\n<meta property=\"og:url\" content=\"https:\/\/innovexalgerie.com\/machines\/produit\/machine-sous-vide-double-cloche-dzp-600-2sb\/\" \/>\n<meta property=\"og:site_name\" content=\"Innovex Machines | Innovex Algerie\" \/>\n<meta property=\"article:publisher\" content=\"https:\/\/www.facebook.com\/innovexmachine1\" \/>\n<meta property=\"article:modified_time\" content=\"2022-06-28T10:48:03+00:00\" \/>\n<meta property=\"og:image\" content=\"https:\/\/innovexalgerie.com\/machines\/wp-content\/uploads\/2021\/03\/DOUBLE-CLOCHE0.jpg\" \/>\n\t<meta property=\"og:image:width\" content=\"1000\" \/>\n\t<meta property=\"og:image:height\" content=\"1000\" \/>\n<meta name=\"twitter:card\" content=\"summary_large_image\" \/>\n<meta name=\"twitter:label1\" content=\"Dur\u00e9e de lecture est.\" \/>\n\t<meta name=\"twitter:data1\" content=\"1 minute\" \/>\n<script type=\"application\/ld+json\" class=\"yoast-schema-graph\">{\"@context\":\"https:\/\/schema.org\",\"@graph\":[{\"@type\":\"WebSite\",\"@id\":\"https:\/\/innovexalgerie.com\/machines\/#website\",\"url\":\"https:\/\/innovexalgerie.com\/machines\/\",\"name\":\"Innovex Machines | Innovex Algerie\",\"description\":\"Fournisseur de machines d&#039;emballage et d&#039;imprimerie\",\"potentialAction\":[{\"@type\":\"SearchAction\",\"target\":{\"@type\":\"EntryPoint\",\"urlTemplate\":\"https:\/\/innovexalgerie.com\/machines\/?s={search_term_string}\"},\"query-input\":\"required name=search_term_string\"}],\"inLanguage\":\"fr-FR\"},{\"@type\":\"ImageObject\",\"@id\":\"https:\/\/innovexalgerie.com\/machines\/produit\/machine-sous-vide-double-cloche-dzp-600-2sb\/#primaryimage\",\"inLanguage\":\"fr-FR\",\"url\":\"https:\/\/innovexalgerie.com\/machines\/wp-content\/uploads\/2021\/03\/DOUBLE-CLOCHE0.jpg\",\"contentUrl\":\"https:\/\/innovexalgerie.com\/machines\/wp-content\/uploads\/2021\/03\/DOUBLE-CLOCHE0.jpg\",\"width\":1000,\"height\":1000},{\"@type\":\"WebPage\",\"@id\":\"https:\/\/innovexalgerie.com\/machines\/produit\/machine-sous-vide-double-cloche-dzp-600-2sb\/#webpage\",\"url\":\"https:\/\/innovexalgerie.com\/machines\/produit\/machine-sous-vide-double-cloche-dzp-600-2sb\/\",\"name\":\"Machine sous-vide double cloche DZP-600-2SB - Innovex Machines | Innovex Algerie\",\"isPartOf\":{\"@id\":\"https:\/\/innovexalgerie.com\/machines\/#website\"},\"primaryImageOfPage\":{\"@id\":\"https:\/\/innovexalgerie.com\/machines\/produit\/machine-sous-vide-double-cloche-dzp-600-2sb\/#primaryimage\"},\"datePublished\":\"2021-03-24T19:48:49+00:00\",\"dateModified\":\"2022-06-28T10:48:03+00:00\",\"description\":\"Machine d\\u2019emballage sous vide double cloches, \\u00e9quip\\u00e9e de 4 barres de soudure et d'une pompe \\u00e0 vide de 40 m\\u00b3\/h.innovex mchine\",\"breadcrumb\":{\"@id\":\"https:\/\/innovexalgerie.com\/machines\/produit\/machine-sous-vide-double-cloche-dzp-600-2sb\/#breadcrumb\"},\"inLanguage\":\"fr-FR\",\"potentialAction\":[{\"@type\":\"ReadAction\",\"target\":[\"https:\/\/innovexalgerie.com\/machines\/produit\/machine-sous-vide-double-cloche-dzp-600-2sb\/\"]}]},{\"@type\":\"BreadcrumbList\",\"@id\":\"https:\/\/innovexalgerie.com\/machines\/produit\/machine-sous-vide-double-cloche-dzp-600-2sb\/#breadcrumb\",\"itemListElement\":[{\"@type\":\"ListItem\",\"position\":1,\"name\":\"Accueil\",\"item\":\"https:\/\/innovexalgerie.com\/machines\/\"},{\"@type\":\"ListItem\",\"position\":2,\"name\":\"Produits\",\"item\":\"https:\/\/innovexalgerie.com\/machines\/boutique\/\"},{\"@type\":\"ListItem\",\"position\":3,\"name\":\"Machine sous-vide double cloche DZP-600-2SB\"}]}]}<\/script>\n<!-- \/ Yoast SEO Premium plugin. -->","yoast_head_json":{"title":"Machine sous-vide double cloche DZP-600-2SB - Innovex Machines | Innovex Algerie","description":"Machine d\u2019emballage sous vide double cloches, \u00e9quip\u00e9e de 4 barres de soudure et d'une pompe \u00e0 vide de 40 m\u00b3\/h.innovex mchine","robots":{"index":"index","follow":"follow","max-snippet":"max-snippet:-1","max-image-preview":"max-image-preview:large","max-video-preview":"max-video-preview:-1"},"canonical":"https:\/\/innovexalgerie.com\/machines\/produit\/machine-sous-vide-double-cloche-dzp-600-2sb\/","og_locale":"fr_FR","og_type":"article","og_title":"Machine sous-vide double cloche DZP-600-2SB - Innovex Machines | Innovex Algerie","og_description":"Machine d\u2019emballage sous vide double cloches, \u00e9quip\u00e9e de 4 barres de soudure et d'une pompe \u00e0 vide de 40 m\u00b3\/h.innovex mchine","og_url":"https:\/\/innovexalgerie.com\/machines\/produit\/machine-sous-vide-double-cloche-dzp-600-2sb\/","og_site_name":"Innovex Machines | Innovex Algerie","article_publisher":"https:\/\/www.facebook.com\/innovexmachine1","article_modified_time":"2022-06-28T10:48:03+00:00","og_image":[{"width":1000,"height":1000,"url":"https:\/\/innovexalgerie.com\/machines\/wp-content\/uploads\/2021\/03\/DOUBLE-CLOCHE0.jpg","path":"\/home\/inovex\/public_html\/machines\/wp-content\/uploads\/2021\/03\/DOUBLE-CLOCHE0.jpg","size":"full","id":622,"alt":"","pixels":1000000,"type":"image\/jpeg"}],"twitter_card":"summary_large_image","twitter_misc":{"Dur\u00e9e de lecture est.":"1 minute"},"schema":{"@context":"https:\/\/schema.org","@graph":[{"@type":"WebSite","@id":"https:\/\/innovexalgerie.com\/machines\/#website","url":"https:\/\/innovexalgerie.com\/machines\/","name":"Innovex Machines | Innovex Algerie","description":"Fournisseur de machines d&#039;emballage et d&#039;imprimerie","potentialAction":[{"@type":"SearchAction","target":{"@type":"EntryPoint","urlTemplate":"https:\/\/innovexalgerie.com\/machines\/?s={search_term_string}"},"query-input":"required name=search_term_string"}],"inLanguage":"fr-FR"},{"@type":"ImageObject","@id":"https:\/\/innovexalgerie.com\/machines\/produit\/machine-sous-vide-double-cloche-dzp-600-2sb\/#primaryimage","inLanguage":"fr-FR","url":"https:\/\/innovexalgerie.com\/machines\/wp-content\/uploads\/2021\/03\/DOUBLE-CLOCHE0.jpg","contentUrl":"https:\/\/innovexalgerie.com\/machines\/wp-content\/uploads\/2021\/03\/DOUBLE-CLOCHE0.jpg","width":1000,"height":1000},{"@type":"WebPage","@id":"https:\/\/innovexalgerie.com\/machines\/produit\/machine-sous-vide-double-cloche-dzp-600-2sb\/#webpage","url":"https:\/\/innovexalgerie.com\/machines\/produit\/machine-sous-vide-double-cloche-dzp-600-2sb\/","name":"Machine sous-vide double cloche DZP-600-2SB - Innovex Machines | Innovex Algerie","isPartOf":{"@id":"https:\/\/innovexalgerie.com\/machines\/#website"},"primaryImageOfPage":{"@id":"https:\/\/innovexalgerie.com\/machines\/produit\/machine-sous-vide-double-cloche-dzp-600-2sb\/#primaryimage"},"datePublished":"2021-03-24T19:48:49+00:00","dateModified":"2022-06-28T10:48:03+00:00","description":"Machine d\u2019emballage sous vide double cloches, \u00e9quip\u00e9e de 4 barres de soudure et d'une pompe \u00e0 vide de 40 m\u00b3\/h.innovex mchine","breadcrumb":{"@id":"https:\/\/innovexalgerie.com\/machines\/produit\/machine-sous-vide-double-cloche-dzp-600-2sb\/#breadcrumb"},"inLanguage":"fr-FR","potentialAction":[{"@type":"ReadAction","target":["https:\/\/innovexalgerie.com\/machines\/produit\/machine-sous-vide-double-cloche-dzp-600-2sb\/"]}]},{"@type":"BreadcrumbList","@id":"https:\/\/innovexalgerie.com\/machines\/produit\/machine-sous-vide-double-cloche-dzp-600-2sb\/#breadcrumb","itemListElement":[{"@type":"ListItem","position":1,"name":"Accueil","item":"https:\/\/innovexalgerie.com\/machines\/"},{"@type":"ListItem","position":2,"name":"Produits","item":"https:\/\/innovexalgerie.com\/machines\/boutique\/"},{"@type":"ListItem","position":3,"name":"Machine sous-vide double cloche DZP-600-2SB"}]}]}},"_links":{"self":[{"href":"https:\/\/innovexalgerie.com\/machines\/wp-json\/wp\/v2\/product\/551","targetHints":{"allow":["GET"]}}],"collection":[{"href":"https:\/\/innovexalgerie.com\/machines\/wp-json\/wp\/v2\/product"}],"about":[{"href":"https:\/\/innovexalgerie.com\/machines\/wp-json\/wp\/v2\/types\/product"}],"version-history":[{"count":12,"href":"https:\/\/innovexalgerie.com\/machines\/wp-json\/wp\/v2\/product\/551\/revisions"}],"predecessor-version":[{"id":30962,"href":"https:\/\/innovexalgerie.com\/machines\/wp-json\/wp\/v2\/product\/551\/revisions\/30962"}],"wp:featuredmedia":[{"embeddable":true,"href":"https:\/\/innovexalgerie.com\/machines\/wp-json\/wp\/v2\/media\/622"}],"wp:attachment":[{"href":"https:\/\/innovexalgerie.com\/machines\/wp-json\/wp\/v2\/media?parent=551"}],"wp:term":[{"taxonomy":"product_cat","embeddable":true,"href":"https:\/\/innovexalgerie.com\/machines\/wp-json\/wp\/v2\/product_cat?post=551"},{"taxonomy":"product_tag","embeddable":true,"href":"https:\/\/innovexalgerie.com\/machines\/wp-json\/wp\/v2\/product_tag?post=551"}],"curies":[{"name":"wp","href":"https:\/\/api.w.org\/{rel}","templated":true}]}}