{"id":590,"date":"2021-03-24T20:49:10","date_gmt":"2021-03-24T19:49:10","guid":{"rendered":"https:\/\/innovexalgerie.com\/machines2\/?post_type=product&#038;p=590"},"modified":"2021-10-06T20:31:00","modified_gmt":"2021-10-06T19:31:00","slug":"cercleuse-pneumatique-portative-feuillard-pet-sans-chape","status":"publish","type":"product","link":"https:\/\/innovexalgerie.com\/machines\/produit\/cercleuse-pneumatique-portative-feuillard-pet-sans-chape\/","title":{"rendered":"Cercleuse pneumatique portative\u00a0feuillard PET sans chape"},"content":{"rendered":"<p>L\u2019outil de cerclage pneumatique sans chapes pour feuillard en PP et PET s\u2019adapte aux op\u00e9rations continues dans des conditions exigeantes. Dot\u00e9 d\u2019un syst\u00e8me de fermeture par friction sou-dure assurant un cerclage de qualit\u00e9 sup\u00e9rieure. Adapt\u00e9e aux surfaces plates et rondes<\/p>\n<p>&nbsp;<\/p>\n<div style=\"width: 640px;\" class=\"wp-video\"><video class=\"wp-video-shortcode\" id=\"video-590-1\" width=\"640\" height=\"360\" preload=\"metadata\" controls=\"controls\"><source type=\"video\/mp4\" src=\"https:\/\/innovexalgerie.com\/machines\/wp-content\/uploads\/2021\/03\/4-march-2018pet-pp-strapping-tools-pneumatic.mp4?_=1\" \/><a href=\"https:\/\/innovexalgerie.com\/machines\/wp-content\/uploads\/2021\/03\/4-march-2018pet-pp-strapping-tools-pneumatic.mp4\">https:\/\/innovexalgerie.com\/machines\/wp-content\/uploads\/2021\/03\/4-march-2018pet-pp-strapping-tools-pneumatic.mp4<\/a><\/video><\/div>\n","protected":false},"excerpt":{"rendered":"<p>Un nouveau design pour la cercleuse pneumatique portative pour feuillard PET. Elle est con\u00e7ue pour faciliter le cerclage de papier, aluminium, fer, bois, palette&#8230; avec un syst\u00e8me de soudure en friction avec epaisseur du feuillard de 0.5 jusqu&rsquo;a 1.2 mm<\/p>\n","protected":false},"featured_media":626,"template":"","meta":{"_monsterinsights_skip_tracking":false,"_monsterinsights_sitenote_active":false,"_monsterinsights_sitenote_note":"","_monsterinsights_sitenote_category":0},"product_cat":[47],"product_tag":[51,115,177],"class_list":["post-590","product","type-product","status-publish","has-post-thumbnail","hentry","product_cat-cercleuses","product_tag-cercleuse","product_tag-cercleuse-pneumatique","product_tag-cercleuse-portative"],"yoast_head":"<!-- This site is optimized with the Yoast SEO Premium plugin v16.2 (Yoast SEO v16.7) - https:\/\/yoast.com\/wordpress\/plugins\/seo\/ -->\n<title>Cercleuse pneumatique portative\u00a0feuillard PET sans chape - Innovex Machines | Innovex Algerie<\/title>\n<meta name=\"robots\" content=\"index, follow, max-snippet:-1, max-image-preview:large, max-video-preview:-1\" \/>\n<link rel=\"canonical\" href=\"https:\/\/innovexalgerie.com\/machines\/produit\/cercleuse-pneumatique-portative-feuillard-pet-sans-chape\/\" \/>\n<meta property=\"og:locale\" content=\"fr_FR\" \/>\n<meta property=\"og:type\" content=\"article\" \/>\n<meta property=\"og:title\" content=\"Cercleuse pneumatique portative\u00a0feuillard PET sans chape - Innovex Machines | Innovex Algerie\" \/>\n<meta property=\"og:description\" content=\"Un nouveau design pour la cercleuse pneumatique portative pour feuillard PET. Elle est con\u00e7ue pour faciliter le cerclage de papier, aluminium, fer, bois, palette... avec un syst\u00e8me de soudure en friction avec epaisseur du feuillard de 0.5 jusqu&#039;a 1.2 mm\" \/>\n<meta property=\"og:url\" content=\"https:\/\/innovexalgerie.com\/machines\/produit\/cercleuse-pneumatique-portative-feuillard-pet-sans-chape\/\" \/>\n<meta property=\"og:site_name\" content=\"Innovex Machines | Innovex Algerie\" \/>\n<meta property=\"article:publisher\" content=\"https:\/\/www.facebook.com\/innovexmachine1\" \/>\n<meta property=\"article:modified_time\" content=\"2021-10-06T19:31:00+00:00\" \/>\n<meta property=\"og:image\" content=\"https:\/\/innovexalgerie.com\/machines\/wp-content\/uploads\/2021\/03\/IMG_2843.jpg\" \/>\n\t<meta property=\"og:image:width\" content=\"1000\" \/>\n\t<meta property=\"og:image:height\" content=\"1000\" \/>\n<meta name=\"twitter:card\" content=\"summary_large_image\" \/>\n<meta name=\"twitter:label1\" content=\"Dur\u00e9e de lecture est.\" \/>\n\t<meta name=\"twitter:data1\" content=\"1 minute\" \/>\n<script type=\"application\/ld+json\" class=\"yoast-schema-graph\">{\"@context\":\"https:\/\/schema.org\",\"@graph\":[{\"@type\":\"WebSite\",\"@id\":\"https:\/\/innovexalgerie.com\/machines\/#website\",\"url\":\"https:\/\/innovexalgerie.com\/machines\/\",\"name\":\"Innovex Machines | Innovex Algerie\",\"description\":\"Fournisseur de machines d&#039;emballage et d&#039;imprimerie\",\"potentialAction\":[{\"@type\":\"SearchAction\",\"target\":{\"@type\":\"EntryPoint\",\"urlTemplate\":\"https:\/\/innovexalgerie.com\/machines\/?s={search_term_string}\"},\"query-input\":\"required name=search_term_string\"}],\"inLanguage\":\"fr-FR\"},{\"@type\":\"ImageObject\",\"@id\":\"https:\/\/innovexalgerie.com\/machines\/produit\/cercleuse-pneumatique-portative-feuillard-pet-sans-chape\/#primaryimage\",\"inLanguage\":\"fr-FR\",\"url\":\"https:\/\/innovexalgerie.com\/machines\/wp-content\/uploads\/2021\/03\/IMG_2843.jpg\",\"contentUrl\":\"https:\/\/innovexalgerie.com\/machines\/wp-content\/uploads\/2021\/03\/IMG_2843.jpg\",\"width\":1000,\"height\":1000},{\"@type\":\"WebPage\",\"@id\":\"https:\/\/innovexalgerie.com\/machines\/produit\/cercleuse-pneumatique-portative-feuillard-pet-sans-chape\/#webpage\",\"url\":\"https:\/\/innovexalgerie.com\/machines\/produit\/cercleuse-pneumatique-portative-feuillard-pet-sans-chape\/\",\"name\":\"Cercleuse pneumatique portative\\u00a0feuillard PET sans chape - Innovex Machines | Innovex Algerie\",\"isPartOf\":{\"@id\":\"https:\/\/innovexalgerie.com\/machines\/#website\"},\"primaryImageOfPage\":{\"@id\":\"https:\/\/innovexalgerie.com\/machines\/produit\/cercleuse-pneumatique-portative-feuillard-pet-sans-chape\/#primaryimage\"},\"datePublished\":\"2021-03-24T19:49:10+00:00\",\"dateModified\":\"2021-10-06T19:31:00+00:00\",\"breadcrumb\":{\"@id\":\"https:\/\/innovexalgerie.com\/machines\/produit\/cercleuse-pneumatique-portative-feuillard-pet-sans-chape\/#breadcrumb\"},\"inLanguage\":\"fr-FR\",\"potentialAction\":[{\"@type\":\"ReadAction\",\"target\":[\"https:\/\/innovexalgerie.com\/machines\/produit\/cercleuse-pneumatique-portative-feuillard-pet-sans-chape\/\"]}]},{\"@type\":\"BreadcrumbList\",\"@id\":\"https:\/\/innovexalgerie.com\/machines\/produit\/cercleuse-pneumatique-portative-feuillard-pet-sans-chape\/#breadcrumb\",\"itemListElement\":[{\"@type\":\"ListItem\",\"position\":1,\"name\":\"Accueil\",\"item\":\"https:\/\/innovexalgerie.com\/machines\/\"},{\"@type\":\"ListItem\",\"position\":2,\"name\":\"Produits\",\"item\":\"https:\/\/innovexalgerie.com\/machines\/boutique\/\"},{\"@type\":\"ListItem\",\"position\":3,\"name\":\"Cercleuse pneumatique portative\\u00a0feuillard PET sans chape\"}]}]}<\/script>\n<!-- \/ Yoast SEO Premium plugin. -->","yoast_head_json":{"title":"Cercleuse pneumatique portative\u00a0feuillard PET sans chape - Innovex Machines | Innovex Algerie","robots":{"index":"index","follow":"follow","max-snippet":"max-snippet:-1","max-image-preview":"max-image-preview:large","max-video-preview":"max-video-preview:-1"},"canonical":"https:\/\/innovexalgerie.com\/machines\/produit\/cercleuse-pneumatique-portative-feuillard-pet-sans-chape\/","og_locale":"fr_FR","og_type":"article","og_title":"Cercleuse pneumatique portative\u00a0feuillard PET sans chape - Innovex Machines | Innovex Algerie","og_description":"Un nouveau design pour la cercleuse pneumatique portative pour feuillard PET. Elle est con\u00e7ue pour faciliter le cerclage de papier, aluminium, fer, bois, palette... avec un syst\u00e8me de soudure en friction avec epaisseur du feuillard de 0.5 jusqu'a 1.2 mm","og_url":"https:\/\/innovexalgerie.com\/machines\/produit\/cercleuse-pneumatique-portative-feuillard-pet-sans-chape\/","og_site_name":"Innovex Machines | Innovex Algerie","article_publisher":"https:\/\/www.facebook.com\/innovexmachine1","article_modified_time":"2021-10-06T19:31:00+00:00","og_image":[{"width":1000,"height":1000,"url":"https:\/\/innovexalgerie.com\/machines\/wp-content\/uploads\/2021\/03\/IMG_2843.jpg","path":"\/home\/inovex\/public_html\/machines\/wp-content\/uploads\/2021\/03\/IMG_2843.jpg","size":"full","id":626,"alt":"","pixels":1000000,"type":"image\/jpeg"}],"twitter_card":"summary_large_image","twitter_misc":{"Dur\u00e9e de lecture est.":"1 minute"},"schema":{"@context":"https:\/\/schema.org","@graph":[{"@type":"WebSite","@id":"https:\/\/innovexalgerie.com\/machines\/#website","url":"https:\/\/innovexalgerie.com\/machines\/","name":"Innovex Machines | Innovex Algerie","description":"Fournisseur de machines d&#039;emballage et d&#039;imprimerie","potentialAction":[{"@type":"SearchAction","target":{"@type":"EntryPoint","urlTemplate":"https:\/\/innovexalgerie.com\/machines\/?s={search_term_string}"},"query-input":"required name=search_term_string"}],"inLanguage":"fr-FR"},{"@type":"ImageObject","@id":"https:\/\/innovexalgerie.com\/machines\/produit\/cercleuse-pneumatique-portative-feuillard-pet-sans-chape\/#primaryimage","inLanguage":"fr-FR","url":"https:\/\/innovexalgerie.com\/machines\/wp-content\/uploads\/2021\/03\/IMG_2843.jpg","contentUrl":"https:\/\/innovexalgerie.com\/machines\/wp-content\/uploads\/2021\/03\/IMG_2843.jpg","width":1000,"height":1000},{"@type":"WebPage","@id":"https:\/\/innovexalgerie.com\/machines\/produit\/cercleuse-pneumatique-portative-feuillard-pet-sans-chape\/#webpage","url":"https:\/\/innovexalgerie.com\/machines\/produit\/cercleuse-pneumatique-portative-feuillard-pet-sans-chape\/","name":"Cercleuse pneumatique portative\u00a0feuillard PET sans chape - Innovex Machines | Innovex Algerie","isPartOf":{"@id":"https:\/\/innovexalgerie.com\/machines\/#website"},"primaryImageOfPage":{"@id":"https:\/\/innovexalgerie.com\/machines\/produit\/cercleuse-pneumatique-portative-feuillard-pet-sans-chape\/#primaryimage"},"datePublished":"2021-03-24T19:49:10+00:00","dateModified":"2021-10-06T19:31:00+00:00","breadcrumb":{"@id":"https:\/\/innovexalgerie.com\/machines\/produit\/cercleuse-pneumatique-portative-feuillard-pet-sans-chape\/#breadcrumb"},"inLanguage":"fr-FR","potentialAction":[{"@type":"ReadAction","target":["https:\/\/innovexalgerie.com\/machines\/produit\/cercleuse-pneumatique-portative-feuillard-pet-sans-chape\/"]}]},{"@type":"BreadcrumbList","@id":"https:\/\/innovexalgerie.com\/machines\/produit\/cercleuse-pneumatique-portative-feuillard-pet-sans-chape\/#breadcrumb","itemListElement":[{"@type":"ListItem","position":1,"name":"Accueil","item":"https:\/\/innovexalgerie.com\/machines\/"},{"@type":"ListItem","position":2,"name":"Produits","item":"https:\/\/innovexalgerie.com\/machines\/boutique\/"},{"@type":"ListItem","position":3,"name":"Cercleuse pneumatique portative\u00a0feuillard PET sans chape"}]}]}},"_links":{"self":[{"href":"https:\/\/innovexalgerie.com\/machines\/wp-json\/wp\/v2\/product\/590","targetHints":{"allow":["GET"]}}],"collection":[{"href":"https:\/\/innovexalgerie.com\/machines\/wp-json\/wp\/v2\/product"}],"about":[{"href":"https:\/\/innovexalgerie.com\/machines\/wp-json\/wp\/v2\/types\/product"}],"version-history":[{"count":2,"href":"https:\/\/innovexalgerie.com\/machines\/wp-json\/wp\/v2\/product\/590\/revisions"}],"predecessor-version":[{"id":28807,"href":"https:\/\/innovexalgerie.com\/machines\/wp-json\/wp\/v2\/product\/590\/revisions\/28807"}],"wp:featuredmedia":[{"embeddable":true,"href":"https:\/\/innovexalgerie.com\/machines\/wp-json\/wp\/v2\/media\/626"}],"wp:attachment":[{"href":"https:\/\/innovexalgerie.com\/machines\/wp-json\/wp\/v2\/media?parent=590"}],"wp:term":[{"taxonomy":"product_cat","embeddable":true,"href":"https:\/\/innovexalgerie.com\/machines\/wp-json\/wp\/v2\/product_cat?post=590"},{"taxonomy":"product_tag","embeddable":true,"href":"https:\/\/innovexalgerie.com\/machines\/wp-json\/wp\/v2\/product_tag?post=590"}],"curies":[{"name":"wp","href":"https:\/\/api.w.org\/{rel}","templated":true}]}}