{"id":66,"date":"2021-03-24T20:45:20","date_gmt":"2021-03-24T19:45:20","guid":{"rendered":"https:\/\/innovexalgerie.com\/machines2\/?post_type=product&#038;p=66"},"modified":"2025-01-20T11:24:58","modified_gmt":"2025-01-20T10:24:58","slug":"banderoleuse-filmeuse-a-plateau-tournant-1500kg-fg1000a","status":"publish","type":"product","link":"https:\/\/innovexalgerie.com\/machines\/produit\/banderoleuse-filmeuse-a-plateau-tournant-1500kg-fg1000a\/","title":{"rendered":"Banderoleuse filmeuse \u00e0 plateau tournant 1500kg MH-FG1000A"},"content":{"rendered":"<p>La banderoleuse \/ filmeuse<strong> MH-FG1000A<\/strong> \u00e0 plateau tournant pour banderolage de palettes avec film \u00e9tirable. Elle d\u00e9pose le film \u00e9tirable avec programmation de : nombre de tours, nombre mont\u00e9es\/ descentes, la vitesse du plateau.<\/p>\n<ul>\n<li>Une capacit\u00e9 de 1500kg.<\/li>\n<li>D\u00e9marrage progressif pour les charges instables et\/ou l\u00e9g\u00e8res.<\/li>\n<li>Deux variateurs de vitesse Schneider:<br \/>\n&#8211; Vitesse de r\u00e9glage de la vitesse de la table tournante.<br \/>\n&#8211; Vitesse r\u00e9glable de monte-descente porte film.<\/li>\n<li>D\u00e9tection de la hauteur de la palette par une photocellule.<\/li>\n<li>Position d\u2019arr\u00eat de la palette sur plateau est le m\u00eame que celle de d\u00e9marrage.<\/li>\n<li>\u00a0Rampe d&rsquo;acc\u00e8s au plateau incluse avec la machine.<\/li>\n<li>Acc\u00e8s \u00e0 une multitude de programme de filmage sur un afficheur en LCD.<\/li>\n<li>R\u00e9glage de tension du film m\u00e9canique.<\/li>\n<li>Machine conforme aux normes CE.<\/li>\n<\/ul>\n","protected":false},"excerpt":{"rendered":"<p>Banderoleuse\/ filmeuse \u00e0 plateau tournant pour banderolage de palettes pesant jusqu\u2019\u00e0 1.5 tonnes sur un plateau tournant avec du film \u00e9tirable.<\/p>\n<p><img loading=\"lazy\" decoding=\"async\" class=\"alignnone wp-image-32985 size-full\" src=\"https:\/\/innovexalgerie.com\/machines\/wp-content\/uploads\/2021\/03\/icon-1000A-1.5.jpg\" alt=\"icon-1000A-1.5\" width=\"856\" height=\"196\" srcset=\"https:\/\/innovexalgerie.com\/machines\/wp-content\/uploads\/2021\/03\/icon-1000A-1.5.jpg 856w, https:\/\/innovexalgerie.com\/machines\/wp-content\/uploads\/2021\/03\/icon-1000A-1.5-300x69.jpg 300w, https:\/\/innovexalgerie.com\/machines\/wp-content\/uploads\/2021\/03\/icon-1000A-1.5-768x176.jpg 768w, https:\/\/innovexalgerie.com\/machines\/wp-content\/uploads\/2021\/03\/icon-1000A-1.5-600x137.jpg 600w\" sizes=\"auto, (max-width: 856px) 100vw, 856px\" \/><\/p>\n","protected":false},"featured_media":96,"template":"","meta":{"_monsterinsights_skip_tracking":false,"_monsterinsights_sitenote_active":false,"_monsterinsights_sitenote_note":"","_monsterinsights_sitenote_category":0},"product_cat":[20],"product_tag":[21,22],"class_list":["post-66","product","type-product","status-publish","has-post-thumbnail","hentry","product_cat-banderollage","product_tag-banderoleuse","product_tag-pallet-wrapping-machine"],"yoast_head":"<!-- This site is optimized with the Yoast SEO Premium plugin v16.2 (Yoast SEO v16.7) - https:\/\/yoast.com\/wordpress\/plugins\/seo\/ -->\n<title>Banderoleuse filmeuse \u00e0 plateau tournant 1500kg MH-FG1000A - Innovex Machines | Innovex Algerie<\/title>\n<meta name=\"description\" content=\"Banderoleuse \/ filmeuse \u00e0 plateau tournant \u00e0 frein manuel pour filmage de palettes par film \u00e9tirable d&#039;une capacit\u00e9 de 1000kg\" \/>\n<meta name=\"robots\" content=\"index, follow, max-snippet:-1, max-image-preview:large, max-video-preview:-1\" \/>\n<link rel=\"canonical\" href=\"https:\/\/innovexalgerie.com\/machines\/produit\/banderoleuse-filmeuse-a-plateau-tournant-1500kg-fg1000a\/\" \/>\n<meta property=\"og:locale\" content=\"fr_FR\" \/>\n<meta property=\"og:type\" content=\"article\" \/>\n<meta property=\"og:title\" content=\"Banderoleuse filmeuse \u00e0 plateau tournant 1500kg MH-FG1000A - Innovex Machines | Innovex Algerie\" \/>\n<meta property=\"og:description\" content=\"Banderoleuse \/ filmeuse \u00e0 plateau tournant \u00e0 frein manuel pour filmage de palettes par film \u00e9tirable d&#039;une capacit\u00e9 de 1000kg\" \/>\n<meta property=\"og:url\" content=\"https:\/\/innovexalgerie.com\/machines\/produit\/banderoleuse-filmeuse-a-plateau-tournant-1500kg-fg1000a\/\" \/>\n<meta property=\"og:site_name\" content=\"Innovex Machines | Innovex Algerie\" \/>\n<meta property=\"article:publisher\" content=\"https:\/\/www.facebook.com\/innovexmachine1\" \/>\n<meta property=\"article:modified_time\" content=\"2025-01-20T10:24:58+00:00\" \/>\n<meta property=\"og:image\" content=\"https:\/\/innovexalgerie.com\/machines\/wp-content\/uploads\/2021\/03\/1000-a.jpg\" \/>\n\t<meta property=\"og:image:width\" content=\"1000\" \/>\n\t<meta property=\"og:image:height\" content=\"1000\" \/>\n<meta name=\"twitter:card\" content=\"summary_large_image\" \/>\n<meta name=\"twitter:label1\" content=\"Dur\u00e9e de lecture est.\" \/>\n\t<meta name=\"twitter:data1\" content=\"1 minute\" \/>\n<script type=\"application\/ld+json\" class=\"yoast-schema-graph\">{\"@context\":\"https:\/\/schema.org\",\"@graph\":[{\"@type\":\"WebSite\",\"@id\":\"https:\/\/innovexalgerie.com\/machines\/#website\",\"url\":\"https:\/\/innovexalgerie.com\/machines\/\",\"name\":\"Innovex Machines | Innovex Algerie\",\"description\":\"Fournisseur de machines d&#039;emballage et d&#039;imprimerie\",\"potentialAction\":[{\"@type\":\"SearchAction\",\"target\":{\"@type\":\"EntryPoint\",\"urlTemplate\":\"https:\/\/innovexalgerie.com\/machines\/?s={search_term_string}\"},\"query-input\":\"required name=search_term_string\"}],\"inLanguage\":\"fr-FR\"},{\"@type\":\"ImageObject\",\"@id\":\"https:\/\/innovexalgerie.com\/machines\/produit\/banderoleuse-filmeuse-a-plateau-tournant-1500kg-fg1000a\/#primaryimage\",\"inLanguage\":\"fr-FR\",\"url\":\"https:\/\/innovexalgerie.com\/machines\/wp-content\/uploads\/2021\/03\/1000-a.jpg\",\"contentUrl\":\"https:\/\/innovexalgerie.com\/machines\/wp-content\/uploads\/2021\/03\/1000-a.jpg\",\"width\":1000,\"height\":1000},{\"@type\":\"WebPage\",\"@id\":\"https:\/\/innovexalgerie.com\/machines\/produit\/banderoleuse-filmeuse-a-plateau-tournant-1500kg-fg1000a\/#webpage\",\"url\":\"https:\/\/innovexalgerie.com\/machines\/produit\/banderoleuse-filmeuse-a-plateau-tournant-1500kg-fg1000a\/\",\"name\":\"Banderoleuse filmeuse \\u00e0 plateau tournant 1500kg MH-FG1000A - Innovex Machines | Innovex Algerie\",\"isPartOf\":{\"@id\":\"https:\/\/innovexalgerie.com\/machines\/#website\"},\"primaryImageOfPage\":{\"@id\":\"https:\/\/innovexalgerie.com\/machines\/produit\/banderoleuse-filmeuse-a-plateau-tournant-1500kg-fg1000a\/#primaryimage\"},\"datePublished\":\"2021-03-24T19:45:20+00:00\",\"dateModified\":\"2025-01-20T10:24:58+00:00\",\"description\":\"Banderoleuse \/ filmeuse \\u00e0 plateau tournant \\u00e0 frein manuel pour filmage de palettes par film \\u00e9tirable d'une capacit\\u00e9 de 1000kg\",\"breadcrumb\":{\"@id\":\"https:\/\/innovexalgerie.com\/machines\/produit\/banderoleuse-filmeuse-a-plateau-tournant-1500kg-fg1000a\/#breadcrumb\"},\"inLanguage\":\"fr-FR\",\"potentialAction\":[{\"@type\":\"ReadAction\",\"target\":[\"https:\/\/innovexalgerie.com\/machines\/produit\/banderoleuse-filmeuse-a-plateau-tournant-1500kg-fg1000a\/\"]}]},{\"@type\":\"BreadcrumbList\",\"@id\":\"https:\/\/innovexalgerie.com\/machines\/produit\/banderoleuse-filmeuse-a-plateau-tournant-1500kg-fg1000a\/#breadcrumb\",\"itemListElement\":[{\"@type\":\"ListItem\",\"position\":1,\"name\":\"Accueil\",\"item\":\"https:\/\/innovexalgerie.com\/machines\/\"},{\"@type\":\"ListItem\",\"position\":2,\"name\":\"Produits\",\"item\":\"https:\/\/innovexalgerie.com\/machines\/boutique\/\"},{\"@type\":\"ListItem\",\"position\":3,\"name\":\"Banderoleuse filmeuse \\u00e0 plateau tournant 1500kg MH-FG1000A\"}]}]}<\/script>\n<!-- \/ Yoast SEO Premium plugin. -->","yoast_head_json":{"title":"Banderoleuse filmeuse \u00e0 plateau tournant 1500kg MH-FG1000A - Innovex Machines | Innovex Algerie","description":"Banderoleuse \/ filmeuse \u00e0 plateau tournant \u00e0 frein manuel pour filmage de palettes par film \u00e9tirable d'une capacit\u00e9 de 1000kg","robots":{"index":"index","follow":"follow","max-snippet":"max-snippet:-1","max-image-preview":"max-image-preview:large","max-video-preview":"max-video-preview:-1"},"canonical":"https:\/\/innovexalgerie.com\/machines\/produit\/banderoleuse-filmeuse-a-plateau-tournant-1500kg-fg1000a\/","og_locale":"fr_FR","og_type":"article","og_title":"Banderoleuse filmeuse \u00e0 plateau tournant 1500kg MH-FG1000A - Innovex Machines | Innovex Algerie","og_description":"Banderoleuse \/ filmeuse \u00e0 plateau tournant \u00e0 frein manuel pour filmage de palettes par film \u00e9tirable d'une capacit\u00e9 de 1000kg","og_url":"https:\/\/innovexalgerie.com\/machines\/produit\/banderoleuse-filmeuse-a-plateau-tournant-1500kg-fg1000a\/","og_site_name":"Innovex Machines | Innovex Algerie","article_publisher":"https:\/\/www.facebook.com\/innovexmachine1","article_modified_time":"2025-01-20T10:24:58+00:00","og_image":[{"width":1000,"height":1000,"url":"https:\/\/innovexalgerie.com\/machines\/wp-content\/uploads\/2021\/03\/1000-a.jpg","path":"\/home\/inovex\/public_html\/machines\/wp-content\/uploads\/2021\/03\/1000-a.jpg","size":"full","id":96,"alt":"","pixels":1000000,"type":"image\/jpeg"}],"twitter_card":"summary_large_image","twitter_misc":{"Dur\u00e9e de lecture est.":"1 minute"},"schema":{"@context":"https:\/\/schema.org","@graph":[{"@type":"WebSite","@id":"https:\/\/innovexalgerie.com\/machines\/#website","url":"https:\/\/innovexalgerie.com\/machines\/","name":"Innovex Machines | Innovex Algerie","description":"Fournisseur de machines d&#039;emballage et d&#039;imprimerie","potentialAction":[{"@type":"SearchAction","target":{"@type":"EntryPoint","urlTemplate":"https:\/\/innovexalgerie.com\/machines\/?s={search_term_string}"},"query-input":"required name=search_term_string"}],"inLanguage":"fr-FR"},{"@type":"ImageObject","@id":"https:\/\/innovexalgerie.com\/machines\/produit\/banderoleuse-filmeuse-a-plateau-tournant-1500kg-fg1000a\/#primaryimage","inLanguage":"fr-FR","url":"https:\/\/innovexalgerie.com\/machines\/wp-content\/uploads\/2021\/03\/1000-a.jpg","contentUrl":"https:\/\/innovexalgerie.com\/machines\/wp-content\/uploads\/2021\/03\/1000-a.jpg","width":1000,"height":1000},{"@type":"WebPage","@id":"https:\/\/innovexalgerie.com\/machines\/produit\/banderoleuse-filmeuse-a-plateau-tournant-1500kg-fg1000a\/#webpage","url":"https:\/\/innovexalgerie.com\/machines\/produit\/banderoleuse-filmeuse-a-plateau-tournant-1500kg-fg1000a\/","name":"Banderoleuse filmeuse \u00e0 plateau tournant 1500kg MH-FG1000A - Innovex Machines | Innovex Algerie","isPartOf":{"@id":"https:\/\/innovexalgerie.com\/machines\/#website"},"primaryImageOfPage":{"@id":"https:\/\/innovexalgerie.com\/machines\/produit\/banderoleuse-filmeuse-a-plateau-tournant-1500kg-fg1000a\/#primaryimage"},"datePublished":"2021-03-24T19:45:20+00:00","dateModified":"2025-01-20T10:24:58+00:00","description":"Banderoleuse \/ filmeuse \u00e0 plateau tournant \u00e0 frein manuel pour filmage de palettes par film \u00e9tirable d'une capacit\u00e9 de 1000kg","breadcrumb":{"@id":"https:\/\/innovexalgerie.com\/machines\/produit\/banderoleuse-filmeuse-a-plateau-tournant-1500kg-fg1000a\/#breadcrumb"},"inLanguage":"fr-FR","potentialAction":[{"@type":"ReadAction","target":["https:\/\/innovexalgerie.com\/machines\/produit\/banderoleuse-filmeuse-a-plateau-tournant-1500kg-fg1000a\/"]}]},{"@type":"BreadcrumbList","@id":"https:\/\/innovexalgerie.com\/machines\/produit\/banderoleuse-filmeuse-a-plateau-tournant-1500kg-fg1000a\/#breadcrumb","itemListElement":[{"@type":"ListItem","position":1,"name":"Accueil","item":"https:\/\/innovexalgerie.com\/machines\/"},{"@type":"ListItem","position":2,"name":"Produits","item":"https:\/\/innovexalgerie.com\/machines\/boutique\/"},{"@type":"ListItem","position":3,"name":"Banderoleuse filmeuse \u00e0 plateau tournant 1500kg MH-FG1000A"}]}]}},"_links":{"self":[{"href":"https:\/\/innovexalgerie.com\/machines\/wp-json\/wp\/v2\/product\/66","targetHints":{"allow":["GET"]}}],"collection":[{"href":"https:\/\/innovexalgerie.com\/machines\/wp-json\/wp\/v2\/product"}],"about":[{"href":"https:\/\/innovexalgerie.com\/machines\/wp-json\/wp\/v2\/types\/product"}],"version-history":[{"count":11,"href":"https:\/\/innovexalgerie.com\/machines\/wp-json\/wp\/v2\/product\/66\/revisions"}],"predecessor-version":[{"id":32986,"href":"https:\/\/innovexalgerie.com\/machines\/wp-json\/wp\/v2\/product\/66\/revisions\/32986"}],"wp:featuredmedia":[{"embeddable":true,"href":"https:\/\/innovexalgerie.com\/machines\/wp-json\/wp\/v2\/media\/96"}],"wp:attachment":[{"href":"https:\/\/innovexalgerie.com\/machines\/wp-json\/wp\/v2\/media?parent=66"}],"wp:term":[{"taxonomy":"product_cat","embeddable":true,"href":"https:\/\/innovexalgerie.com\/machines\/wp-json\/wp\/v2\/product_cat?post=66"},{"taxonomy":"product_tag","embeddable":true,"href":"https:\/\/innovexalgerie.com\/machines\/wp-json\/wp\/v2\/product_tag?post=66"}],"curies":[{"name":"wp","href":"https:\/\/api.w.org\/{rel}","templated":true}]}}