{"id":67,"date":"2021-03-24T20:45:20","date_gmt":"2021-03-24T19:45:20","guid":{"rendered":"https:\/\/innovexalgerie.com\/machines2\/?post_type=product&#038;p=67"},"modified":"2023-04-10T12:57:12","modified_gmt":"2023-04-10T11:57:12","slug":"machine-sous-vide-1-barre-dq-420q","status":"publish","type":"product","link":"https:\/\/innovexalgerie.com\/machines\/produit\/machine-sous-vide-1-barre-dq-420q\/","title":{"rendered":"Machine Sous-vide 1 barre  DQ-420Q"},"content":{"rendered":"<p>La machine d&#8217;emballage sous vide <strong>DQ-420Q<\/strong> assure l\u2019aspiration de l\u2019air et la soudure au m\u00eame temps, elle est id\u00e9ale pour un conditionnement optimal des produits agro alimentaires. La machine dispose d\u2019une chambre sous vide profil\u00e9 avec une barre de soudure de 420 mm et de l\u2019option d\u2019injection de gaz.<\/p>\n<ul>\n<li>Machine facile \u00e0 utiliser, \u00e0 nettoyer et \u00e0 entretenir.<\/li>\n<li>La chambre \u00e0 vide assure des conditions hygi\u00e9nique favorable pour un conditionnement optimal produit.<\/li>\n<li>Fabriqu\u00e9e enti\u00e8rement en acier inoxydable, (structure int\u00e9rieure, carrosserie et chambre \u00e0 vide.<\/li>\n<li>Couvercle bomb\u00e9 pour augmenter le volume de la chambre.<\/li>\n<li>02 injecteurs de gaz programmables.<\/li>\n<li>10 programmes d&rsquo;utilisation.<\/li>\n<li>Barre de soudure rev\u00eatu du t\u00e9flon qui permet une \u00e9tanch\u00e9it\u00e9 propre et sans liaison.<\/li>\n<li>Machine conforme aux normes CE.<\/li>\n<\/ul>\n<p>&nbsp;<\/p>\n<div style=\"width: 640px;\" class=\"wp-video\"><video class=\"wp-video-shortcode\" id=\"video-67-1\" width=\"640\" height=\"360\" preload=\"metadata\" controls=\"controls\"><source type=\"video\/mp4\" src=\"https:\/\/innovexalgerie.com\/machines\/wp-content\/uploads\/2021\/03\/machine-sous-vide-a\u0300-cloche-ys-dq500.mp4?_=1\" \/><a href=\"https:\/\/innovexalgerie.com\/machines\/wp-content\/uploads\/2021\/03\/machine-sous-vide-a\u0300-cloche-ys-dq500.mp4\">https:\/\/innovexalgerie.com\/machines\/wp-content\/uploads\/2021\/03\/machine-sous-vide-a\u0300-cloche-ys-dq500.mp4<\/a><\/video><\/div>\n","protected":false},"excerpt":{"rendered":"<p>Machine sous vide avec une seule barre de soudure de 420 mm, elle est id\u00e9ale pour un conditionnement optimal des produits agro alimentaires, m\u00e9dical et \u00e9lectronique &#8230;etc.<\/p>\n<p><img loading=\"lazy\" decoding=\"async\" class=\"alignnone wp-image-29889 size-full\" src=\"https:\/\/innovexalgerie.com\/machines\/wp-content\/uploads\/2021\/03\/icon-sous-vide-1-barre.jpg\" alt=\"icon-sous-vide-1-barre innovex machine\" width=\"908\" height=\"195\" srcset=\"https:\/\/innovexalgerie.com\/machines\/wp-content\/uploads\/2021\/03\/icon-sous-vide-1-barre.jpg 908w, https:\/\/innovexalgerie.com\/machines\/wp-content\/uploads\/2021\/03\/icon-sous-vide-1-barre-300x64.jpg 300w, https:\/\/innovexalgerie.com\/machines\/wp-content\/uploads\/2021\/03\/icon-sous-vide-1-barre-768x165.jpg 768w, https:\/\/innovexalgerie.com\/machines\/wp-content\/uploads\/2021\/03\/icon-sous-vide-1-barre-600x129.jpg 600w\" sizes=\"auto, (max-width: 908px) 100vw, 908px\" \/><\/p>\n","protected":false},"featured_media":29133,"template":"","meta":{"_monsterinsights_skip_tracking":false,"_monsterinsights_sitenote_active":false,"_monsterinsights_sitenote_note":"","_monsterinsights_sitenote_category":0},"product_cat":[23,207],"product_tag":[24,25],"class_list":["post-67","product","type-product","status-publish","has-post-thumbnail","hentry","product_cat-sous-vides","product_cat-sous-vide-standard","product_tag-emballage","product_tag-sous-vide"],"yoast_head":"<!-- This site is optimized with the Yoast SEO Premium plugin v16.2 (Yoast SEO v16.7) - https:\/\/yoast.com\/wordpress\/plugins\/seo\/ -->\n<title>Machine Sous-vide 1 barre DQ-420Q - Innovex Machines | Innovex Algerie<\/title>\n<meta name=\"description\" content=\"Machine sous vide avec une seule barre de soudure de 400 mm, elle est id\u00e9ale pour un conditionnement optimal des produits agro alimentaires.\" \/>\n<meta name=\"robots\" content=\"index, follow, max-snippet:-1, max-image-preview:large, max-video-preview:-1\" \/>\n<link rel=\"canonical\" href=\"https:\/\/innovexalgerie.com\/machines\/produit\/machine-sous-vide-1-barre-dq-420q\/\" \/>\n<meta property=\"og:locale\" content=\"fr_FR\" \/>\n<meta property=\"og:type\" content=\"article\" \/>\n<meta property=\"og:title\" content=\"Machine Sous-vide 1 barre DQ-420Q - Innovex Machines | Innovex Algerie\" \/>\n<meta property=\"og:description\" content=\"Machine sous vide avec une seule barre de soudure de 400 mm, elle est id\u00e9ale pour un conditionnement optimal des produits agro alimentaires.\" \/>\n<meta property=\"og:url\" content=\"https:\/\/innovexalgerie.com\/machines\/produit\/machine-sous-vide-1-barre-dq-420q\/\" \/>\n<meta property=\"og:site_name\" content=\"Innovex Machines | Innovex Algerie\" \/>\n<meta property=\"article:publisher\" content=\"https:\/\/www.facebook.com\/innovexmachine1\" \/>\n<meta property=\"article:modified_time\" content=\"2023-04-10T11:57:12+00:00\" \/>\n<meta property=\"og:image\" content=\"https:\/\/innovexalgerie.com\/machines\/wp-content\/uploads\/2021\/03\/DQ-420Q-innovex-1.jpg\" \/>\n\t<meta property=\"og:image:width\" content=\"525\" \/>\n\t<meta property=\"og:image:height\" content=\"525\" \/>\n<meta name=\"twitter:card\" content=\"summary_large_image\" \/>\n<meta name=\"twitter:label1\" content=\"Dur\u00e9e de lecture est.\" \/>\n\t<meta name=\"twitter:data1\" content=\"1 minute\" \/>\n<script type=\"application\/ld+json\" class=\"yoast-schema-graph\">{\"@context\":\"https:\/\/schema.org\",\"@graph\":[{\"@type\":\"WebSite\",\"@id\":\"https:\/\/innovexalgerie.com\/machines\/#website\",\"url\":\"https:\/\/innovexalgerie.com\/machines\/\",\"name\":\"Innovex Machines | Innovex Algerie\",\"description\":\"Fournisseur de machines d&#039;emballage et d&#039;imprimerie\",\"potentialAction\":[{\"@type\":\"SearchAction\",\"target\":{\"@type\":\"EntryPoint\",\"urlTemplate\":\"https:\/\/innovexalgerie.com\/machines\/?s={search_term_string}\"},\"query-input\":\"required name=search_term_string\"}],\"inLanguage\":\"fr-FR\"},{\"@type\":\"ImageObject\",\"@id\":\"https:\/\/innovexalgerie.com\/machines\/produit\/machine-sous-vide-1-barre-dq-420q\/#primaryimage\",\"inLanguage\":\"fr-FR\",\"url\":\"https:\/\/innovexalgerie.com\/machines\/wp-content\/uploads\/2021\/03\/DQ-420Q-innovex-1.jpg\",\"contentUrl\":\"https:\/\/innovexalgerie.com\/machines\/wp-content\/uploads\/2021\/03\/DQ-420Q-innovex-1.jpg\",\"width\":525,\"height\":525},{\"@type\":\"WebPage\",\"@id\":\"https:\/\/innovexalgerie.com\/machines\/produit\/machine-sous-vide-1-barre-dq-420q\/#webpage\",\"url\":\"https:\/\/innovexalgerie.com\/machines\/produit\/machine-sous-vide-1-barre-dq-420q\/\",\"name\":\"Machine Sous-vide 1 barre DQ-420Q - Innovex Machines | Innovex Algerie\",\"isPartOf\":{\"@id\":\"https:\/\/innovexalgerie.com\/machines\/#website\"},\"primaryImageOfPage\":{\"@id\":\"https:\/\/innovexalgerie.com\/machines\/produit\/machine-sous-vide-1-barre-dq-420q\/#primaryimage\"},\"datePublished\":\"2021-03-24T19:45:20+00:00\",\"dateModified\":\"2023-04-10T11:57:12+00:00\",\"description\":\"Machine sous vide avec une seule barre de soudure de 400 mm, elle est id\\u00e9ale pour un conditionnement optimal des produits agro alimentaires.\",\"breadcrumb\":{\"@id\":\"https:\/\/innovexalgerie.com\/machines\/produit\/machine-sous-vide-1-barre-dq-420q\/#breadcrumb\"},\"inLanguage\":\"fr-FR\",\"potentialAction\":[{\"@type\":\"ReadAction\",\"target\":[\"https:\/\/innovexalgerie.com\/machines\/produit\/machine-sous-vide-1-barre-dq-420q\/\"]}]},{\"@type\":\"BreadcrumbList\",\"@id\":\"https:\/\/innovexalgerie.com\/machines\/produit\/machine-sous-vide-1-barre-dq-420q\/#breadcrumb\",\"itemListElement\":[{\"@type\":\"ListItem\",\"position\":1,\"name\":\"Accueil\",\"item\":\"https:\/\/innovexalgerie.com\/machines\/\"},{\"@type\":\"ListItem\",\"position\":2,\"name\":\"Produits\",\"item\":\"https:\/\/innovexalgerie.com\/machines\/boutique\/\"},{\"@type\":\"ListItem\",\"position\":3,\"name\":\"Machine Sous-vide 1 barre DQ-420Q\"}]}]}<\/script>\n<!-- \/ Yoast SEO Premium plugin. -->","yoast_head_json":{"title":"Machine Sous-vide 1 barre DQ-420Q - Innovex Machines | Innovex Algerie","description":"Machine sous vide avec une seule barre de soudure de 400 mm, elle est id\u00e9ale pour un conditionnement optimal des produits agro alimentaires.","robots":{"index":"index","follow":"follow","max-snippet":"max-snippet:-1","max-image-preview":"max-image-preview:large","max-video-preview":"max-video-preview:-1"},"canonical":"https:\/\/innovexalgerie.com\/machines\/produit\/machine-sous-vide-1-barre-dq-420q\/","og_locale":"fr_FR","og_type":"article","og_title":"Machine Sous-vide 1 barre DQ-420Q - Innovex Machines | Innovex Algerie","og_description":"Machine sous vide avec une seule barre de soudure de 400 mm, elle est id\u00e9ale pour un conditionnement optimal des produits agro alimentaires.","og_url":"https:\/\/innovexalgerie.com\/machines\/produit\/machine-sous-vide-1-barre-dq-420q\/","og_site_name":"Innovex Machines | Innovex Algerie","article_publisher":"https:\/\/www.facebook.com\/innovexmachine1","article_modified_time":"2023-04-10T11:57:12+00:00","og_image":[{"width":525,"height":525,"url":"https:\/\/innovexalgerie.com\/machines\/wp-content\/uploads\/2021\/03\/DQ-420Q-innovex-1.jpg","path":"\/home\/inovex\/public_html\/machines\/wp-content\/uploads\/2021\/03\/DQ-420Q-innovex-1.jpg","size":"full","id":29133,"alt":"","pixels":275625,"type":"image\/jpeg"}],"twitter_card":"summary_large_image","twitter_misc":{"Dur\u00e9e de lecture est.":"1 minute"},"schema":{"@context":"https:\/\/schema.org","@graph":[{"@type":"WebSite","@id":"https:\/\/innovexalgerie.com\/machines\/#website","url":"https:\/\/innovexalgerie.com\/machines\/","name":"Innovex Machines | Innovex Algerie","description":"Fournisseur de machines d&#039;emballage et d&#039;imprimerie","potentialAction":[{"@type":"SearchAction","target":{"@type":"EntryPoint","urlTemplate":"https:\/\/innovexalgerie.com\/machines\/?s={search_term_string}"},"query-input":"required name=search_term_string"}],"inLanguage":"fr-FR"},{"@type":"ImageObject","@id":"https:\/\/innovexalgerie.com\/machines\/produit\/machine-sous-vide-1-barre-dq-420q\/#primaryimage","inLanguage":"fr-FR","url":"https:\/\/innovexalgerie.com\/machines\/wp-content\/uploads\/2021\/03\/DQ-420Q-innovex-1.jpg","contentUrl":"https:\/\/innovexalgerie.com\/machines\/wp-content\/uploads\/2021\/03\/DQ-420Q-innovex-1.jpg","width":525,"height":525},{"@type":"WebPage","@id":"https:\/\/innovexalgerie.com\/machines\/produit\/machine-sous-vide-1-barre-dq-420q\/#webpage","url":"https:\/\/innovexalgerie.com\/machines\/produit\/machine-sous-vide-1-barre-dq-420q\/","name":"Machine Sous-vide 1 barre DQ-420Q - Innovex Machines | Innovex Algerie","isPartOf":{"@id":"https:\/\/innovexalgerie.com\/machines\/#website"},"primaryImageOfPage":{"@id":"https:\/\/innovexalgerie.com\/machines\/produit\/machine-sous-vide-1-barre-dq-420q\/#primaryimage"},"datePublished":"2021-03-24T19:45:20+00:00","dateModified":"2023-04-10T11:57:12+00:00","description":"Machine sous vide avec une seule barre de soudure de 400 mm, elle est id\u00e9ale pour un conditionnement optimal des produits agro alimentaires.","breadcrumb":{"@id":"https:\/\/innovexalgerie.com\/machines\/produit\/machine-sous-vide-1-barre-dq-420q\/#breadcrumb"},"inLanguage":"fr-FR","potentialAction":[{"@type":"ReadAction","target":["https:\/\/innovexalgerie.com\/machines\/produit\/machine-sous-vide-1-barre-dq-420q\/"]}]},{"@type":"BreadcrumbList","@id":"https:\/\/innovexalgerie.com\/machines\/produit\/machine-sous-vide-1-barre-dq-420q\/#breadcrumb","itemListElement":[{"@type":"ListItem","position":1,"name":"Accueil","item":"https:\/\/innovexalgerie.com\/machines\/"},{"@type":"ListItem","position":2,"name":"Produits","item":"https:\/\/innovexalgerie.com\/machines\/boutique\/"},{"@type":"ListItem","position":3,"name":"Machine Sous-vide 1 barre DQ-420Q"}]}]}},"_links":{"self":[{"href":"https:\/\/innovexalgerie.com\/machines\/wp-json\/wp\/v2\/product\/67","targetHints":{"allow":["GET"]}}],"collection":[{"href":"https:\/\/innovexalgerie.com\/machines\/wp-json\/wp\/v2\/product"}],"about":[{"href":"https:\/\/innovexalgerie.com\/machines\/wp-json\/wp\/v2\/types\/product"}],"version-history":[{"count":10,"href":"https:\/\/innovexalgerie.com\/machines\/wp-json\/wp\/v2\/product\/67\/revisions"}],"predecessor-version":[{"id":30952,"href":"https:\/\/innovexalgerie.com\/machines\/wp-json\/wp\/v2\/product\/67\/revisions\/30952"}],"wp:featuredmedia":[{"embeddable":true,"href":"https:\/\/innovexalgerie.com\/machines\/wp-json\/wp\/v2\/media\/29133"}],"wp:attachment":[{"href":"https:\/\/innovexalgerie.com\/machines\/wp-json\/wp\/v2\/media?parent=67"}],"wp:term":[{"taxonomy":"product_cat","embeddable":true,"href":"https:\/\/innovexalgerie.com\/machines\/wp-json\/wp\/v2\/product_cat?post=67"},{"taxonomy":"product_tag","embeddable":true,"href":"https:\/\/innovexalgerie.com\/machines\/wp-json\/wp\/v2\/product_tag?post=67"}],"curies":[{"name":"wp","href":"https:\/\/api.w.org\/{rel}","templated":true}]}}