{"id":75,"date":"2021-03-24T20:45:20","date_gmt":"2021-03-24T19:45:20","guid":{"rendered":"https:\/\/innovexalgerie.com\/machines2\/?post_type=product&#038;p=75"},"modified":"2022-05-31T14:41:29","modified_gmt":"2022-05-31T13:41:29","slug":"filmeuse-en-l-a-pedale-ys-sl-6045b","status":"publish","type":"product","link":"https:\/\/innovexalgerie.com\/machines\/produit\/filmeuse-en-l-a-pedale-ys-sl-6045b\/","title":{"rendered":"Filmeuse en L \u00e0 p\u00e9dale semi automatique YS-SL-6045B"},"content":{"rendered":"<p>Soudeuse en L automatique pneumatique <strong>YS-SL-6045B<\/strong> pour emballage r\u00e9tractable, c&rsquo;est la meilleure solution pour la r\u00e9traction des moyennes et grandes s\u00e9ries dans les processus industriels continus. descente de cadre de soudure pneumatique gr\u00e2ce a une p\u00e9dale, bouton, ou une minuterie. Le produit est transport\u00e9 avec un convoyeur motoris\u00e9 vers le tunnel de r\u00e9traction.<\/p>\n<ul>\n<li>Descente de barre de soudure gr\u00e2ce \u00e0 un v\u00e9rin pneumatique avec une p\u00e9dale, ou bouton ou bien automatique par minuterie.<\/li>\n<li>Temp\u00e9rature, dur\u00e9e de soudure et vitesse de convoyeur r\u00e9glables.<\/li>\n<li>Fonctionnement silencieux et niveau de bruit r\u00e9duit.<\/li>\n<li>Lame de soudure avec rev\u00eatement en t\u00e9flon pour une dur\u00e9e de vie accrue.<\/li>\n<li>Roues verrouillables pour faciliter le d\u00e9placement et la fixation de la machine.<\/li>\n<li>Syst\u00e8me de perforation du film pour \u00e9viter la formation de bulles d\u2019air.<\/li>\n<li>Compatible avec touts types de fours de r\u00e9traction, de diff\u00e9rentes hauteurs et dimensions.<\/li>\n<li>Machine conforme aux normes CE.<\/li>\n<\/ul>\n<p><img loading=\"lazy\" decoding=\"async\" class=\"alignnone wp-image-30561\" src=\"https:\/\/innovexalgerie.com\/machines\/wp-content\/uploads\/2021\/03\/DIMENSION-DU-PRODUIT-SOUDEUSE-YS-SL-6045B.jpg\" alt=\"DIMENSION-DU-PRODUIT-SOUDEUSE--YS-SL-6045B\" width=\"583\" height=\"182\" srcset=\"https:\/\/innovexalgerie.com\/machines\/wp-content\/uploads\/2021\/03\/DIMENSION-DU-PRODUIT-SOUDEUSE-YS-SL-6045B.jpg 743w, https:\/\/innovexalgerie.com\/machines\/wp-content\/uploads\/2021\/03\/DIMENSION-DU-PRODUIT-SOUDEUSE-YS-SL-6045B-300x94.jpg 300w, https:\/\/innovexalgerie.com\/machines\/wp-content\/uploads\/2021\/03\/DIMENSION-DU-PRODUIT-SOUDEUSE-YS-SL-6045B-600x187.jpg 600w\" sizes=\"auto, (max-width: 583px) 100vw, 583px\" \/><img loading=\"lazy\" decoding=\"async\" class=\"alignnone wp-image-30522\" src=\"https:\/\/innovexalgerie.com\/machines\/wp-content\/uploads\/2021\/03\/filmeuse-a-cloche.jpg\" alt=\"filmeuse \u00e0 cloche\" width=\"548\" height=\"417\" srcset=\"https:\/\/innovexalgerie.com\/machines\/wp-content\/uploads\/2021\/03\/filmeuse-a-cloche.jpg 650w, https:\/\/innovexalgerie.com\/machines\/wp-content\/uploads\/2021\/03\/filmeuse-a-cloche-300x228.jpg 300w, https:\/\/innovexalgerie.com\/machines\/wp-content\/uploads\/2021\/03\/filmeuse-a-cloche-600x457.jpg 600w\" sizes=\"auto, (max-width: 548px) 100vw, 548px\" \/><\/p>\n<div style=\"width: 640px;\" class=\"wp-video\"><video class=\"wp-video-shortcode\" id=\"video-75-1\" width=\"640\" height=\"360\" preload=\"metadata\" controls=\"controls\"><source type=\"video\/mp4\" src=\"https:\/\/innovexalgerie.com\/machines\/wp-content\/uploads\/2021\/03\/machine-soudeuse-en-l-ys-sl-6045b.mp4?_=1\" \/><a href=\"https:\/\/innovexalgerie.com\/machines\/wp-content\/uploads\/2021\/03\/machine-soudeuse-en-l-ys-sl-6045b.mp4\">https:\/\/innovexalgerie.com\/machines\/wp-content\/uploads\/2021\/03\/machine-soudeuse-en-l-ys-sl-6045b.mp4<\/a><\/video><\/div>\n<p>&nbsp;<\/p>\n","protected":false},"excerpt":{"rendered":"<p>Soudeuse en L semi-automatique pneumatique rapide et fiable pour emballer des produits d&rsquo;une dimension maximum de La 580 x Lo 430 x H 300 mm.<img loading=\"lazy\" decoding=\"async\" class=\"alignnone size-full wp-image-30568\" src=\"https:\/\/innovexalgerie.com\/machines\/wp-content\/uploads\/2021\/03\/icon-soudeuse-pneumatique-ys-sl-6045b-innovex-machine.jpg\" alt=\"icon-soudeuse-pneumatique-ys-sl-6045b-innovex-machine\" width=\"891\" height=\"217\" srcset=\"https:\/\/innovexalgerie.com\/machines\/wp-content\/uploads\/2021\/03\/icon-soudeuse-pneumatique-ys-sl-6045b-innovex-machine.jpg 891w, https:\/\/innovexalgerie.com\/machines\/wp-content\/uploads\/2021\/03\/icon-soudeuse-pneumatique-ys-sl-6045b-innovex-machine-300x73.jpg 300w, https:\/\/innovexalgerie.com\/machines\/wp-content\/uploads\/2021\/03\/icon-soudeuse-pneumatique-ys-sl-6045b-innovex-machine-768x187.jpg 768w, https:\/\/innovexalgerie.com\/machines\/wp-content\/uploads\/2021\/03\/icon-soudeuse-pneumatique-ys-sl-6045b-innovex-machine-600x146.jpg 600w\" sizes=\"auto, (max-width: 891px) 100vw, 891px\" \/><\/p>\n","protected":false},"featured_media":123,"template":"","meta":{"_monsterinsights_skip_tracking":false,"_monsterinsights_sitenote_active":false,"_monsterinsights_sitenote_note":"","_monsterinsights_sitenote_category":0},"product_cat":[35,210],"product_tag":[30,24,31],"class_list":["post-75","product","type-product","status-publish","has-post-thumbnail","hentry","product_cat-fardeleuse-et-cellophaneuse","product_cat-filmeuses-en-l","product_tag-cellophaneuse","product_tag-emballage","product_tag-fardeleuse"],"yoast_head":"<!-- This site is optimized with the Yoast SEO Premium plugin v16.2 (Yoast SEO v16.7) - https:\/\/yoast.com\/wordpress\/plugins\/seo\/ -->\n<title>Filmeuse en L \u00e0 p\u00e9dale semi automatique YS-SL-6045B - Innovex Machines | Innovex Algerie<\/title>\n<meta name=\"description\" content=\"Soudeuse en L semi-automatique pneumatique rapide et fiable pour emballer des produits d&#039;une dimension maximum de La 580 x Lo 430 x H 300 mm.\" \/>\n<meta name=\"robots\" content=\"index, follow, max-snippet:-1, max-image-preview:large, max-video-preview:-1\" \/>\n<link rel=\"canonical\" href=\"https:\/\/innovexalgerie.com\/machines\/produit\/filmeuse-en-l-a-pedale-ys-sl-6045b\/\" \/>\n<meta property=\"og:locale\" content=\"fr_FR\" \/>\n<meta property=\"og:type\" content=\"article\" \/>\n<meta property=\"og:title\" content=\"Filmeuse en L \u00e0 p\u00e9dale semi automatique YS-SL-6045B - Innovex Machines | Innovex Algerie\" \/>\n<meta property=\"og:description\" content=\"Soudeuse en L semi-automatique pneumatique rapide et fiable pour emballer des produits d&#039;une dimension maximum de La 580 x Lo 430 x H 300 mm.\" \/>\n<meta property=\"og:url\" content=\"https:\/\/innovexalgerie.com\/machines\/produit\/filmeuse-en-l-a-pedale-ys-sl-6045b\/\" \/>\n<meta property=\"og:site_name\" content=\"Innovex Machines | Innovex Algerie\" \/>\n<meta property=\"article:publisher\" content=\"https:\/\/www.facebook.com\/innovexmachine1\" \/>\n<meta property=\"article:modified_time\" content=\"2022-05-31T13:41:29+00:00\" \/>\n<meta property=\"og:image\" content=\"https:\/\/innovexalgerie.com\/machines\/wp-content\/uploads\/2021\/03\/soudeuse-l-pneumatique-1.jpg\" \/>\n\t<meta property=\"og:image:width\" content=\"1000\" \/>\n\t<meta property=\"og:image:height\" content=\"1000\" \/>\n<meta name=\"twitter:card\" content=\"summary_large_image\" \/>\n<meta name=\"twitter:label1\" content=\"Dur\u00e9e de lecture est.\" \/>\n\t<meta name=\"twitter:data1\" content=\"2 minutes\" \/>\n<script type=\"application\/ld+json\" class=\"yoast-schema-graph\">{\"@context\":\"https:\/\/schema.org\",\"@graph\":[{\"@type\":\"WebSite\",\"@id\":\"https:\/\/innovexalgerie.com\/machines\/#website\",\"url\":\"https:\/\/innovexalgerie.com\/machines\/\",\"name\":\"Innovex Machines | Innovex Algerie\",\"description\":\"Fournisseur de machines d&#039;emballage et d&#039;imprimerie\",\"potentialAction\":[{\"@type\":\"SearchAction\",\"target\":{\"@type\":\"EntryPoint\",\"urlTemplate\":\"https:\/\/innovexalgerie.com\/machines\/?s={search_term_string}\"},\"query-input\":\"required name=search_term_string\"}],\"inLanguage\":\"fr-FR\"},{\"@type\":\"ImageObject\",\"@id\":\"https:\/\/innovexalgerie.com\/machines\/produit\/filmeuse-en-l-a-pedale-ys-sl-6045b\/#primaryimage\",\"inLanguage\":\"fr-FR\",\"url\":\"https:\/\/innovexalgerie.com\/machines\/wp-content\/uploads\/2021\/03\/soudeuse-l-pneumatique-1.jpg\",\"contentUrl\":\"https:\/\/innovexalgerie.com\/machines\/wp-content\/uploads\/2021\/03\/soudeuse-l-pneumatique-1.jpg\",\"width\":1000,\"height\":1000},{\"@type\":\"WebPage\",\"@id\":\"https:\/\/innovexalgerie.com\/machines\/produit\/filmeuse-en-l-a-pedale-ys-sl-6045b\/#webpage\",\"url\":\"https:\/\/innovexalgerie.com\/machines\/produit\/filmeuse-en-l-a-pedale-ys-sl-6045b\/\",\"name\":\"Filmeuse en L \\u00e0 p\\u00e9dale semi automatique YS-SL-6045B - Innovex Machines | Innovex Algerie\",\"isPartOf\":{\"@id\":\"https:\/\/innovexalgerie.com\/machines\/#website\"},\"primaryImageOfPage\":{\"@id\":\"https:\/\/innovexalgerie.com\/machines\/produit\/filmeuse-en-l-a-pedale-ys-sl-6045b\/#primaryimage\"},\"datePublished\":\"2021-03-24T19:45:20+00:00\",\"dateModified\":\"2022-05-31T13:41:29+00:00\",\"description\":\"Soudeuse en L semi-automatique pneumatique rapide et fiable pour emballer des produits d'une dimension maximum de La 580 x Lo 430 x H 300 mm.\",\"breadcrumb\":{\"@id\":\"https:\/\/innovexalgerie.com\/machines\/produit\/filmeuse-en-l-a-pedale-ys-sl-6045b\/#breadcrumb\"},\"inLanguage\":\"fr-FR\",\"potentialAction\":[{\"@type\":\"ReadAction\",\"target\":[\"https:\/\/innovexalgerie.com\/machines\/produit\/filmeuse-en-l-a-pedale-ys-sl-6045b\/\"]}]},{\"@type\":\"BreadcrumbList\",\"@id\":\"https:\/\/innovexalgerie.com\/machines\/produit\/filmeuse-en-l-a-pedale-ys-sl-6045b\/#breadcrumb\",\"itemListElement\":[{\"@type\":\"ListItem\",\"position\":1,\"name\":\"Accueil\",\"item\":\"https:\/\/innovexalgerie.com\/machines\/\"},{\"@type\":\"ListItem\",\"position\":2,\"name\":\"Produits\",\"item\":\"https:\/\/innovexalgerie.com\/machines\/boutique\/\"},{\"@type\":\"ListItem\",\"position\":3,\"name\":\"Filmeuse en L \\u00e0 p\\u00e9dale semi automatique YS-SL-6045B\"}]}]}<\/script>\n<!-- \/ Yoast SEO Premium plugin. -->","yoast_head_json":{"title":"Filmeuse en L \u00e0 p\u00e9dale semi automatique YS-SL-6045B - Innovex Machines | Innovex Algerie","description":"Soudeuse en L semi-automatique pneumatique rapide et fiable pour emballer des produits d'une dimension maximum de La 580 x Lo 430 x H 300 mm.","robots":{"index":"index","follow":"follow","max-snippet":"max-snippet:-1","max-image-preview":"max-image-preview:large","max-video-preview":"max-video-preview:-1"},"canonical":"https:\/\/innovexalgerie.com\/machines\/produit\/filmeuse-en-l-a-pedale-ys-sl-6045b\/","og_locale":"fr_FR","og_type":"article","og_title":"Filmeuse en L \u00e0 p\u00e9dale semi automatique YS-SL-6045B - Innovex Machines | Innovex Algerie","og_description":"Soudeuse en L semi-automatique pneumatique rapide et fiable pour emballer des produits d'une dimension maximum de La 580 x Lo 430 x H 300 mm.","og_url":"https:\/\/innovexalgerie.com\/machines\/produit\/filmeuse-en-l-a-pedale-ys-sl-6045b\/","og_site_name":"Innovex Machines | Innovex Algerie","article_publisher":"https:\/\/www.facebook.com\/innovexmachine1","article_modified_time":"2022-05-31T13:41:29+00:00","og_image":[{"width":1000,"height":1000,"url":"https:\/\/innovexalgerie.com\/machines\/wp-content\/uploads\/2021\/03\/soudeuse-l-pneumatique-1.jpg","path":"\/home\/inovex\/public_html\/machines\/wp-content\/uploads\/2021\/03\/soudeuse-l-pneumatique-1.jpg","size":"full","id":123,"alt":"","pixels":1000000,"type":"image\/jpeg"}],"twitter_card":"summary_large_image","twitter_misc":{"Dur\u00e9e de lecture est.":"2 minutes"},"schema":{"@context":"https:\/\/schema.org","@graph":[{"@type":"WebSite","@id":"https:\/\/innovexalgerie.com\/machines\/#website","url":"https:\/\/innovexalgerie.com\/machines\/","name":"Innovex Machines | Innovex Algerie","description":"Fournisseur de machines d&#039;emballage et d&#039;imprimerie","potentialAction":[{"@type":"SearchAction","target":{"@type":"EntryPoint","urlTemplate":"https:\/\/innovexalgerie.com\/machines\/?s={search_term_string}"},"query-input":"required name=search_term_string"}],"inLanguage":"fr-FR"},{"@type":"ImageObject","@id":"https:\/\/innovexalgerie.com\/machines\/produit\/filmeuse-en-l-a-pedale-ys-sl-6045b\/#primaryimage","inLanguage":"fr-FR","url":"https:\/\/innovexalgerie.com\/machines\/wp-content\/uploads\/2021\/03\/soudeuse-l-pneumatique-1.jpg","contentUrl":"https:\/\/innovexalgerie.com\/machines\/wp-content\/uploads\/2021\/03\/soudeuse-l-pneumatique-1.jpg","width":1000,"height":1000},{"@type":"WebPage","@id":"https:\/\/innovexalgerie.com\/machines\/produit\/filmeuse-en-l-a-pedale-ys-sl-6045b\/#webpage","url":"https:\/\/innovexalgerie.com\/machines\/produit\/filmeuse-en-l-a-pedale-ys-sl-6045b\/","name":"Filmeuse en L \u00e0 p\u00e9dale semi automatique YS-SL-6045B - Innovex Machines | Innovex Algerie","isPartOf":{"@id":"https:\/\/innovexalgerie.com\/machines\/#website"},"primaryImageOfPage":{"@id":"https:\/\/innovexalgerie.com\/machines\/produit\/filmeuse-en-l-a-pedale-ys-sl-6045b\/#primaryimage"},"datePublished":"2021-03-24T19:45:20+00:00","dateModified":"2022-05-31T13:41:29+00:00","description":"Soudeuse en L semi-automatique pneumatique rapide et fiable pour emballer des produits d'une dimension maximum de La 580 x Lo 430 x H 300 mm.","breadcrumb":{"@id":"https:\/\/innovexalgerie.com\/machines\/produit\/filmeuse-en-l-a-pedale-ys-sl-6045b\/#breadcrumb"},"inLanguage":"fr-FR","potentialAction":[{"@type":"ReadAction","target":["https:\/\/innovexalgerie.com\/machines\/produit\/filmeuse-en-l-a-pedale-ys-sl-6045b\/"]}]},{"@type":"BreadcrumbList","@id":"https:\/\/innovexalgerie.com\/machines\/produit\/filmeuse-en-l-a-pedale-ys-sl-6045b\/#breadcrumb","itemListElement":[{"@type":"ListItem","position":1,"name":"Accueil","item":"https:\/\/innovexalgerie.com\/machines\/"},{"@type":"ListItem","position":2,"name":"Produits","item":"https:\/\/innovexalgerie.com\/machines\/boutique\/"},{"@type":"ListItem","position":3,"name":"Filmeuse en L \u00e0 p\u00e9dale semi automatique YS-SL-6045B"}]}]}},"_links":{"self":[{"href":"https:\/\/innovexalgerie.com\/machines\/wp-json\/wp\/v2\/product\/75","targetHints":{"allow":["GET"]}}],"collection":[{"href":"https:\/\/innovexalgerie.com\/machines\/wp-json\/wp\/v2\/product"}],"about":[{"href":"https:\/\/innovexalgerie.com\/machines\/wp-json\/wp\/v2\/types\/product"}],"version-history":[{"count":6,"href":"https:\/\/innovexalgerie.com\/machines\/wp-json\/wp\/v2\/product\/75\/revisions"}],"predecessor-version":[{"id":29150,"href":"https:\/\/innovexalgerie.com\/machines\/wp-json\/wp\/v2\/product\/75\/revisions\/29150"}],"wp:featuredmedia":[{"embeddable":true,"href":"https:\/\/innovexalgerie.com\/machines\/wp-json\/wp\/v2\/media\/123"}],"wp:attachment":[{"href":"https:\/\/innovexalgerie.com\/machines\/wp-json\/wp\/v2\/media?parent=75"}],"wp:term":[{"taxonomy":"product_cat","embeddable":true,"href":"https:\/\/innovexalgerie.com\/machines\/wp-json\/wp\/v2\/product_cat?post=75"},{"taxonomy":"product_tag","embeddable":true,"href":"https:\/\/innovexalgerie.com\/machines\/wp-json\/wp\/v2\/product_tag?post=75"}],"curies":[{"name":"wp","href":"https:\/\/api.w.org\/{rel}","templated":true}]}}