{"id":76,"date":"2021-03-24T20:45:20","date_gmt":"2021-03-24T19:45:20","guid":{"rendered":"https:\/\/innovexalgerie.com\/machines2\/?post_type=product&#038;p=76"},"modified":"2025-05-22T11:44:56","modified_gmt":"2025-05-22T10:44:56","slug":"filmeuse-a-cloche-multifonctions-ys-zb-4255","status":"publish","type":"product","link":"https:\/\/innovexalgerie.com\/machines\/produit\/filmeuse-a-cloche-multifonctions-ys-zb-4255\/","title":{"rendered":"Filmeuse \u00e0 cloche multifonctions YS-ZB-4255"},"content":{"rendered":"<p>La fardeleuse \u00e0 cloche multifonctions <strong>YS-ZB-4255<\/strong> est la solution la plus \u00e9conomique et polyvalente pour r\u00e9tr\u00e9cir toutes sortes de produits, elle peut \u00eatre utilis\u00e9e dans pratiquement tous les types de produits \u00e0 emballage r\u00e9tractable, tels que la nourriture, les produits pharmaceutiques, la parfumerie et les cosm\u00e9tiques, livres, jouets, \u00e9lectronique, etc &#8230; Vous pouvez pr\u00e9parer les produits \u00e0 la vente ou \u00e0 la pr\u00e9sentation imm\u00e9diatement.<\/p>\n<ul>\n<li>Soudage et r\u00e9traction en une op\u00e9ration.<\/li>\n<li>Moteur du ventilateur plus efficace: performance de r\u00e9traction sup\u00e9rieure.<\/li>\n<li>Couvercle transparent ce qui permet de voir le produit tout au long du processus.<\/li>\n<li>R\u00e9glage de temp\u00e9rature, dur\u00e9e de soudure et r\u00e9traction.<\/li>\n<li>Syst\u00e8me de perforation du film pour \u00e9viter la formation de bulles d\u2019air<\/li>\n<li>S\u00e9curit\u00e9 et ergonomie optimis\u00e9s<\/li>\n<li>Lame de soudure avec rev\u00eatement en t\u00e9flon pour une dur\u00e9e de vie accrue.<\/li>\n<li>Roues verrouillables pour faciliter le d\u00e9placement et la fixation de la machine.<\/li>\n<li>Ouverture retard\u00e9e du capot pour \u00e9conomiser l&rsquo;\u00e9nergie (l&rsquo;air chaud ne s&rsquo;\u00e9chappe pas).<\/li>\n<li>Machine conforme aux normes CE.<\/li>\n<li><img loading=\"lazy\" decoding=\"async\" class=\"alignnone wp-image-30555\" src=\"https:\/\/innovexalgerie.com\/machines\/wp-content\/uploads\/2021\/03\/DIMENSION-DU-PRODUIT-FILMEUSE-YS-ZB-4255.jpg\" alt=\"DIMENSION-DU-PRODUIT--FILMEUSE-YS-ZB-4255\" width=\"589\" height=\"184\" srcset=\"https:\/\/innovexalgerie.com\/machines\/wp-content\/uploads\/2021\/03\/DIMENSION-DU-PRODUIT-FILMEUSE-YS-ZB-4255.jpg 743w, https:\/\/innovexalgerie.com\/machines\/wp-content\/uploads\/2021\/03\/DIMENSION-DU-PRODUIT-FILMEUSE-YS-ZB-4255-300x94.jpg 300w, https:\/\/innovexalgerie.com\/machines\/wp-content\/uploads\/2021\/03\/DIMENSION-DU-PRODUIT-FILMEUSE-YS-ZB-4255-600x187.jpg 600w\" sizes=\"auto, (max-width: 589px) 100vw, 589px\" \/><img loading=\"lazy\" decoding=\"async\" class=\"alignnone wp-image-30522\" src=\"https:\/\/innovexalgerie.com\/machines\/wp-content\/uploads\/2021\/03\/filmeuse-a-cloche.jpg\" alt=\"filmeuse \u00e0 cloche\" width=\"509\" height=\"388\" srcset=\"https:\/\/innovexalgerie.com\/machines\/wp-content\/uploads\/2021\/03\/filmeuse-a-cloche.jpg 650w, https:\/\/innovexalgerie.com\/machines\/wp-content\/uploads\/2021\/03\/filmeuse-a-cloche-300x228.jpg 300w, https:\/\/innovexalgerie.com\/machines\/wp-content\/uploads\/2021\/03\/filmeuse-a-cloche-600x457.jpg 600w\" sizes=\"auto, (max-width: 509px) 100vw, 509px\" \/><\/li>\n<\/ul>\n<div style=\"width: 640px;\" class=\"wp-video\"><video class=\"wp-video-shortcode\" id=\"video-76-1\" width=\"640\" height=\"360\" preload=\"metadata\" controls=\"controls\"><source type=\"video\/mp4\" src=\"https:\/\/innovexalgerie.com\/machines\/wp-content\/uploads\/2021\/03\/filmeuse-a\u0300-cloche-4255-innovex.mp4?_=1\" \/><a href=\"https:\/\/innovexalgerie.com\/machines\/wp-content\/uploads\/2021\/03\/filmeuse-a\u0300-cloche-4255-innovex.mp4\">https:\/\/innovexalgerie.com\/machines\/wp-content\/uploads\/2021\/03\/filmeuse-a\u0300-cloche-4255-innovex.mp4<\/a><\/video><\/div>\n","protected":false},"excerpt":{"rendered":"<p>La fardeleuse \u00e0 cloche multifonctions soudure en forme L permet d&#8217;emballer des produits sous film r\u00e9tractable en une seule op\u00e9ration, adapt\u00e9e aux moyennes \/ petites entreprises de production d&rsquo;une dimension maximale de La 420 x\u00a0 Lo 550 x H 280 mm.<img loading=\"lazy\" decoding=\"async\" class=\"alignnone size-full wp-image-30519\" src=\"https:\/\/innovexalgerie.com\/machines\/wp-content\/uploads\/2021\/03\/icon-filmeuse-a-cloche-ys-zb4255-innovex-machine.jpg\" alt=\"icon filmeuse \u00e0 cloche-ys-zb4255-innovex machine\" width=\"891\" height=\"196\" srcset=\"https:\/\/innovexalgerie.com\/machines\/wp-content\/uploads\/2021\/03\/icon-filmeuse-a-cloche-ys-zb4255-innovex-machine.jpg 891w, https:\/\/innovexalgerie.com\/machines\/wp-content\/uploads\/2021\/03\/icon-filmeuse-a-cloche-ys-zb4255-innovex-machine-300x66.jpg 300w, https:\/\/innovexalgerie.com\/machines\/wp-content\/uploads\/2021\/03\/icon-filmeuse-a-cloche-ys-zb4255-innovex-machine-768x169.jpg 768w, https:\/\/innovexalgerie.com\/machines\/wp-content\/uploads\/2021\/03\/icon-filmeuse-a-cloche-ys-zb4255-innovex-machine-600x132.jpg 600w\" sizes=\"auto, (max-width: 891px) 100vw, 891px\" \/><\/p>\n","protected":false},"featured_media":33336,"template":"","meta":{"_monsterinsights_skip_tracking":false,"_monsterinsights_sitenote_active":false,"_monsterinsights_sitenote_note":"","_monsterinsights_sitenote_category":0},"product_cat":[35,209],"product_tag":[30,37,24,31,38,39,40],"class_list":["post-76","product","type-product","status-publish","has-post-thumbnail","hentry","product_cat-fardeleuse-et-cellophaneuse","product_cat-filmeuses-a-cloche","product_tag-cellophaneuse","product_tag-conditionneuse","product_tag-emballage","product_tag-fardeleuse","product_tag-fardeleuse-a-cloche","product_tag-fardeleuse-multifonctions","product_tag-filmeuse"],"yoast_head":"<!-- This site is optimized with the Yoast SEO Premium plugin v16.2 (Yoast SEO v16.7) - https:\/\/yoast.com\/wordpress\/plugins\/seo\/ -->\n<title>Filmeuse \u00e0 cloche multifonctions YS-ZB-4255 - Innovex Machines | Innovex Algerie<\/title>\n<meta name=\"description\" content=\"Fardeleuse \u00e0 cloche multifonctions est solution la plus \u00e9conomique et polyvalente pour r\u00e9tr\u00e9cir toutes sortes de produits.\" \/>\n<meta name=\"robots\" content=\"index, follow, max-snippet:-1, max-image-preview:large, max-video-preview:-1\" \/>\n<link rel=\"canonical\" href=\"https:\/\/innovexalgerie.com\/machines\/produit\/filmeuse-a-cloche-multifonctions-ys-zb-4255\/\" \/>\n<meta property=\"og:locale\" content=\"fr_FR\" \/>\n<meta property=\"og:type\" content=\"article\" \/>\n<meta property=\"og:title\" content=\"Filmeuse \u00e0 cloche multifonctions YS-ZB-4255 - Innovex Machines | Innovex Algerie\" \/>\n<meta property=\"og:description\" content=\"Fardeleuse \u00e0 cloche multifonctions est solution la plus \u00e9conomique et polyvalente pour r\u00e9tr\u00e9cir toutes sortes de produits.\" \/>\n<meta property=\"og:url\" content=\"https:\/\/innovexalgerie.com\/machines\/produit\/filmeuse-a-cloche-multifonctions-ys-zb-4255\/\" \/>\n<meta property=\"og:site_name\" content=\"Innovex Machines | Innovex Algerie\" \/>\n<meta property=\"article:publisher\" content=\"https:\/\/www.facebook.com\/innovexmachine1\" \/>\n<meta property=\"article:modified_time\" content=\"2025-05-22T10:44:56+00:00\" \/>\n<meta property=\"og:image\" content=\"https:\/\/innovexalgerie.com\/machines\/wp-content\/uploads\/2017\/02\/4255.jpg\" \/>\n\t<meta property=\"og:image:width\" content=\"1000\" \/>\n\t<meta property=\"og:image:height\" content=\"1000\" \/>\n<meta name=\"twitter:card\" content=\"summary_large_image\" \/>\n<meta name=\"twitter:label1\" content=\"Dur\u00e9e de lecture est.\" \/>\n\t<meta name=\"twitter:data1\" content=\"2 minutes\" \/>\n<script type=\"application\/ld+json\" class=\"yoast-schema-graph\">{\"@context\":\"https:\/\/schema.org\",\"@graph\":[{\"@type\":\"WebSite\",\"@id\":\"https:\/\/innovexalgerie.com\/machines\/#website\",\"url\":\"https:\/\/innovexalgerie.com\/machines\/\",\"name\":\"Innovex Machines | Innovex Algerie\",\"description\":\"Fournisseur de machines d&#039;emballage et d&#039;imprimerie\",\"potentialAction\":[{\"@type\":\"SearchAction\",\"target\":{\"@type\":\"EntryPoint\",\"urlTemplate\":\"https:\/\/innovexalgerie.com\/machines\/?s={search_term_string}\"},\"query-input\":\"required name=search_term_string\"}],\"inLanguage\":\"fr-FR\"},{\"@type\":\"ImageObject\",\"@id\":\"https:\/\/innovexalgerie.com\/machines\/produit\/filmeuse-a-cloche-multifonctions-ys-zb-4255\/#primaryimage\",\"inLanguage\":\"fr-FR\",\"url\":\"https:\/\/innovexalgerie.com\/machines\/wp-content\/uploads\/2017\/02\/4255.jpg\",\"contentUrl\":\"https:\/\/innovexalgerie.com\/machines\/wp-content\/uploads\/2017\/02\/4255.jpg\",\"width\":1000,\"height\":1000,\"caption\":\"fardeleuse \\u00e0 cloche filmeuse innovex, conditionneuse, cellophaneuse, shrink wrapping machine, alger\"},{\"@type\":\"WebPage\",\"@id\":\"https:\/\/innovexalgerie.com\/machines\/produit\/filmeuse-a-cloche-multifonctions-ys-zb-4255\/#webpage\",\"url\":\"https:\/\/innovexalgerie.com\/machines\/produit\/filmeuse-a-cloche-multifonctions-ys-zb-4255\/\",\"name\":\"Filmeuse \\u00e0 cloche multifonctions YS-ZB-4255 - Innovex Machines | Innovex Algerie\",\"isPartOf\":{\"@id\":\"https:\/\/innovexalgerie.com\/machines\/#website\"},\"primaryImageOfPage\":{\"@id\":\"https:\/\/innovexalgerie.com\/machines\/produit\/filmeuse-a-cloche-multifonctions-ys-zb-4255\/#primaryimage\"},\"datePublished\":\"2021-03-24T19:45:20+00:00\",\"dateModified\":\"2025-05-22T10:44:56+00:00\",\"description\":\"Fardeleuse \\u00e0 cloche multifonctions est solution la plus \\u00e9conomique et polyvalente pour r\\u00e9tr\\u00e9cir toutes sortes de produits.\",\"breadcrumb\":{\"@id\":\"https:\/\/innovexalgerie.com\/machines\/produit\/filmeuse-a-cloche-multifonctions-ys-zb-4255\/#breadcrumb\"},\"inLanguage\":\"fr-FR\",\"potentialAction\":[{\"@type\":\"ReadAction\",\"target\":[\"https:\/\/innovexalgerie.com\/machines\/produit\/filmeuse-a-cloche-multifonctions-ys-zb-4255\/\"]}]},{\"@type\":\"BreadcrumbList\",\"@id\":\"https:\/\/innovexalgerie.com\/machines\/produit\/filmeuse-a-cloche-multifonctions-ys-zb-4255\/#breadcrumb\",\"itemListElement\":[{\"@type\":\"ListItem\",\"position\":1,\"name\":\"Accueil\",\"item\":\"https:\/\/innovexalgerie.com\/machines\/\"},{\"@type\":\"ListItem\",\"position\":2,\"name\":\"Produits\",\"item\":\"https:\/\/innovexalgerie.com\/machines\/boutique\/\"},{\"@type\":\"ListItem\",\"position\":3,\"name\":\"Filmeuse \\u00e0 cloche multifonctions YS-ZB-4255\"}]}]}<\/script>\n<!-- \/ Yoast SEO Premium plugin. -->","yoast_head_json":{"title":"Filmeuse \u00e0 cloche multifonctions YS-ZB-4255 - Innovex Machines | Innovex Algerie","description":"Fardeleuse \u00e0 cloche multifonctions est solution la plus \u00e9conomique et polyvalente pour r\u00e9tr\u00e9cir toutes sortes de produits.","robots":{"index":"index","follow":"follow","max-snippet":"max-snippet:-1","max-image-preview":"max-image-preview:large","max-video-preview":"max-video-preview:-1"},"canonical":"https:\/\/innovexalgerie.com\/machines\/produit\/filmeuse-a-cloche-multifonctions-ys-zb-4255\/","og_locale":"fr_FR","og_type":"article","og_title":"Filmeuse \u00e0 cloche multifonctions YS-ZB-4255 - Innovex Machines | Innovex Algerie","og_description":"Fardeleuse \u00e0 cloche multifonctions est solution la plus \u00e9conomique et polyvalente pour r\u00e9tr\u00e9cir toutes sortes de produits.","og_url":"https:\/\/innovexalgerie.com\/machines\/produit\/filmeuse-a-cloche-multifonctions-ys-zb-4255\/","og_site_name":"Innovex Machines | Innovex Algerie","article_publisher":"https:\/\/www.facebook.com\/innovexmachine1","article_modified_time":"2025-05-22T10:44:56+00:00","og_image":[{"width":1000,"height":1000,"url":"https:\/\/innovexalgerie.com\/machines\/wp-content\/uploads\/2017\/02\/4255.jpg","path":"\/home\/inovex\/public_html\/machines\/wp-content\/uploads\/2017\/02\/4255.jpg","size":"full","id":"25963","alt":"fardeleuse \u00e0 cloche filmeuse innovex, conditionneuse, cellophaneuse, shrink wrapping machine, alger","pixels":1000000,"type":"image\/jpeg"}],"twitter_card":"summary_large_image","twitter_misc":{"Dur\u00e9e de lecture est.":"2 minutes"},"schema":{"@context":"https:\/\/schema.org","@graph":[{"@type":"WebSite","@id":"https:\/\/innovexalgerie.com\/machines\/#website","url":"https:\/\/innovexalgerie.com\/machines\/","name":"Innovex Machines | Innovex Algerie","description":"Fournisseur de machines d&#039;emballage et d&#039;imprimerie","potentialAction":[{"@type":"SearchAction","target":{"@type":"EntryPoint","urlTemplate":"https:\/\/innovexalgerie.com\/machines\/?s={search_term_string}"},"query-input":"required name=search_term_string"}],"inLanguage":"fr-FR"},{"@type":"ImageObject","@id":"https:\/\/innovexalgerie.com\/machines\/produit\/filmeuse-a-cloche-multifonctions-ys-zb-4255\/#primaryimage","inLanguage":"fr-FR","url":"https:\/\/innovexalgerie.com\/machines\/wp-content\/uploads\/2017\/02\/4255.jpg","contentUrl":"https:\/\/innovexalgerie.com\/machines\/wp-content\/uploads\/2017\/02\/4255.jpg","width":1000,"height":1000,"caption":"fardeleuse \u00e0 cloche filmeuse innovex, conditionneuse, cellophaneuse, shrink wrapping machine, alger"},{"@type":"WebPage","@id":"https:\/\/innovexalgerie.com\/machines\/produit\/filmeuse-a-cloche-multifonctions-ys-zb-4255\/#webpage","url":"https:\/\/innovexalgerie.com\/machines\/produit\/filmeuse-a-cloche-multifonctions-ys-zb-4255\/","name":"Filmeuse \u00e0 cloche multifonctions YS-ZB-4255 - Innovex Machines | Innovex Algerie","isPartOf":{"@id":"https:\/\/innovexalgerie.com\/machines\/#website"},"primaryImageOfPage":{"@id":"https:\/\/innovexalgerie.com\/machines\/produit\/filmeuse-a-cloche-multifonctions-ys-zb-4255\/#primaryimage"},"datePublished":"2021-03-24T19:45:20+00:00","dateModified":"2025-05-22T10:44:56+00:00","description":"Fardeleuse \u00e0 cloche multifonctions est solution la plus \u00e9conomique et polyvalente pour r\u00e9tr\u00e9cir toutes sortes de produits.","breadcrumb":{"@id":"https:\/\/innovexalgerie.com\/machines\/produit\/filmeuse-a-cloche-multifonctions-ys-zb-4255\/#breadcrumb"},"inLanguage":"fr-FR","potentialAction":[{"@type":"ReadAction","target":["https:\/\/innovexalgerie.com\/machines\/produit\/filmeuse-a-cloche-multifonctions-ys-zb-4255\/"]}]},{"@type":"BreadcrumbList","@id":"https:\/\/innovexalgerie.com\/machines\/produit\/filmeuse-a-cloche-multifonctions-ys-zb-4255\/#breadcrumb","itemListElement":[{"@type":"ListItem","position":1,"name":"Accueil","item":"https:\/\/innovexalgerie.com\/machines\/"},{"@type":"ListItem","position":2,"name":"Produits","item":"https:\/\/innovexalgerie.com\/machines\/boutique\/"},{"@type":"ListItem","position":3,"name":"Filmeuse \u00e0 cloche multifonctions YS-ZB-4255"}]}]}},"_links":{"self":[{"href":"https:\/\/innovexalgerie.com\/machines\/wp-json\/wp\/v2\/product\/76","targetHints":{"allow":["GET"]}}],"collection":[{"href":"https:\/\/innovexalgerie.com\/machines\/wp-json\/wp\/v2\/product"}],"about":[{"href":"https:\/\/innovexalgerie.com\/machines\/wp-json\/wp\/v2\/types\/product"}],"version-history":[{"count":21,"href":"https:\/\/innovexalgerie.com\/machines\/wp-json\/wp\/v2\/product\/76\/revisions"}],"predecessor-version":[{"id":33337,"href":"https:\/\/innovexalgerie.com\/machines\/wp-json\/wp\/v2\/product\/76\/revisions\/33337"}],"wp:featuredmedia":[{"embeddable":true,"href":"https:\/\/innovexalgerie.com\/machines\/wp-json\/wp\/v2\/media\/33336"}],"wp:attachment":[{"href":"https:\/\/innovexalgerie.com\/machines\/wp-json\/wp\/v2\/media?parent=76"}],"wp:term":[{"taxonomy":"product_cat","embeddable":true,"href":"https:\/\/innovexalgerie.com\/machines\/wp-json\/wp\/v2\/product_cat?post=76"},{"taxonomy":"product_tag","embeddable":true,"href":"https:\/\/innovexalgerie.com\/machines\/wp-json\/wp\/v2\/product_tag?post=76"}],"curies":[{"name":"wp","href":"https:\/\/api.w.org\/{rel}","templated":true}]}}