{"id":77,"date":"2021-03-24T20:45:20","date_gmt":"2021-03-24T19:45:20","guid":{"rendered":"https:\/\/innovexalgerie.com\/machines2\/?post_type=product&#038;p=77"},"modified":"2022-05-31T15:10:44","modified_gmt":"2022-05-31T14:10:44","slug":"filmeuse-a-cloche-multifonctions-ys-zb-6084","status":"publish","type":"product","link":"https:\/\/innovexalgerie.com\/machines\/produit\/filmeuse-a-cloche-multifonctions-ys-zb-6084\/","title":{"rendered":"Filmeuse \u00e0 cloche multifonctions YS-ZB-6084"},"content":{"rendered":"<p>La fardeleuse \u00e0 cloche multifonctions <strong>YS-ZB-6084 <\/strong>est la solution la plus \u00e9conomique et polyvalente pour r\u00e9tr\u00e9cir toutes sortes de produits de petites et moyenne production, elle peut \u00eatre utilis\u00e9e dans pratiquement tout types de produits \u00e0 emballage r\u00e9tractable, tels que la nourriture, les produits pharmaceutiques, la parfumerie et les cosm\u00e9tiques, livres, jouets, \u00e9lectronique avec une grande cuve de dimensions de 600 x 840mm.<\/p>\n<ul>\n<li>Soudure et r\u00e9traction du film en une seule op\u00e9ration.<\/li>\n<li>Deux moteurs du ventilateurs plus efficaces: performance de r\u00e9traction sup\u00e9rieure.<\/li>\n<li>Construction solide.<\/li>\n<li>R\u00e9glage de temp\u00e9rature, dur\u00e9e de soudure et r\u00e9traction.<\/li>\n<li>Couvercle transparent ce qui permet de voir le produit tout au long du processus.<\/li>\n<li>Syst\u00e8me de perforation du film pour \u00e9viter la formation de bulles d\u2019air.<\/li>\n<li>Lame de soudure avec rev\u00eatement en t\u00e9flon pour une dur\u00e9e de vie accrue.<\/li>\n<li>Roues verrouillables pour faciliter le d\u00e9placement et la fixation de la machine.<\/li>\n<li>Machine conforme aux normes CE.<\/li>\n<\/ul>\n<p><img loading=\"lazy\" decoding=\"async\" class=\"alignnone wp-image-30574\" src=\"https:\/\/innovexalgerie.com\/machines\/wp-content\/uploads\/2021\/03\/DIMENSION-DU-PRODUIT-FILMEUSE-YS-ZB-6084.jpg\" alt=\"\" width=\"593\" height=\"185\" srcset=\"https:\/\/innovexalgerie.com\/machines\/wp-content\/uploads\/2021\/03\/DIMENSION-DU-PRODUIT-FILMEUSE-YS-ZB-6084.jpg 743w, https:\/\/innovexalgerie.com\/machines\/wp-content\/uploads\/2021\/03\/DIMENSION-DU-PRODUIT-FILMEUSE-YS-ZB-6084-300x94.jpg 300w, https:\/\/innovexalgerie.com\/machines\/wp-content\/uploads\/2021\/03\/DIMENSION-DU-PRODUIT-FILMEUSE-YS-ZB-6084-600x187.jpg 600w\" sizes=\"auto, (max-width: 593px) 100vw, 593px\" \/><img loading=\"lazy\" decoding=\"async\" class=\"alignnone wp-image-30522\" src=\"https:\/\/innovexalgerie.com\/machines\/wp-content\/uploads\/2021\/03\/filmeuse-a-cloche.jpg\" alt=\"filmeuse \u00e0 cloche\" width=\"513\" height=\"391\" srcset=\"https:\/\/innovexalgerie.com\/machines\/wp-content\/uploads\/2021\/03\/filmeuse-a-cloche.jpg 650w, https:\/\/innovexalgerie.com\/machines\/wp-content\/uploads\/2021\/03\/filmeuse-a-cloche-300x228.jpg 300w, https:\/\/innovexalgerie.com\/machines\/wp-content\/uploads\/2021\/03\/filmeuse-a-cloche-600x457.jpg 600w\" sizes=\"auto, (max-width: 513px) 100vw, 513px\" \/><\/p>\n<div style=\"width: 640px;\" class=\"wp-video\"><video class=\"wp-video-shortcode\" id=\"video-77-1\" width=\"640\" height=\"360\" preload=\"metadata\" controls=\"controls\"><source type=\"video\/mp4\" src=\"https:\/\/innovexalgerie.com\/machines\/wp-content\/uploads\/2021\/03\/filmeuse-a\u0300-cloche-4255-innovex.mp4?_=1\" \/><a href=\"https:\/\/innovexalgerie.com\/machines\/wp-content\/uploads\/2021\/03\/filmeuse-a\u0300-cloche-4255-innovex.mp4\">https:\/\/innovexalgerie.com\/machines\/wp-content\/uploads\/2021\/03\/filmeuse-a\u0300-cloche-4255-innovex.mp4<\/a><\/video><\/div>\n<p>&nbsp;<\/p>\n<p>&nbsp;<\/p>\n","protected":false},"excerpt":{"rendered":"<p>La fardeleuse \u00e0 cloche multifonctions soudure en forme L permet d&#8217;emballer des produits sous film r\u00e9tractable en une seule op\u00e9ration, adapt\u00e9e aux moyennes \/ petites entreprises de production, d&rsquo;une dimension maximale de La 600 x\u00a0 Lo 840 x H 280 mm. <img loading=\"lazy\" decoding=\"async\" class=\"alignnone size-full wp-image-30572\" src=\"https:\/\/innovexalgerie.com\/machines\/wp-content\/uploads\/2021\/03\/icon-filmeuse-a-cloche-ys-zb6084-innovex-machine.jpg\" alt=\"icon-filmeuse-\u00e0-cloche-ys-zb6084-innovex-machine\" width=\"891\" height=\"196\" srcset=\"https:\/\/innovexalgerie.com\/machines\/wp-content\/uploads\/2021\/03\/icon-filmeuse-a-cloche-ys-zb6084-innovex-machine.jpg 891w, https:\/\/innovexalgerie.com\/machines\/wp-content\/uploads\/2021\/03\/icon-filmeuse-a-cloche-ys-zb6084-innovex-machine-300x66.jpg 300w, https:\/\/innovexalgerie.com\/machines\/wp-content\/uploads\/2021\/03\/icon-filmeuse-a-cloche-ys-zb6084-innovex-machine-768x169.jpg 768w, https:\/\/innovexalgerie.com\/machines\/wp-content\/uploads\/2021\/03\/icon-filmeuse-a-cloche-ys-zb6084-innovex-machine-600x132.jpg 600w\" sizes=\"auto, (max-width: 891px) 100vw, 891px\" \/><\/p>\n","protected":false},"featured_media":134,"template":"","meta":{"_monsterinsights_skip_tracking":false,"_monsterinsights_sitenote_active":false,"_monsterinsights_sitenote_note":"","_monsterinsights_sitenote_category":0},"product_cat":[35,209],"product_tag":[30,24,31,40],"class_list":["post-77","product","type-product","status-publish","has-post-thumbnail","hentry","product_cat-fardeleuse-et-cellophaneuse","product_cat-filmeuses-a-cloche","product_tag-cellophaneuse","product_tag-emballage","product_tag-fardeleuse","product_tag-filmeuse"],"yoast_head":"<!-- This site is optimized with the Yoast SEO Premium plugin v16.2 (Yoast SEO v16.7) - https:\/\/yoast.com\/wordpress\/plugins\/seo\/ -->\n<title>Filmeuse \u00e0 cloche multifonctions YS-ZB-6084 - Innovex Machines | Innovex Algerie<\/title>\n<meta name=\"description\" content=\"La fardeleuse \u00e0 cloche multifonctions soudure en forme L permet d&#039;emballer des produits sous film r\u00e9tractable en une seule op\u00e9ration. innovex\" \/>\n<meta name=\"robots\" content=\"index, follow, max-snippet:-1, max-image-preview:large, max-video-preview:-1\" \/>\n<link rel=\"canonical\" href=\"https:\/\/innovexalgerie.com\/machines\/produit\/filmeuse-a-cloche-multifonctions-ys-zb-6084\/\" \/>\n<meta property=\"og:locale\" content=\"fr_FR\" \/>\n<meta property=\"og:type\" content=\"article\" \/>\n<meta property=\"og:title\" content=\"Filmeuse \u00e0 cloche multifonctions YS-ZB-6084 - Innovex Machines | Innovex Algerie\" \/>\n<meta property=\"og:description\" content=\"La fardeleuse \u00e0 cloche multifonctions soudure en forme L permet d&#039;emballer des produits sous film r\u00e9tractable en une seule op\u00e9ration. innovex\" \/>\n<meta property=\"og:url\" content=\"https:\/\/innovexalgerie.com\/machines\/produit\/filmeuse-a-cloche-multifonctions-ys-zb-6084\/\" \/>\n<meta property=\"og:site_name\" content=\"Innovex Machines | Innovex Algerie\" \/>\n<meta property=\"article:publisher\" content=\"https:\/\/www.facebook.com\/innovexmachine1\" \/>\n<meta property=\"article:modified_time\" content=\"2022-05-31T14:10:44+00:00\" \/>\n<meta property=\"og:image\" content=\"https:\/\/innovexalgerie.com\/machines\/wp-content\/uploads\/2021\/03\/10-scaled.jpg\" \/>\n\t<meta property=\"og:image:width\" content=\"2560\" \/>\n\t<meta property=\"og:image:height\" content=\"2560\" \/>\n<meta name=\"twitter:card\" content=\"summary_large_image\" \/>\n<meta name=\"twitter:label1\" content=\"Dur\u00e9e de lecture est.\" \/>\n\t<meta name=\"twitter:data1\" content=\"2 minutes\" \/>\n<script type=\"application\/ld+json\" class=\"yoast-schema-graph\">{\"@context\":\"https:\/\/schema.org\",\"@graph\":[{\"@type\":\"WebSite\",\"@id\":\"https:\/\/innovexalgerie.com\/machines\/#website\",\"url\":\"https:\/\/innovexalgerie.com\/machines\/\",\"name\":\"Innovex Machines | Innovex Algerie\",\"description\":\"Fournisseur de machines d&#039;emballage et d&#039;imprimerie\",\"potentialAction\":[{\"@type\":\"SearchAction\",\"target\":{\"@type\":\"EntryPoint\",\"urlTemplate\":\"https:\/\/innovexalgerie.com\/machines\/?s={search_term_string}\"},\"query-input\":\"required name=search_term_string\"}],\"inLanguage\":\"fr-FR\"},{\"@type\":\"ImageObject\",\"@id\":\"https:\/\/innovexalgerie.com\/machines\/produit\/filmeuse-a-cloche-multifonctions-ys-zb-6084\/#primaryimage\",\"inLanguage\":\"fr-FR\",\"url\":\"https:\/\/innovexalgerie.com\/machines\/wp-content\/uploads\/2021\/03\/10-scaled.jpg\",\"contentUrl\":\"https:\/\/innovexalgerie.com\/machines\/wp-content\/uploads\/2021\/03\/10-scaled.jpg\",\"width\":2560,\"height\":2560},{\"@type\":\"WebPage\",\"@id\":\"https:\/\/innovexalgerie.com\/machines\/produit\/filmeuse-a-cloche-multifonctions-ys-zb-6084\/#webpage\",\"url\":\"https:\/\/innovexalgerie.com\/machines\/produit\/filmeuse-a-cloche-multifonctions-ys-zb-6084\/\",\"name\":\"Filmeuse \\u00e0 cloche multifonctions YS-ZB-6084 - Innovex Machines | Innovex Algerie\",\"isPartOf\":{\"@id\":\"https:\/\/innovexalgerie.com\/machines\/#website\"},\"primaryImageOfPage\":{\"@id\":\"https:\/\/innovexalgerie.com\/machines\/produit\/filmeuse-a-cloche-multifonctions-ys-zb-6084\/#primaryimage\"},\"datePublished\":\"2021-03-24T19:45:20+00:00\",\"dateModified\":\"2022-05-31T14:10:44+00:00\",\"description\":\"La fardeleuse \\u00e0 cloche multifonctions soudure en forme L permet d'emballer des produits sous film r\\u00e9tractable en une seule op\\u00e9ration. innovex\",\"breadcrumb\":{\"@id\":\"https:\/\/innovexalgerie.com\/machines\/produit\/filmeuse-a-cloche-multifonctions-ys-zb-6084\/#breadcrumb\"},\"inLanguage\":\"fr-FR\",\"potentialAction\":[{\"@type\":\"ReadAction\",\"target\":[\"https:\/\/innovexalgerie.com\/machines\/produit\/filmeuse-a-cloche-multifonctions-ys-zb-6084\/\"]}]},{\"@type\":\"BreadcrumbList\",\"@id\":\"https:\/\/innovexalgerie.com\/machines\/produit\/filmeuse-a-cloche-multifonctions-ys-zb-6084\/#breadcrumb\",\"itemListElement\":[{\"@type\":\"ListItem\",\"position\":1,\"name\":\"Accueil\",\"item\":\"https:\/\/innovexalgerie.com\/machines\/\"},{\"@type\":\"ListItem\",\"position\":2,\"name\":\"Produits\",\"item\":\"https:\/\/innovexalgerie.com\/machines\/boutique\/\"},{\"@type\":\"ListItem\",\"position\":3,\"name\":\"Filmeuse \\u00e0 cloche multifonctions YS-ZB-6084\"}]}]}<\/script>\n<!-- \/ Yoast SEO Premium plugin. -->","yoast_head_json":{"title":"Filmeuse \u00e0 cloche multifonctions YS-ZB-6084 - Innovex Machines | Innovex Algerie","description":"La fardeleuse \u00e0 cloche multifonctions soudure en forme L permet d'emballer des produits sous film r\u00e9tractable en une seule op\u00e9ration. innovex","robots":{"index":"index","follow":"follow","max-snippet":"max-snippet:-1","max-image-preview":"max-image-preview:large","max-video-preview":"max-video-preview:-1"},"canonical":"https:\/\/innovexalgerie.com\/machines\/produit\/filmeuse-a-cloche-multifonctions-ys-zb-6084\/","og_locale":"fr_FR","og_type":"article","og_title":"Filmeuse \u00e0 cloche multifonctions YS-ZB-6084 - Innovex Machines | Innovex Algerie","og_description":"La fardeleuse \u00e0 cloche multifonctions soudure en forme L permet d'emballer des produits sous film r\u00e9tractable en une seule op\u00e9ration. innovex","og_url":"https:\/\/innovexalgerie.com\/machines\/produit\/filmeuse-a-cloche-multifonctions-ys-zb-6084\/","og_site_name":"Innovex Machines | Innovex Algerie","article_publisher":"https:\/\/www.facebook.com\/innovexmachine1","article_modified_time":"2022-05-31T14:10:44+00:00","og_image":[{"width":2560,"height":2560,"url":"https:\/\/innovexalgerie.com\/machines\/wp-content\/uploads\/2021\/03\/10-scaled.jpg","path":"\/home\/inovex\/public_html\/machines\/wp-content\/uploads\/2021\/03\/10-scaled.jpg","size":"full","id":134,"alt":"","pixels":6553600,"type":"image\/jpeg"}],"twitter_card":"summary_large_image","twitter_misc":{"Dur\u00e9e de lecture est.":"2 minutes"},"schema":{"@context":"https:\/\/schema.org","@graph":[{"@type":"WebSite","@id":"https:\/\/innovexalgerie.com\/machines\/#website","url":"https:\/\/innovexalgerie.com\/machines\/","name":"Innovex Machines | Innovex Algerie","description":"Fournisseur de machines d&#039;emballage et d&#039;imprimerie","potentialAction":[{"@type":"SearchAction","target":{"@type":"EntryPoint","urlTemplate":"https:\/\/innovexalgerie.com\/machines\/?s={search_term_string}"},"query-input":"required name=search_term_string"}],"inLanguage":"fr-FR"},{"@type":"ImageObject","@id":"https:\/\/innovexalgerie.com\/machines\/produit\/filmeuse-a-cloche-multifonctions-ys-zb-6084\/#primaryimage","inLanguage":"fr-FR","url":"https:\/\/innovexalgerie.com\/machines\/wp-content\/uploads\/2021\/03\/10-scaled.jpg","contentUrl":"https:\/\/innovexalgerie.com\/machines\/wp-content\/uploads\/2021\/03\/10-scaled.jpg","width":2560,"height":2560},{"@type":"WebPage","@id":"https:\/\/innovexalgerie.com\/machines\/produit\/filmeuse-a-cloche-multifonctions-ys-zb-6084\/#webpage","url":"https:\/\/innovexalgerie.com\/machines\/produit\/filmeuse-a-cloche-multifonctions-ys-zb-6084\/","name":"Filmeuse \u00e0 cloche multifonctions YS-ZB-6084 - Innovex Machines | Innovex Algerie","isPartOf":{"@id":"https:\/\/innovexalgerie.com\/machines\/#website"},"primaryImageOfPage":{"@id":"https:\/\/innovexalgerie.com\/machines\/produit\/filmeuse-a-cloche-multifonctions-ys-zb-6084\/#primaryimage"},"datePublished":"2021-03-24T19:45:20+00:00","dateModified":"2022-05-31T14:10:44+00:00","description":"La fardeleuse \u00e0 cloche multifonctions soudure en forme L permet d'emballer des produits sous film r\u00e9tractable en une seule op\u00e9ration. innovex","breadcrumb":{"@id":"https:\/\/innovexalgerie.com\/machines\/produit\/filmeuse-a-cloche-multifonctions-ys-zb-6084\/#breadcrumb"},"inLanguage":"fr-FR","potentialAction":[{"@type":"ReadAction","target":["https:\/\/innovexalgerie.com\/machines\/produit\/filmeuse-a-cloche-multifonctions-ys-zb-6084\/"]}]},{"@type":"BreadcrumbList","@id":"https:\/\/innovexalgerie.com\/machines\/produit\/filmeuse-a-cloche-multifonctions-ys-zb-6084\/#breadcrumb","itemListElement":[{"@type":"ListItem","position":1,"name":"Accueil","item":"https:\/\/innovexalgerie.com\/machines\/"},{"@type":"ListItem","position":2,"name":"Produits","item":"https:\/\/innovexalgerie.com\/machines\/boutique\/"},{"@type":"ListItem","position":3,"name":"Filmeuse \u00e0 cloche multifonctions YS-ZB-6084"}]}]}},"_links":{"self":[{"href":"https:\/\/innovexalgerie.com\/machines\/wp-json\/wp\/v2\/product\/77","targetHints":{"allow":["GET"]}}],"collection":[{"href":"https:\/\/innovexalgerie.com\/machines\/wp-json\/wp\/v2\/product"}],"about":[{"href":"https:\/\/innovexalgerie.com\/machines\/wp-json\/wp\/v2\/types\/product"}],"version-history":[{"count":10,"href":"https:\/\/innovexalgerie.com\/machines\/wp-json\/wp\/v2\/product\/77\/revisions"}],"predecessor-version":[{"id":30575,"href":"https:\/\/innovexalgerie.com\/machines\/wp-json\/wp\/v2\/product\/77\/revisions\/30575"}],"wp:featuredmedia":[{"embeddable":true,"href":"https:\/\/innovexalgerie.com\/machines\/wp-json\/wp\/v2\/media\/134"}],"wp:attachment":[{"href":"https:\/\/innovexalgerie.com\/machines\/wp-json\/wp\/v2\/media?parent=77"}],"wp:term":[{"taxonomy":"product_cat","embeddable":true,"href":"https:\/\/innovexalgerie.com\/machines\/wp-json\/wp\/v2\/product_cat?post=77"},{"taxonomy":"product_tag","embeddable":true,"href":"https:\/\/innovexalgerie.com\/machines\/wp-json\/wp\/v2\/product_tag?post=77"}],"curies":[{"name":"wp","href":"https:\/\/api.w.org\/{rel}","templated":true}]}}