{"id":78,"date":"2021-03-24T20:45:21","date_gmt":"2021-03-24T19:45:21","guid":{"rendered":"https:\/\/innovexalgerie.com\/machines2\/?post_type=product&#038;p=78"},"modified":"2022-06-06T10:07:53","modified_gmt":"2022-06-06T09:07:53","slug":"soudeuse-automatique-en-continu-haute-cadence-ys-zb-5b","status":"publish","type":"product","link":"https:\/\/innovexalgerie.com\/machines\/produit\/soudeuse-automatique-en-continu-haute-cadence-ys-zb-5b\/","title":{"rendered":"Soudeuse automatique en continu haute cadence YS-ZB-5B"},"content":{"rendered":"<p>Soudeuse automatique en continu\u00a0 <strong>YS-ZB-5B<\/strong>, le soudage en continu ne comporte pas de limite de longueur, jusqu\u2019\u00e0 4 \u00e0 5 m\u00e8tres, adapt\u00e9e pour les grands formats jusqu\u2019\u00e0 400 mm de largeur, et a \u00e9t\u00e9 renforc\u00e9e par un \u00e9quipement hautement technologique tels que le servomoteur Schneider et l\u2019automate Siemens.<\/p>\n<ul>\n<li>Une cadence de 40 \u00e0 45 pi\u00e8ces par minute.<\/li>\n<li>Syst\u00e8me de soudure en continu.<\/li>\n<li>Descente de la barre soudure par servo moteur.<\/li>\n<li>Combinaison possible avec un tunnel de r\u00e9traction.<\/li>\n<li>Ecran tactile facile \u00e0 utiliser.<\/li>\n<li>L\u2019ensemble de l\u2019\u00e9lectronique est g\u00e9r\u00e9 par un automate SIEMENS avec \u00e9cran tactile.<\/li>\n<li>Guides de films qui r\u00e9duisent les pertes et am\u00e9liorent l&rsquo;apparence finale du paquet.<\/li>\n<li>R\u00e9cup\u00e9ration motoris\u00e9e de la chute.<\/li>\n<li>La lame de soudure est fonctionn\u00e9e par un servo-moteur de marque SIEMENS.<\/li>\n<li>Vitesse des tapis convoyeurs variable.<\/li>\n<li>Tapis rapprochant et barre escamotable pour passage petits produits.<\/li>\n<li>Fin de courses et photocellules de marque SICK<\/li>\n<li>R\u00e9cup\u00e9ration motoris\u00e9e de la chute.<\/li>\n<li>Cart\u00e9risation par capots plexi-glace avec micro-interrupteurs de s\u00e9curit\u00e9.<\/li>\n<li>Machine conforme aux normes CE.<\/li>\n<\/ul>\n<p><img loading=\"lazy\" decoding=\"async\" class=\"alignnone wp-image-30609\" src=\"https:\/\/innovexalgerie.com\/machines\/wp-content\/uploads\/2021\/03\/DIMENSION-DU-PRODUIT-SOUDEUSE-AUTO-YS-ZB-5B.jpg\" alt=\"DIMENSION-DU-PRODUIT-SOUDEUSE-AUTO-YS-ZB-5B\" width=\"641\" height=\"200\" srcset=\"https:\/\/innovexalgerie.com\/machines\/wp-content\/uploads\/2021\/03\/DIMENSION-DU-PRODUIT-SOUDEUSE-AUTO-YS-ZB-5B.jpg 743w, https:\/\/innovexalgerie.com\/machines\/wp-content\/uploads\/2021\/03\/DIMENSION-DU-PRODUIT-SOUDEUSE-AUTO-YS-ZB-5B-300x94.jpg 300w, https:\/\/innovexalgerie.com\/machines\/wp-content\/uploads\/2021\/03\/DIMENSION-DU-PRODUIT-SOUDEUSE-AUTO-YS-ZB-5B-600x187.jpg 600w\" sizes=\"auto, (max-width: 641px) 100vw, 641px\" \/><\/p>\n<div style=\"width: 640px;\" class=\"wp-video\"><video class=\"wp-video-shortcode\" id=\"video-78-1\" width=\"640\" height=\"360\" preload=\"metadata\" controls=\"controls\"><source type=\"video\/mp4\" src=\"https:\/\/innovexalgerie.com\/machines\/wp-content\/uploads\/2021\/03\/machine-soudeuse-ys-zb-5b.mp4?_=1\" \/><a href=\"https:\/\/innovexalgerie.com\/machines\/wp-content\/uploads\/2021\/03\/machine-soudeuse-ys-zb-5b.mp4\">https:\/\/innovexalgerie.com\/machines\/wp-content\/uploads\/2021\/03\/machine-soudeuse-ys-zb-5b.mp4<\/a><\/video><\/div>\n<p>&nbsp;<\/p>\n","protected":false},"excerpt":{"rendered":"<p>Soudeuse continue enti\u00e8rement automatique haute cadence, le soudage en continu ne comporte pas de limite de longueur jusqu\u2019\u00e0 4 \u00e0 5 m\u00e8tres, adapt\u00e9e pour les grands formats jusqu\u2019\u00e0 400 mm de largeur.<img loading=\"lazy\" decoding=\"async\" class=\"alignnone size-full wp-image-30610\" src=\"https:\/\/innovexalgerie.com\/machines\/wp-content\/uploads\/2021\/03\/icon-soudeuse-auto-ys-zb-5b-innovex-machine.jpg\" alt=\"\" width=\"1055\" height=\"217\" srcset=\"https:\/\/innovexalgerie.com\/machines\/wp-content\/uploads\/2021\/03\/icon-soudeuse-auto-ys-zb-5b-innovex-machine.jpg 1055w, https:\/\/innovexalgerie.com\/machines\/wp-content\/uploads\/2021\/03\/icon-soudeuse-auto-ys-zb-5b-innovex-machine-300x62.jpg 300w, https:\/\/innovexalgerie.com\/machines\/wp-content\/uploads\/2021\/03\/icon-soudeuse-auto-ys-zb-5b-innovex-machine-1024x211.jpg 1024w, https:\/\/innovexalgerie.com\/machines\/wp-content\/uploads\/2021\/03\/icon-soudeuse-auto-ys-zb-5b-innovex-machine-768x158.jpg 768w, https:\/\/innovexalgerie.com\/machines\/wp-content\/uploads\/2021\/03\/icon-soudeuse-auto-ys-zb-5b-innovex-machine-600x123.jpg 600w\" sizes=\"auto, (max-width: 1055px) 100vw, 1055px\" \/><\/p>\n","protected":false},"featured_media":151,"template":"","meta":{"_monsterinsights_skip_tracking":false,"_monsterinsights_sitenote_active":false,"_monsterinsights_sitenote_note":"","_monsterinsights_sitenote_category":0},"product_cat":[35,211],"product_tag":[30,24,31,41,42,43,44,45],"class_list":["post-78","product","type-product","status-publish","has-post-thumbnail","hentry","product_cat-fardeleuse-et-cellophaneuse","product_cat-filmeuses-automatique","product_tag-cellophaneuse","product_tag-emballage","product_tag-fardeleuse","product_tag-shrink","product_tag-shrink-wrapper","product_tag-sleeve-wrapper","product_tag-soudeuse","product_tag-soudeuse-automatique"],"yoast_head":"<!-- This site is optimized with the Yoast SEO Premium plugin v16.2 (Yoast SEO v16.7) - https:\/\/yoast.com\/wordpress\/plugins\/seo\/ -->\n<title>Soudeuse automatique en continu haute cadence YS-ZB-5B - Innovex Machines | Innovex Algerie<\/title>\n<meta name=\"description\" content=\"Soudeuse continue enti\u00e8rement automatique haute cadence, le soudage en continu ne comporte pas de limite de longueur jusqu\u2019\u00e0 4 \u00e0 5 m\u00e8tres.\" \/>\n<meta name=\"robots\" content=\"index, follow, max-snippet:-1, max-image-preview:large, max-video-preview:-1\" \/>\n<link rel=\"canonical\" href=\"https:\/\/innovexalgerie.com\/machines\/produit\/soudeuse-automatique-en-continu-haute-cadence-ys-zb-5b\/\" \/>\n<meta property=\"og:locale\" content=\"fr_FR\" \/>\n<meta property=\"og:type\" content=\"article\" \/>\n<meta property=\"og:title\" content=\"Soudeuse automatique en continu haute cadence YS-ZB-5B - Innovex Machines | Innovex Algerie\" \/>\n<meta property=\"og:description\" content=\"Soudeuse continue enti\u00e8rement automatique haute cadence, le soudage en continu ne comporte pas de limite de longueur jusqu\u2019\u00e0 4 \u00e0 5 m\u00e8tres.\" \/>\n<meta property=\"og:url\" content=\"https:\/\/innovexalgerie.com\/machines\/produit\/soudeuse-automatique-en-continu-haute-cadence-ys-zb-5b\/\" \/>\n<meta property=\"og:site_name\" content=\"Innovex Machines | Innovex Algerie\" \/>\n<meta property=\"article:publisher\" content=\"https:\/\/www.facebook.com\/innovexmachine1\" \/>\n<meta property=\"article:modified_time\" content=\"2022-06-06T09:07:53+00:00\" \/>\n<meta property=\"og:image\" content=\"https:\/\/innovexalgerie.com\/machines\/wp-content\/uploads\/2021\/03\/5b.jpg\" \/>\n\t<meta property=\"og:image:width\" content=\"1000\" \/>\n\t<meta property=\"og:image:height\" content=\"1000\" \/>\n<meta name=\"twitter:card\" content=\"summary_large_image\" \/>\n<meta name=\"twitter:label1\" content=\"Dur\u00e9e de lecture est.\" \/>\n\t<meta name=\"twitter:data1\" content=\"1 minute\" \/>\n<script type=\"application\/ld+json\" class=\"yoast-schema-graph\">{\"@context\":\"https:\/\/schema.org\",\"@graph\":[{\"@type\":\"WebSite\",\"@id\":\"https:\/\/innovexalgerie.com\/machines\/#website\",\"url\":\"https:\/\/innovexalgerie.com\/machines\/\",\"name\":\"Innovex Machines | Innovex Algerie\",\"description\":\"Fournisseur de machines d&#039;emballage et d&#039;imprimerie\",\"potentialAction\":[{\"@type\":\"SearchAction\",\"target\":{\"@type\":\"EntryPoint\",\"urlTemplate\":\"https:\/\/innovexalgerie.com\/machines\/?s={search_term_string}\"},\"query-input\":\"required name=search_term_string\"}],\"inLanguage\":\"fr-FR\"},{\"@type\":\"ImageObject\",\"@id\":\"https:\/\/innovexalgerie.com\/machines\/produit\/soudeuse-automatique-en-continu-haute-cadence-ys-zb-5b\/#primaryimage\",\"inLanguage\":\"fr-FR\",\"url\":\"https:\/\/innovexalgerie.com\/machines\/wp-content\/uploads\/2021\/03\/5b.jpg\",\"contentUrl\":\"https:\/\/innovexalgerie.com\/machines\/wp-content\/uploads\/2021\/03\/5b.jpg\",\"width\":1000,\"height\":1000},{\"@type\":\"WebPage\",\"@id\":\"https:\/\/innovexalgerie.com\/machines\/produit\/soudeuse-automatique-en-continu-haute-cadence-ys-zb-5b\/#webpage\",\"url\":\"https:\/\/innovexalgerie.com\/machines\/produit\/soudeuse-automatique-en-continu-haute-cadence-ys-zb-5b\/\",\"name\":\"Soudeuse automatique en continu haute cadence YS-ZB-5B - Innovex Machines | Innovex Algerie\",\"isPartOf\":{\"@id\":\"https:\/\/innovexalgerie.com\/machines\/#website\"},\"primaryImageOfPage\":{\"@id\":\"https:\/\/innovexalgerie.com\/machines\/produit\/soudeuse-automatique-en-continu-haute-cadence-ys-zb-5b\/#primaryimage\"},\"datePublished\":\"2021-03-24T19:45:21+00:00\",\"dateModified\":\"2022-06-06T09:07:53+00:00\",\"description\":\"Soudeuse continue enti\\u00e8rement automatique haute cadence, le soudage en continu ne comporte pas de limite de longueur jusqu\\u2019\\u00e0 4 \\u00e0 5 m\\u00e8tres.\",\"breadcrumb\":{\"@id\":\"https:\/\/innovexalgerie.com\/machines\/produit\/soudeuse-automatique-en-continu-haute-cadence-ys-zb-5b\/#breadcrumb\"},\"inLanguage\":\"fr-FR\",\"potentialAction\":[{\"@type\":\"ReadAction\",\"target\":[\"https:\/\/innovexalgerie.com\/machines\/produit\/soudeuse-automatique-en-continu-haute-cadence-ys-zb-5b\/\"]}]},{\"@type\":\"BreadcrumbList\",\"@id\":\"https:\/\/innovexalgerie.com\/machines\/produit\/soudeuse-automatique-en-continu-haute-cadence-ys-zb-5b\/#breadcrumb\",\"itemListElement\":[{\"@type\":\"ListItem\",\"position\":1,\"name\":\"Accueil\",\"item\":\"https:\/\/innovexalgerie.com\/machines\/\"},{\"@type\":\"ListItem\",\"position\":2,\"name\":\"Produits\",\"item\":\"https:\/\/innovexalgerie.com\/machines\/boutique\/\"},{\"@type\":\"ListItem\",\"position\":3,\"name\":\"Soudeuse automatique en continu haute cadence YS-ZB-5B\"}]}]}<\/script>\n<!-- \/ Yoast SEO Premium plugin. -->","yoast_head_json":{"title":"Soudeuse automatique en continu haute cadence YS-ZB-5B - Innovex Machines | Innovex Algerie","description":"Soudeuse continue enti\u00e8rement automatique haute cadence, le soudage en continu ne comporte pas de limite de longueur jusqu\u2019\u00e0 4 \u00e0 5 m\u00e8tres.","robots":{"index":"index","follow":"follow","max-snippet":"max-snippet:-1","max-image-preview":"max-image-preview:large","max-video-preview":"max-video-preview:-1"},"canonical":"https:\/\/innovexalgerie.com\/machines\/produit\/soudeuse-automatique-en-continu-haute-cadence-ys-zb-5b\/","og_locale":"fr_FR","og_type":"article","og_title":"Soudeuse automatique en continu haute cadence YS-ZB-5B - Innovex Machines | Innovex Algerie","og_description":"Soudeuse continue enti\u00e8rement automatique haute cadence, le soudage en continu ne comporte pas de limite de longueur jusqu\u2019\u00e0 4 \u00e0 5 m\u00e8tres.","og_url":"https:\/\/innovexalgerie.com\/machines\/produit\/soudeuse-automatique-en-continu-haute-cadence-ys-zb-5b\/","og_site_name":"Innovex Machines | Innovex Algerie","article_publisher":"https:\/\/www.facebook.com\/innovexmachine1","article_modified_time":"2022-06-06T09:07:53+00:00","og_image":[{"width":1000,"height":1000,"url":"https:\/\/innovexalgerie.com\/machines\/wp-content\/uploads\/2021\/03\/5b.jpg","path":"\/home\/inovex\/public_html\/machines\/wp-content\/uploads\/2021\/03\/5b.jpg","size":"full","id":151,"alt":"","pixels":1000000,"type":"image\/jpeg"}],"twitter_card":"summary_large_image","twitter_misc":{"Dur\u00e9e de lecture est.":"1 minute"},"schema":{"@context":"https:\/\/schema.org","@graph":[{"@type":"WebSite","@id":"https:\/\/innovexalgerie.com\/machines\/#website","url":"https:\/\/innovexalgerie.com\/machines\/","name":"Innovex Machines | Innovex Algerie","description":"Fournisseur de machines d&#039;emballage et d&#039;imprimerie","potentialAction":[{"@type":"SearchAction","target":{"@type":"EntryPoint","urlTemplate":"https:\/\/innovexalgerie.com\/machines\/?s={search_term_string}"},"query-input":"required name=search_term_string"}],"inLanguage":"fr-FR"},{"@type":"ImageObject","@id":"https:\/\/innovexalgerie.com\/machines\/produit\/soudeuse-automatique-en-continu-haute-cadence-ys-zb-5b\/#primaryimage","inLanguage":"fr-FR","url":"https:\/\/innovexalgerie.com\/machines\/wp-content\/uploads\/2021\/03\/5b.jpg","contentUrl":"https:\/\/innovexalgerie.com\/machines\/wp-content\/uploads\/2021\/03\/5b.jpg","width":1000,"height":1000},{"@type":"WebPage","@id":"https:\/\/innovexalgerie.com\/machines\/produit\/soudeuse-automatique-en-continu-haute-cadence-ys-zb-5b\/#webpage","url":"https:\/\/innovexalgerie.com\/machines\/produit\/soudeuse-automatique-en-continu-haute-cadence-ys-zb-5b\/","name":"Soudeuse automatique en continu haute cadence YS-ZB-5B - Innovex Machines | Innovex Algerie","isPartOf":{"@id":"https:\/\/innovexalgerie.com\/machines\/#website"},"primaryImageOfPage":{"@id":"https:\/\/innovexalgerie.com\/machines\/produit\/soudeuse-automatique-en-continu-haute-cadence-ys-zb-5b\/#primaryimage"},"datePublished":"2021-03-24T19:45:21+00:00","dateModified":"2022-06-06T09:07:53+00:00","description":"Soudeuse continue enti\u00e8rement automatique haute cadence, le soudage en continu ne comporte pas de limite de longueur jusqu\u2019\u00e0 4 \u00e0 5 m\u00e8tres.","breadcrumb":{"@id":"https:\/\/innovexalgerie.com\/machines\/produit\/soudeuse-automatique-en-continu-haute-cadence-ys-zb-5b\/#breadcrumb"},"inLanguage":"fr-FR","potentialAction":[{"@type":"ReadAction","target":["https:\/\/innovexalgerie.com\/machines\/produit\/soudeuse-automatique-en-continu-haute-cadence-ys-zb-5b\/"]}]},{"@type":"BreadcrumbList","@id":"https:\/\/innovexalgerie.com\/machines\/produit\/soudeuse-automatique-en-continu-haute-cadence-ys-zb-5b\/#breadcrumb","itemListElement":[{"@type":"ListItem","position":1,"name":"Accueil","item":"https:\/\/innovexalgerie.com\/machines\/"},{"@type":"ListItem","position":2,"name":"Produits","item":"https:\/\/innovexalgerie.com\/machines\/boutique\/"},{"@type":"ListItem","position":3,"name":"Soudeuse automatique en continu haute cadence YS-ZB-5B"}]}]}},"_links":{"self":[{"href":"https:\/\/innovexalgerie.com\/machines\/wp-json\/wp\/v2\/product\/78","targetHints":{"allow":["GET"]}}],"collection":[{"href":"https:\/\/innovexalgerie.com\/machines\/wp-json\/wp\/v2\/product"}],"about":[{"href":"https:\/\/innovexalgerie.com\/machines\/wp-json\/wp\/v2\/types\/product"}],"version-history":[{"count":7,"href":"https:\/\/innovexalgerie.com\/machines\/wp-json\/wp\/v2\/product\/78\/revisions"}],"predecessor-version":[{"id":30618,"href":"https:\/\/innovexalgerie.com\/machines\/wp-json\/wp\/v2\/product\/78\/revisions\/30618"}],"wp:featuredmedia":[{"embeddable":true,"href":"https:\/\/innovexalgerie.com\/machines\/wp-json\/wp\/v2\/media\/151"}],"wp:attachment":[{"href":"https:\/\/innovexalgerie.com\/machines\/wp-json\/wp\/v2\/media?parent=78"}],"wp:term":[{"taxonomy":"product_cat","embeddable":true,"href":"https:\/\/innovexalgerie.com\/machines\/wp-json\/wp\/v2\/product_cat?post=78"},{"taxonomy":"product_tag","embeddable":true,"href":"https:\/\/innovexalgerie.com\/machines\/wp-json\/wp\/v2\/product_tag?post=78"}],"curies":[{"name":"wp","href":"https:\/\/api.w.org\/{rel}","templated":true}]}}