{"id":79,"date":"2021-03-24T20:45:21","date_gmt":"2021-03-24T19:45:21","guid":{"rendered":"https:\/\/innovexalgerie.com\/machines2\/?post_type=product&#038;p=79"},"modified":"2024-05-05T11:52:36","modified_gmt":"2024-05-05T10:52:36","slug":"fardeleuse-verticale-automatique-haute-cadence-zb-2","status":"publish","type":"product","link":"https:\/\/innovexalgerie.com\/machines\/produit\/fardeleuse-verticale-automatique-haute-cadence-zb-2\/","title":{"rendered":"Fardeleuse verticale automatique haute cadence YS-ZB-2"},"content":{"rendered":"<p>Fardeleuse verticale bouteilles automatique \u00e0 tapis convoyeur <strong>YS-ZB-2<\/strong>, pour fardeler lec produits de fa\u00e7on perpendiculaire (bouteilles, vases, boites, cannettes, flacons, trousses<br \/>\netc\u2026). gr\u00e2ce \u00e0 un convoyeur le produit transport\u00e9, la barre de soudure descente et souder le fardeau gr\u00e2ce aux capteurs, le film est coup\u00e9 par une lame froide et transport\u00e9 vers le tunnel de r\u00e9traction.Les packs r\u00e9alis\u00e9s par la fardeleuse sont faits avec ou sans l&rsquo;insertion d&rsquo;un support carton.<\/p>\n<ul>\n<li>Lame de soudure avec rev\u00eatement en t\u00e9flon pour une dur\u00e9e de vie accrue.<\/li>\n<li>Syst\u00e8me de s\u00e9curit\u00e9 dans la soudeuse avec bouton d\u2019urgence.<\/li>\n<li>Alimentation en ligne par tapis.<\/li>\n<li>Composition automatique des lots.<\/li>\n<li>D\u00e9roulement motoris\u00e9 des bobines.<\/li>\n<li>R\u00e9sistances blind\u00e9es tubulaires moul\u00e9es.<\/li>\n<li>Barre de soudage pneumatique.<\/li>\n<li>Machine conforme aux normes CE.<\/li>\n<\/ul>\n<p><strong>Tunnel de r\u00e9traction:\u00a0<\/strong><\/p>\n<ul>\n<li>Flux d\u2019aire \u00e0 360 \u00b0 avec deux ventilateurs g\u00e9antes qui offre une r\u00e9traction parfaite des produits.<\/li>\n<li>Haute cadence avec 24 r\u00e9sistances en inox 304 de haute qualit\u00e9.<\/li>\n<li>Contr\u00f4le num\u00e9rique et r\u00e9glable de la temp\u00e9rature pour tout types de films.<\/li>\n<li>Fonction de refroidissement automatique en fin de poste.<\/li>\n<li>Tunnel enti\u00e8rement isolant pour \u00e9viter les fuites de chaleur vers l&rsquo;ext\u00e9rieur.<\/li>\n<li>Interrupteur d&rsquo;arr\u00eat d&rsquo;urgence.<\/li>\n<li>Vitesse r\u00e9glable du convoyeur .<\/li>\n<li>Barrettes recouvertes de caoutchouc silicon\u00e9 avec un guidage par cha\u00eenes.<\/li>\n<li>Machine conforme aux normes CE.<\/li>\n<\/ul>\n<p><img loading=\"lazy\" decoding=\"async\" class=\"alignnone size-full wp-image-30613\" src=\"https:\/\/innovexalgerie.com\/machines\/wp-content\/uploads\/2021\/03\/image002.jpg\" alt=\"FARDELEUSE ST-6040Q INNOVEX MACHINE\" width=\"338\" height=\"257\" srcset=\"https:\/\/innovexalgerie.com\/machines\/wp-content\/uploads\/2021\/03\/image002.jpg 338w, https:\/\/innovexalgerie.com\/machines\/wp-content\/uploads\/2021\/03\/image002-300x228.jpg 300w\" sizes=\"auto, (max-width: 338px) 100vw, 338px\" \/><\/p>\n","protected":false},"excerpt":{"rendered":"<p>Fardeleuse verticale bouteilles automatique pour fardeler une tr\u00e8s vaste gamme de produits (bouteilles, canettes, flacons, \u00a0etc\u2026), est dot\u00e9 d\u2019un syst\u00e8me poussant automatique avec convoyeur \u00e0 tapis, Les packs r\u00e9alis\u00e9s par la fardeleuse sont faits avec ou sans l&rsquo;insertion d&rsquo;un support carton.<img loading=\"lazy\" decoding=\"async\" class=\"alignnone size-full wp-image-30625\" src=\"https:\/\/innovexalgerie.com\/machines\/wp-content\/uploads\/2021\/03\/Icon-fardeleuse-tunnel-zb-2-innovex-machine.jpg\" alt=\"Icon-fardeleuse-+-tunnel-zb-2-innovex-machine\" width=\"891\" height=\"217\" srcset=\"https:\/\/innovexalgerie.com\/machines\/wp-content\/uploads\/2021\/03\/Icon-fardeleuse-tunnel-zb-2-innovex-machine.jpg 891w, https:\/\/innovexalgerie.com\/machines\/wp-content\/uploads\/2021\/03\/Icon-fardeleuse-tunnel-zb-2-innovex-machine-300x73.jpg 300w, https:\/\/innovexalgerie.com\/machines\/wp-content\/uploads\/2021\/03\/Icon-fardeleuse-tunnel-zb-2-innovex-machine-768x187.jpg 768w, https:\/\/innovexalgerie.com\/machines\/wp-content\/uploads\/2021\/03\/Icon-fardeleuse-tunnel-zb-2-innovex-machine-600x146.jpg 600w\" sizes=\"auto, (max-width: 891px) 100vw, 891px\" \/><\/p>\n","protected":false},"featured_media":30623,"template":"","meta":{"_monsterinsights_skip_tracking":false,"_monsterinsights_sitenote_active":false,"_monsterinsights_sitenote_note":"","_monsterinsights_sitenote_category":0},"product_cat":[35,212,211],"product_tag":[46,24,31],"class_list":["post-79","product","type-product","status-publish","has-post-thumbnail","hentry","product_cat-fardeleuse-et-cellophaneuse","product_cat-fardeleuses-bouteilles","product_cat-filmeuses-automatique","product_tag-bouteilles","product_tag-emballage","product_tag-fardeleuse"],"yoast_head":"<!-- This site is optimized with the Yoast SEO Premium plugin v16.2 (Yoast SEO v16.7) - https:\/\/yoast.com\/wordpress\/plugins\/seo\/ -->\n<title>Fardeleuse verticale automatique haute cadence YS-ZB-2 - Innovex Machines | Innovex Algerie<\/title>\n<meta name=\"description\" content=\"Fardeleuse verticale bouteilles automatique pour fardeler une tr\u00e8s vaste gamme de produits,est dot\u00e9 d\u2019un syst\u00e8me poussant automatique innovex\" \/>\n<meta name=\"robots\" content=\"index, follow, max-snippet:-1, max-image-preview:large, max-video-preview:-1\" \/>\n<link rel=\"canonical\" href=\"https:\/\/innovexalgerie.com\/machines\/produit\/fardeleuse-verticale-automatique-haute-cadence-zb-2\/\" \/>\n<meta property=\"og:locale\" content=\"fr_FR\" \/>\n<meta property=\"og:type\" content=\"article\" \/>\n<meta property=\"og:title\" content=\"Fardeleuse verticale automatique haute cadence YS-ZB-2 - Innovex Machines | Innovex Algerie\" \/>\n<meta property=\"og:description\" content=\"Fardeleuse verticale bouteilles automatique pour fardeler une tr\u00e8s vaste gamme de produits,est dot\u00e9 d\u2019un syst\u00e8me poussant automatique innovex\" \/>\n<meta property=\"og:url\" content=\"https:\/\/innovexalgerie.com\/machines\/produit\/fardeleuse-verticale-automatique-haute-cadence-zb-2\/\" \/>\n<meta property=\"og:site_name\" content=\"Innovex Machines | Innovex Algerie\" \/>\n<meta property=\"article:publisher\" content=\"https:\/\/www.facebook.com\/innovexmachine1\" \/>\n<meta property=\"article:modified_time\" content=\"2024-05-05T10:52:36+00:00\" \/>\n<meta property=\"og:image\" content=\"https:\/\/innovexalgerie.com\/machines\/wp-content\/uploads\/2021\/03\/ZB-2-AVEC-TUNNEL.jpg\" \/>\n\t<meta property=\"og:image:width\" content=\"665\" \/>\n\t<meta property=\"og:image:height\" content=\"416\" \/>\n<meta name=\"twitter:card\" content=\"summary_large_image\" \/>\n<meta name=\"twitter:label1\" content=\"Dur\u00e9e de lecture est.\" \/>\n\t<meta name=\"twitter:data1\" content=\"2 minutes\" \/>\n<script type=\"application\/ld+json\" class=\"yoast-schema-graph\">{\"@context\":\"https:\/\/schema.org\",\"@graph\":[{\"@type\":\"WebSite\",\"@id\":\"https:\/\/innovexalgerie.com\/machines\/#website\",\"url\":\"https:\/\/innovexalgerie.com\/machines\/\",\"name\":\"Innovex Machines | Innovex Algerie\",\"description\":\"Fournisseur de machines d&#039;emballage et d&#039;imprimerie\",\"potentialAction\":[{\"@type\":\"SearchAction\",\"target\":{\"@type\":\"EntryPoint\",\"urlTemplate\":\"https:\/\/innovexalgerie.com\/machines\/?s={search_term_string}\"},\"query-input\":\"required name=search_term_string\"}],\"inLanguage\":\"fr-FR\"},{\"@type\":\"ImageObject\",\"@id\":\"https:\/\/innovexalgerie.com\/machines\/produit\/fardeleuse-verticale-automatique-haute-cadence-zb-2\/#primaryimage\",\"inLanguage\":\"fr-FR\",\"url\":\"https:\/\/innovexalgerie.com\/machines\/wp-content\/uploads\/2021\/03\/ZB-2-AVEC-TUNNEL.jpg\",\"contentUrl\":\"https:\/\/innovexalgerie.com\/machines\/wp-content\/uploads\/2021\/03\/ZB-2-AVEC-TUNNEL.jpg\",\"width\":665,\"height\":416,\"caption\":\"ZB-2-AVEC-TUNNEL INNOVEX MACHINE\"},{\"@type\":\"WebPage\",\"@id\":\"https:\/\/innovexalgerie.com\/machines\/produit\/fardeleuse-verticale-automatique-haute-cadence-zb-2\/#webpage\",\"url\":\"https:\/\/innovexalgerie.com\/machines\/produit\/fardeleuse-verticale-automatique-haute-cadence-zb-2\/\",\"name\":\"Fardeleuse verticale automatique haute cadence YS-ZB-2 - Innovex Machines | Innovex Algerie\",\"isPartOf\":{\"@id\":\"https:\/\/innovexalgerie.com\/machines\/#website\"},\"primaryImageOfPage\":{\"@id\":\"https:\/\/innovexalgerie.com\/machines\/produit\/fardeleuse-verticale-automatique-haute-cadence-zb-2\/#primaryimage\"},\"datePublished\":\"2021-03-24T19:45:21+00:00\",\"dateModified\":\"2024-05-05T10:52:36+00:00\",\"description\":\"Fardeleuse verticale bouteilles automatique pour fardeler une tr\\u00e8s vaste gamme de produits,est dot\\u00e9 d\\u2019un syst\\u00e8me poussant automatique innovex\",\"breadcrumb\":{\"@id\":\"https:\/\/innovexalgerie.com\/machines\/produit\/fardeleuse-verticale-automatique-haute-cadence-zb-2\/#breadcrumb\"},\"inLanguage\":\"fr-FR\",\"potentialAction\":[{\"@type\":\"ReadAction\",\"target\":[\"https:\/\/innovexalgerie.com\/machines\/produit\/fardeleuse-verticale-automatique-haute-cadence-zb-2\/\"]}]},{\"@type\":\"BreadcrumbList\",\"@id\":\"https:\/\/innovexalgerie.com\/machines\/produit\/fardeleuse-verticale-automatique-haute-cadence-zb-2\/#breadcrumb\",\"itemListElement\":[{\"@type\":\"ListItem\",\"position\":1,\"name\":\"Accueil\",\"item\":\"https:\/\/innovexalgerie.com\/machines\/\"},{\"@type\":\"ListItem\",\"position\":2,\"name\":\"Produits\",\"item\":\"https:\/\/innovexalgerie.com\/machines\/boutique\/\"},{\"@type\":\"ListItem\",\"position\":3,\"name\":\"Fardeleuse verticale automatique haute cadence YS-ZB-2\"}]}]}<\/script>\n<!-- \/ Yoast SEO Premium plugin. -->","yoast_head_json":{"title":"Fardeleuse verticale automatique haute cadence YS-ZB-2 - Innovex Machines | Innovex Algerie","description":"Fardeleuse verticale bouteilles automatique pour fardeler une tr\u00e8s vaste gamme de produits,est dot\u00e9 d\u2019un syst\u00e8me poussant automatique innovex","robots":{"index":"index","follow":"follow","max-snippet":"max-snippet:-1","max-image-preview":"max-image-preview:large","max-video-preview":"max-video-preview:-1"},"canonical":"https:\/\/innovexalgerie.com\/machines\/produit\/fardeleuse-verticale-automatique-haute-cadence-zb-2\/","og_locale":"fr_FR","og_type":"article","og_title":"Fardeleuse verticale automatique haute cadence YS-ZB-2 - Innovex Machines | Innovex Algerie","og_description":"Fardeleuse verticale bouteilles automatique pour fardeler une tr\u00e8s vaste gamme de produits,est dot\u00e9 d\u2019un syst\u00e8me poussant automatique innovex","og_url":"https:\/\/innovexalgerie.com\/machines\/produit\/fardeleuse-verticale-automatique-haute-cadence-zb-2\/","og_site_name":"Innovex Machines | Innovex Algerie","article_publisher":"https:\/\/www.facebook.com\/innovexmachine1","article_modified_time":"2024-05-05T10:52:36+00:00","og_image":[{"width":665,"height":416,"filesize":107874,"url":"https:\/\/innovexalgerie.com\/machines\/wp-content\/uploads\/2021\/03\/ZB-2-AVEC-TUNNEL.jpg","path":"\/home\/inovex\/public_html\/machines\/wp-content\/uploads\/2021\/03\/ZB-2-AVEC-TUNNEL.jpg","size":"full","id":30623,"alt":"ZB-2-AVEC-TUNNEL INNOVEX MACHINE","pixels":276640,"type":"image\/jpeg"}],"twitter_card":"summary_large_image","twitter_misc":{"Dur\u00e9e de lecture est.":"2 minutes"},"schema":{"@context":"https:\/\/schema.org","@graph":[{"@type":"WebSite","@id":"https:\/\/innovexalgerie.com\/machines\/#website","url":"https:\/\/innovexalgerie.com\/machines\/","name":"Innovex Machines | Innovex Algerie","description":"Fournisseur de machines d&#039;emballage et d&#039;imprimerie","potentialAction":[{"@type":"SearchAction","target":{"@type":"EntryPoint","urlTemplate":"https:\/\/innovexalgerie.com\/machines\/?s={search_term_string}"},"query-input":"required name=search_term_string"}],"inLanguage":"fr-FR"},{"@type":"ImageObject","@id":"https:\/\/innovexalgerie.com\/machines\/produit\/fardeleuse-verticale-automatique-haute-cadence-zb-2\/#primaryimage","inLanguage":"fr-FR","url":"https:\/\/innovexalgerie.com\/machines\/wp-content\/uploads\/2021\/03\/ZB-2-AVEC-TUNNEL.jpg","contentUrl":"https:\/\/innovexalgerie.com\/machines\/wp-content\/uploads\/2021\/03\/ZB-2-AVEC-TUNNEL.jpg","width":665,"height":416,"caption":"ZB-2-AVEC-TUNNEL INNOVEX MACHINE"},{"@type":"WebPage","@id":"https:\/\/innovexalgerie.com\/machines\/produit\/fardeleuse-verticale-automatique-haute-cadence-zb-2\/#webpage","url":"https:\/\/innovexalgerie.com\/machines\/produit\/fardeleuse-verticale-automatique-haute-cadence-zb-2\/","name":"Fardeleuse verticale automatique haute cadence YS-ZB-2 - Innovex Machines | Innovex Algerie","isPartOf":{"@id":"https:\/\/innovexalgerie.com\/machines\/#website"},"primaryImageOfPage":{"@id":"https:\/\/innovexalgerie.com\/machines\/produit\/fardeleuse-verticale-automatique-haute-cadence-zb-2\/#primaryimage"},"datePublished":"2021-03-24T19:45:21+00:00","dateModified":"2024-05-05T10:52:36+00:00","description":"Fardeleuse verticale bouteilles automatique pour fardeler une tr\u00e8s vaste gamme de produits,est dot\u00e9 d\u2019un syst\u00e8me poussant automatique innovex","breadcrumb":{"@id":"https:\/\/innovexalgerie.com\/machines\/produit\/fardeleuse-verticale-automatique-haute-cadence-zb-2\/#breadcrumb"},"inLanguage":"fr-FR","potentialAction":[{"@type":"ReadAction","target":["https:\/\/innovexalgerie.com\/machines\/produit\/fardeleuse-verticale-automatique-haute-cadence-zb-2\/"]}]},{"@type":"BreadcrumbList","@id":"https:\/\/innovexalgerie.com\/machines\/produit\/fardeleuse-verticale-automatique-haute-cadence-zb-2\/#breadcrumb","itemListElement":[{"@type":"ListItem","position":1,"name":"Accueil","item":"https:\/\/innovexalgerie.com\/machines\/"},{"@type":"ListItem","position":2,"name":"Produits","item":"https:\/\/innovexalgerie.com\/machines\/boutique\/"},{"@type":"ListItem","position":3,"name":"Fardeleuse verticale automatique haute cadence YS-ZB-2"}]}]}},"_links":{"self":[{"href":"https:\/\/innovexalgerie.com\/machines\/wp-json\/wp\/v2\/product\/79","targetHints":{"allow":["GET"]}}],"collection":[{"href":"https:\/\/innovexalgerie.com\/machines\/wp-json\/wp\/v2\/product"}],"about":[{"href":"https:\/\/innovexalgerie.com\/machines\/wp-json\/wp\/v2\/types\/product"}],"version-history":[{"count":11,"href":"https:\/\/innovexalgerie.com\/machines\/wp-json\/wp\/v2\/product\/79\/revisions"}],"predecessor-version":[{"id":29236,"href":"https:\/\/innovexalgerie.com\/machines\/wp-json\/wp\/v2\/product\/79\/revisions\/29236"}],"wp:featuredmedia":[{"embeddable":true,"href":"https:\/\/innovexalgerie.com\/machines\/wp-json\/wp\/v2\/media\/30623"}],"wp:attachment":[{"href":"https:\/\/innovexalgerie.com\/machines\/wp-json\/wp\/v2\/media?parent=79"}],"wp:term":[{"taxonomy":"product_cat","embeddable":true,"href":"https:\/\/innovexalgerie.com\/machines\/wp-json\/wp\/v2\/product_cat?post=79"},{"taxonomy":"product_tag","embeddable":true,"href":"https:\/\/innovexalgerie.com\/machines\/wp-json\/wp\/v2\/product_tag?post=79"}],"curies":[{"name":"wp","href":"https:\/\/api.w.org\/{rel}","templated":true}]}}