{"id":81,"date":"2021-03-24T20:45:21","date_gmt":"2021-03-24T19:45:21","guid":{"rendered":"https:\/\/innovexalgerie.com\/machines2\/?post_type=product&#038;p=81"},"modified":"2022-04-21T11:21:11","modified_gmt":"2022-04-21T10:21:11","slug":"cercleuse-de-palettes-ys-t150","status":"publish","type":"product","link":"https:\/\/innovexalgerie.com\/machines\/produit\/cercleuse-de-palettes-ys-t150\/","title":{"rendered":"Cercleuse de palettes YS-T150"},"content":{"rendered":"<p>La cercleuse palette <strong>YS-T150<\/strong> \u00e0 une tension de feuillard \u00e9lectronique qui est con\u00e7ue pour cercler les palette avec un feuillard en PP et en PET, facile \u00e0 transporter et cercler les palettes rapidement partout dans votre \u00e9tablissement.<\/p>\n<ul>\n<li>La machine fonctionne avec deux types de feuillard: PP et PET.<\/li>\n<li>La machine se chauffe rapidement, elle est pr\u00eate \u00e0 l\u2019emploi en moins de 20 secondes.<\/li>\n<li>R\u00e9glage de la tension \u00e9lectronique.<\/li>\n<li>Alimentation automatique de feuillard.<\/li>\n<li>Tension forte, jusqu&rsquo;\u00e0 150 kg.<\/li>\n<li>Changement facile et rapide de bobine de feuillard.<\/li>\n<li>Machine conforme aux normes CE.<\/li>\n<\/ul>\n<p>&nbsp;<\/p>\n","protected":false},"excerpt":{"rendered":"<p>La cercleuse palette \u00e0 une tension de feuillard \u00e9lectronique qui est con\u00e7ue pour cercler les palette avec un feuillard en PP et en PET, adaptable pour feuillard de 12 et 19 mm. Convient parfaitement pour les palettes d\u2019une hauteur 340 \u00e0 710mm.<\/p>\n<p><img loading=\"lazy\" decoding=\"async\" class=\"alignnone size-full wp-image-30218\" src=\"https:\/\/innovexalgerie.com\/machines\/wp-content\/uploads\/2021\/03\/icon-cercleuse-de-palettes-t-150-innovex-machine.jpg\" alt=\"icon-cercleuse-de-palettes-t-150-innovex-machine\" width=\"874\" height=\"196\" srcset=\"https:\/\/innovexalgerie.com\/machines\/wp-content\/uploads\/2021\/03\/icon-cercleuse-de-palettes-t-150-innovex-machine.jpg 874w, https:\/\/innovexalgerie.com\/machines\/wp-content\/uploads\/2021\/03\/icon-cercleuse-de-palettes-t-150-innovex-machine-300x67.jpg 300w, https:\/\/innovexalgerie.com\/machines\/wp-content\/uploads\/2021\/03\/icon-cercleuse-de-palettes-t-150-innovex-machine-768x172.jpg 768w, https:\/\/innovexalgerie.com\/machines\/wp-content\/uploads\/2021\/03\/icon-cercleuse-de-palettes-t-150-innovex-machine-600x135.jpg 600w\" sizes=\"auto, (max-width: 874px) 100vw, 874px\" \/><\/p>\n","protected":false},"featured_media":163,"template":"","meta":{"_monsterinsights_skip_tracking":false,"_monsterinsights_sitenote_active":false,"_monsterinsights_sitenote_note":"","_monsterinsights_sitenote_category":0},"product_cat":[245],"product_tag":[48,49,50],"class_list":["post-81","product","type-product","status-publish","has-post-thumbnail","hentry","product_cat-cercleuse","product_tag-cercleuse-palette","product_tag-feuillard","product_tag-strapping-machine"],"yoast_head":"<!-- This site is optimized with the Yoast SEO Premium plugin v16.2 (Yoast SEO v16.7) - https:\/\/yoast.com\/wordpress\/plugins\/seo\/ -->\n<title>Cercleuse de palettes YS-T150 - Innovex Machines | Innovex Algerie<\/title>\n<meta name=\"description\" content=\"La cercleuse palette a une tension de feuillard \u00e9lectronique qui est con\u00e7ue pour cercler les palette avec un feuillard en PP et en PET.\" \/>\n<meta name=\"robots\" content=\"index, follow, max-snippet:-1, max-image-preview:large, max-video-preview:-1\" \/>\n<link rel=\"canonical\" href=\"https:\/\/innovexalgerie.com\/machines\/produit\/cercleuse-de-palettes-ys-t150\/\" \/>\n<meta property=\"og:locale\" content=\"fr_FR\" \/>\n<meta property=\"og:type\" content=\"article\" \/>\n<meta property=\"og:title\" content=\"Cercleuse de palettes YS-T150 - Innovex Machines | Innovex Algerie\" \/>\n<meta property=\"og:description\" content=\"La cercleuse palette a une tension de feuillard \u00e9lectronique qui est con\u00e7ue pour cercler les palette avec un feuillard en PP et en PET.\" \/>\n<meta property=\"og:url\" content=\"https:\/\/innovexalgerie.com\/machines\/produit\/cercleuse-de-palettes-ys-t150\/\" \/>\n<meta property=\"og:site_name\" content=\"Innovex Machines | Innovex Algerie\" \/>\n<meta property=\"article:publisher\" content=\"https:\/\/www.facebook.com\/innovexmachine1\" \/>\n<meta property=\"article:modified_time\" content=\"2022-04-21T10:21:11+00:00\" \/>\n<meta property=\"og:image\" content=\"https:\/\/innovexalgerie.com\/machines\/wp-content\/uploads\/2021\/03\/ss.jpg\" \/>\n\t<meta property=\"og:image:width\" content=\"1000\" \/>\n\t<meta property=\"og:image:height\" content=\"1000\" \/>\n<meta name=\"twitter:card\" content=\"summary_large_image\" \/>\n<meta name=\"twitter:label1\" content=\"Dur\u00e9e de lecture est.\" \/>\n\t<meta name=\"twitter:data1\" content=\"1 minute\" \/>\n<script type=\"application\/ld+json\" class=\"yoast-schema-graph\">{\"@context\":\"https:\/\/schema.org\",\"@graph\":[{\"@type\":\"WebSite\",\"@id\":\"https:\/\/innovexalgerie.com\/machines\/#website\",\"url\":\"https:\/\/innovexalgerie.com\/machines\/\",\"name\":\"Innovex Machines | Innovex Algerie\",\"description\":\"Fournisseur de machines d&#039;emballage et d&#039;imprimerie\",\"potentialAction\":[{\"@type\":\"SearchAction\",\"target\":{\"@type\":\"EntryPoint\",\"urlTemplate\":\"https:\/\/innovexalgerie.com\/machines\/?s={search_term_string}\"},\"query-input\":\"required name=search_term_string\"}],\"inLanguage\":\"fr-FR\"},{\"@type\":\"ImageObject\",\"@id\":\"https:\/\/innovexalgerie.com\/machines\/produit\/cercleuse-de-palettes-ys-t150\/#primaryimage\",\"inLanguage\":\"fr-FR\",\"url\":\"https:\/\/innovexalgerie.com\/machines\/wp-content\/uploads\/2021\/03\/ss.jpg\",\"contentUrl\":\"https:\/\/innovexalgerie.com\/machines\/wp-content\/uploads\/2021\/03\/ss.jpg\",\"width\":1000,\"height\":1000},{\"@type\":\"WebPage\",\"@id\":\"https:\/\/innovexalgerie.com\/machines\/produit\/cercleuse-de-palettes-ys-t150\/#webpage\",\"url\":\"https:\/\/innovexalgerie.com\/machines\/produit\/cercleuse-de-palettes-ys-t150\/\",\"name\":\"Cercleuse de palettes YS-T150 - Innovex Machines | Innovex Algerie\",\"isPartOf\":{\"@id\":\"https:\/\/innovexalgerie.com\/machines\/#website\"},\"primaryImageOfPage\":{\"@id\":\"https:\/\/innovexalgerie.com\/machines\/produit\/cercleuse-de-palettes-ys-t150\/#primaryimage\"},\"datePublished\":\"2021-03-24T19:45:21+00:00\",\"dateModified\":\"2022-04-21T10:21:11+00:00\",\"description\":\"La cercleuse palette a une tension de feuillard \\u00e9lectronique qui est con\\u00e7ue pour cercler les palette avec un feuillard en PP et en PET.\",\"breadcrumb\":{\"@id\":\"https:\/\/innovexalgerie.com\/machines\/produit\/cercleuse-de-palettes-ys-t150\/#breadcrumb\"},\"inLanguage\":\"fr-FR\",\"potentialAction\":[{\"@type\":\"ReadAction\",\"target\":[\"https:\/\/innovexalgerie.com\/machines\/produit\/cercleuse-de-palettes-ys-t150\/\"]}]},{\"@type\":\"BreadcrumbList\",\"@id\":\"https:\/\/innovexalgerie.com\/machines\/produit\/cercleuse-de-palettes-ys-t150\/#breadcrumb\",\"itemListElement\":[{\"@type\":\"ListItem\",\"position\":1,\"name\":\"Accueil\",\"item\":\"https:\/\/innovexalgerie.com\/machines\/\"},{\"@type\":\"ListItem\",\"position\":2,\"name\":\"Produits\",\"item\":\"https:\/\/innovexalgerie.com\/machines\/boutique\/\"},{\"@type\":\"ListItem\",\"position\":3,\"name\":\"Cercleuse de palettes YS-T150\"}]}]}<\/script>\n<!-- \/ Yoast SEO Premium plugin. -->","yoast_head_json":{"title":"Cercleuse de palettes YS-T150 - Innovex Machines | Innovex Algerie","description":"La cercleuse palette a une tension de feuillard \u00e9lectronique qui est con\u00e7ue pour cercler les palette avec un feuillard en PP et en PET.","robots":{"index":"index","follow":"follow","max-snippet":"max-snippet:-1","max-image-preview":"max-image-preview:large","max-video-preview":"max-video-preview:-1"},"canonical":"https:\/\/innovexalgerie.com\/machines\/produit\/cercleuse-de-palettes-ys-t150\/","og_locale":"fr_FR","og_type":"article","og_title":"Cercleuse de palettes YS-T150 - Innovex Machines | Innovex Algerie","og_description":"La cercleuse palette a une tension de feuillard \u00e9lectronique qui est con\u00e7ue pour cercler les palette avec un feuillard en PP et en PET.","og_url":"https:\/\/innovexalgerie.com\/machines\/produit\/cercleuse-de-palettes-ys-t150\/","og_site_name":"Innovex Machines | Innovex Algerie","article_publisher":"https:\/\/www.facebook.com\/innovexmachine1","article_modified_time":"2022-04-21T10:21:11+00:00","og_image":[{"width":1000,"height":1000,"url":"https:\/\/innovexalgerie.com\/machines\/wp-content\/uploads\/2021\/03\/ss.jpg","path":"\/home\/inovex\/public_html\/machines\/wp-content\/uploads\/2021\/03\/ss.jpg","size":"full","id":163,"alt":"","pixels":1000000,"type":"image\/jpeg"}],"twitter_card":"summary_large_image","twitter_misc":{"Dur\u00e9e de lecture est.":"1 minute"},"schema":{"@context":"https:\/\/schema.org","@graph":[{"@type":"WebSite","@id":"https:\/\/innovexalgerie.com\/machines\/#website","url":"https:\/\/innovexalgerie.com\/machines\/","name":"Innovex Machines | Innovex Algerie","description":"Fournisseur de machines d&#039;emballage et d&#039;imprimerie","potentialAction":[{"@type":"SearchAction","target":{"@type":"EntryPoint","urlTemplate":"https:\/\/innovexalgerie.com\/machines\/?s={search_term_string}"},"query-input":"required name=search_term_string"}],"inLanguage":"fr-FR"},{"@type":"ImageObject","@id":"https:\/\/innovexalgerie.com\/machines\/produit\/cercleuse-de-palettes-ys-t150\/#primaryimage","inLanguage":"fr-FR","url":"https:\/\/innovexalgerie.com\/machines\/wp-content\/uploads\/2021\/03\/ss.jpg","contentUrl":"https:\/\/innovexalgerie.com\/machines\/wp-content\/uploads\/2021\/03\/ss.jpg","width":1000,"height":1000},{"@type":"WebPage","@id":"https:\/\/innovexalgerie.com\/machines\/produit\/cercleuse-de-palettes-ys-t150\/#webpage","url":"https:\/\/innovexalgerie.com\/machines\/produit\/cercleuse-de-palettes-ys-t150\/","name":"Cercleuse de palettes YS-T150 - Innovex Machines | Innovex Algerie","isPartOf":{"@id":"https:\/\/innovexalgerie.com\/machines\/#website"},"primaryImageOfPage":{"@id":"https:\/\/innovexalgerie.com\/machines\/produit\/cercleuse-de-palettes-ys-t150\/#primaryimage"},"datePublished":"2021-03-24T19:45:21+00:00","dateModified":"2022-04-21T10:21:11+00:00","description":"La cercleuse palette a une tension de feuillard \u00e9lectronique qui est con\u00e7ue pour cercler les palette avec un feuillard en PP et en PET.","breadcrumb":{"@id":"https:\/\/innovexalgerie.com\/machines\/produit\/cercleuse-de-palettes-ys-t150\/#breadcrumb"},"inLanguage":"fr-FR","potentialAction":[{"@type":"ReadAction","target":["https:\/\/innovexalgerie.com\/machines\/produit\/cercleuse-de-palettes-ys-t150\/"]}]},{"@type":"BreadcrumbList","@id":"https:\/\/innovexalgerie.com\/machines\/produit\/cercleuse-de-palettes-ys-t150\/#breadcrumb","itemListElement":[{"@type":"ListItem","position":1,"name":"Accueil","item":"https:\/\/innovexalgerie.com\/machines\/"},{"@type":"ListItem","position":2,"name":"Produits","item":"https:\/\/innovexalgerie.com\/machines\/boutique\/"},{"@type":"ListItem","position":3,"name":"Cercleuse de palettes YS-T150"}]}]}},"_links":{"self":[{"href":"https:\/\/innovexalgerie.com\/machines\/wp-json\/wp\/v2\/product\/81","targetHints":{"allow":["GET"]}}],"collection":[{"href":"https:\/\/innovexalgerie.com\/machines\/wp-json\/wp\/v2\/product"}],"about":[{"href":"https:\/\/innovexalgerie.com\/machines\/wp-json\/wp\/v2\/types\/product"}],"version-history":[{"count":4,"href":"https:\/\/innovexalgerie.com\/machines\/wp-json\/wp\/v2\/product\/81\/revisions"}],"predecessor-version":[{"id":30219,"href":"https:\/\/innovexalgerie.com\/machines\/wp-json\/wp\/v2\/product\/81\/revisions\/30219"}],"wp:featuredmedia":[{"embeddable":true,"href":"https:\/\/innovexalgerie.com\/machines\/wp-json\/wp\/v2\/media\/163"}],"wp:attachment":[{"href":"https:\/\/innovexalgerie.com\/machines\/wp-json\/wp\/v2\/media?parent=81"}],"wp:term":[{"taxonomy":"product_cat","embeddable":true,"href":"https:\/\/innovexalgerie.com\/machines\/wp-json\/wp\/v2\/product_cat?post=81"},{"taxonomy":"product_tag","embeddable":true,"href":"https:\/\/innovexalgerie.com\/machines\/wp-json\/wp\/v2\/product_tag?post=81"}],"curies":[{"name":"wp","href":"https:\/\/api.w.org\/{rel}","templated":true}]}}