{"id":825,"date":"2021-03-24T20:50:23","date_gmt":"2021-03-24T19:50:23","guid":{"rendered":"https:\/\/innovexalgerie.com\/machines2\/?post_type=product&#038;p=825"},"modified":"2022-06-06T10:27:12","modified_gmt":"2022-06-06T09:27:12","slug":"fardeleuse-verticale-semi-automatique-st6040q","status":"publish","type":"product","link":"https:\/\/innovexalgerie.com\/machines\/produit\/fardeleuse-verticale-semi-automatique-st6040q\/","title":{"rendered":"Fardeleuse verticale semi-automatique ST6040Q"},"content":{"rendered":"<p>Fardeleuse verticale semi-automatique <strong>ST-6040Q<\/strong> pour emballer les produits de fa\u00e7on perpendiculaire (bouteilles, vases, boites, cannettes, flacons, trousses etc\u2026). L&rsquo;amen\u00e9e des produits se fait manuellement \u00e0 l&rsquo;aide d&rsquo;un pousseur pneumatique command\u00e9 par un bouton. Apr\u00e8s le soudage, le film est coup\u00e9 par une lame froide et pouss\u00e9 vers le tunnel de r\u00e9traction.<\/p>\n<ul>\n<li>R\u00e9glage facile de dimension du gabaret selon la dimension du fardeau.<\/li>\n<li>Scellage de film avec une lame de soudure qui fonctionne par un v\u00e9rin pneumatique.<\/li>\n<li>Programmation des fonctions de la machine par un automate PLC.<\/li>\n<li>Porte-bobines sup\u00e9rieur et inf\u00e9rieur motoris\u00e9s.<\/li>\n<li>Emballage du produit avec ou sans plateau inf\u00e9rieur.<\/li>\n<li>Machine adaptable \u00e0 tout types de tunnels de r\u00e9tractions.<\/li>\n<li>Syst\u00e8me de s\u00e9curit\u00e9 au niveau de la barre de soudure pour prot\u00e9ger l&rsquo;op\u00e9rateur et le produit.<\/li>\n<li>Convient \u00e0 toutes sortes de films r\u00e9tractables tels que PVC, POF, PP, PE, etc.<\/li>\n<li>Machine conforme aux normes CE.<\/li>\n<\/ul>\n<p><img loading=\"lazy\" decoding=\"async\" class=\"alignnone wp-image-30613\" src=\"https:\/\/innovexalgerie.com\/machines\/wp-content\/uploads\/2021\/03\/image002.jpg\" alt=\"FARDELEUSE ST-6040Q INNOVEX MACHINE \" width=\"448\" height=\"341\" srcset=\"https:\/\/innovexalgerie.com\/machines\/wp-content\/uploads\/2021\/03\/image002.jpg 338w, https:\/\/innovexalgerie.com\/machines\/wp-content\/uploads\/2021\/03\/image002-300x228.jpg 300w\" sizes=\"auto, (max-width: 448px) 100vw, 448px\" \/><\/p>\n","protected":false},"excerpt":{"rendered":"<p>Fardeleuse verticale semi-automatique pour filmer une tr\u00e8s vaste gamme de produits (bouteilles, vases, boites, canettes, flacons, trousses etc\u2026), dot\u00e9e d&rsquo;un syst\u00e8me poussant semi-automatique par un v\u00e9rin pneumatique, emballage du produit avec ou sans plateau inf\u00e9rieur.<img loading=\"lazy\" decoding=\"async\" class=\"alignnone size-full wp-image-30615\" src=\"https:\/\/innovexalgerie.com\/machines\/wp-content\/uploads\/2021\/03\/icon-fardeleuse-verticale-semi-auto-st-6040Q-INNOVEX-MACHINE.jpg\" alt=\"icon-fardeleuse-verticale-semi-auto-st-6040Q-INNOVEX-MACHINE\" width=\"891\" height=\"217\" srcset=\"https:\/\/innovexalgerie.com\/machines\/wp-content\/uploads\/2021\/03\/icon-fardeleuse-verticale-semi-auto-st-6040Q-INNOVEX-MACHINE.jpg 891w, https:\/\/innovexalgerie.com\/machines\/wp-content\/uploads\/2021\/03\/icon-fardeleuse-verticale-semi-auto-st-6040Q-INNOVEX-MACHINE-300x73.jpg 300w, https:\/\/innovexalgerie.com\/machines\/wp-content\/uploads\/2021\/03\/icon-fardeleuse-verticale-semi-auto-st-6040Q-INNOVEX-MACHINE-768x187.jpg 768w, https:\/\/innovexalgerie.com\/machines\/wp-content\/uploads\/2021\/03\/icon-fardeleuse-verticale-semi-auto-st-6040Q-INNOVEX-MACHINE-600x146.jpg 600w\" sizes=\"auto, (max-width: 891px) 100vw, 891px\" \/><\/p>\n","protected":false},"featured_media":855,"template":"","meta":{"_monsterinsights_skip_tracking":false,"_monsterinsights_sitenote_active":false,"_monsterinsights_sitenote_note":"","_monsterinsights_sitenote_category":0},"product_cat":[35,212],"product_tag":[31,40,42,43],"class_list":["post-825","product","type-product","status-publish","has-post-thumbnail","hentry","product_cat-fardeleuse-et-cellophaneuse","product_cat-fardeleuses-bouteilles","product_tag-fardeleuse","product_tag-filmeuse","product_tag-shrink-wrapper","product_tag-sleeve-wrapper"],"yoast_head":"<!-- This site is optimized with the Yoast SEO Premium plugin v16.2 (Yoast SEO v16.7) - https:\/\/yoast.com\/wordpress\/plugins\/seo\/ -->\n<title>Fardeleuse verticale semi-automatique ST6040Q - Innovex Machines | Innovex Algerie<\/title>\n<meta name=\"description\" content=\"Fardeleuse semi-automatique pour filmer une tr\u00e8s vaste gamme de produits (bouteilles, vases, boites, canettes, flacons, trousses).innovex\" \/>\n<meta name=\"robots\" content=\"index, follow, max-snippet:-1, max-image-preview:large, max-video-preview:-1\" \/>\n<link rel=\"canonical\" href=\"https:\/\/innovexalgerie.com\/machines\/produit\/fardeleuse-verticale-semi-automatique-st6040q\/\" \/>\n<meta property=\"og:locale\" content=\"fr_FR\" \/>\n<meta property=\"og:type\" content=\"article\" \/>\n<meta property=\"og:title\" content=\"Fardeleuse verticale semi-automatique ST6040Q - Innovex Machines | Innovex Algerie\" \/>\n<meta property=\"og:description\" content=\"Fardeleuse semi-automatique pour filmer une tr\u00e8s vaste gamme de produits (bouteilles, vases, boites, canettes, flacons, trousses).innovex\" \/>\n<meta property=\"og:url\" content=\"https:\/\/innovexalgerie.com\/machines\/produit\/fardeleuse-verticale-semi-automatique-st6040q\/\" \/>\n<meta property=\"og:site_name\" content=\"Innovex Machines | Innovex Algerie\" \/>\n<meta property=\"article:publisher\" content=\"https:\/\/www.facebook.com\/innovexmachine1\" \/>\n<meta property=\"article:modified_time\" content=\"2022-06-06T09:27:12+00:00\" \/>\n<meta property=\"og:image\" content=\"https:\/\/innovexalgerie.com\/machines\/wp-content\/uploads\/2021\/03\/ST6040Q.jpg\" \/>\n\t<meta property=\"og:image:width\" content=\"1000\" \/>\n\t<meta property=\"og:image:height\" content=\"1000\" \/>\n<meta name=\"twitter:card\" content=\"summary_large_image\" \/>\n<meta name=\"twitter:label1\" content=\"Dur\u00e9e de lecture est.\" \/>\n\t<meta name=\"twitter:data1\" content=\"1 minute\" \/>\n<script type=\"application\/ld+json\" class=\"yoast-schema-graph\">{\"@context\":\"https:\/\/schema.org\",\"@graph\":[{\"@type\":\"WebSite\",\"@id\":\"https:\/\/innovexalgerie.com\/machines\/#website\",\"url\":\"https:\/\/innovexalgerie.com\/machines\/\",\"name\":\"Innovex Machines | Innovex Algerie\",\"description\":\"Fournisseur de machines d&#039;emballage et d&#039;imprimerie\",\"potentialAction\":[{\"@type\":\"SearchAction\",\"target\":{\"@type\":\"EntryPoint\",\"urlTemplate\":\"https:\/\/innovexalgerie.com\/machines\/?s={search_term_string}\"},\"query-input\":\"required name=search_term_string\"}],\"inLanguage\":\"fr-FR\"},{\"@type\":\"ImageObject\",\"@id\":\"https:\/\/innovexalgerie.com\/machines\/produit\/fardeleuse-verticale-semi-automatique-st6040q\/#primaryimage\",\"inLanguage\":\"fr-FR\",\"url\":\"https:\/\/innovexalgerie.com\/machines\/wp-content\/uploads\/2021\/03\/ST6040Q.jpg\",\"contentUrl\":\"https:\/\/innovexalgerie.com\/machines\/wp-content\/uploads\/2021\/03\/ST6040Q.jpg\",\"width\":1000,\"height\":1000,\"caption\":\"Fardeleuse bouteilles ST6040Q\"},{\"@type\":\"WebPage\",\"@id\":\"https:\/\/innovexalgerie.com\/machines\/produit\/fardeleuse-verticale-semi-automatique-st6040q\/#webpage\",\"url\":\"https:\/\/innovexalgerie.com\/machines\/produit\/fardeleuse-verticale-semi-automatique-st6040q\/\",\"name\":\"Fardeleuse verticale semi-automatique ST6040Q - Innovex Machines | Innovex Algerie\",\"isPartOf\":{\"@id\":\"https:\/\/innovexalgerie.com\/machines\/#website\"},\"primaryImageOfPage\":{\"@id\":\"https:\/\/innovexalgerie.com\/machines\/produit\/fardeleuse-verticale-semi-automatique-st6040q\/#primaryimage\"},\"datePublished\":\"2021-03-24T19:50:23+00:00\",\"dateModified\":\"2022-06-06T09:27:12+00:00\",\"description\":\"Fardeleuse semi-automatique pour filmer une tr\\u00e8s vaste gamme de produits (bouteilles, vases, boites, canettes, flacons, trousses).innovex\",\"breadcrumb\":{\"@id\":\"https:\/\/innovexalgerie.com\/machines\/produit\/fardeleuse-verticale-semi-automatique-st6040q\/#breadcrumb\"},\"inLanguage\":\"fr-FR\",\"potentialAction\":[{\"@type\":\"ReadAction\",\"target\":[\"https:\/\/innovexalgerie.com\/machines\/produit\/fardeleuse-verticale-semi-automatique-st6040q\/\"]}]},{\"@type\":\"BreadcrumbList\",\"@id\":\"https:\/\/innovexalgerie.com\/machines\/produit\/fardeleuse-verticale-semi-automatique-st6040q\/#breadcrumb\",\"itemListElement\":[{\"@type\":\"ListItem\",\"position\":1,\"name\":\"Accueil\",\"item\":\"https:\/\/innovexalgerie.com\/machines\/\"},{\"@type\":\"ListItem\",\"position\":2,\"name\":\"Produits\",\"item\":\"https:\/\/innovexalgerie.com\/machines\/boutique\/\"},{\"@type\":\"ListItem\",\"position\":3,\"name\":\"Fardeleuse verticale semi-automatique ST6040Q\"}]}]}<\/script>\n<!-- \/ Yoast SEO Premium plugin. -->","yoast_head_json":{"title":"Fardeleuse verticale semi-automatique ST6040Q - Innovex Machines | Innovex Algerie","description":"Fardeleuse semi-automatique pour filmer une tr\u00e8s vaste gamme de produits (bouteilles, vases, boites, canettes, flacons, trousses).innovex","robots":{"index":"index","follow":"follow","max-snippet":"max-snippet:-1","max-image-preview":"max-image-preview:large","max-video-preview":"max-video-preview:-1"},"canonical":"https:\/\/innovexalgerie.com\/machines\/produit\/fardeleuse-verticale-semi-automatique-st6040q\/","og_locale":"fr_FR","og_type":"article","og_title":"Fardeleuse verticale semi-automatique ST6040Q - Innovex Machines | Innovex Algerie","og_description":"Fardeleuse semi-automatique pour filmer une tr\u00e8s vaste gamme de produits (bouteilles, vases, boites, canettes, flacons, trousses).innovex","og_url":"https:\/\/innovexalgerie.com\/machines\/produit\/fardeleuse-verticale-semi-automatique-st6040q\/","og_site_name":"Innovex Machines | Innovex Algerie","article_publisher":"https:\/\/www.facebook.com\/innovexmachine1","article_modified_time":"2022-06-06T09:27:12+00:00","og_image":[{"width":1000,"height":1000,"url":"https:\/\/innovexalgerie.com\/machines\/wp-content\/uploads\/2021\/03\/ST6040Q.jpg","path":"\/home\/inovex\/public_html\/machines\/wp-content\/uploads\/2021\/03\/ST6040Q.jpg","size":"full","id":855,"alt":"Fardeleuse bouteilles ST6040Q","pixels":1000000,"type":"image\/jpeg"}],"twitter_card":"summary_large_image","twitter_misc":{"Dur\u00e9e de lecture est.":"1 minute"},"schema":{"@context":"https:\/\/schema.org","@graph":[{"@type":"WebSite","@id":"https:\/\/innovexalgerie.com\/machines\/#website","url":"https:\/\/innovexalgerie.com\/machines\/","name":"Innovex Machines | Innovex Algerie","description":"Fournisseur de machines d&#039;emballage et d&#039;imprimerie","potentialAction":[{"@type":"SearchAction","target":{"@type":"EntryPoint","urlTemplate":"https:\/\/innovexalgerie.com\/machines\/?s={search_term_string}"},"query-input":"required name=search_term_string"}],"inLanguage":"fr-FR"},{"@type":"ImageObject","@id":"https:\/\/innovexalgerie.com\/machines\/produit\/fardeleuse-verticale-semi-automatique-st6040q\/#primaryimage","inLanguage":"fr-FR","url":"https:\/\/innovexalgerie.com\/machines\/wp-content\/uploads\/2021\/03\/ST6040Q.jpg","contentUrl":"https:\/\/innovexalgerie.com\/machines\/wp-content\/uploads\/2021\/03\/ST6040Q.jpg","width":1000,"height":1000,"caption":"Fardeleuse bouteilles ST6040Q"},{"@type":"WebPage","@id":"https:\/\/innovexalgerie.com\/machines\/produit\/fardeleuse-verticale-semi-automatique-st6040q\/#webpage","url":"https:\/\/innovexalgerie.com\/machines\/produit\/fardeleuse-verticale-semi-automatique-st6040q\/","name":"Fardeleuse verticale semi-automatique ST6040Q - Innovex Machines | Innovex Algerie","isPartOf":{"@id":"https:\/\/innovexalgerie.com\/machines\/#website"},"primaryImageOfPage":{"@id":"https:\/\/innovexalgerie.com\/machines\/produit\/fardeleuse-verticale-semi-automatique-st6040q\/#primaryimage"},"datePublished":"2021-03-24T19:50:23+00:00","dateModified":"2022-06-06T09:27:12+00:00","description":"Fardeleuse semi-automatique pour filmer une tr\u00e8s vaste gamme de produits (bouteilles, vases, boites, canettes, flacons, trousses).innovex","breadcrumb":{"@id":"https:\/\/innovexalgerie.com\/machines\/produit\/fardeleuse-verticale-semi-automatique-st6040q\/#breadcrumb"},"inLanguage":"fr-FR","potentialAction":[{"@type":"ReadAction","target":["https:\/\/innovexalgerie.com\/machines\/produit\/fardeleuse-verticale-semi-automatique-st6040q\/"]}]},{"@type":"BreadcrumbList","@id":"https:\/\/innovexalgerie.com\/machines\/produit\/fardeleuse-verticale-semi-automatique-st6040q\/#breadcrumb","itemListElement":[{"@type":"ListItem","position":1,"name":"Accueil","item":"https:\/\/innovexalgerie.com\/machines\/"},{"@type":"ListItem","position":2,"name":"Produits","item":"https:\/\/innovexalgerie.com\/machines\/boutique\/"},{"@type":"ListItem","position":3,"name":"Fardeleuse verticale semi-automatique ST6040Q"}]}]}},"_links":{"self":[{"href":"https:\/\/innovexalgerie.com\/machines\/wp-json\/wp\/v2\/product\/825","targetHints":{"allow":["GET"]}}],"collection":[{"href":"https:\/\/innovexalgerie.com\/machines\/wp-json\/wp\/v2\/product"}],"about":[{"href":"https:\/\/innovexalgerie.com\/machines\/wp-json\/wp\/v2\/types\/product"}],"version-history":[{"count":9,"href":"https:\/\/innovexalgerie.com\/machines\/wp-json\/wp\/v2\/product\/825\/revisions"}],"predecessor-version":[{"id":30621,"href":"https:\/\/innovexalgerie.com\/machines\/wp-json\/wp\/v2\/product\/825\/revisions\/30621"}],"wp:featuredmedia":[{"embeddable":true,"href":"https:\/\/innovexalgerie.com\/machines\/wp-json\/wp\/v2\/media\/855"}],"wp:attachment":[{"href":"https:\/\/innovexalgerie.com\/machines\/wp-json\/wp\/v2\/media?parent=825"}],"wp:term":[{"taxonomy":"product_cat","embeddable":true,"href":"https:\/\/innovexalgerie.com\/machines\/wp-json\/wp\/v2\/product_cat?post=825"},{"taxonomy":"product_tag","embeddable":true,"href":"https:\/\/innovexalgerie.com\/machines\/wp-json\/wp\/v2\/product_tag?post=825"}],"curies":[{"name":"wp","href":"https:\/\/api.w.org\/{rel}","templated":true}]}}