{"id":826,"date":"2021-03-24T20:50:23","date_gmt":"2021-03-24T19:50:23","guid":{"rendered":"https:\/\/innovexalgerie.com\/machines2\/?post_type=product&#038;p=826"},"modified":"2022-06-15T08:57:47","modified_gmt":"2022-06-15T07:57:47","slug":"tunnel-de-retraction-haute-cadence-avec-refroidisseur-zj-2","status":"publish","type":"product","link":"https:\/\/innovexalgerie.com\/machines\/produit\/tunnel-de-retraction-haute-cadence-avec-refroidisseur-zj-2\/","title":{"rendered":"Tunnel de r\u00e9traction haute cadence avec refroidisseur ZJ-2"},"content":{"rendered":"<p>Le tunnel de r\u00e9traction haute cadence <strong>ZJ-2<\/strong> est destin\u00e9 aux grands volumes de production, la vitesse de r\u00e9traction est rapide gr\u00e2ce \u00e0 deux turbines g\u00e9antes et d\u2019un syst\u00e8me de refroidissement. peut \u00eatre combin\u00e9 \u00e0 une ligne de conditionnement.<\/p>\n<ul>\n<li>Flux d\u2019aire \u00e0 360 \u00b0 avec deux ventilateurs g\u00e9antes qui offre une r\u00e9traction parfaite des produits.<\/li>\n<li>Haute candace avec 24 r\u00e9sistances en inox 304 de haute qualit\u00e9.<\/li>\n<li>Contr\u00f4le num\u00e9rique et r\u00e9glable de la temp\u00e9rature pour tout types de films.<\/li>\n<li>Fonction de refroidissement automatique en fin de poste.<\/li>\n<li>Tunnel enti\u00e8rement isolant pour \u00e9viter les fuites de chaleur vers l&rsquo;ext\u00e9rieur.<\/li>\n<li>double ventilation et optimisation du flux dans le tunnel.<\/li>\n<li>Utilisation \u00e0 une cadence \u00e9lev\u00e9e non stop.<\/li>\n<li>Convoyeur \u00e0 rouleaux recouvert de silicone de vitesse variable.<\/li>\n<li>Interrupteur d&rsquo;arr\u00eat d&rsquo;urgence.<\/li>\n<li>Vitesse r\u00e9glable du convoyeur .<\/li>\n<li>Barrettes recouvertes de caoutchouc silicon\u00e9 avec un guidage par cha\u00eenes.<\/li>\n<li>Tr\u00e8s rapide pour toute les op\u00e9ration de r\u00e9traction<\/li>\n<li>Notre gamme de tunnel de r\u00e9traction vous permettra sans difficult\u00e9 de trouver celui qui vous conviendra.<\/li>\n<li>Nos tunnels s\u2019adaptent derri\u00e8re toute la gamme de nos soudeuses, mais bien \u00e9videmment des soudeuses de marques diff\u00e9rentes, quel que soit le film que vous utilisez la technologie de nos tunnels vous permettra de r\u00e9tracter vos colis sans difficult\u00e9.<\/li>\n<li>Machine conforme aux normes CE.<\/li>\n<\/ul>\n","protected":false},"excerpt":{"rendered":"<p>Tunnel de r\u00e9traction haute cadence avec syst\u00e8me de refroidissement destin\u00e9 \u00e0 la production de masse. Il est\u00a0 dot\u00e9 de deux turbines g\u00e9ante qui assure une r\u00e9traction tr\u00e8s rapide.<\/p>\n<p style=\"text-align: left;\"><img loading=\"lazy\" decoding=\"async\" class=\"alignnone size-full wp-image-30647\" src=\"https:\/\/innovexalgerie.com\/machines\/wp-content\/uploads\/2021\/10\/icon-tunnel-de-retraction-rs-5-innovex-machine.jpg\" alt=\"icon-tunnel-de-retraction-rs-5-innovex-machine\" width=\"891\" height=\"217\" srcset=\"https:\/\/innovexalgerie.com\/machines\/wp-content\/uploads\/2021\/10\/icon-tunnel-de-retraction-rs-5-innovex-machine.jpg 891w, https:\/\/innovexalgerie.com\/machines\/wp-content\/uploads\/2021\/10\/icon-tunnel-de-retraction-rs-5-innovex-machine-300x73.jpg 300w, https:\/\/innovexalgerie.com\/machines\/wp-content\/uploads\/2021\/10\/icon-tunnel-de-retraction-rs-5-innovex-machine-768x187.jpg 768w, https:\/\/innovexalgerie.com\/machines\/wp-content\/uploads\/2021\/10\/icon-tunnel-de-retraction-rs-5-innovex-machine-600x146.jpg 600w\" sizes=\"auto, (max-width: 891px) 100vw, 891px\" \/><\/p>\n","protected":false},"featured_media":857,"template":"","meta":{"_monsterinsights_skip_tracking":false,"_monsterinsights_sitenote_active":false,"_monsterinsights_sitenote_note":"","_monsterinsights_sitenote_category":0},"product_cat":[35,213],"product_tag":[31,63,64,65],"class_list":["post-826","product","type-product","status-publish","has-post-thumbnail","hentry","product_cat-fardeleuse-et-cellophaneuse","product_cat-tunnel-de-retraction","product_tag-fardeleuse","product_tag-four","product_tag-four-de-retraction","product_tag-tunnel-de-retraction"],"yoast_head":"<!-- This site is optimized with the Yoast SEO Premium plugin v16.2 (Yoast SEO v16.7) - https:\/\/yoast.com\/wordpress\/plugins\/seo\/ -->\n<title>Tunnel de r\u00e9traction haute cadence avec refroidisseur ZJ-2 - Innovex Machines | Innovex Algerie<\/title>\n<meta name=\"description\" content=\"Tunnel de r\u00e9traction haute cadence zj-2 avec syst\u00e8me de refroidissement destin\u00e9 \u00e0 la production de masse. innovex machine\" \/>\n<meta name=\"robots\" content=\"index, follow, max-snippet:-1, max-image-preview:large, max-video-preview:-1\" \/>\n<link rel=\"canonical\" href=\"https:\/\/innovexalgerie.com\/machines\/produit\/tunnel-de-retraction-haute-cadence-avec-refroidisseur-zj-2\/\" \/>\n<meta property=\"og:locale\" content=\"fr_FR\" \/>\n<meta property=\"og:type\" content=\"article\" \/>\n<meta property=\"og:title\" content=\"Tunnel de r\u00e9traction haute cadence avec refroidisseur ZJ-2 - Innovex Machines | Innovex Algerie\" \/>\n<meta property=\"og:description\" content=\"Tunnel de r\u00e9traction haute cadence zj-2 avec syst\u00e8me de refroidissement destin\u00e9 \u00e0 la production de masse. innovex machine\" \/>\n<meta property=\"og:url\" content=\"https:\/\/innovexalgerie.com\/machines\/produit\/tunnel-de-retraction-haute-cadence-avec-refroidisseur-zj-2\/\" \/>\n<meta property=\"og:site_name\" content=\"Innovex Machines | Innovex Algerie\" \/>\n<meta property=\"article:publisher\" content=\"https:\/\/www.facebook.com\/innovexmachine1\" \/>\n<meta property=\"article:modified_time\" content=\"2022-06-15T07:57:47+00:00\" \/>\n<meta property=\"og:image\" content=\"https:\/\/innovexalgerie.com\/machines\/wp-content\/uploads\/2021\/03\/zb-2.jpg\" \/>\n\t<meta property=\"og:image:width\" content=\"1000\" \/>\n\t<meta property=\"og:image:height\" content=\"1000\" \/>\n<meta name=\"twitter:card\" content=\"summary_large_image\" \/>\n<meta name=\"twitter:label1\" content=\"Dur\u00e9e de lecture est.\" \/>\n\t<meta name=\"twitter:data1\" content=\"1 minute\" \/>\n<script type=\"application\/ld+json\" class=\"yoast-schema-graph\">{\"@context\":\"https:\/\/schema.org\",\"@graph\":[{\"@type\":\"WebSite\",\"@id\":\"https:\/\/innovexalgerie.com\/machines\/#website\",\"url\":\"https:\/\/innovexalgerie.com\/machines\/\",\"name\":\"Innovex Machines | Innovex Algerie\",\"description\":\"Fournisseur de machines d&#039;emballage et d&#039;imprimerie\",\"potentialAction\":[{\"@type\":\"SearchAction\",\"target\":{\"@type\":\"EntryPoint\",\"urlTemplate\":\"https:\/\/innovexalgerie.com\/machines\/?s={search_term_string}\"},\"query-input\":\"required name=search_term_string\"}],\"inLanguage\":\"fr-FR\"},{\"@type\":\"ImageObject\",\"@id\":\"https:\/\/innovexalgerie.com\/machines\/produit\/tunnel-de-retraction-haute-cadence-avec-refroidisseur-zj-2\/#primaryimage\",\"inLanguage\":\"fr-FR\",\"url\":\"https:\/\/innovexalgerie.com\/machines\/wp-content\/uploads\/2021\/03\/zb-2.jpg\",\"contentUrl\":\"https:\/\/innovexalgerie.com\/machines\/wp-content\/uploads\/2021\/03\/zb-2.jpg\",\"width\":1000,\"height\":1000},{\"@type\":\"WebPage\",\"@id\":\"https:\/\/innovexalgerie.com\/machines\/produit\/tunnel-de-retraction-haute-cadence-avec-refroidisseur-zj-2\/#webpage\",\"url\":\"https:\/\/innovexalgerie.com\/machines\/produit\/tunnel-de-retraction-haute-cadence-avec-refroidisseur-zj-2\/\",\"name\":\"Tunnel de r\\u00e9traction haute cadence avec refroidisseur ZJ-2 - Innovex Machines | Innovex Algerie\",\"isPartOf\":{\"@id\":\"https:\/\/innovexalgerie.com\/machines\/#website\"},\"primaryImageOfPage\":{\"@id\":\"https:\/\/innovexalgerie.com\/machines\/produit\/tunnel-de-retraction-haute-cadence-avec-refroidisseur-zj-2\/#primaryimage\"},\"datePublished\":\"2021-03-24T19:50:23+00:00\",\"dateModified\":\"2022-06-15T07:57:47+00:00\",\"description\":\"Tunnel de r\\u00e9traction haute cadence zj-2 avec syst\\u00e8me de refroidissement destin\\u00e9 \\u00e0 la production de masse. innovex machine\",\"breadcrumb\":{\"@id\":\"https:\/\/innovexalgerie.com\/machines\/produit\/tunnel-de-retraction-haute-cadence-avec-refroidisseur-zj-2\/#breadcrumb\"},\"inLanguage\":\"fr-FR\",\"potentialAction\":[{\"@type\":\"ReadAction\",\"target\":[\"https:\/\/innovexalgerie.com\/machines\/produit\/tunnel-de-retraction-haute-cadence-avec-refroidisseur-zj-2\/\"]}]},{\"@type\":\"BreadcrumbList\",\"@id\":\"https:\/\/innovexalgerie.com\/machines\/produit\/tunnel-de-retraction-haute-cadence-avec-refroidisseur-zj-2\/#breadcrumb\",\"itemListElement\":[{\"@type\":\"ListItem\",\"position\":1,\"name\":\"Accueil\",\"item\":\"https:\/\/innovexalgerie.com\/machines\/\"},{\"@type\":\"ListItem\",\"position\":2,\"name\":\"Produits\",\"item\":\"https:\/\/innovexalgerie.com\/machines\/boutique\/\"},{\"@type\":\"ListItem\",\"position\":3,\"name\":\"Tunnel de r\\u00e9traction haute cadence avec refroidisseur ZJ-2\"}]}]}<\/script>\n<!-- \/ Yoast SEO Premium plugin. -->","yoast_head_json":{"title":"Tunnel de r\u00e9traction haute cadence avec refroidisseur ZJ-2 - Innovex Machines | Innovex Algerie","description":"Tunnel de r\u00e9traction haute cadence zj-2 avec syst\u00e8me de refroidissement destin\u00e9 \u00e0 la production de masse. innovex machine","robots":{"index":"index","follow":"follow","max-snippet":"max-snippet:-1","max-image-preview":"max-image-preview:large","max-video-preview":"max-video-preview:-1"},"canonical":"https:\/\/innovexalgerie.com\/machines\/produit\/tunnel-de-retraction-haute-cadence-avec-refroidisseur-zj-2\/","og_locale":"fr_FR","og_type":"article","og_title":"Tunnel de r\u00e9traction haute cadence avec refroidisseur ZJ-2 - Innovex Machines | Innovex Algerie","og_description":"Tunnel de r\u00e9traction haute cadence zj-2 avec syst\u00e8me de refroidissement destin\u00e9 \u00e0 la production de masse. innovex machine","og_url":"https:\/\/innovexalgerie.com\/machines\/produit\/tunnel-de-retraction-haute-cadence-avec-refroidisseur-zj-2\/","og_site_name":"Innovex Machines | Innovex Algerie","article_publisher":"https:\/\/www.facebook.com\/innovexmachine1","article_modified_time":"2022-06-15T07:57:47+00:00","og_image":[{"width":1000,"height":1000,"url":"https:\/\/innovexalgerie.com\/machines\/wp-content\/uploads\/2021\/03\/zb-2.jpg","path":"\/home\/inovex\/public_html\/machines\/wp-content\/uploads\/2021\/03\/zb-2.jpg","size":"full","id":857,"alt":"","pixels":1000000,"type":"image\/jpeg"}],"twitter_card":"summary_large_image","twitter_misc":{"Dur\u00e9e de lecture est.":"1 minute"},"schema":{"@context":"https:\/\/schema.org","@graph":[{"@type":"WebSite","@id":"https:\/\/innovexalgerie.com\/machines\/#website","url":"https:\/\/innovexalgerie.com\/machines\/","name":"Innovex Machines | Innovex Algerie","description":"Fournisseur de machines d&#039;emballage et d&#039;imprimerie","potentialAction":[{"@type":"SearchAction","target":{"@type":"EntryPoint","urlTemplate":"https:\/\/innovexalgerie.com\/machines\/?s={search_term_string}"},"query-input":"required name=search_term_string"}],"inLanguage":"fr-FR"},{"@type":"ImageObject","@id":"https:\/\/innovexalgerie.com\/machines\/produit\/tunnel-de-retraction-haute-cadence-avec-refroidisseur-zj-2\/#primaryimage","inLanguage":"fr-FR","url":"https:\/\/innovexalgerie.com\/machines\/wp-content\/uploads\/2021\/03\/zb-2.jpg","contentUrl":"https:\/\/innovexalgerie.com\/machines\/wp-content\/uploads\/2021\/03\/zb-2.jpg","width":1000,"height":1000},{"@type":"WebPage","@id":"https:\/\/innovexalgerie.com\/machines\/produit\/tunnel-de-retraction-haute-cadence-avec-refroidisseur-zj-2\/#webpage","url":"https:\/\/innovexalgerie.com\/machines\/produit\/tunnel-de-retraction-haute-cadence-avec-refroidisseur-zj-2\/","name":"Tunnel de r\u00e9traction haute cadence avec refroidisseur ZJ-2 - Innovex Machines | Innovex Algerie","isPartOf":{"@id":"https:\/\/innovexalgerie.com\/machines\/#website"},"primaryImageOfPage":{"@id":"https:\/\/innovexalgerie.com\/machines\/produit\/tunnel-de-retraction-haute-cadence-avec-refroidisseur-zj-2\/#primaryimage"},"datePublished":"2021-03-24T19:50:23+00:00","dateModified":"2022-06-15T07:57:47+00:00","description":"Tunnel de r\u00e9traction haute cadence zj-2 avec syst\u00e8me de refroidissement destin\u00e9 \u00e0 la production de masse. innovex machine","breadcrumb":{"@id":"https:\/\/innovexalgerie.com\/machines\/produit\/tunnel-de-retraction-haute-cadence-avec-refroidisseur-zj-2\/#breadcrumb"},"inLanguage":"fr-FR","potentialAction":[{"@type":"ReadAction","target":["https:\/\/innovexalgerie.com\/machines\/produit\/tunnel-de-retraction-haute-cadence-avec-refroidisseur-zj-2\/"]}]},{"@type":"BreadcrumbList","@id":"https:\/\/innovexalgerie.com\/machines\/produit\/tunnel-de-retraction-haute-cadence-avec-refroidisseur-zj-2\/#breadcrumb","itemListElement":[{"@type":"ListItem","position":1,"name":"Accueil","item":"https:\/\/innovexalgerie.com\/machines\/"},{"@type":"ListItem","position":2,"name":"Produits","item":"https:\/\/innovexalgerie.com\/machines\/boutique\/"},{"@type":"ListItem","position":3,"name":"Tunnel de r\u00e9traction haute cadence avec refroidisseur ZJ-2"}]}]}},"_links":{"self":[{"href":"https:\/\/innovexalgerie.com\/machines\/wp-json\/wp\/v2\/product\/826","targetHints":{"allow":["GET"]}}],"collection":[{"href":"https:\/\/innovexalgerie.com\/machines\/wp-json\/wp\/v2\/product"}],"about":[{"href":"https:\/\/innovexalgerie.com\/machines\/wp-json\/wp\/v2\/types\/product"}],"version-history":[{"count":12,"href":"https:\/\/innovexalgerie.com\/machines\/wp-json\/wp\/v2\/product\/826\/revisions"}],"predecessor-version":[{"id":30674,"href":"https:\/\/innovexalgerie.com\/machines\/wp-json\/wp\/v2\/product\/826\/revisions\/30674"}],"wp:featuredmedia":[{"embeddable":true,"href":"https:\/\/innovexalgerie.com\/machines\/wp-json\/wp\/v2\/media\/857"}],"wp:attachment":[{"href":"https:\/\/innovexalgerie.com\/machines\/wp-json\/wp\/v2\/media?parent=826"}],"wp:term":[{"taxonomy":"product_cat","embeddable":true,"href":"https:\/\/innovexalgerie.com\/machines\/wp-json\/wp\/v2\/product_cat?post=826"},{"taxonomy":"product_tag","embeddable":true,"href":"https:\/\/innovexalgerie.com\/machines\/wp-json\/wp\/v2\/product_tag?post=826"}],"curies":[{"name":"wp","href":"https:\/\/api.w.org\/{rel}","templated":true}]}}