{"id":831,"date":"2021-03-24T20:50:23","date_gmt":"2021-03-24T19:50:23","guid":{"rendered":"https:\/\/innovexalgerie.com\/machines2\/?post_type=product&#038;p=831"},"modified":"2022-04-27T14:08:53","modified_gmt":"2022-04-27T13:08:53","slug":"dateur-semi-automatique-hp-280p","status":"publish","type":"product","link":"https:\/\/innovexalgerie.com\/machines\/produit\/dateur-semi-automatique-hp-280p\/","title":{"rendered":"Dateur semi automatique HP-280P"},"content":{"rendered":"<p>Dateur semi automatique <strong>HP-280P<\/strong> \u00e0 impulsion par un ruban \u00e0 transfert thermique, il fonctionne par p\u00e9dale ou par programmation temporaire. Id\u00e9al pour les petites et moyennes produits en toutes sortes de mati\u00e8res en plastique, en aluminium composite et papier en plastique compos\u00e9&#8230;<\/p>\n<ul>\n<li>Caract\u00e8res, chiffres et caract\u00e8res sp\u00e9ciaux en cuivre facile \u00e0 remplacer.<\/li>\n<li>Peut imprimer des codes sur mince papier carton, feuille de papier, en cuir, film plastique, en aluminium feuille&#8230;<\/li>\n<li>Fonctionnement par p\u00e9dale ou par programmation temporaire.<\/li>\n<li>Tr\u00e8s simple et facile \u00e0 utiliser.<\/li>\n<li>Temp\u00e9rature et dur\u00e9e de codage r\u00e9glable.<\/li>\n<\/ul>\n","protected":false},"excerpt":{"rendered":"<p>Dateur semi automatique \u00e0 impulsion par un ruban \u00e0 transfert thermique, il fonctionne par p\u00e9dale ou par programmation temporaire.<\/p>\n<p><img loading=\"lazy\" decoding=\"async\" class=\"alignnone size-full wp-image-30276\" src=\"https:\/\/innovexalgerie.com\/machines\/wp-content\/uploads\/2021\/03\/icon-dateur-semi-automatique-HP-280P-innovex-machine.jpg\" alt=\"icon-dateur-semi-automatique-HP-280P-innovex-machine\" width=\"856\" height=\"196\" srcset=\"https:\/\/innovexalgerie.com\/machines\/wp-content\/uploads\/2021\/03\/icon-dateur-semi-automatique-HP-280P-innovex-machine.jpg 856w, https:\/\/innovexalgerie.com\/machines\/wp-content\/uploads\/2021\/03\/icon-dateur-semi-automatique-HP-280P-innovex-machine-300x69.jpg 300w, https:\/\/innovexalgerie.com\/machines\/wp-content\/uploads\/2021\/03\/icon-dateur-semi-automatique-HP-280P-innovex-machine-768x176.jpg 768w, https:\/\/innovexalgerie.com\/machines\/wp-content\/uploads\/2021\/03\/icon-dateur-semi-automatique-HP-280P-innovex-machine-600x137.jpg 600w\" sizes=\"auto, (max-width: 856px) 100vw, 856px\" \/><\/p>\n","protected":false},"featured_media":862,"template":"","meta":{"_monsterinsights_skip_tracking":false,"_monsterinsights_sitenote_active":false,"_monsterinsights_sitenote_note":"","_monsterinsights_sitenote_category":0},"product_cat":[231],"product_tag":[67,68,44,69],"class_list":["post-831","product","type-product","status-publish","has-post-thumbnail","hentry","product_cat-dateurs","product_tag-dateur","product_tag-dateuse","product_tag-soudeuse","product_tag-soudeuse-contenue"],"yoast_head":"<!-- This site is optimized with the Yoast SEO Premium plugin v16.2 (Yoast SEO v16.7) - https:\/\/yoast.com\/wordpress\/plugins\/seo\/ -->\n<title>Dateur semi automatique HP-280P - Innovex Machines | Innovex Algerie<\/title>\n<meta name=\"description\" content=\"Dateur semi automatique \u00e0 impulsion par un ruban \u00e0 transfert thermique, il fonctionne par p\u00e9dale ou par programmation temporaire.innovex\" \/>\n<meta name=\"robots\" content=\"index, follow, max-snippet:-1, max-image-preview:large, max-video-preview:-1\" \/>\n<link rel=\"canonical\" href=\"https:\/\/innovexalgerie.com\/machines\/produit\/dateur-semi-automatique-hp-280p\/\" \/>\n<meta property=\"og:locale\" content=\"fr_FR\" \/>\n<meta property=\"og:type\" content=\"article\" \/>\n<meta property=\"og:title\" content=\"Dateur semi automatique HP-280P - Innovex Machines | Innovex Algerie\" \/>\n<meta property=\"og:description\" content=\"Dateur semi automatique \u00e0 impulsion par un ruban \u00e0 transfert thermique, il fonctionne par p\u00e9dale ou par programmation temporaire.innovex\" \/>\n<meta property=\"og:url\" content=\"https:\/\/innovexalgerie.com\/machines\/produit\/dateur-semi-automatique-hp-280p\/\" \/>\n<meta property=\"og:site_name\" content=\"Innovex Machines | Innovex Algerie\" \/>\n<meta property=\"article:publisher\" content=\"https:\/\/www.facebook.com\/innovexmachine1\" \/>\n<meta property=\"article:modified_time\" content=\"2022-04-27T13:08:53+00:00\" \/>\n<meta property=\"og:image\" content=\"https:\/\/innovexalgerie.com\/machines\/wp-content\/uploads\/2021\/03\/dateur-electrique-a-impulsion-innovex.jpg\" \/>\n\t<meta property=\"og:image:width\" content=\"1000\" \/>\n\t<meta property=\"og:image:height\" content=\"1000\" \/>\n<meta name=\"twitter:card\" content=\"summary_large_image\" \/>\n<meta name=\"twitter:label1\" content=\"Dur\u00e9e de lecture est.\" \/>\n\t<meta name=\"twitter:data1\" content=\"1 minute\" \/>\n<script type=\"application\/ld+json\" class=\"yoast-schema-graph\">{\"@context\":\"https:\/\/schema.org\",\"@graph\":[{\"@type\":\"WebSite\",\"@id\":\"https:\/\/innovexalgerie.com\/machines\/#website\",\"url\":\"https:\/\/innovexalgerie.com\/machines\/\",\"name\":\"Innovex Machines | Innovex Algerie\",\"description\":\"Fournisseur de machines d&#039;emballage et d&#039;imprimerie\",\"potentialAction\":[{\"@type\":\"SearchAction\",\"target\":{\"@type\":\"EntryPoint\",\"urlTemplate\":\"https:\/\/innovexalgerie.com\/machines\/?s={search_term_string}\"},\"query-input\":\"required name=search_term_string\"}],\"inLanguage\":\"fr-FR\"},{\"@type\":\"ImageObject\",\"@id\":\"https:\/\/innovexalgerie.com\/machines\/produit\/dateur-semi-automatique-hp-280p\/#primaryimage\",\"inLanguage\":\"fr-FR\",\"url\":\"https:\/\/innovexalgerie.com\/machines\/wp-content\/uploads\/2021\/03\/dateur-electrique-a-impulsion-innovex.jpg\",\"contentUrl\":\"https:\/\/innovexalgerie.com\/machines\/wp-content\/uploads\/2021\/03\/dateur-electrique-a-impulsion-innovex.jpg\",\"width\":1000,\"height\":1000},{\"@type\":\"WebPage\",\"@id\":\"https:\/\/innovexalgerie.com\/machines\/produit\/dateur-semi-automatique-hp-280p\/#webpage\",\"url\":\"https:\/\/innovexalgerie.com\/machines\/produit\/dateur-semi-automatique-hp-280p\/\",\"name\":\"Dateur semi automatique HP-280P - Innovex Machines | Innovex Algerie\",\"isPartOf\":{\"@id\":\"https:\/\/innovexalgerie.com\/machines\/#website\"},\"primaryImageOfPage\":{\"@id\":\"https:\/\/innovexalgerie.com\/machines\/produit\/dateur-semi-automatique-hp-280p\/#primaryimage\"},\"datePublished\":\"2021-03-24T19:50:23+00:00\",\"dateModified\":\"2022-04-27T13:08:53+00:00\",\"description\":\"Dateur semi automatique \\u00e0 impulsion par un ruban \\u00e0 transfert thermique, il fonctionne par p\\u00e9dale ou par programmation temporaire.innovex\",\"breadcrumb\":{\"@id\":\"https:\/\/innovexalgerie.com\/machines\/produit\/dateur-semi-automatique-hp-280p\/#breadcrumb\"},\"inLanguage\":\"fr-FR\",\"potentialAction\":[{\"@type\":\"ReadAction\",\"target\":[\"https:\/\/innovexalgerie.com\/machines\/produit\/dateur-semi-automatique-hp-280p\/\"]}]},{\"@type\":\"BreadcrumbList\",\"@id\":\"https:\/\/innovexalgerie.com\/machines\/produit\/dateur-semi-automatique-hp-280p\/#breadcrumb\",\"itemListElement\":[{\"@type\":\"ListItem\",\"position\":1,\"name\":\"Accueil\",\"item\":\"https:\/\/innovexalgerie.com\/machines\/\"},{\"@type\":\"ListItem\",\"position\":2,\"name\":\"Produits\",\"item\":\"https:\/\/innovexalgerie.com\/machines\/boutique\/\"},{\"@type\":\"ListItem\",\"position\":3,\"name\":\"Dateur semi automatique HP-280P\"}]}]}<\/script>\n<!-- \/ Yoast SEO Premium plugin. -->","yoast_head_json":{"title":"Dateur semi automatique HP-280P - Innovex Machines | Innovex Algerie","description":"Dateur semi automatique \u00e0 impulsion par un ruban \u00e0 transfert thermique, il fonctionne par p\u00e9dale ou par programmation temporaire.innovex","robots":{"index":"index","follow":"follow","max-snippet":"max-snippet:-1","max-image-preview":"max-image-preview:large","max-video-preview":"max-video-preview:-1"},"canonical":"https:\/\/innovexalgerie.com\/machines\/produit\/dateur-semi-automatique-hp-280p\/","og_locale":"fr_FR","og_type":"article","og_title":"Dateur semi automatique HP-280P - Innovex Machines | Innovex Algerie","og_description":"Dateur semi automatique \u00e0 impulsion par un ruban \u00e0 transfert thermique, il fonctionne par p\u00e9dale ou par programmation temporaire.innovex","og_url":"https:\/\/innovexalgerie.com\/machines\/produit\/dateur-semi-automatique-hp-280p\/","og_site_name":"Innovex Machines | Innovex Algerie","article_publisher":"https:\/\/www.facebook.com\/innovexmachine1","article_modified_time":"2022-04-27T13:08:53+00:00","og_image":[{"width":1000,"height":1000,"url":"https:\/\/innovexalgerie.com\/machines\/wp-content\/uploads\/2021\/03\/dateur-electrique-a-impulsion-innovex.jpg","path":"\/home\/inovex\/public_html\/machines\/wp-content\/uploads\/2021\/03\/dateur-electrique-a-impulsion-innovex.jpg","size":"full","id":862,"alt":"","pixels":1000000,"type":"image\/jpeg"}],"twitter_card":"summary_large_image","twitter_misc":{"Dur\u00e9e de lecture est.":"1 minute"},"schema":{"@context":"https:\/\/schema.org","@graph":[{"@type":"WebSite","@id":"https:\/\/innovexalgerie.com\/machines\/#website","url":"https:\/\/innovexalgerie.com\/machines\/","name":"Innovex Machines | Innovex Algerie","description":"Fournisseur de machines d&#039;emballage et d&#039;imprimerie","potentialAction":[{"@type":"SearchAction","target":{"@type":"EntryPoint","urlTemplate":"https:\/\/innovexalgerie.com\/machines\/?s={search_term_string}"},"query-input":"required name=search_term_string"}],"inLanguage":"fr-FR"},{"@type":"ImageObject","@id":"https:\/\/innovexalgerie.com\/machines\/produit\/dateur-semi-automatique-hp-280p\/#primaryimage","inLanguage":"fr-FR","url":"https:\/\/innovexalgerie.com\/machines\/wp-content\/uploads\/2021\/03\/dateur-electrique-a-impulsion-innovex.jpg","contentUrl":"https:\/\/innovexalgerie.com\/machines\/wp-content\/uploads\/2021\/03\/dateur-electrique-a-impulsion-innovex.jpg","width":1000,"height":1000},{"@type":"WebPage","@id":"https:\/\/innovexalgerie.com\/machines\/produit\/dateur-semi-automatique-hp-280p\/#webpage","url":"https:\/\/innovexalgerie.com\/machines\/produit\/dateur-semi-automatique-hp-280p\/","name":"Dateur semi automatique HP-280P - Innovex Machines | Innovex Algerie","isPartOf":{"@id":"https:\/\/innovexalgerie.com\/machines\/#website"},"primaryImageOfPage":{"@id":"https:\/\/innovexalgerie.com\/machines\/produit\/dateur-semi-automatique-hp-280p\/#primaryimage"},"datePublished":"2021-03-24T19:50:23+00:00","dateModified":"2022-04-27T13:08:53+00:00","description":"Dateur semi automatique \u00e0 impulsion par un ruban \u00e0 transfert thermique, il fonctionne par p\u00e9dale ou par programmation temporaire.innovex","breadcrumb":{"@id":"https:\/\/innovexalgerie.com\/machines\/produit\/dateur-semi-automatique-hp-280p\/#breadcrumb"},"inLanguage":"fr-FR","potentialAction":[{"@type":"ReadAction","target":["https:\/\/innovexalgerie.com\/machines\/produit\/dateur-semi-automatique-hp-280p\/"]}]},{"@type":"BreadcrumbList","@id":"https:\/\/innovexalgerie.com\/machines\/produit\/dateur-semi-automatique-hp-280p\/#breadcrumb","itemListElement":[{"@type":"ListItem","position":1,"name":"Accueil","item":"https:\/\/innovexalgerie.com\/machines\/"},{"@type":"ListItem","position":2,"name":"Produits","item":"https:\/\/innovexalgerie.com\/machines\/boutique\/"},{"@type":"ListItem","position":3,"name":"Dateur semi automatique HP-280P"}]}]}},"_links":{"self":[{"href":"https:\/\/innovexalgerie.com\/machines\/wp-json\/wp\/v2\/product\/831","targetHints":{"allow":["GET"]}}],"collection":[{"href":"https:\/\/innovexalgerie.com\/machines\/wp-json\/wp\/v2\/product"}],"about":[{"href":"https:\/\/innovexalgerie.com\/machines\/wp-json\/wp\/v2\/types\/product"}],"version-history":[{"count":8,"href":"https:\/\/innovexalgerie.com\/machines\/wp-json\/wp\/v2\/product\/831\/revisions"}],"predecessor-version":[{"id":28777,"href":"https:\/\/innovexalgerie.com\/machines\/wp-json\/wp\/v2\/product\/831\/revisions\/28777"}],"wp:featuredmedia":[{"embeddable":true,"href":"https:\/\/innovexalgerie.com\/machines\/wp-json\/wp\/v2\/media\/862"}],"wp:attachment":[{"href":"https:\/\/innovexalgerie.com\/machines\/wp-json\/wp\/v2\/media?parent=831"}],"wp:term":[{"taxonomy":"product_cat","embeddable":true,"href":"https:\/\/innovexalgerie.com\/machines\/wp-json\/wp\/v2\/product_cat?post=831"},{"taxonomy":"product_tag","embeddable":true,"href":"https:\/\/innovexalgerie.com\/machines\/wp-json\/wp\/v2\/product_tag?post=831"}],"curies":[{"name":"wp","href":"https:\/\/api.w.org\/{rel}","templated":true}]}}