{"id":833,"date":"2021-03-24T20:50:23","date_gmt":"2021-03-24T19:50:23","guid":{"rendered":"https:\/\/innovexalgerie.com\/machines2\/?post_type=product&#038;p=833"},"modified":"2022-05-10T12:29:01","modified_gmt":"2022-05-10T11:29:01","slug":"etiqueteuse-semi-automatique-pour-surface-ronde-mt-50","status":"publish","type":"product","link":"https:\/\/innovexalgerie.com\/machines\/produit\/etiqueteuse-semi-automatique-pour-surface-ronde-mt-50\/","title":{"rendered":"Etiqueteuse semi-automatique pour surface ronde MT-50"},"content":{"rendered":"<p>L\u2019\u00e9tiqueteuse semi-automatique <strong>MT-50<\/strong> permet l\u2019application d\u2019\u00e9tiquette adh\u00e9sif sur une surface ronde comme des bouteilles, pots, boites rondes.. convient aux petites et moyennes productions.<\/p>\n<ul>\n<li>R\u00e9glage facile de position de l\u2019\u00e9tiquette sur le produit cylindrique.<\/li>\n<li>Sensibilit\u00e9 de d\u00e9tection \u00e9lev\u00e9e qui assure une efficacit\u00e9 \u00e9lev\u00e9e d\u2019\u00e9tiquetage.<\/li>\n<li>Effet d\u2019\u00e9tiquetage sans bulle.<\/li>\n<li>Positionnement pr\u00e9cis de l\u2019\u00e9tiquette.<\/li>\n<li>Des rouleaux en caoutchouc de haute qualit\u00e9 qui assure le maintien et support bouteilles.<\/li>\n<li>Machine conforme aux normes CE.<\/li>\n<\/ul>\n<p>&nbsp;<\/p>\n<div style=\"width: 512px;\" class=\"wp-video\"><video class=\"wp-video-shortcode\" id=\"video-833-1\" width=\"512\" height=\"288\" preload=\"metadata\" controls=\"controls\"><source type=\"video\/mp4\" src=\"https:\/\/innovexalgerie.com\/machines\/wp-content\/uploads\/2021\/03\/semiautomatic-round-bottle-labeler-labeling-machine-mt50-1.mp4?_=1\" \/><a href=\"https:\/\/innovexalgerie.com\/machines\/wp-content\/uploads\/2021\/03\/semiautomatic-round-bottle-labeler-labeling-machine-mt50-1.mp4\">https:\/\/innovexalgerie.com\/machines\/wp-content\/uploads\/2021\/03\/semiautomatic-round-bottle-labeler-labeling-machine-mt50-1.mp4<\/a><\/video><\/div>\n<p>&nbsp;<\/p>\n","protected":false},"excerpt":{"rendered":"<p>L\u2019\u00e9tiqueteuse semi-automatique permet l\u2019application d\u2019\u00e9tiquette adh\u00e9sif sur une surface ronde comme des bouteilles, pots, boites rondes. convient aux petites et moyennes productions.<\/p>\n<p><img loading=\"lazy\" decoding=\"async\" class=\"alignnone size-full wp-image-30306\" src=\"https:\/\/innovexalgerie.com\/machines\/wp-content\/uploads\/2021\/03\/icon-MT-50-semi-auto-innovex-machine.jpg\" alt=\"\" width=\"863\" height=\"196\" srcset=\"https:\/\/innovexalgerie.com\/machines\/wp-content\/uploads\/2021\/03\/icon-MT-50-semi-auto-innovex-machine.jpg 863w, https:\/\/innovexalgerie.com\/machines\/wp-content\/uploads\/2021\/03\/icon-MT-50-semi-auto-innovex-machine-300x68.jpg 300w, https:\/\/innovexalgerie.com\/machines\/wp-content\/uploads\/2021\/03\/icon-MT-50-semi-auto-innovex-machine-768x174.jpg 768w, https:\/\/innovexalgerie.com\/machines\/wp-content\/uploads\/2021\/03\/icon-MT-50-semi-auto-innovex-machine-600x136.jpg 600w\" sizes=\"auto, (max-width: 863px) 100vw, 863px\" \/><\/p>\n","protected":false},"featured_media":864,"template":"","meta":{"_monsterinsights_skip_tracking":false,"_monsterinsights_sitenote_active":false,"_monsterinsights_sitenote_note":"","_monsterinsights_sitenote_category":0},"product_cat":[82,218],"product_tag":[83],"class_list":["post-833","product","type-product","status-publish","has-post-thumbnail","hentry","product_cat-etiqueteuses","product_cat-etiqueteuses-semi-automatique","product_tag-etiqueteuse"],"yoast_head":"<!-- This site is optimized with the Yoast SEO Premium plugin v16.2 (Yoast SEO v16.7) - https:\/\/yoast.com\/wordpress\/plugins\/seo\/ -->\n<title>Etiqueteuse semi-automatique pour surface ronde MT-50 - Innovex Machines | Innovex Algerie<\/title>\n<meta name=\"description\" content=\"L\u2019\u00e9tiqueteuse semi-automatique permet l\u2019application d\u2019\u00e9tiquette adh\u00e9sif sur une surface ronde comme des bouteilles, pots, boites rondes.\" \/>\n<meta name=\"robots\" content=\"index, follow, max-snippet:-1, max-image-preview:large, max-video-preview:-1\" \/>\n<link rel=\"canonical\" href=\"https:\/\/innovexalgerie.com\/machines\/produit\/etiqueteuse-semi-automatique-pour-surface-ronde-mt-50\/\" \/>\n<meta property=\"og:locale\" content=\"fr_FR\" \/>\n<meta property=\"og:type\" content=\"article\" \/>\n<meta property=\"og:title\" content=\"Etiqueteuse semi-automatique pour surface ronde MT-50 - Innovex Machines | Innovex Algerie\" \/>\n<meta property=\"og:description\" content=\"L\u2019\u00e9tiqueteuse semi-automatique permet l\u2019application d\u2019\u00e9tiquette adh\u00e9sif sur une surface ronde comme des bouteilles, pots, boites rondes.\" \/>\n<meta property=\"og:url\" content=\"https:\/\/innovexalgerie.com\/machines\/produit\/etiqueteuse-semi-automatique-pour-surface-ronde-mt-50\/\" \/>\n<meta property=\"og:site_name\" content=\"Innovex Machines | Innovex Algerie\" \/>\n<meta property=\"article:publisher\" content=\"https:\/\/www.facebook.com\/innovexmachine1\" \/>\n<meta property=\"article:modified_time\" content=\"2022-05-10T11:29:01+00:00\" \/>\n<meta property=\"og:image\" content=\"https:\/\/innovexalgerie.com\/machines\/wp-content\/uploads\/2021\/03\/etq-rond.jpg\" \/>\n\t<meta property=\"og:image:width\" content=\"1000\" \/>\n\t<meta property=\"og:image:height\" content=\"1000\" \/>\n<meta name=\"twitter:card\" content=\"summary_large_image\" \/>\n<meta name=\"twitter:label1\" content=\"Dur\u00e9e de lecture est.\" \/>\n\t<meta name=\"twitter:data1\" content=\"1 minute\" \/>\n<script type=\"application\/ld+json\" class=\"yoast-schema-graph\">{\"@context\":\"https:\/\/schema.org\",\"@graph\":[{\"@type\":\"WebSite\",\"@id\":\"https:\/\/innovexalgerie.com\/machines\/#website\",\"url\":\"https:\/\/innovexalgerie.com\/machines\/\",\"name\":\"Innovex Machines | Innovex Algerie\",\"description\":\"Fournisseur de machines d&#039;emballage et d&#039;imprimerie\",\"potentialAction\":[{\"@type\":\"SearchAction\",\"target\":{\"@type\":\"EntryPoint\",\"urlTemplate\":\"https:\/\/innovexalgerie.com\/machines\/?s={search_term_string}\"},\"query-input\":\"required name=search_term_string\"}],\"inLanguage\":\"fr-FR\"},{\"@type\":\"ImageObject\",\"@id\":\"https:\/\/innovexalgerie.com\/machines\/produit\/etiqueteuse-semi-automatique-pour-surface-ronde-mt-50\/#primaryimage\",\"inLanguage\":\"fr-FR\",\"url\":\"https:\/\/innovexalgerie.com\/machines\/wp-content\/uploads\/2021\/03\/etq-rond.jpg\",\"contentUrl\":\"https:\/\/innovexalgerie.com\/machines\/wp-content\/uploads\/2021\/03\/etq-rond.jpg\",\"width\":1000,\"height\":1000},{\"@type\":\"WebPage\",\"@id\":\"https:\/\/innovexalgerie.com\/machines\/produit\/etiqueteuse-semi-automatique-pour-surface-ronde-mt-50\/#webpage\",\"url\":\"https:\/\/innovexalgerie.com\/machines\/produit\/etiqueteuse-semi-automatique-pour-surface-ronde-mt-50\/\",\"name\":\"Etiqueteuse semi-automatique pour surface ronde MT-50 - Innovex Machines | Innovex Algerie\",\"isPartOf\":{\"@id\":\"https:\/\/innovexalgerie.com\/machines\/#website\"},\"primaryImageOfPage\":{\"@id\":\"https:\/\/innovexalgerie.com\/machines\/produit\/etiqueteuse-semi-automatique-pour-surface-ronde-mt-50\/#primaryimage\"},\"datePublished\":\"2021-03-24T19:50:23+00:00\",\"dateModified\":\"2022-05-10T11:29:01+00:00\",\"description\":\"L\\u2019\\u00e9tiqueteuse semi-automatique permet l\\u2019application d\\u2019\\u00e9tiquette adh\\u00e9sif sur une surface ronde comme des bouteilles, pots, boites rondes.\",\"breadcrumb\":{\"@id\":\"https:\/\/innovexalgerie.com\/machines\/produit\/etiqueteuse-semi-automatique-pour-surface-ronde-mt-50\/#breadcrumb\"},\"inLanguage\":\"fr-FR\",\"potentialAction\":[{\"@type\":\"ReadAction\",\"target\":[\"https:\/\/innovexalgerie.com\/machines\/produit\/etiqueteuse-semi-automatique-pour-surface-ronde-mt-50\/\"]}]},{\"@type\":\"BreadcrumbList\",\"@id\":\"https:\/\/innovexalgerie.com\/machines\/produit\/etiqueteuse-semi-automatique-pour-surface-ronde-mt-50\/#breadcrumb\",\"itemListElement\":[{\"@type\":\"ListItem\",\"position\":1,\"name\":\"Accueil\",\"item\":\"https:\/\/innovexalgerie.com\/machines\/\"},{\"@type\":\"ListItem\",\"position\":2,\"name\":\"Produits\",\"item\":\"https:\/\/innovexalgerie.com\/machines\/boutique\/\"},{\"@type\":\"ListItem\",\"position\":3,\"name\":\"Etiqueteuse semi-automatique pour surface ronde MT-50\"}]}]}<\/script>\n<!-- \/ Yoast SEO Premium plugin. -->","yoast_head_json":{"title":"Etiqueteuse semi-automatique pour surface ronde MT-50 - Innovex Machines | Innovex Algerie","description":"L\u2019\u00e9tiqueteuse semi-automatique permet l\u2019application d\u2019\u00e9tiquette adh\u00e9sif sur une surface ronde comme des bouteilles, pots, boites rondes.","robots":{"index":"index","follow":"follow","max-snippet":"max-snippet:-1","max-image-preview":"max-image-preview:large","max-video-preview":"max-video-preview:-1"},"canonical":"https:\/\/innovexalgerie.com\/machines\/produit\/etiqueteuse-semi-automatique-pour-surface-ronde-mt-50\/","og_locale":"fr_FR","og_type":"article","og_title":"Etiqueteuse semi-automatique pour surface ronde MT-50 - Innovex Machines | Innovex Algerie","og_description":"L\u2019\u00e9tiqueteuse semi-automatique permet l\u2019application d\u2019\u00e9tiquette adh\u00e9sif sur une surface ronde comme des bouteilles, pots, boites rondes.","og_url":"https:\/\/innovexalgerie.com\/machines\/produit\/etiqueteuse-semi-automatique-pour-surface-ronde-mt-50\/","og_site_name":"Innovex Machines | Innovex Algerie","article_publisher":"https:\/\/www.facebook.com\/innovexmachine1","article_modified_time":"2022-05-10T11:29:01+00:00","og_image":[{"width":1000,"height":1000,"url":"https:\/\/innovexalgerie.com\/machines\/wp-content\/uploads\/2021\/03\/etq-rond.jpg","path":"\/home\/inovex\/public_html\/machines\/wp-content\/uploads\/2021\/03\/etq-rond.jpg","size":"full","id":864,"alt":"","pixels":1000000,"type":"image\/jpeg"}],"twitter_card":"summary_large_image","twitter_misc":{"Dur\u00e9e de lecture est.":"1 minute"},"schema":{"@context":"https:\/\/schema.org","@graph":[{"@type":"WebSite","@id":"https:\/\/innovexalgerie.com\/machines\/#website","url":"https:\/\/innovexalgerie.com\/machines\/","name":"Innovex Machines | Innovex Algerie","description":"Fournisseur de machines d&#039;emballage et d&#039;imprimerie","potentialAction":[{"@type":"SearchAction","target":{"@type":"EntryPoint","urlTemplate":"https:\/\/innovexalgerie.com\/machines\/?s={search_term_string}"},"query-input":"required name=search_term_string"}],"inLanguage":"fr-FR"},{"@type":"ImageObject","@id":"https:\/\/innovexalgerie.com\/machines\/produit\/etiqueteuse-semi-automatique-pour-surface-ronde-mt-50\/#primaryimage","inLanguage":"fr-FR","url":"https:\/\/innovexalgerie.com\/machines\/wp-content\/uploads\/2021\/03\/etq-rond.jpg","contentUrl":"https:\/\/innovexalgerie.com\/machines\/wp-content\/uploads\/2021\/03\/etq-rond.jpg","width":1000,"height":1000},{"@type":"WebPage","@id":"https:\/\/innovexalgerie.com\/machines\/produit\/etiqueteuse-semi-automatique-pour-surface-ronde-mt-50\/#webpage","url":"https:\/\/innovexalgerie.com\/machines\/produit\/etiqueteuse-semi-automatique-pour-surface-ronde-mt-50\/","name":"Etiqueteuse semi-automatique pour surface ronde MT-50 - Innovex Machines | Innovex Algerie","isPartOf":{"@id":"https:\/\/innovexalgerie.com\/machines\/#website"},"primaryImageOfPage":{"@id":"https:\/\/innovexalgerie.com\/machines\/produit\/etiqueteuse-semi-automatique-pour-surface-ronde-mt-50\/#primaryimage"},"datePublished":"2021-03-24T19:50:23+00:00","dateModified":"2022-05-10T11:29:01+00:00","description":"L\u2019\u00e9tiqueteuse semi-automatique permet l\u2019application d\u2019\u00e9tiquette adh\u00e9sif sur une surface ronde comme des bouteilles, pots, boites rondes.","breadcrumb":{"@id":"https:\/\/innovexalgerie.com\/machines\/produit\/etiqueteuse-semi-automatique-pour-surface-ronde-mt-50\/#breadcrumb"},"inLanguage":"fr-FR","potentialAction":[{"@type":"ReadAction","target":["https:\/\/innovexalgerie.com\/machines\/produit\/etiqueteuse-semi-automatique-pour-surface-ronde-mt-50\/"]}]},{"@type":"BreadcrumbList","@id":"https:\/\/innovexalgerie.com\/machines\/produit\/etiqueteuse-semi-automatique-pour-surface-ronde-mt-50\/#breadcrumb","itemListElement":[{"@type":"ListItem","position":1,"name":"Accueil","item":"https:\/\/innovexalgerie.com\/machines\/"},{"@type":"ListItem","position":2,"name":"Produits","item":"https:\/\/innovexalgerie.com\/machines\/boutique\/"},{"@type":"ListItem","position":3,"name":"Etiqueteuse semi-automatique pour surface ronde MT-50"}]}]}},"_links":{"self":[{"href":"https:\/\/innovexalgerie.com\/machines\/wp-json\/wp\/v2\/product\/833","targetHints":{"allow":["GET"]}}],"collection":[{"href":"https:\/\/innovexalgerie.com\/machines\/wp-json\/wp\/v2\/product"}],"about":[{"href":"https:\/\/innovexalgerie.com\/machines\/wp-json\/wp\/v2\/types\/product"}],"version-history":[{"count":10,"href":"https:\/\/innovexalgerie.com\/machines\/wp-json\/wp\/v2\/product\/833\/revisions"}],"predecessor-version":[{"id":30305,"href":"https:\/\/innovexalgerie.com\/machines\/wp-json\/wp\/v2\/product\/833\/revisions\/30305"}],"wp:featuredmedia":[{"embeddable":true,"href":"https:\/\/innovexalgerie.com\/machines\/wp-json\/wp\/v2\/media\/864"}],"wp:attachment":[{"href":"https:\/\/innovexalgerie.com\/machines\/wp-json\/wp\/v2\/media?parent=833"}],"wp:term":[{"taxonomy":"product_cat","embeddable":true,"href":"https:\/\/innovexalgerie.com\/machines\/wp-json\/wp\/v2\/product_cat?post=833"},{"taxonomy":"product_tag","embeddable":true,"href":"https:\/\/innovexalgerie.com\/machines\/wp-json\/wp\/v2\/product_tag?post=833"}],"curies":[{"name":"wp","href":"https:\/\/api.w.org\/{rel}","templated":true}]}}