{"id":834,"date":"2021-03-24T20:50:23","date_gmt":"2021-03-24T19:50:23","guid":{"rendered":"https:\/\/innovexalgerie.com\/machines2\/?post_type=product&#038;p=834"},"modified":"2022-05-10T12:33:53","modified_gmt":"2022-05-10T11:33:53","slug":"etiqueteuse-semi-automatique-pour-surface-ronde-avec-dateur-mt-50c","status":"publish","type":"product","link":"https:\/\/innovexalgerie.com\/machines\/produit\/etiqueteuse-semi-automatique-pour-surface-ronde-avec-dateur-mt-50c\/","title":{"rendered":"Etiqueteuse semi-automatique pour surface ronde avec dateur MT-50C"},"content":{"rendered":"<p>L\u2019\u00e9tiqueteuse semi-automatique <strong>MT-50C<\/strong> permet l\u2019impression (codage) et l\u2019application d\u2019\u00e9tiquette adh\u00e9sif sur une surface ronde comme des bouteilles, pots, boites rondes.. convient aux petites et moyennes productions.<\/p>\n<ul>\n<li>R\u00e9glage facile de position de l\u2019\u00e9tiquette sur le produit cylindrique.<\/li>\n<li>Dateur automatique qui imprime le num\u00e9ro de lot: date de fabrication et expiration sur une surface choisie dans l\u2019\u00e9tiquette.<\/li>\n<li>Sensibilit\u00e9 de d\u00e9tection \u00e9lev\u00e9e qui assure une efficacit\u00e9 \u00e9lev\u00e9e d\u2019\u00e9tiquetage.<\/li>\n<li>Effet d\u2019\u00e9tiquetage sans bulle.<\/li>\n<li>positionnement pr\u00e9cis de \u00e9tiquette.<\/li>\n<li>Des rouleaux en caoutchouc de haute qualit\u00e9 qui assure le maintien des bouteilles.<\/li>\n<li>Machine conforme aux normes ISO.<\/li>\n<\/ul>\n<p>&nbsp;<\/p>\n<div style=\"width: 800px;\" class=\"wp-video\"><video class=\"wp-video-shortcode\" id=\"video-834-1\" width=\"800\" height=\"450\" preload=\"metadata\" controls=\"controls\"><source type=\"video\/mp4\" src=\"https:\/\/innovexalgerie.com\/machines\/wp-content\/uploads\/2021\/03\/etiqueteuse-cylindrique.mp4?_=1\" \/><a href=\"https:\/\/innovexalgerie.com\/machines\/wp-content\/uploads\/2021\/03\/etiqueteuse-cylindrique.mp4\">https:\/\/innovexalgerie.com\/machines\/wp-content\/uploads\/2021\/03\/etiqueteuse-cylindrique.mp4<\/a><\/video><\/div>\n","protected":false},"excerpt":{"rendered":"<p>L\u2019\u00e9tiqueteuse semi-automatique permet l\u2019impression (codage) et l\u2019application d\u2019\u00e9tiquette adh\u00e9sif sur une surface ronde comme des bouteilles, pots, boites rondes&#8230; convient aux petites et moyennes productions.<\/p>\n<p><img loading=\"lazy\" decoding=\"async\" class=\"alignnone size-full wp-image-30318\" src=\"https:\/\/innovexalgerie.com\/machines\/wp-content\/uploads\/2021\/03\/ICON-MACHINE-ETIQUETEUSE-MT-50C-INNOVEX-MACHINE.jpg\" alt=\"ICON-MACHINE-ETIQUETEUSE-MT-50C-INNOVEX-MACHINE\" width=\"874\" height=\"196\" srcset=\"https:\/\/innovexalgerie.com\/machines\/wp-content\/uploads\/2021\/03\/ICON-MACHINE-ETIQUETEUSE-MT-50C-INNOVEX-MACHINE.jpg 874w, https:\/\/innovexalgerie.com\/machines\/wp-content\/uploads\/2021\/03\/ICON-MACHINE-ETIQUETEUSE-MT-50C-INNOVEX-MACHINE-300x67.jpg 300w, https:\/\/innovexalgerie.com\/machines\/wp-content\/uploads\/2021\/03\/ICON-MACHINE-ETIQUETEUSE-MT-50C-INNOVEX-MACHINE-768x172.jpg 768w, https:\/\/innovexalgerie.com\/machines\/wp-content\/uploads\/2021\/03\/ICON-MACHINE-ETIQUETEUSE-MT-50C-INNOVEX-MACHINE-600x135.jpg 600w\" sizes=\"auto, (max-width: 874px) 100vw, 874px\" \/><\/p>\n","protected":false},"featured_media":865,"template":"","meta":{"_monsterinsights_skip_tracking":false,"_monsterinsights_sitenote_active":false,"_monsterinsights_sitenote_note":"","_monsterinsights_sitenote_category":0},"product_cat":[82,218],"product_tag":[83],"class_list":["post-834","product","type-product","status-publish","has-post-thumbnail","hentry","product_cat-etiqueteuses","product_cat-etiqueteuses-semi-automatique","product_tag-etiqueteuse"],"yoast_head":"<!-- This site is optimized with the Yoast SEO Premium plugin v16.2 (Yoast SEO v16.7) - https:\/\/yoast.com\/wordpress\/plugins\/seo\/ -->\n<title>Etiqueteuse semi-automatique pour surface ronde avec dateur MT-50C - Innovex Machines | Innovex Algerie<\/title>\n<meta name=\"description\" content=\"L\u2019\u00e9tiqueteuse semi-automatique avec dateur MT-50C permet l\u2019impression (codage) et l\u2019application d\u2019\u00e9tiquette adh\u00e9sif sur une surface ronde.\" \/>\n<meta name=\"robots\" content=\"index, follow, max-snippet:-1, max-image-preview:large, max-video-preview:-1\" \/>\n<link rel=\"canonical\" href=\"https:\/\/innovexalgerie.com\/machines\/produit\/etiqueteuse-semi-automatique-pour-surface-ronde-avec-dateur-mt-50c\/\" \/>\n<meta property=\"og:locale\" content=\"fr_FR\" \/>\n<meta property=\"og:type\" content=\"article\" \/>\n<meta property=\"og:title\" content=\"Etiqueteuse semi-automatique pour surface ronde avec dateur MT-50C - Innovex Machines | Innovex Algerie\" \/>\n<meta property=\"og:description\" content=\"L\u2019\u00e9tiqueteuse semi-automatique avec dateur MT-50C permet l\u2019impression (codage) et l\u2019application d\u2019\u00e9tiquette adh\u00e9sif sur une surface ronde.\" \/>\n<meta property=\"og:url\" content=\"https:\/\/innovexalgerie.com\/machines\/produit\/etiqueteuse-semi-automatique-pour-surface-ronde-avec-dateur-mt-50c\/\" \/>\n<meta property=\"og:site_name\" content=\"Innovex Machines | Innovex Algerie\" \/>\n<meta property=\"article:publisher\" content=\"https:\/\/www.facebook.com\/innovexmachine1\" \/>\n<meta property=\"article:modified_time\" content=\"2022-05-10T11:33:53+00:00\" \/>\n<meta property=\"og:image\" content=\"https:\/\/innovexalgerie.com\/machines\/wp-content\/uploads\/2021\/03\/mt50.jpg\" \/>\n\t<meta property=\"og:image:width\" content=\"1000\" \/>\n\t<meta property=\"og:image:height\" content=\"1000\" \/>\n<meta name=\"twitter:card\" content=\"summary_large_image\" \/>\n<meta name=\"twitter:label1\" content=\"Dur\u00e9e de lecture est.\" \/>\n\t<meta name=\"twitter:data1\" content=\"1 minute\" \/>\n<script type=\"application\/ld+json\" class=\"yoast-schema-graph\">{\"@context\":\"https:\/\/schema.org\",\"@graph\":[{\"@type\":\"WebSite\",\"@id\":\"https:\/\/innovexalgerie.com\/machines\/#website\",\"url\":\"https:\/\/innovexalgerie.com\/machines\/\",\"name\":\"Innovex Machines | Innovex Algerie\",\"description\":\"Fournisseur de machines d&#039;emballage et d&#039;imprimerie\",\"potentialAction\":[{\"@type\":\"SearchAction\",\"target\":{\"@type\":\"EntryPoint\",\"urlTemplate\":\"https:\/\/innovexalgerie.com\/machines\/?s={search_term_string}\"},\"query-input\":\"required name=search_term_string\"}],\"inLanguage\":\"fr-FR\"},{\"@type\":\"ImageObject\",\"@id\":\"https:\/\/innovexalgerie.com\/machines\/produit\/etiqueteuse-semi-automatique-pour-surface-ronde-avec-dateur-mt-50c\/#primaryimage\",\"inLanguage\":\"fr-FR\",\"url\":\"https:\/\/innovexalgerie.com\/machines\/wp-content\/uploads\/2021\/03\/mt50.jpg\",\"contentUrl\":\"https:\/\/innovexalgerie.com\/machines\/wp-content\/uploads\/2021\/03\/mt50.jpg\",\"width\":1000,\"height\":1000},{\"@type\":\"WebPage\",\"@id\":\"https:\/\/innovexalgerie.com\/machines\/produit\/etiqueteuse-semi-automatique-pour-surface-ronde-avec-dateur-mt-50c\/#webpage\",\"url\":\"https:\/\/innovexalgerie.com\/machines\/produit\/etiqueteuse-semi-automatique-pour-surface-ronde-avec-dateur-mt-50c\/\",\"name\":\"Etiqueteuse semi-automatique pour surface ronde avec dateur MT-50C - Innovex Machines | Innovex Algerie\",\"isPartOf\":{\"@id\":\"https:\/\/innovexalgerie.com\/machines\/#website\"},\"primaryImageOfPage\":{\"@id\":\"https:\/\/innovexalgerie.com\/machines\/produit\/etiqueteuse-semi-automatique-pour-surface-ronde-avec-dateur-mt-50c\/#primaryimage\"},\"datePublished\":\"2021-03-24T19:50:23+00:00\",\"dateModified\":\"2022-05-10T11:33:53+00:00\",\"description\":\"L\\u2019\\u00e9tiqueteuse semi-automatique avec dateur MT-50C permet l\\u2019impression (codage) et l\\u2019application d\\u2019\\u00e9tiquette adh\\u00e9sif sur une surface ronde.\",\"breadcrumb\":{\"@id\":\"https:\/\/innovexalgerie.com\/machines\/produit\/etiqueteuse-semi-automatique-pour-surface-ronde-avec-dateur-mt-50c\/#breadcrumb\"},\"inLanguage\":\"fr-FR\",\"potentialAction\":[{\"@type\":\"ReadAction\",\"target\":[\"https:\/\/innovexalgerie.com\/machines\/produit\/etiqueteuse-semi-automatique-pour-surface-ronde-avec-dateur-mt-50c\/\"]}]},{\"@type\":\"BreadcrumbList\",\"@id\":\"https:\/\/innovexalgerie.com\/machines\/produit\/etiqueteuse-semi-automatique-pour-surface-ronde-avec-dateur-mt-50c\/#breadcrumb\",\"itemListElement\":[{\"@type\":\"ListItem\",\"position\":1,\"name\":\"Accueil\",\"item\":\"https:\/\/innovexalgerie.com\/machines\/\"},{\"@type\":\"ListItem\",\"position\":2,\"name\":\"Produits\",\"item\":\"https:\/\/innovexalgerie.com\/machines\/boutique\/\"},{\"@type\":\"ListItem\",\"position\":3,\"name\":\"Etiqueteuse semi-automatique pour surface ronde avec dateur MT-50C\"}]}]}<\/script>\n<!-- \/ Yoast SEO Premium plugin. -->","yoast_head_json":{"title":"Etiqueteuse semi-automatique pour surface ronde avec dateur MT-50C - Innovex Machines | Innovex Algerie","description":"L\u2019\u00e9tiqueteuse semi-automatique avec dateur MT-50C permet l\u2019impression (codage) et l\u2019application d\u2019\u00e9tiquette adh\u00e9sif sur une surface ronde.","robots":{"index":"index","follow":"follow","max-snippet":"max-snippet:-1","max-image-preview":"max-image-preview:large","max-video-preview":"max-video-preview:-1"},"canonical":"https:\/\/innovexalgerie.com\/machines\/produit\/etiqueteuse-semi-automatique-pour-surface-ronde-avec-dateur-mt-50c\/","og_locale":"fr_FR","og_type":"article","og_title":"Etiqueteuse semi-automatique pour surface ronde avec dateur MT-50C - Innovex Machines | Innovex Algerie","og_description":"L\u2019\u00e9tiqueteuse semi-automatique avec dateur MT-50C permet l\u2019impression (codage) et l\u2019application d\u2019\u00e9tiquette adh\u00e9sif sur une surface ronde.","og_url":"https:\/\/innovexalgerie.com\/machines\/produit\/etiqueteuse-semi-automatique-pour-surface-ronde-avec-dateur-mt-50c\/","og_site_name":"Innovex Machines | Innovex Algerie","article_publisher":"https:\/\/www.facebook.com\/innovexmachine1","article_modified_time":"2022-05-10T11:33:53+00:00","og_image":[{"width":1000,"height":1000,"url":"https:\/\/innovexalgerie.com\/machines\/wp-content\/uploads\/2021\/03\/mt50.jpg","path":"\/home\/inovex\/public_html\/machines\/wp-content\/uploads\/2021\/03\/mt50.jpg","size":"full","id":865,"alt":"","pixels":1000000,"type":"image\/jpeg"}],"twitter_card":"summary_large_image","twitter_misc":{"Dur\u00e9e de lecture est.":"1 minute"},"schema":{"@context":"https:\/\/schema.org","@graph":[{"@type":"WebSite","@id":"https:\/\/innovexalgerie.com\/machines\/#website","url":"https:\/\/innovexalgerie.com\/machines\/","name":"Innovex Machines | Innovex Algerie","description":"Fournisseur de machines d&#039;emballage et d&#039;imprimerie","potentialAction":[{"@type":"SearchAction","target":{"@type":"EntryPoint","urlTemplate":"https:\/\/innovexalgerie.com\/machines\/?s={search_term_string}"},"query-input":"required name=search_term_string"}],"inLanguage":"fr-FR"},{"@type":"ImageObject","@id":"https:\/\/innovexalgerie.com\/machines\/produit\/etiqueteuse-semi-automatique-pour-surface-ronde-avec-dateur-mt-50c\/#primaryimage","inLanguage":"fr-FR","url":"https:\/\/innovexalgerie.com\/machines\/wp-content\/uploads\/2021\/03\/mt50.jpg","contentUrl":"https:\/\/innovexalgerie.com\/machines\/wp-content\/uploads\/2021\/03\/mt50.jpg","width":1000,"height":1000},{"@type":"WebPage","@id":"https:\/\/innovexalgerie.com\/machines\/produit\/etiqueteuse-semi-automatique-pour-surface-ronde-avec-dateur-mt-50c\/#webpage","url":"https:\/\/innovexalgerie.com\/machines\/produit\/etiqueteuse-semi-automatique-pour-surface-ronde-avec-dateur-mt-50c\/","name":"Etiqueteuse semi-automatique pour surface ronde avec dateur MT-50C - Innovex Machines | Innovex Algerie","isPartOf":{"@id":"https:\/\/innovexalgerie.com\/machines\/#website"},"primaryImageOfPage":{"@id":"https:\/\/innovexalgerie.com\/machines\/produit\/etiqueteuse-semi-automatique-pour-surface-ronde-avec-dateur-mt-50c\/#primaryimage"},"datePublished":"2021-03-24T19:50:23+00:00","dateModified":"2022-05-10T11:33:53+00:00","description":"L\u2019\u00e9tiqueteuse semi-automatique avec dateur MT-50C permet l\u2019impression (codage) et l\u2019application d\u2019\u00e9tiquette adh\u00e9sif sur une surface ronde.","breadcrumb":{"@id":"https:\/\/innovexalgerie.com\/machines\/produit\/etiqueteuse-semi-automatique-pour-surface-ronde-avec-dateur-mt-50c\/#breadcrumb"},"inLanguage":"fr-FR","potentialAction":[{"@type":"ReadAction","target":["https:\/\/innovexalgerie.com\/machines\/produit\/etiqueteuse-semi-automatique-pour-surface-ronde-avec-dateur-mt-50c\/"]}]},{"@type":"BreadcrumbList","@id":"https:\/\/innovexalgerie.com\/machines\/produit\/etiqueteuse-semi-automatique-pour-surface-ronde-avec-dateur-mt-50c\/#breadcrumb","itemListElement":[{"@type":"ListItem","position":1,"name":"Accueil","item":"https:\/\/innovexalgerie.com\/machines\/"},{"@type":"ListItem","position":2,"name":"Produits","item":"https:\/\/innovexalgerie.com\/machines\/boutique\/"},{"@type":"ListItem","position":3,"name":"Etiqueteuse semi-automatique pour surface ronde avec dateur MT-50C"}]}]}},"_links":{"self":[{"href":"https:\/\/innovexalgerie.com\/machines\/wp-json\/wp\/v2\/product\/834","targetHints":{"allow":["GET"]}}],"collection":[{"href":"https:\/\/innovexalgerie.com\/machines\/wp-json\/wp\/v2\/product"}],"about":[{"href":"https:\/\/innovexalgerie.com\/machines\/wp-json\/wp\/v2\/types\/product"}],"version-history":[{"count":11,"href":"https:\/\/innovexalgerie.com\/machines\/wp-json\/wp\/v2\/product\/834\/revisions"}],"predecessor-version":[{"id":30339,"href":"https:\/\/innovexalgerie.com\/machines\/wp-json\/wp\/v2\/product\/834\/revisions\/30339"}],"wp:featuredmedia":[{"embeddable":true,"href":"https:\/\/innovexalgerie.com\/machines\/wp-json\/wp\/v2\/media\/865"}],"wp:attachment":[{"href":"https:\/\/innovexalgerie.com\/machines\/wp-json\/wp\/v2\/media?parent=834"}],"wp:term":[{"taxonomy":"product_cat","embeddable":true,"href":"https:\/\/innovexalgerie.com\/machines\/wp-json\/wp\/v2\/product_cat?post=834"},{"taxonomy":"product_tag","embeddable":true,"href":"https:\/\/innovexalgerie.com\/machines\/wp-json\/wp\/v2\/product_tag?post=834"}],"curies":[{"name":"wp","href":"https:\/\/api.w.org\/{rel}","templated":true}]}}