{"id":835,"date":"2021-03-24T20:50:23","date_gmt":"2021-03-24T19:50:23","guid":{"rendered":"https:\/\/innovexalgerie.com\/machines2\/?post_type=product&#038;p=835"},"modified":"2025-02-09T10:49:30","modified_gmt":"2025-02-09T09:49:30","slug":"etiqueteuse-semi-automatique-pour-surface-plate-mt-60","status":"publish","type":"product","link":"https:\/\/innovexalgerie.com\/machines\/produit\/etiqueteuse-semi-automatique-pour-surface-plate-mt-60\/","title":{"rendered":"Etiqueteuse semi-automatique pour surface plate MT-60"},"content":{"rendered":"<p>L\u2019\u00e9tiqueteuse semi-automatique <strong>MT-60<\/strong> permet l\u2019application de l\u2019\u00e9tiquette adh\u00e9sive sur une large gammes de produits de surface plate\u00a0 de diff\u00e9rentes\u00a0 formes : carr\u00e9s, rectangulaires, ovales&#8230; convient aux petites et moyennes productions.<\/p>\n<ul>\n<li>\u00c9quip\u00e9e d\u2019une pompe \u00e0 vide pour une application d\u2019\u00e9tiquette tr\u00e8s pr\u00e9cis.<\/li>\n<li>Sensibilit\u00e9 de d\u00e9tection \u00e9lev\u00e9e qui assure une efficacit\u00e9 \u00e9lev\u00e9e d\u2019\u00e9tiquetage.<\/li>\n<li>Effet d\u2019\u00e9tiquetage sans bulle.<\/li>\n<li>Positionnement pr\u00e9cis des \u00e9tiquette.<\/li>\n<li>Hauteur r\u00e9glable.<\/li>\n<li>Machine conforme aux normes CE.<\/li>\n<\/ul>\n<p>&nbsp;<\/p>\n","protected":false},"excerpt":{"rendered":"<p>L\u2019\u00e9tiqueteuse semi-automatique permet l\u2019application de l\u2019\u00e9tiquette adh\u00e9sive sur une surface plate de large gamme de produits de formes diff\u00e9rentes: carr\u00e9s, rectangulaires, ovales&#8230; convient aux petites et moyennes productions.<\/p>\n<p><img loading=\"lazy\" decoding=\"async\" class=\"alignnone size-full wp-image-30326\" src=\"https:\/\/innovexalgerie.com\/machines\/wp-content\/uploads\/2021\/03\/icon-etiqueteuse-mt-60-innovex-machine.jpg\" alt=\"icon-etiqueteuse-mt-60-innovex-machine\" width=\"874\" height=\"196\" srcset=\"https:\/\/innovexalgerie.com\/machines\/wp-content\/uploads\/2021\/03\/icon-etiqueteuse-mt-60-innovex-machine.jpg 874w, https:\/\/innovexalgerie.com\/machines\/wp-content\/uploads\/2021\/03\/icon-etiqueteuse-mt-60-innovex-machine-300x67.jpg 300w, https:\/\/innovexalgerie.com\/machines\/wp-content\/uploads\/2021\/03\/icon-etiqueteuse-mt-60-innovex-machine-768x172.jpg 768w, https:\/\/innovexalgerie.com\/machines\/wp-content\/uploads\/2021\/03\/icon-etiqueteuse-mt-60-innovex-machine-600x135.jpg 600w\" sizes=\"auto, (max-width: 874px) 100vw, 874px\" \/><\/p>\n","protected":false},"featured_media":866,"template":"","meta":{"_monsterinsights_skip_tracking":false,"_monsterinsights_sitenote_active":false,"_monsterinsights_sitenote_note":"","_monsterinsights_sitenote_category":0},"product_cat":[82,218],"product_tag":[83],"class_list":["post-835","product","type-product","status-publish","has-post-thumbnail","hentry","product_cat-etiqueteuses","product_cat-etiqueteuses-semi-automatique","product_tag-etiqueteuse"],"yoast_head":"<!-- This site is optimized with the Yoast SEO Premium plugin v16.2 (Yoast SEO v16.7) - https:\/\/yoast.com\/wordpress\/plugins\/seo\/ -->\n<title>Etiqueteuse semi-automatique pour surface plate MT-60 - Innovex Machines | Innovex Algerie<\/title>\n<meta name=\"description\" content=\"L\u2019\u00e9tiqueteuse semi-automatique MT-60 permet l\u2019application de l\u2019\u00e9tiquette adh\u00e9sive sur une surface plate. Innovex emballage algerie.\" \/>\n<meta name=\"robots\" content=\"index, follow, max-snippet:-1, max-image-preview:large, max-video-preview:-1\" \/>\n<link rel=\"canonical\" href=\"https:\/\/innovexalgerie.com\/machines\/produit\/etiqueteuse-semi-automatique-pour-surface-plate-mt-60\/\" \/>\n<meta property=\"og:locale\" content=\"fr_FR\" \/>\n<meta property=\"og:type\" content=\"article\" \/>\n<meta property=\"og:title\" content=\"Etiqueteuse semi-automatique pour surface plate MT-60 - Innovex Machines | Innovex Algerie\" \/>\n<meta property=\"og:description\" content=\"L\u2019\u00e9tiqueteuse semi-automatique MT-60 permet l\u2019application de l\u2019\u00e9tiquette adh\u00e9sive sur une surface plate. Innovex emballage algerie.\" \/>\n<meta property=\"og:url\" content=\"https:\/\/innovexalgerie.com\/machines\/produit\/etiqueteuse-semi-automatique-pour-surface-plate-mt-60\/\" \/>\n<meta property=\"og:site_name\" content=\"Innovex Machines | Innovex Algerie\" \/>\n<meta property=\"article:publisher\" content=\"https:\/\/www.facebook.com\/innovexmachine1\" \/>\n<meta property=\"article:modified_time\" content=\"2025-02-09T09:49:30+00:00\" \/>\n<meta property=\"og:image\" content=\"https:\/\/innovexalgerie.com\/machines\/wp-content\/uploads\/2021\/03\/lt60.jpg\" \/>\n\t<meta property=\"og:image:width\" content=\"1000\" \/>\n\t<meta property=\"og:image:height\" content=\"1000\" \/>\n<meta name=\"twitter:card\" content=\"summary_large_image\" \/>\n<meta name=\"twitter:label1\" content=\"Dur\u00e9e de lecture est.\" \/>\n\t<meta name=\"twitter:data1\" content=\"1 minute\" \/>\n<script type=\"application\/ld+json\" class=\"yoast-schema-graph\">{\"@context\":\"https:\/\/schema.org\",\"@graph\":[{\"@type\":\"WebSite\",\"@id\":\"https:\/\/innovexalgerie.com\/machines\/#website\",\"url\":\"https:\/\/innovexalgerie.com\/machines\/\",\"name\":\"Innovex Machines | Innovex Algerie\",\"description\":\"Fournisseur de machines d&#039;emballage et d&#039;imprimerie\",\"potentialAction\":[{\"@type\":\"SearchAction\",\"target\":{\"@type\":\"EntryPoint\",\"urlTemplate\":\"https:\/\/innovexalgerie.com\/machines\/?s={search_term_string}\"},\"query-input\":\"required name=search_term_string\"}],\"inLanguage\":\"fr-FR\"},{\"@type\":\"ImageObject\",\"@id\":\"https:\/\/innovexalgerie.com\/machines\/produit\/etiqueteuse-semi-automatique-pour-surface-plate-mt-60\/#primaryimage\",\"inLanguage\":\"fr-FR\",\"url\":\"https:\/\/innovexalgerie.com\/machines\/wp-content\/uploads\/2021\/03\/lt60.jpg\",\"contentUrl\":\"https:\/\/innovexalgerie.com\/machines\/wp-content\/uploads\/2021\/03\/lt60.jpg\",\"width\":1000,\"height\":1000,\"caption\":\"Etiqueteuse lt60\"},{\"@type\":\"WebPage\",\"@id\":\"https:\/\/innovexalgerie.com\/machines\/produit\/etiqueteuse-semi-automatique-pour-surface-plate-mt-60\/#webpage\",\"url\":\"https:\/\/innovexalgerie.com\/machines\/produit\/etiqueteuse-semi-automatique-pour-surface-plate-mt-60\/\",\"name\":\"Etiqueteuse semi-automatique pour surface plate MT-60 - Innovex Machines | Innovex Algerie\",\"isPartOf\":{\"@id\":\"https:\/\/innovexalgerie.com\/machines\/#website\"},\"primaryImageOfPage\":{\"@id\":\"https:\/\/innovexalgerie.com\/machines\/produit\/etiqueteuse-semi-automatique-pour-surface-plate-mt-60\/#primaryimage\"},\"datePublished\":\"2021-03-24T19:50:23+00:00\",\"dateModified\":\"2025-02-09T09:49:30+00:00\",\"description\":\"L\\u2019\\u00e9tiqueteuse semi-automatique MT-60 permet l\\u2019application de l\\u2019\\u00e9tiquette adh\\u00e9sive sur une surface plate. Innovex emballage algerie.\",\"breadcrumb\":{\"@id\":\"https:\/\/innovexalgerie.com\/machines\/produit\/etiqueteuse-semi-automatique-pour-surface-plate-mt-60\/#breadcrumb\"},\"inLanguage\":\"fr-FR\",\"potentialAction\":[{\"@type\":\"ReadAction\",\"target\":[\"https:\/\/innovexalgerie.com\/machines\/produit\/etiqueteuse-semi-automatique-pour-surface-plate-mt-60\/\"]}]},{\"@type\":\"BreadcrumbList\",\"@id\":\"https:\/\/innovexalgerie.com\/machines\/produit\/etiqueteuse-semi-automatique-pour-surface-plate-mt-60\/#breadcrumb\",\"itemListElement\":[{\"@type\":\"ListItem\",\"position\":1,\"name\":\"Accueil\",\"item\":\"https:\/\/innovexalgerie.com\/machines\/\"},{\"@type\":\"ListItem\",\"position\":2,\"name\":\"Produits\",\"item\":\"https:\/\/innovexalgerie.com\/machines\/boutique\/\"},{\"@type\":\"ListItem\",\"position\":3,\"name\":\"Etiqueteuse semi-automatique pour surface plate MT-60\"}]}]}<\/script>\n<!-- \/ Yoast SEO Premium plugin. -->","yoast_head_json":{"title":"Etiqueteuse semi-automatique pour surface plate MT-60 - Innovex Machines | Innovex Algerie","description":"L\u2019\u00e9tiqueteuse semi-automatique MT-60 permet l\u2019application de l\u2019\u00e9tiquette adh\u00e9sive sur une surface plate. Innovex emballage algerie.","robots":{"index":"index","follow":"follow","max-snippet":"max-snippet:-1","max-image-preview":"max-image-preview:large","max-video-preview":"max-video-preview:-1"},"canonical":"https:\/\/innovexalgerie.com\/machines\/produit\/etiqueteuse-semi-automatique-pour-surface-plate-mt-60\/","og_locale":"fr_FR","og_type":"article","og_title":"Etiqueteuse semi-automatique pour surface plate MT-60 - Innovex Machines | Innovex Algerie","og_description":"L\u2019\u00e9tiqueteuse semi-automatique MT-60 permet l\u2019application de l\u2019\u00e9tiquette adh\u00e9sive sur une surface plate. Innovex emballage algerie.","og_url":"https:\/\/innovexalgerie.com\/machines\/produit\/etiqueteuse-semi-automatique-pour-surface-plate-mt-60\/","og_site_name":"Innovex Machines | Innovex Algerie","article_publisher":"https:\/\/www.facebook.com\/innovexmachine1","article_modified_time":"2025-02-09T09:49:30+00:00","og_image":[{"width":1000,"height":1000,"url":"https:\/\/innovexalgerie.com\/machines\/wp-content\/uploads\/2021\/03\/lt60.jpg","path":"\/home\/inovex\/public_html\/machines\/wp-content\/uploads\/2021\/03\/lt60.jpg","size":"full","id":866,"alt":"Etiqueteuse lt60","pixels":1000000,"type":"image\/jpeg"}],"twitter_card":"summary_large_image","twitter_misc":{"Dur\u00e9e de lecture est.":"1 minute"},"schema":{"@context":"https:\/\/schema.org","@graph":[{"@type":"WebSite","@id":"https:\/\/innovexalgerie.com\/machines\/#website","url":"https:\/\/innovexalgerie.com\/machines\/","name":"Innovex Machines | Innovex Algerie","description":"Fournisseur de machines d&#039;emballage et d&#039;imprimerie","potentialAction":[{"@type":"SearchAction","target":{"@type":"EntryPoint","urlTemplate":"https:\/\/innovexalgerie.com\/machines\/?s={search_term_string}"},"query-input":"required name=search_term_string"}],"inLanguage":"fr-FR"},{"@type":"ImageObject","@id":"https:\/\/innovexalgerie.com\/machines\/produit\/etiqueteuse-semi-automatique-pour-surface-plate-mt-60\/#primaryimage","inLanguage":"fr-FR","url":"https:\/\/innovexalgerie.com\/machines\/wp-content\/uploads\/2021\/03\/lt60.jpg","contentUrl":"https:\/\/innovexalgerie.com\/machines\/wp-content\/uploads\/2021\/03\/lt60.jpg","width":1000,"height":1000,"caption":"Etiqueteuse lt60"},{"@type":"WebPage","@id":"https:\/\/innovexalgerie.com\/machines\/produit\/etiqueteuse-semi-automatique-pour-surface-plate-mt-60\/#webpage","url":"https:\/\/innovexalgerie.com\/machines\/produit\/etiqueteuse-semi-automatique-pour-surface-plate-mt-60\/","name":"Etiqueteuse semi-automatique pour surface plate MT-60 - Innovex Machines | Innovex Algerie","isPartOf":{"@id":"https:\/\/innovexalgerie.com\/machines\/#website"},"primaryImageOfPage":{"@id":"https:\/\/innovexalgerie.com\/machines\/produit\/etiqueteuse-semi-automatique-pour-surface-plate-mt-60\/#primaryimage"},"datePublished":"2021-03-24T19:50:23+00:00","dateModified":"2025-02-09T09:49:30+00:00","description":"L\u2019\u00e9tiqueteuse semi-automatique MT-60 permet l\u2019application de l\u2019\u00e9tiquette adh\u00e9sive sur une surface plate. Innovex emballage algerie.","breadcrumb":{"@id":"https:\/\/innovexalgerie.com\/machines\/produit\/etiqueteuse-semi-automatique-pour-surface-plate-mt-60\/#breadcrumb"},"inLanguage":"fr-FR","potentialAction":[{"@type":"ReadAction","target":["https:\/\/innovexalgerie.com\/machines\/produit\/etiqueteuse-semi-automatique-pour-surface-plate-mt-60\/"]}]},{"@type":"BreadcrumbList","@id":"https:\/\/innovexalgerie.com\/machines\/produit\/etiqueteuse-semi-automatique-pour-surface-plate-mt-60\/#breadcrumb","itemListElement":[{"@type":"ListItem","position":1,"name":"Accueil","item":"https:\/\/innovexalgerie.com\/machines\/"},{"@type":"ListItem","position":2,"name":"Produits","item":"https:\/\/innovexalgerie.com\/machines\/boutique\/"},{"@type":"ListItem","position":3,"name":"Etiqueteuse semi-automatique pour surface plate MT-60"}]}]}},"_links":{"self":[{"href":"https:\/\/innovexalgerie.com\/machines\/wp-json\/wp\/v2\/product\/835","targetHints":{"allow":["GET"]}}],"collection":[{"href":"https:\/\/innovexalgerie.com\/machines\/wp-json\/wp\/v2\/product"}],"about":[{"href":"https:\/\/innovexalgerie.com\/machines\/wp-json\/wp\/v2\/types\/product"}],"version-history":[{"count":10,"href":"https:\/\/innovexalgerie.com\/machines\/wp-json\/wp\/v2\/product\/835\/revisions"}],"predecessor-version":[{"id":33041,"href":"https:\/\/innovexalgerie.com\/machines\/wp-json\/wp\/v2\/product\/835\/revisions\/33041"}],"wp:featuredmedia":[{"embeddable":true,"href":"https:\/\/innovexalgerie.com\/machines\/wp-json\/wp\/v2\/media\/866"}],"wp:attachment":[{"href":"https:\/\/innovexalgerie.com\/machines\/wp-json\/wp\/v2\/media?parent=835"}],"wp:term":[{"taxonomy":"product_cat","embeddable":true,"href":"https:\/\/innovexalgerie.com\/machines\/wp-json\/wp\/v2\/product_cat?post=835"},{"taxonomy":"product_tag","embeddable":true,"href":"https:\/\/innovexalgerie.com\/machines\/wp-json\/wp\/v2\/product_tag?post=835"}],"curies":[{"name":"wp","href":"https:\/\/api.w.org\/{rel}","templated":true}]}}