{"id":838,"date":"2021-03-24T20:50:24","date_gmt":"2021-03-24T19:50:24","guid":{"rendered":"https:\/\/innovexalgerie.com\/machines2\/?post_type=product&#038;p=838"},"modified":"2022-06-28T13:43:09","modified_gmt":"2022-06-28T12:43:09","slug":"cercleuse-automatique-ys-305-ys-309-ys3012","status":"publish","type":"product","link":"https:\/\/innovexalgerie.com\/machines\/produit\/cercleuse-automatique-ys-305-ys-309-ys3012\/","title":{"rendered":"Cercleuse automatique YS-305 \/ YS-309 \/ YS3012"},"content":{"rendered":"<p>La machine <strong>YS-305 \/ YS-309 \/ YS-3012 <\/strong>assure un cerclage automatique efficace et ultra rapide de cartons de diff\u00e9rentes tailles et formes avec une vitesse de cerclage jusqu&rsquo;\u00e0 1.5 cerclage\/min, \u00e9cran couleur tactile, moteur brushless durable qui assure une maintenance minimale.<\/p>\n<ul>\n<li>La machine se chauffe rapidement, elle est pr\u00eate \u00e0 l\u2019emploi en moins de 20 secondes.<\/li>\n<li>Deux modes de d\u00e9clanchement (une p\u00e9dale ou par un bouton poussoir).<\/li>\n<li>Freinage \u00e9lectromagn\u00e9tique.<\/li>\n<li>R\u00e9glage de la tension \u00e9lectronique.<\/li>\n<li>Tension forte pour les colis lourds jusqu&rsquo;\u00e0 30 \u00e0 45 kg.<\/li>\n<li>Changement du feuillard sur le c\u00f4t\u00e9, facile et rapide.<\/li>\n<li>Syst\u00e8me emp\u00eachant tout d\u00e9clenchement en cas de d\u00e9faut pr\u00e9sence feuillard.<\/li>\n<li>R\u00e9amor\u00e7age automatique du feuillard en cas de lancement insuffisant.<\/li>\n<li>Enfilage automatique du feuillard lors du changement de bobine.<\/li>\n<li>\u00c9jection automatique du feuillard en cas de cerclage a vide.<\/li>\n<li>Cerclage \u00e0 vide sans cons\u00e9quence par \u00e9jection de la boucle form\u00e9e.<\/li>\n<li>R\u00e9glage \u00e9lectronique de la force de serrage.<\/li>\n<li>Machine conforme aux normes CE.<\/li>\n<\/ul>\n<p>&nbsp;<\/p>\n<div style=\"width: 640px;\" class=\"wp-video\"><video class=\"wp-video-shortcode\" id=\"video-838-1\" width=\"640\" height=\"360\" preload=\"metadata\" controls=\"controls\"><source type=\"video\/mp4\" src=\"https:\/\/innovexalgerie.com\/machines\/wp-content\/uploads\/2021\/03\/cercleuse-automatique-ys305-iiw-1.mp4?_=1\" \/><a href=\"https:\/\/innovexalgerie.com\/machines\/wp-content\/uploads\/2021\/03\/cercleuse-automatique-ys305-iiw-1.mp4\">https:\/\/innovexalgerie.com\/machines\/wp-content\/uploads\/2021\/03\/cercleuse-automatique-ys305-iiw-1.mp4<\/a><\/video><\/div>\n","protected":false},"excerpt":{"rendered":"<p>La machine assure un cerclage automatique efficace et ultra rapide de cartons de diff\u00e9rentes tailles et formes avec une vitesse de cerclage jusqu&rsquo;\u00e0 1.5 cerclage\/min. adaptable pour feuillard de 5 au 8 \/ 8 au 9 \/ 9 au 12 mm.<\/p>\n<p><img loading=\"lazy\" decoding=\"async\" class=\"alignnone size-full wp-image-30146\" src=\"https:\/\/innovexalgerie.com\/machines\/wp-content\/uploads\/2021\/03\/icon-cercleuse-automatique-innovex-machine.jpg\" alt=\"icon-cercleuse-automatique-innovex-machine\" width=\"856\" height=\"196\" srcset=\"https:\/\/innovexalgerie.com\/machines\/wp-content\/uploads\/2021\/03\/icon-cercleuse-automatique-innovex-machine.jpg 856w, https:\/\/innovexalgerie.com\/machines\/wp-content\/uploads\/2021\/03\/icon-cercleuse-automatique-innovex-machine-300x69.jpg 300w, https:\/\/innovexalgerie.com\/machines\/wp-content\/uploads\/2021\/03\/icon-cercleuse-automatique-innovex-machine-768x176.jpg 768w, https:\/\/innovexalgerie.com\/machines\/wp-content\/uploads\/2021\/03\/icon-cercleuse-automatique-innovex-machine-600x137.jpg 600w\" sizes=\"auto, (max-width: 856px) 100vw, 856px\" \/><\/p>\n","protected":false},"featured_media":869,"template":"","meta":{"_monsterinsights_skip_tracking":false,"_monsterinsights_sitenote_active":false,"_monsterinsights_sitenote_note":"","_monsterinsights_sitenote_category":0},"product_cat":[245],"product_tag":[51],"class_list":["post-838","product","type-product","status-publish","has-post-thumbnail","hentry","product_cat-cercleuse","product_tag-cercleuse"],"yoast_head":"<!-- This site is optimized with the Yoast SEO Premium plugin v16.2 (Yoast SEO v16.7) - https:\/\/yoast.com\/wordpress\/plugins\/seo\/ -->\n<title>Cercleuse automatique YS-305 \/ YS-309 \/ YS3012 - Innovex Machines | Innovex Algerie<\/title>\n<meta name=\"description\" content=\"La machine assure un cerclage automatique efficace et ultra rapide de cartons de diff\u00e9rentes tailles et formes. innovex machine.\" \/>\n<meta name=\"robots\" content=\"index, follow, max-snippet:-1, max-image-preview:large, max-video-preview:-1\" \/>\n<link rel=\"canonical\" href=\"https:\/\/innovexalgerie.com\/machines\/produit\/cercleuse-automatique-ys-305-ys-309-ys3012\/\" \/>\n<meta property=\"og:locale\" content=\"fr_FR\" \/>\n<meta property=\"og:type\" content=\"article\" \/>\n<meta property=\"og:title\" content=\"Cercleuse automatique YS-305 \/ YS-309 \/ YS3012 - Innovex Machines | Innovex Algerie\" \/>\n<meta property=\"og:description\" content=\"La machine assure un cerclage automatique efficace et ultra rapide de cartons de diff\u00e9rentes tailles et formes. innovex machine.\" \/>\n<meta property=\"og:url\" content=\"https:\/\/innovexalgerie.com\/machines\/produit\/cercleuse-automatique-ys-305-ys-309-ys3012\/\" \/>\n<meta property=\"og:site_name\" content=\"Innovex Machines | Innovex Algerie\" \/>\n<meta property=\"article:publisher\" content=\"https:\/\/www.facebook.com\/innovexmachine1\" \/>\n<meta property=\"article:modified_time\" content=\"2022-06-28T12:43:09+00:00\" \/>\n<meta property=\"og:image\" content=\"https:\/\/innovexalgerie.com\/machines\/wp-content\/uploads\/2021\/03\/ys-305.jpg\" \/>\n\t<meta property=\"og:image:width\" content=\"1000\" \/>\n\t<meta property=\"og:image:height\" content=\"1000\" \/>\n<meta name=\"twitter:card\" content=\"summary_large_image\" \/>\n<meta name=\"twitter:label1\" content=\"Dur\u00e9e de lecture est.\" \/>\n\t<meta name=\"twitter:data1\" content=\"1 minute\" \/>\n<script type=\"application\/ld+json\" class=\"yoast-schema-graph\">{\"@context\":\"https:\/\/schema.org\",\"@graph\":[{\"@type\":\"WebSite\",\"@id\":\"https:\/\/innovexalgerie.com\/machines\/#website\",\"url\":\"https:\/\/innovexalgerie.com\/machines\/\",\"name\":\"Innovex Machines | Innovex Algerie\",\"description\":\"Fournisseur de machines d&#039;emballage et d&#039;imprimerie\",\"potentialAction\":[{\"@type\":\"SearchAction\",\"target\":{\"@type\":\"EntryPoint\",\"urlTemplate\":\"https:\/\/innovexalgerie.com\/machines\/?s={search_term_string}\"},\"query-input\":\"required name=search_term_string\"}],\"inLanguage\":\"fr-FR\"},{\"@type\":\"ImageObject\",\"@id\":\"https:\/\/innovexalgerie.com\/machines\/produit\/cercleuse-automatique-ys-305-ys-309-ys3012\/#primaryimage\",\"inLanguage\":\"fr-FR\",\"url\":\"https:\/\/innovexalgerie.com\/machines\/wp-content\/uploads\/2021\/03\/ys-305.jpg\",\"contentUrl\":\"https:\/\/innovexalgerie.com\/machines\/wp-content\/uploads\/2021\/03\/ys-305.jpg\",\"width\":1000,\"height\":1000},{\"@type\":\"WebPage\",\"@id\":\"https:\/\/innovexalgerie.com\/machines\/produit\/cercleuse-automatique-ys-305-ys-309-ys3012\/#webpage\",\"url\":\"https:\/\/innovexalgerie.com\/machines\/produit\/cercleuse-automatique-ys-305-ys-309-ys3012\/\",\"name\":\"Cercleuse automatique YS-305 \/ YS-309 \/ YS3012 - Innovex Machines | Innovex Algerie\",\"isPartOf\":{\"@id\":\"https:\/\/innovexalgerie.com\/machines\/#website\"},\"primaryImageOfPage\":{\"@id\":\"https:\/\/innovexalgerie.com\/machines\/produit\/cercleuse-automatique-ys-305-ys-309-ys3012\/#primaryimage\"},\"datePublished\":\"2021-03-24T19:50:24+00:00\",\"dateModified\":\"2022-06-28T12:43:09+00:00\",\"description\":\"La machine assure un cerclage automatique efficace et ultra rapide de cartons de diff\\u00e9rentes tailles et formes. innovex machine.\",\"breadcrumb\":{\"@id\":\"https:\/\/innovexalgerie.com\/machines\/produit\/cercleuse-automatique-ys-305-ys-309-ys3012\/#breadcrumb\"},\"inLanguage\":\"fr-FR\",\"potentialAction\":[{\"@type\":\"ReadAction\",\"target\":[\"https:\/\/innovexalgerie.com\/machines\/produit\/cercleuse-automatique-ys-305-ys-309-ys3012\/\"]}]},{\"@type\":\"BreadcrumbList\",\"@id\":\"https:\/\/innovexalgerie.com\/machines\/produit\/cercleuse-automatique-ys-305-ys-309-ys3012\/#breadcrumb\",\"itemListElement\":[{\"@type\":\"ListItem\",\"position\":1,\"name\":\"Accueil\",\"item\":\"https:\/\/innovexalgerie.com\/machines\/\"},{\"@type\":\"ListItem\",\"position\":2,\"name\":\"Produits\",\"item\":\"https:\/\/innovexalgerie.com\/machines\/boutique\/\"},{\"@type\":\"ListItem\",\"position\":3,\"name\":\"Cercleuse automatique YS-305 \/ YS-309 \/ YS3012\"}]}]}<\/script>\n<!-- \/ Yoast SEO Premium plugin. -->","yoast_head_json":{"title":"Cercleuse automatique YS-305 \/ YS-309 \/ YS3012 - Innovex Machines | Innovex Algerie","description":"La machine assure un cerclage automatique efficace et ultra rapide de cartons de diff\u00e9rentes tailles et formes. innovex machine.","robots":{"index":"index","follow":"follow","max-snippet":"max-snippet:-1","max-image-preview":"max-image-preview:large","max-video-preview":"max-video-preview:-1"},"canonical":"https:\/\/innovexalgerie.com\/machines\/produit\/cercleuse-automatique-ys-305-ys-309-ys3012\/","og_locale":"fr_FR","og_type":"article","og_title":"Cercleuse automatique YS-305 \/ YS-309 \/ YS3012 - Innovex Machines | Innovex Algerie","og_description":"La machine assure un cerclage automatique efficace et ultra rapide de cartons de diff\u00e9rentes tailles et formes. innovex machine.","og_url":"https:\/\/innovexalgerie.com\/machines\/produit\/cercleuse-automatique-ys-305-ys-309-ys3012\/","og_site_name":"Innovex Machines | Innovex Algerie","article_publisher":"https:\/\/www.facebook.com\/innovexmachine1","article_modified_time":"2022-06-28T12:43:09+00:00","og_image":[{"width":1000,"height":1000,"url":"https:\/\/innovexalgerie.com\/machines\/wp-content\/uploads\/2021\/03\/ys-305.jpg","path":"\/home\/inovex\/public_html\/machines\/wp-content\/uploads\/2021\/03\/ys-305.jpg","size":"full","id":869,"alt":"","pixels":1000000,"type":"image\/jpeg"}],"twitter_card":"summary_large_image","twitter_misc":{"Dur\u00e9e de lecture est.":"1 minute"},"schema":{"@context":"https:\/\/schema.org","@graph":[{"@type":"WebSite","@id":"https:\/\/innovexalgerie.com\/machines\/#website","url":"https:\/\/innovexalgerie.com\/machines\/","name":"Innovex Machines | Innovex Algerie","description":"Fournisseur de machines d&#039;emballage et d&#039;imprimerie","potentialAction":[{"@type":"SearchAction","target":{"@type":"EntryPoint","urlTemplate":"https:\/\/innovexalgerie.com\/machines\/?s={search_term_string}"},"query-input":"required name=search_term_string"}],"inLanguage":"fr-FR"},{"@type":"ImageObject","@id":"https:\/\/innovexalgerie.com\/machines\/produit\/cercleuse-automatique-ys-305-ys-309-ys3012\/#primaryimage","inLanguage":"fr-FR","url":"https:\/\/innovexalgerie.com\/machines\/wp-content\/uploads\/2021\/03\/ys-305.jpg","contentUrl":"https:\/\/innovexalgerie.com\/machines\/wp-content\/uploads\/2021\/03\/ys-305.jpg","width":1000,"height":1000},{"@type":"WebPage","@id":"https:\/\/innovexalgerie.com\/machines\/produit\/cercleuse-automatique-ys-305-ys-309-ys3012\/#webpage","url":"https:\/\/innovexalgerie.com\/machines\/produit\/cercleuse-automatique-ys-305-ys-309-ys3012\/","name":"Cercleuse automatique YS-305 \/ YS-309 \/ YS3012 - Innovex Machines | Innovex Algerie","isPartOf":{"@id":"https:\/\/innovexalgerie.com\/machines\/#website"},"primaryImageOfPage":{"@id":"https:\/\/innovexalgerie.com\/machines\/produit\/cercleuse-automatique-ys-305-ys-309-ys3012\/#primaryimage"},"datePublished":"2021-03-24T19:50:24+00:00","dateModified":"2022-06-28T12:43:09+00:00","description":"La machine assure un cerclage automatique efficace et ultra rapide de cartons de diff\u00e9rentes tailles et formes. innovex machine.","breadcrumb":{"@id":"https:\/\/innovexalgerie.com\/machines\/produit\/cercleuse-automatique-ys-305-ys-309-ys3012\/#breadcrumb"},"inLanguage":"fr-FR","potentialAction":[{"@type":"ReadAction","target":["https:\/\/innovexalgerie.com\/machines\/produit\/cercleuse-automatique-ys-305-ys-309-ys3012\/"]}]},{"@type":"BreadcrumbList","@id":"https:\/\/innovexalgerie.com\/machines\/produit\/cercleuse-automatique-ys-305-ys-309-ys3012\/#breadcrumb","itemListElement":[{"@type":"ListItem","position":1,"name":"Accueil","item":"https:\/\/innovexalgerie.com\/machines\/"},{"@type":"ListItem","position":2,"name":"Produits","item":"https:\/\/innovexalgerie.com\/machines\/boutique\/"},{"@type":"ListItem","position":3,"name":"Cercleuse automatique YS-305 \/ YS-309 \/ YS3012"}]}]}},"_links":{"self":[{"href":"https:\/\/innovexalgerie.com\/machines\/wp-json\/wp\/v2\/product\/838","targetHints":{"allow":["GET"]}}],"collection":[{"href":"https:\/\/innovexalgerie.com\/machines\/wp-json\/wp\/v2\/product"}],"about":[{"href":"https:\/\/innovexalgerie.com\/machines\/wp-json\/wp\/v2\/types\/product"}],"version-history":[{"count":12,"href":"https:\/\/innovexalgerie.com\/machines\/wp-json\/wp\/v2\/product\/838\/revisions"}],"predecessor-version":[{"id":30132,"href":"https:\/\/innovexalgerie.com\/machines\/wp-json\/wp\/v2\/product\/838\/revisions\/30132"}],"wp:featuredmedia":[{"embeddable":true,"href":"https:\/\/innovexalgerie.com\/machines\/wp-json\/wp\/v2\/media\/869"}],"wp:attachment":[{"href":"https:\/\/innovexalgerie.com\/machines\/wp-json\/wp\/v2\/media?parent=838"}],"wp:term":[{"taxonomy":"product_cat","embeddable":true,"href":"https:\/\/innovexalgerie.com\/machines\/wp-json\/wp\/v2\/product_cat?post=838"},{"taxonomy":"product_tag","embeddable":true,"href":"https:\/\/innovexalgerie.com\/machines\/wp-json\/wp\/v2\/product_tag?post=838"}],"curies":[{"name":"wp","href":"https:\/\/api.w.org\/{rel}","templated":true}]}}