{"id":848,"date":"2021-03-24T20:50:24","date_gmt":"2021-03-24T19:50:24","guid":{"rendered":"https:\/\/innovexalgerie.com\/machines2\/?post_type=product&#038;p=848"},"modified":"2022-04-11T10:11:31","modified_gmt":"2022-04-11T09:11:31","slug":"tendeur-et-pince-de-sertissage-pneumatique-feuillard-en-acier-ftl19-et-fts19","status":"publish","type":"product","link":"https:\/\/innovexalgerie.com\/machines\/produit\/tendeur-et-pince-de-sertissage-pneumatique-feuillard-en-acier-ftl19-et-fts19\/","title":{"rendered":"Tendeur et pince de sertissage pneumatique feuillard en acier avec chapes FTL19 et FTS19"},"content":{"rendered":"<p>Le tendeur <strong>FTL19<\/strong> et la pince de sertissage <strong>FTS19<\/strong> sont deux appareils compl\u00e9mentaires qui assurent le serrage et accrochage du feuillard en acier avec chape d\u2019une largeur de 32mm.<\/p>\n<ul>\n<li>Fonctionnement pneumatique de la t\u00eate d\u2019accrochage de chape.<\/li>\n<li>Fabriqu\u00e9 en acier, facile \u00e0 utiliser, r\u00e9sistant \u00e0 la rupture.<\/li>\n<li>Possibilit\u00e9 d\u2019attachement dans une balance \u00e0 ressort.<\/li>\n<\/ul>\n","protected":false},"excerpt":{"rendered":"<p>Le tendeur FTL19 et la pince de sertissage FTS19 sont deux appareils compl\u00e9mentaires qui assurent le serrage et accrochage du feuillard en acier avec chape d\u2019une largeur de 32mm.<\/p>\n<p><img loading=\"lazy\" decoding=\"async\" class=\"alignnone size-full wp-image-30082\" src=\"https:\/\/innovexalgerie.com\/machines\/wp-content\/uploads\/2021\/03\/icon-cercleuse-pneu-innovex-machine.jpg\" alt=\"icon-cercleuse-pneu-innovex-machine\" width=\"856\" height=\"196\" srcset=\"https:\/\/innovexalgerie.com\/machines\/wp-content\/uploads\/2021\/03\/icon-cercleuse-pneu-innovex-machine.jpg 856w, https:\/\/innovexalgerie.com\/machines\/wp-content\/uploads\/2021\/03\/icon-cercleuse-pneu-innovex-machine-300x69.jpg 300w, https:\/\/innovexalgerie.com\/machines\/wp-content\/uploads\/2021\/03\/icon-cercleuse-pneu-innovex-machine-768x176.jpg 768w, https:\/\/innovexalgerie.com\/machines\/wp-content\/uploads\/2021\/03\/icon-cercleuse-pneu-innovex-machine-600x137.jpg 600w\" sizes=\"auto, (max-width: 856px) 100vw, 856px\" \/><\/p>\n","protected":false},"featured_media":903,"template":"","meta":{"_monsterinsights_skip_tracking":false,"_monsterinsights_sitenote_active":false,"_monsterinsights_sitenote_note":"","_monsterinsights_sitenote_category":0},"product_cat":[246],"product_tag":[],"class_list":["post-848","product","type-product","status-publish","has-post-thumbnail","hentry","product_cat-cercleuses-portatives"],"yoast_head":"<!-- This site is optimized with the Yoast SEO Premium plugin v16.2 (Yoast SEO v16.7) - https:\/\/yoast.com\/wordpress\/plugins\/seo\/ -->\n<title>Tendeur et pince de sertissage pneumatique feuillard en acier avec chapes FTL19 et FTS19 - Innovex Machines | Innovex Algerie<\/title>\n<meta name=\"description\" content=\"Le tendeur FTL32 et la pince de sertissage FTS32 sont deux appareilles compl\u00e9mentaires qui assurent le serrage et accrochage du feuillard.\" \/>\n<meta name=\"robots\" content=\"index, follow, max-snippet:-1, max-image-preview:large, max-video-preview:-1\" \/>\n<link rel=\"canonical\" href=\"https:\/\/innovexalgerie.com\/machines\/produit\/tendeur-et-pince-de-sertissage-pneumatique-feuillard-en-acier-ftl19-et-fts19\/\" \/>\n<meta property=\"og:locale\" content=\"fr_FR\" \/>\n<meta property=\"og:type\" content=\"article\" \/>\n<meta property=\"og:title\" content=\"Tendeur et pince de sertissage pneumatique feuillard en acier avec chapes FTL19 et FTS19 - Innovex Machines | Innovex Algerie\" \/>\n<meta property=\"og:description\" content=\"Le tendeur FTL32 et la pince de sertissage FTS32 sont deux appareilles compl\u00e9mentaires qui assurent le serrage et accrochage du feuillard.\" \/>\n<meta property=\"og:url\" content=\"https:\/\/innovexalgerie.com\/machines\/produit\/tendeur-et-pince-de-sertissage-pneumatique-feuillard-en-acier-ftl19-et-fts19\/\" \/>\n<meta property=\"og:site_name\" content=\"Innovex Machines | Innovex Algerie\" \/>\n<meta property=\"article:publisher\" content=\"https:\/\/www.facebook.com\/innovexmachine1\" \/>\n<meta property=\"article:modified_time\" content=\"2022-04-11T09:11:31+00:00\" \/>\n<meta property=\"og:image\" content=\"https:\/\/innovexalgerie.com\/machines\/wp-content\/uploads\/2021\/03\/71bJLuhY6vL._SL1500_.jpg\" \/>\n\t<meta property=\"og:image:width\" content=\"1500\" \/>\n\t<meta property=\"og:image:height\" content=\"1500\" \/>\n<meta name=\"twitter:card\" content=\"summary_large_image\" \/>\n<meta name=\"twitter:label1\" content=\"Dur\u00e9e de lecture est.\" \/>\n\t<meta name=\"twitter:data1\" content=\"1 minute\" \/>\n<script type=\"application\/ld+json\" class=\"yoast-schema-graph\">{\"@context\":\"https:\/\/schema.org\",\"@graph\":[{\"@type\":\"WebSite\",\"@id\":\"https:\/\/innovexalgerie.com\/machines\/#website\",\"url\":\"https:\/\/innovexalgerie.com\/machines\/\",\"name\":\"Innovex Machines | Innovex Algerie\",\"description\":\"Fournisseur de machines d&#039;emballage et d&#039;imprimerie\",\"potentialAction\":[{\"@type\":\"SearchAction\",\"target\":{\"@type\":\"EntryPoint\",\"urlTemplate\":\"https:\/\/innovexalgerie.com\/machines\/?s={search_term_string}\"},\"query-input\":\"required name=search_term_string\"}],\"inLanguage\":\"fr-FR\"},{\"@type\":\"ImageObject\",\"@id\":\"https:\/\/innovexalgerie.com\/machines\/produit\/tendeur-et-pince-de-sertissage-pneumatique-feuillard-en-acier-ftl19-et-fts19\/#primaryimage\",\"inLanguage\":\"fr-FR\",\"url\":\"https:\/\/innovexalgerie.com\/machines\/wp-content\/uploads\/2021\/03\/71bJLuhY6vL._SL1500_.jpg\",\"contentUrl\":\"https:\/\/innovexalgerie.com\/machines\/wp-content\/uploads\/2021\/03\/71bJLuhY6vL._SL1500_.jpg\",\"width\":1500,\"height\":1500},{\"@type\":\"WebPage\",\"@id\":\"https:\/\/innovexalgerie.com\/machines\/produit\/tendeur-et-pince-de-sertissage-pneumatique-feuillard-en-acier-ftl19-et-fts19\/#webpage\",\"url\":\"https:\/\/innovexalgerie.com\/machines\/produit\/tendeur-et-pince-de-sertissage-pneumatique-feuillard-en-acier-ftl19-et-fts19\/\",\"name\":\"Tendeur et pince de sertissage pneumatique feuillard en acier avec chapes FTL19 et FTS19 - Innovex Machines | Innovex Algerie\",\"isPartOf\":{\"@id\":\"https:\/\/innovexalgerie.com\/machines\/#website\"},\"primaryImageOfPage\":{\"@id\":\"https:\/\/innovexalgerie.com\/machines\/produit\/tendeur-et-pince-de-sertissage-pneumatique-feuillard-en-acier-ftl19-et-fts19\/#primaryimage\"},\"datePublished\":\"2021-03-24T19:50:24+00:00\",\"dateModified\":\"2022-04-11T09:11:31+00:00\",\"description\":\"Le tendeur FTL32 et la pince de sertissage FTS32 sont deux appareilles compl\\u00e9mentaires qui assurent le serrage et accrochage du feuillard.\",\"breadcrumb\":{\"@id\":\"https:\/\/innovexalgerie.com\/machines\/produit\/tendeur-et-pince-de-sertissage-pneumatique-feuillard-en-acier-ftl19-et-fts19\/#breadcrumb\"},\"inLanguage\":\"fr-FR\",\"potentialAction\":[{\"@type\":\"ReadAction\",\"target\":[\"https:\/\/innovexalgerie.com\/machines\/produit\/tendeur-et-pince-de-sertissage-pneumatique-feuillard-en-acier-ftl19-et-fts19\/\"]}]},{\"@type\":\"BreadcrumbList\",\"@id\":\"https:\/\/innovexalgerie.com\/machines\/produit\/tendeur-et-pince-de-sertissage-pneumatique-feuillard-en-acier-ftl19-et-fts19\/#breadcrumb\",\"itemListElement\":[{\"@type\":\"ListItem\",\"position\":1,\"name\":\"Accueil\",\"item\":\"https:\/\/innovexalgerie.com\/machines\/\"},{\"@type\":\"ListItem\",\"position\":2,\"name\":\"Produits\",\"item\":\"https:\/\/innovexalgerie.com\/machines\/boutique\/\"},{\"@type\":\"ListItem\",\"position\":3,\"name\":\"Tendeur et pince de sertissage pneumatique feuillard en acier avec chapes FTL19 et FTS19\"}]}]}<\/script>\n<!-- \/ Yoast SEO Premium plugin. -->","yoast_head_json":{"title":"Tendeur et pince de sertissage pneumatique feuillard en acier avec chapes FTL19 et FTS19 - Innovex Machines | Innovex Algerie","description":"Le tendeur FTL32 et la pince de sertissage FTS32 sont deux appareilles compl\u00e9mentaires qui assurent le serrage et accrochage du feuillard.","robots":{"index":"index","follow":"follow","max-snippet":"max-snippet:-1","max-image-preview":"max-image-preview:large","max-video-preview":"max-video-preview:-1"},"canonical":"https:\/\/innovexalgerie.com\/machines\/produit\/tendeur-et-pince-de-sertissage-pneumatique-feuillard-en-acier-ftl19-et-fts19\/","og_locale":"fr_FR","og_type":"article","og_title":"Tendeur et pince de sertissage pneumatique feuillard en acier avec chapes FTL19 et FTS19 - Innovex Machines | Innovex Algerie","og_description":"Le tendeur FTL32 et la pince de sertissage FTS32 sont deux appareilles compl\u00e9mentaires qui assurent le serrage et accrochage du feuillard.","og_url":"https:\/\/innovexalgerie.com\/machines\/produit\/tendeur-et-pince-de-sertissage-pneumatique-feuillard-en-acier-ftl19-et-fts19\/","og_site_name":"Innovex Machines | Innovex Algerie","article_publisher":"https:\/\/www.facebook.com\/innovexmachine1","article_modified_time":"2022-04-11T09:11:31+00:00","og_image":[{"width":1500,"height":1500,"url":"https:\/\/innovexalgerie.com\/machines\/wp-content\/uploads\/2021\/03\/71bJLuhY6vL._SL1500_.jpg","path":"\/home\/inovex\/public_html\/machines\/wp-content\/uploads\/2021\/03\/71bJLuhY6vL._SL1500_.jpg","size":"full","id":903,"alt":"","pixels":2250000,"type":"image\/jpeg"}],"twitter_card":"summary_large_image","twitter_misc":{"Dur\u00e9e de lecture est.":"1 minute"},"schema":{"@context":"https:\/\/schema.org","@graph":[{"@type":"WebSite","@id":"https:\/\/innovexalgerie.com\/machines\/#website","url":"https:\/\/innovexalgerie.com\/machines\/","name":"Innovex Machines | Innovex Algerie","description":"Fournisseur de machines d&#039;emballage et d&#039;imprimerie","potentialAction":[{"@type":"SearchAction","target":{"@type":"EntryPoint","urlTemplate":"https:\/\/innovexalgerie.com\/machines\/?s={search_term_string}"},"query-input":"required name=search_term_string"}],"inLanguage":"fr-FR"},{"@type":"ImageObject","@id":"https:\/\/innovexalgerie.com\/machines\/produit\/tendeur-et-pince-de-sertissage-pneumatique-feuillard-en-acier-ftl19-et-fts19\/#primaryimage","inLanguage":"fr-FR","url":"https:\/\/innovexalgerie.com\/machines\/wp-content\/uploads\/2021\/03\/71bJLuhY6vL._SL1500_.jpg","contentUrl":"https:\/\/innovexalgerie.com\/machines\/wp-content\/uploads\/2021\/03\/71bJLuhY6vL._SL1500_.jpg","width":1500,"height":1500},{"@type":"WebPage","@id":"https:\/\/innovexalgerie.com\/machines\/produit\/tendeur-et-pince-de-sertissage-pneumatique-feuillard-en-acier-ftl19-et-fts19\/#webpage","url":"https:\/\/innovexalgerie.com\/machines\/produit\/tendeur-et-pince-de-sertissage-pneumatique-feuillard-en-acier-ftl19-et-fts19\/","name":"Tendeur et pince de sertissage pneumatique feuillard en acier avec chapes FTL19 et FTS19 - Innovex Machines | Innovex Algerie","isPartOf":{"@id":"https:\/\/innovexalgerie.com\/machines\/#website"},"primaryImageOfPage":{"@id":"https:\/\/innovexalgerie.com\/machines\/produit\/tendeur-et-pince-de-sertissage-pneumatique-feuillard-en-acier-ftl19-et-fts19\/#primaryimage"},"datePublished":"2021-03-24T19:50:24+00:00","dateModified":"2022-04-11T09:11:31+00:00","description":"Le tendeur FTL32 et la pince de sertissage FTS32 sont deux appareilles compl\u00e9mentaires qui assurent le serrage et accrochage du feuillard.","breadcrumb":{"@id":"https:\/\/innovexalgerie.com\/machines\/produit\/tendeur-et-pince-de-sertissage-pneumatique-feuillard-en-acier-ftl19-et-fts19\/#breadcrumb"},"inLanguage":"fr-FR","potentialAction":[{"@type":"ReadAction","target":["https:\/\/innovexalgerie.com\/machines\/produit\/tendeur-et-pince-de-sertissage-pneumatique-feuillard-en-acier-ftl19-et-fts19\/"]}]},{"@type":"BreadcrumbList","@id":"https:\/\/innovexalgerie.com\/machines\/produit\/tendeur-et-pince-de-sertissage-pneumatique-feuillard-en-acier-ftl19-et-fts19\/#breadcrumb","itemListElement":[{"@type":"ListItem","position":1,"name":"Accueil","item":"https:\/\/innovexalgerie.com\/machines\/"},{"@type":"ListItem","position":2,"name":"Produits","item":"https:\/\/innovexalgerie.com\/machines\/boutique\/"},{"@type":"ListItem","position":3,"name":"Tendeur et pince de sertissage pneumatique feuillard en acier avec chapes FTL19 et FTS19"}]}]}},"_links":{"self":[{"href":"https:\/\/innovexalgerie.com\/machines\/wp-json\/wp\/v2\/product\/848","targetHints":{"allow":["GET"]}}],"collection":[{"href":"https:\/\/innovexalgerie.com\/machines\/wp-json\/wp\/v2\/product"}],"about":[{"href":"https:\/\/innovexalgerie.com\/machines\/wp-json\/wp\/v2\/types\/product"}],"version-history":[{"count":5,"href":"https:\/\/innovexalgerie.com\/machines\/wp-json\/wp\/v2\/product\/848\/revisions"}],"predecessor-version":[{"id":29365,"href":"https:\/\/innovexalgerie.com\/machines\/wp-json\/wp\/v2\/product\/848\/revisions\/29365"}],"wp:featuredmedia":[{"embeddable":true,"href":"https:\/\/innovexalgerie.com\/machines\/wp-json\/wp\/v2\/media\/903"}],"wp:attachment":[{"href":"https:\/\/innovexalgerie.com\/machines\/wp-json\/wp\/v2\/media?parent=848"}],"wp:term":[{"taxonomy":"product_cat","embeddable":true,"href":"https:\/\/innovexalgerie.com\/machines\/wp-json\/wp\/v2\/product_cat?post=848"},{"taxonomy":"product_tag","embeddable":true,"href":"https:\/\/innovexalgerie.com\/machines\/wp-json\/wp\/v2\/product_tag?post=848"}],"curies":[{"name":"wp","href":"https:\/\/api.w.org\/{rel}","templated":true}]}}