{"id":850,"date":"2021-03-24T20:50:24","date_gmt":"2021-03-24T19:50:24","guid":{"rendered":"https:\/\/innovexalgerie.com\/machines2\/?post_type=product&#038;p=850"},"modified":"2022-04-26T12:06:54","modified_gmt":"2022-04-26T11:06:54","slug":"chariot-devidoir-porte-bobine-feuillard-metallique-g500","status":"publish","type":"product","link":"https:\/\/innovexalgerie.com\/machines\/produit\/chariot-devidoir-porte-bobine-feuillard-metallique-g500\/","title":{"rendered":"Chariot d\u00e9vidoir porte bobine feuillard m\u00e9tallique G500"},"content":{"rendered":"<p>Chariot d\u00e9vidoir porte bobine mobile pour feuillard en m\u00e9tal <strong>G500<\/strong>, un outil pratique et ultra robuste dot\u00e9 des roulement \u00e0 billes pour bobine ruban enroul\u00e9, r\u00e9glable pour feuillard de 13 au 40 mm de largeur, il peut \u00eatre d\u00e9plac\u00e9 gr\u00e2ce aux roues robustes, et fournit \u00e0 un bac pour les chapes et les outils.<\/p>\n<ul>\n<li>\u00c9quip\u00e9 d\u2019un frein sur bobine qui emp\u00eachant le d\u00e9roulement intempestif du feuillard.<\/li>\n<li>Un bac de d\u00e9pose afin de garder \u00e0 port\u00e9e de mains l\u2019outil de cerclage, chapes, angles<br \/>\nde protection, tendeurs ou pinces.<\/li>\n<\/ul>\n","protected":false},"excerpt":{"rendered":"<p>Chariot d\u00e9vidoir porte bobine mobile pour feuillard en m\u00e9tal permet de d\u00e9rouler et cercler vos feuillards de mani\u00e8re tr\u00e8s simple, r\u00e9glable pour feuillard de 13 au 40 mm de largeur.<img loading=\"lazy\" decoding=\"async\" class=\"alignnone size-full wp-image-30261\" src=\"https:\/\/innovexalgerie.com\/machines\/wp-content\/uploads\/2021\/03\/icon-chariot-porte-feuillard-en-acier.jpg\" alt=\"\" width=\"871\" height=\"196\" srcset=\"https:\/\/innovexalgerie.com\/machines\/wp-content\/uploads\/2021\/03\/icon-chariot-porte-feuillard-en-acier.jpg 871w, https:\/\/innovexalgerie.com\/machines\/wp-content\/uploads\/2021\/03\/icon-chariot-porte-feuillard-en-acier-300x68.jpg 300w, https:\/\/innovexalgerie.com\/machines\/wp-content\/uploads\/2021\/03\/icon-chariot-porte-feuillard-en-acier-768x173.jpg 768w, https:\/\/innovexalgerie.com\/machines\/wp-content\/uploads\/2021\/03\/icon-chariot-porte-feuillard-en-acier-600x135.jpg 600w\" sizes=\"auto, (max-width: 871px) 100vw, 871px\" \/><\/p>\n","protected":false},"featured_media":910,"template":"","meta":{"_monsterinsights_skip_tracking":false,"_monsterinsights_sitenote_active":false,"_monsterinsights_sitenote_note":"","_monsterinsights_sitenote_category":0},"product_cat":[247,237],"product_tag":[116,51,248,198,49],"class_list":["post-850","product","type-product","status-publish","has-post-thumbnail","hentry","product_cat-chariot-devidoir","product_cat-tous-accessoires","product_tag-cerclage","product_tag-cercleuse","product_tag-chariot","product_tag-devidoir","product_tag-feuillard"],"yoast_head":"<!-- This site is optimized with the Yoast SEO Premium plugin v16.2 (Yoast SEO v16.7) - https:\/\/yoast.com\/wordpress\/plugins\/seo\/ -->\n<title>Chariot d\u00e9vidoir porte bobine feuillard m\u00e9tallique G500 - Innovex Machines | Innovex Algerie<\/title>\n<meta name=\"description\" content=\"Chariot d\u00e9vidoir porte bobine mobile pour feuillard en m\u00e9tal permet de d\u00e9rouler et cercler vos feuillards de mani\u00e8re tr\u00e8s simple.innovex\" \/>\n<meta name=\"robots\" content=\"index, follow, max-snippet:-1, max-image-preview:large, max-video-preview:-1\" \/>\n<link rel=\"canonical\" href=\"https:\/\/innovexalgerie.com\/machines\/produit\/chariot-devidoir-porte-bobine-feuillard-metallique-g500\/\" \/>\n<meta property=\"og:locale\" content=\"fr_FR\" \/>\n<meta property=\"og:type\" content=\"article\" \/>\n<meta property=\"og:title\" content=\"Chariot d\u00e9vidoir porte bobine feuillard m\u00e9tallique G500 - Innovex Machines | Innovex Algerie\" \/>\n<meta property=\"og:description\" content=\"Chariot d\u00e9vidoir porte bobine mobile pour feuillard en m\u00e9tal permet de d\u00e9rouler et cercler vos feuillards de mani\u00e8re tr\u00e8s simple.innovex\" \/>\n<meta property=\"og:url\" content=\"https:\/\/innovexalgerie.com\/machines\/produit\/chariot-devidoir-porte-bobine-feuillard-metallique-g500\/\" \/>\n<meta property=\"og:site_name\" content=\"Innovex Machines | Innovex Algerie\" \/>\n<meta property=\"article:publisher\" content=\"https:\/\/www.facebook.com\/innovexmachine1\" \/>\n<meta property=\"article:modified_time\" content=\"2022-04-26T11:06:54+00:00\" \/>\n<meta property=\"og:image\" content=\"https:\/\/innovexalgerie.com\/machines\/wp-content\/uploads\/2021\/03\/Untitled-1-2.jpg\" \/>\n\t<meta property=\"og:image:width\" content=\"1000\" \/>\n\t<meta property=\"og:image:height\" content=\"1000\" \/>\n<meta name=\"twitter:card\" content=\"summary_large_image\" \/>\n<meta name=\"twitter:label1\" content=\"Dur\u00e9e de lecture est.\" \/>\n\t<meta name=\"twitter:data1\" content=\"1 minute\" \/>\n<script type=\"application\/ld+json\" class=\"yoast-schema-graph\">{\"@context\":\"https:\/\/schema.org\",\"@graph\":[{\"@type\":\"WebSite\",\"@id\":\"https:\/\/innovexalgerie.com\/machines\/#website\",\"url\":\"https:\/\/innovexalgerie.com\/machines\/\",\"name\":\"Innovex Machines | Innovex Algerie\",\"description\":\"Fournisseur de machines d&#039;emballage et d&#039;imprimerie\",\"potentialAction\":[{\"@type\":\"SearchAction\",\"target\":{\"@type\":\"EntryPoint\",\"urlTemplate\":\"https:\/\/innovexalgerie.com\/machines\/?s={search_term_string}\"},\"query-input\":\"required name=search_term_string\"}],\"inLanguage\":\"fr-FR\"},{\"@type\":\"ImageObject\",\"@id\":\"https:\/\/innovexalgerie.com\/machines\/produit\/chariot-devidoir-porte-bobine-feuillard-metallique-g500\/#primaryimage\",\"inLanguage\":\"fr-FR\",\"url\":\"https:\/\/innovexalgerie.com\/machines\/wp-content\/uploads\/2021\/03\/Untitled-1-2.jpg\",\"contentUrl\":\"https:\/\/innovexalgerie.com\/machines\/wp-content\/uploads\/2021\/03\/Untitled-1-2.jpg\",\"width\":1000,\"height\":1000,\"caption\":\"porte feuillard G500 innovex machine\"},{\"@type\":\"WebPage\",\"@id\":\"https:\/\/innovexalgerie.com\/machines\/produit\/chariot-devidoir-porte-bobine-feuillard-metallique-g500\/#webpage\",\"url\":\"https:\/\/innovexalgerie.com\/machines\/produit\/chariot-devidoir-porte-bobine-feuillard-metallique-g500\/\",\"name\":\"Chariot d\\u00e9vidoir porte bobine feuillard m\\u00e9tallique G500 - Innovex Machines | Innovex Algerie\",\"isPartOf\":{\"@id\":\"https:\/\/innovexalgerie.com\/machines\/#website\"},\"primaryImageOfPage\":{\"@id\":\"https:\/\/innovexalgerie.com\/machines\/produit\/chariot-devidoir-porte-bobine-feuillard-metallique-g500\/#primaryimage\"},\"datePublished\":\"2021-03-24T19:50:24+00:00\",\"dateModified\":\"2022-04-26T11:06:54+00:00\",\"description\":\"Chariot d\\u00e9vidoir porte bobine mobile pour feuillard en m\\u00e9tal permet de d\\u00e9rouler et cercler vos feuillards de mani\\u00e8re tr\\u00e8s simple.innovex\",\"breadcrumb\":{\"@id\":\"https:\/\/innovexalgerie.com\/machines\/produit\/chariot-devidoir-porte-bobine-feuillard-metallique-g500\/#breadcrumb\"},\"inLanguage\":\"fr-FR\",\"potentialAction\":[{\"@type\":\"ReadAction\",\"target\":[\"https:\/\/innovexalgerie.com\/machines\/produit\/chariot-devidoir-porte-bobine-feuillard-metallique-g500\/\"]}]},{\"@type\":\"BreadcrumbList\",\"@id\":\"https:\/\/innovexalgerie.com\/machines\/produit\/chariot-devidoir-porte-bobine-feuillard-metallique-g500\/#breadcrumb\",\"itemListElement\":[{\"@type\":\"ListItem\",\"position\":1,\"name\":\"Accueil\",\"item\":\"https:\/\/innovexalgerie.com\/machines\/\"},{\"@type\":\"ListItem\",\"position\":2,\"name\":\"Produits\",\"item\":\"https:\/\/innovexalgerie.com\/machines\/boutique\/\"},{\"@type\":\"ListItem\",\"position\":3,\"name\":\"Chariot d\\u00e9vidoir porte bobine feuillard m\\u00e9tallique G500\"}]}]}<\/script>\n<!-- \/ Yoast SEO Premium plugin. -->","yoast_head_json":{"title":"Chariot d\u00e9vidoir porte bobine feuillard m\u00e9tallique G500 - Innovex Machines | Innovex Algerie","description":"Chariot d\u00e9vidoir porte bobine mobile pour feuillard en m\u00e9tal permet de d\u00e9rouler et cercler vos feuillards de mani\u00e8re tr\u00e8s simple.innovex","robots":{"index":"index","follow":"follow","max-snippet":"max-snippet:-1","max-image-preview":"max-image-preview:large","max-video-preview":"max-video-preview:-1"},"canonical":"https:\/\/innovexalgerie.com\/machines\/produit\/chariot-devidoir-porte-bobine-feuillard-metallique-g500\/","og_locale":"fr_FR","og_type":"article","og_title":"Chariot d\u00e9vidoir porte bobine feuillard m\u00e9tallique G500 - Innovex Machines | Innovex Algerie","og_description":"Chariot d\u00e9vidoir porte bobine mobile pour feuillard en m\u00e9tal permet de d\u00e9rouler et cercler vos feuillards de mani\u00e8re tr\u00e8s simple.innovex","og_url":"https:\/\/innovexalgerie.com\/machines\/produit\/chariot-devidoir-porte-bobine-feuillard-metallique-g500\/","og_site_name":"Innovex Machines | Innovex Algerie","article_publisher":"https:\/\/www.facebook.com\/innovexmachine1","article_modified_time":"2022-04-26T11:06:54+00:00","og_image":[{"width":1000,"height":1000,"url":"https:\/\/innovexalgerie.com\/machines\/wp-content\/uploads\/2021\/03\/Untitled-1-2.jpg","path":"\/home\/inovex\/public_html\/machines\/wp-content\/uploads\/2021\/03\/Untitled-1-2.jpg","size":"full","id":910,"alt":"porte feuillard G500 innovex machine","pixels":1000000,"type":"image\/jpeg"}],"twitter_card":"summary_large_image","twitter_misc":{"Dur\u00e9e de lecture est.":"1 minute"},"schema":{"@context":"https:\/\/schema.org","@graph":[{"@type":"WebSite","@id":"https:\/\/innovexalgerie.com\/machines\/#website","url":"https:\/\/innovexalgerie.com\/machines\/","name":"Innovex Machines | Innovex Algerie","description":"Fournisseur de machines d&#039;emballage et d&#039;imprimerie","potentialAction":[{"@type":"SearchAction","target":{"@type":"EntryPoint","urlTemplate":"https:\/\/innovexalgerie.com\/machines\/?s={search_term_string}"},"query-input":"required name=search_term_string"}],"inLanguage":"fr-FR"},{"@type":"ImageObject","@id":"https:\/\/innovexalgerie.com\/machines\/produit\/chariot-devidoir-porte-bobine-feuillard-metallique-g500\/#primaryimage","inLanguage":"fr-FR","url":"https:\/\/innovexalgerie.com\/machines\/wp-content\/uploads\/2021\/03\/Untitled-1-2.jpg","contentUrl":"https:\/\/innovexalgerie.com\/machines\/wp-content\/uploads\/2021\/03\/Untitled-1-2.jpg","width":1000,"height":1000,"caption":"porte feuillard G500 innovex machine"},{"@type":"WebPage","@id":"https:\/\/innovexalgerie.com\/machines\/produit\/chariot-devidoir-porte-bobine-feuillard-metallique-g500\/#webpage","url":"https:\/\/innovexalgerie.com\/machines\/produit\/chariot-devidoir-porte-bobine-feuillard-metallique-g500\/","name":"Chariot d\u00e9vidoir porte bobine feuillard m\u00e9tallique G500 - Innovex Machines | Innovex Algerie","isPartOf":{"@id":"https:\/\/innovexalgerie.com\/machines\/#website"},"primaryImageOfPage":{"@id":"https:\/\/innovexalgerie.com\/machines\/produit\/chariot-devidoir-porte-bobine-feuillard-metallique-g500\/#primaryimage"},"datePublished":"2021-03-24T19:50:24+00:00","dateModified":"2022-04-26T11:06:54+00:00","description":"Chariot d\u00e9vidoir porte bobine mobile pour feuillard en m\u00e9tal permet de d\u00e9rouler et cercler vos feuillards de mani\u00e8re tr\u00e8s simple.innovex","breadcrumb":{"@id":"https:\/\/innovexalgerie.com\/machines\/produit\/chariot-devidoir-porte-bobine-feuillard-metallique-g500\/#breadcrumb"},"inLanguage":"fr-FR","potentialAction":[{"@type":"ReadAction","target":["https:\/\/innovexalgerie.com\/machines\/produit\/chariot-devidoir-porte-bobine-feuillard-metallique-g500\/"]}]},{"@type":"BreadcrumbList","@id":"https:\/\/innovexalgerie.com\/machines\/produit\/chariot-devidoir-porte-bobine-feuillard-metallique-g500\/#breadcrumb","itemListElement":[{"@type":"ListItem","position":1,"name":"Accueil","item":"https:\/\/innovexalgerie.com\/machines\/"},{"@type":"ListItem","position":2,"name":"Produits","item":"https:\/\/innovexalgerie.com\/machines\/boutique\/"},{"@type":"ListItem","position":3,"name":"Chariot d\u00e9vidoir porte bobine feuillard m\u00e9tallique G500"}]}]}},"_links":{"self":[{"href":"https:\/\/innovexalgerie.com\/machines\/wp-json\/wp\/v2\/product\/850","targetHints":{"allow":["GET"]}}],"collection":[{"href":"https:\/\/innovexalgerie.com\/machines\/wp-json\/wp\/v2\/product"}],"about":[{"href":"https:\/\/innovexalgerie.com\/machines\/wp-json\/wp\/v2\/types\/product"}],"version-history":[{"count":11,"href":"https:\/\/innovexalgerie.com\/machines\/wp-json\/wp\/v2\/product\/850\/revisions"}],"predecessor-version":[{"id":28560,"href":"https:\/\/innovexalgerie.com\/machines\/wp-json\/wp\/v2\/product\/850\/revisions\/28560"}],"wp:featuredmedia":[{"embeddable":true,"href":"https:\/\/innovexalgerie.com\/machines\/wp-json\/wp\/v2\/media\/910"}],"wp:attachment":[{"href":"https:\/\/innovexalgerie.com\/machines\/wp-json\/wp\/v2\/media?parent=850"}],"wp:term":[{"taxonomy":"product_cat","embeddable":true,"href":"https:\/\/innovexalgerie.com\/machines\/wp-json\/wp\/v2\/product_cat?post=850"},{"taxonomy":"product_tag","embeddable":true,"href":"https:\/\/innovexalgerie.com\/machines\/wp-json\/wp\/v2\/product_tag?post=850"}],"curies":[{"name":"wp","href":"https:\/\/api.w.org\/{rel}","templated":true}]}}