{"id":86,"date":"2021-03-24T20:45:21","date_gmt":"2021-03-24T19:45:21","guid":{"rendered":"https:\/\/innovexalgerie.com\/machines2\/?post_type=product&#038;p=86"},"modified":"2022-04-21T11:15:57","modified_gmt":"2022-04-21T10:15:57","slug":"cercleuse-de-palettes-ys-t45","status":"publish","type":"product","link":"https:\/\/innovexalgerie.com\/machines\/produit\/cercleuse-de-palettes-ys-t45\/","title":{"rendered":"Cercleuse de palettes YS-T45"},"content":{"rendered":"<p>La cercleuse semi automatique pour palettes <strong>YS-T45<\/strong>\u00a0est con\u00e7ue pour le cerclage rapide et efficace des palettes. La machine est facilement transportable, le feuillard passe manuellement autour de la palette et est ensuite serr\u00e9 et soud\u00e9 par la machine de fa\u00e7on automatique. Convient parfaitement pour les palettes d\u2019une hauteur de 340 \u00e0 710mm.<\/p>\n<ul>\n<li>Usage simple et rapide.<\/li>\n<li>La machine se chauffe rapidement, elle est pr\u00eate \u00e0 l\u2019emploi en moins de 20 secondes.<\/li>\n<li>D\u00e9placement facile de la machine.<\/li>\n<li>Serrage \u00e9lectrique pour une meilleur tension de feuillard.<\/li>\n<li>Convient particulier rement aux palettes basses.<\/li>\n<li>Tension du feuillard ajustable par potentiom\u00e8tre.<\/li>\n<li>Roulettes avec freins souples et libres permettent un d\u00e9placement facile.<\/li>\n<li>Changement facile et rapide de bobine de feuillard.<\/li>\n<li>Bras pliable permet de gagner plus d\u2019espace.<\/li>\n<li>Machine conforme aux normes CE.<\/li>\n<\/ul>\n","protected":false},"excerpt":{"rendered":"<p>La cercleuse semi automatique pour palettes est con\u00e7ue pour le cerclage rapide et efficace des palettes, adaptable pour feuillard de 5 et 15 mm. Convient parfaitement pour les palettes d\u2019une hauteur 340 \u00e0 710mm.<\/p>\n<p><img loading=\"lazy\" decoding=\"async\" class=\"alignnone size-full wp-image-30214\" src=\"https:\/\/innovexalgerie.com\/machines\/wp-content\/uploads\/2021\/03\/icon-cercleuse-de-palettes-innovex-machine.jpg\" alt=\"icon-cercleuse-de-palettes-innovex-machine\" width=\"874\" height=\"196\" srcset=\"https:\/\/innovexalgerie.com\/machines\/wp-content\/uploads\/2021\/03\/icon-cercleuse-de-palettes-innovex-machine.jpg 874w, https:\/\/innovexalgerie.com\/machines\/wp-content\/uploads\/2021\/03\/icon-cercleuse-de-palettes-innovex-machine-300x67.jpg 300w, https:\/\/innovexalgerie.com\/machines\/wp-content\/uploads\/2021\/03\/icon-cercleuse-de-palettes-innovex-machine-768x172.jpg 768w, https:\/\/innovexalgerie.com\/machines\/wp-content\/uploads\/2021\/03\/icon-cercleuse-de-palettes-innovex-machine-600x135.jpg 600w\" sizes=\"auto, (max-width: 874px) 100vw, 874px\" \/><\/p>\n","protected":false},"featured_media":183,"template":"","meta":{"_monsterinsights_skip_tracking":false,"_monsterinsights_sitenote_active":false,"_monsterinsights_sitenote_note":"","_monsterinsights_sitenote_category":0},"product_cat":[245],"product_tag":[51,48],"class_list":["post-86","product","type-product","status-publish","has-post-thumbnail","hentry","product_cat-cercleuse","product_tag-cercleuse","product_tag-cercleuse-palette"],"yoast_head":"<!-- This site is optimized with the Yoast SEO Premium plugin v16.2 (Yoast SEO v16.7) - https:\/\/yoast.com\/wordpress\/plugins\/seo\/ -->\n<title>Cercleuse de palettes YS-T45 - Innovex Machines | Innovex Algerie<\/title>\n<meta name=\"description\" content=\"La cercleuse semi automatique pour palettes\u00a0est con\u00e7ue pour le cerclage rapide et efficace des palettes, adaptable pour feuillard 5 au 15 mm.\" \/>\n<meta name=\"robots\" content=\"index, follow, max-snippet:-1, max-image-preview:large, max-video-preview:-1\" \/>\n<link rel=\"canonical\" href=\"https:\/\/innovexalgerie.com\/machines\/produit\/cercleuse-de-palettes-ys-t45\/\" \/>\n<meta property=\"og:locale\" content=\"fr_FR\" \/>\n<meta property=\"og:type\" content=\"article\" \/>\n<meta property=\"og:title\" content=\"Cercleuse de palettes YS-T45 - Innovex Machines | Innovex Algerie\" \/>\n<meta property=\"og:description\" content=\"La cercleuse semi automatique pour palettes\u00a0est con\u00e7ue pour le cerclage rapide et efficace des palettes, adaptable pour feuillard 5 au 15 mm.\" \/>\n<meta property=\"og:url\" content=\"https:\/\/innovexalgerie.com\/machines\/produit\/cercleuse-de-palettes-ys-t45\/\" \/>\n<meta property=\"og:site_name\" content=\"Innovex Machines | Innovex Algerie\" \/>\n<meta property=\"article:publisher\" content=\"https:\/\/www.facebook.com\/innovexmachine1\" \/>\n<meta property=\"article:modified_time\" content=\"2022-04-21T10:15:57+00:00\" \/>\n<meta property=\"og:image\" content=\"https:\/\/innovexalgerie.com\/machines\/wp-content\/uploads\/2021\/03\/YS-T-45-L.jpg\" \/>\n\t<meta property=\"og:image:width\" content=\"1000\" \/>\n\t<meta property=\"og:image:height\" content=\"1000\" \/>\n<meta name=\"twitter:card\" content=\"summary_large_image\" \/>\n<meta name=\"twitter:label1\" content=\"Dur\u00e9e de lecture est.\" \/>\n\t<meta name=\"twitter:data1\" content=\"1 minute\" \/>\n<script type=\"application\/ld+json\" class=\"yoast-schema-graph\">{\"@context\":\"https:\/\/schema.org\",\"@graph\":[{\"@type\":\"WebSite\",\"@id\":\"https:\/\/innovexalgerie.com\/machines\/#website\",\"url\":\"https:\/\/innovexalgerie.com\/machines\/\",\"name\":\"Innovex Machines | Innovex Algerie\",\"description\":\"Fournisseur de machines d&#039;emballage et d&#039;imprimerie\",\"potentialAction\":[{\"@type\":\"SearchAction\",\"target\":{\"@type\":\"EntryPoint\",\"urlTemplate\":\"https:\/\/innovexalgerie.com\/machines\/?s={search_term_string}\"},\"query-input\":\"required name=search_term_string\"}],\"inLanguage\":\"fr-FR\"},{\"@type\":\"ImageObject\",\"@id\":\"https:\/\/innovexalgerie.com\/machines\/produit\/cercleuse-de-palettes-ys-t45\/#primaryimage\",\"inLanguage\":\"fr-FR\",\"url\":\"https:\/\/innovexalgerie.com\/machines\/wp-content\/uploads\/2021\/03\/YS-T-45-L.jpg\",\"contentUrl\":\"https:\/\/innovexalgerie.com\/machines\/wp-content\/uploads\/2021\/03\/YS-T-45-L.jpg\",\"width\":1000,\"height\":1000},{\"@type\":\"WebPage\",\"@id\":\"https:\/\/innovexalgerie.com\/machines\/produit\/cercleuse-de-palettes-ys-t45\/#webpage\",\"url\":\"https:\/\/innovexalgerie.com\/machines\/produit\/cercleuse-de-palettes-ys-t45\/\",\"name\":\"Cercleuse de palettes YS-T45 - Innovex Machines | Innovex Algerie\",\"isPartOf\":{\"@id\":\"https:\/\/innovexalgerie.com\/machines\/#website\"},\"primaryImageOfPage\":{\"@id\":\"https:\/\/innovexalgerie.com\/machines\/produit\/cercleuse-de-palettes-ys-t45\/#primaryimage\"},\"datePublished\":\"2021-03-24T19:45:21+00:00\",\"dateModified\":\"2022-04-21T10:15:57+00:00\",\"description\":\"La cercleuse semi automatique pour palettes\\u00a0est con\\u00e7ue pour le cerclage rapide et efficace des palettes, adaptable pour feuillard 5 au 15 mm.\",\"breadcrumb\":{\"@id\":\"https:\/\/innovexalgerie.com\/machines\/produit\/cercleuse-de-palettes-ys-t45\/#breadcrumb\"},\"inLanguage\":\"fr-FR\",\"potentialAction\":[{\"@type\":\"ReadAction\",\"target\":[\"https:\/\/innovexalgerie.com\/machines\/produit\/cercleuse-de-palettes-ys-t45\/\"]}]},{\"@type\":\"BreadcrumbList\",\"@id\":\"https:\/\/innovexalgerie.com\/machines\/produit\/cercleuse-de-palettes-ys-t45\/#breadcrumb\",\"itemListElement\":[{\"@type\":\"ListItem\",\"position\":1,\"name\":\"Accueil\",\"item\":\"https:\/\/innovexalgerie.com\/machines\/\"},{\"@type\":\"ListItem\",\"position\":2,\"name\":\"Produits\",\"item\":\"https:\/\/innovexalgerie.com\/machines\/boutique\/\"},{\"@type\":\"ListItem\",\"position\":3,\"name\":\"Cercleuse de palettes YS-T45\"}]}]}<\/script>\n<!-- \/ Yoast SEO Premium plugin. -->","yoast_head_json":{"title":"Cercleuse de palettes YS-T45 - Innovex Machines | Innovex Algerie","description":"La cercleuse semi automatique pour palettes\u00a0est con\u00e7ue pour le cerclage rapide et efficace des palettes, adaptable pour feuillard 5 au 15 mm.","robots":{"index":"index","follow":"follow","max-snippet":"max-snippet:-1","max-image-preview":"max-image-preview:large","max-video-preview":"max-video-preview:-1"},"canonical":"https:\/\/innovexalgerie.com\/machines\/produit\/cercleuse-de-palettes-ys-t45\/","og_locale":"fr_FR","og_type":"article","og_title":"Cercleuse de palettes YS-T45 - Innovex Machines | Innovex Algerie","og_description":"La cercleuse semi automatique pour palettes\u00a0est con\u00e7ue pour le cerclage rapide et efficace des palettes, adaptable pour feuillard 5 au 15 mm.","og_url":"https:\/\/innovexalgerie.com\/machines\/produit\/cercleuse-de-palettes-ys-t45\/","og_site_name":"Innovex Machines | Innovex Algerie","article_publisher":"https:\/\/www.facebook.com\/innovexmachine1","article_modified_time":"2022-04-21T10:15:57+00:00","og_image":[{"width":1000,"height":1000,"url":"https:\/\/innovexalgerie.com\/machines\/wp-content\/uploads\/2021\/03\/YS-T-45-L.jpg","path":"\/home\/inovex\/public_html\/machines\/wp-content\/uploads\/2021\/03\/YS-T-45-L.jpg","size":"full","id":183,"alt":"","pixels":1000000,"type":"image\/jpeg"}],"twitter_card":"summary_large_image","twitter_misc":{"Dur\u00e9e de lecture est.":"1 minute"},"schema":{"@context":"https:\/\/schema.org","@graph":[{"@type":"WebSite","@id":"https:\/\/innovexalgerie.com\/machines\/#website","url":"https:\/\/innovexalgerie.com\/machines\/","name":"Innovex Machines | Innovex Algerie","description":"Fournisseur de machines d&#039;emballage et d&#039;imprimerie","potentialAction":[{"@type":"SearchAction","target":{"@type":"EntryPoint","urlTemplate":"https:\/\/innovexalgerie.com\/machines\/?s={search_term_string}"},"query-input":"required name=search_term_string"}],"inLanguage":"fr-FR"},{"@type":"ImageObject","@id":"https:\/\/innovexalgerie.com\/machines\/produit\/cercleuse-de-palettes-ys-t45\/#primaryimage","inLanguage":"fr-FR","url":"https:\/\/innovexalgerie.com\/machines\/wp-content\/uploads\/2021\/03\/YS-T-45-L.jpg","contentUrl":"https:\/\/innovexalgerie.com\/machines\/wp-content\/uploads\/2021\/03\/YS-T-45-L.jpg","width":1000,"height":1000},{"@type":"WebPage","@id":"https:\/\/innovexalgerie.com\/machines\/produit\/cercleuse-de-palettes-ys-t45\/#webpage","url":"https:\/\/innovexalgerie.com\/machines\/produit\/cercleuse-de-palettes-ys-t45\/","name":"Cercleuse de palettes YS-T45 - Innovex Machines | Innovex Algerie","isPartOf":{"@id":"https:\/\/innovexalgerie.com\/machines\/#website"},"primaryImageOfPage":{"@id":"https:\/\/innovexalgerie.com\/machines\/produit\/cercleuse-de-palettes-ys-t45\/#primaryimage"},"datePublished":"2021-03-24T19:45:21+00:00","dateModified":"2022-04-21T10:15:57+00:00","description":"La cercleuse semi automatique pour palettes\u00a0est con\u00e7ue pour le cerclage rapide et efficace des palettes, adaptable pour feuillard 5 au 15 mm.","breadcrumb":{"@id":"https:\/\/innovexalgerie.com\/machines\/produit\/cercleuse-de-palettes-ys-t45\/#breadcrumb"},"inLanguage":"fr-FR","potentialAction":[{"@type":"ReadAction","target":["https:\/\/innovexalgerie.com\/machines\/produit\/cercleuse-de-palettes-ys-t45\/"]}]},{"@type":"BreadcrumbList","@id":"https:\/\/innovexalgerie.com\/machines\/produit\/cercleuse-de-palettes-ys-t45\/#breadcrumb","itemListElement":[{"@type":"ListItem","position":1,"name":"Accueil","item":"https:\/\/innovexalgerie.com\/machines\/"},{"@type":"ListItem","position":2,"name":"Produits","item":"https:\/\/innovexalgerie.com\/machines\/boutique\/"},{"@type":"ListItem","position":3,"name":"Cercleuse de palettes YS-T45"}]}]}},"_links":{"self":[{"href":"https:\/\/innovexalgerie.com\/machines\/wp-json\/wp\/v2\/product\/86","targetHints":{"allow":["GET"]}}],"collection":[{"href":"https:\/\/innovexalgerie.com\/machines\/wp-json\/wp\/v2\/product"}],"about":[{"href":"https:\/\/innovexalgerie.com\/machines\/wp-json\/wp\/v2\/types\/product"}],"version-history":[{"count":5,"href":"https:\/\/innovexalgerie.com\/machines\/wp-json\/wp\/v2\/product\/86\/revisions"}],"predecessor-version":[{"id":30217,"href":"https:\/\/innovexalgerie.com\/machines\/wp-json\/wp\/v2\/product\/86\/revisions\/30217"}],"wp:featuredmedia":[{"embeddable":true,"href":"https:\/\/innovexalgerie.com\/machines\/wp-json\/wp\/v2\/media\/183"}],"wp:attachment":[{"href":"https:\/\/innovexalgerie.com\/machines\/wp-json\/wp\/v2\/media?parent=86"}],"wp:term":[{"taxonomy":"product_cat","embeddable":true,"href":"https:\/\/innovexalgerie.com\/machines\/wp-json\/wp\/v2\/product_cat?post=86"},{"taxonomy":"product_tag","embeddable":true,"href":"https:\/\/innovexalgerie.com\/machines\/wp-json\/wp\/v2\/product_tag?post=86"}],"curies":[{"name":"wp","href":"https:\/\/api.w.org\/{rel}","templated":true}]}}