{"id":88,"date":"2021-03-24T20:45:21","date_gmt":"2021-03-24T19:45:21","guid":{"rendered":"https:\/\/innovexalgerie.com\/machines2\/?post_type=product&#038;p=88"},"modified":"2025-05-13T10:00:51","modified_gmt":"2025-05-13T09:00:51","slug":"fermeuse-de-caisse-semi-automatique-scotcheuse-max","status":"publish","type":"product","link":"https:\/\/innovexalgerie.com\/machines\/produit\/fermeuse-de-caisse-semi-automatique-scotcheuse-max\/","title":{"rendered":"Fermeuse de caisse semi-automatique (scotcheuse) MAX"},"content":{"rendered":"<p>La Fermeuse de caisse semi-automatique (scotcheuse) <strong>MAX<\/strong> utilise du ruban adh\u00e9sif pour sceller la partie inf\u00e9rieure et sup\u00e9rieure des caisses am\u00e9ricaines, de format fixe. \u00e9quip\u00e9e deux moteurs DC, et des courroies en bas lat\u00e9raux sp\u00e9ciale pour les caisses l\u00e9g\u00e8res avec une moyenne cadence.<\/p>\n<ul>\n<li>Sp\u00e9ciale pour l\u00e9g\u00e8res, petites et moyennes caisses.<\/li>\n<li>Deux courroies d\u2019entrainement lat\u00e9rales.<\/li>\n<li>Convoyeurs \u00e0 rouleaux en aluminium adapt\u00e9 pour des caisses l\u00e9g\u00e8res.<\/li>\n<li>R\u00e9glage facile en hauteur et largeur de carton.<\/li>\n<li>Pieds r\u00e9glables en hauteur.<\/li>\n<li>Table aux rouleaux en acier inoxydable mont\u00e9e sur pieds r\u00e9glables en hauteur.<\/li>\n<li>Tension de la bande adh\u00e9sif r\u00e9glable.<\/li>\n<li>Pieds r\u00e9glables en hauteur.<\/li>\n<li>\u00c9conomie d&rsquo;\u00e9nergie avec arr\u00eat temporis\u00e9 de l&rsquo;entra\u00eenement en fin d\u2019enrubannage.<\/li>\n<li>Guides lat\u00e9raux sym\u00e9triques r\u00e9glables manuellement.<\/li>\n<li>2 t\u00eates d\u2019enrubannage inf\u00e9rieure et sup\u00e9rieure largeur adh\u00e9sif 50 mm.<\/li>\n<li>Machine conforme aux normes CE.<\/li>\n<\/ul>\n<div style=\"width: 640px;\" class=\"wp-video\"><video class=\"wp-video-shortcode\" id=\"video-88-1\" width=\"640\" height=\"360\" preload=\"metadata\" controls=\"controls\"><source type=\"video\/mp4\" src=\"https:\/\/innovexalgerie.com\/machines\/wp-content\/uploads\/2021\/03\/scotcheuse-semi-automatique-max.mp4?_=1\" \/><a href=\"https:\/\/innovexalgerie.com\/machines\/wp-content\/uploads\/2021\/03\/scotcheuse-semi-automatique-max.mp4\">https:\/\/innovexalgerie.com\/machines\/wp-content\/uploads\/2021\/03\/scotcheuse-semi-automatique-max.mp4<\/a><\/video><\/div>\n","protected":false},"excerpt":{"rendered":"<p>La scotcheuse semi automatique MAX utilise du ruban adh\u00e9sif pour sceller la partie inf\u00e9rieure et sup\u00e9rieure des caisses am\u00e9ricaines de poids l\u00e9g\u00e8res et de format fixe. <img loading=\"lazy\" decoding=\"async\" class=\"alignnone size-full wp-image-30466\" src=\"https:\/\/innovexalgerie.com\/machines\/wp-content\/uploads\/2021\/03\/icon-scotcheuse-max-inoovex-machine.jpg\" alt=\"icon-scotcheuse-max---inoovex-machine\" width=\"856\" height=\"196\" srcset=\"https:\/\/innovexalgerie.com\/machines\/wp-content\/uploads\/2021\/03\/icon-scotcheuse-max-inoovex-machine.jpg 856w, https:\/\/innovexalgerie.com\/machines\/wp-content\/uploads\/2021\/03\/icon-scotcheuse-max-inoovex-machine-300x69.jpg 300w, https:\/\/innovexalgerie.com\/machines\/wp-content\/uploads\/2021\/03\/icon-scotcheuse-max-inoovex-machine-768x176.jpg 768w, https:\/\/innovexalgerie.com\/machines\/wp-content\/uploads\/2021\/03\/icon-scotcheuse-max-inoovex-machine-600x137.jpg 600w\" sizes=\"auto, (max-width: 856px) 100vw, 856px\" \/><\/p>\n","protected":false},"featured_media":202,"template":"","meta":{"_monsterinsights_skip_tracking":false,"_monsterinsights_sitenote_active":false,"_monsterinsights_sitenote_note":"","_monsterinsights_sitenote_category":0},"product_cat":[55],"product_tag":[56,57,58,59],"class_list":["post-88","product","type-product","status-publish","has-post-thumbnail","hentry","product_cat-scotcheuses","product_tag-bande-adhesive","product_tag-carton-sealer","product_tag-fermeuse","product_tag-scotcheuse"],"yoast_head":"<!-- This site is optimized with the Yoast SEO Premium plugin v16.2 (Yoast SEO v16.7) - https:\/\/yoast.com\/wordpress\/plugins\/seo\/ -->\n<title>Fermeuse de caisse semi-automatique (scotcheuse) MAX - Innovex Machines | Innovex Algerie<\/title>\n<meta name=\"description\" content=\"La scotcheuse semi automatique MAX utilise du ruban adh\u00e9sif pour sceller la partie inf\u00e9rieure et sup\u00e9rieure des caisses am\u00e9ricaines, innovex\" \/>\n<meta name=\"robots\" content=\"index, follow, max-snippet:-1, max-image-preview:large, max-video-preview:-1\" \/>\n<link rel=\"canonical\" href=\"https:\/\/innovexalgerie.com\/machines\/produit\/fermeuse-de-caisse-semi-automatique-scotcheuse-max\/\" \/>\n<meta property=\"og:locale\" content=\"fr_FR\" \/>\n<meta property=\"og:type\" content=\"article\" \/>\n<meta property=\"og:title\" content=\"Fermeuse de caisse semi-automatique (scotcheuse) MAX - Innovex Machines | Innovex Algerie\" \/>\n<meta property=\"og:description\" content=\"La scotcheuse semi automatique MAX utilise du ruban adh\u00e9sif pour sceller la partie inf\u00e9rieure et sup\u00e9rieure des caisses am\u00e9ricaines, innovex\" \/>\n<meta property=\"og:url\" content=\"https:\/\/innovexalgerie.com\/machines\/produit\/fermeuse-de-caisse-semi-automatique-scotcheuse-max\/\" \/>\n<meta property=\"og:site_name\" content=\"Innovex Machines | Innovex Algerie\" \/>\n<meta property=\"article:publisher\" content=\"https:\/\/www.facebook.com\/innovexmachine1\" \/>\n<meta property=\"article:modified_time\" content=\"2025-05-13T09:00:51+00:00\" \/>\n<meta property=\"og:image\" content=\"https:\/\/innovexalgerie.com\/machines\/wp-content\/uploads\/2021\/03\/scotcheuse-Max.jpg\" \/>\n\t<meta property=\"og:image:width\" content=\"1000\" \/>\n\t<meta property=\"og:image:height\" content=\"1000\" \/>\n<meta name=\"twitter:card\" content=\"summary_large_image\" \/>\n<meta name=\"twitter:label1\" content=\"Dur\u00e9e de lecture est.\" \/>\n\t<meta name=\"twitter:data1\" content=\"1 minute\" \/>\n<script type=\"application\/ld+json\" class=\"yoast-schema-graph\">{\"@context\":\"https:\/\/schema.org\",\"@graph\":[{\"@type\":\"WebSite\",\"@id\":\"https:\/\/innovexalgerie.com\/machines\/#website\",\"url\":\"https:\/\/innovexalgerie.com\/machines\/\",\"name\":\"Innovex Machines | Innovex Algerie\",\"description\":\"Fournisseur de machines d&#039;emballage et d&#039;imprimerie\",\"potentialAction\":[{\"@type\":\"SearchAction\",\"target\":{\"@type\":\"EntryPoint\",\"urlTemplate\":\"https:\/\/innovexalgerie.com\/machines\/?s={search_term_string}\"},\"query-input\":\"required name=search_term_string\"}],\"inLanguage\":\"fr-FR\"},{\"@type\":\"ImageObject\",\"@id\":\"https:\/\/innovexalgerie.com\/machines\/produit\/fermeuse-de-caisse-semi-automatique-scotcheuse-max\/#primaryimage\",\"inLanguage\":\"fr-FR\",\"url\":\"https:\/\/innovexalgerie.com\/machines\/wp-content\/uploads\/2021\/03\/scotcheuse-Max.jpg\",\"contentUrl\":\"https:\/\/innovexalgerie.com\/machines\/wp-content\/uploads\/2021\/03\/scotcheuse-Max.jpg\",\"width\":1000,\"height\":1000},{\"@type\":\"WebPage\",\"@id\":\"https:\/\/innovexalgerie.com\/machines\/produit\/fermeuse-de-caisse-semi-automatique-scotcheuse-max\/#webpage\",\"url\":\"https:\/\/innovexalgerie.com\/machines\/produit\/fermeuse-de-caisse-semi-automatique-scotcheuse-max\/\",\"name\":\"Fermeuse de caisse semi-automatique (scotcheuse) MAX - Innovex Machines | Innovex Algerie\",\"isPartOf\":{\"@id\":\"https:\/\/innovexalgerie.com\/machines\/#website\"},\"primaryImageOfPage\":{\"@id\":\"https:\/\/innovexalgerie.com\/machines\/produit\/fermeuse-de-caisse-semi-automatique-scotcheuse-max\/#primaryimage\"},\"datePublished\":\"2021-03-24T19:45:21+00:00\",\"dateModified\":\"2025-05-13T09:00:51+00:00\",\"description\":\"La scotcheuse semi automatique MAX utilise du ruban adh\\u00e9sif pour sceller la partie inf\\u00e9rieure et sup\\u00e9rieure des caisses am\\u00e9ricaines, innovex\",\"breadcrumb\":{\"@id\":\"https:\/\/innovexalgerie.com\/machines\/produit\/fermeuse-de-caisse-semi-automatique-scotcheuse-max\/#breadcrumb\"},\"inLanguage\":\"fr-FR\",\"potentialAction\":[{\"@type\":\"ReadAction\",\"target\":[\"https:\/\/innovexalgerie.com\/machines\/produit\/fermeuse-de-caisse-semi-automatique-scotcheuse-max\/\"]}]},{\"@type\":\"BreadcrumbList\",\"@id\":\"https:\/\/innovexalgerie.com\/machines\/produit\/fermeuse-de-caisse-semi-automatique-scotcheuse-max\/#breadcrumb\",\"itemListElement\":[{\"@type\":\"ListItem\",\"position\":1,\"name\":\"Accueil\",\"item\":\"https:\/\/innovexalgerie.com\/machines\/\"},{\"@type\":\"ListItem\",\"position\":2,\"name\":\"Produits\",\"item\":\"https:\/\/innovexalgerie.com\/machines\/boutique\/\"},{\"@type\":\"ListItem\",\"position\":3,\"name\":\"Fermeuse de caisse semi-automatique (scotcheuse) MAX\"}]}]}<\/script>\n<!-- \/ Yoast SEO Premium plugin. -->","yoast_head_json":{"title":"Fermeuse de caisse semi-automatique (scotcheuse) MAX - Innovex Machines | Innovex Algerie","description":"La scotcheuse semi automatique MAX utilise du ruban adh\u00e9sif pour sceller la partie inf\u00e9rieure et sup\u00e9rieure des caisses am\u00e9ricaines, innovex","robots":{"index":"index","follow":"follow","max-snippet":"max-snippet:-1","max-image-preview":"max-image-preview:large","max-video-preview":"max-video-preview:-1"},"canonical":"https:\/\/innovexalgerie.com\/machines\/produit\/fermeuse-de-caisse-semi-automatique-scotcheuse-max\/","og_locale":"fr_FR","og_type":"article","og_title":"Fermeuse de caisse semi-automatique (scotcheuse) MAX - Innovex Machines | Innovex Algerie","og_description":"La scotcheuse semi automatique MAX utilise du ruban adh\u00e9sif pour sceller la partie inf\u00e9rieure et sup\u00e9rieure des caisses am\u00e9ricaines, innovex","og_url":"https:\/\/innovexalgerie.com\/machines\/produit\/fermeuse-de-caisse-semi-automatique-scotcheuse-max\/","og_site_name":"Innovex Machines | Innovex Algerie","article_publisher":"https:\/\/www.facebook.com\/innovexmachine1","article_modified_time":"2025-05-13T09:00:51+00:00","og_image":[{"width":1000,"height":1000,"url":"https:\/\/innovexalgerie.com\/machines\/wp-content\/uploads\/2021\/03\/scotcheuse-Max.jpg","path":"\/home\/inovex\/public_html\/machines\/wp-content\/uploads\/2021\/03\/scotcheuse-Max.jpg","size":"full","id":202,"alt":"","pixels":1000000,"type":"image\/jpeg"}],"twitter_card":"summary_large_image","twitter_misc":{"Dur\u00e9e de lecture est.":"1 minute"},"schema":{"@context":"https:\/\/schema.org","@graph":[{"@type":"WebSite","@id":"https:\/\/innovexalgerie.com\/machines\/#website","url":"https:\/\/innovexalgerie.com\/machines\/","name":"Innovex Machines | Innovex Algerie","description":"Fournisseur de machines d&#039;emballage et d&#039;imprimerie","potentialAction":[{"@type":"SearchAction","target":{"@type":"EntryPoint","urlTemplate":"https:\/\/innovexalgerie.com\/machines\/?s={search_term_string}"},"query-input":"required name=search_term_string"}],"inLanguage":"fr-FR"},{"@type":"ImageObject","@id":"https:\/\/innovexalgerie.com\/machines\/produit\/fermeuse-de-caisse-semi-automatique-scotcheuse-max\/#primaryimage","inLanguage":"fr-FR","url":"https:\/\/innovexalgerie.com\/machines\/wp-content\/uploads\/2021\/03\/scotcheuse-Max.jpg","contentUrl":"https:\/\/innovexalgerie.com\/machines\/wp-content\/uploads\/2021\/03\/scotcheuse-Max.jpg","width":1000,"height":1000},{"@type":"WebPage","@id":"https:\/\/innovexalgerie.com\/machines\/produit\/fermeuse-de-caisse-semi-automatique-scotcheuse-max\/#webpage","url":"https:\/\/innovexalgerie.com\/machines\/produit\/fermeuse-de-caisse-semi-automatique-scotcheuse-max\/","name":"Fermeuse de caisse semi-automatique (scotcheuse) MAX - Innovex Machines | Innovex Algerie","isPartOf":{"@id":"https:\/\/innovexalgerie.com\/machines\/#website"},"primaryImageOfPage":{"@id":"https:\/\/innovexalgerie.com\/machines\/produit\/fermeuse-de-caisse-semi-automatique-scotcheuse-max\/#primaryimage"},"datePublished":"2021-03-24T19:45:21+00:00","dateModified":"2025-05-13T09:00:51+00:00","description":"La scotcheuse semi automatique MAX utilise du ruban adh\u00e9sif pour sceller la partie inf\u00e9rieure et sup\u00e9rieure des caisses am\u00e9ricaines, innovex","breadcrumb":{"@id":"https:\/\/innovexalgerie.com\/machines\/produit\/fermeuse-de-caisse-semi-automatique-scotcheuse-max\/#breadcrumb"},"inLanguage":"fr-FR","potentialAction":[{"@type":"ReadAction","target":["https:\/\/innovexalgerie.com\/machines\/produit\/fermeuse-de-caisse-semi-automatique-scotcheuse-max\/"]}]},{"@type":"BreadcrumbList","@id":"https:\/\/innovexalgerie.com\/machines\/produit\/fermeuse-de-caisse-semi-automatique-scotcheuse-max\/#breadcrumb","itemListElement":[{"@type":"ListItem","position":1,"name":"Accueil","item":"https:\/\/innovexalgerie.com\/machines\/"},{"@type":"ListItem","position":2,"name":"Produits","item":"https:\/\/innovexalgerie.com\/machines\/boutique\/"},{"@type":"ListItem","position":3,"name":"Fermeuse de caisse semi-automatique (scotcheuse) MAX"}]}]}},"_links":{"self":[{"href":"https:\/\/innovexalgerie.com\/machines\/wp-json\/wp\/v2\/product\/88","targetHints":{"allow":["GET"]}}],"collection":[{"href":"https:\/\/innovexalgerie.com\/machines\/wp-json\/wp\/v2\/product"}],"about":[{"href":"https:\/\/innovexalgerie.com\/machines\/wp-json\/wp\/v2\/types\/product"}],"version-history":[{"count":13,"href":"https:\/\/innovexalgerie.com\/machines\/wp-json\/wp\/v2\/product\/88\/revisions"}],"predecessor-version":[{"id":33300,"href":"https:\/\/innovexalgerie.com\/machines\/wp-json\/wp\/v2\/product\/88\/revisions\/33300"}],"wp:featuredmedia":[{"embeddable":true,"href":"https:\/\/innovexalgerie.com\/machines\/wp-json\/wp\/v2\/media\/202"}],"wp:attachment":[{"href":"https:\/\/innovexalgerie.com\/machines\/wp-json\/wp\/v2\/media?parent=88"}],"wp:term":[{"taxonomy":"product_cat","embeddable":true,"href":"https:\/\/innovexalgerie.com\/machines\/wp-json\/wp\/v2\/product_cat?post=88"},{"taxonomy":"product_tag","embeddable":true,"href":"https:\/\/innovexalgerie.com\/machines\/wp-json\/wp\/v2\/product_tag?post=88"}],"curies":[{"name":"wp","href":"https:\/\/api.w.org\/{rel}","templated":true}]}}