{"id":891,"date":"2021-03-24T20:50:47","date_gmt":"2021-03-24T19:50:47","guid":{"rendered":"https:\/\/innovexalgerie.com\/machines2\/?post_type=product&#038;p=891"},"modified":"2022-06-22T12:19:19","modified_gmt":"2022-06-22T11:19:19","slug":"soudeuse-de-sac-electrique-a-pedale-pfs-450t","status":"publish","type":"product","link":"https:\/\/innovexalgerie.com\/machines\/produit\/soudeuse-de-sac-electrique-a-pedale-pfs-450t\/","title":{"rendered":"Soudeuse de sac \u00e9lectrique \u00e0 p\u00e9dale PFS-450T"},"content":{"rendered":"<p>Soudeuse de sac \u00e9lectrique \u00e0 p\u00e9dale <strong>PFS-450T<\/strong> assure la fermeture des sacs de polypropyl\u00e8ne, de cellophane, de poly\u00e9thyl\u00e8ne, et de toutes les mati\u00e8res thermo-soudable, avec un syst\u00e8me de soudage par ceintures PTFE en horizontal avec possibilit\u00e9 de r\u00e9glage de temp\u00e9rature. Elle permet une soudure simple et efficace gr\u00e2ce \u00e0 sa barre de soudure \u00e9lectrique qui est manipul\u00e9e par la p\u00e9dale.<\/p>\n<ul>\n<li>Une machine id\u00e9ale pour les petites et moyennes productions.<\/li>\n<li>Structure durable en acier id\u00e9al pour diff\u00e9rentes genres des produits non alimentaires.<\/li>\n<li>La machine peut \u00eatre utiliser en position horizontale.<\/li>\n<li>Contr\u00f4le de temp\u00e9rature\u00a0num\u00e9rique.<\/li>\n<li>Adapt\u00e9e pour tout type de sac th\u00e9rmo-soudable en plastique, aluminium, papier couch\u00e9&#8230;.<\/li>\n<li>Descente de la barre de soudure \u00e9lectrique manuellement.<\/li>\n<li>Dur\u00e9e de la soudure r\u00e9glable.<\/li>\n<li>Structure solide et durable.<\/li>\n<li>Machine conforme aux normes CE.<\/li>\n<\/ul>\n<p>&nbsp;<\/p>\n<div style=\"width: 800px;\" class=\"wp-video\"><video class=\"wp-video-shortcode\" id=\"video-891-1\" width=\"800\" height=\"450\" preload=\"metadata\" controls=\"controls\"><source type=\"video\/mp4\" src=\"https:\/\/innovexalgerie.com\/machines\/wp-content\/uploads\/2021\/03\/Soudeuse-a\u0300-impulsion-automatique-_-WN-600A-_-Automatic-impulse-sealer.mp4?_=1\" \/><a href=\"https:\/\/innovexalgerie.com\/machines\/wp-content\/uploads\/2021\/03\/Soudeuse-a\u0300-impulsion-automatique-_-WN-600A-_-Automatic-impulse-sealer.mp4\">https:\/\/innovexalgerie.com\/machines\/wp-content\/uploads\/2021\/03\/Soudeuse-a\u0300-impulsion-automatique-_-WN-600A-_-Automatic-impulse-sealer.mp4<\/a><\/video><\/div>\n","protected":false},"excerpt":{"rendered":"<p>Soudeuse de sac \u00e9lectrique \u00e0 p\u00e9dale pour des sacs thermosoudable, elle fait le scellage sur sacs en plastique et aluminium PVC, PP, PE jusqu\u2019\u00e0 45cm de largeur.<img loading=\"lazy\" decoding=\"async\" class=\"alignnone size-full wp-image-30816\" src=\"https:\/\/innovexalgerie.com\/machines\/wp-content\/uploads\/2021\/03\/icon-pfs450t.jpg\" alt=\"icon-pfs450t\" width=\"913\" height=\"217\" srcset=\"https:\/\/innovexalgerie.com\/machines\/wp-content\/uploads\/2021\/03\/icon-pfs450t.jpg 913w, https:\/\/innovexalgerie.com\/machines\/wp-content\/uploads\/2021\/03\/icon-pfs450t-300x71.jpg 300w, https:\/\/innovexalgerie.com\/machines\/wp-content\/uploads\/2021\/03\/icon-pfs450t-768x183.jpg 768w, https:\/\/innovexalgerie.com\/machines\/wp-content\/uploads\/2021\/03\/icon-pfs450t-600x143.jpg 600w\" sizes=\"auto, (max-width: 913px) 100vw, 913px\" \/><\/p>\n","protected":false},"featured_media":918,"template":"","meta":{"_monsterinsights_skip_tracking":false,"_monsterinsights_sitenote_active":false,"_monsterinsights_sitenote_note":"","_monsterinsights_sitenote_category":0},"product_cat":[66,221],"product_tag":[67,68,44,69],"class_list":["post-891","product","type-product","status-publish","has-post-thumbnail","hentry","product_cat-soudeuses","product_cat-soudeuses-a-pedale","product_tag-dateur","product_tag-dateuse","product_tag-soudeuse","product_tag-soudeuse-contenue"],"yoast_head":"<!-- This site is optimized with the Yoast SEO Premium plugin v16.2 (Yoast SEO v16.7) - https:\/\/yoast.com\/wordpress\/plugins\/seo\/ -->\n<title>Soudeuse de sac \u00e9lectrique \u00e0 p\u00e9dale PFS-450T - Innovex Machines | Innovex Algerie<\/title>\n<meta name=\"description\" content=\"Soudeuse des sacs manuelle \u00e0 impulsion pfs-450\u00a0assure la soudure des sacs en plastique possibilit\u00e9 de r\u00e9glage de temp\u00e9rature.\" \/>\n<meta name=\"robots\" content=\"index, follow, max-snippet:-1, max-image-preview:large, max-video-preview:-1\" \/>\n<link rel=\"canonical\" href=\"https:\/\/innovexalgerie.com\/machines\/produit\/soudeuse-de-sac-electrique-a-pedale-pfs-450t\/\" \/>\n<meta property=\"og:locale\" content=\"fr_FR\" \/>\n<meta property=\"og:type\" content=\"article\" \/>\n<meta property=\"og:title\" content=\"Soudeuse de sac \u00e9lectrique \u00e0 p\u00e9dale PFS-450T - Innovex Machines | Innovex Algerie\" \/>\n<meta property=\"og:description\" content=\"Soudeuse des sacs manuelle \u00e0 impulsion pfs-450\u00a0assure la soudure des sacs en plastique possibilit\u00e9 de r\u00e9glage de temp\u00e9rature.\" \/>\n<meta property=\"og:url\" content=\"https:\/\/innovexalgerie.com\/machines\/produit\/soudeuse-de-sac-electrique-a-pedale-pfs-450t\/\" \/>\n<meta property=\"og:site_name\" content=\"Innovex Machines | Innovex Algerie\" \/>\n<meta property=\"article:publisher\" content=\"https:\/\/www.facebook.com\/innovexmachine1\" \/>\n<meta property=\"article:modified_time\" content=\"2022-06-22T11:19:19+00:00\" \/>\n<meta property=\"og:image\" content=\"https:\/\/innovexalgerie.com\/machines\/wp-content\/uploads\/2021\/03\/soudeuse-KSA-450.jpg\" \/>\n\t<meta property=\"og:image:width\" content=\"640\" \/>\n\t<meta property=\"og:image:height\" content=\"640\" \/>\n<meta name=\"twitter:card\" content=\"summary_large_image\" \/>\n<meta name=\"twitter:label1\" content=\"Dur\u00e9e de lecture est.\" \/>\n\t<meta name=\"twitter:data1\" content=\"1 minute\" \/>\n<script type=\"application\/ld+json\" class=\"yoast-schema-graph\">{\"@context\":\"https:\/\/schema.org\",\"@graph\":[{\"@type\":\"WebSite\",\"@id\":\"https:\/\/innovexalgerie.com\/machines\/#website\",\"url\":\"https:\/\/innovexalgerie.com\/machines\/\",\"name\":\"Innovex Machines | Innovex Algerie\",\"description\":\"Fournisseur de machines d&#039;emballage et d&#039;imprimerie\",\"potentialAction\":[{\"@type\":\"SearchAction\",\"target\":{\"@type\":\"EntryPoint\",\"urlTemplate\":\"https:\/\/innovexalgerie.com\/machines\/?s={search_term_string}\"},\"query-input\":\"required name=search_term_string\"}],\"inLanguage\":\"fr-FR\"},{\"@type\":\"ImageObject\",\"@id\":\"https:\/\/innovexalgerie.com\/machines\/produit\/soudeuse-de-sac-electrique-a-pedale-pfs-450t\/#primaryimage\",\"inLanguage\":\"fr-FR\",\"url\":\"https:\/\/innovexalgerie.com\/machines\/wp-content\/uploads\/2021\/03\/soudeuse-KSA-450.jpg\",\"contentUrl\":\"https:\/\/innovexalgerie.com\/machines\/wp-content\/uploads\/2021\/03\/soudeuse-KSA-450.jpg\",\"width\":640,\"height\":640,\"caption\":\"soudeuse KSA-450\"},{\"@type\":\"WebPage\",\"@id\":\"https:\/\/innovexalgerie.com\/machines\/produit\/soudeuse-de-sac-electrique-a-pedale-pfs-450t\/#webpage\",\"url\":\"https:\/\/innovexalgerie.com\/machines\/produit\/soudeuse-de-sac-electrique-a-pedale-pfs-450t\/\",\"name\":\"Soudeuse de sac \\u00e9lectrique \\u00e0 p\\u00e9dale PFS-450T - Innovex Machines | Innovex Algerie\",\"isPartOf\":{\"@id\":\"https:\/\/innovexalgerie.com\/machines\/#website\"},\"primaryImageOfPage\":{\"@id\":\"https:\/\/innovexalgerie.com\/machines\/produit\/soudeuse-de-sac-electrique-a-pedale-pfs-450t\/#primaryimage\"},\"datePublished\":\"2021-03-24T19:50:47+00:00\",\"dateModified\":\"2022-06-22T11:19:19+00:00\",\"description\":\"Soudeuse des sacs manuelle \\u00e0 impulsion pfs-450\\u00a0assure la soudure des sacs en plastique possibilit\\u00e9 de r\\u00e9glage de temp\\u00e9rature.\",\"breadcrumb\":{\"@id\":\"https:\/\/innovexalgerie.com\/machines\/produit\/soudeuse-de-sac-electrique-a-pedale-pfs-450t\/#breadcrumb\"},\"inLanguage\":\"fr-FR\",\"potentialAction\":[{\"@type\":\"ReadAction\",\"target\":[\"https:\/\/innovexalgerie.com\/machines\/produit\/soudeuse-de-sac-electrique-a-pedale-pfs-450t\/\"]}]},{\"@type\":\"BreadcrumbList\",\"@id\":\"https:\/\/innovexalgerie.com\/machines\/produit\/soudeuse-de-sac-electrique-a-pedale-pfs-450t\/#breadcrumb\",\"itemListElement\":[{\"@type\":\"ListItem\",\"position\":1,\"name\":\"Accueil\",\"item\":\"https:\/\/innovexalgerie.com\/machines\/\"},{\"@type\":\"ListItem\",\"position\":2,\"name\":\"Produits\",\"item\":\"https:\/\/innovexalgerie.com\/machines\/boutique\/\"},{\"@type\":\"ListItem\",\"position\":3,\"name\":\"Soudeuse de sac \\u00e9lectrique \\u00e0 p\\u00e9dale PFS-450T\"}]}]}<\/script>\n<!-- \/ Yoast SEO Premium plugin. -->","yoast_head_json":{"title":"Soudeuse de sac \u00e9lectrique \u00e0 p\u00e9dale PFS-450T - Innovex Machines | Innovex Algerie","description":"Soudeuse des sacs manuelle \u00e0 impulsion pfs-450\u00a0assure la soudure des sacs en plastique possibilit\u00e9 de r\u00e9glage de temp\u00e9rature.","robots":{"index":"index","follow":"follow","max-snippet":"max-snippet:-1","max-image-preview":"max-image-preview:large","max-video-preview":"max-video-preview:-1"},"canonical":"https:\/\/innovexalgerie.com\/machines\/produit\/soudeuse-de-sac-electrique-a-pedale-pfs-450t\/","og_locale":"fr_FR","og_type":"article","og_title":"Soudeuse de sac \u00e9lectrique \u00e0 p\u00e9dale PFS-450T - Innovex Machines | Innovex Algerie","og_description":"Soudeuse des sacs manuelle \u00e0 impulsion pfs-450\u00a0assure la soudure des sacs en plastique possibilit\u00e9 de r\u00e9glage de temp\u00e9rature.","og_url":"https:\/\/innovexalgerie.com\/machines\/produit\/soudeuse-de-sac-electrique-a-pedale-pfs-450t\/","og_site_name":"Innovex Machines | Innovex Algerie","article_publisher":"https:\/\/www.facebook.com\/innovexmachine1","article_modified_time":"2022-06-22T11:19:19+00:00","og_image":[{"width":640,"height":640,"url":"https:\/\/innovexalgerie.com\/machines\/wp-content\/uploads\/2021\/03\/soudeuse-KSA-450.jpg","path":"\/home\/inovex\/public_html\/machines\/wp-content\/uploads\/2021\/03\/soudeuse-KSA-450.jpg","size":"full","id":918,"alt":"soudeuse KSA-450","pixels":409600,"type":"image\/jpeg"}],"twitter_card":"summary_large_image","twitter_misc":{"Dur\u00e9e de lecture est.":"1 minute"},"schema":{"@context":"https:\/\/schema.org","@graph":[{"@type":"WebSite","@id":"https:\/\/innovexalgerie.com\/machines\/#website","url":"https:\/\/innovexalgerie.com\/machines\/","name":"Innovex Machines | Innovex Algerie","description":"Fournisseur de machines d&#039;emballage et d&#039;imprimerie","potentialAction":[{"@type":"SearchAction","target":{"@type":"EntryPoint","urlTemplate":"https:\/\/innovexalgerie.com\/machines\/?s={search_term_string}"},"query-input":"required name=search_term_string"}],"inLanguage":"fr-FR"},{"@type":"ImageObject","@id":"https:\/\/innovexalgerie.com\/machines\/produit\/soudeuse-de-sac-electrique-a-pedale-pfs-450t\/#primaryimage","inLanguage":"fr-FR","url":"https:\/\/innovexalgerie.com\/machines\/wp-content\/uploads\/2021\/03\/soudeuse-KSA-450.jpg","contentUrl":"https:\/\/innovexalgerie.com\/machines\/wp-content\/uploads\/2021\/03\/soudeuse-KSA-450.jpg","width":640,"height":640,"caption":"soudeuse KSA-450"},{"@type":"WebPage","@id":"https:\/\/innovexalgerie.com\/machines\/produit\/soudeuse-de-sac-electrique-a-pedale-pfs-450t\/#webpage","url":"https:\/\/innovexalgerie.com\/machines\/produit\/soudeuse-de-sac-electrique-a-pedale-pfs-450t\/","name":"Soudeuse de sac \u00e9lectrique \u00e0 p\u00e9dale PFS-450T - Innovex Machines | Innovex Algerie","isPartOf":{"@id":"https:\/\/innovexalgerie.com\/machines\/#website"},"primaryImageOfPage":{"@id":"https:\/\/innovexalgerie.com\/machines\/produit\/soudeuse-de-sac-electrique-a-pedale-pfs-450t\/#primaryimage"},"datePublished":"2021-03-24T19:50:47+00:00","dateModified":"2022-06-22T11:19:19+00:00","description":"Soudeuse des sacs manuelle \u00e0 impulsion pfs-450\u00a0assure la soudure des sacs en plastique possibilit\u00e9 de r\u00e9glage de temp\u00e9rature.","breadcrumb":{"@id":"https:\/\/innovexalgerie.com\/machines\/produit\/soudeuse-de-sac-electrique-a-pedale-pfs-450t\/#breadcrumb"},"inLanguage":"fr-FR","potentialAction":[{"@type":"ReadAction","target":["https:\/\/innovexalgerie.com\/machines\/produit\/soudeuse-de-sac-electrique-a-pedale-pfs-450t\/"]}]},{"@type":"BreadcrumbList","@id":"https:\/\/innovexalgerie.com\/machines\/produit\/soudeuse-de-sac-electrique-a-pedale-pfs-450t\/#breadcrumb","itemListElement":[{"@type":"ListItem","position":1,"name":"Accueil","item":"https:\/\/innovexalgerie.com\/machines\/"},{"@type":"ListItem","position":2,"name":"Produits","item":"https:\/\/innovexalgerie.com\/machines\/boutique\/"},{"@type":"ListItem","position":3,"name":"Soudeuse de sac \u00e9lectrique \u00e0 p\u00e9dale PFS-450T"}]}]}},"_links":{"self":[{"href":"https:\/\/innovexalgerie.com\/machines\/wp-json\/wp\/v2\/product\/891","targetHints":{"allow":["GET"]}}],"collection":[{"href":"https:\/\/innovexalgerie.com\/machines\/wp-json\/wp\/v2\/product"}],"about":[{"href":"https:\/\/innovexalgerie.com\/machines\/wp-json\/wp\/v2\/types\/product"}],"version-history":[{"count":8,"href":"https:\/\/innovexalgerie.com\/machines\/wp-json\/wp\/v2\/product\/891\/revisions"}],"predecessor-version":[{"id":30819,"href":"https:\/\/innovexalgerie.com\/machines\/wp-json\/wp\/v2\/product\/891\/revisions\/30819"}],"wp:featuredmedia":[{"embeddable":true,"href":"https:\/\/innovexalgerie.com\/machines\/wp-json\/wp\/v2\/media\/918"}],"wp:attachment":[{"href":"https:\/\/innovexalgerie.com\/machines\/wp-json\/wp\/v2\/media?parent=891"}],"wp:term":[{"taxonomy":"product_cat","embeddable":true,"href":"https:\/\/innovexalgerie.com\/machines\/wp-json\/wp\/v2\/product_cat?post=891"},{"taxonomy":"product_tag","embeddable":true,"href":"https:\/\/innovexalgerie.com\/machines\/wp-json\/wp\/v2\/product_tag?post=891"}],"curies":[{"name":"wp","href":"https:\/\/api.w.org\/{rel}","templated":true}]}}