{"id":892,"date":"2021-03-24T20:50:48","date_gmt":"2021-03-24T19:50:48","guid":{"rendered":"https:\/\/innovexalgerie.com\/machines2\/?post_type=product&#038;p=892"},"modified":"2022-04-27T13:18:15","modified_gmt":"2022-04-27T12:18:15","slug":"dateur-rotatif-large-en-inox-my-380f-w","status":"publish","type":"product","link":"https:\/\/innovexalgerie.com\/machines\/produit\/dateur-rotatif-large-en-inox-my-380f-w\/","title":{"rendered":"Dateur rotatif large en inox MY-380F\/W"},"content":{"rendered":"<p>Dateur rotatif <strong>MY-380F\/W<\/strong> \u00e0 encre solide structure en inox il fonctionne automatiquement avec le contr\u00f4le de la vitesse et l&#8217;emplacement de codage, muni d&rsquo;une table large adapt\u00e9e \u00e0 l&rsquo;impression sur papier, carton mince, film plastique et papier d&rsquo;aluminium. L&rsquo;impression se fait par ruban \u00e0 encre solide, caract\u00e9ris\u00e9 par une haute d\u00e9finition de l&rsquo;impression.<br \/>\nL&rsquo;impression et le s\u00e9chage sont instantan\u00e9s; les diverses couleurs sont s\u00e9lectionnables et ont une forte adh\u00e9rence.<\/p>\n<ul>\n<li>Machine enti\u00e8rement en acier inoxydable.<\/li>\n<li>Contr\u00f4le facile de la temp\u00e9rature par un simple potentiom\u00e8tre.<\/li>\n<li>Compteur des objets imprim\u00e9s digitale programmable.<\/li>\n<li>Position d\u2019impression r\u00e9glable.<\/li>\n<li>Travaillez efficacement et automatiquement \u00e0 grand vitesse, jusqu\u2019\u00e0 300pcs par minute.<\/li>\n<li>Epaisseur de l\u2019objet et force d\u2019impression sont r\u00e9glables.<\/li>\n<li>La comptage automatique.<\/li>\n<li>le contr\u00f4le automatique de la temp\u00e9rature.<\/li>\n<\/ul>\n<p>&nbsp;<\/p>\n<div style=\"width: 800px;\" class=\"wp-video\"><video class=\"wp-video-shortcode\" id=\"video-892-1\" width=\"800\" height=\"450\" preload=\"metadata\" controls=\"controls\"><source type=\"video\/mp4\" src=\"https:\/\/innovexalgerie.com\/machines\/wp-content\/uploads\/2021\/03\/Dateur-continue-MY-380F.mp4?_=1\" \/><a href=\"https:\/\/innovexalgerie.com\/machines\/wp-content\/uploads\/2021\/03\/Dateur-continue-MY-380F.mp4\">https:\/\/innovexalgerie.com\/machines\/wp-content\/uploads\/2021\/03\/Dateur-continue-MY-380F.mp4<\/a><\/video><\/div>\n<p>&nbsp;<\/p>\n","protected":false},"excerpt":{"rendered":"<p>Dateur rotatif \u00e0 encre solide structure en inox il fonctionne automatiquement avec le contr\u00f4le de la vitesse et l&#8217;emplacement de codage, muni d&rsquo;une table large adapt\u00e9e \u00e0 l&rsquo;impression.<\/p>\n<p><img loading=\"lazy\" decoding=\"async\" class=\"alignnone size-full wp-image-30272\" src=\"https:\/\/innovexalgerie.com\/machines\/wp-content\/uploads\/2021\/03\/icon-dateur-en-continu-my-382-innovex-machine.jpg\" alt=\"icon-dateur-en-continu-my-382-innovex-machine\" width=\"856\" height=\"196\" srcset=\"https:\/\/innovexalgerie.com\/machines\/wp-content\/uploads\/2021\/03\/icon-dateur-en-continu-my-382-innovex-machine.jpg 856w, https:\/\/innovexalgerie.com\/machines\/wp-content\/uploads\/2021\/03\/icon-dateur-en-continu-my-382-innovex-machine-300x69.jpg 300w, https:\/\/innovexalgerie.com\/machines\/wp-content\/uploads\/2021\/03\/icon-dateur-en-continu-my-382-innovex-machine-768x176.jpg 768w, https:\/\/innovexalgerie.com\/machines\/wp-content\/uploads\/2021\/03\/icon-dateur-en-continu-my-382-innovex-machine-600x137.jpg 600w\" sizes=\"auto, (max-width: 856px) 100vw, 856px\" \/><\/p>\n","protected":false},"featured_media":921,"template":"","meta":{"_monsterinsights_skip_tracking":false,"_monsterinsights_sitenote_active":false,"_monsterinsights_sitenote_note":"","_monsterinsights_sitenote_category":0},"product_cat":[231],"product_tag":[193,67,68],"class_list":["post-892","product","type-product","status-publish","has-post-thumbnail","hentry","product_cat-dateurs","product_tag-coding-machine","product_tag-dateur","product_tag-dateuse"],"yoast_head":"<!-- This site is optimized with the Yoast SEO Premium plugin v16.2 (Yoast SEO v16.7) - https:\/\/yoast.com\/wordpress\/plugins\/seo\/ -->\n<title>Dateur rotatif large en inox MY-380F\/W - Innovex Machines | Innovex Algerie<\/title>\n<meta name=\"description\" content=\"Dateur rotatif \u00e0 encre solide structure en inox il fonctionne automatiquement avec le contr\u00f4le de la vitesse et l&#039;emplacement de codage.\" \/>\n<meta name=\"robots\" content=\"index, follow, max-snippet:-1, max-image-preview:large, max-video-preview:-1\" \/>\n<link rel=\"canonical\" href=\"https:\/\/innovexalgerie.com\/machines\/produit\/dateur-rotatif-large-en-inox-my-380f-w\/\" \/>\n<meta property=\"og:locale\" content=\"fr_FR\" \/>\n<meta property=\"og:type\" content=\"article\" \/>\n<meta property=\"og:title\" content=\"Dateur rotatif large en inox MY-380F\/W - Innovex Machines | Innovex Algerie\" \/>\n<meta property=\"og:description\" content=\"Dateur rotatif \u00e0 encre solide structure en inox il fonctionne automatiquement avec le contr\u00f4le de la vitesse et l&#039;emplacement de codage.\" \/>\n<meta property=\"og:url\" content=\"https:\/\/innovexalgerie.com\/machines\/produit\/dateur-rotatif-large-en-inox-my-380f-w\/\" \/>\n<meta property=\"og:site_name\" content=\"Innovex Machines | Innovex Algerie\" \/>\n<meta property=\"article:publisher\" content=\"https:\/\/www.facebook.com\/innovexmachine1\" \/>\n<meta property=\"article:modified_time\" content=\"2022-04-27T12:18:15+00:00\" \/>\n<meta property=\"og:image\" content=\"https:\/\/innovexalgerie.com\/machines\/wp-content\/uploads\/2021\/03\/Dateur-a\u0300-encre-solide-MY-380FW.jpg\" \/>\n\t<meta property=\"og:image:width\" content=\"1000\" \/>\n\t<meta property=\"og:image:height\" content=\"1000\" \/>\n<meta name=\"twitter:card\" content=\"summary_large_image\" \/>\n<meta name=\"twitter:label1\" content=\"Dur\u00e9e de lecture est.\" \/>\n\t<meta name=\"twitter:data1\" content=\"1 minute\" \/>\n<script type=\"application\/ld+json\" class=\"yoast-schema-graph\">{\"@context\":\"https:\/\/schema.org\",\"@graph\":[{\"@type\":\"WebSite\",\"@id\":\"https:\/\/innovexalgerie.com\/machines\/#website\",\"url\":\"https:\/\/innovexalgerie.com\/machines\/\",\"name\":\"Innovex Machines | Innovex Algerie\",\"description\":\"Fournisseur de machines d&#039;emballage et d&#039;imprimerie\",\"potentialAction\":[{\"@type\":\"SearchAction\",\"target\":{\"@type\":\"EntryPoint\",\"urlTemplate\":\"https:\/\/innovexalgerie.com\/machines\/?s={search_term_string}\"},\"query-input\":\"required name=search_term_string\"}],\"inLanguage\":\"fr-FR\"},{\"@type\":\"ImageObject\",\"@id\":\"https:\/\/innovexalgerie.com\/machines\/produit\/dateur-rotatif-large-en-inox-my-380f-w\/#primaryimage\",\"inLanguage\":\"fr-FR\",\"url\":\"https:\/\/innovexalgerie.com\/machines\/wp-content\/uploads\/2021\/03\/Dateur-a\\u0300-encre-solide-MY-380FW.jpg\",\"contentUrl\":\"https:\/\/innovexalgerie.com\/machines\/wp-content\/uploads\/2021\/03\/Dateur-a\\u0300-encre-solide-MY-380FW.jpg\",\"width\":1000,\"height\":1000},{\"@type\":\"WebPage\",\"@id\":\"https:\/\/innovexalgerie.com\/machines\/produit\/dateur-rotatif-large-en-inox-my-380f-w\/#webpage\",\"url\":\"https:\/\/innovexalgerie.com\/machines\/produit\/dateur-rotatif-large-en-inox-my-380f-w\/\",\"name\":\"Dateur rotatif large en inox MY-380F\/W - Innovex Machines | Innovex Algerie\",\"isPartOf\":{\"@id\":\"https:\/\/innovexalgerie.com\/machines\/#website\"},\"primaryImageOfPage\":{\"@id\":\"https:\/\/innovexalgerie.com\/machines\/produit\/dateur-rotatif-large-en-inox-my-380f-w\/#primaryimage\"},\"datePublished\":\"2021-03-24T19:50:48+00:00\",\"dateModified\":\"2022-04-27T12:18:15+00:00\",\"description\":\"Dateur rotatif \\u00e0 encre solide structure en inox il fonctionne automatiquement avec le contr\\u00f4le de la vitesse et l'emplacement de codage.\",\"breadcrumb\":{\"@id\":\"https:\/\/innovexalgerie.com\/machines\/produit\/dateur-rotatif-large-en-inox-my-380f-w\/#breadcrumb\"},\"inLanguage\":\"fr-FR\",\"potentialAction\":[{\"@type\":\"ReadAction\",\"target\":[\"https:\/\/innovexalgerie.com\/machines\/produit\/dateur-rotatif-large-en-inox-my-380f-w\/\"]}]},{\"@type\":\"BreadcrumbList\",\"@id\":\"https:\/\/innovexalgerie.com\/machines\/produit\/dateur-rotatif-large-en-inox-my-380f-w\/#breadcrumb\",\"itemListElement\":[{\"@type\":\"ListItem\",\"position\":1,\"name\":\"Accueil\",\"item\":\"https:\/\/innovexalgerie.com\/machines\/\"},{\"@type\":\"ListItem\",\"position\":2,\"name\":\"Produits\",\"item\":\"https:\/\/innovexalgerie.com\/machines\/boutique\/\"},{\"@type\":\"ListItem\",\"position\":3,\"name\":\"Dateur rotatif large en inox MY-380F\/W\"}]}]}<\/script>\n<!-- \/ Yoast SEO Premium plugin. -->","yoast_head_json":{"title":"Dateur rotatif large en inox MY-380F\/W - Innovex Machines | Innovex Algerie","description":"Dateur rotatif \u00e0 encre solide structure en inox il fonctionne automatiquement avec le contr\u00f4le de la vitesse et l'emplacement de codage.","robots":{"index":"index","follow":"follow","max-snippet":"max-snippet:-1","max-image-preview":"max-image-preview:large","max-video-preview":"max-video-preview:-1"},"canonical":"https:\/\/innovexalgerie.com\/machines\/produit\/dateur-rotatif-large-en-inox-my-380f-w\/","og_locale":"fr_FR","og_type":"article","og_title":"Dateur rotatif large en inox MY-380F\/W - Innovex Machines | Innovex Algerie","og_description":"Dateur rotatif \u00e0 encre solide structure en inox il fonctionne automatiquement avec le contr\u00f4le de la vitesse et l'emplacement de codage.","og_url":"https:\/\/innovexalgerie.com\/machines\/produit\/dateur-rotatif-large-en-inox-my-380f-w\/","og_site_name":"Innovex Machines | Innovex Algerie","article_publisher":"https:\/\/www.facebook.com\/innovexmachine1","article_modified_time":"2022-04-27T12:18:15+00:00","og_image":[{"width":1000,"height":1000,"url":"https:\/\/innovexalgerie.com\/machines\/wp-content\/uploads\/2021\/03\/Dateur-a\u0300-encre-solide-MY-380FW.jpg","path":"\/home\/inovex\/public_html\/machines\/wp-content\/uploads\/2021\/03\/Dateur-a\u0300-encre-solide-MY-380FW.jpg","size":"full","id":921,"alt":"","pixels":1000000,"type":"image\/jpeg"}],"twitter_card":"summary_large_image","twitter_misc":{"Dur\u00e9e de lecture est.":"1 minute"},"schema":{"@context":"https:\/\/schema.org","@graph":[{"@type":"WebSite","@id":"https:\/\/innovexalgerie.com\/machines\/#website","url":"https:\/\/innovexalgerie.com\/machines\/","name":"Innovex Machines | Innovex Algerie","description":"Fournisseur de machines d&#039;emballage et d&#039;imprimerie","potentialAction":[{"@type":"SearchAction","target":{"@type":"EntryPoint","urlTemplate":"https:\/\/innovexalgerie.com\/machines\/?s={search_term_string}"},"query-input":"required name=search_term_string"}],"inLanguage":"fr-FR"},{"@type":"ImageObject","@id":"https:\/\/innovexalgerie.com\/machines\/produit\/dateur-rotatif-large-en-inox-my-380f-w\/#primaryimage","inLanguage":"fr-FR","url":"https:\/\/innovexalgerie.com\/machines\/wp-content\/uploads\/2021\/03\/Dateur-a\u0300-encre-solide-MY-380FW.jpg","contentUrl":"https:\/\/innovexalgerie.com\/machines\/wp-content\/uploads\/2021\/03\/Dateur-a\u0300-encre-solide-MY-380FW.jpg","width":1000,"height":1000},{"@type":"WebPage","@id":"https:\/\/innovexalgerie.com\/machines\/produit\/dateur-rotatif-large-en-inox-my-380f-w\/#webpage","url":"https:\/\/innovexalgerie.com\/machines\/produit\/dateur-rotatif-large-en-inox-my-380f-w\/","name":"Dateur rotatif large en inox MY-380F\/W - Innovex Machines | Innovex Algerie","isPartOf":{"@id":"https:\/\/innovexalgerie.com\/machines\/#website"},"primaryImageOfPage":{"@id":"https:\/\/innovexalgerie.com\/machines\/produit\/dateur-rotatif-large-en-inox-my-380f-w\/#primaryimage"},"datePublished":"2021-03-24T19:50:48+00:00","dateModified":"2022-04-27T12:18:15+00:00","description":"Dateur rotatif \u00e0 encre solide structure en inox il fonctionne automatiquement avec le contr\u00f4le de la vitesse et l'emplacement de codage.","breadcrumb":{"@id":"https:\/\/innovexalgerie.com\/machines\/produit\/dateur-rotatif-large-en-inox-my-380f-w\/#breadcrumb"},"inLanguage":"fr-FR","potentialAction":[{"@type":"ReadAction","target":["https:\/\/innovexalgerie.com\/machines\/produit\/dateur-rotatif-large-en-inox-my-380f-w\/"]}]},{"@type":"BreadcrumbList","@id":"https:\/\/innovexalgerie.com\/machines\/produit\/dateur-rotatif-large-en-inox-my-380f-w\/#breadcrumb","itemListElement":[{"@type":"ListItem","position":1,"name":"Accueil","item":"https:\/\/innovexalgerie.com\/machines\/"},{"@type":"ListItem","position":2,"name":"Produits","item":"https:\/\/innovexalgerie.com\/machines\/boutique\/"},{"@type":"ListItem","position":3,"name":"Dateur rotatif large en inox MY-380F\/W"}]}]}},"_links":{"self":[{"href":"https:\/\/innovexalgerie.com\/machines\/wp-json\/wp\/v2\/product\/892","targetHints":{"allow":["GET"]}}],"collection":[{"href":"https:\/\/innovexalgerie.com\/machines\/wp-json\/wp\/v2\/product"}],"about":[{"href":"https:\/\/innovexalgerie.com\/machines\/wp-json\/wp\/v2\/types\/product"}],"version-history":[{"count":10,"href":"https:\/\/innovexalgerie.com\/machines\/wp-json\/wp\/v2\/product\/892\/revisions"}],"predecessor-version":[{"id":30275,"href":"https:\/\/innovexalgerie.com\/machines\/wp-json\/wp\/v2\/product\/892\/revisions\/30275"}],"wp:featuredmedia":[{"embeddable":true,"href":"https:\/\/innovexalgerie.com\/machines\/wp-json\/wp\/v2\/media\/921"}],"wp:attachment":[{"href":"https:\/\/innovexalgerie.com\/machines\/wp-json\/wp\/v2\/media?parent=892"}],"wp:term":[{"taxonomy":"product_cat","embeddable":true,"href":"https:\/\/innovexalgerie.com\/machines\/wp-json\/wp\/v2\/product_cat?post=892"},{"taxonomy":"product_tag","embeddable":true,"href":"https:\/\/innovexalgerie.com\/machines\/wp-json\/wp\/v2\/product_tag?post=892"}],"curies":[{"name":"wp","href":"https:\/\/api.w.org\/{rel}","templated":true}]}}