{"id":894,"date":"2021-03-24T20:50:48","date_gmt":"2021-03-24T19:50:48","guid":{"rendered":"https:\/\/innovexalgerie.com\/machines2\/?post_type=product&#038;p=894"},"modified":"2022-05-07T11:23:20","modified_gmt":"2022-05-07T10:23:20","slug":"cellophaneuse-boites-type-enveloppe-acw88","status":"publish","type":"product","link":"https:\/\/innovexalgerie.com\/machines\/produit\/cellophaneuse-boites-type-enveloppe-acw88\/","title":{"rendered":"Cellophaneuse boites type enveloppe ACW88"},"content":{"rendered":"<p>La cellophaneuse boites type enveloppe <strong>ACW-88<\/strong> utilise des films fins OPP et BOPP pour emballer une large gamme de boites. Elle r\u00e9alise l&rsquo;agencement, l&#8217;emballage, la fermeture thermique et la finition d\u2019emballage des boites.<\/p>\n<ul>\n<li>Cette machine est \u00e9quip\u00e9e d\u2019un syst\u00e8me de collage du ruban d\u2019ouvert-facile ( bande de d\u00e9chirure ) sur la boite pour faciliter l\u2019ouverture.<\/li>\n<li>C&rsquo;est\u00a0la meilleure solution pour une meilleure pr\u00e9sentation de vos boites de luxe comme les parfums.<\/li>\n<li>La machine est de petite taille, ne prend pas beaucoup de place et peut \u00eatre plac\u00e9e sur une table et facile \u00e0 utiliser.<\/li>\n<li>Soudage et fermeture de bo\u00eetes en style enveloppe.<\/li>\n<li>Option du ruban tear- off.<\/li>\n<li>S\u00e9curit\u00e9 et ergonomie optimis\u00e9s<\/li>\n<li>Lame de coupe film r\u00e9tractable.<\/li>\n<\/ul>\n<p>&nbsp;<\/p>\n","protected":false},"excerpt":{"rendered":"<p>La cellophaneuse boites type enveloppe elle r\u00e9alise l&rsquo;agencement, l&#8217;emballage, la fermeture thermique et la finition d\u2019emballage des boites pour une meilleure pr\u00e9sentation de vos boites de luxe comme les parfums.<\/p>\n<p><img loading=\"lazy\" decoding=\"async\" class=\"alignnone size-full wp-image-30300\" src=\"https:\/\/innovexalgerie.com\/machines\/wp-content\/uploads\/2021\/03\/icon-machine-cellophaneuse-des-boites-acw-88-innovex-machine.jpg\" alt=\"icon-machine-cellophaneuse-des-boites-acw-88 innovex machine\" width=\"863\" height=\"196\" srcset=\"https:\/\/innovexalgerie.com\/machines\/wp-content\/uploads\/2021\/03\/icon-machine-cellophaneuse-des-boites-acw-88-innovex-machine.jpg 863w, https:\/\/innovexalgerie.com\/machines\/wp-content\/uploads\/2021\/03\/icon-machine-cellophaneuse-des-boites-acw-88-innovex-machine-300x68.jpg 300w, https:\/\/innovexalgerie.com\/machines\/wp-content\/uploads\/2021\/03\/icon-machine-cellophaneuse-des-boites-acw-88-innovex-machine-768x174.jpg 768w, https:\/\/innovexalgerie.com\/machines\/wp-content\/uploads\/2021\/03\/icon-machine-cellophaneuse-des-boites-acw-88-innovex-machine-600x136.jpg 600w\" sizes=\"auto, (max-width: 863px) 100vw, 863px\" \/><\/p>\n","protected":false},"featured_media":927,"template":"","meta":{"_monsterinsights_skip_tracking":false,"_monsterinsights_sitenote_active":false,"_monsterinsights_sitenote_note":"","_monsterinsights_sitenote_category":0},"product_cat":[252],"product_tag":[30,37,24,194,31,38,39,40],"class_list":["post-894","product","type-product","status-publish","has-post-thumbnail","hentry","product_cat-cellophaneuse-boite","product_tag-cellophaneuse","product_tag-conditionneuse","product_tag-emballage","product_tag-enveloppe","product_tag-fardeleuse","product_tag-fardeleuse-a-cloche","product_tag-fardeleuse-multifonctions","product_tag-filmeuse"],"yoast_head":"<!-- This site is optimized with the Yoast SEO Premium plugin v16.2 (Yoast SEO v16.7) - https:\/\/yoast.com\/wordpress\/plugins\/seo\/ -->\n<title>Cellophaneuse boites type enveloppe ACW88 - Innovex Machines | Innovex Algerie<\/title>\n<meta name=\"description\" content=\"La cellophaneuse boites type enveloppe est la meilleure solution pour une meilleure pr\u00e9sentation de vos boites de luxe comme les parfums.\" \/>\n<meta name=\"robots\" content=\"index, follow, max-snippet:-1, max-image-preview:large, max-video-preview:-1\" \/>\n<link rel=\"canonical\" href=\"https:\/\/innovexalgerie.com\/machines\/produit\/cellophaneuse-boites-type-enveloppe-acw88\/\" \/>\n<meta property=\"og:locale\" content=\"fr_FR\" \/>\n<meta property=\"og:type\" content=\"article\" \/>\n<meta property=\"og:title\" content=\"Cellophaneuse boites type enveloppe ACW88 - Innovex Machines | Innovex Algerie\" \/>\n<meta property=\"og:description\" content=\"La cellophaneuse boites type enveloppe est la meilleure solution pour une meilleure pr\u00e9sentation de vos boites de luxe comme les parfums.\" \/>\n<meta property=\"og:url\" content=\"https:\/\/innovexalgerie.com\/machines\/produit\/cellophaneuse-boites-type-enveloppe-acw88\/\" \/>\n<meta property=\"og:site_name\" content=\"Innovex Machines | Innovex Algerie\" \/>\n<meta property=\"article:publisher\" content=\"https:\/\/www.facebook.com\/innovexmachine1\" \/>\n<meta property=\"article:modified_time\" content=\"2022-05-07T10:23:20+00:00\" \/>\n<meta property=\"og:image\" content=\"https:\/\/innovexalgerie.com\/machines\/wp-content\/uploads\/2017\/02\/4255.jpg\" \/>\n\t<meta property=\"og:image:width\" content=\"1000\" \/>\n\t<meta property=\"og:image:height\" content=\"1000\" \/>\n<meta name=\"twitter:card\" content=\"summary_large_image\" \/>\n<meta name=\"twitter:label1\" content=\"Dur\u00e9e de lecture est.\" \/>\n\t<meta name=\"twitter:data1\" content=\"1 minute\" \/>\n<script type=\"application\/ld+json\" class=\"yoast-schema-graph\">{\"@context\":\"https:\/\/schema.org\",\"@graph\":[{\"@type\":\"WebSite\",\"@id\":\"https:\/\/innovexalgerie.com\/machines\/#website\",\"url\":\"https:\/\/innovexalgerie.com\/machines\/\",\"name\":\"Innovex Machines | Innovex Algerie\",\"description\":\"Fournisseur de machines d&#039;emballage et d&#039;imprimerie\",\"potentialAction\":[{\"@type\":\"SearchAction\",\"target\":{\"@type\":\"EntryPoint\",\"urlTemplate\":\"https:\/\/innovexalgerie.com\/machines\/?s={search_term_string}\"},\"query-input\":\"required name=search_term_string\"}],\"inLanguage\":\"fr-FR\"},{\"@type\":\"ImageObject\",\"@id\":\"https:\/\/innovexalgerie.com\/machines\/produit\/cellophaneuse-boites-type-enveloppe-acw88\/#primaryimage\",\"inLanguage\":\"fr-FR\",\"url\":\"https:\/\/innovexalgerie.com\/machines\/wp-content\/uploads\/2017\/02\/4255.jpg\",\"contentUrl\":\"https:\/\/innovexalgerie.com\/machines\/wp-content\/uploads\/2017\/02\/4255.jpg\",\"width\":1000,\"height\":1000,\"caption\":\"fardeleuse \\u00e0 cloche filmeuse innovex, conditionneuse, cellophaneuse, shrink wrapping machine, alger\"},{\"@type\":\"WebPage\",\"@id\":\"https:\/\/innovexalgerie.com\/machines\/produit\/cellophaneuse-boites-type-enveloppe-acw88\/#webpage\",\"url\":\"https:\/\/innovexalgerie.com\/machines\/produit\/cellophaneuse-boites-type-enveloppe-acw88\/\",\"name\":\"Cellophaneuse boites type enveloppe ACW88 - Innovex Machines | Innovex Algerie\",\"isPartOf\":{\"@id\":\"https:\/\/innovexalgerie.com\/machines\/#website\"},\"primaryImageOfPage\":{\"@id\":\"https:\/\/innovexalgerie.com\/machines\/produit\/cellophaneuse-boites-type-enveloppe-acw88\/#primaryimage\"},\"datePublished\":\"2021-03-24T19:50:48+00:00\",\"dateModified\":\"2022-05-07T10:23:20+00:00\",\"description\":\"La cellophaneuse boites type enveloppe est la meilleure solution pour une meilleure pr\\u00e9sentation de vos boites de luxe comme les parfums.\",\"breadcrumb\":{\"@id\":\"https:\/\/innovexalgerie.com\/machines\/produit\/cellophaneuse-boites-type-enveloppe-acw88\/#breadcrumb\"},\"inLanguage\":\"fr-FR\",\"potentialAction\":[{\"@type\":\"ReadAction\",\"target\":[\"https:\/\/innovexalgerie.com\/machines\/produit\/cellophaneuse-boites-type-enveloppe-acw88\/\"]}]},{\"@type\":\"BreadcrumbList\",\"@id\":\"https:\/\/innovexalgerie.com\/machines\/produit\/cellophaneuse-boites-type-enveloppe-acw88\/#breadcrumb\",\"itemListElement\":[{\"@type\":\"ListItem\",\"position\":1,\"name\":\"Accueil\",\"item\":\"https:\/\/innovexalgerie.com\/machines\/\"},{\"@type\":\"ListItem\",\"position\":2,\"name\":\"Produits\",\"item\":\"https:\/\/innovexalgerie.com\/machines\/boutique\/\"},{\"@type\":\"ListItem\",\"position\":3,\"name\":\"Cellophaneuse boites type enveloppe ACW88\"}]}]}<\/script>\n<!-- \/ Yoast SEO Premium plugin. -->","yoast_head_json":{"title":"Cellophaneuse boites type enveloppe ACW88 - Innovex Machines | Innovex Algerie","description":"La cellophaneuse boites type enveloppe est la meilleure solution pour une meilleure pr\u00e9sentation de vos boites de luxe comme les parfums.","robots":{"index":"index","follow":"follow","max-snippet":"max-snippet:-1","max-image-preview":"max-image-preview:large","max-video-preview":"max-video-preview:-1"},"canonical":"https:\/\/innovexalgerie.com\/machines\/produit\/cellophaneuse-boites-type-enveloppe-acw88\/","og_locale":"fr_FR","og_type":"article","og_title":"Cellophaneuse boites type enveloppe ACW88 - Innovex Machines | Innovex Algerie","og_description":"La cellophaneuse boites type enveloppe est la meilleure solution pour une meilleure pr\u00e9sentation de vos boites de luxe comme les parfums.","og_url":"https:\/\/innovexalgerie.com\/machines\/produit\/cellophaneuse-boites-type-enveloppe-acw88\/","og_site_name":"Innovex Machines | Innovex Algerie","article_publisher":"https:\/\/www.facebook.com\/innovexmachine1","article_modified_time":"2022-05-07T10:23:20+00:00","og_image":[{"width":1000,"height":1000,"url":"https:\/\/innovexalgerie.com\/machines\/wp-content\/uploads\/2017\/02\/4255.jpg","path":"\/home\/inovex\/public_html\/machines\/wp-content\/uploads\/2017\/02\/4255.jpg","size":"full","id":"25963","alt":"fardeleuse \u00e0 cloche filmeuse innovex, conditionneuse, cellophaneuse, shrink wrapping machine, alger","pixels":1000000,"type":"image\/jpeg"}],"twitter_card":"summary_large_image","twitter_misc":{"Dur\u00e9e de lecture est.":"1 minute"},"schema":{"@context":"https:\/\/schema.org","@graph":[{"@type":"WebSite","@id":"https:\/\/innovexalgerie.com\/machines\/#website","url":"https:\/\/innovexalgerie.com\/machines\/","name":"Innovex Machines | Innovex Algerie","description":"Fournisseur de machines d&#039;emballage et d&#039;imprimerie","potentialAction":[{"@type":"SearchAction","target":{"@type":"EntryPoint","urlTemplate":"https:\/\/innovexalgerie.com\/machines\/?s={search_term_string}"},"query-input":"required name=search_term_string"}],"inLanguage":"fr-FR"},{"@type":"ImageObject","@id":"https:\/\/innovexalgerie.com\/machines\/produit\/cellophaneuse-boites-type-enveloppe-acw88\/#primaryimage","inLanguage":"fr-FR","url":"https:\/\/innovexalgerie.com\/machines\/wp-content\/uploads\/2017\/02\/4255.jpg","contentUrl":"https:\/\/innovexalgerie.com\/machines\/wp-content\/uploads\/2017\/02\/4255.jpg","width":1000,"height":1000,"caption":"fardeleuse \u00e0 cloche filmeuse innovex, conditionneuse, cellophaneuse, shrink wrapping machine, alger"},{"@type":"WebPage","@id":"https:\/\/innovexalgerie.com\/machines\/produit\/cellophaneuse-boites-type-enveloppe-acw88\/#webpage","url":"https:\/\/innovexalgerie.com\/machines\/produit\/cellophaneuse-boites-type-enveloppe-acw88\/","name":"Cellophaneuse boites type enveloppe ACW88 - Innovex Machines | Innovex Algerie","isPartOf":{"@id":"https:\/\/innovexalgerie.com\/machines\/#website"},"primaryImageOfPage":{"@id":"https:\/\/innovexalgerie.com\/machines\/produit\/cellophaneuse-boites-type-enveloppe-acw88\/#primaryimage"},"datePublished":"2021-03-24T19:50:48+00:00","dateModified":"2022-05-07T10:23:20+00:00","description":"La cellophaneuse boites type enveloppe est la meilleure solution pour une meilleure pr\u00e9sentation de vos boites de luxe comme les parfums.","breadcrumb":{"@id":"https:\/\/innovexalgerie.com\/machines\/produit\/cellophaneuse-boites-type-enveloppe-acw88\/#breadcrumb"},"inLanguage":"fr-FR","potentialAction":[{"@type":"ReadAction","target":["https:\/\/innovexalgerie.com\/machines\/produit\/cellophaneuse-boites-type-enveloppe-acw88\/"]}]},{"@type":"BreadcrumbList","@id":"https:\/\/innovexalgerie.com\/machines\/produit\/cellophaneuse-boites-type-enveloppe-acw88\/#breadcrumb","itemListElement":[{"@type":"ListItem","position":1,"name":"Accueil","item":"https:\/\/innovexalgerie.com\/machines\/"},{"@type":"ListItem","position":2,"name":"Produits","item":"https:\/\/innovexalgerie.com\/machines\/boutique\/"},{"@type":"ListItem","position":3,"name":"Cellophaneuse boites type enveloppe ACW88"}]}]}},"_links":{"self":[{"href":"https:\/\/innovexalgerie.com\/machines\/wp-json\/wp\/v2\/product\/894","targetHints":{"allow":["GET"]}}],"collection":[{"href":"https:\/\/innovexalgerie.com\/machines\/wp-json\/wp\/v2\/product"}],"about":[{"href":"https:\/\/innovexalgerie.com\/machines\/wp-json\/wp\/v2\/types\/product"}],"version-history":[{"count":6,"href":"https:\/\/innovexalgerie.com\/machines\/wp-json\/wp\/v2\/product\/894\/revisions"}],"predecessor-version":[{"id":30297,"href":"https:\/\/innovexalgerie.com\/machines\/wp-json\/wp\/v2\/product\/894\/revisions\/30297"}],"wp:featuredmedia":[{"embeddable":true,"href":"https:\/\/innovexalgerie.com\/machines\/wp-json\/wp\/v2\/media\/927"}],"wp:attachment":[{"href":"https:\/\/innovexalgerie.com\/machines\/wp-json\/wp\/v2\/media?parent=894"}],"wp:term":[{"taxonomy":"product_cat","embeddable":true,"href":"https:\/\/innovexalgerie.com\/machines\/wp-json\/wp\/v2\/product_cat?post=894"},{"taxonomy":"product_tag","embeddable":true,"href":"https:\/\/innovexalgerie.com\/machines\/wp-json\/wp\/v2\/product_tag?post=894"}],"curies":[{"name":"wp","href":"https:\/\/api.w.org\/{rel}","templated":true}]}}