{"id":897,"date":"2021-03-24T20:50:48","date_gmt":"2021-03-24T19:50:48","guid":{"rendered":"https:\/\/innovexalgerie.com\/machines2\/?post_type=product&#038;p=897"},"modified":"2022-04-11T14:08:43","modified_gmt":"2022-04-11T13:08:43","slug":"outil-de-cerclage-manuel-3en1-s13","status":"publish","type":"product","link":"https:\/\/innovexalgerie.com\/machines\/produit\/outil-de-cerclage-manuel-3en1-s13\/","title":{"rendered":"Outil de cerclage manuel 3en1 pour feuillard en PP avec chapes S13"},"content":{"rendered":"<p>L&rsquo;outil de cerclage manuel <strong>S13<\/strong>\u00a0 3 en 1 combin\u00e9 avec tendeur, pince de sertissage et coupe feuillard. il assure le serrage et l\u2019accrochage du feuillard en PP avec chapes d\u2019une largeur de 13mm.<\/p>\n<ul>\n<li>Outil l\u00e9ger et facile \u00e0 manipuler.<\/li>\n<li>Utilis\u00e9 pour le cerclage des objets \u00e0 forme plate (palettes, planches&#8230;).<\/li>\n<li>La fixation, le serrage et la d\u00e9coupe sont r\u00e9alis\u00e9s en une seule \u00e9tape, ce qui rend l&#8217;emballage plus rapide et plus efficace.<\/li>\n<li>La structure en acier haute r\u00e9sistance.<\/li>\n<\/ul>\n<p>&nbsp;<\/p>\n<p>&nbsp;<\/p>\n","protected":false},"excerpt":{"rendered":"<p>L&rsquo;outil de cerclage manuel 3 en 1 combin\u00e9 avec tendeur, pince de sertissage et coupe feuillard. Il assure le serrage et l\u2019accrochage du feuillard en PP avec chapes d\u2019une largeur de 13mm.<\/p>\n<p><img loading=\"lazy\" decoding=\"async\" class=\"alignnone size-full wp-image-30078\" src=\"https:\/\/innovexalgerie.com\/machines\/wp-content\/uploads\/2021\/03\/ICON-CERCLEUSE-MANUEL.jpg\" alt=\"ICON-CERCLEUSE-MANUEL INNOVEX MACHINE\" width=\"856\" height=\"196\" srcset=\"https:\/\/innovexalgerie.com\/machines\/wp-content\/uploads\/2021\/03\/ICON-CERCLEUSE-MANUEL.jpg 856w, https:\/\/innovexalgerie.com\/machines\/wp-content\/uploads\/2021\/03\/ICON-CERCLEUSE-MANUEL-300x69.jpg 300w, https:\/\/innovexalgerie.com\/machines\/wp-content\/uploads\/2021\/03\/ICON-CERCLEUSE-MANUEL-768x176.jpg 768w, https:\/\/innovexalgerie.com\/machines\/wp-content\/uploads\/2021\/03\/ICON-CERCLEUSE-MANUEL-600x137.jpg 600w\" sizes=\"auto, (max-width: 856px) 100vw, 856px\" \/><\/p>\n","protected":false},"featured_media":942,"template":"","meta":{"_monsterinsights_skip_tracking":false,"_monsterinsights_sitenote_active":false,"_monsterinsights_sitenote_note":"","_monsterinsights_sitenote_category":0},"product_cat":[246],"product_tag":[],"class_list":["post-897","product","type-product","status-publish","has-post-thumbnail","hentry","product_cat-cercleuses-portatives"],"yoast_head":"<!-- This site is optimized with the Yoast SEO Premium plugin v16.2 (Yoast SEO v16.7) - https:\/\/yoast.com\/wordpress\/plugins\/seo\/ -->\n<title>Outil de cerclage manuel 3en1 pour feuillard en PP avec chapes S13 - Innovex Machines | Innovex Algerie<\/title>\n<meta name=\"description\" content=\"L&#039;outil de cerclage manuel 3en1 combin\u00e9 avec tendeur, pince de sertissage et coupe feuillard, avec chapes d\u2019une largeur de 13mm.\" \/>\n<meta name=\"robots\" content=\"index, follow, max-snippet:-1, max-image-preview:large, max-video-preview:-1\" \/>\n<link rel=\"canonical\" href=\"https:\/\/innovexalgerie.com\/machines\/produit\/outil-de-cerclage-manuel-3en1-s13\/\" \/>\n<meta property=\"og:locale\" content=\"fr_FR\" \/>\n<meta property=\"og:type\" content=\"article\" \/>\n<meta property=\"og:title\" content=\"Outil de cerclage manuel 3en1 pour feuillard en PP avec chapes S13 - Innovex Machines | Innovex Algerie\" \/>\n<meta property=\"og:description\" content=\"L&#039;outil de cerclage manuel 3en1 combin\u00e9 avec tendeur, pince de sertissage et coupe feuillard, avec chapes d\u2019une largeur de 13mm.\" \/>\n<meta property=\"og:url\" content=\"https:\/\/innovexalgerie.com\/machines\/produit\/outil-de-cerclage-manuel-3en1-s13\/\" \/>\n<meta property=\"og:site_name\" content=\"Innovex Machines | Innovex Algerie\" \/>\n<meta property=\"article:publisher\" content=\"https:\/\/www.facebook.com\/innovexmachine1\" \/>\n<meta property=\"article:modified_time\" content=\"2022-04-11T13:08:43+00:00\" \/>\n<meta property=\"og:image\" content=\"https:\/\/innovexalgerie.com\/machines\/wp-content\/uploads\/2021\/03\/1575879485144443.jpg\" \/>\n\t<meta property=\"og:image:width\" content=\"800\" \/>\n\t<meta property=\"og:image:height\" content=\"800\" \/>\n<meta name=\"twitter:card\" content=\"summary_large_image\" \/>\n<meta name=\"twitter:label1\" content=\"Dur\u00e9e de lecture est.\" \/>\n\t<meta name=\"twitter:data1\" content=\"1 minute\" \/>\n<script type=\"application\/ld+json\" class=\"yoast-schema-graph\">{\"@context\":\"https:\/\/schema.org\",\"@graph\":[{\"@type\":\"WebSite\",\"@id\":\"https:\/\/innovexalgerie.com\/machines\/#website\",\"url\":\"https:\/\/innovexalgerie.com\/machines\/\",\"name\":\"Innovex Machines | Innovex Algerie\",\"description\":\"Fournisseur de machines d&#039;emballage et d&#039;imprimerie\",\"potentialAction\":[{\"@type\":\"SearchAction\",\"target\":{\"@type\":\"EntryPoint\",\"urlTemplate\":\"https:\/\/innovexalgerie.com\/machines\/?s={search_term_string}\"},\"query-input\":\"required name=search_term_string\"}],\"inLanguage\":\"fr-FR\"},{\"@type\":\"ImageObject\",\"@id\":\"https:\/\/innovexalgerie.com\/machines\/produit\/outil-de-cerclage-manuel-3en1-s13\/#primaryimage\",\"inLanguage\":\"fr-FR\",\"url\":\"https:\/\/innovexalgerie.com\/machines\/wp-content\/uploads\/2021\/03\/1575879485144443.jpg\",\"contentUrl\":\"https:\/\/innovexalgerie.com\/machines\/wp-content\/uploads\/2021\/03\/1575879485144443.jpg\",\"width\":800,\"height\":800},{\"@type\":\"WebPage\",\"@id\":\"https:\/\/innovexalgerie.com\/machines\/produit\/outil-de-cerclage-manuel-3en1-s13\/#webpage\",\"url\":\"https:\/\/innovexalgerie.com\/machines\/produit\/outil-de-cerclage-manuel-3en1-s13\/\",\"name\":\"Outil de cerclage manuel 3en1 pour feuillard en PP avec chapes S13 - Innovex Machines | Innovex Algerie\",\"isPartOf\":{\"@id\":\"https:\/\/innovexalgerie.com\/machines\/#website\"},\"primaryImageOfPage\":{\"@id\":\"https:\/\/innovexalgerie.com\/machines\/produit\/outil-de-cerclage-manuel-3en1-s13\/#primaryimage\"},\"datePublished\":\"2021-03-24T19:50:48+00:00\",\"dateModified\":\"2022-04-11T13:08:43+00:00\",\"description\":\"L'outil de cerclage manuel 3en1 combin\\u00e9 avec tendeur, pince de sertissage et coupe feuillard, avec chapes d\\u2019une largeur de 13mm.\",\"breadcrumb\":{\"@id\":\"https:\/\/innovexalgerie.com\/machines\/produit\/outil-de-cerclage-manuel-3en1-s13\/#breadcrumb\"},\"inLanguage\":\"fr-FR\",\"potentialAction\":[{\"@type\":\"ReadAction\",\"target\":[\"https:\/\/innovexalgerie.com\/machines\/produit\/outil-de-cerclage-manuel-3en1-s13\/\"]}]},{\"@type\":\"BreadcrumbList\",\"@id\":\"https:\/\/innovexalgerie.com\/machines\/produit\/outil-de-cerclage-manuel-3en1-s13\/#breadcrumb\",\"itemListElement\":[{\"@type\":\"ListItem\",\"position\":1,\"name\":\"Accueil\",\"item\":\"https:\/\/innovexalgerie.com\/machines\/\"},{\"@type\":\"ListItem\",\"position\":2,\"name\":\"Produits\",\"item\":\"https:\/\/innovexalgerie.com\/machines\/boutique\/\"},{\"@type\":\"ListItem\",\"position\":3,\"name\":\"Outil de cerclage manuel 3en1 pour feuillard en PP avec chapes S13\"}]}]}<\/script>\n<!-- \/ Yoast SEO Premium plugin. -->","yoast_head_json":{"title":"Outil de cerclage manuel 3en1 pour feuillard en PP avec chapes S13 - Innovex Machines | Innovex Algerie","description":"L'outil de cerclage manuel 3en1 combin\u00e9 avec tendeur, pince de sertissage et coupe feuillard, avec chapes d\u2019une largeur de 13mm.","robots":{"index":"index","follow":"follow","max-snippet":"max-snippet:-1","max-image-preview":"max-image-preview:large","max-video-preview":"max-video-preview:-1"},"canonical":"https:\/\/innovexalgerie.com\/machines\/produit\/outil-de-cerclage-manuel-3en1-s13\/","og_locale":"fr_FR","og_type":"article","og_title":"Outil de cerclage manuel 3en1 pour feuillard en PP avec chapes S13 - Innovex Machines | Innovex Algerie","og_description":"L'outil de cerclage manuel 3en1 combin\u00e9 avec tendeur, pince de sertissage et coupe feuillard, avec chapes d\u2019une largeur de 13mm.","og_url":"https:\/\/innovexalgerie.com\/machines\/produit\/outil-de-cerclage-manuel-3en1-s13\/","og_site_name":"Innovex Machines | Innovex Algerie","article_publisher":"https:\/\/www.facebook.com\/innovexmachine1","article_modified_time":"2022-04-11T13:08:43+00:00","og_image":[{"width":800,"height":800,"url":"https:\/\/innovexalgerie.com\/machines\/wp-content\/uploads\/2021\/03\/1575879485144443.jpg","path":"\/home\/inovex\/public_html\/machines\/wp-content\/uploads\/2021\/03\/1575879485144443.jpg","size":"full","id":942,"alt":"","pixels":640000,"type":"image\/jpeg"}],"twitter_card":"summary_large_image","twitter_misc":{"Dur\u00e9e de lecture est.":"1 minute"},"schema":{"@context":"https:\/\/schema.org","@graph":[{"@type":"WebSite","@id":"https:\/\/innovexalgerie.com\/machines\/#website","url":"https:\/\/innovexalgerie.com\/machines\/","name":"Innovex Machines | Innovex Algerie","description":"Fournisseur de machines d&#039;emballage et d&#039;imprimerie","potentialAction":[{"@type":"SearchAction","target":{"@type":"EntryPoint","urlTemplate":"https:\/\/innovexalgerie.com\/machines\/?s={search_term_string}"},"query-input":"required name=search_term_string"}],"inLanguage":"fr-FR"},{"@type":"ImageObject","@id":"https:\/\/innovexalgerie.com\/machines\/produit\/outil-de-cerclage-manuel-3en1-s13\/#primaryimage","inLanguage":"fr-FR","url":"https:\/\/innovexalgerie.com\/machines\/wp-content\/uploads\/2021\/03\/1575879485144443.jpg","contentUrl":"https:\/\/innovexalgerie.com\/machines\/wp-content\/uploads\/2021\/03\/1575879485144443.jpg","width":800,"height":800},{"@type":"WebPage","@id":"https:\/\/innovexalgerie.com\/machines\/produit\/outil-de-cerclage-manuel-3en1-s13\/#webpage","url":"https:\/\/innovexalgerie.com\/machines\/produit\/outil-de-cerclage-manuel-3en1-s13\/","name":"Outil de cerclage manuel 3en1 pour feuillard en PP avec chapes S13 - Innovex Machines | Innovex Algerie","isPartOf":{"@id":"https:\/\/innovexalgerie.com\/machines\/#website"},"primaryImageOfPage":{"@id":"https:\/\/innovexalgerie.com\/machines\/produit\/outil-de-cerclage-manuel-3en1-s13\/#primaryimage"},"datePublished":"2021-03-24T19:50:48+00:00","dateModified":"2022-04-11T13:08:43+00:00","description":"L'outil de cerclage manuel 3en1 combin\u00e9 avec tendeur, pince de sertissage et coupe feuillard, avec chapes d\u2019une largeur de 13mm.","breadcrumb":{"@id":"https:\/\/innovexalgerie.com\/machines\/produit\/outil-de-cerclage-manuel-3en1-s13\/#breadcrumb"},"inLanguage":"fr-FR","potentialAction":[{"@type":"ReadAction","target":["https:\/\/innovexalgerie.com\/machines\/produit\/outil-de-cerclage-manuel-3en1-s13\/"]}]},{"@type":"BreadcrumbList","@id":"https:\/\/innovexalgerie.com\/machines\/produit\/outil-de-cerclage-manuel-3en1-s13\/#breadcrumb","itemListElement":[{"@type":"ListItem","position":1,"name":"Accueil","item":"https:\/\/innovexalgerie.com\/machines\/"},{"@type":"ListItem","position":2,"name":"Produits","item":"https:\/\/innovexalgerie.com\/machines\/boutique\/"},{"@type":"ListItem","position":3,"name":"Outil de cerclage manuel 3en1 pour feuillard en PP avec chapes S13"}]}]}},"_links":{"self":[{"href":"https:\/\/innovexalgerie.com\/machines\/wp-json\/wp\/v2\/product\/897","targetHints":{"allow":["GET"]}}],"collection":[{"href":"https:\/\/innovexalgerie.com\/machines\/wp-json\/wp\/v2\/product"}],"about":[{"href":"https:\/\/innovexalgerie.com\/machines\/wp-json\/wp\/v2\/types\/product"}],"version-history":[{"count":10,"href":"https:\/\/innovexalgerie.com\/machines\/wp-json\/wp\/v2\/product\/897\/revisions"}],"predecessor-version":[{"id":30111,"href":"https:\/\/innovexalgerie.com\/machines\/wp-json\/wp\/v2\/product\/897\/revisions\/30111"}],"wp:featuredmedia":[{"embeddable":true,"href":"https:\/\/innovexalgerie.com\/machines\/wp-json\/wp\/v2\/media\/942"}],"wp:attachment":[{"href":"https:\/\/innovexalgerie.com\/machines\/wp-json\/wp\/v2\/media?parent=897"}],"wp:term":[{"taxonomy":"product_cat","embeddable":true,"href":"https:\/\/innovexalgerie.com\/machines\/wp-json\/wp\/v2\/product_cat?post=897"},{"taxonomy":"product_tag","embeddable":true,"href":"https:\/\/innovexalgerie.com\/machines\/wp-json\/wp\/v2\/product_tag?post=897"}],"curies":[{"name":"wp","href":"https:\/\/api.w.org\/{rel}","templated":true}]}}