{"id":898,"date":"2021-03-24T20:50:48","date_gmt":"2021-03-24T19:50:48","guid":{"rendered":"https:\/\/innovexalgerie.com\/machines2\/?post_type=product&#038;p=898"},"modified":"2022-04-11T14:06:35","modified_gmt":"2022-04-11T13:06:35","slug":"appareil-de-cerclage-portative-pneumatique-kz-19","status":"publish","type":"product","link":"https:\/\/innovexalgerie.com\/machines\/produit\/appareil-de-cerclage-portative-pneumatique-kz-19\/","title":{"rendered":"Cercleuse portative pneumatique pour feuillard en acier avec chapes KZ-19\/32"},"content":{"rendered":"<p>Cercleuse pneumatique <strong>KZ-19\/32<\/strong> pour feuillard m\u00e9tallique avec chape, outil \u00e0\u00a0puissant\u00a0usage multiple. Id\u00e9al pour les charges industrielles lourdes. L\u2019outil assure le serrage et l\u2019accrochage du feuillard en m\u00eame temps.<\/p>\n<ul>\n<li>Largement utilis\u00e9 dans l\u2019industrie lourde, de l&rsquo;aluminium, l&rsquo;acier, le m\u00e9tal et d&rsquo;autres industries.<\/li>\n<li>Conception de suspension pratique: lorsqu&rsquo;il n&rsquo;est pas utilis\u00e9, il suffit de l&rsquo;accrocher au mur, \u00e9conomisant de l&rsquo;espace pour le mat\u00e9riel.<\/li>\n<li>Lame de coupe fabriqu\u00e9 en m\u00e9tal de haute qualit\u00e9, r\u00e9sistance \u00e0 l&rsquo;usure.<\/li>\n<li>Bouton de fonctionnement r\u00e9glable, verrouillage avec temps et force de serrage r\u00e9glable.<\/li>\n<li>L\u2019outil est \u00e9quip\u00e9 d\u2019un crochet pour \u00eatre attach\u00e9 \u00e0 une balance \u00e0 ressort.<\/li>\n<\/ul>\n","protected":false},"excerpt":{"rendered":"<p>Cercleuse pneumatique pour feuillard m\u00e9tallique avec chape d\u2019une largeur qui varie de 19 jusqu\u2019\u00e0 32mm, elle est con\u00e7ue pour faciliter le cerclage des charges industrielles lourdes.<\/p>\n<p><img loading=\"lazy\" decoding=\"async\" class=\"alignnone size-full wp-image-30082\" src=\"https:\/\/innovexalgerie.com\/machines\/wp-content\/uploads\/2021\/03\/icon-cercleuse-pneu-innovex-machine.jpg\" alt=\"icon-cercleuse-pneu-innovex-machine\" width=\"856\" height=\"196\" srcset=\"https:\/\/innovexalgerie.com\/machines\/wp-content\/uploads\/2021\/03\/icon-cercleuse-pneu-innovex-machine.jpg 856w, https:\/\/innovexalgerie.com\/machines\/wp-content\/uploads\/2021\/03\/icon-cercleuse-pneu-innovex-machine-300x69.jpg 300w, https:\/\/innovexalgerie.com\/machines\/wp-content\/uploads\/2021\/03\/icon-cercleuse-pneu-innovex-machine-768x176.jpg 768w, https:\/\/innovexalgerie.com\/machines\/wp-content\/uploads\/2021\/03\/icon-cercleuse-pneu-innovex-machine-600x137.jpg 600w\" sizes=\"auto, (max-width: 856px) 100vw, 856px\" \/><\/p>\n","protected":false},"featured_media":947,"template":"","meta":{"_monsterinsights_skip_tracking":false,"_monsterinsights_sitenote_active":false,"_monsterinsights_sitenote_note":"","_monsterinsights_sitenote_category":0},"product_cat":[246],"product_tag":[],"class_list":["post-898","product","type-product","status-publish","has-post-thumbnail","hentry","product_cat-cercleuses-portatives"],"yoast_head":"<!-- This site is optimized with the Yoast SEO Premium plugin v16.2 (Yoast SEO v16.7) - https:\/\/yoast.com\/wordpress\/plugins\/seo\/ -->\n<title>Cercleuse portative pneumatique pour feuillard en acier avec chapes KZ-19\/32 - Innovex Machines | Innovex Algerie<\/title>\n<meta name=\"description\" content=\"Cercleuse pneumatique pour feuillard m\u00e9tallique avec chape, elle est con\u00e7ue pour faciliter le cerclage des charges industrielles lourdes.\" \/>\n<meta name=\"robots\" content=\"index, follow, max-snippet:-1, max-image-preview:large, max-video-preview:-1\" \/>\n<link rel=\"canonical\" href=\"https:\/\/innovexalgerie.com\/machines\/produit\/appareil-de-cerclage-portative-pneumatique-kz-19\/\" \/>\n<meta property=\"og:locale\" content=\"fr_FR\" \/>\n<meta property=\"og:type\" content=\"article\" \/>\n<meta property=\"og:title\" content=\"Cercleuse portative pneumatique pour feuillard en acier avec chapes KZ-19\/32 - Innovex Machines | Innovex Algerie\" \/>\n<meta property=\"og:description\" content=\"Cercleuse pneumatique pour feuillard m\u00e9tallique avec chape, elle est con\u00e7ue pour faciliter le cerclage des charges industrielles lourdes.\" \/>\n<meta property=\"og:url\" content=\"https:\/\/innovexalgerie.com\/machines\/produit\/appareil-de-cerclage-portative-pneumatique-kz-19\/\" \/>\n<meta property=\"og:site_name\" content=\"Innovex Machines | Innovex Algerie\" \/>\n<meta property=\"article:publisher\" content=\"https:\/\/www.facebook.com\/innovexmachine1\" \/>\n<meta property=\"article:modified_time\" content=\"2022-04-11T13:06:35+00:00\" \/>\n<meta property=\"og:image\" content=\"https:\/\/innovexalgerie.com\/machines\/wp-content\/uploads\/2021\/03\/APPAREIL-DE-CERCLAGE-KZ32-03.jpg\" \/>\n\t<meta property=\"og:image:width\" content=\"568\" \/>\n\t<meta property=\"og:image:height\" content=\"568\" \/>\n<meta name=\"twitter:card\" content=\"summary_large_image\" \/>\n<meta name=\"twitter:label1\" content=\"Dur\u00e9e de lecture est.\" \/>\n\t<meta name=\"twitter:data1\" content=\"1 minute\" \/>\n<script type=\"application\/ld+json\" class=\"yoast-schema-graph\">{\"@context\":\"https:\/\/schema.org\",\"@graph\":[{\"@type\":\"WebSite\",\"@id\":\"https:\/\/innovexalgerie.com\/machines\/#website\",\"url\":\"https:\/\/innovexalgerie.com\/machines\/\",\"name\":\"Innovex Machines | Innovex Algerie\",\"description\":\"Fournisseur de machines d&#039;emballage et d&#039;imprimerie\",\"potentialAction\":[{\"@type\":\"SearchAction\",\"target\":{\"@type\":\"EntryPoint\",\"urlTemplate\":\"https:\/\/innovexalgerie.com\/machines\/?s={search_term_string}\"},\"query-input\":\"required name=search_term_string\"}],\"inLanguage\":\"fr-FR\"},{\"@type\":\"ImageObject\",\"@id\":\"https:\/\/innovexalgerie.com\/machines\/produit\/appareil-de-cerclage-portative-pneumatique-kz-19\/#primaryimage\",\"inLanguage\":\"fr-FR\",\"url\":\"https:\/\/innovexalgerie.com\/machines\/wp-content\/uploads\/2021\/03\/APPAREIL-DE-CERCLAGE-KZ32-03.jpg\",\"contentUrl\":\"https:\/\/innovexalgerie.com\/machines\/wp-content\/uploads\/2021\/03\/APPAREIL-DE-CERCLAGE-KZ32-03.jpg\",\"width\":568,\"height\":568},{\"@type\":\"WebPage\",\"@id\":\"https:\/\/innovexalgerie.com\/machines\/produit\/appareil-de-cerclage-portative-pneumatique-kz-19\/#webpage\",\"url\":\"https:\/\/innovexalgerie.com\/machines\/produit\/appareil-de-cerclage-portative-pneumatique-kz-19\/\",\"name\":\"Cercleuse portative pneumatique pour feuillard en acier avec chapes KZ-19\/32 - Innovex Machines | Innovex Algerie\",\"isPartOf\":{\"@id\":\"https:\/\/innovexalgerie.com\/machines\/#website\"},\"primaryImageOfPage\":{\"@id\":\"https:\/\/innovexalgerie.com\/machines\/produit\/appareil-de-cerclage-portative-pneumatique-kz-19\/#primaryimage\"},\"datePublished\":\"2021-03-24T19:50:48+00:00\",\"dateModified\":\"2022-04-11T13:06:35+00:00\",\"description\":\"Cercleuse pneumatique pour feuillard m\\u00e9tallique avec chape, elle est con\\u00e7ue pour faciliter le cerclage des charges industrielles lourdes.\",\"breadcrumb\":{\"@id\":\"https:\/\/innovexalgerie.com\/machines\/produit\/appareil-de-cerclage-portative-pneumatique-kz-19\/#breadcrumb\"},\"inLanguage\":\"fr-FR\",\"potentialAction\":[{\"@type\":\"ReadAction\",\"target\":[\"https:\/\/innovexalgerie.com\/machines\/produit\/appareil-de-cerclage-portative-pneumatique-kz-19\/\"]}]},{\"@type\":\"BreadcrumbList\",\"@id\":\"https:\/\/innovexalgerie.com\/machines\/produit\/appareil-de-cerclage-portative-pneumatique-kz-19\/#breadcrumb\",\"itemListElement\":[{\"@type\":\"ListItem\",\"position\":1,\"name\":\"Accueil\",\"item\":\"https:\/\/innovexalgerie.com\/machines\/\"},{\"@type\":\"ListItem\",\"position\":2,\"name\":\"Produits\",\"item\":\"https:\/\/innovexalgerie.com\/machines\/boutique\/\"},{\"@type\":\"ListItem\",\"position\":3,\"name\":\"Cercleuse portative pneumatique pour feuillard en acier avec chapes KZ-19\/32\"}]}]}<\/script>\n<!-- \/ Yoast SEO Premium plugin. -->","yoast_head_json":{"title":"Cercleuse portative pneumatique pour feuillard en acier avec chapes KZ-19\/32 - Innovex Machines | Innovex Algerie","description":"Cercleuse pneumatique pour feuillard m\u00e9tallique avec chape, elle est con\u00e7ue pour faciliter le cerclage des charges industrielles lourdes.","robots":{"index":"index","follow":"follow","max-snippet":"max-snippet:-1","max-image-preview":"max-image-preview:large","max-video-preview":"max-video-preview:-1"},"canonical":"https:\/\/innovexalgerie.com\/machines\/produit\/appareil-de-cerclage-portative-pneumatique-kz-19\/","og_locale":"fr_FR","og_type":"article","og_title":"Cercleuse portative pneumatique pour feuillard en acier avec chapes KZ-19\/32 - Innovex Machines | Innovex Algerie","og_description":"Cercleuse pneumatique pour feuillard m\u00e9tallique avec chape, elle est con\u00e7ue pour faciliter le cerclage des charges industrielles lourdes.","og_url":"https:\/\/innovexalgerie.com\/machines\/produit\/appareil-de-cerclage-portative-pneumatique-kz-19\/","og_site_name":"Innovex Machines | Innovex Algerie","article_publisher":"https:\/\/www.facebook.com\/innovexmachine1","article_modified_time":"2022-04-11T13:06:35+00:00","og_image":[{"width":568,"height":568,"url":"https:\/\/innovexalgerie.com\/machines\/wp-content\/uploads\/2021\/03\/APPAREIL-DE-CERCLAGE-KZ32-03.jpg","path":"\/home\/inovex\/public_html\/machines\/wp-content\/uploads\/2021\/03\/APPAREIL-DE-CERCLAGE-KZ32-03.jpg","size":"full","id":947,"alt":"","pixels":322624,"type":"image\/jpeg"}],"twitter_card":"summary_large_image","twitter_misc":{"Dur\u00e9e de lecture est.":"1 minute"},"schema":{"@context":"https:\/\/schema.org","@graph":[{"@type":"WebSite","@id":"https:\/\/innovexalgerie.com\/machines\/#website","url":"https:\/\/innovexalgerie.com\/machines\/","name":"Innovex Machines | Innovex Algerie","description":"Fournisseur de machines d&#039;emballage et d&#039;imprimerie","potentialAction":[{"@type":"SearchAction","target":{"@type":"EntryPoint","urlTemplate":"https:\/\/innovexalgerie.com\/machines\/?s={search_term_string}"},"query-input":"required name=search_term_string"}],"inLanguage":"fr-FR"},{"@type":"ImageObject","@id":"https:\/\/innovexalgerie.com\/machines\/produit\/appareil-de-cerclage-portative-pneumatique-kz-19\/#primaryimage","inLanguage":"fr-FR","url":"https:\/\/innovexalgerie.com\/machines\/wp-content\/uploads\/2021\/03\/APPAREIL-DE-CERCLAGE-KZ32-03.jpg","contentUrl":"https:\/\/innovexalgerie.com\/machines\/wp-content\/uploads\/2021\/03\/APPAREIL-DE-CERCLAGE-KZ32-03.jpg","width":568,"height":568},{"@type":"WebPage","@id":"https:\/\/innovexalgerie.com\/machines\/produit\/appareil-de-cerclage-portative-pneumatique-kz-19\/#webpage","url":"https:\/\/innovexalgerie.com\/machines\/produit\/appareil-de-cerclage-portative-pneumatique-kz-19\/","name":"Cercleuse portative pneumatique pour feuillard en acier avec chapes KZ-19\/32 - Innovex Machines | Innovex Algerie","isPartOf":{"@id":"https:\/\/innovexalgerie.com\/machines\/#website"},"primaryImageOfPage":{"@id":"https:\/\/innovexalgerie.com\/machines\/produit\/appareil-de-cerclage-portative-pneumatique-kz-19\/#primaryimage"},"datePublished":"2021-03-24T19:50:48+00:00","dateModified":"2022-04-11T13:06:35+00:00","description":"Cercleuse pneumatique pour feuillard m\u00e9tallique avec chape, elle est con\u00e7ue pour faciliter le cerclage des charges industrielles lourdes.","breadcrumb":{"@id":"https:\/\/innovexalgerie.com\/machines\/produit\/appareil-de-cerclage-portative-pneumatique-kz-19\/#breadcrumb"},"inLanguage":"fr-FR","potentialAction":[{"@type":"ReadAction","target":["https:\/\/innovexalgerie.com\/machines\/produit\/appareil-de-cerclage-portative-pneumatique-kz-19\/"]}]},{"@type":"BreadcrumbList","@id":"https:\/\/innovexalgerie.com\/machines\/produit\/appareil-de-cerclage-portative-pneumatique-kz-19\/#breadcrumb","itemListElement":[{"@type":"ListItem","position":1,"name":"Accueil","item":"https:\/\/innovexalgerie.com\/machines\/"},{"@type":"ListItem","position":2,"name":"Produits","item":"https:\/\/innovexalgerie.com\/machines\/boutique\/"},{"@type":"ListItem","position":3,"name":"Cercleuse portative pneumatique pour feuillard en acier avec chapes KZ-19\/32"}]}]}},"_links":{"self":[{"href":"https:\/\/innovexalgerie.com\/machines\/wp-json\/wp\/v2\/product\/898","targetHints":{"allow":["GET"]}}],"collection":[{"href":"https:\/\/innovexalgerie.com\/machines\/wp-json\/wp\/v2\/product"}],"about":[{"href":"https:\/\/innovexalgerie.com\/machines\/wp-json\/wp\/v2\/types\/product"}],"version-history":[{"count":7,"href":"https:\/\/innovexalgerie.com\/machines\/wp-json\/wp\/v2\/product\/898\/revisions"}],"predecessor-version":[{"id":29186,"href":"https:\/\/innovexalgerie.com\/machines\/wp-json\/wp\/v2\/product\/898\/revisions\/29186"}],"wp:featuredmedia":[{"embeddable":true,"href":"https:\/\/innovexalgerie.com\/machines\/wp-json\/wp\/v2\/media\/947"}],"wp:attachment":[{"href":"https:\/\/innovexalgerie.com\/machines\/wp-json\/wp\/v2\/media?parent=898"}],"wp:term":[{"taxonomy":"product_cat","embeddable":true,"href":"https:\/\/innovexalgerie.com\/machines\/wp-json\/wp\/v2\/product_cat?post=898"},{"taxonomy":"product_tag","embeddable":true,"href":"https:\/\/innovexalgerie.com\/machines\/wp-json\/wp\/v2\/product_tag?post=898"}],"curies":[{"name":"wp","href":"https:\/\/api.w.org\/{rel}","templated":true}]}}