{"id":90,"date":"2021-03-24T20:45:21","date_gmt":"2021-03-24T19:45:21","guid":{"rendered":"https:\/\/innovexalgerie.com\/machines2\/?post_type=product&#038;p=90"},"modified":"2025-05-13T10:19:37","modified_gmt":"2025-05-13T09:19:37","slug":"fermeuse-scotcheuse-de-caisse-pour-une-cadence-elevee-mh-fj-1d","status":"publish","type":"product","link":"https:\/\/innovexalgerie.com\/machines\/produit\/fermeuse-scotcheuse-de-caisse-pour-une-cadence-elevee-mh-fj-1d\/","title":{"rendered":"Fermeuse (scotcheuse) de caisse pour une cadence \u00e9lev\u00e9e MH-FJ-1D"},"content":{"rendered":"<p>Fermeuse (scotcheuse) de caisse pour une cadence \u00e9lev\u00e9e <strong>MH-FJ-1D<\/strong> utilise du ruban adh\u00e9sif pour sceller la partie inf\u00e9rieure et sup\u00e9rieure des caisses am\u00e9ricaines de format fixe. \u00e9quip\u00e9e de deux moteurs en AC puissants (un moteur en haut et un en bas), et des courroies en haut et en bas. Deux syst\u00e8mes motoris\u00e9s dessus\/dessous \u00e9quip\u00e9s de 4 bandes d\u2019entra\u00eenement. Sp\u00e9ciale pour les caisses lourdes.<\/p>\n<ul>\n<li>2 syst\u00e8mes motoris\u00e9s dessus\/dessous \u00e9quip\u00e9s de 4 bandes d\u2019entra\u00eenement largeur 75mm.<\/li>\n<li>Sp\u00e9ciale pour caisse grandes et lourdes.<\/li>\n<li>\u00c9quip\u00e9e de deux convoyeurs \u00e0 rouleaux r\u00e9sistantes en acier chrom\u00e9 adapt\u00e9 pour des caisses de poids lourd.<\/li>\n<li>Deux moteurs de 220v puissants ( Un moteur dans la partie sup\u00e9rieur et un en bas de la machine)<\/li>\n<li>Tension de la bande adh\u00e9sif r\u00e9glable.<\/li>\n<li>R\u00e9glage facile en hauteur et largeur de carton.<\/li>\n<li>Table aux rouleaux en acier inoxydable mont\u00e9e sur pieds r\u00e9glables en hauteur.<\/li>\n<li>\u00c9conomie d&rsquo;\u00e9nergie avec arr\u00eat temporis\u00e9 de l&rsquo;entra\u00eenement en fin d\u2019enrubannage.<\/li>\n<li>Guides lat\u00e9raux sym\u00e9triques r\u00e9glables.<\/li>\n<li>2 t\u00eates d\u2019enrubannage inf\u00e9rieure et sup\u00e9rieure largeur adh\u00e9sif 48 &#8211; 72 mm.<\/li>\n<li>Machine conforme aux normes CE.<\/li>\n<\/ul>\n<div style=\"width: 640px;\" class=\"wp-video\"><video class=\"wp-video-shortcode\" id=\"video-90-1\" width=\"640\" height=\"360\" preload=\"metadata\" controls=\"controls\"><source type=\"video\/mp4\" src=\"https:\/\/innovexalgerie.com\/machines\/wp-content\/uploads\/2021\/03\/machine-scotcheuse-fj1d.mp4?_=1\" \/><a href=\"https:\/\/innovexalgerie.com\/machines\/wp-content\/uploads\/2021\/03\/machine-scotcheuse-fj1d.mp4\">https:\/\/innovexalgerie.com\/machines\/wp-content\/uploads\/2021\/03\/machine-scotcheuse-fj1d.mp4<\/a><\/video><\/div>\n<p>&nbsp;<\/p>\n<p>&nbsp;<\/p>\n","protected":false},"excerpt":{"rendered":"<p>Fermeuse (scotcheuse) de caisse pour une cadence \u00e9lev\u00e9e utilise du ruban adh\u00e9sif pour sceller la partie inf\u00e9rieure et sup\u00e9rieure des caisses am\u00e9ricaines de poids lourd et de format fixe.<img loading=\"lazy\" decoding=\"async\" class=\"alignnone size-full wp-image-30466\" src=\"https:\/\/innovexalgerie.com\/machines\/wp-content\/uploads\/2021\/03\/icon-scotcheuse-max-inoovex-machine.jpg\" alt=\"icon-scotcheuse-max---inoovex-machine\" width=\"856\" height=\"196\" srcset=\"https:\/\/innovexalgerie.com\/machines\/wp-content\/uploads\/2021\/03\/icon-scotcheuse-max-inoovex-machine.jpg 856w, https:\/\/innovexalgerie.com\/machines\/wp-content\/uploads\/2021\/03\/icon-scotcheuse-max-inoovex-machine-300x69.jpg 300w, https:\/\/innovexalgerie.com\/machines\/wp-content\/uploads\/2021\/03\/icon-scotcheuse-max-inoovex-machine-768x176.jpg 768w, https:\/\/innovexalgerie.com\/machines\/wp-content\/uploads\/2021\/03\/icon-scotcheuse-max-inoovex-machine-600x137.jpg 600w\" sizes=\"auto, (max-width: 856px) 100vw, 856px\" \/><\/p>\n","protected":false},"featured_media":216,"template":"","meta":{"_monsterinsights_skip_tracking":false,"_monsterinsights_sitenote_active":false,"_monsterinsights_sitenote_note":"","_monsterinsights_sitenote_category":0},"product_cat":[55],"product_tag":[56,57,59],"class_list":["post-90","product","type-product","status-publish","has-post-thumbnail","hentry","product_cat-scotcheuses","product_tag-bande-adhesive","product_tag-carton-sealer","product_tag-scotcheuse"],"yoast_head":"<!-- This site is optimized with the Yoast SEO Premium plugin v16.2 (Yoast SEO v16.7) - https:\/\/yoast.com\/wordpress\/plugins\/seo\/ -->\n<title>Fermeuse (scotcheuse) de caisse pour une cadence \u00e9lev\u00e9e MH-FJ-1D - Innovex Machines | Innovex Algerie<\/title>\n<meta name=\"description\" content=\"Fermeuse (scotcheuse) de caisse pour une cadence \u00e9lev\u00e9e utilise du ruban adh\u00e9sif pour sceller la partie inf\u00e9rieure et sup\u00e9rieure des caisses.\" \/>\n<meta name=\"robots\" content=\"index, follow, max-snippet:-1, max-image-preview:large, max-video-preview:-1\" \/>\n<link rel=\"canonical\" href=\"https:\/\/innovexalgerie.com\/machines\/produit\/fermeuse-scotcheuse-de-caisse-pour-une-cadence-elevee-mh-fj-1d\/\" \/>\n<meta property=\"og:locale\" content=\"fr_FR\" \/>\n<meta property=\"og:type\" content=\"article\" \/>\n<meta property=\"og:title\" content=\"Fermeuse (scotcheuse) de caisse pour une cadence \u00e9lev\u00e9e MH-FJ-1D - Innovex Machines | Innovex Algerie\" \/>\n<meta property=\"og:description\" content=\"Fermeuse (scotcheuse) de caisse pour une cadence \u00e9lev\u00e9e utilise du ruban adh\u00e9sif pour sceller la partie inf\u00e9rieure et sup\u00e9rieure des caisses.\" \/>\n<meta property=\"og:url\" content=\"https:\/\/innovexalgerie.com\/machines\/produit\/fermeuse-scotcheuse-de-caisse-pour-une-cadence-elevee-mh-fj-1d\/\" \/>\n<meta property=\"og:site_name\" content=\"Innovex Machines | Innovex Algerie\" \/>\n<meta property=\"article:publisher\" content=\"https:\/\/www.facebook.com\/innovexmachine1\" \/>\n<meta property=\"article:modified_time\" content=\"2025-05-13T09:19:37+00:00\" \/>\n<meta property=\"og:image\" content=\"https:\/\/innovexalgerie.com\/machines\/wp-content\/uploads\/2021\/03\/fj-1d-1.jpg\" \/>\n\t<meta property=\"og:image:width\" content=\"1000\" \/>\n\t<meta property=\"og:image:height\" content=\"1000\" \/>\n<meta name=\"twitter:card\" content=\"summary_large_image\" \/>\n<meta name=\"twitter:label1\" content=\"Dur\u00e9e de lecture est.\" \/>\n\t<meta name=\"twitter:data1\" content=\"1 minute\" \/>\n<script type=\"application\/ld+json\" class=\"yoast-schema-graph\">{\"@context\":\"https:\/\/schema.org\",\"@graph\":[{\"@type\":\"WebSite\",\"@id\":\"https:\/\/innovexalgerie.com\/machines\/#website\",\"url\":\"https:\/\/innovexalgerie.com\/machines\/\",\"name\":\"Innovex Machines | Innovex Algerie\",\"description\":\"Fournisseur de machines d&#039;emballage et d&#039;imprimerie\",\"potentialAction\":[{\"@type\":\"SearchAction\",\"target\":{\"@type\":\"EntryPoint\",\"urlTemplate\":\"https:\/\/innovexalgerie.com\/machines\/?s={search_term_string}\"},\"query-input\":\"required name=search_term_string\"}],\"inLanguage\":\"fr-FR\"},{\"@type\":\"ImageObject\",\"@id\":\"https:\/\/innovexalgerie.com\/machines\/produit\/fermeuse-scotcheuse-de-caisse-pour-une-cadence-elevee-mh-fj-1d\/#primaryimage\",\"inLanguage\":\"fr-FR\",\"url\":\"https:\/\/innovexalgerie.com\/machines\/wp-content\/uploads\/2021\/03\/fj-1d-1.jpg\",\"contentUrl\":\"https:\/\/innovexalgerie.com\/machines\/wp-content\/uploads\/2021\/03\/fj-1d-1.jpg\",\"width\":1000,\"height\":1000},{\"@type\":\"WebPage\",\"@id\":\"https:\/\/innovexalgerie.com\/machines\/produit\/fermeuse-scotcheuse-de-caisse-pour-une-cadence-elevee-mh-fj-1d\/#webpage\",\"url\":\"https:\/\/innovexalgerie.com\/machines\/produit\/fermeuse-scotcheuse-de-caisse-pour-une-cadence-elevee-mh-fj-1d\/\",\"name\":\"Fermeuse (scotcheuse) de caisse pour une cadence \\u00e9lev\\u00e9e MH-FJ-1D - Innovex Machines | Innovex Algerie\",\"isPartOf\":{\"@id\":\"https:\/\/innovexalgerie.com\/machines\/#website\"},\"primaryImageOfPage\":{\"@id\":\"https:\/\/innovexalgerie.com\/machines\/produit\/fermeuse-scotcheuse-de-caisse-pour-une-cadence-elevee-mh-fj-1d\/#primaryimage\"},\"datePublished\":\"2021-03-24T19:45:21+00:00\",\"dateModified\":\"2025-05-13T09:19:37+00:00\",\"description\":\"Fermeuse (scotcheuse) de caisse pour une cadence \\u00e9lev\\u00e9e utilise du ruban adh\\u00e9sif pour sceller la partie inf\\u00e9rieure et sup\\u00e9rieure des caisses.\",\"breadcrumb\":{\"@id\":\"https:\/\/innovexalgerie.com\/machines\/produit\/fermeuse-scotcheuse-de-caisse-pour-une-cadence-elevee-mh-fj-1d\/#breadcrumb\"},\"inLanguage\":\"fr-FR\",\"potentialAction\":[{\"@type\":\"ReadAction\",\"target\":[\"https:\/\/innovexalgerie.com\/machines\/produit\/fermeuse-scotcheuse-de-caisse-pour-une-cadence-elevee-mh-fj-1d\/\"]}]},{\"@type\":\"BreadcrumbList\",\"@id\":\"https:\/\/innovexalgerie.com\/machines\/produit\/fermeuse-scotcheuse-de-caisse-pour-une-cadence-elevee-mh-fj-1d\/#breadcrumb\",\"itemListElement\":[{\"@type\":\"ListItem\",\"position\":1,\"name\":\"Accueil\",\"item\":\"https:\/\/innovexalgerie.com\/machines\/\"},{\"@type\":\"ListItem\",\"position\":2,\"name\":\"Produits\",\"item\":\"https:\/\/innovexalgerie.com\/machines\/boutique\/\"},{\"@type\":\"ListItem\",\"position\":3,\"name\":\"Fermeuse (scotcheuse) de caisse pour une cadence \\u00e9lev\\u00e9e MH-FJ-1D\"}]}]}<\/script>\n<!-- \/ Yoast SEO Premium plugin. -->","yoast_head_json":{"title":"Fermeuse (scotcheuse) de caisse pour une cadence \u00e9lev\u00e9e MH-FJ-1D - Innovex Machines | Innovex Algerie","description":"Fermeuse (scotcheuse) de caisse pour une cadence \u00e9lev\u00e9e utilise du ruban adh\u00e9sif pour sceller la partie inf\u00e9rieure et sup\u00e9rieure des caisses.","robots":{"index":"index","follow":"follow","max-snippet":"max-snippet:-1","max-image-preview":"max-image-preview:large","max-video-preview":"max-video-preview:-1"},"canonical":"https:\/\/innovexalgerie.com\/machines\/produit\/fermeuse-scotcheuse-de-caisse-pour-une-cadence-elevee-mh-fj-1d\/","og_locale":"fr_FR","og_type":"article","og_title":"Fermeuse (scotcheuse) de caisse pour une cadence \u00e9lev\u00e9e MH-FJ-1D - Innovex Machines | Innovex Algerie","og_description":"Fermeuse (scotcheuse) de caisse pour une cadence \u00e9lev\u00e9e utilise du ruban adh\u00e9sif pour sceller la partie inf\u00e9rieure et sup\u00e9rieure des caisses.","og_url":"https:\/\/innovexalgerie.com\/machines\/produit\/fermeuse-scotcheuse-de-caisse-pour-une-cadence-elevee-mh-fj-1d\/","og_site_name":"Innovex Machines | Innovex Algerie","article_publisher":"https:\/\/www.facebook.com\/innovexmachine1","article_modified_time":"2025-05-13T09:19:37+00:00","og_image":[{"width":1000,"height":1000,"url":"https:\/\/innovexalgerie.com\/machines\/wp-content\/uploads\/2021\/03\/fj-1d-1.jpg","path":"\/home\/inovex\/public_html\/machines\/wp-content\/uploads\/2021\/03\/fj-1d-1.jpg","size":"full","id":216,"alt":"","pixels":1000000,"type":"image\/jpeg"}],"twitter_card":"summary_large_image","twitter_misc":{"Dur\u00e9e de lecture est.":"1 minute"},"schema":{"@context":"https:\/\/schema.org","@graph":[{"@type":"WebSite","@id":"https:\/\/innovexalgerie.com\/machines\/#website","url":"https:\/\/innovexalgerie.com\/machines\/","name":"Innovex Machines | Innovex Algerie","description":"Fournisseur de machines d&#039;emballage et d&#039;imprimerie","potentialAction":[{"@type":"SearchAction","target":{"@type":"EntryPoint","urlTemplate":"https:\/\/innovexalgerie.com\/machines\/?s={search_term_string}"},"query-input":"required name=search_term_string"}],"inLanguage":"fr-FR"},{"@type":"ImageObject","@id":"https:\/\/innovexalgerie.com\/machines\/produit\/fermeuse-scotcheuse-de-caisse-pour-une-cadence-elevee-mh-fj-1d\/#primaryimage","inLanguage":"fr-FR","url":"https:\/\/innovexalgerie.com\/machines\/wp-content\/uploads\/2021\/03\/fj-1d-1.jpg","contentUrl":"https:\/\/innovexalgerie.com\/machines\/wp-content\/uploads\/2021\/03\/fj-1d-1.jpg","width":1000,"height":1000},{"@type":"WebPage","@id":"https:\/\/innovexalgerie.com\/machines\/produit\/fermeuse-scotcheuse-de-caisse-pour-une-cadence-elevee-mh-fj-1d\/#webpage","url":"https:\/\/innovexalgerie.com\/machines\/produit\/fermeuse-scotcheuse-de-caisse-pour-une-cadence-elevee-mh-fj-1d\/","name":"Fermeuse (scotcheuse) de caisse pour une cadence \u00e9lev\u00e9e MH-FJ-1D - Innovex Machines | Innovex Algerie","isPartOf":{"@id":"https:\/\/innovexalgerie.com\/machines\/#website"},"primaryImageOfPage":{"@id":"https:\/\/innovexalgerie.com\/machines\/produit\/fermeuse-scotcheuse-de-caisse-pour-une-cadence-elevee-mh-fj-1d\/#primaryimage"},"datePublished":"2021-03-24T19:45:21+00:00","dateModified":"2025-05-13T09:19:37+00:00","description":"Fermeuse (scotcheuse) de caisse pour une cadence \u00e9lev\u00e9e utilise du ruban adh\u00e9sif pour sceller la partie inf\u00e9rieure et sup\u00e9rieure des caisses.","breadcrumb":{"@id":"https:\/\/innovexalgerie.com\/machines\/produit\/fermeuse-scotcheuse-de-caisse-pour-une-cadence-elevee-mh-fj-1d\/#breadcrumb"},"inLanguage":"fr-FR","potentialAction":[{"@type":"ReadAction","target":["https:\/\/innovexalgerie.com\/machines\/produit\/fermeuse-scotcheuse-de-caisse-pour-une-cadence-elevee-mh-fj-1d\/"]}]},{"@type":"BreadcrumbList","@id":"https:\/\/innovexalgerie.com\/machines\/produit\/fermeuse-scotcheuse-de-caisse-pour-une-cadence-elevee-mh-fj-1d\/#breadcrumb","itemListElement":[{"@type":"ListItem","position":1,"name":"Accueil","item":"https:\/\/innovexalgerie.com\/machines\/"},{"@type":"ListItem","position":2,"name":"Produits","item":"https:\/\/innovexalgerie.com\/machines\/boutique\/"},{"@type":"ListItem","position":3,"name":"Fermeuse (scotcheuse) de caisse pour une cadence \u00e9lev\u00e9e MH-FJ-1D"}]}]}},"_links":{"self":[{"href":"https:\/\/innovexalgerie.com\/machines\/wp-json\/wp\/v2\/product\/90","targetHints":{"allow":["GET"]}}],"collection":[{"href":"https:\/\/innovexalgerie.com\/machines\/wp-json\/wp\/v2\/product"}],"about":[{"href":"https:\/\/innovexalgerie.com\/machines\/wp-json\/wp\/v2\/types\/product"}],"version-history":[{"count":9,"href":"https:\/\/innovexalgerie.com\/machines\/wp-json\/wp\/v2\/product\/90\/revisions"}],"predecessor-version":[{"id":33295,"href":"https:\/\/innovexalgerie.com\/machines\/wp-json\/wp\/v2\/product\/90\/revisions\/33295"}],"wp:featuredmedia":[{"embeddable":true,"href":"https:\/\/innovexalgerie.com\/machines\/wp-json\/wp\/v2\/media\/216"}],"wp:attachment":[{"href":"https:\/\/innovexalgerie.com\/machines\/wp-json\/wp\/v2\/media?parent=90"}],"wp:term":[{"taxonomy":"product_cat","embeddable":true,"href":"https:\/\/innovexalgerie.com\/machines\/wp-json\/wp\/v2\/product_cat?post=90"},{"taxonomy":"product_tag","embeddable":true,"href":"https:\/\/innovexalgerie.com\/machines\/wp-json\/wp\/v2\/product_tag?post=90"}],"curies":[{"name":"wp","href":"https:\/\/api.w.org\/{rel}","templated":true}]}}