{"id":901,"date":"2021-03-24T20:50:48","date_gmt":"2021-03-24T19:50:48","guid":{"rendered":"https:\/\/innovexalgerie.com\/machines2\/?post_type=product&#038;p=901"},"modified":"2022-04-28T11:41:32","modified_gmt":"2022-04-28T10:41:32","slug":"machine-a-coudre-portative-electrique-np-7a","status":"publish","type":"product","link":"https:\/\/innovexalgerie.com\/machines\/produit\/machine-a-coudre-portative-electrique-np-7a\/","title":{"rendered":"Machine \u00e0 coudre portative \u00e9lectrique NP-7A"},"content":{"rendered":"<p>Machine \u00e0 coudre pour sacs portative \u00e9lectrique <strong>NP-7A<\/strong> de la marque japonaise New Long, \u00e0 grande vitesse avec came en acier offre une longue dur\u00e9e de vie et d&rsquo;entretien minimum. Con\u00e7u pour une utilisation intensive, le ferme-sac \u00e0 point de cha\u00eenette \u00e0 une vitesse maximale de 1600tr\/min. Id\u00e9ale pour fermer les sacs de produits agricoles tels que des fertilisants, produits chimiques, la farine&#8230;etc<\/p>\n<ul>\n<li>Coud papier, coton, toile, jute, polypropyl\u00e8ne tiss\u00e9 et une multitude d\u2019autres mat\u00e9riaux.<\/li>\n<li>Boucleur am\u00e9lior\u00e9 et m\u00e9canisme simplifi\u00e9.<\/li>\n<li>Came en acier durci pour une longue dur\u00e9e (pas de plastique).<\/li>\n<li>L\u2019outil est \u00e9quip\u00e9 d\u2019un crochet pour \u00eatre attach\u00e9 \u00e0 une balance \u00e0 ressort.<\/li>\n<li>Facile \u00e0 utiliser, une seule personne peut fonctionner.<\/li>\n<li>\u00a0Op\u00e9ration l\u00e9g\u00e8re et facile avec le coupe-fil automatique.<\/li>\n<li>Petite taille, utilisation facile, vitesse \u00e9lev\u00e9e et bonne qualit\u00e9.<\/li>\n<li>\u00c9quip\u00e9 d&rsquo;un dispositif de lubrification pour huiler et prolonger la dur\u00e9e de vie de la machine.<\/li>\n<li>Machine conforme aux normes CE.<\/li>\n<\/ul>\n","protected":false},"excerpt":{"rendered":"<p>Machine \u00e0 coudre pour sacs portative \u00e9lectrique de la marque japonaise New Long, \u00e0 grande vitesse avec came en acier offre une longue dur\u00e9e de vie et d&rsquo;entretien minimum. Con\u00e7u pour un fonctionnement continue.<\/p>\n<p><img loading=\"lazy\" decoding=\"async\" class=\"alignnone size-full wp-image-30282\" src=\"https:\/\/innovexalgerie.com\/machines\/wp-content\/uploads\/2021\/10\/icon-machine-a-coudre-GK26-1A-innovex-machine.jpg\" alt=\"icon-machine-\u00e0-coudre-GK26-1A-innovex-machine\" width=\"856\" height=\"196\" srcset=\"https:\/\/innovexalgerie.com\/machines\/wp-content\/uploads\/2021\/10\/icon-machine-a-coudre-GK26-1A-innovex-machine.jpg 856w, https:\/\/innovexalgerie.com\/machines\/wp-content\/uploads\/2021\/10\/icon-machine-a-coudre-GK26-1A-innovex-machine-300x69.jpg 300w, https:\/\/innovexalgerie.com\/machines\/wp-content\/uploads\/2021\/10\/icon-machine-a-coudre-GK26-1A-innovex-machine-768x176.jpg 768w, https:\/\/innovexalgerie.com\/machines\/wp-content\/uploads\/2021\/10\/icon-machine-a-coudre-GK26-1A-innovex-machine-600x137.jpg 600w\" sizes=\"auto, (max-width: 856px) 100vw, 856px\" \/><\/p>\n","protected":false},"featured_media":952,"template":"","meta":{"_monsterinsights_skip_tracking":false,"_monsterinsights_sitenote_active":false,"_monsterinsights_sitenote_note":"","_monsterinsights_sitenote_category":0},"product_cat":[230],"product_tag":[],"class_list":["post-901","product","type-product","status-publish","has-post-thumbnail","hentry","product_cat-machines-a-coudre-portative"],"yoast_head":"<!-- This site is optimized with the Yoast SEO Premium plugin v16.2 (Yoast SEO v16.7) - https:\/\/yoast.com\/wordpress\/plugins\/seo\/ -->\n<title>Machine \u00e0 coudre portative \u00e9lectrique NP-7A - Innovex Machines | Innovex Algerie<\/title>\n<meta name=\"description\" content=\"Machine \u00e0 coudre pour sacs portative \u00e9lectrique NP-7A \u00e0 grande vitesse avec came en acier offre une longue dur\u00e9e de vie et d&#039;entretien minimum. Innovex Machines\" \/>\n<meta name=\"robots\" content=\"index, follow, max-snippet:-1, max-image-preview:large, max-video-preview:-1\" \/>\n<link rel=\"canonical\" href=\"https:\/\/innovexalgerie.com\/machines\/produit\/machine-a-coudre-portative-electrique-np-7a\/\" \/>\n<meta property=\"og:locale\" content=\"fr_FR\" \/>\n<meta property=\"og:type\" content=\"article\" \/>\n<meta property=\"og:title\" content=\"Machine \u00e0 coudre portative \u00e9lectrique NP-7A - Innovex Machines | Innovex Algerie\" \/>\n<meta property=\"og:description\" content=\"Machine \u00e0 coudre pour sacs portative \u00e9lectrique NP-7A \u00e0 grande vitesse avec came en acier offre une longue dur\u00e9e de vie et d&#039;entretien minimum. Innovex Machines\" \/>\n<meta property=\"og:url\" content=\"https:\/\/innovexalgerie.com\/machines\/produit\/machine-a-coudre-portative-electrique-np-7a\/\" \/>\n<meta property=\"og:site_name\" content=\"Innovex Machines | Innovex Algerie\" \/>\n<meta property=\"article:publisher\" content=\"https:\/\/www.facebook.com\/innovexmachine1\" \/>\n<meta property=\"article:modified_time\" content=\"2022-04-28T10:41:32+00:00\" \/>\n<meta property=\"og:image\" content=\"https:\/\/innovexalgerie.com\/machines\/wp-content\/uploads\/2021\/03\/machine-a-coudre-np-7a-innovex-machine-02.jpg\" \/>\n\t<meta property=\"og:image:width\" content=\"600\" \/>\n\t<meta property=\"og:image:height\" content=\"600\" \/>\n<meta name=\"twitter:card\" content=\"summary_large_image\" \/>\n<meta name=\"twitter:label1\" content=\"Dur\u00e9e de lecture est.\" \/>\n\t<meta name=\"twitter:data1\" content=\"1 minute\" \/>\n<script type=\"application\/ld+json\" class=\"yoast-schema-graph\">{\"@context\":\"https:\/\/schema.org\",\"@graph\":[{\"@type\":\"WebSite\",\"@id\":\"https:\/\/innovexalgerie.com\/machines\/#website\",\"url\":\"https:\/\/innovexalgerie.com\/machines\/\",\"name\":\"Innovex Machines | Innovex Algerie\",\"description\":\"Fournisseur de machines d&#039;emballage et d&#039;imprimerie\",\"potentialAction\":[{\"@type\":\"SearchAction\",\"target\":{\"@type\":\"EntryPoint\",\"urlTemplate\":\"https:\/\/innovexalgerie.com\/machines\/?s={search_term_string}\"},\"query-input\":\"required name=search_term_string\"}],\"inLanguage\":\"fr-FR\"},{\"@type\":\"ImageObject\",\"@id\":\"https:\/\/innovexalgerie.com\/machines\/produit\/machine-a-coudre-portative-electrique-np-7a\/#primaryimage\",\"inLanguage\":\"fr-FR\",\"url\":\"https:\/\/innovexalgerie.com\/machines\/wp-content\/uploads\/2021\/03\/machine-a-coudre-np-7a-innovex-machine-02.jpg\",\"contentUrl\":\"https:\/\/innovexalgerie.com\/machines\/wp-content\/uploads\/2021\/03\/machine-a-coudre-np-7a-innovex-machine-02.jpg\",\"width\":600,\"height\":600},{\"@type\":\"WebPage\",\"@id\":\"https:\/\/innovexalgerie.com\/machines\/produit\/machine-a-coudre-portative-electrique-np-7a\/#webpage\",\"url\":\"https:\/\/innovexalgerie.com\/machines\/produit\/machine-a-coudre-portative-electrique-np-7a\/\",\"name\":\"Machine \\u00e0 coudre portative \\u00e9lectrique NP-7A - Innovex Machines | Innovex Algerie\",\"isPartOf\":{\"@id\":\"https:\/\/innovexalgerie.com\/machines\/#website\"},\"primaryImageOfPage\":{\"@id\":\"https:\/\/innovexalgerie.com\/machines\/produit\/machine-a-coudre-portative-electrique-np-7a\/#primaryimage\"},\"datePublished\":\"2021-03-24T19:50:48+00:00\",\"dateModified\":\"2022-04-28T10:41:32+00:00\",\"description\":\"Machine \\u00e0 coudre pour sacs portative \\u00e9lectrique NP-7A \\u00e0 grande vitesse avec came en acier offre une longue dur\\u00e9e de vie et d'entretien minimum. Innovex Machines\",\"breadcrumb\":{\"@id\":\"https:\/\/innovexalgerie.com\/machines\/produit\/machine-a-coudre-portative-electrique-np-7a\/#breadcrumb\"},\"inLanguage\":\"fr-FR\",\"potentialAction\":[{\"@type\":\"ReadAction\",\"target\":[\"https:\/\/innovexalgerie.com\/machines\/produit\/machine-a-coudre-portative-electrique-np-7a\/\"]}]},{\"@type\":\"BreadcrumbList\",\"@id\":\"https:\/\/innovexalgerie.com\/machines\/produit\/machine-a-coudre-portative-electrique-np-7a\/#breadcrumb\",\"itemListElement\":[{\"@type\":\"ListItem\",\"position\":1,\"name\":\"Accueil\",\"item\":\"https:\/\/innovexalgerie.com\/machines\/\"},{\"@type\":\"ListItem\",\"position\":2,\"name\":\"Produits\",\"item\":\"https:\/\/innovexalgerie.com\/machines\/boutique\/\"},{\"@type\":\"ListItem\",\"position\":3,\"name\":\"Machine \\u00e0 coudre portative \\u00e9lectrique NP-7A\"}]}]}<\/script>\n<!-- \/ Yoast SEO Premium plugin. -->","yoast_head_json":{"title":"Machine \u00e0 coudre portative \u00e9lectrique NP-7A - Innovex Machines | Innovex Algerie","description":"Machine \u00e0 coudre pour sacs portative \u00e9lectrique NP-7A \u00e0 grande vitesse avec came en acier offre une longue dur\u00e9e de vie et d'entretien minimum. Innovex Machines","robots":{"index":"index","follow":"follow","max-snippet":"max-snippet:-1","max-image-preview":"max-image-preview:large","max-video-preview":"max-video-preview:-1"},"canonical":"https:\/\/innovexalgerie.com\/machines\/produit\/machine-a-coudre-portative-electrique-np-7a\/","og_locale":"fr_FR","og_type":"article","og_title":"Machine \u00e0 coudre portative \u00e9lectrique NP-7A - Innovex Machines | Innovex Algerie","og_description":"Machine \u00e0 coudre pour sacs portative \u00e9lectrique NP-7A \u00e0 grande vitesse avec came en acier offre une longue dur\u00e9e de vie et d'entretien minimum. Innovex Machines","og_url":"https:\/\/innovexalgerie.com\/machines\/produit\/machine-a-coudre-portative-electrique-np-7a\/","og_site_name":"Innovex Machines | Innovex Algerie","article_publisher":"https:\/\/www.facebook.com\/innovexmachine1","article_modified_time":"2022-04-28T10:41:32+00:00","og_image":[{"width":600,"height":600,"url":"https:\/\/innovexalgerie.com\/machines\/wp-content\/uploads\/2021\/03\/machine-a-coudre-np-7a-innovex-machine-02.jpg","path":"\/home\/inovex\/public_html\/machines\/wp-content\/uploads\/2021\/03\/machine-a-coudre-np-7a-innovex-machine-02.jpg","size":"full","id":952,"alt":"","pixels":360000,"type":"image\/jpeg"}],"twitter_card":"summary_large_image","twitter_misc":{"Dur\u00e9e de lecture est.":"1 minute"},"schema":{"@context":"https:\/\/schema.org","@graph":[{"@type":"WebSite","@id":"https:\/\/innovexalgerie.com\/machines\/#website","url":"https:\/\/innovexalgerie.com\/machines\/","name":"Innovex Machines | Innovex Algerie","description":"Fournisseur de machines d&#039;emballage et d&#039;imprimerie","potentialAction":[{"@type":"SearchAction","target":{"@type":"EntryPoint","urlTemplate":"https:\/\/innovexalgerie.com\/machines\/?s={search_term_string}"},"query-input":"required name=search_term_string"}],"inLanguage":"fr-FR"},{"@type":"ImageObject","@id":"https:\/\/innovexalgerie.com\/machines\/produit\/machine-a-coudre-portative-electrique-np-7a\/#primaryimage","inLanguage":"fr-FR","url":"https:\/\/innovexalgerie.com\/machines\/wp-content\/uploads\/2021\/03\/machine-a-coudre-np-7a-innovex-machine-02.jpg","contentUrl":"https:\/\/innovexalgerie.com\/machines\/wp-content\/uploads\/2021\/03\/machine-a-coudre-np-7a-innovex-machine-02.jpg","width":600,"height":600},{"@type":"WebPage","@id":"https:\/\/innovexalgerie.com\/machines\/produit\/machine-a-coudre-portative-electrique-np-7a\/#webpage","url":"https:\/\/innovexalgerie.com\/machines\/produit\/machine-a-coudre-portative-electrique-np-7a\/","name":"Machine \u00e0 coudre portative \u00e9lectrique NP-7A - Innovex Machines | Innovex Algerie","isPartOf":{"@id":"https:\/\/innovexalgerie.com\/machines\/#website"},"primaryImageOfPage":{"@id":"https:\/\/innovexalgerie.com\/machines\/produit\/machine-a-coudre-portative-electrique-np-7a\/#primaryimage"},"datePublished":"2021-03-24T19:50:48+00:00","dateModified":"2022-04-28T10:41:32+00:00","description":"Machine \u00e0 coudre pour sacs portative \u00e9lectrique NP-7A \u00e0 grande vitesse avec came en acier offre une longue dur\u00e9e de vie et d'entretien minimum. Innovex Machines","breadcrumb":{"@id":"https:\/\/innovexalgerie.com\/machines\/produit\/machine-a-coudre-portative-electrique-np-7a\/#breadcrumb"},"inLanguage":"fr-FR","potentialAction":[{"@type":"ReadAction","target":["https:\/\/innovexalgerie.com\/machines\/produit\/machine-a-coudre-portative-electrique-np-7a\/"]}]},{"@type":"BreadcrumbList","@id":"https:\/\/innovexalgerie.com\/machines\/produit\/machine-a-coudre-portative-electrique-np-7a\/#breadcrumb","itemListElement":[{"@type":"ListItem","position":1,"name":"Accueil","item":"https:\/\/innovexalgerie.com\/machines\/"},{"@type":"ListItem","position":2,"name":"Produits","item":"https:\/\/innovexalgerie.com\/machines\/boutique\/"},{"@type":"ListItem","position":3,"name":"Machine \u00e0 coudre portative \u00e9lectrique NP-7A"}]}]}},"_links":{"self":[{"href":"https:\/\/innovexalgerie.com\/machines\/wp-json\/wp\/v2\/product\/901","targetHints":{"allow":["GET"]}}],"collection":[{"href":"https:\/\/innovexalgerie.com\/machines\/wp-json\/wp\/v2\/product"}],"about":[{"href":"https:\/\/innovexalgerie.com\/machines\/wp-json\/wp\/v2\/types\/product"}],"version-history":[{"count":5,"href":"https:\/\/innovexalgerie.com\/machines\/wp-json\/wp\/v2\/product\/901\/revisions"}],"predecessor-version":[{"id":29251,"href":"https:\/\/innovexalgerie.com\/machines\/wp-json\/wp\/v2\/product\/901\/revisions\/29251"}],"wp:featuredmedia":[{"embeddable":true,"href":"https:\/\/innovexalgerie.com\/machines\/wp-json\/wp\/v2\/media\/952"}],"wp:attachment":[{"href":"https:\/\/innovexalgerie.com\/machines\/wp-json\/wp\/v2\/media?parent=901"}],"wp:term":[{"taxonomy":"product_cat","embeddable":true,"href":"https:\/\/innovexalgerie.com\/machines\/wp-json\/wp\/v2\/product_cat?post=901"},{"taxonomy":"product_tag","embeddable":true,"href":"https:\/\/innovexalgerie.com\/machines\/wp-json\/wp\/v2\/product_tag?post=901"}],"curies":[{"name":"wp","href":"https:\/\/api.w.org\/{rel}","templated":true}]}}