{"id":91,"date":"2021-03-24T20:45:21","date_gmt":"2021-03-24T19:45:21","guid":{"rendered":"https:\/\/innovexalgerie.com\/machines2\/?post_type=product&#038;p=91"},"modified":"2022-05-26T12:24:47","modified_gmt":"2022-05-26T11:24:47","slug":"fermeuse-scotcheuse-de-caisse-automatique-mh-fj-3a","status":"publish","type":"product","link":"https:\/\/innovexalgerie.com\/machines\/produit\/fermeuse-scotcheuse-de-caisse-automatique-mh-fj-3a\/","title":{"rendered":"Fermeuse (scotcheuse) de caisse automatique MH-FJ-3A"},"content":{"rendered":"<p>Fermeuse (scotcheuse) de caisse automatique <strong>MH-FJ-3A<\/strong> ouverte en haut et pliage des rabats sup\u00e9rieurs, l&rsquo;op\u00e9rateur positionne la caisse carton sur la fermeuse qui va plier les rabats sup\u00e9rieurs et maintenir le haut de la caisse ferm\u00e9 gr\u00e2ce \u00e0 un v\u00e9rin pneumatique. La caisse est ainsi achemin\u00e9e vers 2 t\u00eates de pose d&rsquo;adh\u00e9sifs (inf\u00e9rieures et sup\u00e9rieures) qui vont scotcher simultan\u00e9ment le dessus et le dessous.<\/p>\n<ul>\n<li>V\u00e9rin pneumatique pour plier la partie sup\u00e9rieure de la caisse.<\/li>\n<li>Deux courroies motoris\u00e9es d\u2019entrainement lat\u00e9rales.<\/li>\n<li>\u00c9quip\u00e9e de deux convoyeurs \u00e0 rouleaux libres r\u00e9sistante en acier chrom\u00e9 adapt\u00e9 pour des caisses de poids lourd.\u200b<\/li>\n<li>Deux moteurs de 220v puissants dans la partie inf\u00e9rieure de la machine.<\/li>\n<li>R\u00e9glage facile en hauteur et largeur de carton.<\/li>\n<li>Table aux rouleaux en acier inoxydable mont\u00e9e sur pieds r\u00e9glables en hauteur.<\/li>\n<li>Tension de la bande adh\u00e9sif r\u00e9glable.<\/li>\n<li>\u00c9conomie d&rsquo;\u00e9nergie avec arr\u00eat temporis\u00e9 de l&rsquo;entra\u00eenement en fin d\u2019enrubannage.<\/li>\n<li>Guides lat\u00e9raux sym\u00e9triques r\u00e9glables manuellement.<\/li>\n<li>2 t\u00eates d\u2019enrubannage inf\u00e9rieure et sup\u00e9rieure largeur adh\u00e9sif 48 &#8211; 72 mm).<\/li>\n<li>Machine conforme aux normes CE.<\/li>\n<\/ul>\n<p><img loading=\"lazy\" decoding=\"async\" class=\"alignnone size-full wp-image-30492\" src=\"https:\/\/innovexalgerie.com\/machines\/wp-content\/uploads\/2021\/03\/scotcheuse-mh-fj-3a-innovex-machine.jpg\" alt=\"scotcheuse-mh-fj-3a-innovex-machine\" width=\"700\" height=\"296\" srcset=\"https:\/\/innovexalgerie.com\/machines\/wp-content\/uploads\/2021\/03\/scotcheuse-mh-fj-3a-innovex-machine.jpg 700w, https:\/\/innovexalgerie.com\/machines\/wp-content\/uploads\/2021\/03\/scotcheuse-mh-fj-3a-innovex-machine-300x127.jpg 300w, https:\/\/innovexalgerie.com\/machines\/wp-content\/uploads\/2021\/03\/scotcheuse-mh-fj-3a-innovex-machine-600x254.jpg 600w\" sizes=\"auto, (max-width: 700px) 100vw, 700px\" \/><\/p>\n","protected":false},"excerpt":{"rendered":"<p>Fermeuse (scotcheuse) de caisse automatique ouverte en haut et pliage des rabats sup\u00e9rieurs, l&rsquo;op\u00e9rateur positionne la caisse carton sur la fermeuse qui va plier les rabats sup\u00e9rieurs et maintenir le haut de la caisse ferm\u00e9 gr\u00e2ce \u00e0 un v\u00e9rin pneumatique.<img loading=\"lazy\" decoding=\"async\" class=\"alignnone size-full wp-image-30491\" src=\"https:\/\/innovexalgerie.com\/machines\/wp-content\/uploads\/2021\/03\/icon-scotcheuse-mhfj-3a-innovex-machine.jpg\" alt=\"icon-scotcheuse-mhfj-3a-innovex-machine\" width=\"891\" height=\"196\" srcset=\"https:\/\/innovexalgerie.com\/machines\/wp-content\/uploads\/2021\/03\/icon-scotcheuse-mhfj-3a-innovex-machine.jpg 891w, https:\/\/innovexalgerie.com\/machines\/wp-content\/uploads\/2021\/03\/icon-scotcheuse-mhfj-3a-innovex-machine-300x66.jpg 300w, https:\/\/innovexalgerie.com\/machines\/wp-content\/uploads\/2021\/03\/icon-scotcheuse-mhfj-3a-innovex-machine-768x169.jpg 768w, https:\/\/innovexalgerie.com\/machines\/wp-content\/uploads\/2021\/03\/icon-scotcheuse-mhfj-3a-innovex-machine-600x132.jpg 600w\" sizes=\"auto, (max-width: 891px) 100vw, 891px\" \/><\/p>\n","protected":false},"featured_media":223,"template":"","meta":{"_monsterinsights_skip_tracking":false,"_monsterinsights_sitenote_active":false,"_monsterinsights_sitenote_note":"","_monsterinsights_sitenote_category":0},"product_cat":[55],"product_tag":[56,57,58,59],"class_list":["post-91","product","type-product","status-publish","has-post-thumbnail","hentry","product_cat-scotcheuses","product_tag-bande-adhesive","product_tag-carton-sealer","product_tag-fermeuse","product_tag-scotcheuse"],"yoast_head":"<!-- This site is optimized with the Yoast SEO Premium plugin v16.2 (Yoast SEO v16.7) - https:\/\/yoast.com\/wordpress\/plugins\/seo\/ -->\n<title>Fermeuse (scotcheuse) de caisse automatique MH-FJ-3A - Innovex Machines | Innovex Algerie<\/title>\n<meta name=\"description\" content=\"Fermeuse (scotcheuse) de caisse automatique ouverte en haut et pliage des rabats sup\u00e9rieurs gr\u00e2ce \u00e0 un v\u00e9rin pneumatique.innovex machine\" \/>\n<meta name=\"robots\" content=\"index, follow, max-snippet:-1, max-image-preview:large, max-video-preview:-1\" \/>\n<link rel=\"canonical\" href=\"https:\/\/innovexalgerie.com\/machines\/produit\/fermeuse-scotcheuse-de-caisse-automatique-mh-fj-3a\/\" \/>\n<meta property=\"og:locale\" content=\"fr_FR\" \/>\n<meta property=\"og:type\" content=\"article\" \/>\n<meta property=\"og:title\" content=\"Fermeuse (scotcheuse) de caisse automatique MH-FJ-3A - Innovex Machines | Innovex Algerie\" \/>\n<meta property=\"og:description\" content=\"Fermeuse (scotcheuse) de caisse automatique ouverte en haut et pliage des rabats sup\u00e9rieurs gr\u00e2ce \u00e0 un v\u00e9rin pneumatique.innovex machine\" \/>\n<meta property=\"og:url\" content=\"https:\/\/innovexalgerie.com\/machines\/produit\/fermeuse-scotcheuse-de-caisse-automatique-mh-fj-3a\/\" \/>\n<meta property=\"og:site_name\" content=\"Innovex Machines | Innovex Algerie\" \/>\n<meta property=\"article:publisher\" content=\"https:\/\/www.facebook.com\/innovexmachine1\" \/>\n<meta property=\"article:modified_time\" content=\"2022-05-26T11:24:47+00:00\" \/>\n<meta property=\"og:image\" content=\"https:\/\/innovexalgerie.com\/machines\/wp-content\/uploads\/2021\/03\/fj-3a-innovex.jpg\" \/>\n\t<meta property=\"og:image:width\" content=\"1000\" \/>\n\t<meta property=\"og:image:height\" content=\"1000\" \/>\n<meta name=\"twitter:card\" content=\"summary_large_image\" \/>\n<meta name=\"twitter:label1\" content=\"Dur\u00e9e de lecture est.\" \/>\n\t<meta name=\"twitter:data1\" content=\"1 minute\" \/>\n<script type=\"application\/ld+json\" class=\"yoast-schema-graph\">{\"@context\":\"https:\/\/schema.org\",\"@graph\":[{\"@type\":\"WebSite\",\"@id\":\"https:\/\/innovexalgerie.com\/machines\/#website\",\"url\":\"https:\/\/innovexalgerie.com\/machines\/\",\"name\":\"Innovex Machines | Innovex Algerie\",\"description\":\"Fournisseur de machines d&#039;emballage et d&#039;imprimerie\",\"potentialAction\":[{\"@type\":\"SearchAction\",\"target\":{\"@type\":\"EntryPoint\",\"urlTemplate\":\"https:\/\/innovexalgerie.com\/machines\/?s={search_term_string}\"},\"query-input\":\"required name=search_term_string\"}],\"inLanguage\":\"fr-FR\"},{\"@type\":\"ImageObject\",\"@id\":\"https:\/\/innovexalgerie.com\/machines\/produit\/fermeuse-scotcheuse-de-caisse-automatique-mh-fj-3a\/#primaryimage\",\"inLanguage\":\"fr-FR\",\"url\":\"https:\/\/innovexalgerie.com\/machines\/wp-content\/uploads\/2021\/03\/fj-3a-innovex.jpg\",\"contentUrl\":\"https:\/\/innovexalgerie.com\/machines\/wp-content\/uploads\/2021\/03\/fj-3a-innovex.jpg\",\"width\":1000,\"height\":1000},{\"@type\":\"WebPage\",\"@id\":\"https:\/\/innovexalgerie.com\/machines\/produit\/fermeuse-scotcheuse-de-caisse-automatique-mh-fj-3a\/#webpage\",\"url\":\"https:\/\/innovexalgerie.com\/machines\/produit\/fermeuse-scotcheuse-de-caisse-automatique-mh-fj-3a\/\",\"name\":\"Fermeuse (scotcheuse) de caisse automatique MH-FJ-3A - Innovex Machines | Innovex Algerie\",\"isPartOf\":{\"@id\":\"https:\/\/innovexalgerie.com\/machines\/#website\"},\"primaryImageOfPage\":{\"@id\":\"https:\/\/innovexalgerie.com\/machines\/produit\/fermeuse-scotcheuse-de-caisse-automatique-mh-fj-3a\/#primaryimage\"},\"datePublished\":\"2021-03-24T19:45:21+00:00\",\"dateModified\":\"2022-05-26T11:24:47+00:00\",\"description\":\"Fermeuse (scotcheuse) de caisse automatique ouverte en haut et pliage des rabats sup\\u00e9rieurs gr\\u00e2ce \\u00e0 un v\\u00e9rin pneumatique.innovex machine\",\"breadcrumb\":{\"@id\":\"https:\/\/innovexalgerie.com\/machines\/produit\/fermeuse-scotcheuse-de-caisse-automatique-mh-fj-3a\/#breadcrumb\"},\"inLanguage\":\"fr-FR\",\"potentialAction\":[{\"@type\":\"ReadAction\",\"target\":[\"https:\/\/innovexalgerie.com\/machines\/produit\/fermeuse-scotcheuse-de-caisse-automatique-mh-fj-3a\/\"]}]},{\"@type\":\"BreadcrumbList\",\"@id\":\"https:\/\/innovexalgerie.com\/machines\/produit\/fermeuse-scotcheuse-de-caisse-automatique-mh-fj-3a\/#breadcrumb\",\"itemListElement\":[{\"@type\":\"ListItem\",\"position\":1,\"name\":\"Accueil\",\"item\":\"https:\/\/innovexalgerie.com\/machines\/\"},{\"@type\":\"ListItem\",\"position\":2,\"name\":\"Produits\",\"item\":\"https:\/\/innovexalgerie.com\/machines\/boutique\/\"},{\"@type\":\"ListItem\",\"position\":3,\"name\":\"Fermeuse (scotcheuse) de caisse automatique MH-FJ-3A\"}]}]}<\/script>\n<!-- \/ Yoast SEO Premium plugin. -->","yoast_head_json":{"title":"Fermeuse (scotcheuse) de caisse automatique MH-FJ-3A - Innovex Machines | Innovex Algerie","description":"Fermeuse (scotcheuse) de caisse automatique ouverte en haut et pliage des rabats sup\u00e9rieurs gr\u00e2ce \u00e0 un v\u00e9rin pneumatique.innovex machine","robots":{"index":"index","follow":"follow","max-snippet":"max-snippet:-1","max-image-preview":"max-image-preview:large","max-video-preview":"max-video-preview:-1"},"canonical":"https:\/\/innovexalgerie.com\/machines\/produit\/fermeuse-scotcheuse-de-caisse-automatique-mh-fj-3a\/","og_locale":"fr_FR","og_type":"article","og_title":"Fermeuse (scotcheuse) de caisse automatique MH-FJ-3A - Innovex Machines | Innovex Algerie","og_description":"Fermeuse (scotcheuse) de caisse automatique ouverte en haut et pliage des rabats sup\u00e9rieurs gr\u00e2ce \u00e0 un v\u00e9rin pneumatique.innovex machine","og_url":"https:\/\/innovexalgerie.com\/machines\/produit\/fermeuse-scotcheuse-de-caisse-automatique-mh-fj-3a\/","og_site_name":"Innovex Machines | Innovex Algerie","article_publisher":"https:\/\/www.facebook.com\/innovexmachine1","article_modified_time":"2022-05-26T11:24:47+00:00","og_image":[{"width":1000,"height":1000,"url":"https:\/\/innovexalgerie.com\/machines\/wp-content\/uploads\/2021\/03\/fj-3a-innovex.jpg","path":"\/home\/inovex\/public_html\/machines\/wp-content\/uploads\/2021\/03\/fj-3a-innovex.jpg","size":"full","id":223,"alt":"","pixels":1000000,"type":"image\/jpeg"}],"twitter_card":"summary_large_image","twitter_misc":{"Dur\u00e9e de lecture est.":"1 minute"},"schema":{"@context":"https:\/\/schema.org","@graph":[{"@type":"WebSite","@id":"https:\/\/innovexalgerie.com\/machines\/#website","url":"https:\/\/innovexalgerie.com\/machines\/","name":"Innovex Machines | Innovex Algerie","description":"Fournisseur de machines d&#039;emballage et d&#039;imprimerie","potentialAction":[{"@type":"SearchAction","target":{"@type":"EntryPoint","urlTemplate":"https:\/\/innovexalgerie.com\/machines\/?s={search_term_string}"},"query-input":"required name=search_term_string"}],"inLanguage":"fr-FR"},{"@type":"ImageObject","@id":"https:\/\/innovexalgerie.com\/machines\/produit\/fermeuse-scotcheuse-de-caisse-automatique-mh-fj-3a\/#primaryimage","inLanguage":"fr-FR","url":"https:\/\/innovexalgerie.com\/machines\/wp-content\/uploads\/2021\/03\/fj-3a-innovex.jpg","contentUrl":"https:\/\/innovexalgerie.com\/machines\/wp-content\/uploads\/2021\/03\/fj-3a-innovex.jpg","width":1000,"height":1000},{"@type":"WebPage","@id":"https:\/\/innovexalgerie.com\/machines\/produit\/fermeuse-scotcheuse-de-caisse-automatique-mh-fj-3a\/#webpage","url":"https:\/\/innovexalgerie.com\/machines\/produit\/fermeuse-scotcheuse-de-caisse-automatique-mh-fj-3a\/","name":"Fermeuse (scotcheuse) de caisse automatique MH-FJ-3A - Innovex Machines | Innovex Algerie","isPartOf":{"@id":"https:\/\/innovexalgerie.com\/machines\/#website"},"primaryImageOfPage":{"@id":"https:\/\/innovexalgerie.com\/machines\/produit\/fermeuse-scotcheuse-de-caisse-automatique-mh-fj-3a\/#primaryimage"},"datePublished":"2021-03-24T19:45:21+00:00","dateModified":"2022-05-26T11:24:47+00:00","description":"Fermeuse (scotcheuse) de caisse automatique ouverte en haut et pliage des rabats sup\u00e9rieurs gr\u00e2ce \u00e0 un v\u00e9rin pneumatique.innovex machine","breadcrumb":{"@id":"https:\/\/innovexalgerie.com\/machines\/produit\/fermeuse-scotcheuse-de-caisse-automatique-mh-fj-3a\/#breadcrumb"},"inLanguage":"fr-FR","potentialAction":[{"@type":"ReadAction","target":["https:\/\/innovexalgerie.com\/machines\/produit\/fermeuse-scotcheuse-de-caisse-automatique-mh-fj-3a\/"]}]},{"@type":"BreadcrumbList","@id":"https:\/\/innovexalgerie.com\/machines\/produit\/fermeuse-scotcheuse-de-caisse-automatique-mh-fj-3a\/#breadcrumb","itemListElement":[{"@type":"ListItem","position":1,"name":"Accueil","item":"https:\/\/innovexalgerie.com\/machines\/"},{"@type":"ListItem","position":2,"name":"Produits","item":"https:\/\/innovexalgerie.com\/machines\/boutique\/"},{"@type":"ListItem","position":3,"name":"Fermeuse (scotcheuse) de caisse automatique MH-FJ-3A"}]}]}},"_links":{"self":[{"href":"https:\/\/innovexalgerie.com\/machines\/wp-json\/wp\/v2\/product\/91","targetHints":{"allow":["GET"]}}],"collection":[{"href":"https:\/\/innovexalgerie.com\/machines\/wp-json\/wp\/v2\/product"}],"about":[{"href":"https:\/\/innovexalgerie.com\/machines\/wp-json\/wp\/v2\/types\/product"}],"version-history":[{"count":4,"href":"https:\/\/innovexalgerie.com\/machines\/wp-json\/wp\/v2\/product\/91\/revisions"}],"predecessor-version":[{"id":29104,"href":"https:\/\/innovexalgerie.com\/machines\/wp-json\/wp\/v2\/product\/91\/revisions\/29104"}],"wp:featuredmedia":[{"embeddable":true,"href":"https:\/\/innovexalgerie.com\/machines\/wp-json\/wp\/v2\/media\/223"}],"wp:attachment":[{"href":"https:\/\/innovexalgerie.com\/machines\/wp-json\/wp\/v2\/media?parent=91"}],"wp:term":[{"taxonomy":"product_cat","embeddable":true,"href":"https:\/\/innovexalgerie.com\/machines\/wp-json\/wp\/v2\/product_cat?post=91"},{"taxonomy":"product_tag","embeddable":true,"href":"https:\/\/innovexalgerie.com\/machines\/wp-json\/wp\/v2\/product_tag?post=91"}],"curies":[{"name":"wp","href":"https:\/\/api.w.org\/{rel}","templated":true}]}}