{"id":92,"date":"2021-03-24T20:45:21","date_gmt":"2021-03-24T19:45:21","guid":{"rendered":"https:\/\/innovexalgerie.com\/machines2\/?post_type=product&#038;p=92"},"modified":"2022-05-25T16:15:52","modified_gmt":"2022-05-25T15:15:52","slug":"fermeuse-scotcheuse-de-caisse-automatique-multifonction-mh-fj-2","status":"publish","type":"product","link":"https:\/\/innovexalgerie.com\/machines\/produit\/fermeuse-scotcheuse-de-caisse-automatique-multifonction-mh-fj-2\/","title":{"rendered":"Fermeuse (scotcheuse) de caisse automatique multifonction MH-FJ-2"},"content":{"rendered":"<p>Fermeuse (scotcheuse) de caisse automatique multifonction <strong>MH-FJ-2, <\/strong>est une machine automatique pour la fermeture simultan\u00e9e de caisses am\u00e9ricaines de dimension diff\u00e9rentes avec du ruban adh\u00e9sif, convient aux productions multi-format, muni des bandes d\u2019entra\u00eenement lat\u00e9rales et sup\u00e9rieur. Elle est particuli\u00e8rement adapt\u00e9e pour tout type de cartons gr\u00e2ce \u00e0 l&rsquo;avancement des cartons qui est assur\u00e9 par la combinaison des bandes lat\u00e9rales et sup\u00e9rieures. Elle s&rsquo;adapte automatiquement \u00e0 la dimension du carton.<\/p>\n<ul>\n<li>D\u00e9tection automatique au format de la caisse.<\/li>\n<li>03 Moteurs puissants de 220v (deux en bas et un moteur dans la partie sup\u00e9rieure de la machine).<\/li>\n<li>V\u00e9rin pneumatique qui s\u2019adapte \u00e0 la dimension de la caisse.<\/li>\n<li>Deux bandes d\u2019entrainement lat\u00e9raux et dessus motoris\u00e9es.<\/li>\n<li>Deux convoyeurs \u00e0 rouleaux en acier chrom\u00e9 adapt\u00e9 pour des caisses de poids lourd.\u200b<\/li>\n<li>Tension de la bande adh\u00e9sif r\u00e9glable.<\/li>\n<li>Table aux rouleaux en acier inoxydable mont\u00e9e sur pieds r\u00e9glables en hauteur.<\/li>\n<li>\u00c9conomie d&rsquo;\u00e9nergie avec arr\u00eat temporis\u00e9 de l&rsquo;entra\u00eenement en fin d\u2019enrubannage.<\/li>\n<li>2 t\u00eates d\u2019enrubannage inf\u00e9rieure et sup\u00e9rieure largeur adh\u00e9sif 50 mm).<\/li>\n<li>R\u00e9glage automatique des caisses en hauteur et largeur par deux v\u00e9rins pneumatiques.<\/li>\n<li>\u00a0Introduction et pliage manuel des rabats d\u00e9p\u00f4t de ruban adh\u00e9sif sup\u00e9rieur et inf\u00e9rieur.<\/li>\n<li>Machine conforme aux normes CE.<\/li>\n<\/ul>\n","protected":false},"excerpt":{"rendered":"<p>Fermeuse (scotcheuse) de caisse automatique multifonction pour la fermeture simultan\u00e9e de caisses am\u00e9ricaines de dimension diff\u00e9rentes adapt\u00e9e pour tout type de cartons, convient aux productions multi-format.<img loading=\"lazy\" decoding=\"async\" class=\"alignnone size-full wp-image-30488\" src=\"https:\/\/innovexalgerie.com\/machines\/wp-content\/uploads\/2021\/03\/icon-scotcheuse-auto-mh-fj-2-innovex-machine.jpg\" alt=\"icon-scotcheuse-auto-mh-fj-2-innovex-machine\" width=\"856\" height=\"196\" srcset=\"https:\/\/innovexalgerie.com\/machines\/wp-content\/uploads\/2021\/03\/icon-scotcheuse-auto-mh-fj-2-innovex-machine.jpg 856w, https:\/\/innovexalgerie.com\/machines\/wp-content\/uploads\/2021\/03\/icon-scotcheuse-auto-mh-fj-2-innovex-machine-300x69.jpg 300w, https:\/\/innovexalgerie.com\/machines\/wp-content\/uploads\/2021\/03\/icon-scotcheuse-auto-mh-fj-2-innovex-machine-768x176.jpg 768w, https:\/\/innovexalgerie.com\/machines\/wp-content\/uploads\/2021\/03\/icon-scotcheuse-auto-mh-fj-2-innovex-machine-600x137.jpg 600w\" sizes=\"auto, (max-width: 856px) 100vw, 856px\" \/><\/p>\n<p>&nbsp;<\/p>\n","protected":false},"featured_media":225,"template":"","meta":{"_monsterinsights_skip_tracking":false,"_monsterinsights_sitenote_active":false,"_monsterinsights_sitenote_note":"","_monsterinsights_sitenote_category":0},"product_cat":[55],"product_tag":[60,56,57,61,59],"class_list":["post-92","product","type-product","status-publish","has-post-thumbnail","hentry","product_cat-scotcheuses","product_tag-automatique","product_tag-bande-adhesive","product_tag-carton-sealer","product_tag-scotch","product_tag-scotcheuse"],"yoast_head":"<!-- This site is optimized with the Yoast SEO Premium plugin v16.2 (Yoast SEO v16.7) - https:\/\/yoast.com\/wordpress\/plugins\/seo\/ -->\n<title>Fermeuse (scotcheuse) de caisse automatique multifonction MH-FJ-2 - Innovex Machines | Innovex Algerie<\/title>\n<meta name=\"description\" content=\"Fermeuse (scotcheuse) de caisse automatique multifonction pour la fermeture simultan\u00e9e de caisses de dimension diff\u00e9rentes.innovex\" \/>\n<meta name=\"robots\" content=\"index, follow, max-snippet:-1, max-image-preview:large, max-video-preview:-1\" \/>\n<link rel=\"canonical\" href=\"https:\/\/innovexalgerie.com\/machines\/produit\/fermeuse-scotcheuse-de-caisse-automatique-multifonction-mh-fj-2\/\" \/>\n<meta property=\"og:locale\" content=\"fr_FR\" \/>\n<meta property=\"og:type\" content=\"article\" \/>\n<meta property=\"og:title\" content=\"Fermeuse (scotcheuse) de caisse automatique multifonction MH-FJ-2 - Innovex Machines | Innovex Algerie\" \/>\n<meta property=\"og:description\" content=\"Fermeuse (scotcheuse) de caisse automatique multifonction pour la fermeture simultan\u00e9e de caisses de dimension diff\u00e9rentes.innovex\" \/>\n<meta property=\"og:url\" content=\"https:\/\/innovexalgerie.com\/machines\/produit\/fermeuse-scotcheuse-de-caisse-automatique-multifonction-mh-fj-2\/\" \/>\n<meta property=\"og:site_name\" content=\"Innovex Machines | Innovex Algerie\" \/>\n<meta property=\"article:publisher\" content=\"https:\/\/www.facebook.com\/innovexmachine1\" \/>\n<meta property=\"article:modified_time\" content=\"2022-05-25T15:15:52+00:00\" \/>\n<meta property=\"og:image\" content=\"https:\/\/innovexalgerie.com\/machines\/wp-content\/uploads\/2021\/03\/fj-2.jpg\" \/>\n\t<meta property=\"og:image:width\" content=\"1000\" \/>\n\t<meta property=\"og:image:height\" content=\"1000\" \/>\n<meta name=\"twitter:card\" content=\"summary_large_image\" \/>\n<meta name=\"twitter:label1\" content=\"Dur\u00e9e de lecture est.\" \/>\n\t<meta name=\"twitter:data1\" content=\"1 minute\" \/>\n<script type=\"application\/ld+json\" class=\"yoast-schema-graph\">{\"@context\":\"https:\/\/schema.org\",\"@graph\":[{\"@type\":\"WebSite\",\"@id\":\"https:\/\/innovexalgerie.com\/machines\/#website\",\"url\":\"https:\/\/innovexalgerie.com\/machines\/\",\"name\":\"Innovex Machines | Innovex Algerie\",\"description\":\"Fournisseur de machines d&#039;emballage et d&#039;imprimerie\",\"potentialAction\":[{\"@type\":\"SearchAction\",\"target\":{\"@type\":\"EntryPoint\",\"urlTemplate\":\"https:\/\/innovexalgerie.com\/machines\/?s={search_term_string}\"},\"query-input\":\"required name=search_term_string\"}],\"inLanguage\":\"fr-FR\"},{\"@type\":\"ImageObject\",\"@id\":\"https:\/\/innovexalgerie.com\/machines\/produit\/fermeuse-scotcheuse-de-caisse-automatique-multifonction-mh-fj-2\/#primaryimage\",\"inLanguage\":\"fr-FR\",\"url\":\"https:\/\/innovexalgerie.com\/machines\/wp-content\/uploads\/2021\/03\/fj-2.jpg\",\"contentUrl\":\"https:\/\/innovexalgerie.com\/machines\/wp-content\/uploads\/2021\/03\/fj-2.jpg\",\"width\":1000,\"height\":1000},{\"@type\":\"WebPage\",\"@id\":\"https:\/\/innovexalgerie.com\/machines\/produit\/fermeuse-scotcheuse-de-caisse-automatique-multifonction-mh-fj-2\/#webpage\",\"url\":\"https:\/\/innovexalgerie.com\/machines\/produit\/fermeuse-scotcheuse-de-caisse-automatique-multifonction-mh-fj-2\/\",\"name\":\"Fermeuse (scotcheuse) de caisse automatique multifonction MH-FJ-2 - Innovex Machines | Innovex Algerie\",\"isPartOf\":{\"@id\":\"https:\/\/innovexalgerie.com\/machines\/#website\"},\"primaryImageOfPage\":{\"@id\":\"https:\/\/innovexalgerie.com\/machines\/produit\/fermeuse-scotcheuse-de-caisse-automatique-multifonction-mh-fj-2\/#primaryimage\"},\"datePublished\":\"2021-03-24T19:45:21+00:00\",\"dateModified\":\"2022-05-25T15:15:52+00:00\",\"description\":\"Fermeuse (scotcheuse) de caisse automatique multifonction pour la fermeture simultan\\u00e9e de caisses de dimension diff\\u00e9rentes.innovex\",\"breadcrumb\":{\"@id\":\"https:\/\/innovexalgerie.com\/machines\/produit\/fermeuse-scotcheuse-de-caisse-automatique-multifonction-mh-fj-2\/#breadcrumb\"},\"inLanguage\":\"fr-FR\",\"potentialAction\":[{\"@type\":\"ReadAction\",\"target\":[\"https:\/\/innovexalgerie.com\/machines\/produit\/fermeuse-scotcheuse-de-caisse-automatique-multifonction-mh-fj-2\/\"]}]},{\"@type\":\"BreadcrumbList\",\"@id\":\"https:\/\/innovexalgerie.com\/machines\/produit\/fermeuse-scotcheuse-de-caisse-automatique-multifonction-mh-fj-2\/#breadcrumb\",\"itemListElement\":[{\"@type\":\"ListItem\",\"position\":1,\"name\":\"Accueil\",\"item\":\"https:\/\/innovexalgerie.com\/machines\/\"},{\"@type\":\"ListItem\",\"position\":2,\"name\":\"Produits\",\"item\":\"https:\/\/innovexalgerie.com\/machines\/boutique\/\"},{\"@type\":\"ListItem\",\"position\":3,\"name\":\"Fermeuse (scotcheuse) de caisse automatique multifonction MH-FJ-2\"}]}]}<\/script>\n<!-- \/ Yoast SEO Premium plugin. -->","yoast_head_json":{"title":"Fermeuse (scotcheuse) de caisse automatique multifonction MH-FJ-2 - Innovex Machines | Innovex Algerie","description":"Fermeuse (scotcheuse) de caisse automatique multifonction pour la fermeture simultan\u00e9e de caisses de dimension diff\u00e9rentes.innovex","robots":{"index":"index","follow":"follow","max-snippet":"max-snippet:-1","max-image-preview":"max-image-preview:large","max-video-preview":"max-video-preview:-1"},"canonical":"https:\/\/innovexalgerie.com\/machines\/produit\/fermeuse-scotcheuse-de-caisse-automatique-multifonction-mh-fj-2\/","og_locale":"fr_FR","og_type":"article","og_title":"Fermeuse (scotcheuse) de caisse automatique multifonction MH-FJ-2 - Innovex Machines | Innovex Algerie","og_description":"Fermeuse (scotcheuse) de caisse automatique multifonction pour la fermeture simultan\u00e9e de caisses de dimension diff\u00e9rentes.innovex","og_url":"https:\/\/innovexalgerie.com\/machines\/produit\/fermeuse-scotcheuse-de-caisse-automatique-multifonction-mh-fj-2\/","og_site_name":"Innovex Machines | Innovex Algerie","article_publisher":"https:\/\/www.facebook.com\/innovexmachine1","article_modified_time":"2022-05-25T15:15:52+00:00","og_image":[{"width":1000,"height":1000,"url":"https:\/\/innovexalgerie.com\/machines\/wp-content\/uploads\/2021\/03\/fj-2.jpg","path":"\/home\/inovex\/public_html\/machines\/wp-content\/uploads\/2021\/03\/fj-2.jpg","size":"full","id":225,"alt":"","pixels":1000000,"type":"image\/jpeg"}],"twitter_card":"summary_large_image","twitter_misc":{"Dur\u00e9e de lecture est.":"1 minute"},"schema":{"@context":"https:\/\/schema.org","@graph":[{"@type":"WebSite","@id":"https:\/\/innovexalgerie.com\/machines\/#website","url":"https:\/\/innovexalgerie.com\/machines\/","name":"Innovex Machines | Innovex Algerie","description":"Fournisseur de machines d&#039;emballage et d&#039;imprimerie","potentialAction":[{"@type":"SearchAction","target":{"@type":"EntryPoint","urlTemplate":"https:\/\/innovexalgerie.com\/machines\/?s={search_term_string}"},"query-input":"required name=search_term_string"}],"inLanguage":"fr-FR"},{"@type":"ImageObject","@id":"https:\/\/innovexalgerie.com\/machines\/produit\/fermeuse-scotcheuse-de-caisse-automatique-multifonction-mh-fj-2\/#primaryimage","inLanguage":"fr-FR","url":"https:\/\/innovexalgerie.com\/machines\/wp-content\/uploads\/2021\/03\/fj-2.jpg","contentUrl":"https:\/\/innovexalgerie.com\/machines\/wp-content\/uploads\/2021\/03\/fj-2.jpg","width":1000,"height":1000},{"@type":"WebPage","@id":"https:\/\/innovexalgerie.com\/machines\/produit\/fermeuse-scotcheuse-de-caisse-automatique-multifonction-mh-fj-2\/#webpage","url":"https:\/\/innovexalgerie.com\/machines\/produit\/fermeuse-scotcheuse-de-caisse-automatique-multifonction-mh-fj-2\/","name":"Fermeuse (scotcheuse) de caisse automatique multifonction MH-FJ-2 - Innovex Machines | Innovex Algerie","isPartOf":{"@id":"https:\/\/innovexalgerie.com\/machines\/#website"},"primaryImageOfPage":{"@id":"https:\/\/innovexalgerie.com\/machines\/produit\/fermeuse-scotcheuse-de-caisse-automatique-multifonction-mh-fj-2\/#primaryimage"},"datePublished":"2021-03-24T19:45:21+00:00","dateModified":"2022-05-25T15:15:52+00:00","description":"Fermeuse (scotcheuse) de caisse automatique multifonction pour la fermeture simultan\u00e9e de caisses de dimension diff\u00e9rentes.innovex","breadcrumb":{"@id":"https:\/\/innovexalgerie.com\/machines\/produit\/fermeuse-scotcheuse-de-caisse-automatique-multifonction-mh-fj-2\/#breadcrumb"},"inLanguage":"fr-FR","potentialAction":[{"@type":"ReadAction","target":["https:\/\/innovexalgerie.com\/machines\/produit\/fermeuse-scotcheuse-de-caisse-automatique-multifonction-mh-fj-2\/"]}]},{"@type":"BreadcrumbList","@id":"https:\/\/innovexalgerie.com\/machines\/produit\/fermeuse-scotcheuse-de-caisse-automatique-multifonction-mh-fj-2\/#breadcrumb","itemListElement":[{"@type":"ListItem","position":1,"name":"Accueil","item":"https:\/\/innovexalgerie.com\/machines\/"},{"@type":"ListItem","position":2,"name":"Produits","item":"https:\/\/innovexalgerie.com\/machines\/boutique\/"},{"@type":"ListItem","position":3,"name":"Fermeuse (scotcheuse) de caisse automatique multifonction MH-FJ-2"}]}]}},"_links":{"self":[{"href":"https:\/\/innovexalgerie.com\/machines\/wp-json\/wp\/v2\/product\/92","targetHints":{"allow":["GET"]}}],"collection":[{"href":"https:\/\/innovexalgerie.com\/machines\/wp-json\/wp\/v2\/product"}],"about":[{"href":"https:\/\/innovexalgerie.com\/machines\/wp-json\/wp\/v2\/types\/product"}],"version-history":[{"count":6,"href":"https:\/\/innovexalgerie.com\/machines\/wp-json\/wp\/v2\/product\/92\/revisions"}],"predecessor-version":[{"id":29111,"href":"https:\/\/innovexalgerie.com\/machines\/wp-json\/wp\/v2\/product\/92\/revisions\/29111"}],"wp:featuredmedia":[{"embeddable":true,"href":"https:\/\/innovexalgerie.com\/machines\/wp-json\/wp\/v2\/media\/225"}],"wp:attachment":[{"href":"https:\/\/innovexalgerie.com\/machines\/wp-json\/wp\/v2\/media?parent=92"}],"wp:term":[{"taxonomy":"product_cat","embeddable":true,"href":"https:\/\/innovexalgerie.com\/machines\/wp-json\/wp\/v2\/product_cat?post=92"},{"taxonomy":"product_tag","embeddable":true,"href":"https:\/\/innovexalgerie.com\/machines\/wp-json\/wp\/v2\/product_tag?post=92"}],"curies":[{"name":"wp","href":"https:\/\/api.w.org\/{rel}","templated":true}]}}