{"id":93,"date":"2021-03-24T20:45:21","date_gmt":"2021-03-24T19:45:21","guid":{"rendered":"https:\/\/innovexalgerie.com\/machines2\/?post_type=product&#038;p=93"},"modified":"2022-05-25T15:07:49","modified_gmt":"2022-05-25T14:07:49","slug":"formeuse-de-caisse-automatique-cf20tx","status":"publish","type":"product","link":"https:\/\/innovexalgerie.com\/machines\/produit\/formeuse-de-caisse-automatique-cf20tx\/","title":{"rendered":"Formeuse de caisse automatique CF20TX"},"content":{"rendered":"<p>La formeuse de caisses automatiques<strong> CF20TX<\/strong> est utilis\u00e9e pour la formation et l&rsquo;application de l&rsquo;adh\u00e9sif sur des cartons du type am\u00e9ricain. La formeuse prend le carton, plie les rabats inf\u00e9rieurs, ce derniers va \u00eatre conduits vers l\u2019op\u00e9rateur pour faire le remplissage, puis vers une t\u00eate d&rsquo;application d\u2019adh\u00e9sif en dessous. Cette formeuse peut \u00eatre combin\u00e9 \u00e0 une fermeuse sup\u00e9rieure \u00e0 ruban adh\u00e9sif.<\/p>\n<ul>\n<li>Magasin de cartons m\u00e9canis\u00e9 (avance pas \u00e0 pas par v\u00e9rin pneumatique).<\/li>\n<li>V\u00e9rins pneumatiques pour d\u00e9placer et former les caisses.<\/li>\n<li>Capacit\u00e9 magasin jusqu\u2019\u00e0 150 cartons selon l\u2019\u00e9paisseur.<\/li>\n<li>Aspiration cartons par ventouses.<\/li>\n<li>Fermeture des rabats inf\u00e9rieurs et application de l&rsquo;adh\u00e9sif, largeur 50 mm.<\/li>\n<li>Panneau de commande centralis\u00e9 \u00e0 \u00e9cran tactile .<\/li>\n<li>Alarme de fond de magasin, alarme de fin\/rupture d\u2019adh\u00e9sif, gestion d\u2019accumulation\/cadencement des boites \u00e0 la sortie.<\/li>\n<li>Carter de protection.<\/li>\n<li>Machine conforme aux normes CE.<\/li>\n<\/ul>\n<p><img loading=\"lazy\" decoding=\"async\" class=\"alignnone wp-image-26035\" src=\"https:\/\/innovexalgerie.com\/machines\/wp-content\/uploads\/2017\/03\/cf20tx-carton--300x148.jpg\" alt=\"\" width=\"233\" height=\"115\" srcset=\"https:\/\/innovexalgerie.com\/machines\/wp-content\/uploads\/2017\/03\/cf20tx-carton--300x148.jpg 300w, https:\/\/innovexalgerie.com\/machines\/wp-content\/uploads\/2017\/03\/cf20tx-carton-.jpg 342w\" sizes=\"auto, (max-width: 233px) 100vw, 233px\" \/><\/p>\n","protected":false},"excerpt":{"rendered":"<p>La formeuse des caisses automatiques est utilis\u00e9e pour la formation et l&rsquo;application d\u2019adh\u00e9sif sur des cartons du type am\u00e9ricain.<img loading=\"lazy\" decoding=\"async\" class=\"alignnone size-full wp-image-30462\" src=\"https:\/\/innovexalgerie.com\/machines\/wp-content\/uploads\/2021\/03\/icon-formeuse-de-caisse-auto-cf20tx-innovex-machine.jpg\" alt=\"icon-formeuse-de-caisse-auto-cf20tx-innovex-machine\" width=\"856\" height=\"196\" srcset=\"https:\/\/innovexalgerie.com\/machines\/wp-content\/uploads\/2021\/03\/icon-formeuse-de-caisse-auto-cf20tx-innovex-machine.jpg 856w, https:\/\/innovexalgerie.com\/machines\/wp-content\/uploads\/2021\/03\/icon-formeuse-de-caisse-auto-cf20tx-innovex-machine-300x69.jpg 300w, https:\/\/innovexalgerie.com\/machines\/wp-content\/uploads\/2021\/03\/icon-formeuse-de-caisse-auto-cf20tx-innovex-machine-768x176.jpg 768w, https:\/\/innovexalgerie.com\/machines\/wp-content\/uploads\/2021\/03\/icon-formeuse-de-caisse-auto-cf20tx-innovex-machine-600x137.jpg 600w\" sizes=\"auto, (max-width: 856px) 100vw, 856px\" \/><\/p>\n","protected":false},"featured_media":231,"template":"","meta":{"_monsterinsights_skip_tracking":false,"_monsterinsights_sitenote_active":false,"_monsterinsights_sitenote_note":"","_monsterinsights_sitenote_category":0},"product_cat":[55],"product_tag":[60,56,57,61,59],"class_list":["post-93","product","type-product","status-publish","has-post-thumbnail","hentry","product_cat-scotcheuses","product_tag-automatique","product_tag-bande-adhesive","product_tag-carton-sealer","product_tag-scotch","product_tag-scotcheuse"],"yoast_head":"<!-- This site is optimized with the Yoast SEO Premium plugin v16.2 (Yoast SEO v16.7) - https:\/\/yoast.com\/wordpress\/plugins\/seo\/ -->\n<title>Formeuse de caisse automatique CF20TX - Innovex Machines | Innovex Algerie<\/title>\n<meta name=\"description\" content=\"La formeuse des caisses automatiques est utilis\u00e9e pour la formation et l&#039;application d\u2019adh\u00e9sif sur des cartons du type am\u00e9ricain.\" \/>\n<meta name=\"robots\" content=\"index, follow, max-snippet:-1, max-image-preview:large, max-video-preview:-1\" \/>\n<link rel=\"canonical\" href=\"https:\/\/innovexalgerie.com\/machines\/produit\/formeuse-de-caisse-automatique-cf20tx\/\" \/>\n<meta property=\"og:locale\" content=\"fr_FR\" \/>\n<meta property=\"og:type\" content=\"article\" \/>\n<meta property=\"og:title\" content=\"Formeuse de caisse automatique CF20TX - Innovex Machines | Innovex Algerie\" \/>\n<meta property=\"og:description\" content=\"La formeuse des caisses automatiques est utilis\u00e9e pour la formation et l&#039;application d\u2019adh\u00e9sif sur des cartons du type am\u00e9ricain.\" \/>\n<meta property=\"og:url\" content=\"https:\/\/innovexalgerie.com\/machines\/produit\/formeuse-de-caisse-automatique-cf20tx\/\" \/>\n<meta property=\"og:site_name\" content=\"Innovex Machines | Innovex Algerie\" \/>\n<meta property=\"article:publisher\" content=\"https:\/\/www.facebook.com\/innovexmachine1\" \/>\n<meta property=\"article:modified_time\" content=\"2022-05-25T14:07:49+00:00\" \/>\n<meta property=\"og:image\" content=\"https:\/\/innovexalgerie.com\/machines\/wp-content\/uploads\/2021\/03\/formeuse-de-caisse-cf20tx.jpg\" \/>\n\t<meta property=\"og:image:width\" content=\"1000\" \/>\n\t<meta property=\"og:image:height\" content=\"1000\" \/>\n<meta name=\"twitter:card\" content=\"summary_large_image\" \/>\n<meta name=\"twitter:label1\" content=\"Dur\u00e9e de lecture est.\" \/>\n\t<meta name=\"twitter:data1\" content=\"1 minute\" \/>\n<script type=\"application\/ld+json\" class=\"yoast-schema-graph\">{\"@context\":\"https:\/\/schema.org\",\"@graph\":[{\"@type\":\"WebSite\",\"@id\":\"https:\/\/innovexalgerie.com\/machines\/#website\",\"url\":\"https:\/\/innovexalgerie.com\/machines\/\",\"name\":\"Innovex Machines | Innovex Algerie\",\"description\":\"Fournisseur de machines d&#039;emballage et d&#039;imprimerie\",\"potentialAction\":[{\"@type\":\"SearchAction\",\"target\":{\"@type\":\"EntryPoint\",\"urlTemplate\":\"https:\/\/innovexalgerie.com\/machines\/?s={search_term_string}\"},\"query-input\":\"required name=search_term_string\"}],\"inLanguage\":\"fr-FR\"},{\"@type\":\"ImageObject\",\"@id\":\"https:\/\/innovexalgerie.com\/machines\/produit\/formeuse-de-caisse-automatique-cf20tx\/#primaryimage\",\"inLanguage\":\"fr-FR\",\"url\":\"https:\/\/innovexalgerie.com\/machines\/wp-content\/uploads\/2021\/03\/formeuse-de-caisse-cf20tx.jpg\",\"contentUrl\":\"https:\/\/innovexalgerie.com\/machines\/wp-content\/uploads\/2021\/03\/formeuse-de-caisse-cf20tx.jpg\",\"width\":1000,\"height\":1000},{\"@type\":\"WebPage\",\"@id\":\"https:\/\/innovexalgerie.com\/machines\/produit\/formeuse-de-caisse-automatique-cf20tx\/#webpage\",\"url\":\"https:\/\/innovexalgerie.com\/machines\/produit\/formeuse-de-caisse-automatique-cf20tx\/\",\"name\":\"Formeuse de caisse automatique CF20TX - Innovex Machines | Innovex Algerie\",\"isPartOf\":{\"@id\":\"https:\/\/innovexalgerie.com\/machines\/#website\"},\"primaryImageOfPage\":{\"@id\":\"https:\/\/innovexalgerie.com\/machines\/produit\/formeuse-de-caisse-automatique-cf20tx\/#primaryimage\"},\"datePublished\":\"2021-03-24T19:45:21+00:00\",\"dateModified\":\"2022-05-25T14:07:49+00:00\",\"description\":\"La formeuse des caisses automatiques est utilis\\u00e9e pour la formation et l'application d\\u2019adh\\u00e9sif sur des cartons du type am\\u00e9ricain.\",\"breadcrumb\":{\"@id\":\"https:\/\/innovexalgerie.com\/machines\/produit\/formeuse-de-caisse-automatique-cf20tx\/#breadcrumb\"},\"inLanguage\":\"fr-FR\",\"potentialAction\":[{\"@type\":\"ReadAction\",\"target\":[\"https:\/\/innovexalgerie.com\/machines\/produit\/formeuse-de-caisse-automatique-cf20tx\/\"]}]},{\"@type\":\"BreadcrumbList\",\"@id\":\"https:\/\/innovexalgerie.com\/machines\/produit\/formeuse-de-caisse-automatique-cf20tx\/#breadcrumb\",\"itemListElement\":[{\"@type\":\"ListItem\",\"position\":1,\"name\":\"Accueil\",\"item\":\"https:\/\/innovexalgerie.com\/machines\/\"},{\"@type\":\"ListItem\",\"position\":2,\"name\":\"Produits\",\"item\":\"https:\/\/innovexalgerie.com\/machines\/boutique\/\"},{\"@type\":\"ListItem\",\"position\":3,\"name\":\"Formeuse de caisse automatique CF20TX\"}]}]}<\/script>\n<!-- \/ Yoast SEO Premium plugin. -->","yoast_head_json":{"title":"Formeuse de caisse automatique CF20TX - Innovex Machines | Innovex Algerie","description":"La formeuse des caisses automatiques est utilis\u00e9e pour la formation et l'application d\u2019adh\u00e9sif sur des cartons du type am\u00e9ricain.","robots":{"index":"index","follow":"follow","max-snippet":"max-snippet:-1","max-image-preview":"max-image-preview:large","max-video-preview":"max-video-preview:-1"},"canonical":"https:\/\/innovexalgerie.com\/machines\/produit\/formeuse-de-caisse-automatique-cf20tx\/","og_locale":"fr_FR","og_type":"article","og_title":"Formeuse de caisse automatique CF20TX - Innovex Machines | Innovex Algerie","og_description":"La formeuse des caisses automatiques est utilis\u00e9e pour la formation et l'application d\u2019adh\u00e9sif sur des cartons du type am\u00e9ricain.","og_url":"https:\/\/innovexalgerie.com\/machines\/produit\/formeuse-de-caisse-automatique-cf20tx\/","og_site_name":"Innovex Machines | Innovex Algerie","article_publisher":"https:\/\/www.facebook.com\/innovexmachine1","article_modified_time":"2022-05-25T14:07:49+00:00","og_image":[{"width":1000,"height":1000,"url":"https:\/\/innovexalgerie.com\/machines\/wp-content\/uploads\/2021\/03\/formeuse-de-caisse-cf20tx.jpg","path":"\/home\/inovex\/public_html\/machines\/wp-content\/uploads\/2021\/03\/formeuse-de-caisse-cf20tx.jpg","size":"full","id":231,"alt":"","pixels":1000000,"type":"image\/jpeg"}],"twitter_card":"summary_large_image","twitter_misc":{"Dur\u00e9e de lecture est.":"1 minute"},"schema":{"@context":"https:\/\/schema.org","@graph":[{"@type":"WebSite","@id":"https:\/\/innovexalgerie.com\/machines\/#website","url":"https:\/\/innovexalgerie.com\/machines\/","name":"Innovex Machines | Innovex Algerie","description":"Fournisseur de machines d&#039;emballage et d&#039;imprimerie","potentialAction":[{"@type":"SearchAction","target":{"@type":"EntryPoint","urlTemplate":"https:\/\/innovexalgerie.com\/machines\/?s={search_term_string}"},"query-input":"required name=search_term_string"}],"inLanguage":"fr-FR"},{"@type":"ImageObject","@id":"https:\/\/innovexalgerie.com\/machines\/produit\/formeuse-de-caisse-automatique-cf20tx\/#primaryimage","inLanguage":"fr-FR","url":"https:\/\/innovexalgerie.com\/machines\/wp-content\/uploads\/2021\/03\/formeuse-de-caisse-cf20tx.jpg","contentUrl":"https:\/\/innovexalgerie.com\/machines\/wp-content\/uploads\/2021\/03\/formeuse-de-caisse-cf20tx.jpg","width":1000,"height":1000},{"@type":"WebPage","@id":"https:\/\/innovexalgerie.com\/machines\/produit\/formeuse-de-caisse-automatique-cf20tx\/#webpage","url":"https:\/\/innovexalgerie.com\/machines\/produit\/formeuse-de-caisse-automatique-cf20tx\/","name":"Formeuse de caisse automatique CF20TX - Innovex Machines | Innovex Algerie","isPartOf":{"@id":"https:\/\/innovexalgerie.com\/machines\/#website"},"primaryImageOfPage":{"@id":"https:\/\/innovexalgerie.com\/machines\/produit\/formeuse-de-caisse-automatique-cf20tx\/#primaryimage"},"datePublished":"2021-03-24T19:45:21+00:00","dateModified":"2022-05-25T14:07:49+00:00","description":"La formeuse des caisses automatiques est utilis\u00e9e pour la formation et l'application d\u2019adh\u00e9sif sur des cartons du type am\u00e9ricain.","breadcrumb":{"@id":"https:\/\/innovexalgerie.com\/machines\/produit\/formeuse-de-caisse-automatique-cf20tx\/#breadcrumb"},"inLanguage":"fr-FR","potentialAction":[{"@type":"ReadAction","target":["https:\/\/innovexalgerie.com\/machines\/produit\/formeuse-de-caisse-automatique-cf20tx\/"]}]},{"@type":"BreadcrumbList","@id":"https:\/\/innovexalgerie.com\/machines\/produit\/formeuse-de-caisse-automatique-cf20tx\/#breadcrumb","itemListElement":[{"@type":"ListItem","position":1,"name":"Accueil","item":"https:\/\/innovexalgerie.com\/machines\/"},{"@type":"ListItem","position":2,"name":"Produits","item":"https:\/\/innovexalgerie.com\/machines\/boutique\/"},{"@type":"ListItem","position":3,"name":"Formeuse de caisse automatique CF20TX"}]}]}},"_links":{"self":[{"href":"https:\/\/innovexalgerie.com\/machines\/wp-json\/wp\/v2\/product\/93","targetHints":{"allow":["GET"]}}],"collection":[{"href":"https:\/\/innovexalgerie.com\/machines\/wp-json\/wp\/v2\/product"}],"about":[{"href":"https:\/\/innovexalgerie.com\/machines\/wp-json\/wp\/v2\/types\/product"}],"version-history":[{"count":9,"href":"https:\/\/innovexalgerie.com\/machines\/wp-json\/wp\/v2\/product\/93\/revisions"}],"predecessor-version":[{"id":30478,"href":"https:\/\/innovexalgerie.com\/machines\/wp-json\/wp\/v2\/product\/93\/revisions\/30478"}],"wp:featuredmedia":[{"embeddable":true,"href":"https:\/\/innovexalgerie.com\/machines\/wp-json\/wp\/v2\/media\/231"}],"wp:attachment":[{"href":"https:\/\/innovexalgerie.com\/machines\/wp-json\/wp\/v2\/media?parent=93"}],"wp:term":[{"taxonomy":"product_cat","embeddable":true,"href":"https:\/\/innovexalgerie.com\/machines\/wp-json\/wp\/v2\/product_cat?post=93"},{"taxonomy":"product_tag","embeddable":true,"href":"https:\/\/innovexalgerie.com\/machines\/wp-json\/wp\/v2\/product_tag?post=93"}],"curies":[{"name":"wp","href":"https:\/\/api.w.org\/{rel}","templated":true}]}}