{"id":592,"date":"2022-04-05T18:42:36","date_gmt":"2022-04-05T17:42:36","guid":{"rendered":"https:\/\/innovexalgerie.com\/new_manutention\/?page_id=592"},"modified":"2022-05-08T19:41:56","modified_gmt":"2022-05-08T18:41:56","slug":"qui-sommes-nous","status":"publish","type":"page","link":"https:\/\/innovexalgerie.com\/manutention\/qui-sommes-nous\/","title":{"rendered":"Qui sommes nous?"},"content":{"rendered":"\t\t<div data-elementor-type=\"wp-page\" data-elementor-id=\"592\" class=\"elementor elementor-592\">\n\t\t\t\t\t\t\t\t\t<section class=\"elementor-section elementor-top-section elementor-element elementor-element-502a322 elementor-section-full_width elementor-section-height-min-height elementor-section-height-default elementor-section-items-middle\" data-id=\"502a322\" data-element_type=\"section\" data-settings=\"{&quot;background_background&quot;:&quot;classic&quot;}\">\n\t\t\t\t\t\t<div class=\"elementor-container elementor-column-gap-default\">\n\t\t\t\t\t<div class=\"elementor-column elementor-col-100 elementor-top-column elementor-element elementor-element-2c71369\" data-id=\"2c71369\" data-element_type=\"column\">\n\t\t\t<div class=\"elementor-widget-wrap elementor-element-populated\">\n\t\t\t\t\t\t\t\t<div class=\"elementor-element elementor-element-df07ef4 elementor-widget elementor-widget-heading\" data-id=\"df07ef4\" data-element_type=\"widget\" data-widget_type=\"heading.default\">\n\t\t\t\t<div class=\"elementor-widget-container\">\n\t\t\t<style>\/*! elementor - v3.6.5 - 27-04-2022 *\/\n.elementor-heading-title{padding:0;margin:0;line-height:1}.elementor-widget-heading .elementor-heading-title[class*=elementor-size-]>a{color:inherit;font-size:inherit;line-height:inherit}.elementor-widget-heading .elementor-heading-title.elementor-size-small{font-size:15px}.elementor-widget-heading .elementor-heading-title.elementor-size-medium{font-size:19px}.elementor-widget-heading .elementor-heading-title.elementor-size-large{font-size:29px}.elementor-widget-heading .elementor-heading-title.elementor-size-xl{font-size:39px}.elementor-widget-heading .elementor-heading-title.elementor-size-xxl{font-size:59px}<\/style><h2 class=\"elementor-heading-title elementor-size-default\">INNOVEX<\/h2>\t\t<\/div>\n\t\t\t\t<\/div>\n\t\t\t\t<div class=\"elementor-element elementor-element-7154e30 elementor-widget elementor-widget-heading\" data-id=\"7154e30\" data-element_type=\"widget\" data-widget_type=\"heading.default\">\n\t\t\t\t<div class=\"elementor-widget-container\">\n\t\t\t<h2 class=\"elementor-heading-title elementor-size-default\">ENREPRISE SPECIALISEE DANS  LES EQUIPEMENTS INDUSTRIELS<\/h2>\t\t<\/div>\n\t\t\t\t<\/div>\n\t\t\t\t\t<\/div>\n\t\t<\/div>\n\t\t\t\t\t\t\t<\/div>\n\t\t<\/section>\n\t\t\t\t<section class=\"elementor-section elementor-top-section elementor-element elementor-element-f040260 elementor-section-boxed elementor-section-height-default elementor-section-height-default\" data-id=\"f040260\" data-element_type=\"section\">\n\t\t\t\t\t\t<div class=\"elementor-container elementor-column-gap-default\">\n\t\t\t\t\t<div class=\"elementor-column elementor-col-66 elementor-top-column elementor-element elementor-element-5a62b85\" data-id=\"5a62b85\" data-element_type=\"column\">\n\t\t\t<div class=\"elementor-widget-wrap elementor-element-populated\">\n\t\t\t\t\t\t\t\t<div class=\"elementor-element elementor-element-5665d3f elementor-widget elementor-widget-text-editor\" data-id=\"5665d3f\" data-element_type=\"widget\" data-widget_type=\"text-editor.default\">\n\t\t\t\t<div class=\"elementor-widget-container\">\n\t\t\t<style>\/*! elementor - v3.6.5 - 27-04-2022 *\/\n.elementor-widget-text-editor.elementor-drop-cap-view-stacked .elementor-drop-cap{background-color:#818a91;color:#fff}.elementor-widget-text-editor.elementor-drop-cap-view-framed .elementor-drop-cap{color:#818a91;border:3px solid;background-color:transparent}.elementor-widget-text-editor:not(.elementor-drop-cap-view-default) .elementor-drop-cap{margin-top:8px}.elementor-widget-text-editor:not(.elementor-drop-cap-view-default) .elementor-drop-cap-letter{width:1em;height:1em}.elementor-widget-text-editor .elementor-drop-cap{float:left;text-align:center;line-height:1;font-size:50px}.elementor-widget-text-editor .elementor-drop-cap-letter{display:inline-block}<\/style>\t\t\t\t<div id=\":1ac\" class=\"ii gt\"><div id=\":190\" class=\"a3s aiL \"><div dir=\"ltr\"><p>INNOVEX machines est une entreprise sp\u00e9cialis\u00e9e dans la fourniture des \u00e9quipements industriels pour les professionnels.\u00a0<\/p><p>INNOVEX de par son exp\u00e9rience et son savoir-faire qui est le r\u00e9sultat d\u2019un long travail avec les entreprises est \u00e0 leur service pour l\u2019acquisition du mat\u00e9riel, l\u2019accompagnement au cours de leur d\u00e9veloppement en leur fournissant les solutions ad\u00e9quates \u00e0 leurs besoins tout en assurant la qualit\u00e9 du produit et de service.\u00a0<\/p><p>INNOVEX met \u00e0 la disposition de ses clients un service technique permanent, pendant et apr\u00e8s la p\u00e9riode de garantie, avec la disponibilit\u00e9 d\u2019une large gamme de pi\u00e8ces de rechange et de produits consommables.\u00a0<\/p><p>INNOVEX machines d&#8217;emballage: Toutes les solutions de packaging pour r\u00e9pondre aux besoins de l\u2019industrie: du fardelage au convoyage, pose de l\u2019adh\u00e9sif, cerclage, fermeuse de cartons jusqu\u2019au banderolage.<\/p><p>Dans l\u2019imprimerie nous offrons des machines d\u2019apr\u00e8s impression et de finition: massicots, pelliculeuses, encolleuses et une riche gamme de machines li\u00e9es au domaine de l\u2019imprimerie.<\/p><p>En manutention INNOVEX met \u00e0 disposition de ses clients une large gamme d&rsquo;\u00e9quipements et d&rsquo;outils de manutention adapt\u00e9s \u00e0 toute activit\u00e9 industrielle et commerciale tels que chariots, transpalettes, gerbeurs et outils de manutention de f\u00fbts ; un indispensable dans tous les entrep\u00f4ts, usines et magasins.<\/p><p>Plus une large gamme de rayonnages industriels et alimentaires, et d&rsquo;autres outils qui facilitent et organisent la t\u00e2che de stockage tels que des balances de toutes capacit\u00e9s et des bacs de toutes tailles.\u00a0<\/p><p>Simplicit\u00e9, adaptation et robustesse sont notre devise pour vous fournir le meilleur service.<\/p><\/div><\/div><\/div>\t\t\t\t\t\t<\/div>\n\t\t\t\t<\/div>\n\t\t\t\t\t<\/div>\n\t\t<\/div>\n\t\t\t\t<div class=\"elementor-column elementor-col-33 elementor-top-column elementor-element elementor-element-ed820bc\" data-id=\"ed820bc\" data-element_type=\"column\" data-settings=\"{&quot;background_background&quot;:&quot;classic&quot;}\">\n\t\t\t<div class=\"elementor-widget-wrap\">\n\t\t\t\t\t\t\t\t\t<\/div>\n\t\t<\/div>\n\t\t\t\t\t\t\t<\/div>\n\t\t<\/section>\n\t\t\t\t\t\t\t<\/div>\n\t\t","protected":false},"excerpt":{"rendered":"<p>INNOVEX ENREPRISE SPECIALISEE DANS LES EQUIPEMENTS INDUSTRIELS INNOVEX machines est une entreprise sp\u00e9cialis\u00e9e dans la fourniture des \u00e9quipements industriels pour les professionnels.\u00a0 INNOVEX de par son exp\u00e9rience et son savoir-faire qui est le r\u00e9sultat d\u2019un long travail avec les entreprises est \u00e0 leur service pour l\u2019acquisition du mat\u00e9riel, l\u2019accompagnement au cours de leur d\u00e9veloppement en [&hellip;]<\/p>\n","protected":false},"author":1,"featured_media":0,"parent":0,"menu_order":0,"comment_status":"closed","ping_status":"closed","template":"","meta":{"_monsterinsights_skip_tracking":false,"_monsterinsights_sitenote_active":false,"_monsterinsights_sitenote_note":"","_monsterinsights_sitenote_category":0,"footnotes":""},"class_list":["post-592","page","type-page","status-publish","hentry"],"acf":[],"yoast_head":"<!-- This site is optimized with the Yoast SEO plugin v22.6 - https:\/\/yoast.com\/wordpress\/plugins\/seo\/ -->\n<title>Qui sommes nous? - INNOVEX Alg\u00e9rie | Manutention<\/title>\n<meta name=\"robots\" content=\"index, follow, max-snippet:-1, max-image-preview:large, max-video-preview:-1\" \/>\n<link rel=\"canonical\" href=\"https:\/\/innovexalgerie.com\/manutention\/qui-sommes-nous\/\" \/>\n<meta property=\"og:locale\" content=\"fr_FR\" \/>\n<meta property=\"og:type\" content=\"article\" \/>\n<meta property=\"og:title\" content=\"Qui sommes nous? - INNOVEX Alg\u00e9rie | Manutention\" \/>\n<meta property=\"og:description\" content=\"INNOVEX ENREPRISE SPECIALISEE DANS LES EQUIPEMENTS INDUSTRIELS INNOVEX machines est une entreprise sp\u00e9cialis\u00e9e dans la fourniture des \u00e9quipements industriels pour les professionnels.\u00a0 INNOVEX de par son exp\u00e9rience et son savoir-faire qui est le r\u00e9sultat d\u2019un long travail avec les entreprises est \u00e0 leur service pour l\u2019acquisition du mat\u00e9riel, l\u2019accompagnement au cours de leur d\u00e9veloppement en [&hellip;]\" \/>\n<meta property=\"og:url\" content=\"https:\/\/innovexalgerie.com\/manutention\/qui-sommes-nous\/\" \/>\n<meta property=\"og:site_name\" content=\"INNOVEX Alg\u00e9rie | Manutention\" \/>\n<meta property=\"article:modified_time\" content=\"2022-05-08T18:41:56+00:00\" \/>\n<meta name=\"twitter:card\" content=\"summary_large_image\" \/>\n<meta name=\"twitter:label1\" content=\"Dur\u00e9e de lecture estim\u00e9e\" \/>\n\t<meta name=\"twitter:data1\" content=\"1 minute\" \/>\n<script type=\"application\/ld+json\" class=\"yoast-schema-graph\">{\"@context\":\"https:\/\/schema.org\",\"@graph\":[{\"@type\":\"WebPage\",\"@id\":\"https:\/\/innovexalgerie.com\/manutention\/qui-sommes-nous\/\",\"url\":\"https:\/\/innovexalgerie.com\/manutention\/qui-sommes-nous\/\",\"name\":\"Qui sommes nous? - INNOVEX Alg\u00e9rie | Manutention\",\"isPartOf\":{\"@id\":\"https:\/\/innovexalgerie.com\/manutention\/#website\"},\"datePublished\":\"2022-04-05T17:42:36+00:00\",\"dateModified\":\"2022-05-08T18:41:56+00:00\",\"breadcrumb\":{\"@id\":\"https:\/\/innovexalgerie.com\/manutention\/qui-sommes-nous\/#breadcrumb\"},\"inLanguage\":\"fr-FR\",\"potentialAction\":[{\"@type\":\"ReadAction\",\"target\":[\"https:\/\/innovexalgerie.com\/manutention\/qui-sommes-nous\/\"]}]},{\"@type\":\"BreadcrumbList\",\"@id\":\"https:\/\/innovexalgerie.com\/manutention\/qui-sommes-nous\/#breadcrumb\",\"itemListElement\":[{\"@type\":\"ListItem\",\"position\":1,\"name\":\"Accueil\",\"item\":\"https:\/\/innovexalgerie.com\/manutention\/\"},{\"@type\":\"ListItem\",\"position\":2,\"name\":\"Qui sommes nous?\"}]},{\"@type\":\"WebSite\",\"@id\":\"https:\/\/innovexalgerie.com\/manutention\/#website\",\"url\":\"https:\/\/innovexalgerie.com\/manutention\/\",\"name\":\"INNOVEX Alg\u00e9rie | Manutention\",\"description\":\"Manutention\",\"publisher\":{\"@id\":\"https:\/\/innovexalgerie.com\/manutention\/#organization\"},\"potentialAction\":[{\"@type\":\"SearchAction\",\"target\":{\"@type\":\"EntryPoint\",\"urlTemplate\":\"https:\/\/innovexalgerie.com\/manutention\/?s={search_term_string}\"},\"query-input\":\"required name=search_term_string\"}],\"inLanguage\":\"fr-FR\"},{\"@type\":\"Organization\",\"@id\":\"https:\/\/innovexalgerie.com\/manutention\/#organization\",\"name\":\"INNOVEX Alg\u00e9rie | Manutention\",\"url\":\"https:\/\/innovexalgerie.com\/manutention\/\",\"logo\":{\"@type\":\"ImageObject\",\"inLanguage\":\"fr-FR\",\"@id\":\"https:\/\/innovexalgerie.com\/manutention\/#\/schema\/logo\/image\/\",\"url\":\"https:\/\/innovexalgerie.com\/manutention\/wp-content\/uploads\/2022\/03\/innovex_manutention_logo.svg\",\"contentUrl\":\"https:\/\/innovexalgerie.com\/manutention\/wp-content\/uploads\/2022\/03\/innovex_manutention_logo.svg\",\"width\":133,\"height\":36,\"caption\":\"INNOVEX Alg\u00e9rie | Manutention\"},\"image\":{\"@id\":\"https:\/\/innovexalgerie.com\/manutention\/#\/schema\/logo\/image\/\"}}]}<\/script>\n<!-- \/ Yoast SEO plugin. -->","yoast_head_json":{"title":"Qui sommes nous? - INNOVEX Alg\u00e9rie | Manutention","robots":{"index":"index","follow":"follow","max-snippet":"max-snippet:-1","max-image-preview":"max-image-preview:large","max-video-preview":"max-video-preview:-1"},"canonical":"https:\/\/innovexalgerie.com\/manutention\/qui-sommes-nous\/","og_locale":"fr_FR","og_type":"article","og_title":"Qui sommes nous? - INNOVEX Alg\u00e9rie | Manutention","og_description":"INNOVEX ENREPRISE SPECIALISEE DANS LES EQUIPEMENTS INDUSTRIELS INNOVEX machines est une entreprise sp\u00e9cialis\u00e9e dans la fourniture des \u00e9quipements industriels pour les professionnels.\u00a0 INNOVEX de par son exp\u00e9rience et son savoir-faire qui est le r\u00e9sultat d\u2019un long travail avec les entreprises est \u00e0 leur service pour l\u2019acquisition du mat\u00e9riel, l\u2019accompagnement au cours de leur d\u00e9veloppement en [&hellip;]","og_url":"https:\/\/innovexalgerie.com\/manutention\/qui-sommes-nous\/","og_site_name":"INNOVEX Alg\u00e9rie | Manutention","article_modified_time":"2022-05-08T18:41:56+00:00","twitter_card":"summary_large_image","twitter_misc":{"Dur\u00e9e de lecture estim\u00e9e":"1 minute"},"schema":{"@context":"https:\/\/schema.org","@graph":[{"@type":"WebPage","@id":"https:\/\/innovexalgerie.com\/manutention\/qui-sommes-nous\/","url":"https:\/\/innovexalgerie.com\/manutention\/qui-sommes-nous\/","name":"Qui sommes nous? - INNOVEX Alg\u00e9rie | Manutention","isPartOf":{"@id":"https:\/\/innovexalgerie.com\/manutention\/#website"},"datePublished":"2022-04-05T17:42:36+00:00","dateModified":"2022-05-08T18:41:56+00:00","breadcrumb":{"@id":"https:\/\/innovexalgerie.com\/manutention\/qui-sommes-nous\/#breadcrumb"},"inLanguage":"fr-FR","potentialAction":[{"@type":"ReadAction","target":["https:\/\/innovexalgerie.com\/manutention\/qui-sommes-nous\/"]}]},{"@type":"BreadcrumbList","@id":"https:\/\/innovexalgerie.com\/manutention\/qui-sommes-nous\/#breadcrumb","itemListElement":[{"@type":"ListItem","position":1,"name":"Accueil","item":"https:\/\/innovexalgerie.com\/manutention\/"},{"@type":"ListItem","position":2,"name":"Qui sommes nous?"}]},{"@type":"WebSite","@id":"https:\/\/innovexalgerie.com\/manutention\/#website","url":"https:\/\/innovexalgerie.com\/manutention\/","name":"INNOVEX Alg\u00e9rie | Manutention","description":"Manutention","publisher":{"@id":"https:\/\/innovexalgerie.com\/manutention\/#organization"},"potentialAction":[{"@type":"SearchAction","target":{"@type":"EntryPoint","urlTemplate":"https:\/\/innovexalgerie.com\/manutention\/?s={search_term_string}"},"query-input":"required name=search_term_string"}],"inLanguage":"fr-FR"},{"@type":"Organization","@id":"https:\/\/innovexalgerie.com\/manutention\/#organization","name":"INNOVEX Alg\u00e9rie | Manutention","url":"https:\/\/innovexalgerie.com\/manutention\/","logo":{"@type":"ImageObject","inLanguage":"fr-FR","@id":"https:\/\/innovexalgerie.com\/manutention\/#\/schema\/logo\/image\/","url":"https:\/\/innovexalgerie.com\/manutention\/wp-content\/uploads\/2022\/03\/innovex_manutention_logo.svg","contentUrl":"https:\/\/innovexalgerie.com\/manutention\/wp-content\/uploads\/2022\/03\/innovex_manutention_logo.svg","width":133,"height":36,"caption":"INNOVEX Alg\u00e9rie | Manutention"},"image":{"@id":"https:\/\/innovexalgerie.com\/manutention\/#\/schema\/logo\/image\/"}}]}},"_links":{"self":[{"href":"https:\/\/innovexalgerie.com\/manutention\/wp-json\/wp\/v2\/pages\/592","targetHints":{"allow":["GET"]}}],"collection":[{"href":"https:\/\/innovexalgerie.com\/manutention\/wp-json\/wp\/v2\/pages"}],"about":[{"href":"https:\/\/innovexalgerie.com\/manutention\/wp-json\/wp\/v2\/types\/page"}],"author":[{"embeddable":true,"href":"https:\/\/innovexalgerie.com\/manutention\/wp-json\/wp\/v2\/users\/1"}],"replies":[{"embeddable":true,"href":"https:\/\/innovexalgerie.com\/manutention\/wp-json\/wp\/v2\/comments?post=592"}],"version-history":[{"count":10,"href":"https:\/\/innovexalgerie.com\/manutention\/wp-json\/wp\/v2\/pages\/592\/revisions"}],"predecessor-version":[{"id":1147,"href":"https:\/\/innovexalgerie.com\/manutention\/wp-json\/wp\/v2\/pages\/592\/revisions\/1147"}],"wp:attachment":[{"href":"https:\/\/innovexalgerie.com\/manutention\/wp-json\/wp\/v2\/media?parent=592"}],"curies":[{"name":"wp","href":"https:\/\/api.w.org\/{rel}","templated":true}]}}