{"id":141,"date":"2022-03-28T21:50:41","date_gmt":"2022-03-28T20:50:41","guid":{"rendered":"https:\/\/innovexalgerie.com\/new_manutention\/?post_type=product&#038;p=141"},"modified":"2025-05-05T09:37:10","modified_gmt":"2025-05-05T08:37:10","slug":"transpalette-standard-ac30","status":"publish","type":"product","link":"https:\/\/innovexalgerie.com\/manutention\/produit\/transpalette-standard-ac30\/","title":{"rendered":"Transpalette standard AC30"},"content":{"rendered":"<p>Le transpalette <strong>AC30<\/strong> repr\u00e9sente un outil de manutention pratique et efficace pour les diff\u00e9rentes op\u00e9rations de magasinage dans les entrep\u00f4ts et les usines. Il supporte des charges maximales de 3000 kg et dispose de fourches d&rsquo;une longueur de 1150 mm qui s&rsquo;\u00e9l\u00e8vent \u00e0 une hauteur de 190 mm.<\/p>\n","protected":false},"excerpt":{"rendered":"<p>Le transpalette AC30 repr\u00e9sente un outil de manutention pratique et efficace pour les diff\u00e9rentes op\u00e9rations de magasinage dans les entrep\u00f4ts et les usines.<\/p>\n","protected":false},"featured_media":4585,"template":"","meta":{"_monsterinsights_skip_tracking":false,"_monsterinsights_sitenote_active":false,"_monsterinsights_sitenote_note":"","_monsterinsights_sitenote_category":0},"product_cat":[16],"product_tag":[],"class_list":["post-141","product","type-product","status-publish","has-post-thumbnail","hentry","product_cat-transpalettes"],"acf":[],"yoast_head":"<!-- This site is optimized with the Yoast SEO plugin v22.6 - https:\/\/yoast.com\/wordpress\/plugins\/seo\/ -->\n<title>Transpalette standard AC30 - INNOVEX Alg\u00e9rie | Manutention<\/title>\n<meta name=\"description\" content=\"Le transpalette AC30 repr\u00e9sente un outil de manutention pratique et efficace pour les diff\u00e9rentes op\u00e9rations de magasinage. innovex algerie\" \/>\n<meta name=\"robots\" content=\"index, follow, max-snippet:-1, max-image-preview:large, max-video-preview:-1\" \/>\n<link rel=\"canonical\" href=\"https:\/\/innovexalgerie.com\/manutention\/produit\/transpalette-standard-ac30\/\" \/>\n<meta property=\"og:locale\" content=\"fr_FR\" \/>\n<meta property=\"og:type\" content=\"article\" \/>\n<meta property=\"og:title\" content=\"Transpalette standard AC30 - INNOVEX Alg\u00e9rie | Manutention\" \/>\n<meta property=\"og:description\" content=\"Le transpalette AC30 repr\u00e9sente un outil de manutention pratique et efficace pour les diff\u00e9rentes op\u00e9rations de magasinage. innovex algerie\" \/>\n<meta property=\"og:url\" content=\"https:\/\/innovexalgerie.com\/manutention\/produit\/transpalette-standard-ac30\/\" \/>\n<meta property=\"og:site_name\" content=\"INNOVEX Alg\u00e9rie | Manutention\" \/>\n<meta property=\"article:modified_time\" content=\"2025-05-05T08:37:10+00:00\" \/>\n<meta property=\"og:image\" content=\"https:\/\/innovexalgerie.com\/manutention\/wp-content\/uploads\/2022\/03\/TRANSPALETTE-MANU-AC.jpg\" \/>\n\t<meta property=\"og:image:width\" content=\"1000\" \/>\n\t<meta property=\"og:image:height\" content=\"1000\" \/>\n\t<meta property=\"og:image:type\" content=\"image\/jpeg\" \/>\n<meta name=\"twitter:card\" content=\"summary_large_image\" \/>\n<meta name=\"twitter:label1\" content=\"Dur\u00e9e de lecture estim\u00e9e\" \/>\n\t<meta name=\"twitter:data1\" content=\"1 minute\" \/>\n<script type=\"application\/ld+json\" class=\"yoast-schema-graph\">{\"@context\":\"https:\/\/schema.org\",\"@graph\":[{\"@type\":\"WebPage\",\"@id\":\"https:\/\/innovexalgerie.com\/manutention\/produit\/transpalette-standard-ac30\/\",\"url\":\"https:\/\/innovexalgerie.com\/manutention\/produit\/transpalette-standard-ac30\/\",\"name\":\"Transpalette standard AC30 - INNOVEX Alg\u00e9rie | Manutention\",\"isPartOf\":{\"@id\":\"https:\/\/innovexalgerie.com\/manutention\/#website\"},\"primaryImageOfPage\":{\"@id\":\"https:\/\/innovexalgerie.com\/manutention\/produit\/transpalette-standard-ac30\/#primaryimage\"},\"image\":{\"@id\":\"https:\/\/innovexalgerie.com\/manutention\/produit\/transpalette-standard-ac30\/#primaryimage\"},\"thumbnailUrl\":\"https:\/\/innovexalgerie.com\/manutention\/wp-content\/uploads\/2022\/03\/TRANSPALETTE-MANU-AC.jpg\",\"datePublished\":\"2022-03-28T20:50:41+00:00\",\"dateModified\":\"2025-05-05T08:37:10+00:00\",\"description\":\"Le transpalette AC30 repr\u00e9sente un outil de manutention pratique et efficace pour les diff\u00e9rentes op\u00e9rations de magasinage. innovex algerie\",\"breadcrumb\":{\"@id\":\"https:\/\/innovexalgerie.com\/manutention\/produit\/transpalette-standard-ac30\/#breadcrumb\"},\"inLanguage\":\"fr-FR\",\"potentialAction\":[{\"@type\":\"ReadAction\",\"target\":[\"https:\/\/innovexalgerie.com\/manutention\/produit\/transpalette-standard-ac30\/\"]}]},{\"@type\":\"ImageObject\",\"inLanguage\":\"fr-FR\",\"@id\":\"https:\/\/innovexalgerie.com\/manutention\/produit\/transpalette-standard-ac30\/#primaryimage\",\"url\":\"https:\/\/innovexalgerie.com\/manutention\/wp-content\/uploads\/2022\/03\/TRANSPALETTE-MANU-AC.jpg\",\"contentUrl\":\"https:\/\/innovexalgerie.com\/manutention\/wp-content\/uploads\/2022\/03\/TRANSPALETTE-MANU-AC.jpg\",\"width\":1000,\"height\":1000,\"caption\":\"TRANSPALETTE-MANU-AC\"},{\"@type\":\"BreadcrumbList\",\"@id\":\"https:\/\/innovexalgerie.com\/manutention\/produit\/transpalette-standard-ac30\/#breadcrumb\",\"itemListElement\":[{\"@type\":\"ListItem\",\"position\":1,\"name\":\"Accueil\",\"item\":\"https:\/\/innovexalgerie.com\/manutention\/\"},{\"@type\":\"ListItem\",\"position\":2,\"name\":\"Boutique\",\"item\":\"https:\/\/innovexalgerie.com\/manutention\/boutique\/\"},{\"@type\":\"ListItem\",\"position\":3,\"name\":\"Transpalette standard AC30\"}]},{\"@type\":\"WebSite\",\"@id\":\"https:\/\/innovexalgerie.com\/manutention\/#website\",\"url\":\"https:\/\/innovexalgerie.com\/manutention\/\",\"name\":\"INNOVEX Alg\u00e9rie | Manutention\",\"description\":\"Manutention\",\"publisher\":{\"@id\":\"https:\/\/innovexalgerie.com\/manutention\/#organization\"},\"potentialAction\":[{\"@type\":\"SearchAction\",\"target\":{\"@type\":\"EntryPoint\",\"urlTemplate\":\"https:\/\/innovexalgerie.com\/manutention\/?s={search_term_string}\"},\"query-input\":\"required name=search_term_string\"}],\"inLanguage\":\"fr-FR\"},{\"@type\":\"Organization\",\"@id\":\"https:\/\/innovexalgerie.com\/manutention\/#organization\",\"name\":\"INNOVEX Alg\u00e9rie | Manutention\",\"url\":\"https:\/\/innovexalgerie.com\/manutention\/\",\"logo\":{\"@type\":\"ImageObject\",\"inLanguage\":\"fr-FR\",\"@id\":\"https:\/\/innovexalgerie.com\/manutention\/#\/schema\/logo\/image\/\",\"url\":\"https:\/\/innovexalgerie.com\/manutention\/wp-content\/uploads\/2022\/03\/innovex_manutention_logo.svg\",\"contentUrl\":\"https:\/\/innovexalgerie.com\/manutention\/wp-content\/uploads\/2022\/03\/innovex_manutention_logo.svg\",\"width\":133,\"height\":36,\"caption\":\"INNOVEX Alg\u00e9rie | Manutention\"},\"image\":{\"@id\":\"https:\/\/innovexalgerie.com\/manutention\/#\/schema\/logo\/image\/\"}}]}<\/script>\n<!-- \/ Yoast SEO plugin. -->","yoast_head_json":{"title":"Transpalette standard AC30 - INNOVEX Alg\u00e9rie | Manutention","description":"Le transpalette AC30 repr\u00e9sente un outil de manutention pratique et efficace pour les diff\u00e9rentes op\u00e9rations de magasinage. innovex algerie","robots":{"index":"index","follow":"follow","max-snippet":"max-snippet:-1","max-image-preview":"max-image-preview:large","max-video-preview":"max-video-preview:-1"},"canonical":"https:\/\/innovexalgerie.com\/manutention\/produit\/transpalette-standard-ac30\/","og_locale":"fr_FR","og_type":"article","og_title":"Transpalette standard AC30 - INNOVEX Alg\u00e9rie | Manutention","og_description":"Le transpalette AC30 repr\u00e9sente un outil de manutention pratique et efficace pour les diff\u00e9rentes op\u00e9rations de magasinage. innovex algerie","og_url":"https:\/\/innovexalgerie.com\/manutention\/produit\/transpalette-standard-ac30\/","og_site_name":"INNOVEX Alg\u00e9rie | Manutention","article_modified_time":"2025-05-05T08:37:10+00:00","og_image":[{"width":1000,"height":1000,"url":"https:\/\/innovexalgerie.com\/manutention\/wp-content\/uploads\/2022\/03\/TRANSPALETTE-MANU-AC.jpg","type":"image\/jpeg"}],"twitter_card":"summary_large_image","twitter_misc":{"Dur\u00e9e de lecture estim\u00e9e":"1 minute"},"schema":{"@context":"https:\/\/schema.org","@graph":[{"@type":"WebPage","@id":"https:\/\/innovexalgerie.com\/manutention\/produit\/transpalette-standard-ac30\/","url":"https:\/\/innovexalgerie.com\/manutention\/produit\/transpalette-standard-ac30\/","name":"Transpalette standard AC30 - INNOVEX Alg\u00e9rie | Manutention","isPartOf":{"@id":"https:\/\/innovexalgerie.com\/manutention\/#website"},"primaryImageOfPage":{"@id":"https:\/\/innovexalgerie.com\/manutention\/produit\/transpalette-standard-ac30\/#primaryimage"},"image":{"@id":"https:\/\/innovexalgerie.com\/manutention\/produit\/transpalette-standard-ac30\/#primaryimage"},"thumbnailUrl":"https:\/\/innovexalgerie.com\/manutention\/wp-content\/uploads\/2022\/03\/TRANSPALETTE-MANU-AC.jpg","datePublished":"2022-03-28T20:50:41+00:00","dateModified":"2025-05-05T08:37:10+00:00","description":"Le transpalette AC30 repr\u00e9sente un outil de manutention pratique et efficace pour les diff\u00e9rentes op\u00e9rations de magasinage. innovex algerie","breadcrumb":{"@id":"https:\/\/innovexalgerie.com\/manutention\/produit\/transpalette-standard-ac30\/#breadcrumb"},"inLanguage":"fr-FR","potentialAction":[{"@type":"ReadAction","target":["https:\/\/innovexalgerie.com\/manutention\/produit\/transpalette-standard-ac30\/"]}]},{"@type":"ImageObject","inLanguage":"fr-FR","@id":"https:\/\/innovexalgerie.com\/manutention\/produit\/transpalette-standard-ac30\/#primaryimage","url":"https:\/\/innovexalgerie.com\/manutention\/wp-content\/uploads\/2022\/03\/TRANSPALETTE-MANU-AC.jpg","contentUrl":"https:\/\/innovexalgerie.com\/manutention\/wp-content\/uploads\/2022\/03\/TRANSPALETTE-MANU-AC.jpg","width":1000,"height":1000,"caption":"TRANSPALETTE-MANU-AC"},{"@type":"BreadcrumbList","@id":"https:\/\/innovexalgerie.com\/manutention\/produit\/transpalette-standard-ac30\/#breadcrumb","itemListElement":[{"@type":"ListItem","position":1,"name":"Accueil","item":"https:\/\/innovexalgerie.com\/manutention\/"},{"@type":"ListItem","position":2,"name":"Boutique","item":"https:\/\/innovexalgerie.com\/manutention\/boutique\/"},{"@type":"ListItem","position":3,"name":"Transpalette standard AC30"}]},{"@type":"WebSite","@id":"https:\/\/innovexalgerie.com\/manutention\/#website","url":"https:\/\/innovexalgerie.com\/manutention\/","name":"INNOVEX Alg\u00e9rie | Manutention","description":"Manutention","publisher":{"@id":"https:\/\/innovexalgerie.com\/manutention\/#organization"},"potentialAction":[{"@type":"SearchAction","target":{"@type":"EntryPoint","urlTemplate":"https:\/\/innovexalgerie.com\/manutention\/?s={search_term_string}"},"query-input":"required name=search_term_string"}],"inLanguage":"fr-FR"},{"@type":"Organization","@id":"https:\/\/innovexalgerie.com\/manutention\/#organization","name":"INNOVEX Alg\u00e9rie | Manutention","url":"https:\/\/innovexalgerie.com\/manutention\/","logo":{"@type":"ImageObject","inLanguage":"fr-FR","@id":"https:\/\/innovexalgerie.com\/manutention\/#\/schema\/logo\/image\/","url":"https:\/\/innovexalgerie.com\/manutention\/wp-content\/uploads\/2022\/03\/innovex_manutention_logo.svg","contentUrl":"https:\/\/innovexalgerie.com\/manutention\/wp-content\/uploads\/2022\/03\/innovex_manutention_logo.svg","width":133,"height":36,"caption":"INNOVEX Alg\u00e9rie | Manutention"},"image":{"@id":"https:\/\/innovexalgerie.com\/manutention\/#\/schema\/logo\/image\/"}}]}},"_links":{"self":[{"href":"https:\/\/innovexalgerie.com\/manutention\/wp-json\/wp\/v2\/product\/141","targetHints":{"allow":["GET"]}}],"collection":[{"href":"https:\/\/innovexalgerie.com\/manutention\/wp-json\/wp\/v2\/product"}],"about":[{"href":"https:\/\/innovexalgerie.com\/manutention\/wp-json\/wp\/v2\/types\/product"}],"wp:featuredmedia":[{"embeddable":true,"href":"https:\/\/innovexalgerie.com\/manutention\/wp-json\/wp\/v2\/media\/4585"}],"wp:attachment":[{"href":"https:\/\/innovexalgerie.com\/manutention\/wp-json\/wp\/v2\/media?parent=141"}],"wp:term":[{"taxonomy":"product_cat","embeddable":true,"href":"https:\/\/innovexalgerie.com\/manutention\/wp-json\/wp\/v2\/product_cat?post=141"},{"taxonomy":"product_tag","embeddable":true,"href":"https:\/\/innovexalgerie.com\/manutention\/wp-json\/wp\/v2\/product_tag?post=141"}],"curies":[{"name":"wp","href":"https:\/\/api.w.org\/{rel}","templated":true}]}}