{"id":146,"date":"2022-03-28T21:50:41","date_gmt":"2022-03-28T20:50:41","guid":{"rendered":"https:\/\/innovexalgerie.com\/new_manutention\/?post_type=product&#038;p=146"},"modified":"2022-07-25T13:05:27","modified_gmt":"2022-07-25T12:05:27","slug":"mini-gerbeur-manuel-ps0415","status":"publish","type":"product","link":"https:\/\/innovexalgerie.com\/manutention\/produit\/mini-gerbeur-manuel-ps0415\/","title":{"rendered":"Mini gerbeur manuel PS 0415"},"content":{"rendered":"<p><span style=\"font-weight: 400\">Le mini gerbeur manuel <\/span><b>PS 0415, <\/b>supporte<span style=\"font-weight: 400\"> une charge de 400 Kg et peut s\u2019\u00e9lever jusqu&rsquo;\u00e0 1,5 M. Il dispose d\u2019une plaque d\u00e9montable qui transforme le gerbeur en une table \u00e9l\u00e9vatrice.<\/span><\/p>\n","protected":false},"excerpt":{"rendered":"<p><span style=\"font-weight: 400\">Le mini gerbeur manuel <\/span><b>PS 0415<\/b><span style=\"font-weight: 400\">, est <\/span><b>\u00a0<\/b><span style=\"font-weight: 400\">est une solution pratique et efficace pour l<\/span><span style=\"font-weight: 400\">es op\u00e9rations de magasinage dans les entrep\u00f4ts et les usines<\/span><span style=\"font-weight: 400\">.<\/span><\/p>\n","protected":false},"featured_media":199,"template":"","meta":{"_monsterinsights_skip_tracking":false,"_monsterinsights_sitenote_active":false,"_monsterinsights_sitenote_note":"","_monsterinsights_sitenote_category":0},"product_cat":[31],"product_tag":[],"class_list":["post-146","product","type-product","status-publish","has-post-thumbnail","hentry","product_cat-gerbeurs-manuels"],"acf":[],"yoast_head":"<!-- This site is optimized with the Yoast SEO plugin v22.6 - https:\/\/yoast.com\/wordpress\/plugins\/seo\/ -->\n<title>Mini gerbeur manuel PS 0415 - INNOVEX Alg\u00e9rie | Manutention<\/title>\n<meta name=\"robots\" content=\"index, follow, max-snippet:-1, max-image-preview:large, max-video-preview:-1\" \/>\n<link rel=\"canonical\" href=\"https:\/\/innovexalgerie.com\/manutention\/produit\/mini-gerbeur-manuel-ps0415\/\" \/>\n<meta property=\"og:locale\" content=\"fr_FR\" \/>\n<meta property=\"og:type\" content=\"article\" \/>\n<meta property=\"og:title\" content=\"Mini gerbeur manuel PS 0415 - INNOVEX Alg\u00e9rie | Manutention\" \/>\n<meta property=\"og:description\" content=\"Le mini gerbeur manuel PS 0415, est \u00a0est une solution pratique et efficace pour les op\u00e9rations de magasinage dans les entrep\u00f4ts et les usines.\" \/>\n<meta property=\"og:url\" content=\"https:\/\/innovexalgerie.com\/manutention\/produit\/mini-gerbeur-manuel-ps0415\/\" \/>\n<meta property=\"og:site_name\" content=\"INNOVEX Alg\u00e9rie | Manutention\" \/>\n<meta property=\"article:modified_time\" content=\"2022-07-25T12:05:27+00:00\" \/>\n<meta property=\"og:image\" content=\"https:\/\/innovexalgerie.com\/manutention\/wp-content\/uploads\/2022\/03\/ps0415.jpg\" \/>\n\t<meta property=\"og:image:width\" content=\"1500\" \/>\n\t<meta property=\"og:image:height\" content=\"1200\" \/>\n\t<meta property=\"og:image:type\" content=\"image\/jpeg\" \/>\n<meta name=\"twitter:card\" content=\"summary_large_image\" \/>\n<script type=\"application\/ld+json\" class=\"yoast-schema-graph\">{\"@context\":\"https:\/\/schema.org\",\"@graph\":[{\"@type\":\"WebPage\",\"@id\":\"https:\/\/innovexalgerie.com\/manutention\/produit\/mini-gerbeur-manuel-ps0415\/\",\"url\":\"https:\/\/innovexalgerie.com\/manutention\/produit\/mini-gerbeur-manuel-ps0415\/\",\"name\":\"Mini gerbeur manuel PS 0415 - INNOVEX Alg\u00e9rie | Manutention\",\"isPartOf\":{\"@id\":\"https:\/\/innovexalgerie.com\/manutention\/#website\"},\"primaryImageOfPage\":{\"@id\":\"https:\/\/innovexalgerie.com\/manutention\/produit\/mini-gerbeur-manuel-ps0415\/#primaryimage\"},\"image\":{\"@id\":\"https:\/\/innovexalgerie.com\/manutention\/produit\/mini-gerbeur-manuel-ps0415\/#primaryimage\"},\"thumbnailUrl\":\"https:\/\/innovexalgerie.com\/manutention\/wp-content\/uploads\/2022\/03\/ps0415.jpg\",\"datePublished\":\"2022-03-28T20:50:41+00:00\",\"dateModified\":\"2022-07-25T12:05:27+00:00\",\"breadcrumb\":{\"@id\":\"https:\/\/innovexalgerie.com\/manutention\/produit\/mini-gerbeur-manuel-ps0415\/#breadcrumb\"},\"inLanguage\":\"fr-FR\",\"potentialAction\":[{\"@type\":\"ReadAction\",\"target\":[\"https:\/\/innovexalgerie.com\/manutention\/produit\/mini-gerbeur-manuel-ps0415\/\"]}]},{\"@type\":\"ImageObject\",\"inLanguage\":\"fr-FR\",\"@id\":\"https:\/\/innovexalgerie.com\/manutention\/produit\/mini-gerbeur-manuel-ps0415\/#primaryimage\",\"url\":\"https:\/\/innovexalgerie.com\/manutention\/wp-content\/uploads\/2022\/03\/ps0415.jpg\",\"contentUrl\":\"https:\/\/innovexalgerie.com\/manutention\/wp-content\/uploads\/2022\/03\/ps0415.jpg\",\"width\":1500,\"height\":1200},{\"@type\":\"BreadcrumbList\",\"@id\":\"https:\/\/innovexalgerie.com\/manutention\/produit\/mini-gerbeur-manuel-ps0415\/#breadcrumb\",\"itemListElement\":[{\"@type\":\"ListItem\",\"position\":1,\"name\":\"Accueil\",\"item\":\"https:\/\/innovexalgerie.com\/manutention\/\"},{\"@type\":\"ListItem\",\"position\":2,\"name\":\"Boutique\",\"item\":\"https:\/\/innovexalgerie.com\/manutention\/boutique\/\"},{\"@type\":\"ListItem\",\"position\":3,\"name\":\"Mini gerbeur manuel PS 0415\"}]},{\"@type\":\"WebSite\",\"@id\":\"https:\/\/innovexalgerie.com\/manutention\/#website\",\"url\":\"https:\/\/innovexalgerie.com\/manutention\/\",\"name\":\"INNOVEX Alg\u00e9rie | Manutention\",\"description\":\"Manutention\",\"publisher\":{\"@id\":\"https:\/\/innovexalgerie.com\/manutention\/#organization\"},\"potentialAction\":[{\"@type\":\"SearchAction\",\"target\":{\"@type\":\"EntryPoint\",\"urlTemplate\":\"https:\/\/innovexalgerie.com\/manutention\/?s={search_term_string}\"},\"query-input\":\"required name=search_term_string\"}],\"inLanguage\":\"fr-FR\"},{\"@type\":\"Organization\",\"@id\":\"https:\/\/innovexalgerie.com\/manutention\/#organization\",\"name\":\"INNOVEX Alg\u00e9rie | Manutention\",\"url\":\"https:\/\/innovexalgerie.com\/manutention\/\",\"logo\":{\"@type\":\"ImageObject\",\"inLanguage\":\"fr-FR\",\"@id\":\"https:\/\/innovexalgerie.com\/manutention\/#\/schema\/logo\/image\/\",\"url\":\"https:\/\/innovexalgerie.com\/manutention\/wp-content\/uploads\/2022\/03\/innovex_manutention_logo.svg\",\"contentUrl\":\"https:\/\/innovexalgerie.com\/manutention\/wp-content\/uploads\/2022\/03\/innovex_manutention_logo.svg\",\"width\":133,\"height\":36,\"caption\":\"INNOVEX Alg\u00e9rie | Manutention\"},\"image\":{\"@id\":\"https:\/\/innovexalgerie.com\/manutention\/#\/schema\/logo\/image\/\"}}]}<\/script>\n<!-- \/ Yoast SEO plugin. -->","yoast_head_json":{"title":"Mini gerbeur manuel PS 0415 - INNOVEX Alg\u00e9rie | Manutention","robots":{"index":"index","follow":"follow","max-snippet":"max-snippet:-1","max-image-preview":"max-image-preview:large","max-video-preview":"max-video-preview:-1"},"canonical":"https:\/\/innovexalgerie.com\/manutention\/produit\/mini-gerbeur-manuel-ps0415\/","og_locale":"fr_FR","og_type":"article","og_title":"Mini gerbeur manuel PS 0415 - INNOVEX Alg\u00e9rie | Manutention","og_description":"Le mini gerbeur manuel PS 0415, est \u00a0est une solution pratique et efficace pour les op\u00e9rations de magasinage dans les entrep\u00f4ts et les usines.","og_url":"https:\/\/innovexalgerie.com\/manutention\/produit\/mini-gerbeur-manuel-ps0415\/","og_site_name":"INNOVEX Alg\u00e9rie | Manutention","article_modified_time":"2022-07-25T12:05:27+00:00","og_image":[{"width":1500,"height":1200,"url":"https:\/\/innovexalgerie.com\/manutention\/wp-content\/uploads\/2022\/03\/ps0415.jpg","type":"image\/jpeg"}],"twitter_card":"summary_large_image","schema":{"@context":"https:\/\/schema.org","@graph":[{"@type":"WebPage","@id":"https:\/\/innovexalgerie.com\/manutention\/produit\/mini-gerbeur-manuel-ps0415\/","url":"https:\/\/innovexalgerie.com\/manutention\/produit\/mini-gerbeur-manuel-ps0415\/","name":"Mini gerbeur manuel PS 0415 - INNOVEX Alg\u00e9rie | Manutention","isPartOf":{"@id":"https:\/\/innovexalgerie.com\/manutention\/#website"},"primaryImageOfPage":{"@id":"https:\/\/innovexalgerie.com\/manutention\/produit\/mini-gerbeur-manuel-ps0415\/#primaryimage"},"image":{"@id":"https:\/\/innovexalgerie.com\/manutention\/produit\/mini-gerbeur-manuel-ps0415\/#primaryimage"},"thumbnailUrl":"https:\/\/innovexalgerie.com\/manutention\/wp-content\/uploads\/2022\/03\/ps0415.jpg","datePublished":"2022-03-28T20:50:41+00:00","dateModified":"2022-07-25T12:05:27+00:00","breadcrumb":{"@id":"https:\/\/innovexalgerie.com\/manutention\/produit\/mini-gerbeur-manuel-ps0415\/#breadcrumb"},"inLanguage":"fr-FR","potentialAction":[{"@type":"ReadAction","target":["https:\/\/innovexalgerie.com\/manutention\/produit\/mini-gerbeur-manuel-ps0415\/"]}]},{"@type":"ImageObject","inLanguage":"fr-FR","@id":"https:\/\/innovexalgerie.com\/manutention\/produit\/mini-gerbeur-manuel-ps0415\/#primaryimage","url":"https:\/\/innovexalgerie.com\/manutention\/wp-content\/uploads\/2022\/03\/ps0415.jpg","contentUrl":"https:\/\/innovexalgerie.com\/manutention\/wp-content\/uploads\/2022\/03\/ps0415.jpg","width":1500,"height":1200},{"@type":"BreadcrumbList","@id":"https:\/\/innovexalgerie.com\/manutention\/produit\/mini-gerbeur-manuel-ps0415\/#breadcrumb","itemListElement":[{"@type":"ListItem","position":1,"name":"Accueil","item":"https:\/\/innovexalgerie.com\/manutention\/"},{"@type":"ListItem","position":2,"name":"Boutique","item":"https:\/\/innovexalgerie.com\/manutention\/boutique\/"},{"@type":"ListItem","position":3,"name":"Mini gerbeur manuel PS 0415"}]},{"@type":"WebSite","@id":"https:\/\/innovexalgerie.com\/manutention\/#website","url":"https:\/\/innovexalgerie.com\/manutention\/","name":"INNOVEX Alg\u00e9rie | Manutention","description":"Manutention","publisher":{"@id":"https:\/\/innovexalgerie.com\/manutention\/#organization"},"potentialAction":[{"@type":"SearchAction","target":{"@type":"EntryPoint","urlTemplate":"https:\/\/innovexalgerie.com\/manutention\/?s={search_term_string}"},"query-input":"required name=search_term_string"}],"inLanguage":"fr-FR"},{"@type":"Organization","@id":"https:\/\/innovexalgerie.com\/manutention\/#organization","name":"INNOVEX Alg\u00e9rie | Manutention","url":"https:\/\/innovexalgerie.com\/manutention\/","logo":{"@type":"ImageObject","inLanguage":"fr-FR","@id":"https:\/\/innovexalgerie.com\/manutention\/#\/schema\/logo\/image\/","url":"https:\/\/innovexalgerie.com\/manutention\/wp-content\/uploads\/2022\/03\/innovex_manutention_logo.svg","contentUrl":"https:\/\/innovexalgerie.com\/manutention\/wp-content\/uploads\/2022\/03\/innovex_manutention_logo.svg","width":133,"height":36,"caption":"INNOVEX Alg\u00e9rie | Manutention"},"image":{"@id":"https:\/\/innovexalgerie.com\/manutention\/#\/schema\/logo\/image\/"}}]}},"_links":{"self":[{"href":"https:\/\/innovexalgerie.com\/manutention\/wp-json\/wp\/v2\/product\/146","targetHints":{"allow":["GET"]}}],"collection":[{"href":"https:\/\/innovexalgerie.com\/manutention\/wp-json\/wp\/v2\/product"}],"about":[{"href":"https:\/\/innovexalgerie.com\/manutention\/wp-json\/wp\/v2\/types\/product"}],"wp:featuredmedia":[{"embeddable":true,"href":"https:\/\/innovexalgerie.com\/manutention\/wp-json\/wp\/v2\/media\/199"}],"wp:attachment":[{"href":"https:\/\/innovexalgerie.com\/manutention\/wp-json\/wp\/v2\/media?parent=146"}],"wp:term":[{"taxonomy":"product_cat","embeddable":true,"href":"https:\/\/innovexalgerie.com\/manutention\/wp-json\/wp\/v2\/product_cat?post=146"},{"taxonomy":"product_tag","embeddable":true,"href":"https:\/\/innovexalgerie.com\/manutention\/wp-json\/wp\/v2\/product_tag?post=146"}],"curies":[{"name":"wp","href":"https:\/\/api.w.org\/{rel}","templated":true}]}}