{"id":209,"date":"2022-03-28T21:51:33","date_gmt":"2022-03-28T20:51:33","guid":{"rendered":"https:\/\/innovexalgerie.com\/new_manutention\/?post_type=product&#038;p=209"},"modified":"2026-04-15T12:01:03","modified_gmt":"2026-04-15T11:01:03","slug":"gerbeur-avec-berceau-pour-bobine","status":"publish","type":"product","link":"https:\/\/innovexalgerie.com\/manutention\/produit\/gerbeur-avec-berceau-pour-bobine\/","title":{"rendered":"Gerbeur manuel avec berceau pour bobine MRL 1015T"},"content":{"rendered":"<p data-start=\"0\" data-end=\"465\" data-cur=\"cursor\">Gerbeur manuel avec berceau pour bobine <strong>MRL 1015T<\/strong> est un \u00e9quipement de manutention con\u00e7u pour le levage et le d\u00e9placement s\u00e9curis\u00e9 de tous types de bobines. Gr\u00e2ce \u00e0 son berceau sp\u00e9cifique, il assure un maintien stable et une manipulation pr\u00e9cise, m\u00eame pour des charges lourdes. Avec une capacit\u00e9 de 1000 kg et une hauteur de levage de 1500 mm, il r\u00e9pond parfaitement aux besoins des environnements industriels et logistiques.<\/p>\n<ul data-start=\"485\" data-end=\"807\">\n<li data-section-id=\"1t5oeb4\" data-start=\"485\" data-end=\"530\">Capacit\u00e9 de charge jusqu\u2019\u00e0 1000 kg.<\/li>\n<li data-section-id=\"1n1xbft\" data-start=\"531\" data-end=\"566\">Levage efficace jusqu\u2019\u00e0 1500 mm.<\/li>\n<li data-section-id=\"1uq3ho6\" data-start=\"567\" data-end=\"622\">Berceau adapt\u00e9 pour un maintien optimal des bobines.<\/li>\n<li data-section-id=\"hrdy2r\" data-start=\"623\" data-end=\"659\">Manipulation s\u00e9curis\u00e9e et stable.<\/li>\n<li data-section-id=\"koymld\" data-start=\"660\" data-end=\"712\">Structure robuste pour une utilisation intensive.<\/li>\n<li data-section-id=\"4bq9vx\" data-start=\"713\" data-end=\"756\">Facilit\u00e9 d\u2019utilisation et gain de temps.<\/li>\n<li data-section-id=\"1iwmlsu\" data-start=\"757\" data-end=\"807\">R\u00e9duction des efforts physiques de l\u2019op\u00e9rateur.<\/li>\n<li data-section-id=\"1iwmlsu\" data-start=\"757\" data-end=\"807\">Id\u00e9al pour les industries du papier, du plastique et du textile, ce gerbeur s\u2019int\u00e8gre parfaitement aux entrep\u00f4ts, plateformes logistiques et ateliers de production, en facilitant efficacement le chargement, le d\u00e9chargement, le stockage et la manutention s\u00e9curis\u00e9e des bobines et rouleaux.<\/li>\n<\/ul>\n<p data-start=\"809\" data-end=\"829\">\n","protected":false},"excerpt":{"rendered":"<p><span style=\"font-weight: 400;\">Gerbeur manuel ROLL LIFTER avec berceau pour bobine<\/span><span style=\"font-weight: 400;\">\u00a0<\/span><b>MRL 1015T,<\/b> <span style=\"font-weight: 400;\">est une solution tr\u00e8s efficace pour la manutention des bobines.<\/span><\/p>\n","protected":false},"featured_media":5475,"template":"","meta":{"_monsterinsights_skip_tracking":false,"_monsterinsights_sitenote_active":false,"_monsterinsights_sitenote_note":"","_monsterinsights_sitenote_category":0},"product_cat":[31],"product_tag":[],"class_list":["post-209","product","type-product","status-publish","has-post-thumbnail","hentry","product_cat-gerbeurs-manuels"],"acf":[],"yoast_head":"<!-- This site is optimized with the Yoast SEO plugin v22.6 - https:\/\/yoast.com\/wordpress\/plugins\/seo\/ -->\n<title>Gerbeur manuel avec berceau pour bobine MRL 1015T - INNOVEX Alg\u00e9rie | Manutention<\/title>\n<meta name=\"robots\" content=\"index, follow, max-snippet:-1, max-image-preview:large, max-video-preview:-1\" \/>\n<link rel=\"canonical\" href=\"https:\/\/innovexalgerie.com\/manutention\/produit\/gerbeur-avec-berceau-pour-bobine\/\" \/>\n<meta property=\"og:locale\" content=\"fr_FR\" \/>\n<meta property=\"og:type\" content=\"article\" \/>\n<meta property=\"og:title\" content=\"Gerbeur manuel avec berceau pour bobine MRL 1015T - INNOVEX Alg\u00e9rie | Manutention\" \/>\n<meta property=\"og:description\" content=\"Gerbeur manuel ROLL LIFTER avec berceau pour bobine\u00a0MRL 1015T, est une solution tr\u00e8s efficace pour la manutention des bobines.\" \/>\n<meta property=\"og:url\" content=\"https:\/\/innovexalgerie.com\/manutention\/produit\/gerbeur-avec-berceau-pour-bobine\/\" \/>\n<meta property=\"og:site_name\" content=\"INNOVEX Alg\u00e9rie | Manutention\" \/>\n<meta property=\"article:modified_time\" content=\"2026-04-15T11:01:03+00:00\" \/>\n<meta property=\"og:image\" content=\"https:\/\/innovexalgerie.com\/manutention\/wp-content\/uploads\/2022\/03\/gerbeur-a-berceau-1.jpg\" \/>\n\t<meta property=\"og:image:width\" content=\"1000\" \/>\n\t<meta property=\"og:image:height\" content=\"1000\" \/>\n\t<meta property=\"og:image:type\" content=\"image\/jpeg\" \/>\n<meta name=\"twitter:card\" content=\"summary_large_image\" \/>\n<meta name=\"twitter:label1\" content=\"Dur\u00e9e de lecture estim\u00e9e\" \/>\n\t<meta name=\"twitter:data1\" content=\"1 minute\" \/>\n<script type=\"application\/ld+json\" class=\"yoast-schema-graph\">{\"@context\":\"https:\/\/schema.org\",\"@graph\":[{\"@type\":\"WebPage\",\"@id\":\"https:\/\/innovexalgerie.com\/manutention\/produit\/gerbeur-avec-berceau-pour-bobine\/\",\"url\":\"https:\/\/innovexalgerie.com\/manutention\/produit\/gerbeur-avec-berceau-pour-bobine\/\",\"name\":\"Gerbeur manuel avec berceau pour bobine MRL 1015T - INNOVEX Alg\u00e9rie | Manutention\",\"isPartOf\":{\"@id\":\"https:\/\/innovexalgerie.com\/manutention\/#website\"},\"primaryImageOfPage\":{\"@id\":\"https:\/\/innovexalgerie.com\/manutention\/produit\/gerbeur-avec-berceau-pour-bobine\/#primaryimage\"},\"image\":{\"@id\":\"https:\/\/innovexalgerie.com\/manutention\/produit\/gerbeur-avec-berceau-pour-bobine\/#primaryimage\"},\"thumbnailUrl\":\"https:\/\/innovexalgerie.com\/manutention\/wp-content\/uploads\/2022\/03\/GV1OCEB-3--scaled.png\",\"datePublished\":\"2022-03-28T20:51:33+00:00\",\"dateModified\":\"2026-04-15T11:01:03+00:00\",\"breadcrumb\":{\"@id\":\"https:\/\/innovexalgerie.com\/manutention\/produit\/gerbeur-avec-berceau-pour-bobine\/#breadcrumb\"},\"inLanguage\":\"fr-FR\",\"potentialAction\":[{\"@type\":\"ReadAction\",\"target\":[\"https:\/\/innovexalgerie.com\/manutention\/produit\/gerbeur-avec-berceau-pour-bobine\/\"]}]},{\"@type\":\"ImageObject\",\"inLanguage\":\"fr-FR\",\"@id\":\"https:\/\/innovexalgerie.com\/manutention\/produit\/gerbeur-avec-berceau-pour-bobine\/#primaryimage\",\"url\":\"https:\/\/innovexalgerie.com\/manutention\/wp-content\/uploads\/2022\/03\/GV1OCEB-3--scaled.png\",\"contentUrl\":\"https:\/\/innovexalgerie.com\/manutention\/wp-content\/uploads\/2022\/03\/GV1OCEB-3--scaled.png\",\"width\":2560,\"height\":2560,\"caption\":\"Gerbeur manuel avec berceau pour bobine MRL 1015T\"},{\"@type\":\"BreadcrumbList\",\"@id\":\"https:\/\/innovexalgerie.com\/manutention\/produit\/gerbeur-avec-berceau-pour-bobine\/#breadcrumb\",\"itemListElement\":[{\"@type\":\"ListItem\",\"position\":1,\"name\":\"Accueil\",\"item\":\"https:\/\/innovexalgerie.com\/manutention\/\"},{\"@type\":\"ListItem\",\"position\":2,\"name\":\"Boutique\",\"item\":\"https:\/\/innovexalgerie.com\/manutention\/boutique\/\"},{\"@type\":\"ListItem\",\"position\":3,\"name\":\"Gerbeur avec berceau pour bobine MRL 1015T\"}]},{\"@type\":\"WebSite\",\"@id\":\"https:\/\/innovexalgerie.com\/manutention\/#website\",\"url\":\"https:\/\/innovexalgerie.com\/manutention\/\",\"name\":\"INNOVEX Alg\u00e9rie | Manutention\",\"description\":\"Manutention\",\"publisher\":{\"@id\":\"https:\/\/innovexalgerie.com\/manutention\/#organization\"},\"potentialAction\":[{\"@type\":\"SearchAction\",\"target\":{\"@type\":\"EntryPoint\",\"urlTemplate\":\"https:\/\/innovexalgerie.com\/manutention\/?s={search_term_string}\"},\"query-input\":\"required name=search_term_string\"}],\"inLanguage\":\"fr-FR\"},{\"@type\":\"Organization\",\"@id\":\"https:\/\/innovexalgerie.com\/manutention\/#organization\",\"name\":\"INNOVEX Alg\u00e9rie | Manutention\",\"url\":\"https:\/\/innovexalgerie.com\/manutention\/\",\"logo\":{\"@type\":\"ImageObject\",\"inLanguage\":\"fr-FR\",\"@id\":\"https:\/\/innovexalgerie.com\/manutention\/#\/schema\/logo\/image\/\",\"url\":\"https:\/\/innovexalgerie.com\/manutention\/wp-content\/uploads\/2022\/03\/innovex_manutention_logo.svg\",\"contentUrl\":\"https:\/\/innovexalgerie.com\/manutention\/wp-content\/uploads\/2022\/03\/innovex_manutention_logo.svg\",\"width\":133,\"height\":36,\"caption\":\"INNOVEX Alg\u00e9rie | Manutention\"},\"image\":{\"@id\":\"https:\/\/innovexalgerie.com\/manutention\/#\/schema\/logo\/image\/\"}}]}<\/script>\n<!-- \/ Yoast SEO plugin. -->","yoast_head_json":{"title":"Gerbeur manuel avec berceau pour bobine MRL 1015T - INNOVEX Alg\u00e9rie | Manutention","robots":{"index":"index","follow":"follow","max-snippet":"max-snippet:-1","max-image-preview":"max-image-preview:large","max-video-preview":"max-video-preview:-1"},"canonical":"https:\/\/innovexalgerie.com\/manutention\/produit\/gerbeur-avec-berceau-pour-bobine\/","og_locale":"fr_FR","og_type":"article","og_title":"Gerbeur manuel avec berceau pour bobine MRL 1015T - INNOVEX Alg\u00e9rie | Manutention","og_description":"Gerbeur manuel ROLL LIFTER avec berceau pour bobine\u00a0MRL 1015T, est une solution tr\u00e8s efficace pour la manutention des bobines.","og_url":"https:\/\/innovexalgerie.com\/manutention\/produit\/gerbeur-avec-berceau-pour-bobine\/","og_site_name":"INNOVEX Alg\u00e9rie | Manutention","article_modified_time":"2026-04-15T11:01:03+00:00","og_image":[{"width":1000,"height":1000,"url":"https:\/\/innovexalgerie.com\/manutention\/wp-content\/uploads\/2022\/03\/gerbeur-a-berceau-1.jpg","type":"image\/jpeg"}],"twitter_card":"summary_large_image","twitter_misc":{"Dur\u00e9e de lecture estim\u00e9e":"1 minute"},"schema":{"@context":"https:\/\/schema.org","@graph":[{"@type":"WebPage","@id":"https:\/\/innovexalgerie.com\/manutention\/produit\/gerbeur-avec-berceau-pour-bobine\/","url":"https:\/\/innovexalgerie.com\/manutention\/produit\/gerbeur-avec-berceau-pour-bobine\/","name":"Gerbeur manuel avec berceau pour bobine MRL 1015T - INNOVEX Alg\u00e9rie | Manutention","isPartOf":{"@id":"https:\/\/innovexalgerie.com\/manutention\/#website"},"primaryImageOfPage":{"@id":"https:\/\/innovexalgerie.com\/manutention\/produit\/gerbeur-avec-berceau-pour-bobine\/#primaryimage"},"image":{"@id":"https:\/\/innovexalgerie.com\/manutention\/produit\/gerbeur-avec-berceau-pour-bobine\/#primaryimage"},"thumbnailUrl":"https:\/\/innovexalgerie.com\/manutention\/wp-content\/uploads\/2022\/03\/GV1OCEB-3--scaled.png","datePublished":"2022-03-28T20:51:33+00:00","dateModified":"2026-04-15T11:01:03+00:00","breadcrumb":{"@id":"https:\/\/innovexalgerie.com\/manutention\/produit\/gerbeur-avec-berceau-pour-bobine\/#breadcrumb"},"inLanguage":"fr-FR","potentialAction":[{"@type":"ReadAction","target":["https:\/\/innovexalgerie.com\/manutention\/produit\/gerbeur-avec-berceau-pour-bobine\/"]}]},{"@type":"ImageObject","inLanguage":"fr-FR","@id":"https:\/\/innovexalgerie.com\/manutention\/produit\/gerbeur-avec-berceau-pour-bobine\/#primaryimage","url":"https:\/\/innovexalgerie.com\/manutention\/wp-content\/uploads\/2022\/03\/GV1OCEB-3--scaled.png","contentUrl":"https:\/\/innovexalgerie.com\/manutention\/wp-content\/uploads\/2022\/03\/GV1OCEB-3--scaled.png","width":2560,"height":2560,"caption":"Gerbeur manuel avec berceau pour bobine MRL 1015T"},{"@type":"BreadcrumbList","@id":"https:\/\/innovexalgerie.com\/manutention\/produit\/gerbeur-avec-berceau-pour-bobine\/#breadcrumb","itemListElement":[{"@type":"ListItem","position":1,"name":"Accueil","item":"https:\/\/innovexalgerie.com\/manutention\/"},{"@type":"ListItem","position":2,"name":"Boutique","item":"https:\/\/innovexalgerie.com\/manutention\/boutique\/"},{"@type":"ListItem","position":3,"name":"Gerbeur avec berceau pour bobine MRL 1015T"}]},{"@type":"WebSite","@id":"https:\/\/innovexalgerie.com\/manutention\/#website","url":"https:\/\/innovexalgerie.com\/manutention\/","name":"INNOVEX Alg\u00e9rie | Manutention","description":"Manutention","publisher":{"@id":"https:\/\/innovexalgerie.com\/manutention\/#organization"},"potentialAction":[{"@type":"SearchAction","target":{"@type":"EntryPoint","urlTemplate":"https:\/\/innovexalgerie.com\/manutention\/?s={search_term_string}"},"query-input":"required name=search_term_string"}],"inLanguage":"fr-FR"},{"@type":"Organization","@id":"https:\/\/innovexalgerie.com\/manutention\/#organization","name":"INNOVEX Alg\u00e9rie | Manutention","url":"https:\/\/innovexalgerie.com\/manutention\/","logo":{"@type":"ImageObject","inLanguage":"fr-FR","@id":"https:\/\/innovexalgerie.com\/manutention\/#\/schema\/logo\/image\/","url":"https:\/\/innovexalgerie.com\/manutention\/wp-content\/uploads\/2022\/03\/innovex_manutention_logo.svg","contentUrl":"https:\/\/innovexalgerie.com\/manutention\/wp-content\/uploads\/2022\/03\/innovex_manutention_logo.svg","width":133,"height":36,"caption":"INNOVEX Alg\u00e9rie | Manutention"},"image":{"@id":"https:\/\/innovexalgerie.com\/manutention\/#\/schema\/logo\/image\/"}}]}},"_links":{"self":[{"href":"https:\/\/innovexalgerie.com\/manutention\/wp-json\/wp\/v2\/product\/209","targetHints":{"allow":["GET"]}}],"collection":[{"href":"https:\/\/innovexalgerie.com\/manutention\/wp-json\/wp\/v2\/product"}],"about":[{"href":"https:\/\/innovexalgerie.com\/manutention\/wp-json\/wp\/v2\/types\/product"}],"wp:featuredmedia":[{"embeddable":true,"href":"https:\/\/innovexalgerie.com\/manutention\/wp-json\/wp\/v2\/media\/5475"}],"wp:attachment":[{"href":"https:\/\/innovexalgerie.com\/manutention\/wp-json\/wp\/v2\/media?parent=209"}],"wp:term":[{"taxonomy":"product_cat","embeddable":true,"href":"https:\/\/innovexalgerie.com\/manutention\/wp-json\/wp\/v2\/product_cat?post=209"},{"taxonomy":"product_tag","embeddable":true,"href":"https:\/\/innovexalgerie.com\/manutention\/wp-json\/wp\/v2\/product_tag?post=209"}],"curies":[{"name":"wp","href":"https:\/\/api.w.org\/{rel}","templated":true}]}}