{"id":2176,"date":"2022-08-23T15:07:47","date_gmt":"2022-08-23T14:07:47","guid":{"rendered":"https:\/\/innovexalgerie.com\/manutention\/?post_type=product&#038;p=2176"},"modified":"2023-11-01T09:01:22","modified_gmt":"2023-11-01T08:01:22","slug":"retourneur-de-fut-pivotant-vertical-et-horizontal-hk285c","status":"publish","type":"product","link":"https:\/\/innovexalgerie.com\/manutention\/produit\/retourneur-de-fut-pivotant-vertical-et-horizontal-hk285c\/","title":{"rendered":"Retourneur de f\u00fbt pivotant vertical et horizontal HK285C"},"content":{"rendered":"<p>Le retourneur de f\u00fbts pivotant\u00a0vertical et horizontal <strong>HK-285C<\/strong> \u00e0 cha\u00eene pour chariot \u00e9l\u00e9vateur, permet de descendre, d\u00e9placer, lever, charger ou d\u00e9charger des f\u00fbts de diff\u00e9rentes capacit\u00e9s. Adapt\u00e9 aux f\u00fbts en plastique ou en m\u00e9tal. Le retournement du f\u00fbt s\u2019effectue par commande volante, d\u00e9multipli\u00e9e par un r\u00e9ducteur m\u00e9canique \u00e0 bain d\u2019huile.<\/p>\n","protected":false},"excerpt":{"rendered":"<p>Le retourneur de f\u00fbts pivotant vertical et horizontal HK285C \u00e0 cha\u00eene pour chariot \u00e9l\u00e9vateur peut convertir plusieurs outils de manutention en basculeur \u00e0 une rotation de 360\u00b0.<\/p>\n","protected":false},"featured_media":2178,"template":"","meta":{"_monsterinsights_skip_tracking":false,"_monsterinsights_sitenote_active":false,"_monsterinsights_sitenote_note":"","_monsterinsights_sitenote_category":0},"product_cat":[23,58,34],"product_tag":[71],"class_list":["post-2176","product","type-product","status-publish","has-post-thumbnail","hentry","product_cat-accessoires","product_cat-retourneur-de-fut","product_cat-manutention-des-futs","product_tag-retourneur-des-fut"],"acf":[],"yoast_head":"<!-- This site is optimized with the Yoast SEO plugin v22.6 - https:\/\/yoast.com\/wordpress\/plugins\/seo\/ -->\n<title>Retourneur de f\u00fbt pivotant vertical et horizontal HK285C - INNOVEX Alg\u00e9rie | Manutention<\/title>\n<meta name=\"robots\" content=\"index, follow, max-snippet:-1, max-image-preview:large, max-video-preview:-1\" \/>\n<link rel=\"canonical\" href=\"https:\/\/innovexalgerie.com\/manutention\/produit\/retourneur-de-fut-pivotant-vertical-et-horizontal-hk285c\/\" \/>\n<meta property=\"og:locale\" content=\"fr_FR\" \/>\n<meta property=\"og:type\" content=\"article\" \/>\n<meta property=\"og:title\" content=\"Retourneur de f\u00fbt pivotant vertical et horizontal HK285C - INNOVEX Alg\u00e9rie | Manutention\" \/>\n<meta property=\"og:description\" content=\"Le retourneur de f\u00fbts pivotant vertical et horizontal HK285C \u00e0 cha\u00eene pour chariot \u00e9l\u00e9vateur peut convertir plusieurs outils de manutention en basculeur \u00e0 une rotation de 360\u00b0.\" \/>\n<meta property=\"og:url\" content=\"https:\/\/innovexalgerie.com\/manutention\/produit\/retourneur-de-fut-pivotant-vertical-et-horizontal-hk285c\/\" \/>\n<meta property=\"og:site_name\" content=\"INNOVEX Alg\u00e9rie | Manutention\" \/>\n<meta property=\"article:modified_time\" content=\"2023-11-01T08:01:22+00:00\" \/>\n<meta property=\"og:image\" content=\"https:\/\/innovexalgerie.com\/manutention\/wp-content\/uploads\/2022\/08\/hk285c.jpg\" \/>\n\t<meta property=\"og:image:width\" content=\"1000\" \/>\n\t<meta property=\"og:image:height\" content=\"1000\" \/>\n\t<meta property=\"og:image:type\" content=\"image\/jpeg\" \/>\n<meta name=\"twitter:card\" content=\"summary_large_image\" \/>\n<script type=\"application\/ld+json\" class=\"yoast-schema-graph\">{\"@context\":\"https:\/\/schema.org\",\"@graph\":[{\"@type\":\"WebPage\",\"@id\":\"https:\/\/innovexalgerie.com\/manutention\/produit\/retourneur-de-fut-pivotant-vertical-et-horizontal-hk285c\/\",\"url\":\"https:\/\/innovexalgerie.com\/manutention\/produit\/retourneur-de-fut-pivotant-vertical-et-horizontal-hk285c\/\",\"name\":\"Retourneur de f\u00fbt pivotant vertical et horizontal HK285C - INNOVEX Alg\u00e9rie | Manutention\",\"isPartOf\":{\"@id\":\"https:\/\/innovexalgerie.com\/manutention\/#website\"},\"primaryImageOfPage\":{\"@id\":\"https:\/\/innovexalgerie.com\/manutention\/produit\/retourneur-de-fut-pivotant-vertical-et-horizontal-hk285c\/#primaryimage\"},\"image\":{\"@id\":\"https:\/\/innovexalgerie.com\/manutention\/produit\/retourneur-de-fut-pivotant-vertical-et-horizontal-hk285c\/#primaryimage\"},\"thumbnailUrl\":\"https:\/\/innovexalgerie.com\/manutention\/wp-content\/uploads\/2022\/08\/hk285c.jpg\",\"datePublished\":\"2022-08-23T14:07:47+00:00\",\"dateModified\":\"2023-11-01T08:01:22+00:00\",\"breadcrumb\":{\"@id\":\"https:\/\/innovexalgerie.com\/manutention\/produit\/retourneur-de-fut-pivotant-vertical-et-horizontal-hk285c\/#breadcrumb\"},\"inLanguage\":\"fr-FR\",\"potentialAction\":[{\"@type\":\"ReadAction\",\"target\":[\"https:\/\/innovexalgerie.com\/manutention\/produit\/retourneur-de-fut-pivotant-vertical-et-horizontal-hk285c\/\"]}]},{\"@type\":\"ImageObject\",\"inLanguage\":\"fr-FR\",\"@id\":\"https:\/\/innovexalgerie.com\/manutention\/produit\/retourneur-de-fut-pivotant-vertical-et-horizontal-hk285c\/#primaryimage\",\"url\":\"https:\/\/innovexalgerie.com\/manutention\/wp-content\/uploads\/2022\/08\/hk285c.jpg\",\"contentUrl\":\"https:\/\/innovexalgerie.com\/manutention\/wp-content\/uploads\/2022\/08\/hk285c.jpg\",\"width\":1000,\"height\":1000},{\"@type\":\"BreadcrumbList\",\"@id\":\"https:\/\/innovexalgerie.com\/manutention\/produit\/retourneur-de-fut-pivotant-vertical-et-horizontal-hk285c\/#breadcrumb\",\"itemListElement\":[{\"@type\":\"ListItem\",\"position\":1,\"name\":\"Accueil\",\"item\":\"https:\/\/innovexalgerie.com\/manutention\/\"},{\"@type\":\"ListItem\",\"position\":2,\"name\":\"Boutique\",\"item\":\"https:\/\/innovexalgerie.com\/manutention\/boutique\/\"},{\"@type\":\"ListItem\",\"position\":3,\"name\":\"Retourneur de f\u00fbt pivotant vertical et horizontal HK285C\"}]},{\"@type\":\"WebSite\",\"@id\":\"https:\/\/innovexalgerie.com\/manutention\/#website\",\"url\":\"https:\/\/innovexalgerie.com\/manutention\/\",\"name\":\"INNOVEX Alg\u00e9rie | Manutention\",\"description\":\"Manutention\",\"publisher\":{\"@id\":\"https:\/\/innovexalgerie.com\/manutention\/#organization\"},\"potentialAction\":[{\"@type\":\"SearchAction\",\"target\":{\"@type\":\"EntryPoint\",\"urlTemplate\":\"https:\/\/innovexalgerie.com\/manutention\/?s={search_term_string}\"},\"query-input\":\"required name=search_term_string\"}],\"inLanguage\":\"fr-FR\"},{\"@type\":\"Organization\",\"@id\":\"https:\/\/innovexalgerie.com\/manutention\/#organization\",\"name\":\"INNOVEX Alg\u00e9rie | Manutention\",\"url\":\"https:\/\/innovexalgerie.com\/manutention\/\",\"logo\":{\"@type\":\"ImageObject\",\"inLanguage\":\"fr-FR\",\"@id\":\"https:\/\/innovexalgerie.com\/manutention\/#\/schema\/logo\/image\/\",\"url\":\"https:\/\/innovexalgerie.com\/manutention\/wp-content\/uploads\/2022\/03\/innovex_manutention_logo.svg\",\"contentUrl\":\"https:\/\/innovexalgerie.com\/manutention\/wp-content\/uploads\/2022\/03\/innovex_manutention_logo.svg\",\"width\":133,\"height\":36,\"caption\":\"INNOVEX Alg\u00e9rie | Manutention\"},\"image\":{\"@id\":\"https:\/\/innovexalgerie.com\/manutention\/#\/schema\/logo\/image\/\"}}]}<\/script>\n<!-- \/ Yoast SEO plugin. -->","yoast_head_json":{"title":"Retourneur de f\u00fbt pivotant vertical et horizontal HK285C - INNOVEX Alg\u00e9rie | Manutention","robots":{"index":"index","follow":"follow","max-snippet":"max-snippet:-1","max-image-preview":"max-image-preview:large","max-video-preview":"max-video-preview:-1"},"canonical":"https:\/\/innovexalgerie.com\/manutention\/produit\/retourneur-de-fut-pivotant-vertical-et-horizontal-hk285c\/","og_locale":"fr_FR","og_type":"article","og_title":"Retourneur de f\u00fbt pivotant vertical et horizontal HK285C - INNOVEX Alg\u00e9rie | Manutention","og_description":"Le retourneur de f\u00fbts pivotant vertical et horizontal HK285C \u00e0 cha\u00eene pour chariot \u00e9l\u00e9vateur peut convertir plusieurs outils de manutention en basculeur \u00e0 une rotation de 360\u00b0.","og_url":"https:\/\/innovexalgerie.com\/manutention\/produit\/retourneur-de-fut-pivotant-vertical-et-horizontal-hk285c\/","og_site_name":"INNOVEX Alg\u00e9rie | Manutention","article_modified_time":"2023-11-01T08:01:22+00:00","og_image":[{"width":1000,"height":1000,"url":"https:\/\/innovexalgerie.com\/manutention\/wp-content\/uploads\/2022\/08\/hk285c.jpg","type":"image\/jpeg"}],"twitter_card":"summary_large_image","schema":{"@context":"https:\/\/schema.org","@graph":[{"@type":"WebPage","@id":"https:\/\/innovexalgerie.com\/manutention\/produit\/retourneur-de-fut-pivotant-vertical-et-horizontal-hk285c\/","url":"https:\/\/innovexalgerie.com\/manutention\/produit\/retourneur-de-fut-pivotant-vertical-et-horizontal-hk285c\/","name":"Retourneur de f\u00fbt pivotant vertical et horizontal HK285C - INNOVEX Alg\u00e9rie | Manutention","isPartOf":{"@id":"https:\/\/innovexalgerie.com\/manutention\/#website"},"primaryImageOfPage":{"@id":"https:\/\/innovexalgerie.com\/manutention\/produit\/retourneur-de-fut-pivotant-vertical-et-horizontal-hk285c\/#primaryimage"},"image":{"@id":"https:\/\/innovexalgerie.com\/manutention\/produit\/retourneur-de-fut-pivotant-vertical-et-horizontal-hk285c\/#primaryimage"},"thumbnailUrl":"https:\/\/innovexalgerie.com\/manutention\/wp-content\/uploads\/2022\/08\/hk285c.jpg","datePublished":"2022-08-23T14:07:47+00:00","dateModified":"2023-11-01T08:01:22+00:00","breadcrumb":{"@id":"https:\/\/innovexalgerie.com\/manutention\/produit\/retourneur-de-fut-pivotant-vertical-et-horizontal-hk285c\/#breadcrumb"},"inLanguage":"fr-FR","potentialAction":[{"@type":"ReadAction","target":["https:\/\/innovexalgerie.com\/manutention\/produit\/retourneur-de-fut-pivotant-vertical-et-horizontal-hk285c\/"]}]},{"@type":"ImageObject","inLanguage":"fr-FR","@id":"https:\/\/innovexalgerie.com\/manutention\/produit\/retourneur-de-fut-pivotant-vertical-et-horizontal-hk285c\/#primaryimage","url":"https:\/\/innovexalgerie.com\/manutention\/wp-content\/uploads\/2022\/08\/hk285c.jpg","contentUrl":"https:\/\/innovexalgerie.com\/manutention\/wp-content\/uploads\/2022\/08\/hk285c.jpg","width":1000,"height":1000},{"@type":"BreadcrumbList","@id":"https:\/\/innovexalgerie.com\/manutention\/produit\/retourneur-de-fut-pivotant-vertical-et-horizontal-hk285c\/#breadcrumb","itemListElement":[{"@type":"ListItem","position":1,"name":"Accueil","item":"https:\/\/innovexalgerie.com\/manutention\/"},{"@type":"ListItem","position":2,"name":"Boutique","item":"https:\/\/innovexalgerie.com\/manutention\/boutique\/"},{"@type":"ListItem","position":3,"name":"Retourneur de f\u00fbt pivotant vertical et horizontal HK285C"}]},{"@type":"WebSite","@id":"https:\/\/innovexalgerie.com\/manutention\/#website","url":"https:\/\/innovexalgerie.com\/manutention\/","name":"INNOVEX Alg\u00e9rie | Manutention","description":"Manutention","publisher":{"@id":"https:\/\/innovexalgerie.com\/manutention\/#organization"},"potentialAction":[{"@type":"SearchAction","target":{"@type":"EntryPoint","urlTemplate":"https:\/\/innovexalgerie.com\/manutention\/?s={search_term_string}"},"query-input":"required name=search_term_string"}],"inLanguage":"fr-FR"},{"@type":"Organization","@id":"https:\/\/innovexalgerie.com\/manutention\/#organization","name":"INNOVEX Alg\u00e9rie | Manutention","url":"https:\/\/innovexalgerie.com\/manutention\/","logo":{"@type":"ImageObject","inLanguage":"fr-FR","@id":"https:\/\/innovexalgerie.com\/manutention\/#\/schema\/logo\/image\/","url":"https:\/\/innovexalgerie.com\/manutention\/wp-content\/uploads\/2022\/03\/innovex_manutention_logo.svg","contentUrl":"https:\/\/innovexalgerie.com\/manutention\/wp-content\/uploads\/2022\/03\/innovex_manutention_logo.svg","width":133,"height":36,"caption":"INNOVEX Alg\u00e9rie | Manutention"},"image":{"@id":"https:\/\/innovexalgerie.com\/manutention\/#\/schema\/logo\/image\/"}}]}},"_links":{"self":[{"href":"https:\/\/innovexalgerie.com\/manutention\/wp-json\/wp\/v2\/product\/2176","targetHints":{"allow":["GET"]}}],"collection":[{"href":"https:\/\/innovexalgerie.com\/manutention\/wp-json\/wp\/v2\/product"}],"about":[{"href":"https:\/\/innovexalgerie.com\/manutention\/wp-json\/wp\/v2\/types\/product"}],"wp:featuredmedia":[{"embeddable":true,"href":"https:\/\/innovexalgerie.com\/manutention\/wp-json\/wp\/v2\/media\/2178"}],"wp:attachment":[{"href":"https:\/\/innovexalgerie.com\/manutention\/wp-json\/wp\/v2\/media?parent=2176"}],"wp:term":[{"taxonomy":"product_cat","embeddable":true,"href":"https:\/\/innovexalgerie.com\/manutention\/wp-json\/wp\/v2\/product_cat?post=2176"},{"taxonomy":"product_tag","embeddable":true,"href":"https:\/\/innovexalgerie.com\/manutention\/wp-json\/wp\/v2\/product_tag?post=2176"}],"curies":[{"name":"wp","href":"https:\/\/api.w.org\/{rel}","templated":true}]}}