{"id":2339,"date":"2022-09-01T10:48:49","date_gmt":"2022-09-01T09:48:49","guid":{"rendered":"https:\/\/innovexalgerie.com\/manutention\/?post_type=product&#038;p=2339"},"modified":"2022-09-01T11:01:13","modified_gmt":"2022-09-01T10:01:13","slug":"chariot-elevateur-electrique-fe4p-20-25n","status":"publish","type":"product","link":"https:\/\/innovexalgerie.com\/manutention\/produit\/chariot-elevateur-electrique-fe4p-20-25n\/","title":{"rendered":"Chariot \u00e9l\u00e9vateur \u00e9lectrique FE4P 20-25N"},"content":{"rendered":"<p>La s\u00e9rie <strong>FE4P 20-25N<\/strong> de chariots \u00e9l\u00e9vateurs \u00e9lectriques sont con\u00e7us pour une grande vari\u00e9t\u00e9 d\u2019applications en int\u00e9rieur et en ext\u00e9rieur avec des capacit\u00e9s nominales comprises entre 2 et 2.5 tonnes. se caract\u00e9rise par l\u2019assemblage de chargeurs \u00e9quip\u00e9s de moteurs \u00e0 courant alternatif pour l\u2019entra\u00eenement du mouvement et celui du syst\u00e8me hydraulique.<\/p>\n","protected":false},"excerpt":{"rendered":"<p>La s\u00e9rie FE4P 20-25N de chariots \u00e9l\u00e9vateurs \u00e9lectriques sont con\u00e7us pour une grande vari\u00e9t\u00e9 d\u2019applications en int\u00e9rieur et en ext\u00e9rieur avec des capacit\u00e9s nominales comprises entre 2 et 2.5 tonnes.<\/p>\n","protected":false},"featured_media":2338,"template":"","meta":{"_monsterinsights_skip_tracking":false,"_monsterinsights_sitenote_active":false,"_monsterinsights_sitenote_note":"","_monsterinsights_sitenote_category":0},"product_cat":[33],"product_tag":[],"class_list":["post-2339","product","type-product","status-publish","has-post-thumbnail","hentry","product_cat-chariots-elevateurs"],"acf":[],"yoast_head":"<!-- This site is optimized with the Yoast SEO plugin v22.6 - https:\/\/yoast.com\/wordpress\/plugins\/seo\/ -->\n<title>Chariot \u00e9l\u00e9vateur \u00e9lectrique FE4P 20-25N - INNOVEX Alg\u00e9rie | Manutention<\/title>\n<meta name=\"robots\" content=\"index, follow, max-snippet:-1, max-image-preview:large, max-video-preview:-1\" \/>\n<link rel=\"canonical\" href=\"https:\/\/innovexalgerie.com\/manutention\/produit\/chariot-elevateur-electrique-fe4p-20-25n\/\" \/>\n<meta property=\"og:locale\" content=\"fr_FR\" \/>\n<meta property=\"og:type\" content=\"article\" \/>\n<meta property=\"og:title\" content=\"Chariot \u00e9l\u00e9vateur \u00e9lectrique FE4P 20-25N - INNOVEX Alg\u00e9rie | Manutention\" \/>\n<meta property=\"og:description\" content=\"La s\u00e9rie FE4P 20-25N de chariots \u00e9l\u00e9vateurs \u00e9lectriques sont con\u00e7us pour une grande vari\u00e9t\u00e9 d\u2019applications en int\u00e9rieur et en ext\u00e9rieur avec des capacit\u00e9s nominales comprises entre 2 et 2.5 tonnes.\" \/>\n<meta property=\"og:url\" content=\"https:\/\/innovexalgerie.com\/manutention\/produit\/chariot-elevateur-electrique-fe4p-20-25n\/\" \/>\n<meta property=\"og:site_name\" content=\"INNOVEX Alg\u00e9rie | Manutention\" \/>\n<meta property=\"article:modified_time\" content=\"2022-09-01T10:01:13+00:00\" \/>\n<meta property=\"og:image\" content=\"https:\/\/innovexalgerie.com\/manutention\/wp-content\/uploads\/2022\/08\/CHARIOT-FE4P-1-e1662029329957.jpg\" \/>\n\t<meta property=\"og:image:width\" content=\"1000\" \/>\n\t<meta property=\"og:image:height\" content=\"1000\" \/>\n\t<meta property=\"og:image:type\" content=\"image\/jpeg\" \/>\n<meta name=\"twitter:card\" content=\"summary_large_image\" \/>\n<script type=\"application\/ld+json\" class=\"yoast-schema-graph\">{\"@context\":\"https:\/\/schema.org\",\"@graph\":[{\"@type\":\"WebPage\",\"@id\":\"https:\/\/innovexalgerie.com\/manutention\/produit\/chariot-elevateur-electrique-fe4p-20-25n\/\",\"url\":\"https:\/\/innovexalgerie.com\/manutention\/produit\/chariot-elevateur-electrique-fe4p-20-25n\/\",\"name\":\"Chariot \u00e9l\u00e9vateur \u00e9lectrique FE4P 20-25N - INNOVEX Alg\u00e9rie | Manutention\",\"isPartOf\":{\"@id\":\"https:\/\/innovexalgerie.com\/manutention\/#website\"},\"primaryImageOfPage\":{\"@id\":\"https:\/\/innovexalgerie.com\/manutention\/produit\/chariot-elevateur-electrique-fe4p-20-25n\/#primaryimage\"},\"image\":{\"@id\":\"https:\/\/innovexalgerie.com\/manutention\/produit\/chariot-elevateur-electrique-fe4p-20-25n\/#primaryimage\"},\"thumbnailUrl\":\"https:\/\/innovexalgerie.com\/manutention\/wp-content\/uploads\/2022\/08\/CHARIOT-FE4P-1-e1662029329957.jpg\",\"datePublished\":\"2022-09-01T09:48:49+00:00\",\"dateModified\":\"2022-09-01T10:01:13+00:00\",\"breadcrumb\":{\"@id\":\"https:\/\/innovexalgerie.com\/manutention\/produit\/chariot-elevateur-electrique-fe4p-20-25n\/#breadcrumb\"},\"inLanguage\":\"fr-FR\",\"potentialAction\":[{\"@type\":\"ReadAction\",\"target\":[\"https:\/\/innovexalgerie.com\/manutention\/produit\/chariot-elevateur-electrique-fe4p-20-25n\/\"]}]},{\"@type\":\"ImageObject\",\"inLanguage\":\"fr-FR\",\"@id\":\"https:\/\/innovexalgerie.com\/manutention\/produit\/chariot-elevateur-electrique-fe4p-20-25n\/#primaryimage\",\"url\":\"https:\/\/innovexalgerie.com\/manutention\/wp-content\/uploads\/2022\/08\/CHARIOT-FE4P-1-e1662029329957.jpg\",\"contentUrl\":\"https:\/\/innovexalgerie.com\/manutention\/wp-content\/uploads\/2022\/08\/CHARIOT-FE4P-1-e1662029329957.jpg\",\"width\":1000,\"height\":1000},{\"@type\":\"BreadcrumbList\",\"@id\":\"https:\/\/innovexalgerie.com\/manutention\/produit\/chariot-elevateur-electrique-fe4p-20-25n\/#breadcrumb\",\"itemListElement\":[{\"@type\":\"ListItem\",\"position\":1,\"name\":\"Accueil\",\"item\":\"https:\/\/innovexalgerie.com\/manutention\/\"},{\"@type\":\"ListItem\",\"position\":2,\"name\":\"Boutique\",\"item\":\"https:\/\/innovexalgerie.com\/manutention\/boutique\/\"},{\"@type\":\"ListItem\",\"position\":3,\"name\":\"Chariot \u00e9l\u00e9vateur \u00e9lectrique FE4P 20-25N\"}]},{\"@type\":\"WebSite\",\"@id\":\"https:\/\/innovexalgerie.com\/manutention\/#website\",\"url\":\"https:\/\/innovexalgerie.com\/manutention\/\",\"name\":\"INNOVEX Alg\u00e9rie | Manutention\",\"description\":\"Manutention\",\"publisher\":{\"@id\":\"https:\/\/innovexalgerie.com\/manutention\/#organization\"},\"potentialAction\":[{\"@type\":\"SearchAction\",\"target\":{\"@type\":\"EntryPoint\",\"urlTemplate\":\"https:\/\/innovexalgerie.com\/manutention\/?s={search_term_string}\"},\"query-input\":\"required name=search_term_string\"}],\"inLanguage\":\"fr-FR\"},{\"@type\":\"Organization\",\"@id\":\"https:\/\/innovexalgerie.com\/manutention\/#organization\",\"name\":\"INNOVEX Alg\u00e9rie | Manutention\",\"url\":\"https:\/\/innovexalgerie.com\/manutention\/\",\"logo\":{\"@type\":\"ImageObject\",\"inLanguage\":\"fr-FR\",\"@id\":\"https:\/\/innovexalgerie.com\/manutention\/#\/schema\/logo\/image\/\",\"url\":\"https:\/\/innovexalgerie.com\/manutention\/wp-content\/uploads\/2022\/03\/innovex_manutention_logo.svg\",\"contentUrl\":\"https:\/\/innovexalgerie.com\/manutention\/wp-content\/uploads\/2022\/03\/innovex_manutention_logo.svg\",\"width\":133,\"height\":36,\"caption\":\"INNOVEX Alg\u00e9rie | Manutention\"},\"image\":{\"@id\":\"https:\/\/innovexalgerie.com\/manutention\/#\/schema\/logo\/image\/\"}}]}<\/script>\n<!-- \/ Yoast SEO plugin. -->","yoast_head_json":{"title":"Chariot \u00e9l\u00e9vateur \u00e9lectrique FE4P 20-25N - INNOVEX Alg\u00e9rie | Manutention","robots":{"index":"index","follow":"follow","max-snippet":"max-snippet:-1","max-image-preview":"max-image-preview:large","max-video-preview":"max-video-preview:-1"},"canonical":"https:\/\/innovexalgerie.com\/manutention\/produit\/chariot-elevateur-electrique-fe4p-20-25n\/","og_locale":"fr_FR","og_type":"article","og_title":"Chariot \u00e9l\u00e9vateur \u00e9lectrique FE4P 20-25N - INNOVEX Alg\u00e9rie | Manutention","og_description":"La s\u00e9rie FE4P 20-25N de chariots \u00e9l\u00e9vateurs \u00e9lectriques sont con\u00e7us pour une grande vari\u00e9t\u00e9 d\u2019applications en int\u00e9rieur et en ext\u00e9rieur avec des capacit\u00e9s nominales comprises entre 2 et 2.5 tonnes.","og_url":"https:\/\/innovexalgerie.com\/manutention\/produit\/chariot-elevateur-electrique-fe4p-20-25n\/","og_site_name":"INNOVEX Alg\u00e9rie | Manutention","article_modified_time":"2022-09-01T10:01:13+00:00","og_image":[{"width":1000,"height":1000,"url":"https:\/\/innovexalgerie.com\/manutention\/wp-content\/uploads\/2022\/08\/CHARIOT-FE4P-1-e1662029329957.jpg","type":"image\/jpeg"}],"twitter_card":"summary_large_image","schema":{"@context":"https:\/\/schema.org","@graph":[{"@type":"WebPage","@id":"https:\/\/innovexalgerie.com\/manutention\/produit\/chariot-elevateur-electrique-fe4p-20-25n\/","url":"https:\/\/innovexalgerie.com\/manutention\/produit\/chariot-elevateur-electrique-fe4p-20-25n\/","name":"Chariot \u00e9l\u00e9vateur \u00e9lectrique FE4P 20-25N - INNOVEX Alg\u00e9rie | Manutention","isPartOf":{"@id":"https:\/\/innovexalgerie.com\/manutention\/#website"},"primaryImageOfPage":{"@id":"https:\/\/innovexalgerie.com\/manutention\/produit\/chariot-elevateur-electrique-fe4p-20-25n\/#primaryimage"},"image":{"@id":"https:\/\/innovexalgerie.com\/manutention\/produit\/chariot-elevateur-electrique-fe4p-20-25n\/#primaryimage"},"thumbnailUrl":"https:\/\/innovexalgerie.com\/manutention\/wp-content\/uploads\/2022\/08\/CHARIOT-FE4P-1-e1662029329957.jpg","datePublished":"2022-09-01T09:48:49+00:00","dateModified":"2022-09-01T10:01:13+00:00","breadcrumb":{"@id":"https:\/\/innovexalgerie.com\/manutention\/produit\/chariot-elevateur-electrique-fe4p-20-25n\/#breadcrumb"},"inLanguage":"fr-FR","potentialAction":[{"@type":"ReadAction","target":["https:\/\/innovexalgerie.com\/manutention\/produit\/chariot-elevateur-electrique-fe4p-20-25n\/"]}]},{"@type":"ImageObject","inLanguage":"fr-FR","@id":"https:\/\/innovexalgerie.com\/manutention\/produit\/chariot-elevateur-electrique-fe4p-20-25n\/#primaryimage","url":"https:\/\/innovexalgerie.com\/manutention\/wp-content\/uploads\/2022\/08\/CHARIOT-FE4P-1-e1662029329957.jpg","contentUrl":"https:\/\/innovexalgerie.com\/manutention\/wp-content\/uploads\/2022\/08\/CHARIOT-FE4P-1-e1662029329957.jpg","width":1000,"height":1000},{"@type":"BreadcrumbList","@id":"https:\/\/innovexalgerie.com\/manutention\/produit\/chariot-elevateur-electrique-fe4p-20-25n\/#breadcrumb","itemListElement":[{"@type":"ListItem","position":1,"name":"Accueil","item":"https:\/\/innovexalgerie.com\/manutention\/"},{"@type":"ListItem","position":2,"name":"Boutique","item":"https:\/\/innovexalgerie.com\/manutention\/boutique\/"},{"@type":"ListItem","position":3,"name":"Chariot \u00e9l\u00e9vateur \u00e9lectrique FE4P 20-25N"}]},{"@type":"WebSite","@id":"https:\/\/innovexalgerie.com\/manutention\/#website","url":"https:\/\/innovexalgerie.com\/manutention\/","name":"INNOVEX Alg\u00e9rie | Manutention","description":"Manutention","publisher":{"@id":"https:\/\/innovexalgerie.com\/manutention\/#organization"},"potentialAction":[{"@type":"SearchAction","target":{"@type":"EntryPoint","urlTemplate":"https:\/\/innovexalgerie.com\/manutention\/?s={search_term_string}"},"query-input":"required name=search_term_string"}],"inLanguage":"fr-FR"},{"@type":"Organization","@id":"https:\/\/innovexalgerie.com\/manutention\/#organization","name":"INNOVEX Alg\u00e9rie | Manutention","url":"https:\/\/innovexalgerie.com\/manutention\/","logo":{"@type":"ImageObject","inLanguage":"fr-FR","@id":"https:\/\/innovexalgerie.com\/manutention\/#\/schema\/logo\/image\/","url":"https:\/\/innovexalgerie.com\/manutention\/wp-content\/uploads\/2022\/03\/innovex_manutention_logo.svg","contentUrl":"https:\/\/innovexalgerie.com\/manutention\/wp-content\/uploads\/2022\/03\/innovex_manutention_logo.svg","width":133,"height":36,"caption":"INNOVEX Alg\u00e9rie | Manutention"},"image":{"@id":"https:\/\/innovexalgerie.com\/manutention\/#\/schema\/logo\/image\/"}}]}},"_links":{"self":[{"href":"https:\/\/innovexalgerie.com\/manutention\/wp-json\/wp\/v2\/product\/2339","targetHints":{"allow":["GET"]}}],"collection":[{"href":"https:\/\/innovexalgerie.com\/manutention\/wp-json\/wp\/v2\/product"}],"about":[{"href":"https:\/\/innovexalgerie.com\/manutention\/wp-json\/wp\/v2\/types\/product"}],"wp:featuredmedia":[{"embeddable":true,"href":"https:\/\/innovexalgerie.com\/manutention\/wp-json\/wp\/v2\/media\/2338"}],"wp:attachment":[{"href":"https:\/\/innovexalgerie.com\/manutention\/wp-json\/wp\/v2\/media?parent=2339"}],"wp:term":[{"taxonomy":"product_cat","embeddable":true,"href":"https:\/\/innovexalgerie.com\/manutention\/wp-json\/wp\/v2\/product_cat?post=2339"},{"taxonomy":"product_tag","embeddable":true,"href":"https:\/\/innovexalgerie.com\/manutention\/wp-json\/wp\/v2\/product_tag?post=2339"}],"curies":[{"name":"wp","href":"https:\/\/api.w.org\/{rel}","templated":true}]}}