{"id":2413,"date":"2022-09-19T13:38:05","date_gmt":"2022-09-19T12:38:05","guid":{"rendered":"https:\/\/innovexalgerie.com\/manutention\/?post_type=product&#038;p=2413"},"modified":"2022-10-09T15:55:46","modified_gmt":"2022-10-09T14:55:46","slug":"gerbeur-bouteille-a-gaz-da400a","status":"publish","type":"product","link":"https:\/\/innovexalgerie.com\/manutention\/produit\/gerbeur-bouteille-a-gaz-da400a\/","title":{"rendered":"Gerbeur bouteille \u00e0 gaz DA400A"},"content":{"rendered":"<p>Gerbeur bouteille \u00e0 gaz <strong>DA400A<\/strong> permet de d\u00e9placer des bouteilles \u00e0 gaz, allant jusqu\u2019\u00e0 400kg et\u00a0 230mm de diam\u00e8tre avec fonction de freinage automatique soul\u00e8ve le cylindre du sol jusqu&rsquo;\u00e0 2800mm.<\/p>\n<p>&nbsp;<\/p>\n","protected":false},"excerpt":{"rendered":"<p><span style=\"font-weight: 400\">Gerbeur bouteille \u00e0 gaz DA400A permet de d\u00e9placer des bouteilles \u00e0 gaz, allant jusqu\u2019\u00e0 400kg, <\/span><span style=\"font-weight: 400\">est une solution tr\u00e8s efficace pour la manutention des bobine \u00e0 gaz .<\/span><\/p>\n","protected":false},"featured_media":2452,"template":"","meta":{"_monsterinsights_skip_tracking":false,"_monsterinsights_sitenote_active":false,"_monsterinsights_sitenote_note":"","_monsterinsights_sitenote_category":0},"product_cat":[34],"product_tag":[],"class_list":["post-2413","product","type-product","status-publish","has-post-thumbnail","hentry","product_cat-manutention-des-futs"],"acf":[],"yoast_head":"<!-- This site is optimized with the Yoast SEO plugin v22.6 - https:\/\/yoast.com\/wordpress\/plugins\/seo\/ -->\n<title>Gerbeur bouteille \u00e0 gaz DA400A - INNOVEX Alg\u00e9rie | Manutention<\/title>\n<meta name=\"robots\" content=\"index, follow, max-snippet:-1, max-image-preview:large, max-video-preview:-1\" \/>\n<link rel=\"canonical\" href=\"https:\/\/innovexalgerie.com\/manutention\/produit\/gerbeur-bouteille-a-gaz-da400a\/\" \/>\n<meta property=\"og:locale\" content=\"fr_FR\" \/>\n<meta property=\"og:type\" content=\"article\" \/>\n<meta property=\"og:title\" content=\"Gerbeur bouteille \u00e0 gaz DA400A - INNOVEX Alg\u00e9rie | Manutention\" \/>\n<meta property=\"og:description\" content=\"Gerbeur bouteille \u00e0 gaz DA400A permet de d\u00e9placer des bouteilles \u00e0 gaz, allant jusqu\u2019\u00e0 400kg, est une solution tr\u00e8s efficace pour la manutention des bobine \u00e0 gaz .\" \/>\n<meta property=\"og:url\" content=\"https:\/\/innovexalgerie.com\/manutention\/produit\/gerbeur-bouteille-a-gaz-da400a\/\" \/>\n<meta property=\"og:site_name\" content=\"INNOVEX Alg\u00e9rie | Manutention\" \/>\n<meta property=\"article:modified_time\" content=\"2022-10-09T14:55:46+00:00\" \/>\n<meta property=\"og:image\" content=\"https:\/\/innovexalgerie.com\/manutention\/wp-content\/uploads\/2022\/09\/DA400A.png\" \/>\n\t<meta property=\"og:image:width\" content=\"1000\" \/>\n\t<meta property=\"og:image:height\" content=\"1000\" \/>\n\t<meta property=\"og:image:type\" content=\"image\/png\" \/>\n<meta name=\"twitter:card\" content=\"summary_large_image\" \/>\n<script type=\"application\/ld+json\" class=\"yoast-schema-graph\">{\"@context\":\"https:\/\/schema.org\",\"@graph\":[{\"@type\":\"WebPage\",\"@id\":\"https:\/\/innovexalgerie.com\/manutention\/produit\/gerbeur-bouteille-a-gaz-da400a\/\",\"url\":\"https:\/\/innovexalgerie.com\/manutention\/produit\/gerbeur-bouteille-a-gaz-da400a\/\",\"name\":\"Gerbeur bouteille \u00e0 gaz DA400A - INNOVEX Alg\u00e9rie | Manutention\",\"isPartOf\":{\"@id\":\"https:\/\/innovexalgerie.com\/manutention\/#website\"},\"primaryImageOfPage\":{\"@id\":\"https:\/\/innovexalgerie.com\/manutention\/produit\/gerbeur-bouteille-a-gaz-da400a\/#primaryimage\"},\"image\":{\"@id\":\"https:\/\/innovexalgerie.com\/manutention\/produit\/gerbeur-bouteille-a-gaz-da400a\/#primaryimage\"},\"thumbnailUrl\":\"https:\/\/innovexalgerie.com\/manutention\/wp-content\/uploads\/2022\/09\/DA400A.png\",\"datePublished\":\"2022-09-19T12:38:05+00:00\",\"dateModified\":\"2022-10-09T14:55:46+00:00\",\"breadcrumb\":{\"@id\":\"https:\/\/innovexalgerie.com\/manutention\/produit\/gerbeur-bouteille-a-gaz-da400a\/#breadcrumb\"},\"inLanguage\":\"fr-FR\",\"potentialAction\":[{\"@type\":\"ReadAction\",\"target\":[\"https:\/\/innovexalgerie.com\/manutention\/produit\/gerbeur-bouteille-a-gaz-da400a\/\"]}]},{\"@type\":\"ImageObject\",\"inLanguage\":\"fr-FR\",\"@id\":\"https:\/\/innovexalgerie.com\/manutention\/produit\/gerbeur-bouteille-a-gaz-da400a\/#primaryimage\",\"url\":\"https:\/\/innovexalgerie.com\/manutention\/wp-content\/uploads\/2022\/09\/DA400A.png\",\"contentUrl\":\"https:\/\/innovexalgerie.com\/manutention\/wp-content\/uploads\/2022\/09\/DA400A.png\",\"width\":1000,\"height\":1000},{\"@type\":\"BreadcrumbList\",\"@id\":\"https:\/\/innovexalgerie.com\/manutention\/produit\/gerbeur-bouteille-a-gaz-da400a\/#breadcrumb\",\"itemListElement\":[{\"@type\":\"ListItem\",\"position\":1,\"name\":\"Accueil\",\"item\":\"https:\/\/innovexalgerie.com\/manutention\/\"},{\"@type\":\"ListItem\",\"position\":2,\"name\":\"Boutique\",\"item\":\"https:\/\/innovexalgerie.com\/manutention\/boutique\/\"},{\"@type\":\"ListItem\",\"position\":3,\"name\":\"Gerbeur bouteille \u00e0 gaz DA400A\"}]},{\"@type\":\"WebSite\",\"@id\":\"https:\/\/innovexalgerie.com\/manutention\/#website\",\"url\":\"https:\/\/innovexalgerie.com\/manutention\/\",\"name\":\"INNOVEX Alg\u00e9rie | Manutention\",\"description\":\"Manutention\",\"publisher\":{\"@id\":\"https:\/\/innovexalgerie.com\/manutention\/#organization\"},\"potentialAction\":[{\"@type\":\"SearchAction\",\"target\":{\"@type\":\"EntryPoint\",\"urlTemplate\":\"https:\/\/innovexalgerie.com\/manutention\/?s={search_term_string}\"},\"query-input\":\"required name=search_term_string\"}],\"inLanguage\":\"fr-FR\"},{\"@type\":\"Organization\",\"@id\":\"https:\/\/innovexalgerie.com\/manutention\/#organization\",\"name\":\"INNOVEX Alg\u00e9rie | Manutention\",\"url\":\"https:\/\/innovexalgerie.com\/manutention\/\",\"logo\":{\"@type\":\"ImageObject\",\"inLanguage\":\"fr-FR\",\"@id\":\"https:\/\/innovexalgerie.com\/manutention\/#\/schema\/logo\/image\/\",\"url\":\"https:\/\/innovexalgerie.com\/manutention\/wp-content\/uploads\/2022\/03\/innovex_manutention_logo.svg\",\"contentUrl\":\"https:\/\/innovexalgerie.com\/manutention\/wp-content\/uploads\/2022\/03\/innovex_manutention_logo.svg\",\"width\":133,\"height\":36,\"caption\":\"INNOVEX Alg\u00e9rie | Manutention\"},\"image\":{\"@id\":\"https:\/\/innovexalgerie.com\/manutention\/#\/schema\/logo\/image\/\"}}]}<\/script>\n<!-- \/ Yoast SEO plugin. -->","yoast_head_json":{"title":"Gerbeur bouteille \u00e0 gaz DA400A - INNOVEX Alg\u00e9rie | Manutention","robots":{"index":"index","follow":"follow","max-snippet":"max-snippet:-1","max-image-preview":"max-image-preview:large","max-video-preview":"max-video-preview:-1"},"canonical":"https:\/\/innovexalgerie.com\/manutention\/produit\/gerbeur-bouteille-a-gaz-da400a\/","og_locale":"fr_FR","og_type":"article","og_title":"Gerbeur bouteille \u00e0 gaz DA400A - INNOVEX Alg\u00e9rie | Manutention","og_description":"Gerbeur bouteille \u00e0 gaz DA400A permet de d\u00e9placer des bouteilles \u00e0 gaz, allant jusqu\u2019\u00e0 400kg, est une solution tr\u00e8s efficace pour la manutention des bobine \u00e0 gaz .","og_url":"https:\/\/innovexalgerie.com\/manutention\/produit\/gerbeur-bouteille-a-gaz-da400a\/","og_site_name":"INNOVEX Alg\u00e9rie | Manutention","article_modified_time":"2022-10-09T14:55:46+00:00","og_image":[{"width":1000,"height":1000,"url":"https:\/\/innovexalgerie.com\/manutention\/wp-content\/uploads\/2022\/09\/DA400A.png","type":"image\/png"}],"twitter_card":"summary_large_image","schema":{"@context":"https:\/\/schema.org","@graph":[{"@type":"WebPage","@id":"https:\/\/innovexalgerie.com\/manutention\/produit\/gerbeur-bouteille-a-gaz-da400a\/","url":"https:\/\/innovexalgerie.com\/manutention\/produit\/gerbeur-bouteille-a-gaz-da400a\/","name":"Gerbeur bouteille \u00e0 gaz DA400A - INNOVEX Alg\u00e9rie | Manutention","isPartOf":{"@id":"https:\/\/innovexalgerie.com\/manutention\/#website"},"primaryImageOfPage":{"@id":"https:\/\/innovexalgerie.com\/manutention\/produit\/gerbeur-bouteille-a-gaz-da400a\/#primaryimage"},"image":{"@id":"https:\/\/innovexalgerie.com\/manutention\/produit\/gerbeur-bouteille-a-gaz-da400a\/#primaryimage"},"thumbnailUrl":"https:\/\/innovexalgerie.com\/manutention\/wp-content\/uploads\/2022\/09\/DA400A.png","datePublished":"2022-09-19T12:38:05+00:00","dateModified":"2022-10-09T14:55:46+00:00","breadcrumb":{"@id":"https:\/\/innovexalgerie.com\/manutention\/produit\/gerbeur-bouteille-a-gaz-da400a\/#breadcrumb"},"inLanguage":"fr-FR","potentialAction":[{"@type":"ReadAction","target":["https:\/\/innovexalgerie.com\/manutention\/produit\/gerbeur-bouteille-a-gaz-da400a\/"]}]},{"@type":"ImageObject","inLanguage":"fr-FR","@id":"https:\/\/innovexalgerie.com\/manutention\/produit\/gerbeur-bouteille-a-gaz-da400a\/#primaryimage","url":"https:\/\/innovexalgerie.com\/manutention\/wp-content\/uploads\/2022\/09\/DA400A.png","contentUrl":"https:\/\/innovexalgerie.com\/manutention\/wp-content\/uploads\/2022\/09\/DA400A.png","width":1000,"height":1000},{"@type":"BreadcrumbList","@id":"https:\/\/innovexalgerie.com\/manutention\/produit\/gerbeur-bouteille-a-gaz-da400a\/#breadcrumb","itemListElement":[{"@type":"ListItem","position":1,"name":"Accueil","item":"https:\/\/innovexalgerie.com\/manutention\/"},{"@type":"ListItem","position":2,"name":"Boutique","item":"https:\/\/innovexalgerie.com\/manutention\/boutique\/"},{"@type":"ListItem","position":3,"name":"Gerbeur bouteille \u00e0 gaz DA400A"}]},{"@type":"WebSite","@id":"https:\/\/innovexalgerie.com\/manutention\/#website","url":"https:\/\/innovexalgerie.com\/manutention\/","name":"INNOVEX Alg\u00e9rie | Manutention","description":"Manutention","publisher":{"@id":"https:\/\/innovexalgerie.com\/manutention\/#organization"},"potentialAction":[{"@type":"SearchAction","target":{"@type":"EntryPoint","urlTemplate":"https:\/\/innovexalgerie.com\/manutention\/?s={search_term_string}"},"query-input":"required name=search_term_string"}],"inLanguage":"fr-FR"},{"@type":"Organization","@id":"https:\/\/innovexalgerie.com\/manutention\/#organization","name":"INNOVEX Alg\u00e9rie | Manutention","url":"https:\/\/innovexalgerie.com\/manutention\/","logo":{"@type":"ImageObject","inLanguage":"fr-FR","@id":"https:\/\/innovexalgerie.com\/manutention\/#\/schema\/logo\/image\/","url":"https:\/\/innovexalgerie.com\/manutention\/wp-content\/uploads\/2022\/03\/innovex_manutention_logo.svg","contentUrl":"https:\/\/innovexalgerie.com\/manutention\/wp-content\/uploads\/2022\/03\/innovex_manutention_logo.svg","width":133,"height":36,"caption":"INNOVEX Alg\u00e9rie | Manutention"},"image":{"@id":"https:\/\/innovexalgerie.com\/manutention\/#\/schema\/logo\/image\/"}}]}},"_links":{"self":[{"href":"https:\/\/innovexalgerie.com\/manutention\/wp-json\/wp\/v2\/product\/2413","targetHints":{"allow":["GET"]}}],"collection":[{"href":"https:\/\/innovexalgerie.com\/manutention\/wp-json\/wp\/v2\/product"}],"about":[{"href":"https:\/\/innovexalgerie.com\/manutention\/wp-json\/wp\/v2\/types\/product"}],"wp:featuredmedia":[{"embeddable":true,"href":"https:\/\/innovexalgerie.com\/manutention\/wp-json\/wp\/v2\/media\/2452"}],"wp:attachment":[{"href":"https:\/\/innovexalgerie.com\/manutention\/wp-json\/wp\/v2\/media?parent=2413"}],"wp:term":[{"taxonomy":"product_cat","embeddable":true,"href":"https:\/\/innovexalgerie.com\/manutention\/wp-json\/wp\/v2\/product_cat?post=2413"},{"taxonomy":"product_tag","embeddable":true,"href":"https:\/\/innovexalgerie.com\/manutention\/wp-json\/wp\/v2\/product_tag?post=2413"}],"curies":[{"name":"wp","href":"https:\/\/api.w.org\/{rel}","templated":true}]}}