{"id":2435,"date":"2022-09-24T15:03:39","date_gmt":"2022-09-24T14:03:39","guid":{"rendered":"https:\/\/innovexalgerie.com\/manutention\/?post_type=product&#038;p=2435"},"modified":"2023-10-30T12:24:43","modified_gmt":"2023-10-30T11:24:43","slug":"levage-magnetique-verin-a-aimant-permanent-bp","status":"publish","type":"product","link":"https:\/\/innovexalgerie.com\/manutention\/produit\/levage-magnetique-verin-a-aimant-permanent-bp\/","title":{"rendered":"Levage magn\u00e9tique v\u00e9rin \u00e0 aimant permanent BP"},"content":{"rendered":"<p>Outil de levage magn\u00e9tique portatif \u00e0 grue \u00e0 aimant permanent de 200kg &#8211; 600kg &#8211; 1000kg, c<span class=\"a-list-item a-size-base\">onvient pour <\/span>la manipulation de plaques d&rsquo;acier, de blocs de fer <span class=\"a-list-item a-size-base\">cylindrique <\/span>etc. <span class=\"a-list-item a-size-base\">Principalement utilis\u00e9 dans les usines, les terminaux, les entrep\u00f4ts et les transports.<\/span><\/p>\n<div id=\"featurebullets_feature_div\" class=\"celwidget\" data-feature-name=\"featurebullets\" data-csa-c-id=\"9f8q8x-i93mdb-ds81pg-jt5zf7\" data-cel-widget=\"featurebullets_feature_div\">\n<div id=\"feature-bullets\" class=\"a-section a-spacing-medium a-spacing-top-small\">\n<div id=\"pov2FeatureBulletsExpander\" class=\"a-row a-expander-container a-spacing-base a-spacing-top-base a-expander-partial-collapse-container\" data-a-expander-collapsed-height=\"140\">\n<div id=\"pov2FeatureBulletsExpanderContent\" class=\"a-expander-content a-expander-partial-collapse-content\">\n<p>&nbsp;<\/p>\n<p>&nbsp;<\/p>\n<\/div>\n<\/div>\n<\/div>\n<\/div>\n<div id=\"provenanceCertifications_feature_div\" class=\"celwidget\" data-feature-name=\"provenanceCertifications\" data-csa-c-id=\"d3rn3n-6c7i0y-yjbsn-fvkhpi\" data-cel-widget=\"provenanceCertifications_feature_div\"><\/div>\n<div id=\"customerReviewsAttributeNoExceptions_feature_div\" class=\"celwidget\" data-feature-name=\"customerReviewsAttributeNoExceptions\" data-csa-c-id=\"u70na5-93eiae-8r3al4-y248s4\" data-cel-widget=\"customerReviewsAttributeNoExceptions_feature_div\"><\/div>\n<div id=\"globalStoreInfoBullets_feature_div\" class=\"celwidget\" data-feature-name=\"globalStoreInfoBullets\" data-csa-c-id=\"a7cltu-owe4un-5svob9-hdbr4q\" data-cel-widget=\"globalStoreInfoBullets_feature_div\"><\/div>\n<div id=\"bissProductSpecification_feature_div\" class=\"celwidget\" data-feature-name=\"bissProductSpecification\" data-csa-c-id=\"gey6n8-fjzuyl-n7zj4w-kxyj0g\" data-cel-widget=\"bissProductSpecification_feature_div\"><\/div>\n","protected":false},"excerpt":{"rendered":"<p>Outil de levage magn\u00e9tique portatif \u00e0 grue \u00e0 aimant permanent BP, id\u00e9al pour toutes sortes de charges plates et rondes pour la manipulation de plaques d&rsquo;acier, de blocs de fer, etc.<\/p>\n","protected":false},"featured_media":2440,"template":"","meta":{"_monsterinsights_skip_tracking":false,"_monsterinsights_sitenote_active":false,"_monsterinsights_sitenote_note":"","_monsterinsights_sitenote_category":0},"product_cat":[23,47],"product_tag":[],"class_list":["post-2435","product","type-product","status-publish","has-post-thumbnail","hentry","product_cat-accessoires","product_cat-levage-magnetique"],"acf":[],"yoast_head":"<!-- This site is optimized with the Yoast SEO plugin v22.6 - https:\/\/yoast.com\/wordpress\/plugins\/seo\/ -->\n<title>Levage magn\u00e9tique v\u00e9rin \u00e0 aimant permanent BP - INNOVEX Alg\u00e9rie | Manutention<\/title>\n<meta name=\"robots\" content=\"index, follow, max-snippet:-1, max-image-preview:large, max-video-preview:-1\" \/>\n<link rel=\"canonical\" href=\"https:\/\/innovexalgerie.com\/manutention\/produit\/levage-magnetique-verin-a-aimant-permanent-bp\/\" \/>\n<meta property=\"og:locale\" content=\"fr_FR\" \/>\n<meta property=\"og:type\" content=\"article\" \/>\n<meta property=\"og:title\" content=\"Levage magn\u00e9tique v\u00e9rin \u00e0 aimant permanent BP - INNOVEX Alg\u00e9rie | Manutention\" \/>\n<meta property=\"og:description\" content=\"Outil de levage magn\u00e9tique portatif \u00e0 grue \u00e0 aimant permanent BP, id\u00e9al pour toutes sortes de charges plates et rondes pour la manipulation de plaques d&#039;acier, de blocs de fer, etc.\" \/>\n<meta property=\"og:url\" content=\"https:\/\/innovexalgerie.com\/manutention\/produit\/levage-magnetique-verin-a-aimant-permanent-bp\/\" \/>\n<meta property=\"og:site_name\" content=\"INNOVEX Alg\u00e9rie | Manutention\" \/>\n<meta property=\"article:modified_time\" content=\"2023-10-30T11:24:43+00:00\" \/>\n<meta property=\"og:image\" content=\"https:\/\/innovexalgerie.com\/manutention\/wp-content\/uploads\/2022\/09\/BP600.png\" \/>\n\t<meta property=\"og:image:width\" content=\"1000\" \/>\n\t<meta property=\"og:image:height\" content=\"1000\" \/>\n\t<meta property=\"og:image:type\" content=\"image\/png\" \/>\n<meta name=\"twitter:card\" content=\"summary_large_image\" \/>\n<script type=\"application\/ld+json\" class=\"yoast-schema-graph\">{\"@context\":\"https:\/\/schema.org\",\"@graph\":[{\"@type\":\"WebPage\",\"@id\":\"https:\/\/innovexalgerie.com\/manutention\/produit\/levage-magnetique-verin-a-aimant-permanent-bp\/\",\"url\":\"https:\/\/innovexalgerie.com\/manutention\/produit\/levage-magnetique-verin-a-aimant-permanent-bp\/\",\"name\":\"Levage magn\u00e9tique v\u00e9rin \u00e0 aimant permanent BP - INNOVEX Alg\u00e9rie | Manutention\",\"isPartOf\":{\"@id\":\"https:\/\/innovexalgerie.com\/manutention\/#website\"},\"primaryImageOfPage\":{\"@id\":\"https:\/\/innovexalgerie.com\/manutention\/produit\/levage-magnetique-verin-a-aimant-permanent-bp\/#primaryimage\"},\"image\":{\"@id\":\"https:\/\/innovexalgerie.com\/manutention\/produit\/levage-magnetique-verin-a-aimant-permanent-bp\/#primaryimage\"},\"thumbnailUrl\":\"https:\/\/innovexalgerie.com\/manutention\/wp-content\/uploads\/2022\/09\/BP600.png\",\"datePublished\":\"2022-09-24T14:03:39+00:00\",\"dateModified\":\"2023-10-30T11:24:43+00:00\",\"breadcrumb\":{\"@id\":\"https:\/\/innovexalgerie.com\/manutention\/produit\/levage-magnetique-verin-a-aimant-permanent-bp\/#breadcrumb\"},\"inLanguage\":\"fr-FR\",\"potentialAction\":[{\"@type\":\"ReadAction\",\"target\":[\"https:\/\/innovexalgerie.com\/manutention\/produit\/levage-magnetique-verin-a-aimant-permanent-bp\/\"]}]},{\"@type\":\"ImageObject\",\"inLanguage\":\"fr-FR\",\"@id\":\"https:\/\/innovexalgerie.com\/manutention\/produit\/levage-magnetique-verin-a-aimant-permanent-bp\/#primaryimage\",\"url\":\"https:\/\/innovexalgerie.com\/manutention\/wp-content\/uploads\/2022\/09\/BP600.png\",\"contentUrl\":\"https:\/\/innovexalgerie.com\/manutention\/wp-content\/uploads\/2022\/09\/BP600.png\",\"width\":1000,\"height\":1000},{\"@type\":\"BreadcrumbList\",\"@id\":\"https:\/\/innovexalgerie.com\/manutention\/produit\/levage-magnetique-verin-a-aimant-permanent-bp\/#breadcrumb\",\"itemListElement\":[{\"@type\":\"ListItem\",\"position\":1,\"name\":\"Accueil\",\"item\":\"https:\/\/innovexalgerie.com\/manutention\/\"},{\"@type\":\"ListItem\",\"position\":2,\"name\":\"Boutique\",\"item\":\"https:\/\/innovexalgerie.com\/manutention\/boutique\/\"},{\"@type\":\"ListItem\",\"position\":3,\"name\":\"Levage magn\u00e9tique v\u00e9rin \u00e0 aimant permanent BP\"}]},{\"@type\":\"WebSite\",\"@id\":\"https:\/\/innovexalgerie.com\/manutention\/#website\",\"url\":\"https:\/\/innovexalgerie.com\/manutention\/\",\"name\":\"INNOVEX Alg\u00e9rie | Manutention\",\"description\":\"Manutention\",\"publisher\":{\"@id\":\"https:\/\/innovexalgerie.com\/manutention\/#organization\"},\"potentialAction\":[{\"@type\":\"SearchAction\",\"target\":{\"@type\":\"EntryPoint\",\"urlTemplate\":\"https:\/\/innovexalgerie.com\/manutention\/?s={search_term_string}\"},\"query-input\":\"required name=search_term_string\"}],\"inLanguage\":\"fr-FR\"},{\"@type\":\"Organization\",\"@id\":\"https:\/\/innovexalgerie.com\/manutention\/#organization\",\"name\":\"INNOVEX Alg\u00e9rie | Manutention\",\"url\":\"https:\/\/innovexalgerie.com\/manutention\/\",\"logo\":{\"@type\":\"ImageObject\",\"inLanguage\":\"fr-FR\",\"@id\":\"https:\/\/innovexalgerie.com\/manutention\/#\/schema\/logo\/image\/\",\"url\":\"https:\/\/innovexalgerie.com\/manutention\/wp-content\/uploads\/2022\/03\/innovex_manutention_logo.svg\",\"contentUrl\":\"https:\/\/innovexalgerie.com\/manutention\/wp-content\/uploads\/2022\/03\/innovex_manutention_logo.svg\",\"width\":133,\"height\":36,\"caption\":\"INNOVEX Alg\u00e9rie | Manutention\"},\"image\":{\"@id\":\"https:\/\/innovexalgerie.com\/manutention\/#\/schema\/logo\/image\/\"}}]}<\/script>\n<!-- \/ Yoast SEO plugin. -->","yoast_head_json":{"title":"Levage magn\u00e9tique v\u00e9rin \u00e0 aimant permanent BP - INNOVEX Alg\u00e9rie | Manutention","robots":{"index":"index","follow":"follow","max-snippet":"max-snippet:-1","max-image-preview":"max-image-preview:large","max-video-preview":"max-video-preview:-1"},"canonical":"https:\/\/innovexalgerie.com\/manutention\/produit\/levage-magnetique-verin-a-aimant-permanent-bp\/","og_locale":"fr_FR","og_type":"article","og_title":"Levage magn\u00e9tique v\u00e9rin \u00e0 aimant permanent BP - INNOVEX Alg\u00e9rie | Manutention","og_description":"Outil de levage magn\u00e9tique portatif \u00e0 grue \u00e0 aimant permanent BP, id\u00e9al pour toutes sortes de charges plates et rondes pour la manipulation de plaques d'acier, de blocs de fer, etc.","og_url":"https:\/\/innovexalgerie.com\/manutention\/produit\/levage-magnetique-verin-a-aimant-permanent-bp\/","og_site_name":"INNOVEX Alg\u00e9rie | Manutention","article_modified_time":"2023-10-30T11:24:43+00:00","og_image":[{"width":1000,"height":1000,"url":"https:\/\/innovexalgerie.com\/manutention\/wp-content\/uploads\/2022\/09\/BP600.png","type":"image\/png"}],"twitter_card":"summary_large_image","schema":{"@context":"https:\/\/schema.org","@graph":[{"@type":"WebPage","@id":"https:\/\/innovexalgerie.com\/manutention\/produit\/levage-magnetique-verin-a-aimant-permanent-bp\/","url":"https:\/\/innovexalgerie.com\/manutention\/produit\/levage-magnetique-verin-a-aimant-permanent-bp\/","name":"Levage magn\u00e9tique v\u00e9rin \u00e0 aimant permanent BP - INNOVEX Alg\u00e9rie | Manutention","isPartOf":{"@id":"https:\/\/innovexalgerie.com\/manutention\/#website"},"primaryImageOfPage":{"@id":"https:\/\/innovexalgerie.com\/manutention\/produit\/levage-magnetique-verin-a-aimant-permanent-bp\/#primaryimage"},"image":{"@id":"https:\/\/innovexalgerie.com\/manutention\/produit\/levage-magnetique-verin-a-aimant-permanent-bp\/#primaryimage"},"thumbnailUrl":"https:\/\/innovexalgerie.com\/manutention\/wp-content\/uploads\/2022\/09\/BP600.png","datePublished":"2022-09-24T14:03:39+00:00","dateModified":"2023-10-30T11:24:43+00:00","breadcrumb":{"@id":"https:\/\/innovexalgerie.com\/manutention\/produit\/levage-magnetique-verin-a-aimant-permanent-bp\/#breadcrumb"},"inLanguage":"fr-FR","potentialAction":[{"@type":"ReadAction","target":["https:\/\/innovexalgerie.com\/manutention\/produit\/levage-magnetique-verin-a-aimant-permanent-bp\/"]}]},{"@type":"ImageObject","inLanguage":"fr-FR","@id":"https:\/\/innovexalgerie.com\/manutention\/produit\/levage-magnetique-verin-a-aimant-permanent-bp\/#primaryimage","url":"https:\/\/innovexalgerie.com\/manutention\/wp-content\/uploads\/2022\/09\/BP600.png","contentUrl":"https:\/\/innovexalgerie.com\/manutention\/wp-content\/uploads\/2022\/09\/BP600.png","width":1000,"height":1000},{"@type":"BreadcrumbList","@id":"https:\/\/innovexalgerie.com\/manutention\/produit\/levage-magnetique-verin-a-aimant-permanent-bp\/#breadcrumb","itemListElement":[{"@type":"ListItem","position":1,"name":"Accueil","item":"https:\/\/innovexalgerie.com\/manutention\/"},{"@type":"ListItem","position":2,"name":"Boutique","item":"https:\/\/innovexalgerie.com\/manutention\/boutique\/"},{"@type":"ListItem","position":3,"name":"Levage magn\u00e9tique v\u00e9rin \u00e0 aimant permanent BP"}]},{"@type":"WebSite","@id":"https:\/\/innovexalgerie.com\/manutention\/#website","url":"https:\/\/innovexalgerie.com\/manutention\/","name":"INNOVEX Alg\u00e9rie | Manutention","description":"Manutention","publisher":{"@id":"https:\/\/innovexalgerie.com\/manutention\/#organization"},"potentialAction":[{"@type":"SearchAction","target":{"@type":"EntryPoint","urlTemplate":"https:\/\/innovexalgerie.com\/manutention\/?s={search_term_string}"},"query-input":"required name=search_term_string"}],"inLanguage":"fr-FR"},{"@type":"Organization","@id":"https:\/\/innovexalgerie.com\/manutention\/#organization","name":"INNOVEX Alg\u00e9rie | Manutention","url":"https:\/\/innovexalgerie.com\/manutention\/","logo":{"@type":"ImageObject","inLanguage":"fr-FR","@id":"https:\/\/innovexalgerie.com\/manutention\/#\/schema\/logo\/image\/","url":"https:\/\/innovexalgerie.com\/manutention\/wp-content\/uploads\/2022\/03\/innovex_manutention_logo.svg","contentUrl":"https:\/\/innovexalgerie.com\/manutention\/wp-content\/uploads\/2022\/03\/innovex_manutention_logo.svg","width":133,"height":36,"caption":"INNOVEX Alg\u00e9rie | Manutention"},"image":{"@id":"https:\/\/innovexalgerie.com\/manutention\/#\/schema\/logo\/image\/"}}]}},"_links":{"self":[{"href":"https:\/\/innovexalgerie.com\/manutention\/wp-json\/wp\/v2\/product\/2435","targetHints":{"allow":["GET"]}}],"collection":[{"href":"https:\/\/innovexalgerie.com\/manutention\/wp-json\/wp\/v2\/product"}],"about":[{"href":"https:\/\/innovexalgerie.com\/manutention\/wp-json\/wp\/v2\/types\/product"}],"wp:featuredmedia":[{"embeddable":true,"href":"https:\/\/innovexalgerie.com\/manutention\/wp-json\/wp\/v2\/media\/2440"}],"wp:attachment":[{"href":"https:\/\/innovexalgerie.com\/manutention\/wp-json\/wp\/v2\/media?parent=2435"}],"wp:term":[{"taxonomy":"product_cat","embeddable":true,"href":"https:\/\/innovexalgerie.com\/manutention\/wp-json\/wp\/v2\/product_cat?post=2435"},{"taxonomy":"product_tag","embeddable":true,"href":"https:\/\/innovexalgerie.com\/manutention\/wp-json\/wp\/v2\/product_tag?post=2435"}],"curies":[{"name":"wp","href":"https:\/\/api.w.org\/{rel}","templated":true}]}}