{"id":254,"date":"2022-03-28T21:52:20","date_gmt":"2022-03-28T20:52:20","guid":{"rendered":"https:\/\/innovexalgerie.com\/new_manutention\/?post_type=product&#038;p=254"},"modified":"2022-08-24T11:39:08","modified_gmt":"2022-08-24T10:39:08","slug":"chariot-porte-basculeur-de-fut-manuel-hd80a","status":"publish","type":"product","link":"https:\/\/innovexalgerie.com\/manutention\/produit\/chariot-porte-basculeur-de-fut-manuel-hd80a\/","title":{"rendered":"Chariot porte basculeur de f\u00fbt manuel HD80A"},"content":{"rendered":"<p>Le <span style=\"font-weight: 400\">Chariot porte basculeur de f\u00fbt manuel <\/span><b>HD80A<\/b><b>,<\/b><span style=\"font-weight: 400\">\u00a0est con\u00e7u pour lever et d\u00e9placer les f\u00fbts en acier et en plastique \u00e0 rebord, d\u2019une capacit\u00e9 de 364 Kg.<\/span><\/p>\n","protected":false},"excerpt":{"rendered":"<p>Chariot porte basculeur de f\u00fbt manuel HD80A en acier de levage manuel, Con\u00e7u pour lever et d\u00e9placer et renverser les f\u00fbts en acier et en plastique<span style=\"font-weight: 400\">\u00a0est une solution tr\u00e8s efficace pour la manutention des f\u00fbts.\u00a0<\/span><\/p>\n","protected":false},"featured_media":284,"template":"","meta":{"_monsterinsights_skip_tracking":false,"_monsterinsights_sitenote_active":false,"_monsterinsights_sitenote_note":"","_monsterinsights_sitenote_category":0},"product_cat":[34],"product_tag":[],"class_list":["post-254","product","type-product","status-publish","has-post-thumbnail","hentry","product_cat-manutention-des-futs"],"acf":[],"yoast_head":"<!-- This site is optimized with the Yoast SEO plugin v22.6 - https:\/\/yoast.com\/wordpress\/plugins\/seo\/ -->\n<title>Chariot porte basculeur de f\u00fbt manuel HD80A - INNOVEX Alg\u00e9rie | Manutention<\/title>\n<meta name=\"robots\" content=\"index, follow, max-snippet:-1, max-image-preview:large, max-video-preview:-1\" \/>\n<link rel=\"canonical\" href=\"https:\/\/innovexalgerie.com\/manutention\/produit\/chariot-porte-basculeur-de-fut-manuel-hd80a\/\" \/>\n<meta property=\"og:locale\" content=\"fr_FR\" \/>\n<meta property=\"og:type\" content=\"article\" \/>\n<meta property=\"og:title\" content=\"Chariot porte basculeur de f\u00fbt manuel HD80A - INNOVEX Alg\u00e9rie | Manutention\" \/>\n<meta property=\"og:description\" content=\"Chariot porte basculeur de f\u00fbt manuel HD80A en acier de levage manuel, Con\u00e7u pour lever et d\u00e9placer et renverser les f\u00fbts en acier et en plastique\u00a0est une solution tr\u00e8s efficace pour la manutention des f\u00fbts.\u00a0\" \/>\n<meta property=\"og:url\" content=\"https:\/\/innovexalgerie.com\/manutention\/produit\/chariot-porte-basculeur-de-fut-manuel-hd80a\/\" \/>\n<meta property=\"og:site_name\" content=\"INNOVEX Alg\u00e9rie | Manutention\" \/>\n<meta property=\"article:modified_time\" content=\"2022-08-24T10:39:08+00:00\" \/>\n<meta property=\"og:image\" content=\"https:\/\/innovexalgerie.com\/manutention\/wp-content\/uploads\/2022\/03\/HD80A-1-e1661337297508.jpg\" \/>\n\t<meta property=\"og:image:width\" content=\"1000\" \/>\n\t<meta property=\"og:image:height\" content=\"1000\" \/>\n\t<meta property=\"og:image:type\" content=\"image\/jpeg\" \/>\n<meta name=\"twitter:card\" content=\"summary_large_image\" \/>\n<script type=\"application\/ld+json\" class=\"yoast-schema-graph\">{\"@context\":\"https:\/\/schema.org\",\"@graph\":[{\"@type\":\"WebPage\",\"@id\":\"https:\/\/innovexalgerie.com\/manutention\/produit\/chariot-porte-basculeur-de-fut-manuel-hd80a\/\",\"url\":\"https:\/\/innovexalgerie.com\/manutention\/produit\/chariot-porte-basculeur-de-fut-manuel-hd80a\/\",\"name\":\"Chariot porte basculeur de f\u00fbt manuel HD80A - INNOVEX Alg\u00e9rie | Manutention\",\"isPartOf\":{\"@id\":\"https:\/\/innovexalgerie.com\/manutention\/#website\"},\"primaryImageOfPage\":{\"@id\":\"https:\/\/innovexalgerie.com\/manutention\/produit\/chariot-porte-basculeur-de-fut-manuel-hd80a\/#primaryimage\"},\"image\":{\"@id\":\"https:\/\/innovexalgerie.com\/manutention\/produit\/chariot-porte-basculeur-de-fut-manuel-hd80a\/#primaryimage\"},\"thumbnailUrl\":\"https:\/\/innovexalgerie.com\/manutention\/wp-content\/uploads\/2022\/03\/HD80A-1-e1661337297508.jpg\",\"datePublished\":\"2022-03-28T20:52:20+00:00\",\"dateModified\":\"2022-08-24T10:39:08+00:00\",\"breadcrumb\":{\"@id\":\"https:\/\/innovexalgerie.com\/manutention\/produit\/chariot-porte-basculeur-de-fut-manuel-hd80a\/#breadcrumb\"},\"inLanguage\":\"fr-FR\",\"potentialAction\":[{\"@type\":\"ReadAction\",\"target\":[\"https:\/\/innovexalgerie.com\/manutention\/produit\/chariot-porte-basculeur-de-fut-manuel-hd80a\/\"]}]},{\"@type\":\"ImageObject\",\"inLanguage\":\"fr-FR\",\"@id\":\"https:\/\/innovexalgerie.com\/manutention\/produit\/chariot-porte-basculeur-de-fut-manuel-hd80a\/#primaryimage\",\"url\":\"https:\/\/innovexalgerie.com\/manutention\/wp-content\/uploads\/2022\/03\/HD80A-1-e1661337297508.jpg\",\"contentUrl\":\"https:\/\/innovexalgerie.com\/manutention\/wp-content\/uploads\/2022\/03\/HD80A-1-e1661337297508.jpg\",\"width\":1000,\"height\":1000},{\"@type\":\"BreadcrumbList\",\"@id\":\"https:\/\/innovexalgerie.com\/manutention\/produit\/chariot-porte-basculeur-de-fut-manuel-hd80a\/#breadcrumb\",\"itemListElement\":[{\"@type\":\"ListItem\",\"position\":1,\"name\":\"Accueil\",\"item\":\"https:\/\/innovexalgerie.com\/manutention\/\"},{\"@type\":\"ListItem\",\"position\":2,\"name\":\"Boutique\",\"item\":\"https:\/\/innovexalgerie.com\/manutention\/boutique\/\"},{\"@type\":\"ListItem\",\"position\":3,\"name\":\"Chariot porte basculeur de f\u00fbt manuel HD80A\"}]},{\"@type\":\"WebSite\",\"@id\":\"https:\/\/innovexalgerie.com\/manutention\/#website\",\"url\":\"https:\/\/innovexalgerie.com\/manutention\/\",\"name\":\"INNOVEX Alg\u00e9rie | Manutention\",\"description\":\"Manutention\",\"publisher\":{\"@id\":\"https:\/\/innovexalgerie.com\/manutention\/#organization\"},\"potentialAction\":[{\"@type\":\"SearchAction\",\"target\":{\"@type\":\"EntryPoint\",\"urlTemplate\":\"https:\/\/innovexalgerie.com\/manutention\/?s={search_term_string}\"},\"query-input\":\"required name=search_term_string\"}],\"inLanguage\":\"fr-FR\"},{\"@type\":\"Organization\",\"@id\":\"https:\/\/innovexalgerie.com\/manutention\/#organization\",\"name\":\"INNOVEX Alg\u00e9rie | Manutention\",\"url\":\"https:\/\/innovexalgerie.com\/manutention\/\",\"logo\":{\"@type\":\"ImageObject\",\"inLanguage\":\"fr-FR\",\"@id\":\"https:\/\/innovexalgerie.com\/manutention\/#\/schema\/logo\/image\/\",\"url\":\"https:\/\/innovexalgerie.com\/manutention\/wp-content\/uploads\/2022\/03\/innovex_manutention_logo.svg\",\"contentUrl\":\"https:\/\/innovexalgerie.com\/manutention\/wp-content\/uploads\/2022\/03\/innovex_manutention_logo.svg\",\"width\":133,\"height\":36,\"caption\":\"INNOVEX Alg\u00e9rie | Manutention\"},\"image\":{\"@id\":\"https:\/\/innovexalgerie.com\/manutention\/#\/schema\/logo\/image\/\"}}]}<\/script>\n<!-- \/ Yoast SEO plugin. -->","yoast_head_json":{"title":"Chariot porte basculeur de f\u00fbt manuel HD80A - INNOVEX Alg\u00e9rie | Manutention","robots":{"index":"index","follow":"follow","max-snippet":"max-snippet:-1","max-image-preview":"max-image-preview:large","max-video-preview":"max-video-preview:-1"},"canonical":"https:\/\/innovexalgerie.com\/manutention\/produit\/chariot-porte-basculeur-de-fut-manuel-hd80a\/","og_locale":"fr_FR","og_type":"article","og_title":"Chariot porte basculeur de f\u00fbt manuel HD80A - INNOVEX Alg\u00e9rie | Manutention","og_description":"Chariot porte basculeur de f\u00fbt manuel HD80A en acier de levage manuel, Con\u00e7u pour lever et d\u00e9placer et renverser les f\u00fbts en acier et en plastique\u00a0est une solution tr\u00e8s efficace pour la manutention des f\u00fbts.\u00a0","og_url":"https:\/\/innovexalgerie.com\/manutention\/produit\/chariot-porte-basculeur-de-fut-manuel-hd80a\/","og_site_name":"INNOVEX Alg\u00e9rie | Manutention","article_modified_time":"2022-08-24T10:39:08+00:00","og_image":[{"width":1000,"height":1000,"url":"https:\/\/innovexalgerie.com\/manutention\/wp-content\/uploads\/2022\/03\/HD80A-1-e1661337297508.jpg","type":"image\/jpeg"}],"twitter_card":"summary_large_image","schema":{"@context":"https:\/\/schema.org","@graph":[{"@type":"WebPage","@id":"https:\/\/innovexalgerie.com\/manutention\/produit\/chariot-porte-basculeur-de-fut-manuel-hd80a\/","url":"https:\/\/innovexalgerie.com\/manutention\/produit\/chariot-porte-basculeur-de-fut-manuel-hd80a\/","name":"Chariot porte basculeur de f\u00fbt manuel HD80A - INNOVEX Alg\u00e9rie | Manutention","isPartOf":{"@id":"https:\/\/innovexalgerie.com\/manutention\/#website"},"primaryImageOfPage":{"@id":"https:\/\/innovexalgerie.com\/manutention\/produit\/chariot-porte-basculeur-de-fut-manuel-hd80a\/#primaryimage"},"image":{"@id":"https:\/\/innovexalgerie.com\/manutention\/produit\/chariot-porte-basculeur-de-fut-manuel-hd80a\/#primaryimage"},"thumbnailUrl":"https:\/\/innovexalgerie.com\/manutention\/wp-content\/uploads\/2022\/03\/HD80A-1-e1661337297508.jpg","datePublished":"2022-03-28T20:52:20+00:00","dateModified":"2022-08-24T10:39:08+00:00","breadcrumb":{"@id":"https:\/\/innovexalgerie.com\/manutention\/produit\/chariot-porte-basculeur-de-fut-manuel-hd80a\/#breadcrumb"},"inLanguage":"fr-FR","potentialAction":[{"@type":"ReadAction","target":["https:\/\/innovexalgerie.com\/manutention\/produit\/chariot-porte-basculeur-de-fut-manuel-hd80a\/"]}]},{"@type":"ImageObject","inLanguage":"fr-FR","@id":"https:\/\/innovexalgerie.com\/manutention\/produit\/chariot-porte-basculeur-de-fut-manuel-hd80a\/#primaryimage","url":"https:\/\/innovexalgerie.com\/manutention\/wp-content\/uploads\/2022\/03\/HD80A-1-e1661337297508.jpg","contentUrl":"https:\/\/innovexalgerie.com\/manutention\/wp-content\/uploads\/2022\/03\/HD80A-1-e1661337297508.jpg","width":1000,"height":1000},{"@type":"BreadcrumbList","@id":"https:\/\/innovexalgerie.com\/manutention\/produit\/chariot-porte-basculeur-de-fut-manuel-hd80a\/#breadcrumb","itemListElement":[{"@type":"ListItem","position":1,"name":"Accueil","item":"https:\/\/innovexalgerie.com\/manutention\/"},{"@type":"ListItem","position":2,"name":"Boutique","item":"https:\/\/innovexalgerie.com\/manutention\/boutique\/"},{"@type":"ListItem","position":3,"name":"Chariot porte basculeur de f\u00fbt manuel HD80A"}]},{"@type":"WebSite","@id":"https:\/\/innovexalgerie.com\/manutention\/#website","url":"https:\/\/innovexalgerie.com\/manutention\/","name":"INNOVEX Alg\u00e9rie | Manutention","description":"Manutention","publisher":{"@id":"https:\/\/innovexalgerie.com\/manutention\/#organization"},"potentialAction":[{"@type":"SearchAction","target":{"@type":"EntryPoint","urlTemplate":"https:\/\/innovexalgerie.com\/manutention\/?s={search_term_string}"},"query-input":"required name=search_term_string"}],"inLanguage":"fr-FR"},{"@type":"Organization","@id":"https:\/\/innovexalgerie.com\/manutention\/#organization","name":"INNOVEX Alg\u00e9rie | Manutention","url":"https:\/\/innovexalgerie.com\/manutention\/","logo":{"@type":"ImageObject","inLanguage":"fr-FR","@id":"https:\/\/innovexalgerie.com\/manutention\/#\/schema\/logo\/image\/","url":"https:\/\/innovexalgerie.com\/manutention\/wp-content\/uploads\/2022\/03\/innovex_manutention_logo.svg","contentUrl":"https:\/\/innovexalgerie.com\/manutention\/wp-content\/uploads\/2022\/03\/innovex_manutention_logo.svg","width":133,"height":36,"caption":"INNOVEX Alg\u00e9rie | Manutention"},"image":{"@id":"https:\/\/innovexalgerie.com\/manutention\/#\/schema\/logo\/image\/"}}]}},"_links":{"self":[{"href":"https:\/\/innovexalgerie.com\/manutention\/wp-json\/wp\/v2\/product\/254","targetHints":{"allow":["GET"]}}],"collection":[{"href":"https:\/\/innovexalgerie.com\/manutention\/wp-json\/wp\/v2\/product"}],"about":[{"href":"https:\/\/innovexalgerie.com\/manutention\/wp-json\/wp\/v2\/types\/product"}],"wp:featuredmedia":[{"embeddable":true,"href":"https:\/\/innovexalgerie.com\/manutention\/wp-json\/wp\/v2\/media\/284"}],"wp:attachment":[{"href":"https:\/\/innovexalgerie.com\/manutention\/wp-json\/wp\/v2\/media?parent=254"}],"wp:term":[{"taxonomy":"product_cat","embeddable":true,"href":"https:\/\/innovexalgerie.com\/manutention\/wp-json\/wp\/v2\/product_cat?post=254"},{"taxonomy":"product_tag","embeddable":true,"href":"https:\/\/innovexalgerie.com\/manutention\/wp-json\/wp\/v2\/product_tag?post=254"}],"curies":[{"name":"wp","href":"https:\/\/api.w.org\/{rel}","templated":true}]}}