{"id":256,"date":"2022-03-28T21:52:20","date_gmt":"2022-03-28T20:52:20","guid":{"rendered":"https:\/\/innovexalgerie.com\/new_manutention\/?post_type=product&#038;p=256"},"modified":"2023-11-01T08:54:11","modified_gmt":"2023-11-01T07:54:11","slug":"pinces-a-fut-pour-chariot-elevateur-dg720a","status":"publish","type":"product","link":"https:\/\/innovexalgerie.com\/manutention\/produit\/pinces-a-fut-pour-chariot-elevateur-dg720a\/","title":{"rendered":"Pinces \u00e0 f\u00fbt pour chariot \u00e9l\u00e9vateur DG720A"},"content":{"rendered":"<p>La pince \u00e0 f\u00fbt pour chariot \u00e9l\u00e9vateur <strong>DG720A<\/strong> est con\u00e7ue pour la manutention des f\u00fbts m\u00e9talliques ou plastiques \u00e0 rebord. Il assure le d\u00e9p\u00f4t de deux f\u00fbts simultan\u00e9ment et automatiquement par le desserrage de la m\u00e2choire d\u00e8s que le f\u00fbt touche le sol.<\/p>\n","protected":false},"excerpt":{"rendered":"<p>La pince \u00e0 f\u00fbt pour chariot \u00e9l\u00e9vateur DG720A, est la solution id\u00e9ale pour convertir votre chariot \u00e9l\u00e9vateur en porte de f\u00fbts m\u00e9talliques ou plastiques \u00e0 rebord.<\/p>\n","protected":false},"featured_media":2148,"template":"","meta":{"_monsterinsights_skip_tracking":false,"_monsterinsights_sitenote_active":false,"_monsterinsights_sitenote_note":"","_monsterinsights_sitenote_category":0},"product_cat":[23,54,34],"product_tag":[64,37,38,63],"class_list":["post-256","product","type-product","status-publish","has-post-thumbnail","hentry","product_cat-accessoires","product_cat-pince-a-fut","product_cat-manutention-des-futs","product_tag-fut","product_tag-levage","product_tag-manutention","product_tag-pince"],"acf":[],"yoast_head":"<!-- This site is optimized with the Yoast SEO plugin v22.6 - https:\/\/yoast.com\/wordpress\/plugins\/seo\/ -->\n<title>Pinces \u00e0 f\u00fbt pour chariot \u00e9l\u00e9vateur DG720A - INNOVEX Alg\u00e9rie | Manutention<\/title>\n<meta name=\"robots\" content=\"index, follow, max-snippet:-1, max-image-preview:large, max-video-preview:-1\" \/>\n<link rel=\"canonical\" href=\"https:\/\/innovexalgerie.com\/manutention\/produit\/pinces-a-fut-pour-chariot-elevateur-dg720a\/\" \/>\n<meta property=\"og:locale\" content=\"fr_FR\" \/>\n<meta property=\"og:type\" content=\"article\" \/>\n<meta property=\"og:title\" content=\"Pinces \u00e0 f\u00fbt pour chariot \u00e9l\u00e9vateur DG720A - INNOVEX Alg\u00e9rie | Manutention\" \/>\n<meta property=\"og:description\" content=\"La pince \u00e0 f\u00fbt pour chariot \u00e9l\u00e9vateur DG720A, est la solution id\u00e9ale pour convertir votre chariot \u00e9l\u00e9vateur en porte de f\u00fbts m\u00e9talliques ou plastiques \u00e0 rebord.\" \/>\n<meta property=\"og:url\" content=\"https:\/\/innovexalgerie.com\/manutention\/produit\/pinces-a-fut-pour-chariot-elevateur-dg720a\/\" \/>\n<meta property=\"og:site_name\" content=\"INNOVEX Alg\u00e9rie | Manutention\" \/>\n<meta property=\"article:modified_time\" content=\"2023-11-01T07:54:11+00:00\" \/>\n<meta property=\"og:image\" content=\"https:\/\/innovexalgerie.com\/manutention\/wp-content\/uploads\/2022\/03\/dg720.jpg\" \/>\n\t<meta property=\"og:image:width\" content=\"1000\" \/>\n\t<meta property=\"og:image:height\" content=\"1000\" \/>\n\t<meta property=\"og:image:type\" content=\"image\/jpeg\" \/>\n<meta name=\"twitter:card\" content=\"summary_large_image\" \/>\n<script type=\"application\/ld+json\" class=\"yoast-schema-graph\">{\"@context\":\"https:\/\/schema.org\",\"@graph\":[{\"@type\":\"WebPage\",\"@id\":\"https:\/\/innovexalgerie.com\/manutention\/produit\/pinces-a-fut-pour-chariot-elevateur-dg720a\/\",\"url\":\"https:\/\/innovexalgerie.com\/manutention\/produit\/pinces-a-fut-pour-chariot-elevateur-dg720a\/\",\"name\":\"Pinces \u00e0 f\u00fbt pour chariot \u00e9l\u00e9vateur DG720A - INNOVEX Alg\u00e9rie | Manutention\",\"isPartOf\":{\"@id\":\"https:\/\/innovexalgerie.com\/manutention\/#website\"},\"primaryImageOfPage\":{\"@id\":\"https:\/\/innovexalgerie.com\/manutention\/produit\/pinces-a-fut-pour-chariot-elevateur-dg720a\/#primaryimage\"},\"image\":{\"@id\":\"https:\/\/innovexalgerie.com\/manutention\/produit\/pinces-a-fut-pour-chariot-elevateur-dg720a\/#primaryimage\"},\"thumbnailUrl\":\"https:\/\/innovexalgerie.com\/manutention\/wp-content\/uploads\/2022\/03\/dg720.jpg\",\"datePublished\":\"2022-03-28T20:52:20+00:00\",\"dateModified\":\"2023-11-01T07:54:11+00:00\",\"breadcrumb\":{\"@id\":\"https:\/\/innovexalgerie.com\/manutention\/produit\/pinces-a-fut-pour-chariot-elevateur-dg720a\/#breadcrumb\"},\"inLanguage\":\"fr-FR\",\"potentialAction\":[{\"@type\":\"ReadAction\",\"target\":[\"https:\/\/innovexalgerie.com\/manutention\/produit\/pinces-a-fut-pour-chariot-elevateur-dg720a\/\"]}]},{\"@type\":\"ImageObject\",\"inLanguage\":\"fr-FR\",\"@id\":\"https:\/\/innovexalgerie.com\/manutention\/produit\/pinces-a-fut-pour-chariot-elevateur-dg720a\/#primaryimage\",\"url\":\"https:\/\/innovexalgerie.com\/manutention\/wp-content\/uploads\/2022\/03\/dg720.jpg\",\"contentUrl\":\"https:\/\/innovexalgerie.com\/manutention\/wp-content\/uploads\/2022\/03\/dg720.jpg\",\"width\":1000,\"height\":1000},{\"@type\":\"BreadcrumbList\",\"@id\":\"https:\/\/innovexalgerie.com\/manutention\/produit\/pinces-a-fut-pour-chariot-elevateur-dg720a\/#breadcrumb\",\"itemListElement\":[{\"@type\":\"ListItem\",\"position\":1,\"name\":\"Accueil\",\"item\":\"https:\/\/innovexalgerie.com\/manutention\/\"},{\"@type\":\"ListItem\",\"position\":2,\"name\":\"Boutique\",\"item\":\"https:\/\/innovexalgerie.com\/manutention\/boutique\/\"},{\"@type\":\"ListItem\",\"position\":3,\"name\":\"Pinces \u00e0 f\u00fbt pour chariot \u00e9l\u00e9vateur DG720A\"}]},{\"@type\":\"WebSite\",\"@id\":\"https:\/\/innovexalgerie.com\/manutention\/#website\",\"url\":\"https:\/\/innovexalgerie.com\/manutention\/\",\"name\":\"INNOVEX Alg\u00e9rie | Manutention\",\"description\":\"Manutention\",\"publisher\":{\"@id\":\"https:\/\/innovexalgerie.com\/manutention\/#organization\"},\"potentialAction\":[{\"@type\":\"SearchAction\",\"target\":{\"@type\":\"EntryPoint\",\"urlTemplate\":\"https:\/\/innovexalgerie.com\/manutention\/?s={search_term_string}\"},\"query-input\":\"required name=search_term_string\"}],\"inLanguage\":\"fr-FR\"},{\"@type\":\"Organization\",\"@id\":\"https:\/\/innovexalgerie.com\/manutention\/#organization\",\"name\":\"INNOVEX Alg\u00e9rie | Manutention\",\"url\":\"https:\/\/innovexalgerie.com\/manutention\/\",\"logo\":{\"@type\":\"ImageObject\",\"inLanguage\":\"fr-FR\",\"@id\":\"https:\/\/innovexalgerie.com\/manutention\/#\/schema\/logo\/image\/\",\"url\":\"https:\/\/innovexalgerie.com\/manutention\/wp-content\/uploads\/2022\/03\/innovex_manutention_logo.svg\",\"contentUrl\":\"https:\/\/innovexalgerie.com\/manutention\/wp-content\/uploads\/2022\/03\/innovex_manutention_logo.svg\",\"width\":133,\"height\":36,\"caption\":\"INNOVEX Alg\u00e9rie | Manutention\"},\"image\":{\"@id\":\"https:\/\/innovexalgerie.com\/manutention\/#\/schema\/logo\/image\/\"}}]}<\/script>\n<!-- \/ Yoast SEO plugin. -->","yoast_head_json":{"title":"Pinces \u00e0 f\u00fbt pour chariot \u00e9l\u00e9vateur DG720A - INNOVEX Alg\u00e9rie | Manutention","robots":{"index":"index","follow":"follow","max-snippet":"max-snippet:-1","max-image-preview":"max-image-preview:large","max-video-preview":"max-video-preview:-1"},"canonical":"https:\/\/innovexalgerie.com\/manutention\/produit\/pinces-a-fut-pour-chariot-elevateur-dg720a\/","og_locale":"fr_FR","og_type":"article","og_title":"Pinces \u00e0 f\u00fbt pour chariot \u00e9l\u00e9vateur DG720A - INNOVEX Alg\u00e9rie | Manutention","og_description":"La pince \u00e0 f\u00fbt pour chariot \u00e9l\u00e9vateur DG720A, est la solution id\u00e9ale pour convertir votre chariot \u00e9l\u00e9vateur en porte de f\u00fbts m\u00e9talliques ou plastiques \u00e0 rebord.","og_url":"https:\/\/innovexalgerie.com\/manutention\/produit\/pinces-a-fut-pour-chariot-elevateur-dg720a\/","og_site_name":"INNOVEX Alg\u00e9rie | Manutention","article_modified_time":"2023-11-01T07:54:11+00:00","og_image":[{"width":1000,"height":1000,"url":"https:\/\/innovexalgerie.com\/manutention\/wp-content\/uploads\/2022\/03\/dg720.jpg","type":"image\/jpeg"}],"twitter_card":"summary_large_image","schema":{"@context":"https:\/\/schema.org","@graph":[{"@type":"WebPage","@id":"https:\/\/innovexalgerie.com\/manutention\/produit\/pinces-a-fut-pour-chariot-elevateur-dg720a\/","url":"https:\/\/innovexalgerie.com\/manutention\/produit\/pinces-a-fut-pour-chariot-elevateur-dg720a\/","name":"Pinces \u00e0 f\u00fbt pour chariot \u00e9l\u00e9vateur DG720A - INNOVEX Alg\u00e9rie | Manutention","isPartOf":{"@id":"https:\/\/innovexalgerie.com\/manutention\/#website"},"primaryImageOfPage":{"@id":"https:\/\/innovexalgerie.com\/manutention\/produit\/pinces-a-fut-pour-chariot-elevateur-dg720a\/#primaryimage"},"image":{"@id":"https:\/\/innovexalgerie.com\/manutention\/produit\/pinces-a-fut-pour-chariot-elevateur-dg720a\/#primaryimage"},"thumbnailUrl":"https:\/\/innovexalgerie.com\/manutention\/wp-content\/uploads\/2022\/03\/dg720.jpg","datePublished":"2022-03-28T20:52:20+00:00","dateModified":"2023-11-01T07:54:11+00:00","breadcrumb":{"@id":"https:\/\/innovexalgerie.com\/manutention\/produit\/pinces-a-fut-pour-chariot-elevateur-dg720a\/#breadcrumb"},"inLanguage":"fr-FR","potentialAction":[{"@type":"ReadAction","target":["https:\/\/innovexalgerie.com\/manutention\/produit\/pinces-a-fut-pour-chariot-elevateur-dg720a\/"]}]},{"@type":"ImageObject","inLanguage":"fr-FR","@id":"https:\/\/innovexalgerie.com\/manutention\/produit\/pinces-a-fut-pour-chariot-elevateur-dg720a\/#primaryimage","url":"https:\/\/innovexalgerie.com\/manutention\/wp-content\/uploads\/2022\/03\/dg720.jpg","contentUrl":"https:\/\/innovexalgerie.com\/manutention\/wp-content\/uploads\/2022\/03\/dg720.jpg","width":1000,"height":1000},{"@type":"BreadcrumbList","@id":"https:\/\/innovexalgerie.com\/manutention\/produit\/pinces-a-fut-pour-chariot-elevateur-dg720a\/#breadcrumb","itemListElement":[{"@type":"ListItem","position":1,"name":"Accueil","item":"https:\/\/innovexalgerie.com\/manutention\/"},{"@type":"ListItem","position":2,"name":"Boutique","item":"https:\/\/innovexalgerie.com\/manutention\/boutique\/"},{"@type":"ListItem","position":3,"name":"Pinces \u00e0 f\u00fbt pour chariot \u00e9l\u00e9vateur DG720A"}]},{"@type":"WebSite","@id":"https:\/\/innovexalgerie.com\/manutention\/#website","url":"https:\/\/innovexalgerie.com\/manutention\/","name":"INNOVEX Alg\u00e9rie | Manutention","description":"Manutention","publisher":{"@id":"https:\/\/innovexalgerie.com\/manutention\/#organization"},"potentialAction":[{"@type":"SearchAction","target":{"@type":"EntryPoint","urlTemplate":"https:\/\/innovexalgerie.com\/manutention\/?s={search_term_string}"},"query-input":"required name=search_term_string"}],"inLanguage":"fr-FR"},{"@type":"Organization","@id":"https:\/\/innovexalgerie.com\/manutention\/#organization","name":"INNOVEX Alg\u00e9rie | Manutention","url":"https:\/\/innovexalgerie.com\/manutention\/","logo":{"@type":"ImageObject","inLanguage":"fr-FR","@id":"https:\/\/innovexalgerie.com\/manutention\/#\/schema\/logo\/image\/","url":"https:\/\/innovexalgerie.com\/manutention\/wp-content\/uploads\/2022\/03\/innovex_manutention_logo.svg","contentUrl":"https:\/\/innovexalgerie.com\/manutention\/wp-content\/uploads\/2022\/03\/innovex_manutention_logo.svg","width":133,"height":36,"caption":"INNOVEX Alg\u00e9rie | Manutention"},"image":{"@id":"https:\/\/innovexalgerie.com\/manutention\/#\/schema\/logo\/image\/"}}]}},"_links":{"self":[{"href":"https:\/\/innovexalgerie.com\/manutention\/wp-json\/wp\/v2\/product\/256","targetHints":{"allow":["GET"]}}],"collection":[{"href":"https:\/\/innovexalgerie.com\/manutention\/wp-json\/wp\/v2\/product"}],"about":[{"href":"https:\/\/innovexalgerie.com\/manutention\/wp-json\/wp\/v2\/types\/product"}],"wp:featuredmedia":[{"embeddable":true,"href":"https:\/\/innovexalgerie.com\/manutention\/wp-json\/wp\/v2\/media\/2148"}],"wp:attachment":[{"href":"https:\/\/innovexalgerie.com\/manutention\/wp-json\/wp\/v2\/media?parent=256"}],"wp:term":[{"taxonomy":"product_cat","embeddable":true,"href":"https:\/\/innovexalgerie.com\/manutention\/wp-json\/wp\/v2\/product_cat?post=256"},{"taxonomy":"product_tag","embeddable":true,"href":"https:\/\/innovexalgerie.com\/manutention\/wp-json\/wp\/v2\/product_tag?post=256"}],"curies":[{"name":"wp","href":"https:\/\/api.w.org\/{rel}","templated":true}]}}