{"id":267,"date":"2022-03-28T21:52:22","date_gmt":"2022-03-28T20:52:22","guid":{"rendered":"https:\/\/innovexalgerie.com\/new_manutention\/?post_type=product&#038;p=267"},"modified":"2022-09-19T12:21:21","modified_gmt":"2022-09-19T11:21:21","slug":"table-elevatrice-a-niveau-constant-et-plateau-pivotant-a-360-spp360-2000","status":"publish","type":"product","link":"https:\/\/innovexalgerie.com\/manutention\/produit\/table-elevatrice-a-niveau-constant-et-plateau-pivotant-a-360-spp360-2000\/","title":{"rendered":"Table \u00e9l\u00e9vatrice \u00e0 niveau constant et plateau pivotant \u00e0 360\u00b0 SPP360-2000"},"content":{"rendered":"<p>La Table \u00e9l\u00e9vatrice \u00e0 niveau constant et plateau pivotant \u00e0 360\u00b0 <strong>SPP360-2000<\/strong>, est une table manuelle ergonomique qui permet d\u2019augmenter le confort et la productivit\u00e9, ajuste automatiquement la hauteur de la charge au fur et \u00e0 mesure de l&rsquo;ajout ou du retrait d&rsquo;\u00e9l\u00e9ments. Sa capacit\u00e9 de chargement peut aller jusqu\u2019\u00e0 2 Tonnes.<\/p>\n","protected":false},"excerpt":{"rendered":"<p>La Table \u00e9l\u00e9vatrice \u00e0 niveau constant et plateau pivotant \u00e0 360\u00b0, est une solution pratique et facile pour la manutention des entrep\u00f4ts.<\/p>\n","protected":false},"featured_media":2189,"template":"","meta":{"_monsterinsights_skip_tracking":false,"_monsterinsights_sitenote_active":false,"_monsterinsights_sitenote_note":"","_monsterinsights_sitenote_category":0},"product_cat":[32],"product_tag":[],"class_list":["post-267","product","type-product","status-publish","has-post-thumbnail","hentry","product_cat-tables-elevatrices"],"acf":[],"yoast_head":"<!-- This site is optimized with the Yoast SEO plugin v22.6 - https:\/\/yoast.com\/wordpress\/plugins\/seo\/ -->\n<title>Table \u00e9l\u00e9vatrice \u00e0 niveau constant et plateau pivotant \u00e0 360\u00b0 SPP360-2000 - INNOVEX Alg\u00e9rie | Manutention<\/title>\n<meta name=\"robots\" content=\"index, follow, max-snippet:-1, max-image-preview:large, max-video-preview:-1\" \/>\n<link rel=\"canonical\" href=\"https:\/\/innovexalgerie.com\/manutention\/produit\/table-elevatrice-a-niveau-constant-et-plateau-pivotant-a-360-spp360-2000\/\" \/>\n<meta property=\"og:locale\" content=\"fr_FR\" \/>\n<meta property=\"og:type\" content=\"article\" \/>\n<meta property=\"og:title\" content=\"Table \u00e9l\u00e9vatrice \u00e0 niveau constant et plateau pivotant \u00e0 360\u00b0 SPP360-2000 - INNOVEX Alg\u00e9rie | Manutention\" \/>\n<meta property=\"og:description\" content=\"La Table \u00e9l\u00e9vatrice \u00e0 niveau constant et plateau pivotant \u00e0 360\u00b0, est une solution pratique et facile pour la manutention des entrep\u00f4ts.\" \/>\n<meta property=\"og:url\" content=\"https:\/\/innovexalgerie.com\/manutention\/produit\/table-elevatrice-a-niveau-constant-et-plateau-pivotant-a-360-spp360-2000\/\" \/>\n<meta property=\"og:site_name\" content=\"INNOVEX Alg\u00e9rie | Manutention\" \/>\n<meta property=\"article:modified_time\" content=\"2022-09-19T11:21:21+00:00\" \/>\n<meta property=\"og:image\" content=\"https:\/\/innovexalgerie.com\/manutention\/wp-content\/uploads\/2022\/03\/table-elevatrice-spp.jpg\" \/>\n\t<meta property=\"og:image:width\" content=\"1000\" \/>\n\t<meta property=\"og:image:height\" content=\"1000\" \/>\n\t<meta property=\"og:image:type\" content=\"image\/jpeg\" \/>\n<meta name=\"twitter:card\" content=\"summary_large_image\" \/>\n<script type=\"application\/ld+json\" class=\"yoast-schema-graph\">{\"@context\":\"https:\/\/schema.org\",\"@graph\":[{\"@type\":\"WebPage\",\"@id\":\"https:\/\/innovexalgerie.com\/manutention\/produit\/table-elevatrice-a-niveau-constant-et-plateau-pivotant-a-360-spp360-2000\/\",\"url\":\"https:\/\/innovexalgerie.com\/manutention\/produit\/table-elevatrice-a-niveau-constant-et-plateau-pivotant-a-360-spp360-2000\/\",\"name\":\"Table \u00e9l\u00e9vatrice \u00e0 niveau constant et plateau pivotant \u00e0 360\u00b0 SPP360-2000 - INNOVEX Alg\u00e9rie | Manutention\",\"isPartOf\":{\"@id\":\"https:\/\/innovexalgerie.com\/manutention\/#website\"},\"primaryImageOfPage\":{\"@id\":\"https:\/\/innovexalgerie.com\/manutention\/produit\/table-elevatrice-a-niveau-constant-et-plateau-pivotant-a-360-spp360-2000\/#primaryimage\"},\"image\":{\"@id\":\"https:\/\/innovexalgerie.com\/manutention\/produit\/table-elevatrice-a-niveau-constant-et-plateau-pivotant-a-360-spp360-2000\/#primaryimage\"},\"thumbnailUrl\":\"https:\/\/innovexalgerie.com\/manutention\/wp-content\/uploads\/2022\/03\/table-elevatrice-spp.jpg\",\"datePublished\":\"2022-03-28T20:52:22+00:00\",\"dateModified\":\"2022-09-19T11:21:21+00:00\",\"breadcrumb\":{\"@id\":\"https:\/\/innovexalgerie.com\/manutention\/produit\/table-elevatrice-a-niveau-constant-et-plateau-pivotant-a-360-spp360-2000\/#breadcrumb\"},\"inLanguage\":\"fr-FR\",\"potentialAction\":[{\"@type\":\"ReadAction\",\"target\":[\"https:\/\/innovexalgerie.com\/manutention\/produit\/table-elevatrice-a-niveau-constant-et-plateau-pivotant-a-360-spp360-2000\/\"]}]},{\"@type\":\"ImageObject\",\"inLanguage\":\"fr-FR\",\"@id\":\"https:\/\/innovexalgerie.com\/manutention\/produit\/table-elevatrice-a-niveau-constant-et-plateau-pivotant-a-360-spp360-2000\/#primaryimage\",\"url\":\"https:\/\/innovexalgerie.com\/manutention\/wp-content\/uploads\/2022\/03\/table-elevatrice-spp.jpg\",\"contentUrl\":\"https:\/\/innovexalgerie.com\/manutention\/wp-content\/uploads\/2022\/03\/table-elevatrice-spp.jpg\",\"width\":1000,\"height\":1000},{\"@type\":\"BreadcrumbList\",\"@id\":\"https:\/\/innovexalgerie.com\/manutention\/produit\/table-elevatrice-a-niveau-constant-et-plateau-pivotant-a-360-spp360-2000\/#breadcrumb\",\"itemListElement\":[{\"@type\":\"ListItem\",\"position\":1,\"name\":\"Accueil\",\"item\":\"https:\/\/innovexalgerie.com\/manutention\/\"},{\"@type\":\"ListItem\",\"position\":2,\"name\":\"Boutique\",\"item\":\"https:\/\/innovexalgerie.com\/manutention\/boutique\/\"},{\"@type\":\"ListItem\",\"position\":3,\"name\":\"Table \u00e9l\u00e9vatrice \u00e0 niveau constant et plateau pivotant \u00e0 360\u00b0 SPP360-2000\"}]},{\"@type\":\"WebSite\",\"@id\":\"https:\/\/innovexalgerie.com\/manutention\/#website\",\"url\":\"https:\/\/innovexalgerie.com\/manutention\/\",\"name\":\"INNOVEX Alg\u00e9rie | Manutention\",\"description\":\"Manutention\",\"publisher\":{\"@id\":\"https:\/\/innovexalgerie.com\/manutention\/#organization\"},\"potentialAction\":[{\"@type\":\"SearchAction\",\"target\":{\"@type\":\"EntryPoint\",\"urlTemplate\":\"https:\/\/innovexalgerie.com\/manutention\/?s={search_term_string}\"},\"query-input\":\"required name=search_term_string\"}],\"inLanguage\":\"fr-FR\"},{\"@type\":\"Organization\",\"@id\":\"https:\/\/innovexalgerie.com\/manutention\/#organization\",\"name\":\"INNOVEX Alg\u00e9rie | Manutention\",\"url\":\"https:\/\/innovexalgerie.com\/manutention\/\",\"logo\":{\"@type\":\"ImageObject\",\"inLanguage\":\"fr-FR\",\"@id\":\"https:\/\/innovexalgerie.com\/manutention\/#\/schema\/logo\/image\/\",\"url\":\"https:\/\/innovexalgerie.com\/manutention\/wp-content\/uploads\/2022\/03\/innovex_manutention_logo.svg\",\"contentUrl\":\"https:\/\/innovexalgerie.com\/manutention\/wp-content\/uploads\/2022\/03\/innovex_manutention_logo.svg\",\"width\":133,\"height\":36,\"caption\":\"INNOVEX Alg\u00e9rie | Manutention\"},\"image\":{\"@id\":\"https:\/\/innovexalgerie.com\/manutention\/#\/schema\/logo\/image\/\"}}]}<\/script>\n<!-- \/ Yoast SEO plugin. -->","yoast_head_json":{"title":"Table \u00e9l\u00e9vatrice \u00e0 niveau constant et plateau pivotant \u00e0 360\u00b0 SPP360-2000 - INNOVEX Alg\u00e9rie | Manutention","robots":{"index":"index","follow":"follow","max-snippet":"max-snippet:-1","max-image-preview":"max-image-preview:large","max-video-preview":"max-video-preview:-1"},"canonical":"https:\/\/innovexalgerie.com\/manutention\/produit\/table-elevatrice-a-niveau-constant-et-plateau-pivotant-a-360-spp360-2000\/","og_locale":"fr_FR","og_type":"article","og_title":"Table \u00e9l\u00e9vatrice \u00e0 niveau constant et plateau pivotant \u00e0 360\u00b0 SPP360-2000 - INNOVEX Alg\u00e9rie | Manutention","og_description":"La Table \u00e9l\u00e9vatrice \u00e0 niveau constant et plateau pivotant \u00e0 360\u00b0, est une solution pratique et facile pour la manutention des entrep\u00f4ts.","og_url":"https:\/\/innovexalgerie.com\/manutention\/produit\/table-elevatrice-a-niveau-constant-et-plateau-pivotant-a-360-spp360-2000\/","og_site_name":"INNOVEX Alg\u00e9rie | Manutention","article_modified_time":"2022-09-19T11:21:21+00:00","og_image":[{"width":1000,"height":1000,"url":"https:\/\/innovexalgerie.com\/manutention\/wp-content\/uploads\/2022\/03\/table-elevatrice-spp.jpg","type":"image\/jpeg"}],"twitter_card":"summary_large_image","schema":{"@context":"https:\/\/schema.org","@graph":[{"@type":"WebPage","@id":"https:\/\/innovexalgerie.com\/manutention\/produit\/table-elevatrice-a-niveau-constant-et-plateau-pivotant-a-360-spp360-2000\/","url":"https:\/\/innovexalgerie.com\/manutention\/produit\/table-elevatrice-a-niveau-constant-et-plateau-pivotant-a-360-spp360-2000\/","name":"Table \u00e9l\u00e9vatrice \u00e0 niveau constant et plateau pivotant \u00e0 360\u00b0 SPP360-2000 - INNOVEX Alg\u00e9rie | Manutention","isPartOf":{"@id":"https:\/\/innovexalgerie.com\/manutention\/#website"},"primaryImageOfPage":{"@id":"https:\/\/innovexalgerie.com\/manutention\/produit\/table-elevatrice-a-niveau-constant-et-plateau-pivotant-a-360-spp360-2000\/#primaryimage"},"image":{"@id":"https:\/\/innovexalgerie.com\/manutention\/produit\/table-elevatrice-a-niveau-constant-et-plateau-pivotant-a-360-spp360-2000\/#primaryimage"},"thumbnailUrl":"https:\/\/innovexalgerie.com\/manutention\/wp-content\/uploads\/2022\/03\/table-elevatrice-spp.jpg","datePublished":"2022-03-28T20:52:22+00:00","dateModified":"2022-09-19T11:21:21+00:00","breadcrumb":{"@id":"https:\/\/innovexalgerie.com\/manutention\/produit\/table-elevatrice-a-niveau-constant-et-plateau-pivotant-a-360-spp360-2000\/#breadcrumb"},"inLanguage":"fr-FR","potentialAction":[{"@type":"ReadAction","target":["https:\/\/innovexalgerie.com\/manutention\/produit\/table-elevatrice-a-niveau-constant-et-plateau-pivotant-a-360-spp360-2000\/"]}]},{"@type":"ImageObject","inLanguage":"fr-FR","@id":"https:\/\/innovexalgerie.com\/manutention\/produit\/table-elevatrice-a-niveau-constant-et-plateau-pivotant-a-360-spp360-2000\/#primaryimage","url":"https:\/\/innovexalgerie.com\/manutention\/wp-content\/uploads\/2022\/03\/table-elevatrice-spp.jpg","contentUrl":"https:\/\/innovexalgerie.com\/manutention\/wp-content\/uploads\/2022\/03\/table-elevatrice-spp.jpg","width":1000,"height":1000},{"@type":"BreadcrumbList","@id":"https:\/\/innovexalgerie.com\/manutention\/produit\/table-elevatrice-a-niveau-constant-et-plateau-pivotant-a-360-spp360-2000\/#breadcrumb","itemListElement":[{"@type":"ListItem","position":1,"name":"Accueil","item":"https:\/\/innovexalgerie.com\/manutention\/"},{"@type":"ListItem","position":2,"name":"Boutique","item":"https:\/\/innovexalgerie.com\/manutention\/boutique\/"},{"@type":"ListItem","position":3,"name":"Table \u00e9l\u00e9vatrice \u00e0 niveau constant et plateau pivotant \u00e0 360\u00b0 SPP360-2000"}]},{"@type":"WebSite","@id":"https:\/\/innovexalgerie.com\/manutention\/#website","url":"https:\/\/innovexalgerie.com\/manutention\/","name":"INNOVEX Alg\u00e9rie | Manutention","description":"Manutention","publisher":{"@id":"https:\/\/innovexalgerie.com\/manutention\/#organization"},"potentialAction":[{"@type":"SearchAction","target":{"@type":"EntryPoint","urlTemplate":"https:\/\/innovexalgerie.com\/manutention\/?s={search_term_string}"},"query-input":"required name=search_term_string"}],"inLanguage":"fr-FR"},{"@type":"Organization","@id":"https:\/\/innovexalgerie.com\/manutention\/#organization","name":"INNOVEX Alg\u00e9rie | Manutention","url":"https:\/\/innovexalgerie.com\/manutention\/","logo":{"@type":"ImageObject","inLanguage":"fr-FR","@id":"https:\/\/innovexalgerie.com\/manutention\/#\/schema\/logo\/image\/","url":"https:\/\/innovexalgerie.com\/manutention\/wp-content\/uploads\/2022\/03\/innovex_manutention_logo.svg","contentUrl":"https:\/\/innovexalgerie.com\/manutention\/wp-content\/uploads\/2022\/03\/innovex_manutention_logo.svg","width":133,"height":36,"caption":"INNOVEX Alg\u00e9rie | Manutention"},"image":{"@id":"https:\/\/innovexalgerie.com\/manutention\/#\/schema\/logo\/image\/"}}]}},"_links":{"self":[{"href":"https:\/\/innovexalgerie.com\/manutention\/wp-json\/wp\/v2\/product\/267","targetHints":{"allow":["GET"]}}],"collection":[{"href":"https:\/\/innovexalgerie.com\/manutention\/wp-json\/wp\/v2\/product"}],"about":[{"href":"https:\/\/innovexalgerie.com\/manutention\/wp-json\/wp\/v2\/types\/product"}],"wp:featuredmedia":[{"embeddable":true,"href":"https:\/\/innovexalgerie.com\/manutention\/wp-json\/wp\/v2\/media\/2189"}],"wp:attachment":[{"href":"https:\/\/innovexalgerie.com\/manutention\/wp-json\/wp\/v2\/media?parent=267"}],"wp:term":[{"taxonomy":"product_cat","embeddable":true,"href":"https:\/\/innovexalgerie.com\/manutention\/wp-json\/wp\/v2\/product_cat?post=267"},{"taxonomy":"product_tag","embeddable":true,"href":"https:\/\/innovexalgerie.com\/manutention\/wp-json\/wp\/v2\/product_tag?post=267"}],"curies":[{"name":"wp","href":"https:\/\/api.w.org\/{rel}","templated":true}]}}