{"id":2755,"date":"2023-05-13T10:57:00","date_gmt":"2023-05-13T09:57:00","guid":{"rendered":"https:\/\/innovexalgerie.com\/manutention\/?post_type=product&#038;p=2755"},"modified":"2023-11-06T11:21:32","modified_gmt":"2023-11-06T10:21:32","slug":"gerbeur-electrique-economque-pse-12b-sl","status":"publish","type":"product","link":"https:\/\/innovexalgerie.com\/manutention\/produit\/gerbeur-electrique-economque-pse-12b-sl\/","title":{"rendered":"Gerbeur Electrique \u00e9conomique PSE 12B SL"},"content":{"rendered":"<p>Le gerbeur \u00e9lectrique \u00e9conomique \u00e0 fourche ajustable PSE12B SL, est une solution de manutention pratique et efficace pour les diff\u00e9rentes op\u00e9rations de magasinage dans les entrep\u00f4ts et les usines. Il est compl\u00e8tement \u00e9lectrique et permet d\u2019\u00e9lever des charges de 1200kg \u00e0 des hauteurs allant jusqu\u2019\u00e0 3600 mm, il dispose de deux fourches de 640 mm de longueur ajustables en largeur et d\u2019une batterie int\u00e9gr\u00e9e puissante et r\u00e9sistante de 24V et une capacit\u00e9 de 85Ah, qui assure les besoins op\u00e9rationnels \u00e0 long terme.<\/p>\n","protected":false},"excerpt":{"rendered":"<p><span style=\"font-weight: 400;\">Le gerbeur \u00e9lectrique \u00e9conomique <\/span><b>PSE12B SL<\/b>\u00a0\u00e0 fourche ajustable<b>, <\/b><span style=\"font-weight: 400;\">est une solution pratique et efficace pour l<\/span><span style=\"font-weight: 400;\">es op\u00e9rations de magasinage dans les entrep\u00f4ts et les usines<\/span><span style=\"font-weight: 400;\">.<\/span><\/p>\n","protected":false},"featured_media":2765,"template":"","meta":{"_monsterinsights_skip_tracking":false,"_monsterinsights_sitenote_active":false,"_monsterinsights_sitenote_note":"","_monsterinsights_sitenote_category":0},"product_cat":[17],"product_tag":[],"class_list":["post-2755","product","type-product","status-publish","has-post-thumbnail","hentry","product_cat-gerbeurs-electrique"],"acf":[],"yoast_head":"<!-- This site is optimized with the Yoast SEO plugin v22.6 - https:\/\/yoast.com\/wordpress\/plugins\/seo\/ -->\n<title>Gerbeur Electrique \u00e9conomique PSE 12B SL - INNOVEX Alg\u00e9rie | Manutention<\/title>\n<meta name=\"robots\" content=\"index, follow, max-snippet:-1, max-image-preview:large, max-video-preview:-1\" \/>\n<link rel=\"canonical\" href=\"https:\/\/innovexalgerie.com\/manutention\/produit\/gerbeur-electrique-economque-pse-12b-sl\/\" \/>\n<meta property=\"og:locale\" content=\"fr_FR\" \/>\n<meta property=\"og:type\" content=\"article\" \/>\n<meta property=\"og:title\" content=\"Gerbeur Electrique \u00e9conomique PSE 12B SL - INNOVEX Alg\u00e9rie | Manutention\" \/>\n<meta property=\"og:description\" content=\"Le gerbeur \u00e9lectrique \u00e9conomique PSE12B SL\u00a0\u00e0 fourche ajustable, est une solution pratique et efficace pour les op\u00e9rations de magasinage dans les entrep\u00f4ts et les usines.\" \/>\n<meta property=\"og:url\" content=\"https:\/\/innovexalgerie.com\/manutention\/produit\/gerbeur-electrique-economque-pse-12b-sl\/\" \/>\n<meta property=\"og:site_name\" content=\"INNOVEX Alg\u00e9rie | Manutention\" \/>\n<meta property=\"article:modified_time\" content=\"2023-11-06T10:21:32+00:00\" \/>\n<meta property=\"og:image\" content=\"https:\/\/innovexalgerie.com\/manutention\/wp-content\/uploads\/2023\/05\/PSE12BSL.jpg\" \/>\n\t<meta property=\"og:image:width\" content=\"1000\" \/>\n\t<meta property=\"og:image:height\" content=\"1000\" \/>\n\t<meta property=\"og:image:type\" content=\"image\/jpeg\" \/>\n<meta name=\"twitter:card\" content=\"summary_large_image\" \/>\n<script type=\"application\/ld+json\" class=\"yoast-schema-graph\">{\"@context\":\"https:\/\/schema.org\",\"@graph\":[{\"@type\":\"WebPage\",\"@id\":\"https:\/\/innovexalgerie.com\/manutention\/produit\/gerbeur-electrique-economque-pse-12b-sl\/\",\"url\":\"https:\/\/innovexalgerie.com\/manutention\/produit\/gerbeur-electrique-economque-pse-12b-sl\/\",\"name\":\"Gerbeur Electrique \u00e9conomique PSE 12B SL - INNOVEX Alg\u00e9rie | Manutention\",\"isPartOf\":{\"@id\":\"https:\/\/innovexalgerie.com\/manutention\/#website\"},\"primaryImageOfPage\":{\"@id\":\"https:\/\/innovexalgerie.com\/manutention\/produit\/gerbeur-electrique-economque-pse-12b-sl\/#primaryimage\"},\"image\":{\"@id\":\"https:\/\/innovexalgerie.com\/manutention\/produit\/gerbeur-electrique-economque-pse-12b-sl\/#primaryimage\"},\"thumbnailUrl\":\"https:\/\/innovexalgerie.com\/manutention\/wp-content\/uploads\/2023\/05\/PSE12BSL.jpg\",\"datePublished\":\"2023-05-13T09:57:00+00:00\",\"dateModified\":\"2023-11-06T10:21:32+00:00\",\"breadcrumb\":{\"@id\":\"https:\/\/innovexalgerie.com\/manutention\/produit\/gerbeur-electrique-economque-pse-12b-sl\/#breadcrumb\"},\"inLanguage\":\"fr-FR\",\"potentialAction\":[{\"@type\":\"ReadAction\",\"target\":[\"https:\/\/innovexalgerie.com\/manutention\/produit\/gerbeur-electrique-economque-pse-12b-sl\/\"]}]},{\"@type\":\"ImageObject\",\"inLanguage\":\"fr-FR\",\"@id\":\"https:\/\/innovexalgerie.com\/manutention\/produit\/gerbeur-electrique-economque-pse-12b-sl\/#primaryimage\",\"url\":\"https:\/\/innovexalgerie.com\/manutention\/wp-content\/uploads\/2023\/05\/PSE12BSL.jpg\",\"contentUrl\":\"https:\/\/innovexalgerie.com\/manutention\/wp-content\/uploads\/2023\/05\/PSE12BSL.jpg\",\"width\":1000,\"height\":1000,\"caption\":\"GERBEUR ELEC ECO PSE12BSL INNOVEX MACHINE\"},{\"@type\":\"BreadcrumbList\",\"@id\":\"https:\/\/innovexalgerie.com\/manutention\/produit\/gerbeur-electrique-economque-pse-12b-sl\/#breadcrumb\",\"itemListElement\":[{\"@type\":\"ListItem\",\"position\":1,\"name\":\"Accueil\",\"item\":\"https:\/\/innovexalgerie.com\/manutention\/\"},{\"@type\":\"ListItem\",\"position\":2,\"name\":\"Boutique\",\"item\":\"https:\/\/innovexalgerie.com\/manutention\/boutique\/\"},{\"@type\":\"ListItem\",\"position\":3,\"name\":\"Gerbeur Electrique \u00e9conomique PSE 12B SL\"}]},{\"@type\":\"WebSite\",\"@id\":\"https:\/\/innovexalgerie.com\/manutention\/#website\",\"url\":\"https:\/\/innovexalgerie.com\/manutention\/\",\"name\":\"INNOVEX Alg\u00e9rie | Manutention\",\"description\":\"Manutention\",\"publisher\":{\"@id\":\"https:\/\/innovexalgerie.com\/manutention\/#organization\"},\"potentialAction\":[{\"@type\":\"SearchAction\",\"target\":{\"@type\":\"EntryPoint\",\"urlTemplate\":\"https:\/\/innovexalgerie.com\/manutention\/?s={search_term_string}\"},\"query-input\":\"required name=search_term_string\"}],\"inLanguage\":\"fr-FR\"},{\"@type\":\"Organization\",\"@id\":\"https:\/\/innovexalgerie.com\/manutention\/#organization\",\"name\":\"INNOVEX Alg\u00e9rie | Manutention\",\"url\":\"https:\/\/innovexalgerie.com\/manutention\/\",\"logo\":{\"@type\":\"ImageObject\",\"inLanguage\":\"fr-FR\",\"@id\":\"https:\/\/innovexalgerie.com\/manutention\/#\/schema\/logo\/image\/\",\"url\":\"https:\/\/innovexalgerie.com\/manutention\/wp-content\/uploads\/2022\/03\/innovex_manutention_logo.svg\",\"contentUrl\":\"https:\/\/innovexalgerie.com\/manutention\/wp-content\/uploads\/2022\/03\/innovex_manutention_logo.svg\",\"width\":133,\"height\":36,\"caption\":\"INNOVEX Alg\u00e9rie | Manutention\"},\"image\":{\"@id\":\"https:\/\/innovexalgerie.com\/manutention\/#\/schema\/logo\/image\/\"}}]}<\/script>\n<!-- \/ Yoast SEO plugin. -->","yoast_head_json":{"title":"Gerbeur Electrique \u00e9conomique PSE 12B SL - INNOVEX Alg\u00e9rie | Manutention","robots":{"index":"index","follow":"follow","max-snippet":"max-snippet:-1","max-image-preview":"max-image-preview:large","max-video-preview":"max-video-preview:-1"},"canonical":"https:\/\/innovexalgerie.com\/manutention\/produit\/gerbeur-electrique-economque-pse-12b-sl\/","og_locale":"fr_FR","og_type":"article","og_title":"Gerbeur Electrique \u00e9conomique PSE 12B SL - INNOVEX Alg\u00e9rie | Manutention","og_description":"Le gerbeur \u00e9lectrique \u00e9conomique PSE12B SL\u00a0\u00e0 fourche ajustable, est une solution pratique et efficace pour les op\u00e9rations de magasinage dans les entrep\u00f4ts et les usines.","og_url":"https:\/\/innovexalgerie.com\/manutention\/produit\/gerbeur-electrique-economque-pse-12b-sl\/","og_site_name":"INNOVEX Alg\u00e9rie | Manutention","article_modified_time":"2023-11-06T10:21:32+00:00","og_image":[{"width":1000,"height":1000,"url":"https:\/\/innovexalgerie.com\/manutention\/wp-content\/uploads\/2023\/05\/PSE12BSL.jpg","type":"image\/jpeg"}],"twitter_card":"summary_large_image","schema":{"@context":"https:\/\/schema.org","@graph":[{"@type":"WebPage","@id":"https:\/\/innovexalgerie.com\/manutention\/produit\/gerbeur-electrique-economque-pse-12b-sl\/","url":"https:\/\/innovexalgerie.com\/manutention\/produit\/gerbeur-electrique-economque-pse-12b-sl\/","name":"Gerbeur Electrique \u00e9conomique PSE 12B SL - INNOVEX Alg\u00e9rie | Manutention","isPartOf":{"@id":"https:\/\/innovexalgerie.com\/manutention\/#website"},"primaryImageOfPage":{"@id":"https:\/\/innovexalgerie.com\/manutention\/produit\/gerbeur-electrique-economque-pse-12b-sl\/#primaryimage"},"image":{"@id":"https:\/\/innovexalgerie.com\/manutention\/produit\/gerbeur-electrique-economque-pse-12b-sl\/#primaryimage"},"thumbnailUrl":"https:\/\/innovexalgerie.com\/manutention\/wp-content\/uploads\/2023\/05\/PSE12BSL.jpg","datePublished":"2023-05-13T09:57:00+00:00","dateModified":"2023-11-06T10:21:32+00:00","breadcrumb":{"@id":"https:\/\/innovexalgerie.com\/manutention\/produit\/gerbeur-electrique-economque-pse-12b-sl\/#breadcrumb"},"inLanguage":"fr-FR","potentialAction":[{"@type":"ReadAction","target":["https:\/\/innovexalgerie.com\/manutention\/produit\/gerbeur-electrique-economque-pse-12b-sl\/"]}]},{"@type":"ImageObject","inLanguage":"fr-FR","@id":"https:\/\/innovexalgerie.com\/manutention\/produit\/gerbeur-electrique-economque-pse-12b-sl\/#primaryimage","url":"https:\/\/innovexalgerie.com\/manutention\/wp-content\/uploads\/2023\/05\/PSE12BSL.jpg","contentUrl":"https:\/\/innovexalgerie.com\/manutention\/wp-content\/uploads\/2023\/05\/PSE12BSL.jpg","width":1000,"height":1000,"caption":"GERBEUR ELEC ECO PSE12BSL INNOVEX MACHINE"},{"@type":"BreadcrumbList","@id":"https:\/\/innovexalgerie.com\/manutention\/produit\/gerbeur-electrique-economque-pse-12b-sl\/#breadcrumb","itemListElement":[{"@type":"ListItem","position":1,"name":"Accueil","item":"https:\/\/innovexalgerie.com\/manutention\/"},{"@type":"ListItem","position":2,"name":"Boutique","item":"https:\/\/innovexalgerie.com\/manutention\/boutique\/"},{"@type":"ListItem","position":3,"name":"Gerbeur Electrique \u00e9conomique PSE 12B SL"}]},{"@type":"WebSite","@id":"https:\/\/innovexalgerie.com\/manutention\/#website","url":"https:\/\/innovexalgerie.com\/manutention\/","name":"INNOVEX Alg\u00e9rie | Manutention","description":"Manutention","publisher":{"@id":"https:\/\/innovexalgerie.com\/manutention\/#organization"},"potentialAction":[{"@type":"SearchAction","target":{"@type":"EntryPoint","urlTemplate":"https:\/\/innovexalgerie.com\/manutention\/?s={search_term_string}"},"query-input":"required name=search_term_string"}],"inLanguage":"fr-FR"},{"@type":"Organization","@id":"https:\/\/innovexalgerie.com\/manutention\/#organization","name":"INNOVEX Alg\u00e9rie | Manutention","url":"https:\/\/innovexalgerie.com\/manutention\/","logo":{"@type":"ImageObject","inLanguage":"fr-FR","@id":"https:\/\/innovexalgerie.com\/manutention\/#\/schema\/logo\/image\/","url":"https:\/\/innovexalgerie.com\/manutention\/wp-content\/uploads\/2022\/03\/innovex_manutention_logo.svg","contentUrl":"https:\/\/innovexalgerie.com\/manutention\/wp-content\/uploads\/2022\/03\/innovex_manutention_logo.svg","width":133,"height":36,"caption":"INNOVEX Alg\u00e9rie | Manutention"},"image":{"@id":"https:\/\/innovexalgerie.com\/manutention\/#\/schema\/logo\/image\/"}}]}},"_links":{"self":[{"href":"https:\/\/innovexalgerie.com\/manutention\/wp-json\/wp\/v2\/product\/2755","targetHints":{"allow":["GET"]}}],"collection":[{"href":"https:\/\/innovexalgerie.com\/manutention\/wp-json\/wp\/v2\/product"}],"about":[{"href":"https:\/\/innovexalgerie.com\/manutention\/wp-json\/wp\/v2\/types\/product"}],"wp:featuredmedia":[{"embeddable":true,"href":"https:\/\/innovexalgerie.com\/manutention\/wp-json\/wp\/v2\/media\/2765"}],"wp:attachment":[{"href":"https:\/\/innovexalgerie.com\/manutention\/wp-json\/wp\/v2\/media?parent=2755"}],"wp:term":[{"taxonomy":"product_cat","embeddable":true,"href":"https:\/\/innovexalgerie.com\/manutention\/wp-json\/wp\/v2\/product_cat?post=2755"},{"taxonomy":"product_tag","embeddable":true,"href":"https:\/\/innovexalgerie.com\/manutention\/wp-json\/wp\/v2\/product_tag?post=2755"}],"curies":[{"name":"wp","href":"https:\/\/api.w.org\/{rel}","templated":true}]}}