{"id":318,"date":"2022-03-28T21:52:46","date_gmt":"2022-03-28T20:52:46","guid":{"rendered":"https:\/\/innovexalgerie.com\/new_manutention\/?post_type=product&#038;p=318"},"modified":"2023-11-01T08:56:48","modified_gmt":"2023-11-01T07:56:48","slug":"positionneur-de-fut-pivotant-horizontal-et-verticale-dr400","status":"publish","type":"product","link":"https:\/\/innovexalgerie.com\/manutention\/produit\/positionneur-de-fut-pivotant-horizontal-et-verticale-dr400\/","title":{"rendered":"Positionneur de f\u00fbt pivotant horizontal et verticale DR400"},"content":{"rendered":"<p><span style=\"font-weight: 400;\">Le positionneur de f\u00fbt pivotant horizontal et vertical <\/span><b>DR400, <\/b><span style=\"font-weight: 400;\">est attach\u00e9 par un c\u00e2ble, qui permet de renverser le f\u00fbt d\u2019une position verticale \u00e0 horizontale ou le contraire en le tirant. Il s\u2019agit d\u2019une op\u00e9ration compl\u00e8tement m\u00e9canique sans connexion hydraulique ni \u00e9lectrique, Id\u00e9al pour le chargement \/ d\u00e9chargement de f\u00fbts stock\u00e9s en diff\u00e9rentes positions.<\/span><\/p>\n","protected":false},"excerpt":{"rendered":"<p>Le positionneur de f\u00fbt pivotant horizontal et vertical DR400, est la solution id\u00e9ale pour convertir votre chariot \u00e9l\u00e9vateur en basculeur de f\u00fbts avec positionneur pour les f\u00fbts en acier et en plastique en position horizontale et verticale.<\/p>\n","protected":false},"featured_media":344,"template":"","meta":{"_monsterinsights_skip_tracking":false,"_monsterinsights_sitenote_active":false,"_monsterinsights_sitenote_note":"","_monsterinsights_sitenote_category":0},"product_cat":[23,56,34],"product_tag":[39,37,38,36],"class_list":["post-318","product","type-product","status-publish","has-post-thumbnail","hentry","product_cat-accessoires","product_cat-positionneur-des-futs","product_cat-manutention-des-futs","product_tag-futs","product_tag-levage","product_tag-manutention","product_tag-positionneur-des-futs"],"acf":[],"yoast_head":"<!-- This site is optimized with the Yoast SEO plugin v22.6 - https:\/\/yoast.com\/wordpress\/plugins\/seo\/ -->\n<title>Positionneur de f\u00fbt pivotant horizontal et verticale DR400 - INNOVEX Alg\u00e9rie | Manutention<\/title>\n<meta name=\"robots\" content=\"index, follow, max-snippet:-1, max-image-preview:large, max-video-preview:-1\" \/>\n<link rel=\"canonical\" href=\"https:\/\/innovexalgerie.com\/manutention\/produit\/positionneur-de-fut-pivotant-horizontal-et-verticale-dr400\/\" \/>\n<meta property=\"og:locale\" content=\"fr_FR\" \/>\n<meta property=\"og:type\" content=\"article\" \/>\n<meta property=\"og:title\" content=\"Positionneur de f\u00fbt pivotant horizontal et verticale DR400 - INNOVEX Alg\u00e9rie | Manutention\" \/>\n<meta property=\"og:description\" content=\"Le positionneur de f\u00fbt pivotant horizontal et vertical DR400, est la solution id\u00e9ale pour convertir votre chariot \u00e9l\u00e9vateur en basculeur de f\u00fbts avec positionneur pour les f\u00fbts en acier et en plastique en position horizontale et verticale.\" \/>\n<meta property=\"og:url\" content=\"https:\/\/innovexalgerie.com\/manutention\/produit\/positionneur-de-fut-pivotant-horizontal-et-verticale-dr400\/\" \/>\n<meta property=\"og:site_name\" content=\"INNOVEX Alg\u00e9rie | Manutention\" \/>\n<meta property=\"article:modified_time\" content=\"2023-11-01T07:56:48+00:00\" \/>\n<meta property=\"og:image\" content=\"https:\/\/innovexalgerie.com\/manutention\/wp-content\/uploads\/2022\/03\/DR400-09-1.jpg\" \/>\n\t<meta property=\"og:image:width\" content=\"730\" \/>\n\t<meta property=\"og:image:height\" content=\"667\" \/>\n\t<meta property=\"og:image:type\" content=\"image\/jpeg\" \/>\n<meta name=\"twitter:card\" content=\"summary_large_image\" \/>\n<script type=\"application\/ld+json\" class=\"yoast-schema-graph\">{\"@context\":\"https:\/\/schema.org\",\"@graph\":[{\"@type\":\"WebPage\",\"@id\":\"https:\/\/innovexalgerie.com\/manutention\/produit\/positionneur-de-fut-pivotant-horizontal-et-verticale-dr400\/\",\"url\":\"https:\/\/innovexalgerie.com\/manutention\/produit\/positionneur-de-fut-pivotant-horizontal-et-verticale-dr400\/\",\"name\":\"Positionneur de f\u00fbt pivotant horizontal et verticale DR400 - INNOVEX Alg\u00e9rie | Manutention\",\"isPartOf\":{\"@id\":\"https:\/\/innovexalgerie.com\/manutention\/#website\"},\"primaryImageOfPage\":{\"@id\":\"https:\/\/innovexalgerie.com\/manutention\/produit\/positionneur-de-fut-pivotant-horizontal-et-verticale-dr400\/#primaryimage\"},\"image\":{\"@id\":\"https:\/\/innovexalgerie.com\/manutention\/produit\/positionneur-de-fut-pivotant-horizontal-et-verticale-dr400\/#primaryimage\"},\"thumbnailUrl\":\"https:\/\/innovexalgerie.com\/manutention\/wp-content\/uploads\/2022\/03\/DR400-09-1.jpg\",\"datePublished\":\"2022-03-28T20:52:46+00:00\",\"dateModified\":\"2023-11-01T07:56:48+00:00\",\"breadcrumb\":{\"@id\":\"https:\/\/innovexalgerie.com\/manutention\/produit\/positionneur-de-fut-pivotant-horizontal-et-verticale-dr400\/#breadcrumb\"},\"inLanguage\":\"fr-FR\",\"potentialAction\":[{\"@type\":\"ReadAction\",\"target\":[\"https:\/\/innovexalgerie.com\/manutention\/produit\/positionneur-de-fut-pivotant-horizontal-et-verticale-dr400\/\"]}]},{\"@type\":\"ImageObject\",\"inLanguage\":\"fr-FR\",\"@id\":\"https:\/\/innovexalgerie.com\/manutention\/produit\/positionneur-de-fut-pivotant-horizontal-et-verticale-dr400\/#primaryimage\",\"url\":\"https:\/\/innovexalgerie.com\/manutention\/wp-content\/uploads\/2022\/03\/DR400-09-1.jpg\",\"contentUrl\":\"https:\/\/innovexalgerie.com\/manutention\/wp-content\/uploads\/2022\/03\/DR400-09-1.jpg\",\"width\":730,\"height\":667},{\"@type\":\"BreadcrumbList\",\"@id\":\"https:\/\/innovexalgerie.com\/manutention\/produit\/positionneur-de-fut-pivotant-horizontal-et-verticale-dr400\/#breadcrumb\",\"itemListElement\":[{\"@type\":\"ListItem\",\"position\":1,\"name\":\"Accueil\",\"item\":\"https:\/\/innovexalgerie.com\/manutention\/\"},{\"@type\":\"ListItem\",\"position\":2,\"name\":\"Boutique\",\"item\":\"https:\/\/innovexalgerie.com\/manutention\/boutique\/\"},{\"@type\":\"ListItem\",\"position\":3,\"name\":\"Positionneur de f\u00fbt pivotant horizontal et verticale DR400\"}]},{\"@type\":\"WebSite\",\"@id\":\"https:\/\/innovexalgerie.com\/manutention\/#website\",\"url\":\"https:\/\/innovexalgerie.com\/manutention\/\",\"name\":\"INNOVEX Alg\u00e9rie | Manutention\",\"description\":\"Manutention\",\"publisher\":{\"@id\":\"https:\/\/innovexalgerie.com\/manutention\/#organization\"},\"potentialAction\":[{\"@type\":\"SearchAction\",\"target\":{\"@type\":\"EntryPoint\",\"urlTemplate\":\"https:\/\/innovexalgerie.com\/manutention\/?s={search_term_string}\"},\"query-input\":\"required name=search_term_string\"}],\"inLanguage\":\"fr-FR\"},{\"@type\":\"Organization\",\"@id\":\"https:\/\/innovexalgerie.com\/manutention\/#organization\",\"name\":\"INNOVEX Alg\u00e9rie | Manutention\",\"url\":\"https:\/\/innovexalgerie.com\/manutention\/\",\"logo\":{\"@type\":\"ImageObject\",\"inLanguage\":\"fr-FR\",\"@id\":\"https:\/\/innovexalgerie.com\/manutention\/#\/schema\/logo\/image\/\",\"url\":\"https:\/\/innovexalgerie.com\/manutention\/wp-content\/uploads\/2022\/03\/innovex_manutention_logo.svg\",\"contentUrl\":\"https:\/\/innovexalgerie.com\/manutention\/wp-content\/uploads\/2022\/03\/innovex_manutention_logo.svg\",\"width\":133,\"height\":36,\"caption\":\"INNOVEX Alg\u00e9rie | Manutention\"},\"image\":{\"@id\":\"https:\/\/innovexalgerie.com\/manutention\/#\/schema\/logo\/image\/\"}}]}<\/script>\n<!-- \/ Yoast SEO plugin. -->","yoast_head_json":{"title":"Positionneur de f\u00fbt pivotant horizontal et verticale DR400 - INNOVEX Alg\u00e9rie | Manutention","robots":{"index":"index","follow":"follow","max-snippet":"max-snippet:-1","max-image-preview":"max-image-preview:large","max-video-preview":"max-video-preview:-1"},"canonical":"https:\/\/innovexalgerie.com\/manutention\/produit\/positionneur-de-fut-pivotant-horizontal-et-verticale-dr400\/","og_locale":"fr_FR","og_type":"article","og_title":"Positionneur de f\u00fbt pivotant horizontal et verticale DR400 - INNOVEX Alg\u00e9rie | Manutention","og_description":"Le positionneur de f\u00fbt pivotant horizontal et vertical DR400, est la solution id\u00e9ale pour convertir votre chariot \u00e9l\u00e9vateur en basculeur de f\u00fbts avec positionneur pour les f\u00fbts en acier et en plastique en position horizontale et verticale.","og_url":"https:\/\/innovexalgerie.com\/manutention\/produit\/positionneur-de-fut-pivotant-horizontal-et-verticale-dr400\/","og_site_name":"INNOVEX Alg\u00e9rie | Manutention","article_modified_time":"2023-11-01T07:56:48+00:00","og_image":[{"width":730,"height":667,"url":"https:\/\/innovexalgerie.com\/manutention\/wp-content\/uploads\/2022\/03\/DR400-09-1.jpg","type":"image\/jpeg"}],"twitter_card":"summary_large_image","schema":{"@context":"https:\/\/schema.org","@graph":[{"@type":"WebPage","@id":"https:\/\/innovexalgerie.com\/manutention\/produit\/positionneur-de-fut-pivotant-horizontal-et-verticale-dr400\/","url":"https:\/\/innovexalgerie.com\/manutention\/produit\/positionneur-de-fut-pivotant-horizontal-et-verticale-dr400\/","name":"Positionneur de f\u00fbt pivotant horizontal et verticale DR400 - INNOVEX Alg\u00e9rie | Manutention","isPartOf":{"@id":"https:\/\/innovexalgerie.com\/manutention\/#website"},"primaryImageOfPage":{"@id":"https:\/\/innovexalgerie.com\/manutention\/produit\/positionneur-de-fut-pivotant-horizontal-et-verticale-dr400\/#primaryimage"},"image":{"@id":"https:\/\/innovexalgerie.com\/manutention\/produit\/positionneur-de-fut-pivotant-horizontal-et-verticale-dr400\/#primaryimage"},"thumbnailUrl":"https:\/\/innovexalgerie.com\/manutention\/wp-content\/uploads\/2022\/03\/DR400-09-1.jpg","datePublished":"2022-03-28T20:52:46+00:00","dateModified":"2023-11-01T07:56:48+00:00","breadcrumb":{"@id":"https:\/\/innovexalgerie.com\/manutention\/produit\/positionneur-de-fut-pivotant-horizontal-et-verticale-dr400\/#breadcrumb"},"inLanguage":"fr-FR","potentialAction":[{"@type":"ReadAction","target":["https:\/\/innovexalgerie.com\/manutention\/produit\/positionneur-de-fut-pivotant-horizontal-et-verticale-dr400\/"]}]},{"@type":"ImageObject","inLanguage":"fr-FR","@id":"https:\/\/innovexalgerie.com\/manutention\/produit\/positionneur-de-fut-pivotant-horizontal-et-verticale-dr400\/#primaryimage","url":"https:\/\/innovexalgerie.com\/manutention\/wp-content\/uploads\/2022\/03\/DR400-09-1.jpg","contentUrl":"https:\/\/innovexalgerie.com\/manutention\/wp-content\/uploads\/2022\/03\/DR400-09-1.jpg","width":730,"height":667},{"@type":"BreadcrumbList","@id":"https:\/\/innovexalgerie.com\/manutention\/produit\/positionneur-de-fut-pivotant-horizontal-et-verticale-dr400\/#breadcrumb","itemListElement":[{"@type":"ListItem","position":1,"name":"Accueil","item":"https:\/\/innovexalgerie.com\/manutention\/"},{"@type":"ListItem","position":2,"name":"Boutique","item":"https:\/\/innovexalgerie.com\/manutention\/boutique\/"},{"@type":"ListItem","position":3,"name":"Positionneur de f\u00fbt pivotant horizontal et verticale DR400"}]},{"@type":"WebSite","@id":"https:\/\/innovexalgerie.com\/manutention\/#website","url":"https:\/\/innovexalgerie.com\/manutention\/","name":"INNOVEX Alg\u00e9rie | Manutention","description":"Manutention","publisher":{"@id":"https:\/\/innovexalgerie.com\/manutention\/#organization"},"potentialAction":[{"@type":"SearchAction","target":{"@type":"EntryPoint","urlTemplate":"https:\/\/innovexalgerie.com\/manutention\/?s={search_term_string}"},"query-input":"required name=search_term_string"}],"inLanguage":"fr-FR"},{"@type":"Organization","@id":"https:\/\/innovexalgerie.com\/manutention\/#organization","name":"INNOVEX Alg\u00e9rie | Manutention","url":"https:\/\/innovexalgerie.com\/manutention\/","logo":{"@type":"ImageObject","inLanguage":"fr-FR","@id":"https:\/\/innovexalgerie.com\/manutention\/#\/schema\/logo\/image\/","url":"https:\/\/innovexalgerie.com\/manutention\/wp-content\/uploads\/2022\/03\/innovex_manutention_logo.svg","contentUrl":"https:\/\/innovexalgerie.com\/manutention\/wp-content\/uploads\/2022\/03\/innovex_manutention_logo.svg","width":133,"height":36,"caption":"INNOVEX Alg\u00e9rie | Manutention"},"image":{"@id":"https:\/\/innovexalgerie.com\/manutention\/#\/schema\/logo\/image\/"}}]}},"_links":{"self":[{"href":"https:\/\/innovexalgerie.com\/manutention\/wp-json\/wp\/v2\/product\/318","targetHints":{"allow":["GET"]}}],"collection":[{"href":"https:\/\/innovexalgerie.com\/manutention\/wp-json\/wp\/v2\/product"}],"about":[{"href":"https:\/\/innovexalgerie.com\/manutention\/wp-json\/wp\/v2\/types\/product"}],"wp:featuredmedia":[{"embeddable":true,"href":"https:\/\/innovexalgerie.com\/manutention\/wp-json\/wp\/v2\/media\/344"}],"wp:attachment":[{"href":"https:\/\/innovexalgerie.com\/manutention\/wp-json\/wp\/v2\/media?parent=318"}],"wp:term":[{"taxonomy":"product_cat","embeddable":true,"href":"https:\/\/innovexalgerie.com\/manutention\/wp-json\/wp\/v2\/product_cat?post=318"},{"taxonomy":"product_tag","embeddable":true,"href":"https:\/\/innovexalgerie.com\/manutention\/wp-json\/wp\/v2\/product_tag?post=318"}],"curies":[{"name":"wp","href":"https:\/\/api.w.org\/{rel}","templated":true}]}}