{"id":3389,"date":"2023-12-12T13:47:14","date_gmt":"2023-12-12T12:47:14","guid":{"rendered":"https:\/\/innovexalgerie.com\/manutention\/?post_type=product&#038;p=3389"},"modified":"2025-12-09T18:08:48","modified_gmt":"2025-12-09T17:08:48","slug":"gerbeur-electrique-pse12b-2","status":"publish","type":"product","link":"https:\/\/innovexalgerie.com\/manutention\/produit\/gerbeur-electrique-pse12b-2\/","title":{"rendered":"Gerbeur \u00e9lectrique \u00e9conomique PSE 12B"},"content":{"rendered":"<p><span style=\"font-weight: 400;\">Le gerbeur \u00e9lectrique \u00e9conomique <\/span><b>PSE 12B <\/b><span style=\"font-weight: 400;\">est tr\u00e8s utile pour la manutention des entrep\u00f4ts. Il supporte une capacit\u00e9 de charge de 1.2 Tonnes et une hauteur de levage maximale de 2900 mm. Il dispose de batterie AGM 24V (2x12V), et une capacit\u00e9 de 85 Ah, assurant une longue dur\u00e9e d\u2019utilisation.<\/span><\/p>\n","protected":false},"excerpt":{"rendered":"<p style=\"text-align: left;\"><span style=\"font-weight: 400;\">Le gerbeur \u00e9lectrique \u00e9conomique <\/span><b>PSE 12B, <\/b><span style=\"font-weight: 400;\">est une solution pratique et efficace pour l<\/span><span style=\"font-weight: 400;\">es op\u00e9rations de magasinage dans les entrep\u00f4ts et les usines<\/span><span style=\"font-weight: 400;\">.<\/span><\/p>\n","protected":false},"featured_media":338,"template":"","meta":{"_monsterinsights_skip_tracking":false,"_monsterinsights_sitenote_active":false,"_monsterinsights_sitenote_note":"","_monsterinsights_sitenote_category":0},"product_cat":[17],"product_tag":[43],"class_list":["post-3389","product","type-product","status-publish","has-post-thumbnail","hentry","product_cat-gerbeurs-electrique","product_tag-gerbeur"],"acf":[],"yoast_head":"<!-- This site is optimized with the Yoast SEO plugin v22.6 - https:\/\/yoast.com\/wordpress\/plugins\/seo\/ -->\n<title>Gerbeur \u00e9lectrique \u00e9conomique PSE 12B - INNOVEX Alg\u00e9rie | Manutention<\/title>\n<meta name=\"robots\" content=\"index, follow, max-snippet:-1, max-image-preview:large, max-video-preview:-1\" \/>\n<link rel=\"canonical\" href=\"https:\/\/innovexalgerie.com\/manutention\/produit\/gerbeur-electrique-pse12b-2\/\" \/>\n<meta property=\"og:locale\" content=\"fr_FR\" \/>\n<meta property=\"og:type\" content=\"article\" \/>\n<meta property=\"og:title\" content=\"Gerbeur \u00e9lectrique \u00e9conomique PSE 12B - INNOVEX Alg\u00e9rie | Manutention\" \/>\n<meta property=\"og:description\" content=\"Le gerbeur \u00e9lectrique \u00e9conomique PSE 12B, est une solution pratique et efficace pour les op\u00e9rations de magasinage dans les entrep\u00f4ts et les usines.\" \/>\n<meta property=\"og:url\" content=\"https:\/\/innovexalgerie.com\/manutention\/produit\/gerbeur-electrique-pse12b-2\/\" \/>\n<meta property=\"og:site_name\" content=\"INNOVEX Alg\u00e9rie | Manutention\" \/>\n<meta property=\"article:modified_time\" content=\"2025-12-09T17:08:48+00:00\" \/>\n<meta property=\"og:image\" content=\"https:\/\/innovexalgerie.com\/manutention\/wp-content\/uploads\/2022\/03\/Gerbeur-PSE12B-01.jpg\" \/>\n\t<meta property=\"og:image:width\" content=\"1000\" \/>\n\t<meta property=\"og:image:height\" content=\"1000\" \/>\n\t<meta property=\"og:image:type\" content=\"image\/jpeg\" \/>\n<meta name=\"twitter:card\" content=\"summary_large_image\" \/>\n<meta name=\"twitter:label1\" content=\"Dur\u00e9e de lecture estim\u00e9e\" \/>\n\t<meta name=\"twitter:data1\" content=\"1 minute\" \/>\n<script type=\"application\/ld+json\" class=\"yoast-schema-graph\">{\"@context\":\"https:\/\/schema.org\",\"@graph\":[{\"@type\":\"WebPage\",\"@id\":\"https:\/\/innovexalgerie.com\/manutention\/produit\/gerbeur-electrique-pse12b-2\/\",\"url\":\"https:\/\/innovexalgerie.com\/manutention\/produit\/gerbeur-electrique-pse12b-2\/\",\"name\":\"Gerbeur \u00e9lectrique \u00e9conomique PSE 12B - INNOVEX Alg\u00e9rie | Manutention\",\"isPartOf\":{\"@id\":\"https:\/\/innovexalgerie.com\/manutention\/#website\"},\"primaryImageOfPage\":{\"@id\":\"https:\/\/innovexalgerie.com\/manutention\/produit\/gerbeur-electrique-pse12b-2\/#primaryimage\"},\"image\":{\"@id\":\"https:\/\/innovexalgerie.com\/manutention\/produit\/gerbeur-electrique-pse12b-2\/#primaryimage\"},\"thumbnailUrl\":\"https:\/\/innovexalgerie.com\/manutention\/wp-content\/uploads\/2022\/03\/Gerbeur-PSE12B-01.jpg\",\"datePublished\":\"2023-12-12T12:47:14+00:00\",\"dateModified\":\"2025-12-09T17:08:48+00:00\",\"breadcrumb\":{\"@id\":\"https:\/\/innovexalgerie.com\/manutention\/produit\/gerbeur-electrique-pse12b-2\/#breadcrumb\"},\"inLanguage\":\"fr-FR\",\"potentialAction\":[{\"@type\":\"ReadAction\",\"target\":[\"https:\/\/innovexalgerie.com\/manutention\/produit\/gerbeur-electrique-pse12b-2\/\"]}]},{\"@type\":\"ImageObject\",\"inLanguage\":\"fr-FR\",\"@id\":\"https:\/\/innovexalgerie.com\/manutention\/produit\/gerbeur-electrique-pse12b-2\/#primaryimage\",\"url\":\"https:\/\/innovexalgerie.com\/manutention\/wp-content\/uploads\/2022\/03\/Gerbeur-PSE12B-01.jpg\",\"contentUrl\":\"https:\/\/innovexalgerie.com\/manutention\/wp-content\/uploads\/2022\/03\/Gerbeur-PSE12B-01.jpg\",\"width\":1000,\"height\":1000},{\"@type\":\"BreadcrumbList\",\"@id\":\"https:\/\/innovexalgerie.com\/manutention\/produit\/gerbeur-electrique-pse12b-2\/#breadcrumb\",\"itemListElement\":[{\"@type\":\"ListItem\",\"position\":1,\"name\":\"Accueil\",\"item\":\"https:\/\/innovexalgerie.com\/manutention\/\"},{\"@type\":\"ListItem\",\"position\":2,\"name\":\"Boutique\",\"item\":\"https:\/\/innovexalgerie.com\/manutention\/boutique\/\"},{\"@type\":\"ListItem\",\"position\":3,\"name\":\"Gerbeur Electrique PSE 12B\"}]},{\"@type\":\"WebSite\",\"@id\":\"https:\/\/innovexalgerie.com\/manutention\/#website\",\"url\":\"https:\/\/innovexalgerie.com\/manutention\/\",\"name\":\"INNOVEX Alg\u00e9rie | Manutention\",\"description\":\"Manutention\",\"publisher\":{\"@id\":\"https:\/\/innovexalgerie.com\/manutention\/#organization\"},\"potentialAction\":[{\"@type\":\"SearchAction\",\"target\":{\"@type\":\"EntryPoint\",\"urlTemplate\":\"https:\/\/innovexalgerie.com\/manutention\/?s={search_term_string}\"},\"query-input\":\"required name=search_term_string\"}],\"inLanguage\":\"fr-FR\"},{\"@type\":\"Organization\",\"@id\":\"https:\/\/innovexalgerie.com\/manutention\/#organization\",\"name\":\"INNOVEX Alg\u00e9rie | Manutention\",\"url\":\"https:\/\/innovexalgerie.com\/manutention\/\",\"logo\":{\"@type\":\"ImageObject\",\"inLanguage\":\"fr-FR\",\"@id\":\"https:\/\/innovexalgerie.com\/manutention\/#\/schema\/logo\/image\/\",\"url\":\"https:\/\/innovexalgerie.com\/manutention\/wp-content\/uploads\/2022\/03\/innovex_manutention_logo.svg\",\"contentUrl\":\"https:\/\/innovexalgerie.com\/manutention\/wp-content\/uploads\/2022\/03\/innovex_manutention_logo.svg\",\"width\":133,\"height\":36,\"caption\":\"INNOVEX Alg\u00e9rie | Manutention\"},\"image\":{\"@id\":\"https:\/\/innovexalgerie.com\/manutention\/#\/schema\/logo\/image\/\"}}]}<\/script>\n<!-- \/ Yoast SEO plugin. -->","yoast_head_json":{"title":"Gerbeur \u00e9lectrique \u00e9conomique PSE 12B - INNOVEX Alg\u00e9rie | Manutention","robots":{"index":"index","follow":"follow","max-snippet":"max-snippet:-1","max-image-preview":"max-image-preview:large","max-video-preview":"max-video-preview:-1"},"canonical":"https:\/\/innovexalgerie.com\/manutention\/produit\/gerbeur-electrique-pse12b-2\/","og_locale":"fr_FR","og_type":"article","og_title":"Gerbeur \u00e9lectrique \u00e9conomique PSE 12B - INNOVEX Alg\u00e9rie | Manutention","og_description":"Le gerbeur \u00e9lectrique \u00e9conomique PSE 12B, est une solution pratique et efficace pour les op\u00e9rations de magasinage dans les entrep\u00f4ts et les usines.","og_url":"https:\/\/innovexalgerie.com\/manutention\/produit\/gerbeur-electrique-pse12b-2\/","og_site_name":"INNOVEX Alg\u00e9rie | Manutention","article_modified_time":"2025-12-09T17:08:48+00:00","og_image":[{"width":1000,"height":1000,"url":"https:\/\/innovexalgerie.com\/manutention\/wp-content\/uploads\/2022\/03\/Gerbeur-PSE12B-01.jpg","type":"image\/jpeg"}],"twitter_card":"summary_large_image","twitter_misc":{"Dur\u00e9e de lecture estim\u00e9e":"1 minute"},"schema":{"@context":"https:\/\/schema.org","@graph":[{"@type":"WebPage","@id":"https:\/\/innovexalgerie.com\/manutention\/produit\/gerbeur-electrique-pse12b-2\/","url":"https:\/\/innovexalgerie.com\/manutention\/produit\/gerbeur-electrique-pse12b-2\/","name":"Gerbeur \u00e9lectrique \u00e9conomique PSE 12B - INNOVEX Alg\u00e9rie | Manutention","isPartOf":{"@id":"https:\/\/innovexalgerie.com\/manutention\/#website"},"primaryImageOfPage":{"@id":"https:\/\/innovexalgerie.com\/manutention\/produit\/gerbeur-electrique-pse12b-2\/#primaryimage"},"image":{"@id":"https:\/\/innovexalgerie.com\/manutention\/produit\/gerbeur-electrique-pse12b-2\/#primaryimage"},"thumbnailUrl":"https:\/\/innovexalgerie.com\/manutention\/wp-content\/uploads\/2022\/03\/Gerbeur-PSE12B-01.jpg","datePublished":"2023-12-12T12:47:14+00:00","dateModified":"2025-12-09T17:08:48+00:00","breadcrumb":{"@id":"https:\/\/innovexalgerie.com\/manutention\/produit\/gerbeur-electrique-pse12b-2\/#breadcrumb"},"inLanguage":"fr-FR","potentialAction":[{"@type":"ReadAction","target":["https:\/\/innovexalgerie.com\/manutention\/produit\/gerbeur-electrique-pse12b-2\/"]}]},{"@type":"ImageObject","inLanguage":"fr-FR","@id":"https:\/\/innovexalgerie.com\/manutention\/produit\/gerbeur-electrique-pse12b-2\/#primaryimage","url":"https:\/\/innovexalgerie.com\/manutention\/wp-content\/uploads\/2022\/03\/Gerbeur-PSE12B-01.jpg","contentUrl":"https:\/\/innovexalgerie.com\/manutention\/wp-content\/uploads\/2022\/03\/Gerbeur-PSE12B-01.jpg","width":1000,"height":1000},{"@type":"BreadcrumbList","@id":"https:\/\/innovexalgerie.com\/manutention\/produit\/gerbeur-electrique-pse12b-2\/#breadcrumb","itemListElement":[{"@type":"ListItem","position":1,"name":"Accueil","item":"https:\/\/innovexalgerie.com\/manutention\/"},{"@type":"ListItem","position":2,"name":"Boutique","item":"https:\/\/innovexalgerie.com\/manutention\/boutique\/"},{"@type":"ListItem","position":3,"name":"Gerbeur Electrique PSE 12B"}]},{"@type":"WebSite","@id":"https:\/\/innovexalgerie.com\/manutention\/#website","url":"https:\/\/innovexalgerie.com\/manutention\/","name":"INNOVEX Alg\u00e9rie | Manutention","description":"Manutention","publisher":{"@id":"https:\/\/innovexalgerie.com\/manutention\/#organization"},"potentialAction":[{"@type":"SearchAction","target":{"@type":"EntryPoint","urlTemplate":"https:\/\/innovexalgerie.com\/manutention\/?s={search_term_string}"},"query-input":"required name=search_term_string"}],"inLanguage":"fr-FR"},{"@type":"Organization","@id":"https:\/\/innovexalgerie.com\/manutention\/#organization","name":"INNOVEX Alg\u00e9rie | Manutention","url":"https:\/\/innovexalgerie.com\/manutention\/","logo":{"@type":"ImageObject","inLanguage":"fr-FR","@id":"https:\/\/innovexalgerie.com\/manutention\/#\/schema\/logo\/image\/","url":"https:\/\/innovexalgerie.com\/manutention\/wp-content\/uploads\/2022\/03\/innovex_manutention_logo.svg","contentUrl":"https:\/\/innovexalgerie.com\/manutention\/wp-content\/uploads\/2022\/03\/innovex_manutention_logo.svg","width":133,"height":36,"caption":"INNOVEX Alg\u00e9rie | Manutention"},"image":{"@id":"https:\/\/innovexalgerie.com\/manutention\/#\/schema\/logo\/image\/"}}]}},"_links":{"self":[{"href":"https:\/\/innovexalgerie.com\/manutention\/wp-json\/wp\/v2\/product\/3389","targetHints":{"allow":["GET"]}}],"collection":[{"href":"https:\/\/innovexalgerie.com\/manutention\/wp-json\/wp\/v2\/product"}],"about":[{"href":"https:\/\/innovexalgerie.com\/manutention\/wp-json\/wp\/v2\/types\/product"}],"wp:featuredmedia":[{"embeddable":true,"href":"https:\/\/innovexalgerie.com\/manutention\/wp-json\/wp\/v2\/media\/338"}],"wp:attachment":[{"href":"https:\/\/innovexalgerie.com\/manutention\/wp-json\/wp\/v2\/media?parent=3389"}],"wp:term":[{"taxonomy":"product_cat","embeddable":true,"href":"https:\/\/innovexalgerie.com\/manutention\/wp-json\/wp\/v2\/product_cat?post=3389"},{"taxonomy":"product_tag","embeddable":true,"href":"https:\/\/innovexalgerie.com\/manutention\/wp-json\/wp\/v2\/product_tag?post=3389"}],"curies":[{"name":"wp","href":"https:\/\/api.w.org\/{rel}","templated":true}]}}