{"id":3422,"date":"2023-12-17T15:50:12","date_gmt":"2023-12-17T14:50:12","guid":{"rendered":"https:\/\/innovexalgerie.com\/manutention\/?post_type=product&#038;p=3422"},"modified":"2024-09-03T11:34:04","modified_gmt":"2024-09-03T10:34:04","slug":"nacelle-a-ciseaux-semi-electrique-nbt05-14","status":"publish","type":"product","link":"https:\/\/innovexalgerie.com\/manutention\/produit\/nacelle-a-ciseaux-semi-electrique-nbt05-14\/","title":{"rendered":"Nacelle \u00e0 ciseaux semi \u00e9lectrique NBT05-14"},"content":{"rendered":"<p>Nacelle \u00e0 ciseau semi \u00e9lectrique <strong>NBT05-14 <\/strong>permet un d\u00e9placement \u00e9lectrique, et de levage par batterie et aussi par prise \u00e9lectrique de 380V en cas d\u2019abscense de la batterie.<\/p>\n<p>Largement utilis\u00e9e pour les op\u00e9rations d&rsquo;entretien et de r\u00e9parations en hauteur dans des lieux exigus.<\/p>\n<p>Quelques applications :<\/p>\n<ul>\n<li>Pose et installations \u00e9clairage, climatisation, installation \u00e9lectrique-hydraulique-incendie.<\/li>\n<li>\u00a0Restauration, isolation, s\u00e9curit\u00e9 b\u00e2timents.<\/li>\n<li>\u00a0Stockage, logistique, gestion des stocks, rayonnage.<\/li>\n<li>\u00a0Nettoyage.<\/li>\n<li>\u00a0Peinture &#8230;<\/li>\n<\/ul>\n","protected":false},"excerpt":{"rendered":"<p>Nacelle \u00e0 ciseau semi \u00e9lectrique permet un d\u00e9placement \u00e9lectrique, et de levage par batterie et aussi par prise \u00e9lectrique de 380V en cas d\u2019abscense de la batterie.<\/p>\n","protected":false},"featured_media":2691,"template":"","meta":{"_monsterinsights_skip_tracking":false,"_monsterinsights_sitenote_active":false,"_monsterinsights_sitenote_note":"","_monsterinsights_sitenote_category":0},"product_cat":[62,23],"product_tag":[42],"class_list":["post-3422","product","type-product","status-publish","has-post-thumbnail","hentry","product_cat-nacelle","product_cat-accessoires","product_tag-nacelle"],"acf":[],"yoast_head":"<!-- This site is optimized with the Yoast SEO plugin v22.6 - https:\/\/yoast.com\/wordpress\/plugins\/seo\/ -->\n<title>Nacelle \u00e0 ciseaux semi \u00e9lectrique NBT05-14 - INNOVEX Alg\u00e9rie | Manutention<\/title>\n<meta name=\"robots\" content=\"index, follow, max-snippet:-1, max-image-preview:large, max-video-preview:-1\" \/>\n<link rel=\"canonical\" href=\"https:\/\/innovexalgerie.com\/manutention\/produit\/nacelle-a-ciseaux-semi-electrique-nbt05-14\/\" \/>\n<meta property=\"og:locale\" content=\"fr_FR\" \/>\n<meta property=\"og:type\" content=\"article\" \/>\n<meta property=\"og:title\" content=\"Nacelle \u00e0 ciseaux semi \u00e9lectrique NBT05-14 - INNOVEX Alg\u00e9rie | Manutention\" \/>\n<meta property=\"og:description\" content=\"Nacelle \u00e0 ciseau semi \u00e9lectrique permet un d\u00e9placement \u00e9lectrique, et de levage par batterie et aussi par prise \u00e9lectrique de 380V en cas d\u2019abscense de la batterie.\" \/>\n<meta property=\"og:url\" content=\"https:\/\/innovexalgerie.com\/manutention\/produit\/nacelle-a-ciseaux-semi-electrique-nbt05-14\/\" \/>\n<meta property=\"og:site_name\" content=\"INNOVEX Alg\u00e9rie | Manutention\" \/>\n<meta property=\"article:modified_time\" content=\"2024-09-03T10:34:04+00:00\" \/>\n<meta property=\"og:image\" content=\"https:\/\/innovexalgerie.com\/manutention\/wp-content\/uploads\/2023\/04\/NACELLE-WLY-10M.jpg\" \/>\n\t<meta property=\"og:image:width\" content=\"1000\" \/>\n\t<meta property=\"og:image:height\" content=\"1000\" \/>\n\t<meta property=\"og:image:type\" content=\"image\/jpeg\" \/>\n<meta name=\"twitter:card\" content=\"summary_large_image\" \/>\n<meta name=\"twitter:label1\" content=\"Dur\u00e9e de lecture estim\u00e9e\" \/>\n\t<meta name=\"twitter:data1\" content=\"1 minute\" \/>\n<script type=\"application\/ld+json\" class=\"yoast-schema-graph\">{\"@context\":\"https:\/\/schema.org\",\"@graph\":[{\"@type\":\"WebPage\",\"@id\":\"https:\/\/innovexalgerie.com\/manutention\/produit\/nacelle-a-ciseaux-semi-electrique-nbt05-14\/\",\"url\":\"https:\/\/innovexalgerie.com\/manutention\/produit\/nacelle-a-ciseaux-semi-electrique-nbt05-14\/\",\"name\":\"Nacelle \u00e0 ciseaux semi \u00e9lectrique NBT05-14 - INNOVEX Alg\u00e9rie | Manutention\",\"isPartOf\":{\"@id\":\"https:\/\/innovexalgerie.com\/manutention\/#website\"},\"primaryImageOfPage\":{\"@id\":\"https:\/\/innovexalgerie.com\/manutention\/produit\/nacelle-a-ciseaux-semi-electrique-nbt05-14\/#primaryimage\"},\"image\":{\"@id\":\"https:\/\/innovexalgerie.com\/manutention\/produit\/nacelle-a-ciseaux-semi-electrique-nbt05-14\/#primaryimage\"},\"thumbnailUrl\":\"https:\/\/innovexalgerie.com\/manutention\/wp-content\/uploads\/2023\/04\/NACELLE-WLY-10M.jpg\",\"datePublished\":\"2023-12-17T14:50:12+00:00\",\"dateModified\":\"2024-09-03T10:34:04+00:00\",\"breadcrumb\":{\"@id\":\"https:\/\/innovexalgerie.com\/manutention\/produit\/nacelle-a-ciseaux-semi-electrique-nbt05-14\/#breadcrumb\"},\"inLanguage\":\"fr-FR\",\"potentialAction\":[{\"@type\":\"ReadAction\",\"target\":[\"https:\/\/innovexalgerie.com\/manutention\/produit\/nacelle-a-ciseaux-semi-electrique-nbt05-14\/\"]}]},{\"@type\":\"ImageObject\",\"inLanguage\":\"fr-FR\",\"@id\":\"https:\/\/innovexalgerie.com\/manutention\/produit\/nacelle-a-ciseaux-semi-electrique-nbt05-14\/#primaryimage\",\"url\":\"https:\/\/innovexalgerie.com\/manutention\/wp-content\/uploads\/2023\/04\/NACELLE-WLY-10M.jpg\",\"contentUrl\":\"https:\/\/innovexalgerie.com\/manutention\/wp-content\/uploads\/2023\/04\/NACELLE-WLY-10M.jpg\",\"width\":1000,\"height\":1000},{\"@type\":\"BreadcrumbList\",\"@id\":\"https:\/\/innovexalgerie.com\/manutention\/produit\/nacelle-a-ciseaux-semi-electrique-nbt05-14\/#breadcrumb\",\"itemListElement\":[{\"@type\":\"ListItem\",\"position\":1,\"name\":\"Accueil\",\"item\":\"https:\/\/innovexalgerie.com\/manutention\/\"},{\"@type\":\"ListItem\",\"position\":2,\"name\":\"Boutique\",\"item\":\"https:\/\/innovexalgerie.com\/manutention\/boutique\/\"},{\"@type\":\"ListItem\",\"position\":3,\"name\":\"Nacelle \u00e0 ciseaux semi \u00e9lectrique NBT05-14\"}]},{\"@type\":\"WebSite\",\"@id\":\"https:\/\/innovexalgerie.com\/manutention\/#website\",\"url\":\"https:\/\/innovexalgerie.com\/manutention\/\",\"name\":\"INNOVEX Alg\u00e9rie | Manutention\",\"description\":\"Manutention\",\"publisher\":{\"@id\":\"https:\/\/innovexalgerie.com\/manutention\/#organization\"},\"potentialAction\":[{\"@type\":\"SearchAction\",\"target\":{\"@type\":\"EntryPoint\",\"urlTemplate\":\"https:\/\/innovexalgerie.com\/manutention\/?s={search_term_string}\"},\"query-input\":\"required name=search_term_string\"}],\"inLanguage\":\"fr-FR\"},{\"@type\":\"Organization\",\"@id\":\"https:\/\/innovexalgerie.com\/manutention\/#organization\",\"name\":\"INNOVEX Alg\u00e9rie | Manutention\",\"url\":\"https:\/\/innovexalgerie.com\/manutention\/\",\"logo\":{\"@type\":\"ImageObject\",\"inLanguage\":\"fr-FR\",\"@id\":\"https:\/\/innovexalgerie.com\/manutention\/#\/schema\/logo\/image\/\",\"url\":\"https:\/\/innovexalgerie.com\/manutention\/wp-content\/uploads\/2022\/03\/innovex_manutention_logo.svg\",\"contentUrl\":\"https:\/\/innovexalgerie.com\/manutention\/wp-content\/uploads\/2022\/03\/innovex_manutention_logo.svg\",\"width\":133,\"height\":36,\"caption\":\"INNOVEX Alg\u00e9rie | Manutention\"},\"image\":{\"@id\":\"https:\/\/innovexalgerie.com\/manutention\/#\/schema\/logo\/image\/\"}}]}<\/script>\n<!-- \/ Yoast SEO plugin. -->","yoast_head_json":{"title":"Nacelle \u00e0 ciseaux semi \u00e9lectrique NBT05-14 - INNOVEX Alg\u00e9rie | Manutention","robots":{"index":"index","follow":"follow","max-snippet":"max-snippet:-1","max-image-preview":"max-image-preview:large","max-video-preview":"max-video-preview:-1"},"canonical":"https:\/\/innovexalgerie.com\/manutention\/produit\/nacelle-a-ciseaux-semi-electrique-nbt05-14\/","og_locale":"fr_FR","og_type":"article","og_title":"Nacelle \u00e0 ciseaux semi \u00e9lectrique NBT05-14 - INNOVEX Alg\u00e9rie | Manutention","og_description":"Nacelle \u00e0 ciseau semi \u00e9lectrique permet un d\u00e9placement \u00e9lectrique, et de levage par batterie et aussi par prise \u00e9lectrique de 380V en cas d\u2019abscense de la batterie.","og_url":"https:\/\/innovexalgerie.com\/manutention\/produit\/nacelle-a-ciseaux-semi-electrique-nbt05-14\/","og_site_name":"INNOVEX Alg\u00e9rie | Manutention","article_modified_time":"2024-09-03T10:34:04+00:00","og_image":[{"width":1000,"height":1000,"url":"https:\/\/innovexalgerie.com\/manutention\/wp-content\/uploads\/2023\/04\/NACELLE-WLY-10M.jpg","type":"image\/jpeg"}],"twitter_card":"summary_large_image","twitter_misc":{"Dur\u00e9e de lecture estim\u00e9e":"1 minute"},"schema":{"@context":"https:\/\/schema.org","@graph":[{"@type":"WebPage","@id":"https:\/\/innovexalgerie.com\/manutention\/produit\/nacelle-a-ciseaux-semi-electrique-nbt05-14\/","url":"https:\/\/innovexalgerie.com\/manutention\/produit\/nacelle-a-ciseaux-semi-electrique-nbt05-14\/","name":"Nacelle \u00e0 ciseaux semi \u00e9lectrique NBT05-14 - INNOVEX Alg\u00e9rie | Manutention","isPartOf":{"@id":"https:\/\/innovexalgerie.com\/manutention\/#website"},"primaryImageOfPage":{"@id":"https:\/\/innovexalgerie.com\/manutention\/produit\/nacelle-a-ciseaux-semi-electrique-nbt05-14\/#primaryimage"},"image":{"@id":"https:\/\/innovexalgerie.com\/manutention\/produit\/nacelle-a-ciseaux-semi-electrique-nbt05-14\/#primaryimage"},"thumbnailUrl":"https:\/\/innovexalgerie.com\/manutention\/wp-content\/uploads\/2023\/04\/NACELLE-WLY-10M.jpg","datePublished":"2023-12-17T14:50:12+00:00","dateModified":"2024-09-03T10:34:04+00:00","breadcrumb":{"@id":"https:\/\/innovexalgerie.com\/manutention\/produit\/nacelle-a-ciseaux-semi-electrique-nbt05-14\/#breadcrumb"},"inLanguage":"fr-FR","potentialAction":[{"@type":"ReadAction","target":["https:\/\/innovexalgerie.com\/manutention\/produit\/nacelle-a-ciseaux-semi-electrique-nbt05-14\/"]}]},{"@type":"ImageObject","inLanguage":"fr-FR","@id":"https:\/\/innovexalgerie.com\/manutention\/produit\/nacelle-a-ciseaux-semi-electrique-nbt05-14\/#primaryimage","url":"https:\/\/innovexalgerie.com\/manutention\/wp-content\/uploads\/2023\/04\/NACELLE-WLY-10M.jpg","contentUrl":"https:\/\/innovexalgerie.com\/manutention\/wp-content\/uploads\/2023\/04\/NACELLE-WLY-10M.jpg","width":1000,"height":1000},{"@type":"BreadcrumbList","@id":"https:\/\/innovexalgerie.com\/manutention\/produit\/nacelle-a-ciseaux-semi-electrique-nbt05-14\/#breadcrumb","itemListElement":[{"@type":"ListItem","position":1,"name":"Accueil","item":"https:\/\/innovexalgerie.com\/manutention\/"},{"@type":"ListItem","position":2,"name":"Boutique","item":"https:\/\/innovexalgerie.com\/manutention\/boutique\/"},{"@type":"ListItem","position":3,"name":"Nacelle \u00e0 ciseaux semi \u00e9lectrique NBT05-14"}]},{"@type":"WebSite","@id":"https:\/\/innovexalgerie.com\/manutention\/#website","url":"https:\/\/innovexalgerie.com\/manutention\/","name":"INNOVEX Alg\u00e9rie | Manutention","description":"Manutention","publisher":{"@id":"https:\/\/innovexalgerie.com\/manutention\/#organization"},"potentialAction":[{"@type":"SearchAction","target":{"@type":"EntryPoint","urlTemplate":"https:\/\/innovexalgerie.com\/manutention\/?s={search_term_string}"},"query-input":"required name=search_term_string"}],"inLanguage":"fr-FR"},{"@type":"Organization","@id":"https:\/\/innovexalgerie.com\/manutention\/#organization","name":"INNOVEX Alg\u00e9rie | Manutention","url":"https:\/\/innovexalgerie.com\/manutention\/","logo":{"@type":"ImageObject","inLanguage":"fr-FR","@id":"https:\/\/innovexalgerie.com\/manutention\/#\/schema\/logo\/image\/","url":"https:\/\/innovexalgerie.com\/manutention\/wp-content\/uploads\/2022\/03\/innovex_manutention_logo.svg","contentUrl":"https:\/\/innovexalgerie.com\/manutention\/wp-content\/uploads\/2022\/03\/innovex_manutention_logo.svg","width":133,"height":36,"caption":"INNOVEX Alg\u00e9rie | Manutention"},"image":{"@id":"https:\/\/innovexalgerie.com\/manutention\/#\/schema\/logo\/image\/"}}]}},"_links":{"self":[{"href":"https:\/\/innovexalgerie.com\/manutention\/wp-json\/wp\/v2\/product\/3422","targetHints":{"allow":["GET"]}}],"collection":[{"href":"https:\/\/innovexalgerie.com\/manutention\/wp-json\/wp\/v2\/product"}],"about":[{"href":"https:\/\/innovexalgerie.com\/manutention\/wp-json\/wp\/v2\/types\/product"}],"wp:featuredmedia":[{"embeddable":true,"href":"https:\/\/innovexalgerie.com\/manutention\/wp-json\/wp\/v2\/media\/2691"}],"wp:attachment":[{"href":"https:\/\/innovexalgerie.com\/manutention\/wp-json\/wp\/v2\/media?parent=3422"}],"wp:term":[{"taxonomy":"product_cat","embeddable":true,"href":"https:\/\/innovexalgerie.com\/manutention\/wp-json\/wp\/v2\/product_cat?post=3422"},{"taxonomy":"product_tag","embeddable":true,"href":"https:\/\/innovexalgerie.com\/manutention\/wp-json\/wp\/v2\/product_tag?post=3422"}],"curies":[{"name":"wp","href":"https:\/\/api.w.org\/{rel}","templated":true}]}}